{"id":3556,"date":"2025-05-22T23:06:21","date_gmt":"2025-05-22T23:06:21","guid":{"rendered":"https:\/\/wisecnclaser.com\/?post_type=product&#038;p=3556"},"modified":"2025-05-22T23:06:21","modified_gmt":"2025-05-22T23:06:21","slug":"linear-atc-nesting-cnc-router","status":"publish","type":"product","link":"https:\/\/wisecnclaser.com\/pt\/produto\/linear-atc-nesting-cnc-router\/","title":{"rendered":"Tupia CNC de encaixe linear ATC"},"content":{"rendered":"<p><strong>Carater\u00edsticas:<\/strong><\/p>\n<p>1. Todo o corpo da m\u00e1quina \u00e9 feito de a\u00e7o sem costura para soldadura, tratamento de envelhecimento por t\u00eampera, r\u00edgido, sem deforma\u00e7\u00e3o.<\/p>\n<p>2. Servo motor, alta precis\u00e3o e alta velocidade.<\/p>\n<p>3. Taiwan 25 guia de carril quadrado, funcionamento suave, alta precis\u00e3o, longa vida \u00fatil.<\/p>\n<p>4. HQD 9KW eixo de refrigera\u00e7\u00e3o a ar, longa vida \u00fatil, velocidade at\u00e9 18000 r \/ min, superf\u00edcie lisa esculpida.<\/p>\n<p>5. Grande equipado com um arm\u00e1rio separado, opera\u00e7\u00e3o de teclado dividido, opera\u00e7\u00e3o de teclado dividido, simples e conveniente, f\u00e1cil de aprender.<\/p>\n<p>6. Com sistema de v\u00e1cuo, o sistema de v\u00e1cuo pode ser aspirado no processo de processamento de aparas de madeira e detritos, para manter a mesa limpa e a manuten\u00e7\u00e3o indireta do equipamento.<\/p>\n<p><strong>\u00a0<\/strong><\/p>\n<p><strong>Aplica\u00e7\u00e3o:<\/strong><\/p>\n<p>Adequado para carpintaria, portas de madeira, mobili\u00e1rio, arm\u00e1rios, moldes, m\u00f3veis de painel, etc.<\/p>\n<p>&nbsp;<\/p>\n<table border=\"1\" width=\"662\">\n<tbody>\n<tr class=\"firstRow\">\n<td colspan=\"2\" valign=\"center\" width=\"662\"><strong>Descri\u00e7\u00e3o e especifica\u00e7\u00f5es da fresadora CNC ATC:<\/strong><\/td>\n<\/tr>\n<tr>\n<td valign=\"top\" width=\"331\">Modelo<\/td>\n<td valign=\"top\" width=\"331\">WS1325H<\/td>\n<\/tr>\n<tr>\n<td valign=\"top\" width=\"331\">X \u00c1rea de trabalho<\/td>\n<td valign=\"top\" width=\"331\">1300mm<\/td>\n<\/tr>\n<tr>\n<td valign=\"top\" width=\"331\">Y \u00c1rea de trabalho<\/td>\n<td valign=\"top\" width=\"331\">2500 mm<\/td>\n<\/tr>\n<tr>\n<td valign=\"top\" width=\"331\">Z \u00c1rea de trabalho<\/td>\n<td valign=\"top\" width=\"331\">200 mm<\/td>\n<\/tr>\n<tr>\n<td valign=\"top\" width=\"331\">Mesa da m\u00e1quina<\/td>\n<td valign=\"top\" width=\"331\">mesa de v\u00e1cuo<\/td>\n<\/tr>\n<tr>\n<td valign=\"top\" width=\"331\">Precis\u00e3o do posicionamento em viagem<\/td>\n<td valign=\"top\" width=\"331\">\u00b10,05mm<\/td>\n<\/tr>\n<tr>\n<td valign=\"top\" width=\"331\">Reposicionamento Precis\u00e3o do posicionamento<\/td>\n<td valign=\"top\" width=\"331\">\u00b10,05mm<\/td>\n<\/tr>\n<tr>\n<td valign=\"top\" width=\"331\">X,Y ,Z Estrutura<\/td>\n<td valign=\"top\" width=\"331\">Roda dentada XY, fuso de esferas Z. Todos os eixos utilizam guia quadrada<\/td>\n<\/tr>\n<tr>\n<td valign=\"top\" width=\"331\">FERRAMENTAS ATC<\/td>\n<td valign=\"top\" width=\"331\">12 FERRAMENTAS em linha<\/td>\n<\/tr>\n<tr>\n<td valign=\"top\" width=\"331\">M\u00e1ximo. Velocidade de desloca\u00e7\u00e3o r\u00e1pida<\/td>\n<td valign=\"top\" width=\"331\">50000mm\/min<\/td>\n<\/tr>\n<tr>\n<td valign=\"top\" width=\"331\">Velocidade m\u00e1x. Velocidade de trabalho<\/td>\n<td valign=\"top\" width=\"331\">25000mm\/min<\/td>\n<\/tr>\n<tr>\n<td valign=\"top\" width=\"331\">Fuso<\/td>\n<td valign=\"top\" width=\"331\">Eixo 9KW HQD ATC<\/td>\n<\/tr>\n<tr>\n<td valign=\"top\" width=\"331\">Velocidade do fuso<\/td>\n<td valign=\"top\" width=\"331\">0-18000rpm<\/td>\n<\/tr>\n<tr>\n<td valign=\"top\" width=\"331\">Motor de acionamento<\/td>\n<td valign=\"top\" width=\"331\">Servo chin\u00eas<\/td>\n<\/tr>\n<tr>\n<td valign=\"top\" width=\"331\">Comando<\/td>\n<td valign=\"top\" width=\"331\">C\u00f3digo G*.u00*.mmg*.plt<\/td>\n<\/tr>\n<tr>\n<td valign=\"top\" width=\"331\">Tens\u00e3o de funcionamento<\/td>\n<td valign=\"top\" width=\"331\">3PH AC380V\/50Hz<\/td>\n<\/tr>\n<tr>\n<td valign=\"top\" width=\"331\">Sistema de controlo<\/td>\n<td valign=\"top\" width=\"331\">Taiwan ou Ncstudio Sistema de controlo<\/td>\n<\/tr>\n<tr>\n<td valign=\"top\" width=\"331\">Carril de guia<\/td>\n<td valign=\"top\" width=\"331\">Taiwan 25 carril quadrado<\/td>\n<\/tr>\n<tr>\n<td valign=\"top\" width=\"331\">Arm\u00e1rio de controlo<\/td>\n<td valign=\"top\" width=\"331\">arm\u00e1rio de ecr\u00e3 t\u00e1til<\/td>\n<\/tr>\n<tr>\n<td valign=\"top\" width=\"331\">Sistema de lubrifica\u00e7\u00e3o<\/td>\n<td valign=\"top\" width=\"331\">Sistema de lubrifica\u00e7\u00e3o autom\u00e1tica<\/td>\n<\/tr>\n<tr>\n<td valign=\"top\" width=\"331\">Dispositivo auxiliar<\/td>\n<td valign=\"top\" width=\"331\">Pinos pop-up - para fixar o material no lugar certo, sensor de ferramenta para calibrar a mesma altura do eixo Z de cada ferramenta, coletor de p\u00f3 de 3kw, bomba de v\u00e1cuo<\/td>\n<\/tr>\n<\/tbody>\n<\/table>\n<p>&nbsp;<\/p>\n<div style=\"width: 960px;\" class=\"wp-video\"><video class=\"wp-video-shortcode\" id=\"video-3556-1\" width=\"960\" height=\"544\" preload=\"metadata\" controls=\"controls\"><source type=\"video\/mp4\" src=\"https:\/\/wisecnclaser.com\/wp-content\/uploads\/2025\/05\/1618799247906342.mp4?_=1\" \/><a href=\"https:\/\/wisecnclaser.com\/wp-content\/uploads\/2025\/05\/1618799247906342.mp4\">https:\/\/wisecnclaser.com\/wp-content\/uploads\/2025\/05\/1618799247906342.mp4<\/a><\/video><\/div>","protected":false},"excerpt":{"rendered":"<p>This wood cutting milling machine is specially developed for the door milling and panel furniture cutting.<\/p>\n<p>The automatic tool changer is equipped with a tool magazine. The tool magazine is generally 12 tools and can be loaded with 12 different tools. Any complex pattern can be completed, Especially the cabinet doors have more patterns, which need more than four tools. It is suitable for panel furniture, cabinet doors, office furniture, custom furniture, door industry and other industries.<\/p>\n<p>Applicable board: multi-layer board, particle board, ecological board, density board, wave board and other boards.<\/p>","protected":false},"featured_media":3559,"template":"","meta":{"_seopress_robots_primary_cat":"","_seopress_titles_title":"","_seopress_titles_desc":"","_seopress_robots_index":"","_uag_custom_page_level_css":"","site-sidebar-layout":"default","site-content-layout":"","ast-site-content-layout":"default","site-content-style":"default","site-sidebar-style":"default","ast-global-header-display":"","ast-banner-title-visibility":"","ast-main-header-display":"","ast-hfb-above-header-display":"","ast-hfb-below-header-display":"","ast-hfb-mobile-header-display":"","site-post-title":"","ast-breadcrumbs-content":"","ast-featured-img":"","footer-sml-layout":"","ast-disable-related-posts":"","theme-transparent-header-meta":"default","adv-header-id-meta":"","stick-header-meta":"default","header-above-stick-meta":"","header-main-stick-meta":"","header-below-stick-meta":"","astra-migrate-meta-layouts":"set","ast-page-background-enabled":"default","ast-page-background-meta":{"desktop":{"background-color":"","background-image":"","background-repeat":"repeat","background-position":"center center","background-size":"auto","background-attachment":"scroll","background-type":"","background-media":"","overlay-type":"","overlay-color":"","overlay-opacity":"","overlay-gradient":""},"tablet":{"background-color":"","background-image":"","background-repeat":"repeat","background-position":"center center","background-size":"auto","background-attachment":"scroll","background-type":"","background-media":"","overlay-type":"","overlay-color":"","overlay-opacity":"","overlay-gradient":""},"mobile":{"background-color":"","background-image":"","background-repeat":"repeat","background-position":"center center","background-size":"auto","background-attachment":"scroll","background-type":"","background-media":"","overlay-type":"","overlay-color":"","overlay-opacity":"","overlay-gradient":""}},"ast-content-background-meta":{"desktop":{"background-color":"var(--ast-global-color-5)","background-image":"","background-repeat":"repeat","background-position":"center center","background-size":"auto","background-attachment":"scroll","background-type":"","background-media":"","overlay-type":"","overlay-color":"","overlay-opacity":"","overlay-gradient":""},"tablet":{"background-color":"var(--ast-global-color-5)","background-image":"","background-repeat":"repeat","background-position":"center center","background-size":"auto","background-attachment":"scroll","background-type":"","background-media":"","overlay-type":"","overlay-color":"","overlay-opacity":"","overlay-gradient":""},"mobile":{"background-color":"var(--ast-global-color-5)","background-image":"","background-repeat":"repeat","background-position":"center center","background-size":"auto","background-attachment":"scroll","background-type":"","background-media":"","overlay-type":"","overlay-color":"","overlay-opacity":"","overlay-gradient":""}}},"product_brand":[],"product_cat":[34],"product_tag":[],"class_list":{"0":"post-3556","1":"product","2":"type-product","3":"status-publish","4":"has-post-thumbnail","6":"product_cat-nesting","7":"desktop-align-left","8":"tablet-align-left","9":"mobile-align-left","10":"ast-product-gallery-layout-horizontal-slider","11":"ast-product-gallery-with-no-image","12":"ast-product-tabs-layout-horizontal","14":"first","15":"instock","16":"shipping-taxable","17":"product-type-simple"},"uagb_featured_image_src":{"full":["https:\/\/wisecnclaser.com\/wp-content\/uploads\/2025\/05\/4161c18925d2e856cbb344b5afdaf8f9.jpg",800,800,false],"thumbnail":["https:\/\/wisecnclaser.com\/wp-content\/uploads\/2025\/05\/4161c18925d2e856cbb344b5afdaf8f9-150x150.jpg",150,150,true],"medium":["https:\/\/wisecnclaser.com\/wp-content\/uploads\/2025\/05\/4161c18925d2e856cbb344b5afdaf8f9-300x300.jpg",300,300,true],"medium_large":["https:\/\/wisecnclaser.com\/wp-content\/uploads\/2025\/05\/4161c18925d2e856cbb344b5afdaf8f9-768x768.jpg",768,768,true],"large":["https:\/\/wisecnclaser.com\/wp-content\/uploads\/2025\/05\/4161c18925d2e856cbb344b5afdaf8f9.jpg",800,800,false],"1536x1536":["https:\/\/wisecnclaser.com\/wp-content\/uploads\/2025\/05\/4161c18925d2e856cbb344b5afdaf8f9.jpg",800,800,false],"2048x2048":["https:\/\/wisecnclaser.com\/wp-content\/uploads\/2025\/05\/4161c18925d2e856cbb344b5afdaf8f9.jpg",800,800,false],"trp-custom-language-flag":["https:\/\/wisecnclaser.com\/wp-content\/uploads\/2025\/05\/4161c18925d2e856cbb344b5afdaf8f9-12x12.jpg",12,12,true],"woocommerce_thumbnail":["https:\/\/wisecnclaser.com\/wp-content\/uploads\/2025\/05\/4161c18925d2e856cbb344b5afdaf8f9-300x300.jpg",300,300,true],"woocommerce_single":["https:\/\/wisecnclaser.com\/wp-content\/uploads\/2025\/05\/4161c18925d2e856cbb344b5afdaf8f9-600x600.jpg",600,600,true],"woocommerce_gallery_thumbnail":["https:\/\/wisecnclaser.com\/wp-content\/uploads\/2025\/05\/4161c18925d2e856cbb344b5afdaf8f9-100x100.jpg",100,100,true]},"uagb_author_info":{"display_name":"jinxing6611@gmail.com","author_link":"https:\/\/wisecnclaser.com\/pt\/author\/"},"uagb_comment_info":0,"uagb_excerpt":"This wood cutting milling machine is specially developed for the door milling and panel furniture cutting. The automatic tool changer is equipped with a tool magazine. The tool magazine is generally 12 tools and can be loaded with 12 different tools. Any complex pattern can be completed, Especially the cabinet doors have more patterns, which&hellip;","_links":{"self":[{"href":"https:\/\/wisecnclaser.com\/pt\/wp-json\/wp\/v2\/product\/3556","targetHints":{"allow":["GET"]}}],"collection":[{"href":"https:\/\/wisecnclaser.com\/pt\/wp-json\/wp\/v2\/product"}],"about":[{"href":"https:\/\/wisecnclaser.com\/pt\/wp-json\/wp\/v2\/types\/product"}],"wp:featuredmedia":[{"embeddable":true,"href":"https:\/\/wisecnclaser.com\/pt\/wp-json\/wp\/v2\/media\/3559"}],"wp:attachment":[{"href":"https:\/\/wisecnclaser.com\/pt\/wp-json\/wp\/v2\/media?parent=3556"}],"wp:term":[{"taxonomy":"product_brand","embeddable":true,"href":"https:\/\/wisecnclaser.com\/pt\/wp-json\/wp\/v2\/product_brand?post=3556"},{"taxonomy":"product_cat","embeddable":true,"href":"https:\/\/wisecnclaser.com\/pt\/wp-json\/wp\/v2\/product_cat?post=3556"},{"taxonomy":"product_tag","embeddable":true,"href":"https:\/\/wisecnclaser.com\/pt\/wp-json\/wp\/v2\/product_tag?post=3556"}],"curies":[{"name":"wp","href":"https:\/\/api.w.org\/{rel}","templated":true}]}}