{"id":3569,"date":"2025-05-22T23:11:23","date_gmt":"2025-05-22T23:11:23","guid":{"rendered":"https:\/\/wisecnclaser.com\/?post_type=product&#038;p=3569"},"modified":"2025-05-22T23:11:23","modified_gmt":"2025-05-22T23:11:23","slug":"advanced-sliding-table-saw-with-auto-lifting","status":"publish","type":"product","link":"https:\/\/wisecnclaser.com\/pt\/produto\/advanced-sliding-table-saw-with-auto-lifting\/","title":{"rendered":"Serra de mesa deslizante avan\u00e7ada com eleva\u00e7\u00e3o autom\u00e1tica"},"content":{"rendered":"<p><strong>Carater\u00edsticas da serra de painel avan\u00e7ada:<\/strong><\/p>\n<p>1. bloqueio europeu passo a passo, carril de guia cromado de barra redonda espessada de camada dupla, rolamento de alta press\u00e3o, placa de corte mais precisa, melhora a vida \u00fatil e a precis\u00e3o de toda a m\u00e1quina. A estrutura de guia da barra redonda interior alargada de dupla camada de extrus\u00e3o push-pull de alta resist\u00eancia melhora a estabilidade e a precis\u00e3o de toda a m\u00e1quina.<\/p>\n<p>2. A grande Europa depende da r\u00e9gua, \u00e9 est\u00e1vel e n\u00e3o se desloca.<\/p>\n<p>Motor de cobre puro de alta pot\u00eancia, atualiza\u00e7\u00e3o da pot\u00eancia da serra principal 5.5KW, serra pequena 1.1KW, pot\u00eancia forte e longa vida \u00fatil.<\/p>\n<p>3. Estrutura de l\u00e2mina de serra dupla, divis\u00e3o clara do trabalho, serragem e tra\u00e7agem pequenas, serragem e abertura grandes, eliminando placas, rebarbas e lascas.<\/p>\n<p>4. Bancada de ferro fundido n\u00e3o deformada.<\/p>\n<p>5. Lubrificador de auto-carregamento, enchimento manual de \u00f3leo, lubrifica\u00e7\u00e3o da estrutura interna da m\u00e1quina, f\u00e1cil de manter.<\/p>\n<p><strong>Par\u00e2metros t\u00e9cnicos:<\/strong><\/p>\n<table border=\"1\">\n<tbody>\n<tr class=\"firstRow\">\n<td valign=\"top\" width=\"280\">Dimens\u00e3o da mesa deslizante<\/td>\n<td valign=\"top\" width=\"362\">2800*375mm e 3000*375mm e 3200*375mm<\/td>\n<\/tr>\n<tr>\n<td valign=\"top\" width=\"280\">Capacidade m\u00e1xima de corte<\/td>\n<td valign=\"top\" width=\"362\">2800mm e 3000mm e 3200mm<\/td>\n<\/tr>\n<tr>\n<td valign=\"top\" width=\"280\">Largura m\u00e1xima de corte (Largura de corte entre a l\u00e2mina de serra e a veda\u00e7\u00e3o de corte)<\/td>\n<td valign=\"top\" width=\"362\">1250mm<\/td>\n<\/tr>\n<tr>\n<td valign=\"top\" width=\"280\">Di\u00e2metro da l\u00e2mina de serra<\/td>\n<td valign=\"top\" width=\"362\">300 mm<\/td>\n<\/tr>\n<tr>\n<td valign=\"top\" width=\"280\">Espessura m\u00e1xima de corte<\/td>\n<td valign=\"top\" width=\"362\">75mm<\/td>\n<\/tr>\n<tr>\n<td valign=\"top\" width=\"280\">Velocidade do eixo principal da serra<\/td>\n<td valign=\"top\" width=\"362\">4000\/6000\/min<\/td>\n<\/tr>\n<tr>\n<td valign=\"top\" width=\"280\">Di\u00e2metro do eixo da serra principal<\/td>\n<td valign=\"top\" width=\"362\">30 mm<\/td>\n<\/tr>\n<tr>\n<td valign=\"top\" width=\"280\"><strong>Pot\u00eancia da serra principal<\/strong><\/td>\n<td valign=\"top\" width=\"362\"><strong>5.5KW<\/strong><\/td>\n<\/tr>\n<tr>\n<td valign=\"top\" width=\"280\">Di\u00e2metro da l\u00e2mina da serra de corte<\/td>\n<td valign=\"top\" width=\"362\">120 mm<\/td>\n<\/tr>\n<tr>\n<td valign=\"top\" width=\"280\">Velocidade da l\u00e2mina da serra de corte<\/td>\n<td valign=\"top\" width=\"362\">8000<\/td>\n<\/tr>\n<tr>\n<td valign=\"top\" width=\"280\">Di\u00e2metro da serra secund\u00e1ria<\/td>\n<td valign=\"top\" width=\"362\">120 mm<\/td>\n<\/tr>\n<tr>\n<td valign=\"top\" width=\"280\">Velocidade do fuso da serra secund\u00e1ria<\/td>\n<td valign=\"top\" width=\"362\">8000\/min<\/td>\n<\/tr>\n<tr>\n<td valign=\"top\" width=\"280\"><strong>motor de pontua\u00e7\u00e3o secund\u00e1ria<\/strong><\/td>\n<td valign=\"top\" width=\"362\"><strong>1.1KW<\/strong><\/td>\n<\/tr>\n<tr>\n<td valign=\"top\" width=\"280\">L\u00e2mina de serra basculante<\/td>\n<td valign=\"top\" width=\"362\">0-45 graus<\/td>\n<\/tr>\n<tr>\n<td valign=\"top\" width=\"280\">Peso l\u00edquido<\/td>\n<td valign=\"top\" width=\"362\">650 kg<\/td>\n<\/tr>\n<tr>\n<td valign=\"top\" width=\"280\">Tamanho total da m\u00e1quina<\/td>\n<td valign=\"top\" width=\"362\">2800*2600*950mm<\/td>\n<\/tr>\n<tr>\n<td valign=\"top\" width=\"280\">Tamanho da embalagem da m\u00e1quina<\/td>\n<td valign=\"top\" width=\"362\">2800*1100*950mm<\/td>\n<\/tr>\n<tr>\n<td valign=\"top\" width=\"280\">Pot\u00eancia<\/td>\n<td valign=\"top\" width=\"362\">380V\/220V<\/td>\n<\/tr>\n<tr>\n<td valign=\"top\" width=\"280\">Partes auxiliares ou acess\u00f3rios<\/td>\n<td valign=\"top\" width=\"362\">M\u00e1scara de seguran\u00e7a, r\u00e9gua angular, serra de corte 1 conjunto<\/td>\n<\/tr>\n<\/tbody>\n<\/table>\n<p>&nbsp;<\/p>","protected":false},"excerpt":{"rendered":"<p>Carater\u00edsticas da serra de painel avan\u00e7ada:\u00a0<\/p>\n<p>1. bloqueio europeu passo a passo, carril de guia cromado de barra redonda espessada de camada dupla, rolamento de alta press\u00e3o, placa de corte mais precisa, melhora a vida \u00fatil e a precis\u00e3o de toda a m\u00e1quina. A estrutura de guia da barra redonda interior alargada de dupla camada de extrus\u00e3o push-pull de alta resist\u00eancia melhora a estabilidade e a precis\u00e3o de toda a m\u00e1quina.<\/p>\n<p>2. A grande Europa depende da r\u00e9gua, \u00e9 est\u00e1vel e n\u00e3o se desloca.<\/p>\n<p>Motor de cobre puro de alta pot\u00eancia, atualiza\u00e7\u00e3o da pot\u00eancia da serra principal 5.5KW, serra pequena 1.1KW, pot\u00eancia forte e longa vida \u00fatil.<\/p>\n<p>3. Estrutura de l\u00e2mina de serra dupla, divis\u00e3o clara do trabalho, serragem e tra\u00e7agem pequenas, serragem e abertura grandes, eliminando placas, rebarbas e lascas.<\/p>\n<p>4. Bancada de ferro fundido n\u00e3o deformada.<\/p>\n<p>5. Lubrificador de auto-carregamento, enchimento manual de \u00f3leo, lubrifica\u00e7\u00e3o da estrutura interna da m\u00e1quina, f\u00e1cil de manter.<\/p>","protected":false},"featured_media":3572,"template":"","meta":{"_seopress_robots_primary_cat":"","_seopress_titles_title":"","_seopress_titles_desc":"","_seopress_robots_index":"","_uag_custom_page_level_css":"","site-sidebar-layout":"default","site-content-layout":"","ast-site-content-layout":"default","site-content-style":"default","site-sidebar-style":"default","ast-global-header-display":"","ast-banner-title-visibility":"","ast-main-header-display":"","ast-hfb-above-header-display":"","ast-hfb-below-header-display":"","ast-hfb-mobile-header-display":"","site-post-title":"","ast-breadcrumbs-content":"","ast-featured-img":"","footer-sml-layout":"","ast-disable-related-posts":"","theme-transparent-header-meta":"default","adv-header-id-meta":"","stick-header-meta":"default","header-above-stick-meta":"","header-main-stick-meta":"","header-below-stick-meta":"","astra-migrate-meta-layouts":"set","ast-page-background-enabled":"default","ast-page-background-meta":{"desktop":{"background-color":"","background-image":"","background-repeat":"repeat","background-position":"center center","background-size":"auto","background-attachment":"scroll","background-type":"","background-media":"","overlay-type":"","overlay-color":"","overlay-opacity":"","overlay-gradient":""},"tablet":{"background-color":"","background-image":"","background-repeat":"repeat","background-position":"center center","background-size":"auto","background-attachment":"scroll","background-type":"","background-media":"","overlay-type":"","overlay-color":"","overlay-opacity":"","overlay-gradient":""},"mobile":{"background-color":"","background-image":"","background-repeat":"repeat","background-position":"center center","background-size":"auto","background-attachment":"scroll","background-type":"","background-media":"","overlay-type":"","overlay-color":"","overlay-opacity":"","overlay-gradient":""}},"ast-content-background-meta":{"desktop":{"background-color":"var(--ast-global-color-5)","background-image":"","background-repeat":"repeat","background-position":"center center","background-size":"auto","background-attachment":"scroll","background-type":"","background-media":"","overlay-type":"","overlay-color":"","overlay-opacity":"","overlay-gradient":""},"tablet":{"background-color":"var(--ast-global-color-5)","background-image":"","background-repeat":"repeat","background-position":"center center","background-size":"auto","background-attachment":"scroll","background-type":"","background-media":"","overlay-type":"","overlay-color":"","overlay-opacity":"","overlay-gradient":""},"mobile":{"background-color":"var(--ast-global-color-5)","background-image":"","background-repeat":"repeat","background-position":"center center","background-size":"auto","background-attachment":"scroll","background-type":"","background-media":"","overlay-type":"","overlay-color":"","overlay-opacity":"","overlay-gradient":""}}},"product_brand":[],"product_cat":[39],"product_tag":[],"class_list":{"0":"post-3569","1":"product","2":"type-product","3":"status-publish","4":"has-post-thumbnail","6":"product_cat-cuttingsaw","7":"desktop-align-left","8":"tablet-align-left","9":"mobile-align-left","10":"ast-product-gallery-layout-horizontal-slider","11":"ast-product-gallery-with-no-image","12":"ast-product-tabs-layout-horizontal","14":"first","15":"instock","16":"shipping-taxable","17":"product-type-simple"},"uagb_featured_image_src":{"full":["https:\/\/wisecnclaser.com\/wp-content\/uploads\/2025\/05\/132c266c1f4e680efd22400ee3f1f6db.jpg",800,800,false],"thumbnail":["https:\/\/wisecnclaser.com\/wp-content\/uploads\/2025\/05\/132c266c1f4e680efd22400ee3f1f6db-150x150.jpg",150,150,true],"medium":["https:\/\/wisecnclaser.com\/wp-content\/uploads\/2025\/05\/132c266c1f4e680efd22400ee3f1f6db-300x300.jpg",300,300,true],"medium_large":["https:\/\/wisecnclaser.com\/wp-content\/uploads\/2025\/05\/132c266c1f4e680efd22400ee3f1f6db-768x768.jpg",768,768,true],"large":["https:\/\/wisecnclaser.com\/wp-content\/uploads\/2025\/05\/132c266c1f4e680efd22400ee3f1f6db.jpg",800,800,false],"1536x1536":["https:\/\/wisecnclaser.com\/wp-content\/uploads\/2025\/05\/132c266c1f4e680efd22400ee3f1f6db.jpg",800,800,false],"2048x2048":["https:\/\/wisecnclaser.com\/wp-content\/uploads\/2025\/05\/132c266c1f4e680efd22400ee3f1f6db.jpg",800,800,false],"trp-custom-language-flag":["https:\/\/wisecnclaser.com\/wp-content\/uploads\/2025\/05\/132c266c1f4e680efd22400ee3f1f6db-12x12.jpg",12,12,true],"woocommerce_thumbnail":["https:\/\/wisecnclaser.com\/wp-content\/uploads\/2025\/05\/132c266c1f4e680efd22400ee3f1f6db-300x300.jpg",300,300,true],"woocommerce_single":["https:\/\/wisecnclaser.com\/wp-content\/uploads\/2025\/05\/132c266c1f4e680efd22400ee3f1f6db-600x600.jpg",600,600,true],"woocommerce_gallery_thumbnail":["https:\/\/wisecnclaser.com\/wp-content\/uploads\/2025\/05\/132c266c1f4e680efd22400ee3f1f6db-100x100.jpg",100,100,true]},"uagb_author_info":{"display_name":"jinxing6611@gmail.com","author_link":"https:\/\/wisecnclaser.com\/pt\/author\/"},"uagb_comment_info":0,"uagb_excerpt":"Features of advanced panel saw:\u00a0 1.European step-by-step lock, double-layer thickened round bar chrome-plated guide rail, high pressure bearing, more accurate cutting plate, improve the life and accuracy of the whole machine. The high-strength extrusion push-pull double-layer widened inner round bar guide structure improves the stability and precision of the whole machine. 2. Big Europe depends&hellip;","_links":{"self":[{"href":"https:\/\/wisecnclaser.com\/pt\/wp-json\/wp\/v2\/product\/3569","targetHints":{"allow":["GET"]}}],"collection":[{"href":"https:\/\/wisecnclaser.com\/pt\/wp-json\/wp\/v2\/product"}],"about":[{"href":"https:\/\/wisecnclaser.com\/pt\/wp-json\/wp\/v2\/types\/product"}],"wp:featuredmedia":[{"embeddable":true,"href":"https:\/\/wisecnclaser.com\/pt\/wp-json\/wp\/v2\/media\/3572"}],"wp:attachment":[{"href":"https:\/\/wisecnclaser.com\/pt\/wp-json\/wp\/v2\/media?parent=3569"}],"wp:term":[{"taxonomy":"product_brand","embeddable":true,"href":"https:\/\/wisecnclaser.com\/pt\/wp-json\/wp\/v2\/product_brand?post=3569"},{"taxonomy":"product_cat","embeddable":true,"href":"https:\/\/wisecnclaser.com\/pt\/wp-json\/wp\/v2\/product_cat?post=3569"},{"taxonomy":"product_tag","embeddable":true,"href":"https:\/\/wisecnclaser.com\/pt\/wp-json\/wp\/v2\/product_tag?post=3569"}],"curies":[{"name":"wp","href":"https:\/\/api.w.org\/{rel}","templated":true}]}}