{"id":3577,"date":"2025-05-22T23:16:10","date_gmt":"2025-05-22T23:16:10","guid":{"rendered":"https:\/\/wisecnclaser.com\/?post_type=product&#038;p=3577"},"modified":"2025-05-22T23:16:10","modified_gmt":"2025-05-22T23:16:10","slug":"hot-selling-1325-cnc-router","status":"publish","type":"product","link":"https:\/\/wisecnclaser.com\/pt\/produto\/hot-selling-1325-cnc-router\/","title":{"rendered":"Router CNC 1325 de venda quente"},"content":{"rendered":"<table border=\"1\" width=\"662\">\n<tbody>\n<tr class=\"firstRow\">\n<td colspan=\"2\" valign=\"center\" width=\"662\"><strong>Descri\u00e7\u00e3o e especifica\u00e7\u00f5es:<\/strong><\/td>\n<\/tr>\n<tr>\n<td valign=\"top\" width=\"331\">X \u00c1rea de trabalho<\/td>\n<td valign=\"top\" width=\"331\">1300mm<\/td>\n<\/tr>\n<tr>\n<td valign=\"top\" width=\"331\">Y \u00c1rea de trabalho<\/td>\n<td valign=\"top\" width=\"331\">2500 mm<\/td>\n<\/tr>\n<tr>\n<td valign=\"top\" width=\"331\">Z \u00c1rea de trabalho<\/td>\n<td valign=\"top\" width=\"331\">200 mm<\/td>\n<\/tr>\n<tr>\n<td valign=\"top\" width=\"331\">Mesa da m\u00e1quina<\/td>\n<td valign=\"top\" width=\"331\">Ranhura em T<\/td>\n<\/tr>\n<tr>\n<td valign=\"top\" width=\"331\">Precis\u00e3o do posicionamento em viagem<\/td>\n<td valign=\"top\" width=\"331\">\u00b10,05mm<\/td>\n<\/tr>\n<tr>\n<td valign=\"top\" width=\"331\">Reposicionamento Precis\u00e3o do posicionamento<\/td>\n<td valign=\"top\" width=\"331\">\u00b10,02mm<\/td>\n<\/tr>\n<tr>\n<td valign=\"top\" width=\"331\">X,Y ,Z Estrutura<\/td>\n<td valign=\"top\" width=\"331\">Roda dentada XY Parafuso de esferas Z<\/td>\n<\/tr>\n<tr>\n<td valign=\"top\" width=\"331\">M\u00e1x. Consumo de energia (sem fuso)<\/td>\n<td valign=\"top\" width=\"331\">0,8KW<\/td>\n<\/tr>\n<tr>\n<td valign=\"top\" width=\"331\">M\u00e1ximo. Velocidade de desloca\u00e7\u00e3o r\u00e1pida<\/td>\n<td valign=\"top\" width=\"331\">25000mm\/min<\/td>\n<\/tr>\n<tr>\n<td valign=\"top\" width=\"331\">Velocidade m\u00e1x. Velocidade de trabalho<\/td>\n<td valign=\"top\" width=\"331\">15000mm\/min<\/td>\n<\/tr>\n<tr>\n<td valign=\"top\" width=\"331\">Fuso<\/td>\n<td valign=\"top\" width=\"331\">Fuso de 3kw arrefecido a \u00e1gua<\/td>\n<\/tr>\n<tr>\n<td valign=\"top\" width=\"331\">Velocidade do fuso<\/td>\n<td valign=\"top\" width=\"331\">0-24000rpm<\/td>\n<\/tr>\n<tr>\n<td valign=\"top\" width=\"331\">Motor de acionamento<\/td>\n<td valign=\"top\" width=\"331\">Passo a passo<\/td>\n<\/tr>\n<tr>\n<td valign=\"top\" width=\"331\">Comando<\/td>\n<td valign=\"top\" width=\"331\">C\u00f3digo G*.u00*.mmg*.plt<\/td>\n<\/tr>\n<tr>\n<td valign=\"top\" width=\"331\">Tens\u00e3o de funcionamento<\/td>\n<td valign=\"top\" width=\"331\">AC220V\/50HZ ou AC380V\/50HZ<\/td>\n<\/tr>\n<tr>\n<td valign=\"top\" width=\"331\">Sistema de controlo<\/td>\n<td valign=\"top\" width=\"331\">Dsp offline<\/td>\n<\/tr>\n<tr>\n<td valign=\"top\" width=\"331\">Arm\u00e1rio de controlo<\/td>\n<td valign=\"top\" width=\"331\">Caixa de controlo independente<\/td>\n<\/tr>\n<\/tbody>\n<\/table>\n<p>Descri\u00e7\u00e3o:  Vendas quentes M\u00e1quina de grava\u00e7\u00e3o em madeira de cabe\u00e7a \u00fanica 1325 m\u00e1quina router cnc<\/p>\n<p>Nome de produto: router cnc<\/p>\n<p>Sistema de acionamento: Stepper\/Servo<\/p>\n<p>Motor de pot\u00eancia do eixo: 3.0KW,4.5KW,6KW<\/p>\n<p>Linguagem de comando C\u00f3digo G<\/p>\n<p>Transmiss\u00e3o: engrenagem e roda, pinh\u00e3o de cremalheira<\/p>\n<p>Sistema de controlo:ncstudio\/dsp<\/p>\n<p>Mesa da m\u00e1quina:Ranhura em T\/Mesa de v\u00e1cuo<\/p>\n<p>Estrutura da m\u00e1quina: estrutura de a\u00e7o resistente<\/p>\n<p>Garantia: 1 ano<\/p>\n<p>Cor: azul e branco\/personalizado<\/p>\n<p>Modo de arrefecimento do fuso: arrefecimento a \u00e1gua\/ar<\/p>\n<p>Pin\u00e7a: ER11, ER16, ER20, ER25<\/p>\n<p>Aplica\u00e7\u00e3o:<\/p>\n<p>Utilizada principalmente para a ind\u00fastria de mobili\u00e1rio de madeira, como o processamento de portas de madeira, portas de arm\u00e1rios, portas de arte e artesanato, corte de MDF, corte de placas de madeira, grava\u00e7\u00e3o de colunas de madeira e processamento de outros materiais n\u00e3o met\u00e1licos, etc.<\/p>\n<p>Carater\u00edstica:<\/p>\n<p>1. O trilho de guia importado do tipo de partido em linha reta, bloco deslizante de esferas de duas carreiras e quatro carreiras, carregamento<\/p>\n<p>Capacidade, funcionamento suave, alta precis\u00e3o, longa vida \u00fatil. Importar o fuso de esferas de alta precis\u00e3o.<\/p>\n<p>2. A correspond\u00eancia para escolher os rolamentos NSK importados do motor de alta velocidade refrigerado a \u00e1gua do Jap\u00e3o. 6KW eixo refrigerado a ar 3.0 KW eixo principal grande pot\u00eancia, desempenho est\u00e1vel.<\/p>\n<p>3. O sistema de controlo macro digitado por computador em linha, adoptando regras de or\u00e7amento inteligentes \u00fanicas, d\u00e1 pleno jogo ao potencial do motor e consegue um processamento de alta velocidade, m\u00fasica linear s\u00edncrona, curva mais perfeita.<\/p>\n<p>4. Compatibilidade de software e pode ser compat\u00edvel com type3 \/ Actcam \/Castmate \/Wentai e assim n\u00e3o h\u00e1 muitos tipos de software de desenho CAD\/CAM.<\/p>\n<p>5. Seis parti\u00e7\u00f5es de mesa de adsor\u00e7\u00e3o a v\u00e1cuo, pode ser eficaz em diferentes tamanhos de material de adsor\u00e7\u00e3o.<\/p>\n<p>6. Utilizando o motor de passo e o acionamento de alta velocidade, o eixo Y adopta o acionamento de motor duplo, faz com que a opera\u00e7\u00e3o de alta velocidade dos 25 m\/ponto acima da velocidade da linha vazia, com um eixo de corte forte, possa melhorar a velocidade da escultura.<\/p>","protected":false},"excerpt":{"rendered":"<p>Descri\u00e7\u00e3o:  Vendas quentes M\u00e1quina de grava\u00e7\u00e3o em madeira de cabe\u00e7a \u00fanica 1325 m\u00e1quina router cnc<\/p>\n<p>Nome de produto: router cnc<\/p>\n<p>Sistema de acionamento: Stepper\/Servo<\/p>\n<p>Motor de pot\u00eancia do eixo: 3.0KW,4.5KW,6KW<\/p>\n<p>Linguagem de comando C\u00f3digo G<\/p>\n<p>Transmiss\u00e3o: engrenagem e roda, pinh\u00e3o de cremalheira<\/p>\n<p>Sistema de controlo:ncstudio\/dsp<\/p>\n<p>Mesa da m\u00e1quina:Ranhura em T\/Mesa de v\u00e1cuo<\/p>\n<p>Estrutura da m\u00e1quina: estrutura de a\u00e7o resistente<\/p>\n<p>Garantia: 1 ano<\/p>\n<p>Cor: azul e branco\/personalizado<\/p>\n<p>Modo de arrefecimento do fuso: arrefecimento a \u00e1gua\/ar<\/p>\n<p>Pin\u00e7a: ER11, ER16, ER20, ER25<\/p>","protected":false},"featured_media":3580,"template":"","meta":{"_seopress_robots_primary_cat":"","_seopress_titles_title":"","_seopress_titles_desc":"","_seopress_robots_index":"","_uag_custom_page_level_css":"","site-sidebar-layout":"default","site-content-layout":"","ast-site-content-layout":"default","site-content-style":"default","site-sidebar-style":"default","ast-global-header-display":"","ast-banner-title-visibility":"","ast-main-header-display":"","ast-hfb-above-header-display":"","ast-hfb-below-header-display":"","ast-hfb-mobile-header-display":"","site-post-title":"","ast-breadcrumbs-content":"","ast-featured-img":"","footer-sml-layout":"","ast-disable-related-posts":"","theme-transparent-header-meta":"default","adv-header-id-meta":"","stick-header-meta":"default","header-above-stick-meta":"","header-main-stick-meta":"","header-below-stick-meta":"","astra-migrate-meta-layouts":"set","ast-page-background-enabled":"default","ast-page-background-meta":{"desktop":{"background-color":"","background-image":"","background-repeat":"repeat","background-position":"center center","background-size":"auto","background-attachment":"scroll","background-type":"","background-media":"","overlay-type":"","overlay-color":"","overlay-opacity":"","overlay-gradient":""},"tablet":{"background-color":"","background-image":"","background-repeat":"repeat","background-position":"center center","background-size":"auto","background-attachment":"scroll","background-type":"","background-media":"","overlay-type":"","overlay-color":"","overlay-opacity":"","overlay-gradient":""},"mobile":{"background-color":"","background-image":"","background-repeat":"repeat","background-position":"center center","background-size":"auto","background-attachment":"scroll","background-type":"","background-media":"","overlay-type":"","overlay-color":"","overlay-opacity":"","overlay-gradient":""}},"ast-content-background-meta":{"desktop":{"background-color":"var(--ast-global-color-5)","background-image":"","background-repeat":"repeat","background-position":"center center","background-size":"auto","background-attachment":"scroll","background-type":"","background-media":"","overlay-type":"","overlay-color":"","overlay-opacity":"","overlay-gradient":""},"tablet":{"background-color":"var(--ast-global-color-5)","background-image":"","background-repeat":"repeat","background-position":"center center","background-size":"auto","background-attachment":"scroll","background-type":"","background-media":"","overlay-type":"","overlay-color":"","overlay-opacity":"","overlay-gradient":""},"mobile":{"background-color":"var(--ast-global-color-5)","background-image":"","background-repeat":"repeat","background-position":"center center","background-size":"auto","background-attachment":"scroll","background-type":"","background-media":"","overlay-type":"","overlay-color":"","overlay-opacity":"","overlay-gradient":""}}},"product_brand":[],"product_cat":[42],"product_tag":[],"class_list":{"0":"post-3577","1":"product","2":"type-product","3":"status-publish","4":"has-post-thumbnail","6":"product_cat-normal","7":"desktop-align-left","8":"tablet-align-left","9":"mobile-align-left","10":"ast-product-gallery-layout-horizontal-slider","11":"ast-product-gallery-with-no-image","12":"ast-product-tabs-layout-horizontal","14":"first","15":"instock","16":"shipping-taxable","17":"product-type-simple"},"uagb_featured_image_src":{"full":["https:\/\/wisecnclaser.com\/wp-content\/uploads\/2025\/05\/01cab26fb6b0fa27ea006a60b821cacb.png",800,800,false],"thumbnail":["https:\/\/wisecnclaser.com\/wp-content\/uploads\/2025\/05\/01cab26fb6b0fa27ea006a60b821cacb-150x150.png",150,150,true],"medium":["https:\/\/wisecnclaser.com\/wp-content\/uploads\/2025\/05\/01cab26fb6b0fa27ea006a60b821cacb-300x300.png",300,300,true],"medium_large":["https:\/\/wisecnclaser.com\/wp-content\/uploads\/2025\/05\/01cab26fb6b0fa27ea006a60b821cacb-768x768.png",768,768,true],"large":["https:\/\/wisecnclaser.com\/wp-content\/uploads\/2025\/05\/01cab26fb6b0fa27ea006a60b821cacb.png",800,800,false],"1536x1536":["https:\/\/wisecnclaser.com\/wp-content\/uploads\/2025\/05\/01cab26fb6b0fa27ea006a60b821cacb.png",800,800,false],"2048x2048":["https:\/\/wisecnclaser.com\/wp-content\/uploads\/2025\/05\/01cab26fb6b0fa27ea006a60b821cacb.png",800,800,false],"trp-custom-language-flag":["https:\/\/wisecnclaser.com\/wp-content\/uploads\/2025\/05\/01cab26fb6b0fa27ea006a60b821cacb-12x12.png",12,12,true],"woocommerce_thumbnail":["https:\/\/wisecnclaser.com\/wp-content\/uploads\/2025\/05\/01cab26fb6b0fa27ea006a60b821cacb-300x300.png",300,300,true],"woocommerce_single":["https:\/\/wisecnclaser.com\/wp-content\/uploads\/2025\/05\/01cab26fb6b0fa27ea006a60b821cacb-600x600.png",600,600,true],"woocommerce_gallery_thumbnail":["https:\/\/wisecnclaser.com\/wp-content\/uploads\/2025\/05\/01cab26fb6b0fa27ea006a60b821cacb-100x100.png",100,100,true]},"uagb_author_info":{"display_name":"jinxing6611@gmail.com","author_link":"https:\/\/wisecnclaser.com\/pt\/author\/"},"uagb_comment_info":0,"uagb_excerpt":"Description:\u00a0 Hot sales Single head wood engraving machine 1325 cnc router machine Product Name:\u00a0 cnc router Driving system:\u00a0Stepper\/Servo Spindle Power Motor: 3.0KW,4.5KW,6KW Command Language\u00a0 G-code Transmission:gear and wheel, rack pinion Control system:ncstudio\/dsp Machine table:T-slot\/Vacuum table Machine frame: heavy duty steel structure Warranty: 1 year Color: blue and white\/customized Spindle cooling mode: water cooling\/air cooling Collet:&hellip;","_links":{"self":[{"href":"https:\/\/wisecnclaser.com\/pt\/wp-json\/wp\/v2\/product\/3577","targetHints":{"allow":["GET"]}}],"collection":[{"href":"https:\/\/wisecnclaser.com\/pt\/wp-json\/wp\/v2\/product"}],"about":[{"href":"https:\/\/wisecnclaser.com\/pt\/wp-json\/wp\/v2\/types\/product"}],"wp:featuredmedia":[{"embeddable":true,"href":"https:\/\/wisecnclaser.com\/pt\/wp-json\/wp\/v2\/media\/3580"}],"wp:attachment":[{"href":"https:\/\/wisecnclaser.com\/pt\/wp-json\/wp\/v2\/media?parent=3577"}],"wp:term":[{"taxonomy":"product_brand","embeddable":true,"href":"https:\/\/wisecnclaser.com\/pt\/wp-json\/wp\/v2\/product_brand?post=3577"},{"taxonomy":"product_cat","embeddable":true,"href":"https:\/\/wisecnclaser.com\/pt\/wp-json\/wp\/v2\/product_cat?post=3577"},{"taxonomy":"product_tag","embeddable":true,"href":"https:\/\/wisecnclaser.com\/pt\/wp-json\/wp\/v2\/product_tag?post=3577"}],"curies":[{"name":"wp","href":"https:\/\/api.w.org\/{rel}","templated":true}]}}