{"id":3581,"date":"2025-05-22T23:22:26","date_gmt":"2025-05-22T23:22:26","guid":{"rendered":"https:\/\/wisecnclaser.com\/?post_type=product&#038;p=3581"},"modified":"2025-05-22T23:22:26","modified_gmt":"2025-05-22T23:22:26","slug":"mf506-automatic-edge-banding-machine","status":"publish","type":"product","link":"https:\/\/wisecnclaser.com\/pt\/produto\/mf506-automatic-edge-banding-machine\/","title":{"rendered":"MF506 M\u00e1quina autom\u00e1tica de aplica\u00e7\u00e3o de fita de borda"},"content":{"rendered":"<p><strong>Carater\u00edsticas da m\u00e1quina autom\u00e1tica de aplica\u00e7\u00e3o de fita de borda MF506:<\/strong><\/p>\n<p>1. Esta m\u00e1quina \u00e9 adequada para a selagem linear de bordos de pain\u00e9is de part\u00edculas de madeira maci\u00e7a, pain\u00e9is multicamadas de madeira maci\u00e7a, pain\u00e9is de densidade, madeira maci\u00e7a e outras pe\u00e7as de trabalho em chapa.<\/p>\n<p>2. O material da fita de bordo pode ser utilizado como fita de folheado de PVC, etc.<\/p>\n<p>3. Fun\u00e7\u00f5es que incluem pr\u00e9-aquecimento, colagem, corte final, corte grosseiro, corte fino, raspagem e polimento.<\/p>\n<p><strong>\u00a0<\/strong><\/p>\n<p><strong>Par\u00e2metros t\u00e9cnicos:<\/strong><\/p>\n<table border=\"1\">\n<tbody>\n<tr class=\"firstRow\">\n<td colspan=\"2\" valign=\"center\" width=\"662\"><strong>Descri\u00e7\u00e3o e especifica\u00e7\u00f5es da coladeira autom\u00e1tica de bordos:<\/strong><\/td>\n<\/tr>\n<tr>\n<td valign=\"top\" width=\"331\">Pot\u00eancia total<\/td>\n<td valign=\"top\" width=\"331\">8,3kw<\/td>\n<\/tr>\n<tr>\n<td valign=\"top\" width=\"331\">Tamanho total<\/td>\n<td valign=\"top\" width=\"331\">4500*1000*1600mm<\/td>\n<\/tr>\n<tr>\n<td valign=\"top\" width=\"331\">Velocidade de alimenta\u00e7\u00e3o<\/td>\n<td valign=\"top\" width=\"331\">12m\/min<\/td>\n<\/tr>\n<tr>\n<td valign=\"top\" width=\"331\">Espessura do painel<\/td>\n<td valign=\"top\" width=\"331\">10-60mm<\/td>\n<\/tr>\n<tr>\n<td valign=\"top\" width=\"331\">Espessura do bordo<\/td>\n<td valign=\"top\" width=\"331\">0,4-3mm<\/td>\n<\/tr>\n<tr>\n<td valign=\"top\" width=\"331\">Largura do painel<\/td>\n<td valign=\"top\" width=\"331\">\u226580mm<\/td>\n<\/tr>\n<tr>\n<td valign=\"top\" width=\"331\">Press\u00e3o de trabalho<\/td>\n<td valign=\"top\" width=\"331\">6 kg<\/td>\n<\/tr>\n<tr>\n<td valign=\"top\" width=\"331\">Peso<\/td>\n<td valign=\"top\" width=\"331\">1650 kg<\/td>\n<\/tr>\n<tr>\n<td valign=\"top\" width=\"331\">Dispositivo da m\u00e1quina<\/td>\n<td valign=\"top\" width=\"331\">Ecr\u00e3 t\u00e1til Delta Taiwan;<\/p>\n<p>Motor CC;<\/p>\n<p>V\u00e1lvula solenoide AirTAC Taiwan;<\/p>\n<p>Guideway CSK Taiwan;<\/p>\n<p>Cilindro Taiwan Easun<\/td>\n<\/tr>\n<\/tbody>\n<\/table>\n<p><strong>Fun\u00e7\u00e3o:<\/strong><\/p>\n<p>Corte final<\/p>\n<p><img alt=\"\" fetchpriority=\"high\" decoding=\"async\" class=\"alignnone size-full wp-image-3585\" src=\"https:\/\/wisecnclaser.com\/wp-content\/uploads\/2025\/05\/1616062287932316.png\" width=\"277\" height=\"277\" srcset=\"https:\/\/wisecnclaser.com\/wp-content\/uploads\/2025\/05\/1616062287932316.png 277w, https:\/\/wisecnclaser.com\/wp-content\/uploads\/2025\/05\/1616062287932316-150x150.png 150w, https:\/\/wisecnclaser.com\/wp-content\/uploads\/2025\/05\/1616062287932316-12x12.png 12w, https:\/\/wisecnclaser.com\/wp-content\/uploads\/2025\/05\/1616062287932316-100x100.png 100w\" sizes=\"(max-width: 277px) 100vw, 277px\" \/><\/p>\n<p>Corte grosseiro<\/p>\n<p><img alt=\"\" decoding=\"async\" class=\"alignnone size-full wp-image-3586\" src=\"https:\/\/wisecnclaser.com\/wp-content\/uploads\/2025\/05\/1616062293968174.png\" width=\"278\" height=\"278\" srcset=\"https:\/\/wisecnclaser.com\/wp-content\/uploads\/2025\/05\/1616062293968174.png 278w, https:\/\/wisecnclaser.com\/wp-content\/uploads\/2025\/05\/1616062293968174-150x150.png 150w, https:\/\/wisecnclaser.com\/wp-content\/uploads\/2025\/05\/1616062293968174-12x12.png 12w, https:\/\/wisecnclaser.com\/wp-content\/uploads\/2025\/05\/1616062293968174-100x100.png 100w\" sizes=\"(max-width: 278px) 100vw, 278px\" \/><\/p>\n<p>Corte fino<\/p>\n<p><img alt=\"\" decoding=\"async\" class=\"alignnone size-full wp-image-3587\" src=\"https:\/\/wisecnclaser.com\/wp-content\/uploads\/2025\/05\/1616062299362281.png\" width=\"275\" height=\"275\" srcset=\"https:\/\/wisecnclaser.com\/wp-content\/uploads\/2025\/05\/1616062299362281.png 275w, https:\/\/wisecnclaser.com\/wp-content\/uploads\/2025\/05\/1616062299362281-150x150.png 150w, https:\/\/wisecnclaser.com\/wp-content\/uploads\/2025\/05\/1616062299362281-12x12.png 12w, https:\/\/wisecnclaser.com\/wp-content\/uploads\/2025\/05\/1616062299362281-100x100.png 100w\" sizes=\"(max-width: 275px) 100vw, 275px\" \/><\/p>\n<p>Raspagem<\/p>\n<p><img alt=\"\" loading=\"lazy\" decoding=\"async\" class=\"alignnone size-full wp-image-3588\" src=\"https:\/\/wisecnclaser.com\/wp-content\/uploads\/2025\/05\/1616062309707399.png\" width=\"284\" height=\"263\" srcset=\"https:\/\/wisecnclaser.com\/wp-content\/uploads\/2025\/05\/1616062309707399.png 284w, https:\/\/wisecnclaser.com\/wp-content\/uploads\/2025\/05\/1616062309707399-13x12.png 13w\" sizes=\"(max-width: 284px) 100vw, 284px\" \/><\/p>\n<p>Polimento<\/p>\n<p><img alt=\"\" loading=\"lazy\" decoding=\"async\" class=\"alignnone size-full wp-image-3589\" src=\"https:\/\/wisecnclaser.com\/wp-content\/uploads\/2025\/05\/1616062327612754.png\" width=\"240\" height=\"255\" srcset=\"https:\/\/wisecnclaser.com\/wp-content\/uploads\/2025\/05\/1616062327612754.png 240w, https:\/\/wisecnclaser.com\/wp-content\/uploads\/2025\/05\/1616062327612754-11x12.png 11w\" sizes=\"(max-width: 240px) 100vw, 240px\" \/><\/p>","protected":false},"excerpt":{"rendered":"<p>Carater\u00edsticas da m\u00e1quina autom\u00e1tica de aplica\u00e7\u00e3o de fita de borda MF506:<\/p>\n<p>1. Esta m\u00e1quina \u00e9 adequada para a selagem linear de bordos de pain\u00e9is de part\u00edculas de madeira maci\u00e7a, pain\u00e9is multicamadas de madeira maci\u00e7a, pain\u00e9is de densidade, madeira maci\u00e7a e outras pe\u00e7as de trabalho em chapa.<\/p>\n<p>2. O material da fita de bordo pode ser utilizado como fita de folheado de PVC, etc.<\/p>\n<p>3. Fun\u00e7\u00f5es que incluem pr\u00e9-aquecimento, colagem, corte final, corte grosseiro, corte fino, raspagem e polimento.<\/p>","protected":false},"featured_media":3584,"template":"","meta":{"_seopress_robots_primary_cat":"","_seopress_titles_title":"","_seopress_titles_desc":"","_seopress_robots_index":"","_uag_custom_page_level_css":"","site-sidebar-layout":"default","site-content-layout":"","ast-site-content-layout":"default","site-content-style":"default","site-sidebar-style":"default","ast-global-header-display":"","ast-banner-title-visibility":"","ast-main-header-display":"","ast-hfb-above-header-display":"","ast-hfb-below-header-display":"","ast-hfb-mobile-header-display":"","site-post-title":"","ast-breadcrumbs-content":"","ast-featured-img":"","footer-sml-layout":"","ast-disable-related-posts":"","theme-transparent-header-meta":"default","adv-header-id-meta":"","stick-header-meta":"default","header-above-stick-meta":"","header-main-stick-meta":"","header-below-stick-meta":"","astra-migrate-meta-layouts":"set","ast-page-background-enabled":"default","ast-page-background-meta":{"desktop":{"background-color":"","background-image":"","background-repeat":"repeat","background-position":"center center","background-size":"auto","background-attachment":"scroll","background-type":"","background-media":"","overlay-type":"","overlay-color":"","overlay-opacity":"","overlay-gradient":""},"tablet":{"background-color":"","background-image":"","background-repeat":"repeat","background-position":"center center","background-size":"auto","background-attachment":"scroll","background-type":"","background-media":"","overlay-type":"","overlay-color":"","overlay-opacity":"","overlay-gradient":""},"mobile":{"background-color":"","background-image":"","background-repeat":"repeat","background-position":"center center","background-size":"auto","background-attachment":"scroll","background-type":"","background-media":"","overlay-type":"","overlay-color":"","overlay-opacity":"","overlay-gradient":""}},"ast-content-background-meta":{"desktop":{"background-color":"var(--ast-global-color-5)","background-image":"","background-repeat":"repeat","background-position":"center center","background-size":"auto","background-attachment":"scroll","background-type":"","background-media":"","overlay-type":"","overlay-color":"","overlay-opacity":"","overlay-gradient":""},"tablet":{"background-color":"var(--ast-global-color-5)","background-image":"","background-repeat":"repeat","background-position":"center center","background-size":"auto","background-attachment":"scroll","background-type":"","background-media":"","overlay-type":"","overlay-color":"","overlay-opacity":"","overlay-gradient":""},"mobile":{"background-color":"var(--ast-global-color-5)","background-image":"","background-repeat":"repeat","background-position":"center center","background-size":"auto","background-attachment":"scroll","background-type":"","background-media":"","overlay-type":"","overlay-color":"","overlay-opacity":"","overlay-gradient":""}}},"product_brand":[],"product_cat":[35],"product_tag":[],"class_list":{"0":"post-3581","1":"product","2":"type-product","3":"status-publish","4":"has-post-thumbnail","6":"product_cat-banding","7":"desktop-align-left","8":"tablet-align-left","9":"mobile-align-left","10":"ast-product-gallery-layout-horizontal-slider","11":"ast-product-gallery-with-no-image","12":"ast-product-tabs-layout-horizontal","14":"first","15":"instock","16":"shipping-taxable","17":"product-type-simple"},"uagb_featured_image_src":{"full":["https:\/\/wisecnclaser.com\/wp-content\/uploads\/2025\/05\/39690f2d08a53862fb2d14ccf6e59a7a.jpg",800,800,false],"thumbnail":["https:\/\/wisecnclaser.com\/wp-content\/uploads\/2025\/05\/39690f2d08a53862fb2d14ccf6e59a7a-150x150.jpg",150,150,true],"medium":["https:\/\/wisecnclaser.com\/wp-content\/uploads\/2025\/05\/39690f2d08a53862fb2d14ccf6e59a7a-300x300.jpg",300,300,true],"medium_large":["https:\/\/wisecnclaser.com\/wp-content\/uploads\/2025\/05\/39690f2d08a53862fb2d14ccf6e59a7a-768x768.jpg",768,768,true],"large":["https:\/\/wisecnclaser.com\/wp-content\/uploads\/2025\/05\/39690f2d08a53862fb2d14ccf6e59a7a.jpg",800,800,false],"1536x1536":["https:\/\/wisecnclaser.com\/wp-content\/uploads\/2025\/05\/39690f2d08a53862fb2d14ccf6e59a7a.jpg",800,800,false],"2048x2048":["https:\/\/wisecnclaser.com\/wp-content\/uploads\/2025\/05\/39690f2d08a53862fb2d14ccf6e59a7a.jpg",800,800,false],"trp-custom-language-flag":["https:\/\/wisecnclaser.com\/wp-content\/uploads\/2025\/05\/39690f2d08a53862fb2d14ccf6e59a7a-12x12.jpg",12,12,true],"woocommerce_thumbnail":["https:\/\/wisecnclaser.com\/wp-content\/uploads\/2025\/05\/39690f2d08a53862fb2d14ccf6e59a7a-300x300.jpg",300,300,true],"woocommerce_single":["https:\/\/wisecnclaser.com\/wp-content\/uploads\/2025\/05\/39690f2d08a53862fb2d14ccf6e59a7a-600x600.jpg",600,600,true],"woocommerce_gallery_thumbnail":["https:\/\/wisecnclaser.com\/wp-content\/uploads\/2025\/05\/39690f2d08a53862fb2d14ccf6e59a7a-100x100.jpg",100,100,true]},"uagb_author_info":{"display_name":"jinxing6611@gmail.com","author_link":"https:\/\/wisecnclaser.com\/pt\/author\/"},"uagb_comment_info":0,"uagb_excerpt":"Features of MF506 Automatic Edge Banding Machine: 1. This machine is suitable for linear edge sealing of solid wood particle board, solid wood multilayer board, density board, solid wood and other plate work pieces. 2. The material of edge band can be used as PVC veneer strip, etc. 3. Functions including Pre-heating, Gluing, End Cutting,&hellip;","_links":{"self":[{"href":"https:\/\/wisecnclaser.com\/pt\/wp-json\/wp\/v2\/product\/3581","targetHints":{"allow":["GET"]}}],"collection":[{"href":"https:\/\/wisecnclaser.com\/pt\/wp-json\/wp\/v2\/product"}],"about":[{"href":"https:\/\/wisecnclaser.com\/pt\/wp-json\/wp\/v2\/types\/product"}],"wp:featuredmedia":[{"embeddable":true,"href":"https:\/\/wisecnclaser.com\/pt\/wp-json\/wp\/v2\/media\/3584"}],"wp:attachment":[{"href":"https:\/\/wisecnclaser.com\/pt\/wp-json\/wp\/v2\/media?parent=3581"}],"wp:term":[{"taxonomy":"product_brand","embeddable":true,"href":"https:\/\/wisecnclaser.com\/pt\/wp-json\/wp\/v2\/product_brand?post=3581"},{"taxonomy":"product_cat","embeddable":true,"href":"https:\/\/wisecnclaser.com\/pt\/wp-json\/wp\/v2\/product_cat?post=3581"},{"taxonomy":"product_tag","embeddable":true,"href":"https:\/\/wisecnclaser.com\/pt\/wp-json\/wp\/v2\/product_tag?post=3581"}],"curies":[{"name":"wp","href":"https:\/\/api.w.org\/{rel}","templated":true}]}}