{"id":3602,"date":"2025-05-22T23:28:55","date_gmt":"2025-05-22T23:28:55","guid":{"rendered":"https:\/\/wisecnclaser.com\/?post_type=product&#038;p=3602"},"modified":"2025-05-22T23:28:55","modified_gmt":"2025-05-22T23:28:55","slug":"md515-5-single-trimming-automatic-edge-bander","status":"publish","type":"product","link":"https:\/\/wisecnclaser.com\/pt\/produto\/md515-5-single-trimming-automatic-edge-bander\/","title":{"rendered":"MD515-5 Lixadeira de bordos autom\u00e1tica de corte simples"},"content":{"rendered":"<p><strong>Par\u00e2metros t\u00e9cnicos:<\/strong><\/p>\n<table border=\"1\" width=\"662\">\n<tbody>\n<tr class=\"firstRow\">\n<td colspan=\"2\" valign=\"center\" width=\"662\"><strong>Descri\u00e7\u00e3o e especifica\u00e7\u00f5es da coladeira autom\u00e1tica de bordos:<\/strong><\/td>\n<\/tr>\n<tr>\n<td valign=\"top\" width=\"331\">Modelo<\/td>\n<td valign=\"top\" width=\"331\">MD515-5<\/td>\n<\/tr>\n<tr>\n<td valign=\"top\" width=\"331\">Pot\u00eancia do motor<\/td>\n<td valign=\"top\" width=\"331\">7,5KW<\/td>\n<\/tr>\n<tr>\n<td valign=\"top\" width=\"331\">Tamanho total<\/td>\n<td valign=\"top\" width=\"331\">3100\u00d7700\u00d71400mm<\/td>\n<\/tr>\n<tr>\n<td valign=\"top\" width=\"331\">Velocidade de alimenta\u00e7\u00e3o<\/td>\n<td valign=\"top\" width=\"331\">16m\/min<\/td>\n<\/tr>\n<tr>\n<td valign=\"top\" width=\"331\">Espessura do painel<\/td>\n<td valign=\"top\" width=\"331\">10-60mm<\/td>\n<\/tr>\n<tr>\n<td valign=\"top\" width=\"331\">Espessura do bordo<\/td>\n<td valign=\"top\" width=\"331\">0,4-3mm<\/td>\n<\/tr>\n<tr>\n<td valign=\"top\" width=\"331\">Largura do painel<\/td>\n<td valign=\"top\" width=\"331\">60 mm<\/td>\n<\/tr>\n<tr>\n<td valign=\"top\" width=\"331\">Press\u00e3o de trabalho<\/td>\n<td valign=\"top\" width=\"331\">6 kg<\/td>\n<\/tr>\n<tr>\n<td valign=\"top\" width=\"331\">Peso<\/td>\n<td valign=\"top\" width=\"331\">900 kg<\/td>\n<\/tr>\n<\/tbody>\n<\/table>\n<p><strong>Fun\u00e7\u00e3o:<\/strong><\/p>\n<table border=\"1\">\n<tbody>\n<tr class=\"firstRow\">\n<td valign=\"top\" width=\"111\">Pr\u00e9-fresagem<\/td>\n<td valign=\"top\" width=\"153\">\/<\/td>\n<\/tr>\n<tr>\n<td valign=\"top\" width=\"111\">Colagem<\/td>\n<td valign=\"top\" width=\"153\">\u25cf<\/td>\n<\/tr>\n<tr>\n<td valign=\"top\" width=\"111\">Corte final<\/td>\n<td valign=\"top\" width=\"153\">\u25cf<\/td>\n<\/tr>\n<tr>\n<td valign=\"top\" width=\"111\">Corte grosseiro<\/td>\n<td valign=\"top\" width=\"153\">\/<\/td>\n<\/tr>\n<tr>\n<td valign=\"top\" width=\"111\">Corte fino<\/td>\n<td valign=\"top\" width=\"153\">\u25cf<\/td>\n<\/tr>\n<tr>\n<td valign=\"top\" width=\"111\">Unidade de perfilagem<\/td>\n<td valign=\"top\" width=\"153\">\/<\/td>\n<\/tr>\n<tr>\n<td valign=\"top\" width=\"111\">Raspagem<\/td>\n<td valign=\"top\" width=\"153\">\u25cf<\/td>\n<\/tr>\n<tr>\n<td valign=\"top\" width=\"111\">Polimento<\/td>\n<td valign=\"top\" width=\"153\">\u25cf<\/td>\n<\/tr>\n<tr>\n<td valign=\"top\" width=\"111\">Ranhurar<\/td>\n<td valign=\"top\" width=\"153\">\/<\/td>\n<\/tr>\n<\/tbody>\n<\/table>\n<p><strong>\u00a0<\/strong><\/p>\n<p>&nbsp;<\/p>","protected":false},"excerpt":{"rendered":"<p>Technical Parameters: Description &amp; Specifications of automatic edge bander: Model MD515-5 Motor power 7.5KW Overall size 3100\u00d7700\u00d71400mm Feed speed 16m\/min Panel thickness 10-60mm Edge thickness 0.4-3mm Panel width 60mm Working pressure 6kg Weight 900kg Function: Pre-milling \/ Gluing \u25cf End cutting \u25cf Rough trimming \/ Fine trimming \u25cf Profiling unit \/ Scraping \u25cf Buffing \u25cf [&hellip;]<\/p>\n","protected":false},"featured_media":3605,"template":"","meta":{"_seopress_robots_primary_cat":"","_seopress_titles_title":"","_seopress_titles_desc":"","_seopress_robots_index":"","_uag_custom_page_level_css":"","site-sidebar-layout":"default","site-content-layout":"","ast-site-content-layout":"default","site-content-style":"default","site-sidebar-style":"default","ast-global-header-display":"","ast-banner-title-visibility":"","ast-main-header-display":"","ast-hfb-above-header-display":"","ast-hfb-below-header-display":"","ast-hfb-mobile-header-display":"","site-post-title":"","ast-breadcrumbs-content":"","ast-featured-img":"","footer-sml-layout":"","ast-disable-related-posts":"","theme-transparent-header-meta":"default","adv-header-id-meta":"","stick-header-meta":"default","header-above-stick-meta":"","header-main-stick-meta":"","header-below-stick-meta":"","astra-migrate-meta-layouts":"set","ast-page-background-enabled":"default","ast-page-background-meta":{"desktop":{"background-color":"","background-image":"","background-repeat":"repeat","background-position":"center center","background-size":"auto","background-attachment":"scroll","background-type":"","background-media":"","overlay-type":"","overlay-color":"","overlay-opacity":"","overlay-gradient":""},"tablet":{"background-color":"","background-image":"","background-repeat":"repeat","background-position":"center center","background-size":"auto","background-attachment":"scroll","background-type":"","background-media":"","overlay-type":"","overlay-color":"","overlay-opacity":"","overlay-gradient":""},"mobile":{"background-color":"","background-image":"","background-repeat":"repeat","background-position":"center center","background-size":"auto","background-attachment":"scroll","background-type":"","background-media":"","overlay-type":"","overlay-color":"","overlay-opacity":"","overlay-gradient":""}},"ast-content-background-meta":{"desktop":{"background-color":"var(--ast-global-color-5)","background-image":"","background-repeat":"repeat","background-position":"center center","background-size":"auto","background-attachment":"scroll","background-type":"","background-media":"","overlay-type":"","overlay-color":"","overlay-opacity":"","overlay-gradient":""},"tablet":{"background-color":"var(--ast-global-color-5)","background-image":"","background-repeat":"repeat","background-position":"center center","background-size":"auto","background-attachment":"scroll","background-type":"","background-media":"","overlay-type":"","overlay-color":"","overlay-opacity":"","overlay-gradient":""},"mobile":{"background-color":"var(--ast-global-color-5)","background-image":"","background-repeat":"repeat","background-position":"center center","background-size":"auto","background-attachment":"scroll","background-type":"","background-media":"","overlay-type":"","overlay-color":"","overlay-opacity":"","overlay-gradient":""}}},"product_brand":[],"product_cat":[35],"product_tag":[],"class_list":{"0":"post-3602","1":"product","2":"type-product","3":"status-publish","4":"has-post-thumbnail","6":"product_cat-banding","7":"desktop-align-left","8":"tablet-align-left","9":"mobile-align-left","10":"ast-product-gallery-layout-horizontal-slider","11":"ast-product-gallery-with-no-image","12":"ast-product-tabs-layout-horizontal","14":"first","15":"instock","16":"shipping-taxable","17":"product-type-simple"},"uagb_featured_image_src":{"full":["https:\/\/wisecnclaser.com\/wp-content\/uploads\/2025\/05\/dd30ff37ad14fe8ce54201826561e413.jpg",801,800,false],"thumbnail":["https:\/\/wisecnclaser.com\/wp-content\/uploads\/2025\/05\/dd30ff37ad14fe8ce54201826561e413-150x150.jpg",150,150,true],"medium":["https:\/\/wisecnclaser.com\/wp-content\/uploads\/2025\/05\/dd30ff37ad14fe8ce54201826561e413-300x300.jpg",300,300,true],"medium_large":["https:\/\/wisecnclaser.com\/wp-content\/uploads\/2025\/05\/dd30ff37ad14fe8ce54201826561e413-768x767.jpg",768,767,true],"large":["https:\/\/wisecnclaser.com\/wp-content\/uploads\/2025\/05\/dd30ff37ad14fe8ce54201826561e413.jpg",801,800,false],"1536x1536":["https:\/\/wisecnclaser.com\/wp-content\/uploads\/2025\/05\/dd30ff37ad14fe8ce54201826561e413.jpg",801,800,false],"2048x2048":["https:\/\/wisecnclaser.com\/wp-content\/uploads\/2025\/05\/dd30ff37ad14fe8ce54201826561e413.jpg",801,800,false],"trp-custom-language-flag":["https:\/\/wisecnclaser.com\/wp-content\/uploads\/2025\/05\/dd30ff37ad14fe8ce54201826561e413-12x12.jpg",12,12,true],"woocommerce_thumbnail":["https:\/\/wisecnclaser.com\/wp-content\/uploads\/2025\/05\/dd30ff37ad14fe8ce54201826561e413-300x300.jpg",300,300,true],"woocommerce_single":["https:\/\/wisecnclaser.com\/wp-content\/uploads\/2025\/05\/dd30ff37ad14fe8ce54201826561e413-600x599.jpg",600,599,true],"woocommerce_gallery_thumbnail":["https:\/\/wisecnclaser.com\/wp-content\/uploads\/2025\/05\/dd30ff37ad14fe8ce54201826561e413-100x100.jpg",100,100,true]},"uagb_author_info":{"display_name":"jinxing6611@gmail.com","author_link":"https:\/\/wisecnclaser.com\/pt\/author\/"},"uagb_comment_info":0,"uagb_excerpt":"Technical Parameters: Description &amp; Specifications of automatic edge bander: Model MD515-5 Motor power 7.5KW Overall size 3100\u00d7700\u00d71400mm Feed speed 16m\/min Panel thickness 10-60mm Edge thickness 0.4-3mm Panel width 60mm Working pressure 6kg Weight 900kg Function: Pre-milling \/ Gluing \u25cf End cutting \u25cf Rough trimming \/ Fine trimming \u25cf Profiling unit \/ Scraping \u25cf Buffing \u25cf&hellip;","_links":{"self":[{"href":"https:\/\/wisecnclaser.com\/pt\/wp-json\/wp\/v2\/product\/3602","targetHints":{"allow":["GET"]}}],"collection":[{"href":"https:\/\/wisecnclaser.com\/pt\/wp-json\/wp\/v2\/product"}],"about":[{"href":"https:\/\/wisecnclaser.com\/pt\/wp-json\/wp\/v2\/types\/product"}],"wp:featuredmedia":[{"embeddable":true,"href":"https:\/\/wisecnclaser.com\/pt\/wp-json\/wp\/v2\/media\/3605"}],"wp:attachment":[{"href":"https:\/\/wisecnclaser.com\/pt\/wp-json\/wp\/v2\/media?parent=3602"}],"wp:term":[{"taxonomy":"product_brand","embeddable":true,"href":"https:\/\/wisecnclaser.com\/pt\/wp-json\/wp\/v2\/product_brand?post=3602"},{"taxonomy":"product_cat","embeddable":true,"href":"https:\/\/wisecnclaser.com\/pt\/wp-json\/wp\/v2\/product_cat?post=3602"},{"taxonomy":"product_tag","embeddable":true,"href":"https:\/\/wisecnclaser.com\/pt\/wp-json\/wp\/v2\/product_tag?post=3602"}],"curies":[{"name":"wp","href":"https:\/\/api.w.org\/{rel}","templated":true}]}}