{"id":3618,"date":"2025-05-23T00:22:21","date_gmt":"2025-05-23T00:22:21","guid":{"rendered":"https:\/\/wisecnclaser.com\/?post_type=product&#038;p=3618"},"modified":"2025-05-23T00:22:22","modified_gmt":"2025-05-23T00:22:22","slug":"nesting-software","status":"publish","type":"product","link":"https:\/\/wisecnclaser.com\/pt\/produto\/nesting-software\/","title":{"rendered":"Software de agrupamento"},"content":{"rendered":"<p>Software de desenho de mobili\u00e1rio totalmente em ingl\u00eas - Vers\u00e3o 4.0 de alta velocidade<\/p>\n<p>1. Alien\u00edgenas desenhados \u00e0 m\u00e3o O desenho de formas especiais \u00e0 m\u00e3o pode ser feito \u00e0 discri\u00e7\u00e3o, sem recurso a editores de formas especiais complexos ou f\u00f3rmulas de c\u00f3digo. As formas especiais que s\u00e3o desenhadas pelo operador \u00e0 sua discri\u00e7\u00e3o podem ser guardadas como um m\u00f3dulo parametrizado na base de dados local, e os par\u00e2metros da placa podem ser calculados automaticamente e podem ser chamados diretamente, convenientemente e instantaneamente da pr\u00f3xima vez<\/p>\n<p>2. Modela\u00e7\u00e3o inversa A modela\u00e7\u00e3o inversa permite guardar e chamar diretamente com um clique. O arm\u00e1rio constru\u00eddo com placas pode ser guardado como um m\u00f3dulo na base de dados atrav\u00e9s de uma tecla, o que permite realmente realizar o processo de m\u00f3dulo do nada \u00e0 exist\u00eancia e da complexidade \u00e0 simplicidade. Durante a chamada seguinte, o tamanho, a espessura da placa, a escala e assim por diante podem ser modificados com uma tecla e o desenho pode ser conclu\u00eddo rapidamente<\/p>\n<p>3. Fun\u00e7\u00e3o de instala\u00e7\u00e3o do c\u00f3digo QR Pode ser gerada uma vista explosiva do arm\u00e1rio em que as montagens e as estruturas internas s\u00e3o claras \u00e0 primeira vista, o que pode reduzir a taxa de erro e \u00e9 conveniente para a instala\u00e7\u00e3o. O c\u00f3digo bidimensional gerado pode ser digitalizado pelo telem\u00f3vel para gerar a vista explosiva. O diagrama de instala\u00e7\u00e3o do telem\u00f3vel corresponde \u00e0 etiqueta do c\u00f3digo de barras, uma a uma, concretizando verdadeiramente a ideia de \"sem diagramas\"<\/p>\n<p>4. Desenho de seis lados A iniciativa de desenhar um verdadeiro gr\u00e1fico tridimensional de seis lados e um desenho de v\u00e1rios lados pode ser utilizada para desenhar desenhos de bengaleiro em forma de L e de arm\u00e1rio em forma de U. Podem ser selecionadas diferentes vistas e as placas, os componentes da gaveta, etc., podem ser adicionados \u00e0 vontade. Diferentes vistas podem ser convertidas em desenhos formais, resolvendo um grande problema na ind\u00fastria e fazendo a personaliza\u00e7\u00e3o de toda a casa<\/p>\n<p>5. Atualiza\u00e7\u00e3o em tempo real da base de dados dual-core As bases de dados dual-core locais e na nuvem s\u00e3o constantemente expandidas, sendo a base de dados na nuvem actualizada em tempo real e a base de dados local constantemente guardada. Isto tornar\u00e1 a sua base de dados cada vez maior, permitindo que os designers encontrem todos os arm\u00e1rios e implementem todos os trabalhos manuais<\/p>\n<p>6. Importa\u00e7\u00e3o e exporta\u00e7\u00e3o de CAD Os componentes CAD podem ser importados e adaptados automaticamente ao espa\u00e7o. Os componentes importados podem ser guardados como um m\u00f3dulo e carregados na base de dados local, e o tamanho, a escala, etc. podem ser modificados automaticamente durante a pr\u00f3xima chamada. Al\u00e9m disso, as placas CAD de formato especial podem ser importadas, o plano CAD, os desenhos tridimensionais, etc., podem ser importados e exportados atrav\u00e9s de uma tecla<\/p>\n<p>7. A combina\u00e7\u00e3o de tamanhos do arm\u00e1rio pode ser chamada, a localiza\u00e7\u00e3o das placas pode ser deslocada e as placas no espa\u00e7o podem ser aumentadas ou diminu\u00eddas automaticamente. Ap\u00f3s o desenho, o tamanho do espa\u00e7o pode ser modificado arbitrariamente. Isto evita a elimina\u00e7\u00e3o, modifica\u00e7\u00e3o e c\u00e1lculo frequentes no desenho e torna o desenho flex\u00edvel<\/p>\n<p>8. Biselagem com uma chave Est\u00e1 dispon\u00edvel a biselagem com uma chave do arm\u00e1rio standard. O arm\u00e1rio biselado e em forma de escada pode ser formado de uma s\u00f3 vez. O arm\u00e1rio, a localiza\u00e7\u00e3o dos furos e o \u00e2ngulo de bisel podem ser gerados automaticamente, e as placas de bisel podem ser calculadas automaticamente.<\/p>\n<p>9. Corte de canto combinado os arm\u00e1rios convencionais podem ser chamados diretamente para o biselamento autom\u00e1tico, o tipo de biselamento e a profundidade podem ser selecionados livremente, o biselamento horizontal e vertical pode ser combinado livremente e podem ser selecionados livremente v\u00e1rios processos de biselamento. \u00c9 mais f\u00e1cil de utilizar e adapta-se a v\u00e1rios tipos de casas. A combina\u00e7\u00e3o arbitr\u00e1ria de chanfradura superior e inferior ou esquerda e direita poupar-lhe-\u00e1 o trabalho de chanfrar o arm\u00e1rio.<\/p>\n<p>10. Gera\u00e7\u00e3o de caixa de vinho com uma tecla Ao gerar a caixa de vinho com uma tecla, podem ser gerados quatro tipos de caixas de vinho (como horizontal-vertical, meio-\u00e2ngulo e \u00e2ngulo completo) com uma tecla na \u00e1rea selecionada. A faixa de borda, a margem de entalhe, o tamanho e assim por diante da caixa de vinho podem ser ajustados livremente, e a folga da caixa de vinho pode ser calculada em tempo real<\/p>\n<p>11. Ajuste de par\u00e2metros Uma variedade de acess\u00f3rios, tais como calha deslizante, puxador, dobradi\u00e7a e tubo de calha manual, pode ser adicionada automaticamente atrav\u00e9s de uma tecla. A posi\u00e7\u00e3o dos furos nos acess\u00f3rios pode ser gerada automaticamente e pode ser ajustada conforme necess\u00e1rio<\/p>\n<p>12. Exportar relat\u00f3rios com um clique O software pode gerar\u2460Tamanho da placa e informa\u00e7\u00f5es do furo\u2461Lista de materiais da placa\u2462Lista de pe\u00e7as\u2463Lista de hardware\u2464Lista de serragem eletr\u00f4nica\u2465Cota\u00e7\u00e3o\u2466Desenhos de instala\u00e7\u00e3o\u2467Desenho do CAD<\/p>\n<p>13. Super Renderiza\u00e7\u00e3o A super renderiza\u00e7\u00e3o 3D, o tipo de casa personalizado, a panor\u00e2mica de 720 graus e a itiner\u00e2ncia multidirecional da cena interior e o efeito de ilumina\u00e7\u00e3o adicional restauram verdadeiramente a cor do mobili\u00e1rio e melhoram a for\u00e7a de vendas das lojas de terminais<\/p>\n<p>&nbsp;<\/p>\n<p>S\u00e9rie Speed de software de coloca\u00e7\u00e3o de m\u00f3veis para fabrico de m\u00f3veis de madeira (Produ\u00e7\u00e3o)<\/p>\n<p>1. Conector invis\u00edvel Suporta uma variedade de conectores invis\u00edveis, cria um gabinete integrado exclusivo para voc\u00ea, substitui o hardware tradicional, invis\u00edvel em todos os lados, patchwork perfeito, robusto e dur\u00e1vel, instala\u00e7\u00e3o simples. 1 conetor Lamello\u2461U\u2462Mod-eez<\/p>\n<p>2. Elevada taxa de utiliza\u00e7\u00e3o dos materiais C\u00e1lculo autom\u00e1tico da composi\u00e7\u00e3o, composi\u00e7\u00e3o separada de acordo com as diferentes espessuras e cores dos pain\u00e9is, a produ\u00e7\u00e3o multi-encomenda \u00e9 c\u00f3moda e r\u00e1pida, a taxa de utiliza\u00e7\u00e3o pode atingir 95%. Pode ser ajustado manualmente ap\u00f3s o c\u00e1lculo autom\u00e1tico, para garantir a m\u00e1xima utiliza\u00e7\u00e3o dos materiais. Melhores m\u00e9todos de processamento, processo de c\u00e1lculo mais suave, economia de materiais e tempo.<\/p>\n<p>3. A tipografia aninhada em forma de placa optimiza de forma inteligente o efeito de disposi\u00e7\u00e3o, razo\u00e1vel e eficiente. O caminho ideal de corte e perfura\u00e7\u00e3o, arestas comuns podem ser definidas para acelerar o corte, evitar passagens repetidas e programa vazio, duplicar a efici\u00eancia de corte. Espa\u00e7o em branco de cantos chanfrados e composi\u00e7\u00e3o de arco, economizando espa\u00e7o, reduzindo a placa girat\u00f3ria, encurtando o tempo de processamento e melhorando muito a taxa de utiliza\u00e7\u00e3o da placa.<\/p>\n<p>4. A placa grande \u00e9 automaticamente disposta no canto superior esquerdo Sequ\u00eancia de processamento de correspond\u00eancia, C\u00e1lculo autom\u00e1tico do layout, processamento inteligente, evitar placa de corrida.<\/p>\n<p>5. Gerar o c\u00f3digo G Ap\u00f3s a otimiza\u00e7\u00e3o, pode gerar diretamente v\u00e1rios tipos de documentos necess\u00e1rios para a maquina\u00e7\u00e3o de equipamentos e a liga\u00e7\u00e3o sem descontinuidades de v\u00e1rios tipos de equipamentos, como a serra eletr\u00f3nica, a m\u00e1quina de etiquetagem autom\u00e1tica, o centro de maquina\u00e7\u00e3o, o PTP e o berbequim de cinco faces, etc.<\/p>\n<p>6. Imprimir etiquetas O papel de etiqueta pode apresentar visualmente as informa\u00e7\u00f5es necess\u00e1rias para a produ\u00e7\u00e3o e maquina\u00e7\u00e3o, tais como informa\u00e7\u00f5es detalhadas sobre a encomenda, desenho de layout, informa\u00e7\u00f5es sobre a placa e dire\u00e7\u00e3o do orif\u00edcio lateral, etc., de modo a reduzir o tempo que os trabalhadores t\u00eam para classificar as placas.<\/p>\n<p>7. Ferramenta de pr\u00e9-arranque, o n\u00famero de linhas pode ser definido o n\u00famero de linhas com anteced\u00eancia para pr\u00e9-arranque, atingir a velocidade com anteced\u00eancia, melhorar a efici\u00eancia da produ\u00e7\u00e3o.<\/p>\n<p>8. Dete\u00e7\u00e3o de colis\u00e3o de placas Utilizar a dete\u00e7\u00e3o de colis\u00e3o, detetar a sobreposi\u00e7\u00e3o de placas e um pequeno espa\u00e7amento entre placas, etc., para evitar erros de processamento.<\/p>\n<p>9. Material de descanso, gerenciamento de armaz\u00e9m \u2460Gerenciamento unificado de material de descanso, uso priorit\u00e1rio, evitar desperd\u00edcio e economizar custos. \u2461Intelig\u00eancia de gest\u00e3o de material, atualiza\u00e7\u00e3o de invent\u00e1rio em tempo real<\/p>","protected":false},"excerpt":{"rendered":"<p>Software de desenho de mobili\u00e1rio totalmente em ingl\u00eas - Vers\u00e3o 4.0 de alta velocidade<\/p>\n<p>1. Alien\u00edgenas desenhados \u00e0 m\u00e3o O desenho de formas especiais \u00e0 m\u00e3o pode ser feito \u00e0 discri\u00e7\u00e3o, sem recurso a editores de formas especiais complexos ou f\u00f3rmulas de c\u00f3digo. As formas especiais que s\u00e3o desenhadas pelo operador \u00e0 sua discri\u00e7\u00e3o podem ser guardadas como um m\u00f3dulo parametrizado na base de dados local, e os par\u00e2metros da placa podem ser calculados automaticamente e podem ser chamados diretamente, convenientemente e instantaneamente da pr\u00f3xima vez<\/p>\n<p>2. Modela\u00e7\u00e3o inversa A modela\u00e7\u00e3o inversa permite guardar e chamar diretamente com um clique. O arm\u00e1rio constru\u00eddo com placas pode ser guardado como um m\u00f3dulo na base de dados atrav\u00e9s de uma tecla, o que permite realmente realizar o processo de m\u00f3dulo do nada \u00e0 exist\u00eancia e da complexidade \u00e0 simplicidade. Durante a chamada seguinte, o tamanho, a espessura da placa, a escala e assim por diante podem ser modificados com uma tecla e o desenho pode ser conclu\u00eddo rapidamente<\/p>\n<p>3. Fun\u00e7\u00e3o de instala\u00e7\u00e3o do c\u00f3digo QR Pode ser gerada uma vista explosiva do arm\u00e1rio em que as montagens e as estruturas internas s\u00e3o claras \u00e0 primeira vista, o que pode reduzir a taxa de erro e \u00e9 conveniente para a instala\u00e7\u00e3o. O c\u00f3digo bidimensional gerado pode ser digitalizado pelo telem\u00f3vel para gerar a vista explosiva. O diagrama de instala\u00e7\u00e3o do telem\u00f3vel corresponde \u00e0 etiqueta do c\u00f3digo de barras, uma a uma, concretizando verdadeiramente a ideia de \"sem diagramas\"<\/p>\n<p>4. Desenho de seis lados A iniciativa de desenhar um verdadeiro gr\u00e1fico tridimensional de seis lados e um desenho de v\u00e1rios lados pode ser utilizada para desenhar desenhos de bengaleiro em forma de L e de arm\u00e1rio em forma de U. Podem ser selecionadas diferentes vistas e as placas, os componentes da gaveta, etc., podem ser adicionados \u00e0 vontade. Diferentes vistas podem ser convertidas em desenhos formais, resolvendo um grande problema na ind\u00fastria e fazendo a personaliza\u00e7\u00e3o de toda a casa<\/p>\n<p>5. Atualiza\u00e7\u00e3o em tempo real da base de dados dual-core As bases de dados dual-core locais e na nuvem s\u00e3o constantemente expandidas, sendo a base de dados na nuvem actualizada em tempo real e a base de dados local constantemente guardada. Isto tornar\u00e1 a sua base de dados cada vez maior, permitindo que os designers encontrem todos os arm\u00e1rios e implementem todos os trabalhos manuais<\/p>\n<p>6. Importa\u00e7\u00e3o e exporta\u00e7\u00e3o de CAD Os componentes CAD podem ser importados e adaptados automaticamente ao espa\u00e7o. Os componentes importados podem ser guardados como um m\u00f3dulo e carregados na base de dados local, e o tamanho, a escala, etc. podem ser modificados automaticamente durante a pr\u00f3xima chamada. Al\u00e9m disso, as placas CAD de formato especial podem ser importadas, o plano CAD, os desenhos tridimensionais, etc., podem ser importados e exportados atrav\u00e9s de uma tecla<\/p>","protected":false},"featured_media":3621,"template":"","meta":{"_seopress_robots_primary_cat":"","_seopress_titles_title":"","_seopress_titles_desc":"","_seopress_robots_index":"","_uag_custom_page_level_css":"","site-sidebar-layout":"default","site-content-layout":"","ast-site-content-layout":"default","site-content-style":"default","site-sidebar-style":"default","ast-global-header-display":"","ast-banner-title-visibility":"","ast-main-header-display":"","ast-hfb-above-header-display":"","ast-hfb-below-header-display":"","ast-hfb-mobile-header-display":"","site-post-title":"","ast-breadcrumbs-content":"","ast-featured-img":"","footer-sml-layout":"","ast-disable-related-posts":"","theme-transparent-header-meta":"default","adv-header-id-meta":"","stick-header-meta":"default","header-above-stick-meta":"","header-main-stick-meta":"","header-below-stick-meta":"","astra-migrate-meta-layouts":"set","ast-page-background-enabled":"default","ast-page-background-meta":{"desktop":{"background-color":"","background-image":"","background-repeat":"repeat","background-position":"center center","background-size":"auto","background-attachment":"scroll","background-type":"","background-media":"","overlay-type":"","overlay-color":"","overlay-opacity":"","overlay-gradient":""},"tablet":{"background-color":"","background-image":"","background-repeat":"repeat","background-position":"center center","background-size":"auto","background-attachment":"scroll","background-type":"","background-media":"","overlay-type":"","overlay-color":"","overlay-opacity":"","overlay-gradient":""},"mobile":{"background-color":"","background-image":"","background-repeat":"repeat","background-position":"center center","background-size":"auto","background-attachment":"scroll","background-type":"","background-media":"","overlay-type":"","overlay-color":"","overlay-opacity":"","overlay-gradient":""}},"ast-content-background-meta":{"desktop":{"background-color":"var(--ast-global-color-5)","background-image":"","background-repeat":"repeat","background-position":"center center","background-size":"auto","background-attachment":"scroll","background-type":"","background-media":"","overlay-type":"","overlay-color":"","overlay-opacity":"","overlay-gradient":""},"tablet":{"background-color":"var(--ast-global-color-5)","background-image":"","background-repeat":"repeat","background-position":"center center","background-size":"auto","background-attachment":"scroll","background-type":"","background-media":"","overlay-type":"","overlay-color":"","overlay-opacity":"","overlay-gradient":""},"mobile":{"background-color":"var(--ast-global-color-5)","background-image":"","background-repeat":"repeat","background-position":"center center","background-size":"auto","background-attachment":"scroll","background-type":"","background-media":"","overlay-type":"","overlay-color":"","overlay-opacity":"","overlay-gradient":""}}},"product_brand":[],"product_cat":[56],"product_tag":[],"class_list":{"0":"post-3618","1":"product","2":"type-product","3":"status-publish","4":"has-post-thumbnail","6":"product_cat-nestings","7":"desktop-align-left","8":"tablet-align-left","9":"mobile-align-left","10":"ast-product-gallery-layout-horizontal-slider","11":"ast-product-gallery-with-no-image","12":"ast-product-tabs-layout-horizontal","14":"first","15":"instock","16":"shipping-taxable","17":"product-type-simple"},"uagb_featured_image_src":{"full":["https:\/\/wisecnclaser.com\/wp-content\/uploads\/2025\/05\/5c334ffccd4741cd55d803fd1f1f8abf.png",800,800,false],"thumbnail":["https:\/\/wisecnclaser.com\/wp-content\/uploads\/2025\/05\/5c334ffccd4741cd55d803fd1f1f8abf-150x150.png",150,150,true],"medium":["https:\/\/wisecnclaser.com\/wp-content\/uploads\/2025\/05\/5c334ffccd4741cd55d803fd1f1f8abf-300x300.png",300,300,true],"medium_large":["https:\/\/wisecnclaser.com\/wp-content\/uploads\/2025\/05\/5c334ffccd4741cd55d803fd1f1f8abf-768x768.png",768,768,true],"large":["https:\/\/wisecnclaser.com\/wp-content\/uploads\/2025\/05\/5c334ffccd4741cd55d803fd1f1f8abf.png",800,800,false],"1536x1536":["https:\/\/wisecnclaser.com\/wp-content\/uploads\/2025\/05\/5c334ffccd4741cd55d803fd1f1f8abf.png",800,800,false],"2048x2048":["https:\/\/wisecnclaser.com\/wp-content\/uploads\/2025\/05\/5c334ffccd4741cd55d803fd1f1f8abf.png",800,800,false],"trp-custom-language-flag":["https:\/\/wisecnclaser.com\/wp-content\/uploads\/2025\/05\/5c334ffccd4741cd55d803fd1f1f8abf-12x12.png",12,12,true],"woocommerce_thumbnail":["https:\/\/wisecnclaser.com\/wp-content\/uploads\/2025\/05\/5c334ffccd4741cd55d803fd1f1f8abf-300x300.png",300,300,true],"woocommerce_single":["https:\/\/wisecnclaser.com\/wp-content\/uploads\/2025\/05\/5c334ffccd4741cd55d803fd1f1f8abf-600x600.png",600,600,true],"woocommerce_gallery_thumbnail":["https:\/\/wisecnclaser.com\/wp-content\/uploads\/2025\/05\/5c334ffccd4741cd55d803fd1f1f8abf-100x100.png",100,100,true]},"uagb_author_info":{"display_name":"jinxing6611@gmail.com","author_link":"https:\/\/wisecnclaser.com\/pt\/author\/"},"uagb_comment_info":0,"uagb_excerpt":"Fully English language Furniture\u00a0Design Software\u2014High Speed 4.0 Version 1.\u00a0Alien drawn by hand drawing special shapes by hand can be done at discretion without use of any complex special shape editors or code formulas. The special shapes that are drawn by the operator at his own discretion can be saved as a parameterized module to the&hellip;","_links":{"self":[{"href":"https:\/\/wisecnclaser.com\/pt\/wp-json\/wp\/v2\/product\/3618","targetHints":{"allow":["GET"]}}],"collection":[{"href":"https:\/\/wisecnclaser.com\/pt\/wp-json\/wp\/v2\/product"}],"about":[{"href":"https:\/\/wisecnclaser.com\/pt\/wp-json\/wp\/v2\/types\/product"}],"wp:featuredmedia":[{"embeddable":true,"href":"https:\/\/wisecnclaser.com\/pt\/wp-json\/wp\/v2\/media\/3621"}],"wp:attachment":[{"href":"https:\/\/wisecnclaser.com\/pt\/wp-json\/wp\/v2\/media?parent=3618"}],"wp:term":[{"taxonomy":"product_brand","embeddable":true,"href":"https:\/\/wisecnclaser.com\/pt\/wp-json\/wp\/v2\/product_brand?post=3618"},{"taxonomy":"product_cat","embeddable":true,"href":"https:\/\/wisecnclaser.com\/pt\/wp-json\/wp\/v2\/product_cat?post=3618"},{"taxonomy":"product_tag","embeddable":true,"href":"https:\/\/wisecnclaser.com\/pt\/wp-json\/wp\/v2\/product_tag?post=3618"}],"curies":[{"name":"wp","href":"https:\/\/api.w.org\/{rel}","templated":true}]}}