{"id":3623,"date":"2025-05-23T00:24:24","date_gmt":"2025-05-23T00:24:24","guid":{"rendered":"https:\/\/wisecnclaser.com\/?post_type=product&#038;p=3623"},"modified":"2025-05-23T00:24:24","modified_gmt":"2025-05-23T00:24:24","slug":"side-drilling-machine","status":"publish","type":"product","link":"https:\/\/wisecnclaser.com\/pt\/produto\/side-drilling-machine\/","title":{"rendered":"M\u00e1quina de perfura\u00e7\u00e3o lateral"},"content":{"rendered":"<p><strong>M\u00e1quina de perfura\u00e7\u00e3o lateral horizontal Especifica\u00e7\u00e3o:<\/strong><\/p>\n<table border=\"1\" width=\"662\">\n<tbody>\n<tr class=\"firstRow\">\n<td valign=\"top\" width=\"245\">mesa de trabalho<\/td>\n<td valign=\"top\" width=\"417\">280*500MM<\/td>\n<\/tr>\n<tr>\n<td valign=\"top\" width=\"245\">Fuso<\/td>\n<td valign=\"top\" width=\"417\">Mandril pneum\u00e1tico de 2,2KW<\/td>\n<\/tr>\n<tr>\n<td valign=\"top\" width=\"245\">Sistema de condu\u00e7\u00e3o<\/td>\n<td valign=\"top\" width=\"417\">China Servo condutor e motor<\/td>\n<\/tr>\n<tr>\n<td rowspan=\"3\" valign=\"top\" width=\"245\">Dispositivo auxiliar<\/td>\n<td valign=\"top\" width=\"417\">Sistema de sensor de ponto vermelho<\/td>\n<\/tr>\n<tr>\n<td valign=\"top\" width=\"417\">Prensa de material pl\u00e1stico para madeira<\/td>\n<\/tr>\n<tr>\n<td valign=\"top\" width=\"417\">Alemanha ponto vermelho<\/td>\n<\/tr>\n<tr>\n<td valign=\"top\" width=\"245\">Mesa da m\u00e1quina<\/td>\n<td valign=\"top\" width=\"417\">Mesa da m\u00e1quina com 3 zonas, pode ser controlada separadamente<\/td>\n<\/tr>\n<tr>\n<td valign=\"top\" width=\"245\">Aplica\u00e7\u00e3o:<\/td>\n<td valign=\"top\" width=\"417\">m\u00f3veis de painel perfura\u00e7\u00e3o lateral, decora\u00e7\u00e3o<\/td>\n<\/tr>\n<\/tbody>\n<\/table>\n<p><strong>Aplica\u00e7\u00e3o<\/strong><\/p>\n<p>Adequado para perfura\u00e7\u00e3o horizontal de m\u00f3veis de painel, m\u00f3veis de escrit\u00f3rio.<\/p>\n<p><strong>Carater\u00edsticas:<\/strong><\/p>\n<p>1. \u00c9 combinada com a m\u00e1quina router cnc de encaixe para formar a linha de produ\u00e7\u00e3o de mobili\u00e1rio de painel, que substitui na perfei\u00e7\u00e3o a tradicional serra de mesa de empurrar e o berbequim de linha.<\/p>\n<p>2. A produ\u00e7\u00e3o pode ser conclu\u00edda atrav\u00e9s da leitura do c\u00f3digo, e n\u00e3o h\u00e1 necessidade de encontrar um perfurador especial. O custo da m\u00e3o de obra \u00e9 muito reduzido. O esquema \u00e9 adequado para pequenas e m\u00e9dias f\u00e1bricas de processamento de m\u00f3veis de painel.<\/p>\n<p>3. Combina\u00e7\u00e3o perfeita com software especial de design de mobili\u00e1rio inteligente para realizar a produ\u00e7\u00e3o inteligente. Alta precis\u00e3o e alta velocidade.<\/p>\n<p>4. M\u00e1quina de corte de borda m\u00e1quina de banda laser infravermelho perfura\u00e7\u00e3o horizontal de uma s\u00f3 vez, o processo \u00e9 ininterrupto, para maximizar a efici\u00eancia e produ\u00e7\u00e3o.<\/p>\n<p>5. O design da interface de controlo da m\u00e1quina \u00e9 humanizado, a opera\u00e7\u00e3o \u00e9 simples e f\u00e1cil de aprender, e o operador pode trabalhar ap\u00f3s uma forma\u00e7\u00e3o simples, sem trabalhadores t\u00e9cnicos. Velocidade de a\u00e7\u00e3o da m\u00e1quina, alta efici\u00eancia, ajuda-o a alcan\u00e7ar um salto de qualidade.<\/p>\n<p>6. Os componentes importados, tais como o fuso de alta pot\u00eancia arrefecido a ar, o sistema de servo-acionamento e o servo-motor s\u00e3o adoptados para tornar o desempenho da m\u00e1quina mais est\u00e1vel.<\/p>\n<p>7. A mesa \u00e9 uma mesa de tr\u00eas zonas, que pode ser acionada por um \u00fanico comando.<\/p>\n<p><strong>PROCESSO TECNOL\u00d3GICO:<\/strong><\/p>\n<p>1. Fuselagem de soldadura da estrutura a\u00e9rea integral em chapa de a\u00e7o<\/p>\n<p>2. Maquina\u00e7\u00e3o em bruto da plaina<\/p>\n<p>3. Tratamento de al\u00edvio do stress interno:<\/p>\n<p>1) Tratamento t\u00e9rmico de t\u00eampera (braising) da viga do p\u00f3rtico e do bra\u00e7o lateral<\/p>\n<p>2) Tratamento de envelhecimento por vibra\u00e7\u00e3o da cama<\/p>\n<p>4. Maquina\u00e7\u00e3o fina:<\/p>\n<p>1) O centro de maquina\u00e7\u00e3o penta\u00e9drico importado (m\u00e1quina principal) \u00e9 utilizado para fixar a fuselagem de uma s\u00f3 vez;<\/p>\n<p>2) Fresagem de precis\u00e3o geral x, y, Z, carril de guia de tr\u00eas vias, ponto de refer\u00eancia de instala\u00e7\u00e3o da cremalheira;<\/p>\n<p>5. Transfer\u00eancia para o processo de montagem e montagem<\/p>\n<p>6. Processo de inspe\u00e7\u00e3o da qualidade<\/p>\n<p>1) R\u00e9gua de n\u00edvel de precis\u00e3o e rel\u00f3gio comparador: verificar a retid\u00e3o dos eixos X, y e Z<\/p>\n<p>2) O paralelismo entre as calhas-guia X, y e Z \u00e9 detectado por um n\u00edvel de precis\u00e3o, um rel\u00f3gio comparador, um n\u00edvel e um interfer\u00f3metro laser<\/p>\n<p>3) R\u00e9gua angular de precis\u00e3o, rel\u00f3gio comparador, ferramenta de inspe\u00e7\u00e3o especial, instrumento de barra esf\u00e9rica: verificar a verticalidade da calha de guia de tr\u00eas eixos X, Y, Z<\/p>\n<p>4) Indicador e ferramenta de inspe\u00e7\u00e3o especial: inspe\u00e7\u00e3o da verticalidade do veio<\/p>\n<p>5) Ferramenta de inspe\u00e7\u00e3o especial, rel\u00f3gio comparador e r\u00e9gua angular de precis\u00e3o: verificar o paralelismo e a perpendicularidade da cremalheira X, y, Z e da haste do parafuso com o eixo linear correspondente (carril de guia)<\/p>\n<p>7. Ensaio, embalagem e entrega<\/p>\n<p>&nbsp;<\/p>","protected":false},"excerpt":{"rendered":"<p>Carater\u00edsticas:<\/p>\n<p>1. \u00c9 combinada com a m\u00e1quina router cnc de encaixe para formar a linha de produ\u00e7\u00e3o de mobili\u00e1rio de painel, que substitui na perfei\u00e7\u00e3o a tradicional serra de mesa de empurrar e o berbequim de linha.<\/p>\n<p>2. A produ\u00e7\u00e3o pode ser conclu\u00edda atrav\u00e9s da leitura do c\u00f3digo, e n\u00e3o h\u00e1 necessidade de encontrar um perfurador especial. O custo da m\u00e3o de obra \u00e9 muito reduzido. O esquema \u00e9 adequado para pequenas e m\u00e9dias f\u00e1bricas de processamento de m\u00f3veis de painel.<\/p>\n<p>3. Combina\u00e7\u00e3o perfeita com software especial de design de mobili\u00e1rio inteligente para realizar a produ\u00e7\u00e3o inteligente. Alta precis\u00e3o e alta velocidade.<\/p>\n<p>4. M\u00e1quina de corte de borda m\u00e1quina de banda laser infravermelho perfura\u00e7\u00e3o horizontal de uma s\u00f3 vez, o processo \u00e9 ininterrupto, para maximizar a efici\u00eancia e produ\u00e7\u00e3o.<\/p>\n<p>5. O design da interface de controlo da m\u00e1quina \u00e9 humanizado, a opera\u00e7\u00e3o \u00e9 simples e f\u00e1cil de aprender, e o operador pode trabalhar ap\u00f3s uma forma\u00e7\u00e3o simples, sem trabalhadores t\u00e9cnicos. Velocidade de a\u00e7\u00e3o da m\u00e1quina, alta efici\u00eancia, ajuda-o a alcan\u00e7ar um salto de qualidade.<\/p>\n<p>6. Os componentes importados, tais como o fuso de alta pot\u00eancia arrefecido a ar, o sistema de servo-acionamento e o servo-motor s\u00e3o adoptados para tornar o desempenho da m\u00e1quina mais est\u00e1vel.<\/p>\n<p>7. A mesa \u00e9 uma mesa de tr\u00eas zonas, que pode ser acionada por um \u00fanico comando.<\/p>","protected":false},"featured_media":3626,"template":"","meta":{"_seopress_robots_primary_cat":"","_seopress_titles_title":"","_seopress_titles_desc":"","_seopress_robots_index":"","_uag_custom_page_level_css":"","site-sidebar-layout":"default","site-content-layout":"","ast-site-content-layout":"default","site-content-style":"default","site-sidebar-style":"default","ast-global-header-display":"","ast-banner-title-visibility":"","ast-main-header-display":"","ast-hfb-above-header-display":"","ast-hfb-below-header-display":"","ast-hfb-mobile-header-display":"","site-post-title":"","ast-breadcrumbs-content":"","ast-featured-img":"","footer-sml-layout":"","ast-disable-related-posts":"","theme-transparent-header-meta":"default","adv-header-id-meta":"","stick-header-meta":"default","header-above-stick-meta":"","header-main-stick-meta":"","header-below-stick-meta":"","astra-migrate-meta-layouts":"set","ast-page-background-enabled":"default","ast-page-background-meta":{"desktop":{"background-color":"","background-image":"","background-repeat":"repeat","background-position":"center center","background-size":"auto","background-attachment":"scroll","background-type":"","background-media":"","overlay-type":"","overlay-color":"","overlay-opacity":"","overlay-gradient":""},"tablet":{"background-color":"","background-image":"","background-repeat":"repeat","background-position":"center center","background-size":"auto","background-attachment":"scroll","background-type":"","background-media":"","overlay-type":"","overlay-color":"","overlay-opacity":"","overlay-gradient":""},"mobile":{"background-color":"","background-image":"","background-repeat":"repeat","background-position":"center center","background-size":"auto","background-attachment":"scroll","background-type":"","background-media":"","overlay-type":"","overlay-color":"","overlay-opacity":"","overlay-gradient":""}},"ast-content-background-meta":{"desktop":{"background-color":"var(--ast-global-color-5)","background-image":"","background-repeat":"repeat","background-position":"center center","background-size":"auto","background-attachment":"scroll","background-type":"","background-media":"","overlay-type":"","overlay-color":"","overlay-opacity":"","overlay-gradient":""},"tablet":{"background-color":"var(--ast-global-color-5)","background-image":"","background-repeat":"repeat","background-position":"center center","background-size":"auto","background-attachment":"scroll","background-type":"","background-media":"","overlay-type":"","overlay-color":"","overlay-opacity":"","overlay-gradient":""},"mobile":{"background-color":"var(--ast-global-color-5)","background-image":"","background-repeat":"repeat","background-position":"center center","background-size":"auto","background-attachment":"scroll","background-type":"","background-media":"","overlay-type":"","overlay-color":"","overlay-opacity":"","overlay-gradient":""}}},"product_brand":[],"product_cat":[55],"product_tag":[],"class_list":{"0":"post-3623","1":"product","2":"type-product","3":"status-publish","4":"has-post-thumbnail","6":"product_cat-other","7":"desktop-align-left","8":"tablet-align-left","9":"mobile-align-left","10":"ast-product-gallery-layout-horizontal-slider","11":"ast-product-gallery-with-no-image","12":"ast-product-tabs-layout-horizontal","14":"first","15":"instock","16":"shipping-taxable","17":"product-type-simple"},"uagb_featured_image_src":{"full":["https:\/\/wisecnclaser.com\/wp-content\/uploads\/2025\/05\/68e1d65c075ebc75eff2e998a9f4b94a.jpg",800,800,false],"thumbnail":["https:\/\/wisecnclaser.com\/wp-content\/uploads\/2025\/05\/68e1d65c075ebc75eff2e998a9f4b94a-150x150.jpg",150,150,true],"medium":["https:\/\/wisecnclaser.com\/wp-content\/uploads\/2025\/05\/68e1d65c075ebc75eff2e998a9f4b94a-300x300.jpg",300,300,true],"medium_large":["https:\/\/wisecnclaser.com\/wp-content\/uploads\/2025\/05\/68e1d65c075ebc75eff2e998a9f4b94a-768x768.jpg",768,768,true],"large":["https:\/\/wisecnclaser.com\/wp-content\/uploads\/2025\/05\/68e1d65c075ebc75eff2e998a9f4b94a.jpg",800,800,false],"1536x1536":["https:\/\/wisecnclaser.com\/wp-content\/uploads\/2025\/05\/68e1d65c075ebc75eff2e998a9f4b94a.jpg",800,800,false],"2048x2048":["https:\/\/wisecnclaser.com\/wp-content\/uploads\/2025\/05\/68e1d65c075ebc75eff2e998a9f4b94a.jpg",800,800,false],"trp-custom-language-flag":["https:\/\/wisecnclaser.com\/wp-content\/uploads\/2025\/05\/68e1d65c075ebc75eff2e998a9f4b94a-12x12.jpg",12,12,true],"woocommerce_thumbnail":["https:\/\/wisecnclaser.com\/wp-content\/uploads\/2025\/05\/68e1d65c075ebc75eff2e998a9f4b94a-300x300.jpg",300,300,true],"woocommerce_single":["https:\/\/wisecnclaser.com\/wp-content\/uploads\/2025\/05\/68e1d65c075ebc75eff2e998a9f4b94a-600x600.jpg",600,600,true],"woocommerce_gallery_thumbnail":["https:\/\/wisecnclaser.com\/wp-content\/uploads\/2025\/05\/68e1d65c075ebc75eff2e998a9f4b94a-100x100.jpg",100,100,true]},"uagb_author_info":{"display_name":"jinxing6611@gmail.com","author_link":"https:\/\/wisecnclaser.com\/pt\/author\/"},"uagb_comment_info":0,"uagb_excerpt":"Features: 1. It is combined with nesting cnc router machine to form panel furniture production line, which perfectly replaces the traditional push table saw and row drill. 2. The production can be completed by scanning the code, and there is no need to find a special driller. The labor cost is greatly saved. The scheme&hellip;","_links":{"self":[{"href":"https:\/\/wisecnclaser.com\/pt\/wp-json\/wp\/v2\/product\/3623","targetHints":{"allow":["GET"]}}],"collection":[{"href":"https:\/\/wisecnclaser.com\/pt\/wp-json\/wp\/v2\/product"}],"about":[{"href":"https:\/\/wisecnclaser.com\/pt\/wp-json\/wp\/v2\/types\/product"}],"wp:featuredmedia":[{"embeddable":true,"href":"https:\/\/wisecnclaser.com\/pt\/wp-json\/wp\/v2\/media\/3626"}],"wp:attachment":[{"href":"https:\/\/wisecnclaser.com\/pt\/wp-json\/wp\/v2\/media?parent=3623"}],"wp:term":[{"taxonomy":"product_brand","embeddable":true,"href":"https:\/\/wisecnclaser.com\/pt\/wp-json\/wp\/v2\/product_brand?post=3623"},{"taxonomy":"product_cat","embeddable":true,"href":"https:\/\/wisecnclaser.com\/pt\/wp-json\/wp\/v2\/product_cat?post=3623"},{"taxonomy":"product_tag","embeddable":true,"href":"https:\/\/wisecnclaser.com\/pt\/wp-json\/wp\/v2\/product_tag?post=3623"}],"curies":[{"name":"wp","href":"https:\/\/api.w.org\/{rel}","templated":true}]}}