{"id":3627,"date":"2025-05-23T00:27:13","date_gmt":"2025-05-23T00:27:13","guid":{"rendered":"https:\/\/wisecnclaser.com\/?post_type=product&#038;p=3627"},"modified":"2025-05-23T00:27:13","modified_gmt":"2025-05-23T00:27:13","slug":"metal-channel-letter-bending-machine","status":"publish","type":"product","link":"https:\/\/wisecnclaser.com\/pt\/produto\/metal-channel-letter-bending-machine\/","title":{"rendered":"M\u00e1quina de dobrar letras de canal de metal"},"content":{"rendered":"<p>Vantagens da m\u00e1quina de dobrar letras:<\/p>\n<p>1. sistema de ranhura dupla independente, a realiza\u00e7\u00e3o real de diferentes tipos de materiais livremente processamento.<\/p>\n<p>2. ajuste autom\u00e1tico da profundidade de corte para a plaina e para a fresa de ranhura, f\u00e1cil de operar<\/p>\n<p>3. a plaina \u00e9 feita com liga dura acabada, corte est\u00e1vel e suave, gr\u00e3o de l\u00e2mina com um n\u00famero de dicas pode ser usado separadamente, livre de manuten\u00e7\u00e3o e moagem livre, baixo custo. Ajuste autom\u00e1tico para l\u00e2mina plana, ajuste livre para profundidade de ranhura.<\/p>\n<p>4. fresa de precis\u00e3o pode balan\u00e7ar tudo ao redor, Identificar \u00e2ngulo automaticamente, processando variedade de perfil de alum\u00ednio.<\/p>\n<p>5. Sistema de comuta\u00e7\u00e3o de um passo para dobragem alternada de dois p\u00f3los para bobina met\u00e1lica e sistema de dobragem por extrus\u00e3o patenteado para perfil de alum\u00ednio, comuta\u00e7\u00e3o livre, sem necessidade de ajustar novamente quando mudar de material.<\/p>\n<p>6. sistema de controlo servo de alta pot\u00eancia, alta precis\u00e3o, velocidade r\u00e1pida, bin\u00e1rio elevado, melhorar a efici\u00eancia de trabalho.<\/p>\n<p>7. com sistema de controle de loop fechado de comprimento, controle de software de precis\u00e3o de comprimento, erro\u22640.1mm.<\/p>\n<p>8. rack de material independente, para garantir a estabilidade da alimenta\u00e7\u00e3o do equipamento.<\/p>\n<p>9. cromagem completa para a m\u00e1quina, resistente ao desgaste e \u00e0 corros\u00e3o<\/p>\n<p>10. software pode alternar entre dois sistemas de ranhura livremente, interface simples, f\u00e1cil de aprender e operar.<\/p>\n<p>&nbsp;<\/p>\n<p>Par\u00e2metros t\u00e9cnicos:<\/p>\n<table border=\"0\">\n<tbody>\n<tr class=\"firstRow\">\n<td width=\"232\">\u00a0 Altura do material<\/td>\n<td width=\"419\">10-130 mm<\/td>\n<\/tr>\n<tr>\n<td width=\"232\">Materiais aplic\u00e1veis<\/td>\n<td width=\"419\">A\u00e7o inoxid\u00e1vel, chapa galvanizada, ferro, alum\u00ednio, cobre e outros<\/p>\n<p>Bobina met\u00e1lica;<\/p>\n<p>alum\u00ednio de borda, perfil de alum\u00ednio ou outro perfil de forma especial<\/td>\n<\/tr>\n<tr>\n<td width=\"232\">Formato de ficheiro suportado<\/td>\n<td width=\"419\">dxf\u3001ai\u3001plt<\/td>\n<\/tr>\n<tr>\n<td width=\"232\">Raio de curvatura m\u00ednimo<\/td>\n<td width=\"419\">R=3 MM<\/td>\n<\/tr>\n<tr>\n<td width=\"232\">Espessura do material<\/td>\n<td width=\"419\">0,3-1,2 mm<\/td>\n<\/tr>\n<tr>\n<td width=\"232\">Pot\u00eancia de pico<\/td>\n<td width=\"419\">2000W<\/td>\n<\/tr>\n<tr>\n<td width=\"232\">Precis\u00e3o do comprimento<\/td>\n<td width=\"419\">0,1 mm\/metro<\/td>\n<\/tr>\n<tr>\n<td width=\"232\">Bin\u00e1rio de alimenta\u00e7\u00e3o<\/td>\n<td width=\"419\">&gt;45Nm<\/td>\n<\/tr>\n<tr>\n<td width=\"232\">Pico de torque com ranhuras para plaina<\/td>\n<td width=\"419\">&gt;100Nm<\/td>\n<\/tr>\n<tr>\n<td width=\"232\">\u00a0Pico de bin\u00e1rio de flex\u00e3o do arco<\/td>\n<td width=\"419\">&gt;100Nm<\/td>\n<\/tr>\n<tr>\n<td width=\"232\">Dimens\u00f5es<\/td>\n<td width=\"419\">1900*900*1600<\/td>\n<\/tr>\n<tr>\n<td width=\"232\">Tratamento de superf\u00edcie da pe\u00e7a de trabalho<\/td>\n<td width=\"419\">cromagem completa<\/td>\n<\/tr>\n<tr>\n<td width=\"232\">N.Peso<\/td>\n<td width=\"419\">530 kg<\/td>\n<\/tr>\n<tr>\n<td width=\"232\">Pot\u00eancia<\/td>\n<td width=\"419\">AC220V<\/td>\n<\/tr>\n<tr>\n<td width=\"232\">Press\u00e3o de trabalho<\/td>\n<td width=\"419\">0,3-0,6 mpa<\/td>\n<\/tr>\n<\/tbody>\n<\/table>","protected":false},"excerpt":{"rendered":"<p>Vantagens da m\u00e1quina de dobrar letras:<\/p>\n<p>1. sistema de ranhura dupla independente, a realiza\u00e7\u00e3o real de diferentes tipos de materiais livremente processamento.<\/p>\n<p>2. ajuste autom\u00e1tico da profundidade de corte para a plaina e para a fresa de ranhura, f\u00e1cil de operar<\/p>\n<p>3. a plaina \u00e9 feita com liga dura acabada, corte est\u00e1vel e suave, gr\u00e3o de l\u00e2mina com um n\u00famero de dicas pode ser usado separadamente, livre de manuten\u00e7\u00e3o e moagem livre, baixo custo. Ajuste autom\u00e1tico para l\u00e2mina plana, ajuste livre para profundidade de ranhura.<\/p>\n<p>4. fresa de precis\u00e3o pode balan\u00e7ar tudo ao redor, Identificar \u00e2ngulo automaticamente, processando variedade de perfil de alum\u00ednio.<\/p>\n<p>5. Sistema de comuta\u00e7\u00e3o de um passo para dobragem alternada de dois p\u00f3los para bobina met\u00e1lica e sistema de dobragem por extrus\u00e3o patenteado para perfil de alum\u00ednio, comuta\u00e7\u00e3o livre, sem necessidade de ajustar novamente quando mudar de material.<\/p>\n<p>6. sistema de controlo servo de alta pot\u00eancia, alta precis\u00e3o, velocidade r\u00e1pida, bin\u00e1rio elevado, melhorar a efici\u00eancia de trabalho.<\/p>\n<p>7. com sistema de controle de loop fechado de comprimento, controle de software de precis\u00e3o de comprimento, erro\u22640.1mm.<\/p>\n<p>8. rack de material independente, para garantir a estabilidade da alimenta\u00e7\u00e3o do equipamento.<\/p>\n<p>9. cromagem completa para a m\u00e1quina, resistente ao desgaste e \u00e0 corros\u00e3o<\/p>\n<p>10. software pode alternar entre dois sistemas de ranhura livremente, interface simples, f\u00e1cil de aprender e operar.<\/p>","protected":false},"featured_media":3630,"template":"","meta":{"_seopress_robots_primary_cat":"","_seopress_titles_title":"","_seopress_titles_desc":"","_seopress_robots_index":"","_uag_custom_page_level_css":"","site-sidebar-layout":"default","site-content-layout":"","ast-site-content-layout":"default","site-content-style":"default","site-sidebar-style":"default","ast-global-header-display":"","ast-banner-title-visibility":"","ast-main-header-display":"","ast-hfb-above-header-display":"","ast-hfb-below-header-display":"","ast-hfb-mobile-header-display":"","site-post-title":"","ast-breadcrumbs-content":"","ast-featured-img":"","footer-sml-layout":"","ast-disable-related-posts":"","theme-transparent-header-meta":"default","adv-header-id-meta":"","stick-header-meta":"default","header-above-stick-meta":"","header-main-stick-meta":"","header-below-stick-meta":"","astra-migrate-meta-layouts":"set","ast-page-background-enabled":"default","ast-page-background-meta":{"desktop":{"background-color":"","background-image":"","background-repeat":"repeat","background-position":"center center","background-size":"auto","background-attachment":"scroll","background-type":"","background-media":"","overlay-type":"","overlay-color":"","overlay-opacity":"","overlay-gradient":""},"tablet":{"background-color":"","background-image":"","background-repeat":"repeat","background-position":"center center","background-size":"auto","background-attachment":"scroll","background-type":"","background-media":"","overlay-type":"","overlay-color":"","overlay-opacity":"","overlay-gradient":""},"mobile":{"background-color":"","background-image":"","background-repeat":"repeat","background-position":"center center","background-size":"auto","background-attachment":"scroll","background-type":"","background-media":"","overlay-type":"","overlay-color":"","overlay-opacity":"","overlay-gradient":""}},"ast-content-background-meta":{"desktop":{"background-color":"var(--ast-global-color-5)","background-image":"","background-repeat":"repeat","background-position":"center center","background-size":"auto","background-attachment":"scroll","background-type":"","background-media":"","overlay-type":"","overlay-color":"","overlay-opacity":"","overlay-gradient":""},"tablet":{"background-color":"var(--ast-global-color-5)","background-image":"","background-repeat":"repeat","background-position":"center center","background-size":"auto","background-attachment":"scroll","background-type":"","background-media":"","overlay-type":"","overlay-color":"","overlay-opacity":"","overlay-gradient":""},"mobile":{"background-color":"var(--ast-global-color-5)","background-image":"","background-repeat":"repeat","background-position":"center center","background-size":"auto","background-attachment":"scroll","background-type":"","background-media":"","overlay-type":"","overlay-color":"","overlay-opacity":"","overlay-gradient":""}}},"product_brand":[],"product_cat":[62],"product_tag":[],"class_list":{"0":"post-3627","1":"product","2":"type-product","3":"status-publish","4":"has-post-thumbnail","6":"product_cat-letter","7":"desktop-align-left","8":"tablet-align-left","9":"mobile-align-left","10":"ast-product-gallery-layout-horizontal-slider","11":"ast-product-gallery-with-no-image","12":"ast-product-tabs-layout-horizontal","14":"first","15":"instock","16":"shipping-taxable","17":"product-type-simple"},"uagb_featured_image_src":{"full":["https:\/\/wisecnclaser.com\/wp-content\/uploads\/2025\/05\/5f8de839b037ccdc38dd83d6cf5e39f9.jpg",800,533,false],"thumbnail":["https:\/\/wisecnclaser.com\/wp-content\/uploads\/2025\/05\/5f8de839b037ccdc38dd83d6cf5e39f9-150x150.jpg",150,150,true],"medium":["https:\/\/wisecnclaser.com\/wp-content\/uploads\/2025\/05\/5f8de839b037ccdc38dd83d6cf5e39f9-300x200.jpg",300,200,true],"medium_large":["https:\/\/wisecnclaser.com\/wp-content\/uploads\/2025\/05\/5f8de839b037ccdc38dd83d6cf5e39f9-768x512.jpg",768,512,true],"large":["https:\/\/wisecnclaser.com\/wp-content\/uploads\/2025\/05\/5f8de839b037ccdc38dd83d6cf5e39f9.jpg",800,533,false],"1536x1536":["https:\/\/wisecnclaser.com\/wp-content\/uploads\/2025\/05\/5f8de839b037ccdc38dd83d6cf5e39f9.jpg",800,533,false],"2048x2048":["https:\/\/wisecnclaser.com\/wp-content\/uploads\/2025\/05\/5f8de839b037ccdc38dd83d6cf5e39f9.jpg",800,533,false],"trp-custom-language-flag":["https:\/\/wisecnclaser.com\/wp-content\/uploads\/2025\/05\/5f8de839b037ccdc38dd83d6cf5e39f9-18x12.jpg",18,12,true],"woocommerce_thumbnail":["https:\/\/wisecnclaser.com\/wp-content\/uploads\/2025\/05\/5f8de839b037ccdc38dd83d6cf5e39f9-300x300.jpg",300,300,true],"woocommerce_single":["https:\/\/wisecnclaser.com\/wp-content\/uploads\/2025\/05\/5f8de839b037ccdc38dd83d6cf5e39f9-600x400.jpg",600,400,true],"woocommerce_gallery_thumbnail":["https:\/\/wisecnclaser.com\/wp-content\/uploads\/2025\/05\/5f8de839b037ccdc38dd83d6cf5e39f9-100x100.jpg",100,100,true]},"uagb_author_info":{"display_name":"jinxing6611@gmail.com","author_link":"https:\/\/wisecnclaser.com\/pt\/author\/"},"uagb_comment_info":0,"uagb_excerpt":"Letter Bending Machine Advantages: 1.Independent double slotting system, the real realization of different types of materials freely processing. 2.Automatic adjustment of cutting depth for both planer and milling cutter slotting, easy to operate 3.The planer is made with hard alloy finished , cutting stable and smooth , blade grain with a number of tips can&hellip;","_links":{"self":[{"href":"https:\/\/wisecnclaser.com\/pt\/wp-json\/wp\/v2\/product\/3627","targetHints":{"allow":["GET"]}}],"collection":[{"href":"https:\/\/wisecnclaser.com\/pt\/wp-json\/wp\/v2\/product"}],"about":[{"href":"https:\/\/wisecnclaser.com\/pt\/wp-json\/wp\/v2\/types\/product"}],"wp:featuredmedia":[{"embeddable":true,"href":"https:\/\/wisecnclaser.com\/pt\/wp-json\/wp\/v2\/media\/3630"}],"wp:attachment":[{"href":"https:\/\/wisecnclaser.com\/pt\/wp-json\/wp\/v2\/media?parent=3627"}],"wp:term":[{"taxonomy":"product_brand","embeddable":true,"href":"https:\/\/wisecnclaser.com\/pt\/wp-json\/wp\/v2\/product_brand?post=3627"},{"taxonomy":"product_cat","embeddable":true,"href":"https:\/\/wisecnclaser.com\/pt\/wp-json\/wp\/v2\/product_cat?post=3627"},{"taxonomy":"product_tag","embeddable":true,"href":"https:\/\/wisecnclaser.com\/pt\/wp-json\/wp\/v2\/product_tag?post=3627"}],"curies":[{"name":"wp","href":"https:\/\/api.w.org\/{rel}","templated":true}]}}