{"id":3640,"date":"2025-05-23T00:36:26","date_gmt":"2025-05-23T00:36:26","guid":{"rendered":"https:\/\/wisecnclaser.com\/?post_type=product&#038;p=3640"},"modified":"2025-05-23T00:36:26","modified_gmt":"2025-05-23T00:36:26","slug":"wise48f-loading-unloading-nesting-atc-cnc-router","status":"publish","type":"product","link":"https:\/\/wisecnclaser.com\/pt\/produto\/wise48f-loading-unloading-nesting-atc-cnc-router\/","title":{"rendered":"WISE48F Router CNC ATC de carregamento e descarregamento"},"content":{"rendered":"<p>Carater\u00edsticas:<\/p>\n<p>1. todo o corpo da m\u00e1quina \u00e9 feito de a\u00e7o 8MM sem costura soldadura tratamento de envelhecimento de t\u00eampera, r\u00edgida, sem deforma\u00e7\u00e3o.<\/p>\n<p>2. servo motor, alta precis\u00e3o e alta velocidade.<\/p>\n<p>3. Taiwan 30 guia de carril quadrado, funcionamento suave, alta precis\u00e3o mais est\u00e1vel, longa vida \u00fatil.<\/p>\n<p>4. Eixo ATC de refrigera\u00e7\u00e3o a ar de 9KW, longa vida \u00fatil, velocidade at\u00e9 18000 r \/ min, superf\u00edcie lisa esculpida.<\/p>\n<p>5. Grande equipado com um arm\u00e1rio separado, opera\u00e7\u00e3o de ecr\u00e3 t\u00e1til, simples e conveniente, f\u00e1cil de aprender.<\/p>\n<p>6. O sistema de v\u00e1cuo pode ser aspirado no processo de processamento de aparas de madeira e detritos, para manter a mesa limpa e a manuten\u00e7\u00e3o indireta do equipamento.<\/p>\n<p>7.12 ferramentas ATC lineares, acionamento servo<\/p>\n<p>8. Utilizado para corte de madeira, grava\u00e7\u00e3o, fresagem, corte de furos, aplicado em mobili\u00e1rio de painel, arm\u00e1rio revestido e fabrico avan\u00e7ado de portas de arm\u00e1rio<\/p>\n<p>9. Dispositivo de carga e descarga autom\u00e1tica<\/p>\n<p>Aplica\u00e7\u00e3o:<\/p>\n<p>Adequado para carpintaria, portas de madeira, mobili\u00e1rio, arm\u00e1rios, moldes, m\u00f3veis de painel, etc.<\/p>\n<table border=\"1\" width=\"666\">\n<tbody>\n<tr class=\"firstRow\">\n<td colspan=\"2\" width=\"662\">Descri\u00e7\u00e3o e especifica\u00e7\u00f5es do Router CNC ATC Nesting de carga e descarga:<\/td>\n<\/tr>\n<tr>\n<td valign=\"top\" width=\"217\">Modelo<\/td>\n<td valign=\"top\" width=\"446\">WISE48F<\/td>\n<\/tr>\n<tr>\n<td valign=\"top\" width=\"217\">X \u00c1rea de trabalho<\/td>\n<td valign=\"top\" width=\"446\">1300mm<\/td>\n<\/tr>\n<tr>\n<td valign=\"top\" width=\"217\">Y \u00c1rea de trabalho<\/td>\n<td valign=\"top\" width=\"446\">2500 mm<\/td>\n<\/tr>\n<tr>\n<td valign=\"top\" width=\"217\">Z \u00c1rea de trabalho<\/td>\n<td valign=\"top\" width=\"446\">300 mm<\/td>\n<\/tr>\n<tr>\n<td valign=\"top\" width=\"217\">Mesa da m\u00e1quina<\/td>\n<td valign=\"top\" width=\"446\">Mesa de v\u00e1cuo de camada dupla<\/td>\n<\/tr>\n<tr>\n<td valign=\"top\" width=\"217\">Precis\u00e3o do posicionamento em viagem<\/td>\n<td valign=\"top\" width=\"446\">\u00b10,05mm<\/td>\n<\/tr>\n<tr>\n<td valign=\"top\" width=\"217\">Reposicionamento Precis\u00e3o do posicionamento<\/td>\n<td valign=\"top\" width=\"446\">\u00b10,05mm<\/td>\n<\/tr>\n<tr>\n<td valign=\"top\" width=\"217\">X,Y ,Z Estrutura<\/td>\n<td valign=\"top\" width=\"446\">Roda dentada XY Taiwan 2.0M, parafuso esf\u00e9rico Z Taiwan. Todos os eixos usam guia quadrada<\/td>\n<\/tr>\n<tr>\n<td valign=\"top\" width=\"217\">FERRAMENTAS ATC<\/td>\n<td valign=\"top\" width=\"446\">12 FERRAMENTAS em linha<\/td>\n<\/tr>\n<tr>\n<td valign=\"top\" width=\"217\">M\u00e1ximo. Velocidade de desloca\u00e7\u00e3o r\u00e1pida<\/td>\n<td valign=\"top\" width=\"446\">50000mm\/min<\/td>\n<\/tr>\n<tr>\n<td valign=\"top\" width=\"217\">Velocidade m\u00e1x. Velocidade de trabalho<\/td>\n<td valign=\"top\" width=\"446\">25000mm\/min<\/td>\n<\/tr>\n<tr>\n<td valign=\"top\" width=\"217\">Fuso<\/td>\n<td valign=\"top\" width=\"446\">Eixo ATC de 9KW<\/td>\n<\/tr>\n<tr>\n<td valign=\"top\" width=\"217\">Velocidade do fuso<\/td>\n<td valign=\"top\" width=\"446\">0-18000rpm<\/td>\n<\/tr>\n<tr>\n<td valign=\"top\" width=\"217\">Motor de acionamento<\/td>\n<td valign=\"top\" width=\"446\">Servo chin\u00eas<\/td>\n<\/tr>\n<tr>\n<td valign=\"top\" width=\"217\">Comando<\/td>\n<td valign=\"top\" width=\"446\">C\u00f3digo G*.u00*.mmg*.plt<\/td>\n<\/tr>\n<tr>\n<td valign=\"top\" width=\"217\">Tens\u00e3o de funcionamento<\/td>\n<td valign=\"top\" width=\"446\">3PH AC380V\/50Hz<\/td>\n<\/tr>\n<tr>\n<td valign=\"top\" width=\"217\">Sistema de controlo<\/td>\n<td valign=\"top\" width=\"446\">Taiwan LNC Sistema de controlo<\/td>\n<\/tr>\n<tr>\n<td valign=\"top\" width=\"217\">Carril de guia<\/td>\n<td valign=\"top\" width=\"446\">Taiwan 30 carril quadrado<\/td>\n<\/tr>\n<tr>\n<td valign=\"top\" width=\"217\">Arm\u00e1rio de controlo<\/td>\n<td valign=\"top\" width=\"446\">arm\u00e1rio de ecr\u00e3 t\u00e1til<\/td>\n<\/tr>\n<tr>\n<td valign=\"top\" width=\"217\">Sistema de lubrifica\u00e7\u00e3o<\/td>\n<td valign=\"top\" width=\"446\">Sistema de lubrifica\u00e7\u00e3o autom\u00e1tica<\/td>\n<\/tr>\n<tr>\n<td valign=\"top\" width=\"217\">Dispositivo auxiliar<\/td>\n<td valign=\"top\" width=\"446\">Pinos pop-up - para fixar o material no lugar certo, sensor de ferramenta para calibrar a mesma altura do eixo Z de cada ferramenta, coletor de p\u00f3 de 5,5kw, bomba de v\u00e1cuo de 7,5kw, dispositivo de carga e descarga autom\u00e1tica<\/td>\n<\/tr>\n<\/tbody>\n<\/table>\n<p>&nbsp;<\/p>","protected":false},"excerpt":{"rendered":"<p>The automatic loading and unloading nesting cnc router machine, that is the nesting cnc router with the loading and unloading platform, can save workers&#8217; time for handling the plates. The forklift prepares the materials in advance, saving labor and idle time.<\/p>\n<p>The automatic loading and unloading docking bar code machine and queuing software can realize automatic labeling. Bar code, loading, vertical hole punching, cutting, slotting, and blanking are all in one step.<\/p>\n<p>After the furniture factory has developed to a certain scale, as the order volume gradually increases and the management cost continues to rise, manufacturers need to select stable and reliable automatic loading and unloading wood cutting machine. The loading and unloading cnc router is matched with mature and stable customized furniture nesting software, which can save labor and greatly improve production efficiency. At the same time, it eliminates manual errors and avoids plate damage during production.<\/p>","protected":false},"featured_media":3643,"template":"","meta":{"_seopress_robots_primary_cat":"","_seopress_titles_title":"","_seopress_titles_desc":"","_seopress_robots_index":"","_uag_custom_page_level_css":"","site-sidebar-layout":"default","site-content-layout":"","ast-site-content-layout":"default","site-content-style":"default","site-sidebar-style":"default","ast-global-header-display":"","ast-banner-title-visibility":"","ast-main-header-display":"","ast-hfb-above-header-display":"","ast-hfb-below-header-display":"","ast-hfb-mobile-header-display":"","site-post-title":"","ast-breadcrumbs-content":"","ast-featured-img":"","footer-sml-layout":"","ast-disable-related-posts":"","theme-transparent-header-meta":"default","adv-header-id-meta":"","stick-header-meta":"default","header-above-stick-meta":"","header-main-stick-meta":"","header-below-stick-meta":"","astra-migrate-meta-layouts":"set","ast-page-background-enabled":"default","ast-page-background-meta":{"desktop":{"background-color":"","background-image":"","background-repeat":"repeat","background-position":"center center","background-size":"auto","background-attachment":"scroll","background-type":"","background-media":"","overlay-type":"","overlay-color":"","overlay-opacity":"","overlay-gradient":""},"tablet":{"background-color":"","background-image":"","background-repeat":"repeat","background-position":"center center","background-size":"auto","background-attachment":"scroll","background-type":"","background-media":"","overlay-type":"","overlay-color":"","overlay-opacity":"","overlay-gradient":""},"mobile":{"background-color":"","background-image":"","background-repeat":"repeat","background-position":"center center","background-size":"auto","background-attachment":"scroll","background-type":"","background-media":"","overlay-type":"","overlay-color":"","overlay-opacity":"","overlay-gradient":""}},"ast-content-background-meta":{"desktop":{"background-color":"var(--ast-global-color-5)","background-image":"","background-repeat":"repeat","background-position":"center center","background-size":"auto","background-attachment":"scroll","background-type":"","background-media":"","overlay-type":"","overlay-color":"","overlay-opacity":"","overlay-gradient":""},"tablet":{"background-color":"var(--ast-global-color-5)","background-image":"","background-repeat":"repeat","background-position":"center center","background-size":"auto","background-attachment":"scroll","background-type":"","background-media":"","overlay-type":"","overlay-color":"","overlay-opacity":"","overlay-gradient":""},"mobile":{"background-color":"var(--ast-global-color-5)","background-image":"","background-repeat":"repeat","background-position":"center center","background-size":"auto","background-attachment":"scroll","background-type":"","background-media":"","overlay-type":"","overlay-color":"","overlay-opacity":"","overlay-gradient":""}}},"product_brand":[],"product_cat":[34],"product_tag":[],"class_list":{"0":"post-3640","1":"product","2":"type-product","3":"status-publish","4":"has-post-thumbnail","6":"product_cat-nesting","7":"desktop-align-left","8":"tablet-align-left","9":"mobile-align-left","10":"ast-product-gallery-layout-horizontal-slider","11":"ast-product-tabs-layout-horizontal","13":"first","14":"instock","15":"shipping-taxable","16":"product-type-simple"},"uagb_featured_image_src":{"full":["https:\/\/wisecnclaser.com\/wp-content\/uploads\/2025\/05\/eab55783ebe61006c1f62958f841d5ae.png",800,800,false],"thumbnail":["https:\/\/wisecnclaser.com\/wp-content\/uploads\/2025\/05\/eab55783ebe61006c1f62958f841d5ae-150x150.png",150,150,true],"medium":["https:\/\/wisecnclaser.com\/wp-content\/uploads\/2025\/05\/eab55783ebe61006c1f62958f841d5ae-300x300.png",300,300,true],"medium_large":["https:\/\/wisecnclaser.com\/wp-content\/uploads\/2025\/05\/eab55783ebe61006c1f62958f841d5ae-768x768.png",768,768,true],"large":["https:\/\/wisecnclaser.com\/wp-content\/uploads\/2025\/05\/eab55783ebe61006c1f62958f841d5ae.png",800,800,false],"1536x1536":["https:\/\/wisecnclaser.com\/wp-content\/uploads\/2025\/05\/eab55783ebe61006c1f62958f841d5ae.png",800,800,false],"2048x2048":["https:\/\/wisecnclaser.com\/wp-content\/uploads\/2025\/05\/eab55783ebe61006c1f62958f841d5ae.png",800,800,false],"trp-custom-language-flag":["https:\/\/wisecnclaser.com\/wp-content\/uploads\/2025\/05\/eab55783ebe61006c1f62958f841d5ae-12x12.png",12,12,true],"woocommerce_thumbnail":["https:\/\/wisecnclaser.com\/wp-content\/uploads\/2025\/05\/eab55783ebe61006c1f62958f841d5ae-300x300.png",300,300,true],"woocommerce_single":["https:\/\/wisecnclaser.com\/wp-content\/uploads\/2025\/05\/eab55783ebe61006c1f62958f841d5ae-600x600.png",600,600,true],"woocommerce_gallery_thumbnail":["https:\/\/wisecnclaser.com\/wp-content\/uploads\/2025\/05\/eab55783ebe61006c1f62958f841d5ae-100x100.png",100,100,true]},"uagb_author_info":{"display_name":"jinxing6611@gmail.com","author_link":"https:\/\/wisecnclaser.com\/pt\/author\/"},"uagb_comment_info":0,"uagb_excerpt":"The automatic loading and unloading nesting cnc router machine, that is the nesting cnc router with the loading and unloading platform, can save workers' time for handling the plates. The forklift prepares the materials in advance, saving labor and idle time. The automatic loading and unloading docking bar code machine and queuing software can realize&hellip;","_links":{"self":[{"href":"https:\/\/wisecnclaser.com\/pt\/wp-json\/wp\/v2\/product\/3640","targetHints":{"allow":["GET"]}}],"collection":[{"href":"https:\/\/wisecnclaser.com\/pt\/wp-json\/wp\/v2\/product"}],"about":[{"href":"https:\/\/wisecnclaser.com\/pt\/wp-json\/wp\/v2\/types\/product"}],"wp:featuredmedia":[{"embeddable":true,"href":"https:\/\/wisecnclaser.com\/pt\/wp-json\/wp\/v2\/media\/3643"}],"wp:attachment":[{"href":"https:\/\/wisecnclaser.com\/pt\/wp-json\/wp\/v2\/media?parent=3640"}],"wp:term":[{"taxonomy":"product_brand","embeddable":true,"href":"https:\/\/wisecnclaser.com\/pt\/wp-json\/wp\/v2\/product_brand?post=3640"},{"taxonomy":"product_cat","embeddable":true,"href":"https:\/\/wisecnclaser.com\/pt\/wp-json\/wp\/v2\/product_cat?post=3640"},{"taxonomy":"product_tag","embeddable":true,"href":"https:\/\/wisecnclaser.com\/pt\/wp-json\/wp\/v2\/product_tag?post=3640"}],"curies":[{"name":"wp","href":"https:\/\/api.w.org\/{rel}","templated":true}]}}