{"id":3659,"date":"2025-05-23T00:57:22","date_gmt":"2025-05-23T00:57:22","guid":{"rendered":"https:\/\/wisecnclaser.com\/?post_type=product&#038;p=3659"},"modified":"2025-05-23T00:57:23","modified_gmt":"2025-05-23T00:57:23","slug":"handheld-laser-welding-machine","status":"publish","type":"product","link":"https:\/\/wisecnclaser.com\/pt\/produto\/handheld-laser-welding-machine\/","title":{"rendered":"M\u00e1quina de soldadura a laser port\u00e1til"},"content":{"rendered":"<p><b>INTRODU\u00c7\u00c3O<\/b><\/p>\n<p>\u00d8 A soldadura a laser \u00e9 um tipo de m\u00e9todo de processamento que utiliza um feixe laser de alta densidade de energia como fonte de calor para soldar materiais.<\/p>\n<p>\u00d8 Nos \u00faltimos anos, devido ao desenvolvimento e progresso cont\u00ednuos dos materiais, da tecnologia e dos processos, o laser tem sido amplamente utilizado na soldadura e brasagem de pl\u00e1sticos, metais, etc., e continuar\u00e1 a substituir os m\u00e9todos de soldadura tradicionais, como a soldadura por arco de \u00e1rgon, nas ind\u00fastrias autom\u00f3vel, de sensores, eletr\u00f3nica e outras.<\/p>\n<p>\u00d8 M\u00e1quina de soldadura a laser manual com cabe\u00e7a de soldadura manual, semelhante \u00e0 soldadura por arco de \u00e1rgon, opera\u00e7\u00e3o flex\u00edvel e simples, adequada para encomendas de pequenos e grandes lotes com baixos requisitos de consist\u00eancia do produto<\/p>\n<p>\u00d8 Pode ser amplamente utilizado no processo de soldadura complicado e irregular de arm\u00e1rios, cozinhas e casas de banho, elevadores de escadas, prateleiras, fornos, portas e janelas de a\u00e7o inoxid\u00e1vel, caixas de distribui\u00e7\u00e3o, casas de a\u00e7o inoxid\u00e1vel e outras ind\u00fastrias.<\/p>\n<p><b>CARACTER\u00cdSTICAS E VANTAGENS<\/b><\/p>\n<p>\u00d8 A velocidade de soldadura \u00e9 r\u00e1pida, 2-3 vezes mais r\u00e1pida do que a soldadura tradicional<\/p>\n<p>\u00d8 Os consum\u00edveis de soldadura s\u00e3o menores, de longa dura\u00e7\u00e3o, mais seguros e com prote\u00e7\u00e3o ambiental<\/p>\n<p>\u00d8 Soldadura lisa e bonita, sem tratamento secund\u00e1rio, poupando tempo e custos<\/p>\n<p>\u00d8 A pe\u00e7a a soldar tem pouca influ\u00eancia t\u00e9rmica e n\u00e3o se deforma<\/p>\n<p>\u00d8 Balan\u00e7ando a cabe\u00e7a do laser, o feixe pode ser ajustado 0,5-6mm, o que compensa a desvantagem do pequeno ponto de soldadura a laser, expande a gama de toler\u00e2ncia e a largura de soldadura das pe\u00e7as de processamento, e obt\u00e9m uma melhor forma\u00e7\u00e3o de soldadura.<\/p>\n<p><strong>PORMENORES DOS PAR\u00c2METROS<\/strong><\/p>\n<table width=\"666\">\n<tbody>\n<tr>\n<td width=\"254\">ITENS<\/td>\n<td colspan=\"3\" width=\"439\">PAR\u00c2METRO<\/td>\n<\/tr>\n<tr>\n<td width=\"254\">Modelo<\/td>\n<td width=\"124\">WS-1000<\/td>\n<td width=\"141\">WS-1500<\/td>\n<td width=\"174\">WS-2000<\/td>\n<\/tr>\n<tr>\n<td width=\"254\">Pot\u00eancia laser<\/td>\n<td width=\"124\">1000W<\/td>\n<td width=\"141\">1500W<\/td>\n<td width=\"174\">2000W<\/td>\n<\/tr>\n<tr>\n<td width=\"254\">Tens\u00e3o de funcionamento<\/td>\n<td width=\"124\">220V<\/td>\n<td width=\"141\">220V<\/td>\n<td width=\"174\">220V\/380V<\/td>\n<\/tr>\n<tr>\n<td width=\"254\">Comprimento de onda do laser<\/td>\n<td colspan=\"3\" width=\"439\">1080nm<\/td>\n<\/tr>\n<tr>\n<td width=\"254\">Tipo de condu\u00e7\u00e3o<\/td>\n<td colspan=\"3\" width=\"439\">Laser de fibra<\/td>\n<\/tr>\n<tr>\n<td width=\"254\">Gama de velocidades de soldadura<\/td>\n<td colspan=\"3\" width=\"439\">0~120 mm\/s<\/td>\n<\/tr>\n<tr>\n<td width=\"254\">Refrigerador de \u00e1gua<\/td>\n<td colspan=\"3\" width=\"439\">Dep\u00f3sito de \u00e1gua industrial a temperatura constante<\/td>\n<\/tr>\n<tr>\n<td width=\"254\">Ambiente de trabalho Gama de temperaturas<\/td>\n<td colspan=\"3\" width=\"439\">10~40 \u2103<\/td>\n<\/tr>\n<tr>\n<td width=\"254\">Gama de humidade do ambiente de trabalho<\/td>\n<td colspan=\"3\" width=\"439\">&lt; 70% Sem condensa\u00e7\u00e3o<\/td>\n<\/tr>\n<tr>\n<td width=\"254\">Capacidade de soldadura<\/td>\n<td width=\"124\">A\u00e7o inoxid\u00e1vel 4mm<\/p>\n<p>A\u00e7o carbono 4mm<\/p>\n<p>Alum\u00ednio 2mm<\/td>\n<td width=\"141\">A\u00e7o inoxid\u00e1vel 5mm<\/p>\n<p>a\u00e7o-carbono 5mm<\/p>\n<p>alum\u00ednio 3mm<\/td>\n<td width=\"174\">A\u00e7o inoxid\u00e1vel 6mm<\/p>\n<p>A\u00e7o carbono 6mm<\/p>\n<p>Alum\u00ednio 4mm<\/td>\n<\/tr>\n<tr>\n<td width=\"254\">Requisitos do cord\u00e3o de soldadura<\/td>\n<td colspan=\"3\" width=\"439\">\u22640,5 mm<\/td>\n<\/tr>\n<\/tbody>\n<\/table>\n<p><b>\u00a0<\/b><\/p>\n<p><b>COMPARA\u00c7\u00c3O: SOLDADURA A LASER E SOLDADURA TRADICIONAL<\/b><\/p>\n<table width=\"666\">\n<tbody>\n<tr>\n<td width=\"260\"><b>ITENS DE COMPARA\u00c7\u00c3O<\/b><\/td>\n<td width=\"200\"><b>SOLDADURA TRADICIONAL<\/b><\/td>\n<td width=\"230\"><b>SOLDAGEM A LASER<\/b><\/td>\n<\/tr>\n<tr>\n<td width=\"260\">Entrada de calor na pe\u00e7a de trabalho<\/td>\n<td width=\"200\">Muito elevado<\/td>\n<td width=\"230\">Baixa<\/td>\n<\/tr>\n<tr>\n<td width=\"260\">Deforma\u00e7\u00e3o e rebaixamento da pe\u00e7a de trabalho<\/td>\n<td width=\"200\">Grande<\/td>\n<td width=\"230\">Pequeno<\/td>\n<\/tr>\n<tr>\n<td width=\"260\">Resist\u00eancia de liga\u00e7\u00e3o ao metal de base<\/td>\n<td width=\"200\">Comumente<\/td>\n<td width=\"230\">Muito bom<\/td>\n<\/tr>\n<tr>\n<td width=\"260\">Tratamento de acompanhamento<\/td>\n<td width=\"200\">Polaco<\/td>\n<td width=\"230\">Sem moagem ou com pouca moagem<\/td>\n<\/tr>\n<tr>\n<td width=\"260\">Velocidade de soldadura<\/td>\n<td width=\"200\">Comumente<\/td>\n<td width=\"230\">Mais de 2 vezes a soldadura por arco de \u00e1rgon<\/td>\n<\/tr>\n<tr>\n<td width=\"260\">Materiais aplic\u00e1veis<\/td>\n<td width=\"200\">A\u00e7o inoxid\u00e1vel, a\u00e7o carbono, chapa galvanizada<\/td>\n<td width=\"230\">A\u00e7o inoxid\u00e1vel, a\u00e7o carbono, chapa galvanizada<\/td>\n<\/tr>\n<tr>\n<td width=\"260\">Consum\u00edveis<\/td>\n<td width=\"200\">Muitos consum\u00edveis<\/td>\n<td width=\"230\">Menos consum\u00edveis<\/td>\n<\/tr>\n<tr>\n<td width=\"260\">Dificuldade de funcionamento<\/td>\n<td width=\"200\">Complexo<\/td>\n<td width=\"230\">Simples<\/td>\n<\/tr>\n<tr>\n<td width=\"260\">Seguran\u00e7a do operador<\/td>\n<td width=\"200\">Inseguro<\/td>\n<td width=\"230\">Seguro<\/td>\n<\/tr>\n<tr>\n<td width=\"260\">Impacto ambiental<\/td>\n<td width=\"200\">N\u00e3o ambiental<\/td>\n<td width=\"230\">Ambiental<\/td>\n<\/tr>\n<tr>\n<td width=\"260\">Toler\u00e2ncia a defeitos de soldadura<\/td>\n<td width=\"200\">Bom<\/td>\n<td width=\"230\">Bom<\/td>\n<\/tr>\n<tr>\n<td width=\"260\">Soldadura por oscila\u00e7\u00e3o<\/td>\n<td width=\"200\">-<\/td>\n<td width=\"230\">Sim<\/td>\n<\/tr>\n<tr>\n<td width=\"260\">A largura do ponto \u00e9 ajust\u00e1vel<\/td>\n<td width=\"200\">-<\/td>\n<td width=\"230\">Sim<\/td>\n<\/tr>\n<tr>\n<td width=\"260\">Compara\u00e7\u00e3o da qualidade da soldadura<\/td>\n<td width=\"200\">Mau<\/td>\n<td width=\"230\">Muito bom<\/td>\n<\/tr>\n<\/tbody>\n<\/table>","protected":false},"excerpt":{"rendered":"<p><b>INTRODU\u00c7\u00c3O<\/b><\/p>\n<p>\u00d8 A soldadura a laser \u00e9 um tipo de m\u00e9todo de processamento que utiliza um feixe laser de alta densidade de energia como fonte de calor para soldar materiais.<\/p>\n<p>\u00d8 Nos \u00faltimos anos, devido ao desenvolvimento e progresso cont\u00ednuos dos materiais, da tecnologia e dos processos, o laser tem sido amplamente utilizado na soldadura e brasagem de pl\u00e1sticos, metais, etc., e continuar\u00e1 a substituir os m\u00e9todos de soldadura tradicionais, como a soldadura por arco de \u00e1rgon, nas ind\u00fastrias autom\u00f3vel, de sensores, eletr\u00f3nica e outras.<\/p>\n<p>\u00d8 M\u00e1quina de soldadura a laser manual com cabe\u00e7a de soldadura manual, semelhante \u00e0 soldadura por arco de \u00e1rgon, opera\u00e7\u00e3o flex\u00edvel e simples, adequada para encomendas de pequenos e grandes lotes com baixos requisitos de consist\u00eancia do produto<\/p>\n<p>\u00d8 Pode ser amplamente utilizado no processo de soldadura complicado e irregular de arm\u00e1rios, cozinhas e casas de banho, elevadores de escadas, prateleiras, fornos, portas e janelas de a\u00e7o inoxid\u00e1vel, caixas de distribui\u00e7\u00e3o, casas de a\u00e7o inoxid\u00e1vel e outras ind\u00fastrias.<\/p>","protected":false},"featured_media":3662,"template":"","meta":{"_seopress_robots_primary_cat":"","_seopress_titles_title":"","_seopress_titles_desc":"","_seopress_robots_index":"","_uag_custom_page_level_css":"","site-sidebar-layout":"default","site-content-layout":"","ast-site-content-layout":"default","site-content-style":"default","site-sidebar-style":"default","ast-global-header-display":"","ast-banner-title-visibility":"","ast-main-header-display":"","ast-hfb-above-header-display":"","ast-hfb-below-header-display":"","ast-hfb-mobile-header-display":"","site-post-title":"","ast-breadcrumbs-content":"","ast-featured-img":"","footer-sml-layout":"","ast-disable-related-posts":"","theme-transparent-header-meta":"default","adv-header-id-meta":"","stick-header-meta":"default","header-above-stick-meta":"","header-main-stick-meta":"","header-below-stick-meta":"","astra-migrate-meta-layouts":"set","ast-page-background-enabled":"default","ast-page-background-meta":{"desktop":{"background-color":"","background-image":"","background-repeat":"repeat","background-position":"center center","background-size":"auto","background-attachment":"scroll","background-type":"","background-media":"","overlay-type":"","overlay-color":"","overlay-opacity":"","overlay-gradient":""},"tablet":{"background-color":"","background-image":"","background-repeat":"repeat","background-position":"center center","background-size":"auto","background-attachment":"scroll","background-type":"","background-media":"","overlay-type":"","overlay-color":"","overlay-opacity":"","overlay-gradient":""},"mobile":{"background-color":"","background-image":"","background-repeat":"repeat","background-position":"center center","background-size":"auto","background-attachment":"scroll","background-type":"","background-media":"","overlay-type":"","overlay-color":"","overlay-opacity":"","overlay-gradient":""}},"ast-content-background-meta":{"desktop":{"background-color":"var(--ast-global-color-5)","background-image":"","background-repeat":"repeat","background-position":"center center","background-size":"auto","background-attachment":"scroll","background-type":"","background-media":"","overlay-type":"","overlay-color":"","overlay-opacity":"","overlay-gradient":""},"tablet":{"background-color":"var(--ast-global-color-5)","background-image":"","background-repeat":"repeat","background-position":"center center","background-size":"auto","background-attachment":"scroll","background-type":"","background-media":"","overlay-type":"","overlay-color":"","overlay-opacity":"","overlay-gradient":""},"mobile":{"background-color":"var(--ast-global-color-5)","background-image":"","background-repeat":"repeat","background-position":"center center","background-size":"auto","background-attachment":"scroll","background-type":"","background-media":"","overlay-type":"","overlay-color":"","overlay-opacity":"","overlay-gradient":""}}},"product_brand":[],"product_cat":[61],"product_tag":[],"class_list":{"0":"post-3659","1":"product","2":"type-product","3":"status-publish","4":"has-post-thumbnail","6":"product_cat-handheld","7":"desktop-align-left","8":"tablet-align-left","9":"mobile-align-left","10":"ast-product-gallery-layout-horizontal-slider","11":"ast-product-gallery-with-no-image","12":"ast-product-tabs-layout-horizontal","14":"first","15":"instock","16":"shipping-taxable","17":"product-type-simple"},"uagb_featured_image_src":{"full":["https:\/\/wisecnclaser.com\/wp-content\/uploads\/2025\/05\/3ce9e574f8d1ce165d0fbd8ee94018cd.png",800,800,false],"thumbnail":["https:\/\/wisecnclaser.com\/wp-content\/uploads\/2025\/05\/3ce9e574f8d1ce165d0fbd8ee94018cd-150x150.png",150,150,true],"medium":["https:\/\/wisecnclaser.com\/wp-content\/uploads\/2025\/05\/3ce9e574f8d1ce165d0fbd8ee94018cd-300x300.png",300,300,true],"medium_large":["https:\/\/wisecnclaser.com\/wp-content\/uploads\/2025\/05\/3ce9e574f8d1ce165d0fbd8ee94018cd-768x768.png",768,768,true],"large":["https:\/\/wisecnclaser.com\/wp-content\/uploads\/2025\/05\/3ce9e574f8d1ce165d0fbd8ee94018cd.png",800,800,false],"1536x1536":["https:\/\/wisecnclaser.com\/wp-content\/uploads\/2025\/05\/3ce9e574f8d1ce165d0fbd8ee94018cd.png",800,800,false],"2048x2048":["https:\/\/wisecnclaser.com\/wp-content\/uploads\/2025\/05\/3ce9e574f8d1ce165d0fbd8ee94018cd.png",800,800,false],"trp-custom-language-flag":["https:\/\/wisecnclaser.com\/wp-content\/uploads\/2025\/05\/3ce9e574f8d1ce165d0fbd8ee94018cd-12x12.png",12,12,true],"woocommerce_thumbnail":["https:\/\/wisecnclaser.com\/wp-content\/uploads\/2025\/05\/3ce9e574f8d1ce165d0fbd8ee94018cd-300x300.png",300,300,true],"woocommerce_single":["https:\/\/wisecnclaser.com\/wp-content\/uploads\/2025\/05\/3ce9e574f8d1ce165d0fbd8ee94018cd-600x600.png",600,600,true],"woocommerce_gallery_thumbnail":["https:\/\/wisecnclaser.com\/wp-content\/uploads\/2025\/05\/3ce9e574f8d1ce165d0fbd8ee94018cd-100x100.png",100,100,true]},"uagb_author_info":{"display_name":"jinxing6611@gmail.com","author_link":"https:\/\/wisecnclaser.com\/pt\/author\/"},"uagb_comment_info":0,"uagb_excerpt":"INTRODUCTION \u00d8\u00a0\u00a0Laser welding is a kind of processing method which uses high energy density laser beam as heat source to weld materials. \u00d8\u00a0\u00a0In recent years, due to the continuous development and progress of materials, technology and process, laser has been widely used in the welding and brazing of plastics, metals, etc., and will continue to&hellip;","_links":{"self":[{"href":"https:\/\/wisecnclaser.com\/pt\/wp-json\/wp\/v2\/product\/3659","targetHints":{"allow":["GET"]}}],"collection":[{"href":"https:\/\/wisecnclaser.com\/pt\/wp-json\/wp\/v2\/product"}],"about":[{"href":"https:\/\/wisecnclaser.com\/pt\/wp-json\/wp\/v2\/types\/product"}],"wp:featuredmedia":[{"embeddable":true,"href":"https:\/\/wisecnclaser.com\/pt\/wp-json\/wp\/v2\/media\/3662"}],"wp:attachment":[{"href":"https:\/\/wisecnclaser.com\/pt\/wp-json\/wp\/v2\/media?parent=3659"}],"wp:term":[{"taxonomy":"product_brand","embeddable":true,"href":"https:\/\/wisecnclaser.com\/pt\/wp-json\/wp\/v2\/product_brand?post=3659"},{"taxonomy":"product_cat","embeddable":true,"href":"https:\/\/wisecnclaser.com\/pt\/wp-json\/wp\/v2\/product_cat?post=3659"},{"taxonomy":"product_tag","embeddable":true,"href":"https:\/\/wisecnclaser.com\/pt\/wp-json\/wp\/v2\/product_tag?post=3659"}],"curies":[{"name":"wp","href":"https:\/\/api.w.org\/{rel}","templated":true}]}}