{"id":3667,"date":"2025-05-23T01:09:22","date_gmt":"2025-05-23T01:09:22","guid":{"rendered":"https:\/\/wisecnclaser.com\/?post_type=product&#038;p=3667"},"modified":"2025-05-23T01:09:22","modified_gmt":"2025-05-23T01:09:22","slug":"cnc-pneumatic-knife-cutting-machine","status":"publish","type":"product","link":"https:\/\/wisecnclaser.com\/pt\/produto\/cnc-pneumatic-knife-cutting-machine\/","title":{"rendered":"M\u00e1quina de corte de facas pneum\u00e1tica CNC"},"content":{"rendered":"<p>Aplica\u00e7\u00e3o: A m\u00e1quina de corte com faca pneum\u00e1tica CNC \u00e9 usada principalmente para cortar material espesso, como EVA, espuma PE, junta de borracha, folha de amianto, etc.<\/p>\n<p><strong>\u00a0Descri\u00e7\u00e3o e especifica\u00e7\u00f5es da m\u00e1quina de corte de espuma eva pe grossa com faca pneum\u00e1tica cnc:<\/strong><\/p>\n<table border=\"1\">\n<tbody>\n<tr class=\"firstRow\">\n<td colspan=\"2\" width=\"662\"><\/td>\n<\/tr>\n<tr>\n<td valign=\"top\" width=\"158\">X dimens\u00e3o de trabalho<\/td>\n<td valign=\"top\" width=\"504\">1600mm<\/td>\n<\/tr>\n<tr>\n<td valign=\"top\" width=\"158\">Tamanho de trabalho Y<\/td>\n<td valign=\"top\" width=\"504\">2500 mm<\/td>\n<\/tr>\n<tr>\n<td valign=\"top\" width=\"158\">Z tamanho de trabalho<\/td>\n<td valign=\"top\" width=\"504\">80mm max pode cortar 50-80mm max espuma pe<\/td>\n<\/tr>\n<tr>\n<td valign=\"top\" width=\"158\">Cabe\u00e7a de corte<\/td>\n<td valign=\"top\" width=\"504\">cabe\u00e7a de corte pneum\u00e1tica para facas cnc<\/td>\n<\/tr>\n<tr>\n<td valign=\"top\" width=\"158\">Modo de visualiza\u00e7\u00e3o<\/td>\n<td valign=\"top\" width=\"504\">Ingl\u00eas Ecr\u00e3 t\u00e1til LED<\/td>\n<\/tr>\n<tr>\n<td valign=\"top\" width=\"158\">Mesa da m\u00e1quina<\/td>\n<td valign=\"top\" width=\"504\">Mesa de suc\u00e7\u00e3o de fole de alum\u00ednio com 9 zonas de suc\u00e7\u00e3o<\/td>\n<\/tr>\n<tr>\n<td valign=\"top\" width=\"158\">Modo de transfer\u00eancia de dados<\/td>\n<td valign=\"top\" width=\"504\">Intel<\/td>\n<\/tr>\n<tr>\n<td valign=\"top\" width=\"158\">Bomba de v\u00e1cuo<\/td>\n<td valign=\"top\" width=\"504\">Bomba de v\u00e1cuo de ar de 9KW<\/td>\n<\/tr>\n<tr>\n<td valign=\"top\" width=\"158\">Sistema de condu\u00e7\u00e3o<\/td>\n<td valign=\"top\" width=\"504\">Servo condutor e motor delta de Taiwan<\/td>\n<\/tr>\n<tr>\n<td valign=\"top\" width=\"158\">Sistema de controlo<\/td>\n<td valign=\"top\" width=\"504\">Sistema de controlo RD<\/td>\n<\/tr>\n<tr>\n<td valign=\"top\" width=\"158\">Sistema de orienta\u00e7\u00e3o<\/td>\n<td valign=\"top\" width=\"504\">Calha quadrada TBI de Taiwan<\/td>\n<\/tr>\n<tr>\n<td valign=\"top\" width=\"158\">Sensor de ferramentas<\/td>\n<td valign=\"top\" width=\"504\">Com, ponto vermelho<\/td>\n<\/tr>\n<tr>\n<td valign=\"top\" width=\"158\">Transmiss\u00e3o<\/td>\n<td valign=\"top\" width=\"504\">Pinh\u00e3o de cremalheira Y, correia de a\u00e7o s\u00edncrona XZ<\/td>\n<\/tr>\n<tr>\n<td valign=\"top\" width=\"158\">Velocidade de corte<\/td>\n<td valign=\"top\" width=\"504\">30m\/min<\/td>\n<\/tr>\n<tr>\n<td valign=\"top\" width=\"158\">Velocidade de desloca\u00e7\u00e3o<\/td>\n<td valign=\"top\" width=\"504\">50m\/min<\/td>\n<\/tr>\n<tr>\n<td width=\"158\">Peso<\/td>\n<td valign=\"top\" width=\"504\">Cerca de 600 kg<\/td>\n<\/tr>\n<tr>\n<td valign=\"top\" width=\"158\">Tamanho<\/td>\n<td valign=\"top\" width=\"504\">2250*3300*1650mm<\/td>\n<\/tr>\n<tr>\n<td valign=\"top\" width=\"158\">Pot\u00eancia<\/td>\n<td valign=\"top\" width=\"504\">380V 50HZ<\/td>\n<\/tr>\n<tr>\n<td valign=\"top\" width=\"158\">Software<\/td>\n<td valign=\"top\" width=\"504\">vcutworks, a m\u00e1quina tem este software, suporta ficheiros em formato dxf, plt<\/td>\n<\/tr>\n<\/tbody>\n<\/table>\n<div style=\"width: 960px;\" class=\"wp-video\"><video class=\"wp-video-shortcode\" id=\"video-3667-1\" width=\"960\" height=\"540\" preload=\"metadata\" controls=\"controls\"><source type=\"video\/mp4\" src=\"https:\/\/wisecnclaser.com\/wp-content\/uploads\/2025\/05\/1625187921256970.mp4?_=1\" \/><a href=\"https:\/\/wisecnclaser.com\/wp-content\/uploads\/2025\/05\/1625187921256970.mp4\">https:\/\/wisecnclaser.com\/wp-content\/uploads\/2025\/05\/1625187921256970.mp4<\/a><\/video><\/div>","protected":false},"excerpt":{"rendered":"<p>Pneumatic cutting knife. Used for cutting material with<strong>\u00a0thickness more than 10mm, driven by pneumatic, can cut 50-80mm max pe foam<\/strong><\/p>\n<p><strong>24000 vibrating frequency<\/strong><\/p>","protected":false},"featured_media":3671,"template":"","meta":{"_seopress_robots_primary_cat":"","_seopress_titles_title":"","_seopress_titles_desc":"","_seopress_robots_index":"","_uag_custom_page_level_css":"","site-sidebar-layout":"default","site-content-layout":"","ast-site-content-layout":"default","site-content-style":"default","site-sidebar-style":"default","ast-global-header-display":"","ast-banner-title-visibility":"","ast-main-header-display":"","ast-hfb-above-header-display":"","ast-hfb-below-header-display":"","ast-hfb-mobile-header-display":"","site-post-title":"","ast-breadcrumbs-content":"","ast-featured-img":"","footer-sml-layout":"","ast-disable-related-posts":"","theme-transparent-header-meta":"default","adv-header-id-meta":"","stick-header-meta":"default","header-above-stick-meta":"","header-main-stick-meta":"","header-below-stick-meta":"","astra-migrate-meta-layouts":"set","ast-page-background-enabled":"default","ast-page-background-meta":{"desktop":{"background-color":"","background-image":"","background-repeat":"repeat","background-position":"center center","background-size":"auto","background-attachment":"scroll","background-type":"","background-media":"","overlay-type":"","overlay-color":"","overlay-opacity":"","overlay-gradient":""},"tablet":{"background-color":"","background-image":"","background-repeat":"repeat","background-position":"center center","background-size":"auto","background-attachment":"scroll","background-type":"","background-media":"","overlay-type":"","overlay-color":"","overlay-opacity":"","overlay-gradient":""},"mobile":{"background-color":"","background-image":"","background-repeat":"repeat","background-position":"center center","background-size":"auto","background-attachment":"scroll","background-type":"","background-media":"","overlay-type":"","overlay-color":"","overlay-opacity":"","overlay-gradient":""}},"ast-content-background-meta":{"desktop":{"background-color":"var(--ast-global-color-5)","background-image":"","background-repeat":"repeat","background-position":"center center","background-size":"auto","background-attachment":"scroll","background-type":"","background-media":"","overlay-type":"","overlay-color":"","overlay-opacity":"","overlay-gradient":""},"tablet":{"background-color":"var(--ast-global-color-5)","background-image":"","background-repeat":"repeat","background-position":"center center","background-size":"auto","background-attachment":"scroll","background-type":"","background-media":"","overlay-type":"","overlay-color":"","overlay-opacity":"","overlay-gradient":""},"mobile":{"background-color":"var(--ast-global-color-5)","background-image":"","background-repeat":"repeat","background-position":"center center","background-size":"auto","background-attachment":"scroll","background-type":"","background-media":"","overlay-type":"","overlay-color":"","overlay-opacity":"","overlay-gradient":""}}},"product_brand":[],"product_cat":[21],"product_tag":[],"class_list":{"0":"post-3667","1":"product","2":"type-product","3":"status-publish","4":"has-post-thumbnail","6":"product_cat-oscillating","7":"desktop-align-left","8":"tablet-align-left","9":"mobile-align-left","10":"ast-product-gallery-layout-horizontal-slider","11":"ast-product-gallery-with-no-image","12":"ast-product-tabs-layout-horizontal","14":"first","15":"instock","16":"shipping-taxable","17":"product-type-simple"},"uagb_featured_image_src":{"full":["https:\/\/wisecnclaser.com\/wp-content\/uploads\/2025\/05\/20b09ef79ee54f7d9fdfb04134e4e7c1.jpg",800,800,false],"thumbnail":["https:\/\/wisecnclaser.com\/wp-content\/uploads\/2025\/05\/20b09ef79ee54f7d9fdfb04134e4e7c1-150x150.jpg",150,150,true],"medium":["https:\/\/wisecnclaser.com\/wp-content\/uploads\/2025\/05\/20b09ef79ee54f7d9fdfb04134e4e7c1-300x300.jpg",300,300,true],"medium_large":["https:\/\/wisecnclaser.com\/wp-content\/uploads\/2025\/05\/20b09ef79ee54f7d9fdfb04134e4e7c1-768x768.jpg",768,768,true],"large":["https:\/\/wisecnclaser.com\/wp-content\/uploads\/2025\/05\/20b09ef79ee54f7d9fdfb04134e4e7c1.jpg",800,800,false],"1536x1536":["https:\/\/wisecnclaser.com\/wp-content\/uploads\/2025\/05\/20b09ef79ee54f7d9fdfb04134e4e7c1.jpg",800,800,false],"2048x2048":["https:\/\/wisecnclaser.com\/wp-content\/uploads\/2025\/05\/20b09ef79ee54f7d9fdfb04134e4e7c1.jpg",800,800,false],"trp-custom-language-flag":["https:\/\/wisecnclaser.com\/wp-content\/uploads\/2025\/05\/20b09ef79ee54f7d9fdfb04134e4e7c1-12x12.jpg",12,12,true],"woocommerce_thumbnail":["https:\/\/wisecnclaser.com\/wp-content\/uploads\/2025\/05\/20b09ef79ee54f7d9fdfb04134e4e7c1-300x300.jpg",300,300,true],"woocommerce_single":["https:\/\/wisecnclaser.com\/wp-content\/uploads\/2025\/05\/20b09ef79ee54f7d9fdfb04134e4e7c1-600x600.jpg",600,600,true],"woocommerce_gallery_thumbnail":["https:\/\/wisecnclaser.com\/wp-content\/uploads\/2025\/05\/20b09ef79ee54f7d9fdfb04134e4e7c1-100x100.jpg",100,100,true]},"uagb_author_info":{"display_name":"jinxing6611@gmail.com","author_link":"https:\/\/wisecnclaser.com\/pt\/author\/"},"uagb_comment_info":0,"uagb_excerpt":"Pneumatic cutting knife. Used for cutting material with\u00a0thickness more than 10mm, driven by pneumatic, can cut 50-80mm max pe foam 24000 vibrating frequency","_links":{"self":[{"href":"https:\/\/wisecnclaser.com\/pt\/wp-json\/wp\/v2\/product\/3667","targetHints":{"allow":["GET"]}}],"collection":[{"href":"https:\/\/wisecnclaser.com\/pt\/wp-json\/wp\/v2\/product"}],"about":[{"href":"https:\/\/wisecnclaser.com\/pt\/wp-json\/wp\/v2\/types\/product"}],"wp:featuredmedia":[{"embeddable":true,"href":"https:\/\/wisecnclaser.com\/pt\/wp-json\/wp\/v2\/media\/3671"}],"wp:attachment":[{"href":"https:\/\/wisecnclaser.com\/pt\/wp-json\/wp\/v2\/media?parent=3667"}],"wp:term":[{"taxonomy":"product_brand","embeddable":true,"href":"https:\/\/wisecnclaser.com\/pt\/wp-json\/wp\/v2\/product_brand?post=3667"},{"taxonomy":"product_cat","embeddable":true,"href":"https:\/\/wisecnclaser.com\/pt\/wp-json\/wp\/v2\/product_cat?post=3667"},{"taxonomy":"product_tag","embeddable":true,"href":"https:\/\/wisecnclaser.com\/pt\/wp-json\/wp\/v2\/product_tag?post=3667"}],"curies":[{"name":"wp","href":"https:\/\/api.w.org\/{rel}","templated":true}]}}