{"id":3672,"date":"2025-05-23T01:11:50","date_gmt":"2025-05-23T01:11:50","guid":{"rendered":"https:\/\/wisecnclaser.com\/?post_type=product&#038;p=3672"},"modified":"2025-05-23T01:11:50","modified_gmt":"2025-05-23T01:11:50","slug":"ws1612-flatbed-cardboard-cutter-plotter","status":"publish","type":"product","link":"https:\/\/wisecnclaser.com\/pt\/produto\/ws1612-flatbed-cardboard-cutter-plotter\/","title":{"rendered":"WS1612 Cortador de cart\u00e3o plano Plotter"},"content":{"rendered":"<p><strong>Aplica\u00e7\u00e3o:<\/strong><\/p>\n<p>UTILIZADA para o fabrico de amostras de caixas de cart\u00e3o, corte e dobragem de caixas de cart\u00e3o canelado, ind\u00fastria gr\u00e1fica e de sinaliza\u00e7\u00e3o<\/p>\n<table class=\"has-title hight-light-first-column all magic-19\" width=\"NaN\">\n<tbody>\n<tr class=\"firstRow\">\n<td colspan=\"5\" rowspan=\"1\">\n<div class=\"magic-20\">Par\u00e2metros t\u00e9cnicos da m\u00e1quina plotter de corte de papel\u00e3o plano<\/div>\n<\/td>\n<\/tr>\n<tr>\n<td colspan=\"1\" rowspan=\"1\">\n<div class=\"magic-25\">Modelo<\/div>\n<\/td>\n<td colspan=\"4\" rowspan=\"1\">\n<div class=\"magic-26\">WS1612<\/div>\n<\/td>\n<\/tr>\n<tr>\n<td colspan=\"1\" rowspan=\"1\">\n<div class=\"magic-23\">Tamanho de trabalho<\/div>\n<\/td>\n<td colspan=\"4\" rowspan=\"1\">\n<div class=\"magic-26\">1550*1200mm<\/div>\n<\/td>\n<\/tr>\n<tr>\n<td colspan=\"1\" rowspan=\"1\">\n<div class=\"magic-23\">Altura de corte<\/div>\n<\/td>\n<td colspan=\"4\" rowspan=\"1\">\n<div class=\"magic-26\">10 mm no m\u00e1ximo por faca vibrat\u00f3ria (se cortar material espesso, pode utilizar a ferramenta vcut para cortar um \u00e2ngulo de 45 graus no canto dobr\u00e1vel)<\/div>\n<\/td>\n<\/tr>\n<tr>\n<td colspan=\"1\" rowspan=\"1\">\n<div class=\"magic-23\">Cabe\u00e7a de corte<\/div>\n<\/td>\n<td colspan=\"4\" rowspan=\"1\">\n<div class=\"magic-26\">Faca oscilante + roda de vincar (pode adicionar ferramentas de corte em V para cortar cart\u00e3o espesso e ccd para cortar imagens impressas)<\/div>\n<\/td>\n<\/tr>\n<tr>\n<td colspan=\"1\" rowspan=\"1\">\n<div class=\"magic-23\">Mesa da m\u00e1quina<\/div>\n<\/td>\n<td colspan=\"4\" rowspan=\"1\">\n<div class=\"magic-26\">Mesa de suc\u00e7\u00e3o de fole em alum\u00ednio com 9 zonas de suc\u00e7\u00e3o<\/div>\n<\/td>\n<\/tr>\n<tr>\n<td colspan=\"1\" rowspan=\"1\">\n<div class=\"magic-23\">Bomba de v\u00e1cuo<\/div>\n<\/td>\n<td colspan=\"4\" rowspan=\"1\">\n<div class=\"magic-26\">Bomba de v\u00e1cuo de refrigera\u00e7\u00e3o a ar de 9kw<\/div>\n<\/td>\n<\/tr>\n<tr>\n<td colspan=\"1\" rowspan=\"1\">\n<div class=\"magic-23\">Sistema de condu\u00e7\u00e3o<\/div>\n<\/td>\n<td colspan=\"4\" rowspan=\"1\">\n<div class=\"magic-26\">Servomotor delta e acionador de Taiwan<\/div>\n<\/td>\n<\/tr>\n<tr>\n<td colspan=\"1\" rowspan=\"1\">\n<div class=\"magic-23\">Sistema de controlo<\/div>\n<\/td>\n<td colspan=\"4\" rowspan=\"1\">\n<div class=\"magic-26\">Controlador Ruida<\/div>\n<\/td>\n<\/tr>\n<tr>\n<td colspan=\"1\" rowspan=\"1\">\n<div class=\"magic-23\">Software<\/div>\n<\/td>\n<td colspan=\"4\" rowspan=\"1\">\n<div class=\"magic-26\">Obras de corte<\/div>\n<\/td>\n<\/tr>\n<tr>\n<td colspan=\"1\" rowspan=\"1\">\n<div class=\"magic-23\">Transmiss\u00e3o<\/div>\n<\/td>\n<td colspan=\"4\" rowspan=\"1\">\n<div class=\"magic-26\">Pinh\u00e3o de cremalheira helicoidal<\/div>\n<\/td>\n<\/tr>\n<tr>\n<td colspan=\"1\" rowspan=\"1\">\n<div class=\"magic-23\">Velocidade de corte<\/div>\n<\/td>\n<td colspan=\"4\" rowspan=\"1\">\n<div class=\"magic-26\">30m\/min<\/div>\n<\/td>\n<\/tr>\n<tr>\n<td colspan=\"1\" rowspan=\"1\">\n<div class=\"magic-23\">Velocidade de desloca\u00e7\u00e3o<\/div>\n<\/td>\n<td colspan=\"4\" rowspan=\"1\">\n<div class=\"magic-26\">50m\/min<\/div>\n<\/td>\n<\/tr>\n<tr>\n<td colspan=\"1\" rowspan=\"1\">\n<div class=\"magic-23\">Pot\u00eancia de funcionamento<\/div>\n<\/td>\n<td colspan=\"4\" rowspan=\"1\">\n<div class=\"magic-26\">380V 3 fases 50HZ<\/div>\n<\/td>\n<\/tr>\n<tr>\n<td colspan=\"1\" rowspan=\"1\">\n<div class=\"magic-23\">Peso da m\u00e1quina<\/div>\n<\/td>\n<td colspan=\"4\" rowspan=\"1\">\n<div class=\"magic-26\">800 kg<\/div>\n<\/td>\n<\/tr>\n<tr>\n<td colspan=\"1\" rowspan=\"1\">\n<div class=\"magic-23\">Interruptor de seguran\u00e7a<\/div>\n<\/td>\n<td colspan=\"4\" rowspan=\"1\">\n<div class=\"magic-26\">com quatro sensores de seguran\u00e7a para garantir a seguran\u00e7a do operador<\/div>\n<\/td>\n<\/tr>\n<\/tbody>\n<\/table>\n<div style=\"width: 640px;\" class=\"wp-video\"><video class=\"wp-video-shortcode\" id=\"video-3672-1\" width=\"640\" height=\"368\" preload=\"metadata\" controls=\"controls\"><source type=\"video\/mp4\" src=\"https:\/\/wisecnclaser.com\/wp-content\/uploads\/2025\/05\/1625189228148691.mp4?_=1\" \/><a href=\"https:\/\/wisecnclaser.com\/wp-content\/uploads\/2025\/05\/1625189228148691.mp4\">https:\/\/wisecnclaser.com\/wp-content\/uploads\/2025\/05\/1625189228148691.mp4<\/a><\/video><\/div>","protected":false},"excerpt":{"rendered":"<h3 class=\"magic-2\">Platform Flatbed Cardboard Carton Corrugated Box Paper Automatic Cutting Creasing Machine for Sale<\/h3>\n<div class=\"magic-4\">\n<div class=\"magic-5\">\n<div class=\"magic-6\">CNC oscillating knife cutting machine with creasing wheel is used for packaging, carton box making, display, stands etc.<\/p>\n<div>If cutting material is heavy duty and very thick corrugated cardboard, can use v cut tool to cut 45 degree angle.<\/div>\n<div>if want to cut printed carton paperboard, can add ccd camera. It will cut out layout of printed image on paperboard.<\/div>\n<div>Aplica\u00e7\u00e3o:<br \/>\nPrincipalmente para o fabrico de caixas de cart\u00e3o, embalagens de cart\u00e3o, para o processamento de cart\u00e3o ondulado de parede dupla e tripla, aplicado no fabrico de caixas de cart\u00e3o<\/div>\n<div>\nCutting Materials: corrugated cardboard, paper board, plastic wave board, honeycomb cardboard, paper card<\/div>\n<\/div>\n<\/div>\n<\/div>","protected":false},"featured_media":3675,"template":"","meta":{"_seopress_robots_primary_cat":"","_seopress_titles_title":"","_seopress_titles_desc":"","_seopress_robots_index":"","_uag_custom_page_level_css":"","site-sidebar-layout":"default","site-content-layout":"","ast-site-content-layout":"default","site-content-style":"default","site-sidebar-style":"default","ast-global-header-display":"","ast-banner-title-visibility":"","ast-main-header-display":"","ast-hfb-above-header-display":"","ast-hfb-below-header-display":"","ast-hfb-mobile-header-display":"","site-post-title":"","ast-breadcrumbs-content":"","ast-featured-img":"","footer-sml-layout":"","ast-disable-related-posts":"","theme-transparent-header-meta":"default","adv-header-id-meta":"","stick-header-meta":"default","header-above-stick-meta":"","header-main-stick-meta":"","header-below-stick-meta":"","astra-migrate-meta-layouts":"set","ast-page-background-enabled":"default","ast-page-background-meta":{"desktop":{"background-color":"","background-image":"","background-repeat":"repeat","background-position":"center center","background-size":"auto","background-attachment":"scroll","background-type":"","background-media":"","overlay-type":"","overlay-color":"","overlay-opacity":"","overlay-gradient":""},"tablet":{"background-color":"","background-image":"","background-repeat":"repeat","background-position":"center center","background-size":"auto","background-attachment":"scroll","background-type":"","background-media":"","overlay-type":"","overlay-color":"","overlay-opacity":"","overlay-gradient":""},"mobile":{"background-color":"","background-image":"","background-repeat":"repeat","background-position":"center center","background-size":"auto","background-attachment":"scroll","background-type":"","background-media":"","overlay-type":"","overlay-color":"","overlay-opacity":"","overlay-gradient":""}},"ast-content-background-meta":{"desktop":{"background-color":"var(--ast-global-color-5)","background-image":"","background-repeat":"repeat","background-position":"center center","background-size":"auto","background-attachment":"scroll","background-type":"","background-media":"","overlay-type":"","overlay-color":"","overlay-opacity":"","overlay-gradient":""},"tablet":{"background-color":"var(--ast-global-color-5)","background-image":"","background-repeat":"repeat","background-position":"center center","background-size":"auto","background-attachment":"scroll","background-type":"","background-media":"","overlay-type":"","overlay-color":"","overlay-opacity":"","overlay-gradient":""},"mobile":{"background-color":"var(--ast-global-color-5)","background-image":"","background-repeat":"repeat","background-position":"center center","background-size":"auto","background-attachment":"scroll","background-type":"","background-media":"","overlay-type":"","overlay-color":"","overlay-opacity":"","overlay-gradient":""}}},"product_brand":[],"product_cat":[21],"product_tag":[],"class_list":{"0":"post-3672","1":"product","2":"type-product","3":"status-publish","4":"has-post-thumbnail","6":"product_cat-oscillating","7":"desktop-align-left","8":"tablet-align-left","9":"mobile-align-left","10":"ast-product-gallery-layout-horizontal-slider","11":"ast-product-gallery-with-no-image","12":"ast-product-tabs-layout-horizontal","14":"first","15":"instock","16":"shipping-taxable","17":"product-type-simple"},"uagb_featured_image_src":{"full":["https:\/\/wisecnclaser.com\/wp-content\/uploads\/2025\/05\/5033a6054c5a613761f1a5f8abca5073.jpg",750,750,false],"thumbnail":["https:\/\/wisecnclaser.com\/wp-content\/uploads\/2025\/05\/5033a6054c5a613761f1a5f8abca5073-150x150.jpg",150,150,true],"medium":["https:\/\/wisecnclaser.com\/wp-content\/uploads\/2025\/05\/5033a6054c5a613761f1a5f8abca5073-300x300.jpg",300,300,true],"medium_large":["https:\/\/wisecnclaser.com\/wp-content\/uploads\/2025\/05\/5033a6054c5a613761f1a5f8abca5073.jpg",750,750,false],"large":["https:\/\/wisecnclaser.com\/wp-content\/uploads\/2025\/05\/5033a6054c5a613761f1a5f8abca5073.jpg",750,750,false],"1536x1536":["https:\/\/wisecnclaser.com\/wp-content\/uploads\/2025\/05\/5033a6054c5a613761f1a5f8abca5073.jpg",750,750,false],"2048x2048":["https:\/\/wisecnclaser.com\/wp-content\/uploads\/2025\/05\/5033a6054c5a613761f1a5f8abca5073.jpg",750,750,false],"trp-custom-language-flag":["https:\/\/wisecnclaser.com\/wp-content\/uploads\/2025\/05\/5033a6054c5a613761f1a5f8abca5073-12x12.jpg",12,12,true],"woocommerce_thumbnail":["https:\/\/wisecnclaser.com\/wp-content\/uploads\/2025\/05\/5033a6054c5a613761f1a5f8abca5073-300x300.jpg",300,300,true],"woocommerce_single":["https:\/\/wisecnclaser.com\/wp-content\/uploads\/2025\/05\/5033a6054c5a613761f1a5f8abca5073-600x600.jpg",600,600,true],"woocommerce_gallery_thumbnail":["https:\/\/wisecnclaser.com\/wp-content\/uploads\/2025\/05\/5033a6054c5a613761f1a5f8abca5073-100x100.jpg",100,100,true]},"uagb_author_info":{"display_name":"jinxing6611@gmail.com","author_link":"https:\/\/wisecnclaser.com\/pt\/author\/"},"uagb_comment_info":0,"uagb_excerpt":"Platform Flatbed Cardboard Carton Corrugated Box Paper Automatic Cutting Creasing Machine for Sale CNC oscillating knife cutting machine with creasing wheel is used for packaging, carton box making, display, stands etc. If cutting material is heavy duty and very thick corrugated cardboard, can use v cut tool to cut 45 degree angle. if want to&hellip;","_links":{"self":[{"href":"https:\/\/wisecnclaser.com\/pt\/wp-json\/wp\/v2\/product\/3672","targetHints":{"allow":["GET"]}}],"collection":[{"href":"https:\/\/wisecnclaser.com\/pt\/wp-json\/wp\/v2\/product"}],"about":[{"href":"https:\/\/wisecnclaser.com\/pt\/wp-json\/wp\/v2\/types\/product"}],"wp:featuredmedia":[{"embeddable":true,"href":"https:\/\/wisecnclaser.com\/pt\/wp-json\/wp\/v2\/media\/3675"}],"wp:attachment":[{"href":"https:\/\/wisecnclaser.com\/pt\/wp-json\/wp\/v2\/media?parent=3672"}],"wp:term":[{"taxonomy":"product_brand","embeddable":true,"href":"https:\/\/wisecnclaser.com\/pt\/wp-json\/wp\/v2\/product_brand?post=3672"},{"taxonomy":"product_cat","embeddable":true,"href":"https:\/\/wisecnclaser.com\/pt\/wp-json\/wp\/v2\/product_cat?post=3672"},{"taxonomy":"product_tag","embeddable":true,"href":"https:\/\/wisecnclaser.com\/pt\/wp-json\/wp\/v2\/product_tag?post=3672"}],"curies":[{"name":"wp","href":"https:\/\/api.w.org\/{rel}","templated":true}]}}