{"id":3682,"date":"2025-05-23T01:18:10","date_gmt":"2025-05-23T01:18:10","guid":{"rendered":"https:\/\/wisecnclaser.com\/?post_type=product&#038;p=3682"},"modified":"2025-05-23T01:18:10","modified_gmt":"2025-05-23T01:18:10","slug":"genuine-leather-cutting-machine-for-leather-shoe-bags","status":"publish","type":"product","link":"https:\/\/wisecnclaser.com\/pt\/produto\/genuine-leather-cutting-machine-for-leather-shoe-bags\/","title":{"rendered":"M\u00e1quina de corte de couro genu\u00edno para sacos de couro para sapatos"},"content":{"rendered":"<div class=\"magic-3\">M\u00e1quina de corte de couro de faca de oscila\u00e7\u00e3o de couro real genu\u00edno para produ\u00e7\u00e3o de sacos de sapatos de couro<\/div>\n<div class=\"magic-5\">\n<div class=\"magic-6\">\n<div class=\"magic-7\">Aplica\u00e7\u00e3o:<br \/>\nA plotter de corte plana \u00e9 principalmente para corte de t\u00eaxteis dom\u00e9sticos, como sof\u00e1, cortina, tapete, couro, lona, vestu\u00e1rio<br \/>\ncorte de roupa, corte de pvc, pode cortar rolo, exceto para t\u00eaxteis, tamb\u00e9m pode cortar pvc, cart\u00e3o, tecido de poli\u00e9ster, espuma, pvc, couro, etc.<br \/>\nmaterial<\/p>\n<div>A m\u00e1quina de corte de couro de faca oscilante cnc pode cortar couro artificial e couro genu\u00edno, usado para sapato de couro, fabrica\u00e7\u00e3o de sacos de couro, tem software de nesting e instrumentos de proje\u00e7\u00e3o e deixa a taxa de utilidade de couro pode chegar a 80%<\/p>\n<div>\n<div>Esta m\u00e1quina de corte plana tem capacidade para cortar espuma EPE, EVA e EPP (at\u00e9 50 mm) e caixas de cart\u00e3o canelado (at\u00e9 parede tripla) com uma \u00e1rea de corte de 2500*1600 mm. Tamb\u00e9m \u00e9 necess\u00e1ria a capacidade de perfura\u00e7\u00e3o e vinco do material ondulado.<\/div>\n<div>\nM\u00e1quina de corte de mesa com faca oscilante Cnc Aplica\u00e7\u00e3o:<\/p>\n<p>Sof\u00e1, assento, capa de assento de autom\u00f3vel, tapete de autom\u00f3vel, tapete de autom\u00f3vel, bagagem, ind\u00fastrias de bolsas, aplicadas \u00e0 ind\u00fastria do cal\u00e7ado,<br \/>\nind\u00fastria de vestu\u00e1rio, materiais comp\u00f3sitos, ind\u00fastria de malas, ind\u00fastria autom\u00f3vel, ind\u00fastria de impress\u00e3o de publicidade, eletr\u00f3nica<br \/>\nind\u00fastria, ind\u00fastria de decora\u00e7\u00e3o, ind\u00fastria de mobili\u00e1rio, etc.<\/p>\n<p>Pode escolher diferentes ferramentas para diferentes sectores:<br \/>\n1.  Faca redonda - t\u00eaxtil, vestu\u00e1rio, ind\u00fastria de decora\u00e7\u00e3o de interiores, tecido cortado, fibra de vidro, fibra de carbono, vivet, alcatifa, etc.<br \/>\n2, Faca oscilante + roda de vincar - ind\u00fastria de fabrico de caixas de cart\u00e3o, corte e vinco de cart\u00e3o ondulado, cart\u00e3o alveolar,<br \/>\ncart\u00e3o de papel, etc.<br \/>\n3, Faca de arrasto+Corte de beijo+Corte de V- ind\u00fastria de sinaliza\u00e7\u00e3o publicit\u00e1ria, corte de adesivo de vinil, corte de espuma<br \/>\n4, alimenta\u00e7\u00e3o autom\u00e1tica - para carregar e descarregar material automaticamente, usado principalmente para couro, corte de t\u00eaxteis<br \/>\n5, Ferramenta de corte pneum\u00e1tica - utilizada para corte de material espesso com espessura inferior a 120 mm<br \/>\n6, c\u00e2mara ccd - utilizada para corte de contornos de imagens impressas<\/p>\n<table class=\"has-title hight-light-first-column all magic-27\" width=\"NaN\">\n<tbody>\n<tr class=\"firstRow\">\n<td colspan=\"5\" rowspan=\"1\">\n<div class=\"magic-28\">Par\u00e2metros t\u00e9cnicos para a m\u00e1quina de plotter de corte de cama plana com faca oscilante<\/div>\n<\/td>\n<\/tr>\n<tr>\n<td colspan=\"1\" rowspan=\"1\">\n<div class=\"magic-32\">X dimens\u00e3o de trabalho<\/div>\n<\/td>\n<td colspan=\"4\" rowspan=\"1\">\n<div class=\"magic-33\">1600mm<\/div>\n<\/td>\n<\/tr>\n<tr>\n<td colspan=\"1\" rowspan=\"1\">\n<div class=\"magic-32\">Tamanho de trabalho Y<\/div>\n<\/td>\n<td colspan=\"4\" rowspan=\"1\">\n<div class=\"magic-33\">2500 mm<\/div>\n<\/td>\n<\/tr>\n<tr>\n<td colspan=\"1\" rowspan=\"1\">\n<div class=\"magic-32\">Z tamanho de trabalho<\/div>\n<\/td>\n<td colspan=\"4\" rowspan=\"1\">\n<div class=\"magic-33\">10 mm<\/div>\n<\/td>\n<\/tr>\n<tr>\n<td colspan=\"1\" rowspan=\"1\">\n<div class=\"magic-32\">Cabe\u00e7a\/ferramenta de corte (utilizar uma ferramenta diferente consoante o material a cortar)<\/div>\n<\/td>\n<td colspan=\"4\" rowspan=\"1\">\n<div class=\"magic-33\">Cabe\u00e7a de corte de faca oscilante para corte de material de densidade m\u00e9dia, como corte de espuma, eva, placa kt, pvc, amiantoCabe\u00e7a opcional<br \/>\nFerramentas:<br \/>\nFaca vibrat\u00f3ria + Roda de vincar + Corte em V + C\u00e2mara CCD para corte de cart\u00e3o<br \/>\nFaca redonda + ferramenta de perfura\u00e7\u00e3o + alimenta\u00e7\u00e3o autom\u00e1tica para perfura\u00e7\u00e3o de corte de t\u00eaxteis e couro<br \/>\nFaca oscilante + ferramenta de corte para vinil de sinaliza\u00e7\u00e3o<br \/>\nFuso: para cortar material duro, como acr\u00edlico, espuma laminada<\/div>\n<\/td>\n<\/tr>\n<tr>\n<td colspan=\"1\" rowspan=\"1\">\n<div class=\"magic-32\">Modo de visualiza\u00e7\u00e3o<\/div>\n<\/td>\n<td colspan=\"4\" rowspan=\"1\">\n<div class=\"magic-33\">Ingl\u00eas Ecr\u00e3 t\u00e1til LED<\/div>\n<\/td>\n<\/tr>\n<tr>\n<td colspan=\"1\" rowspan=\"1\">\n<div class=\"magic-32\">Cama da m\u00e1quina<\/div>\n<\/td>\n<td colspan=\"4\" rowspan=\"1\">\n<div class=\"magic-33\">Cama de fole de alum\u00ednio espesso para melhor suc\u00e7\u00e3o<\/div>\n<\/td>\n<\/tr>\n<tr>\n<td colspan=\"1\" rowspan=\"1\">\n<div class=\"magic-32\">Mesa da m\u00e1quina<\/div>\n<\/td>\n<td colspan=\"4\" rowspan=\"1\">\n<div class=\"magic-33\">mesa de transporte<\/div>\n<\/td>\n<\/tr>\n<tr>\n<td colspan=\"1\" rowspan=\"1\">\n<div class=\"magic-32\">Dispositivo de alimenta\u00e7\u00e3o autom\u00e1tica e dispositivo de reconhecimento de desvios<\/div>\n<\/td>\n<td colspan=\"4\" rowspan=\"1\">\n<div class=\"magic-33\">Incluir<\/div>\n<\/td>\n<\/tr>\n<tr>\n<td colspan=\"1\" rowspan=\"1\">\n<div class=\"magic-32\">Modo de transfer\u00eancia de dados<\/div>\n<\/td>\n<td colspan=\"4\" rowspan=\"1\">\n<div class=\"magic-33\">Intel<\/div>\n<\/td>\n<\/tr>\n<tr>\n<td colspan=\"1\" rowspan=\"1\">\n<div class=\"magic-32\">Bomba de v\u00e1cuo<\/div>\n<\/td>\n<td colspan=\"4\" rowspan=\"1\">\n<div class=\"magic-33\">Bomba de v\u00e1cuo de ar de 9KW<\/div>\n<\/td>\n<\/tr>\n<tr>\n<td colspan=\"1\" rowspan=\"1\">\n<div class=\"magic-32\">Sistema de condu\u00e7\u00e3o<\/div>\n<\/td>\n<td colspan=\"4\" rowspan=\"1\">\n<div class=\"magic-33\">Servo condutor e motor delta de Taiwan<\/div>\n<\/td>\n<\/tr>\n<tr>\n<td colspan=\"1\" rowspan=\"1\">\n<div class=\"magic-32\">Sistema de controlo<\/div>\n<\/td>\n<td colspan=\"4\" rowspan=\"1\">\n<div class=\"magic-33\">Sistema de controlo RD\/Rhino<\/div>\n<\/td>\n<\/tr>\n<tr>\n<td colspan=\"1\" rowspan=\"1\">\n<div class=\"magic-32\">Sistema de orienta\u00e7\u00e3o<\/div>\n<\/td>\n<td colspan=\"4\" rowspan=\"1\">\n<div class=\"magic-33\">Calha quadrada TBI de Taiwan<\/div>\n<\/td>\n<\/tr>\n<tr>\n<td colspan=\"1\" rowspan=\"1\">\n<div class=\"magic-32\">Sensor de ferramentas<\/div>\n<\/td>\n<td colspan=\"4\" rowspan=\"1\">\n<div class=\"magic-33\">Com, ponto vermelho<\/div>\n<\/td>\n<\/tr>\n<tr>\n<td colspan=\"1\" rowspan=\"1\">\n<div class=\"magic-32\">Transmiss\u00e3o<\/div>\n<\/td>\n<td colspan=\"4\" rowspan=\"1\">\n<div class=\"magic-33\">Pinh\u00e3o de cremalheira Y, correia de a\u00e7o s\u00edncrona XZ<\/div>\n<\/td>\n<\/tr>\n<tr>\n<td colspan=\"1\" rowspan=\"1\">\n<div class=\"magic-32\">Velocidade de corte<\/div>\n<\/td>\n<td colspan=\"4\" rowspan=\"1\">\n<div class=\"magic-33\">30m\/min<\/div>\n<\/td>\n<\/tr>\n<tr>\n<td colspan=\"1\" rowspan=\"1\">\n<div class=\"magic-32\">Velocidade de desloca\u00e7\u00e3o<\/div>\n<\/td>\n<td colspan=\"4\" rowspan=\"1\">\n<div class=\"magic-33\">50m\/min<\/div>\n<\/td>\n<\/tr>\n<tr>\n<td colspan=\"1\" rowspan=\"1\">\n<div class=\"magic-32\">Peso<\/div>\n<\/td>\n<td colspan=\"4\" rowspan=\"1\">\n<div class=\"magic-33\">Cerca de 800 kg<\/div>\n<\/td>\n<\/tr>\n<tr>\n<td colspan=\"1\" rowspan=\"1\">\n<div class=\"magic-32\">Tamanho da m\u00e1quina<\/div>\n<\/td>\n<td colspan=\"4\" rowspan=\"1\">\n<div class=\"magic-33\">2200*3500*1600mm<\/div>\n<\/td>\n<\/tr>\n<tr>\n<td colspan=\"1\" rowspan=\"1\">\n<div class=\"magic-32\">Situa\u00e7\u00e3o da embalagem<\/div>\n<\/td>\n<td colspan=\"4\" rowspan=\"1\">\n<div class=\"magic-33\">caixa de contraplacado para m\u00e1quina de corte de autocolantes de vinil de mesa<\/div>\n<\/td>\n<\/tr>\n<tr>\n<td colspan=\"1\" rowspan=\"1\">\n<div class=\"magic-32\">Pot\u00eancia<\/div>\n<\/td>\n<td colspan=\"4\" rowspan=\"1\">\n<div class=\"magic-33\">380V 3 fases 50HZ<\/div>\n<\/td>\n<\/tr>\n<tr>\n<td colspan=\"1\" rowspan=\"1\">\n<div class=\"magic-32\">Software<\/div>\n<\/td>\n<td colspan=\"4\" rowspan=\"1\">\n<div class=\"magic-34\">Software Vcutworks<\/div>\n<\/td>\n<\/tr>\n<\/tbody>\n<\/table>\n<div style=\"width: 640px;\" class=\"wp-video\"><video class=\"wp-video-shortcode\" id=\"video-3682-1\" width=\"640\" height=\"352\" preload=\"metadata\" controls=\"controls\"><source type=\"video\/mp4\" src=\"https:\/\/wisecnclaser.com\/wp-content\/uploads\/2025\/05\/1625192203930644.mp4?_=1\" \/><a href=\"https:\/\/wisecnclaser.com\/wp-content\/uploads\/2025\/05\/1625192203930644.mp4\">https:\/\/wisecnclaser.com\/wp-content\/uploads\/2025\/05\/1625192203930644.mp4<\/a><\/video><\/div>\n<\/div>\n<\/div>\n<\/div>\n<\/div>\n<\/div>\n<\/div>","protected":false},"excerpt":{"rendered":"<div class=\"text-title\">cnc oscillating knife genuine leather cutting machine table plotter machine<\/div>\n<div class=\"text-content\">\n<div>used for genuine leather cutting, can detect defects on real leather material, utility of leather material can reach 80%<\/div>\n<p>1,Equipped with TV screen and computer, Screen connect with computer<\/p>\n<div>2, equipped with high dpi camera, can take photo clearly<\/div>\n<div>3, with scanning projector, can take photos of different shape leather materials firstly, then cut one by one<\/div>\n<div>4,with nesting software, can optimize the design automatically<\/div>\n<\/div>","protected":false},"featured_media":3685,"template":"","meta":{"_seopress_robots_primary_cat":"","_seopress_titles_title":"","_seopress_titles_desc":"","_seopress_robots_index":"","_uag_custom_page_level_css":"","site-sidebar-layout":"default","site-content-layout":"","ast-site-content-layout":"default","site-content-style":"default","site-sidebar-style":"default","ast-global-header-display":"","ast-banner-title-visibility":"","ast-main-header-display":"","ast-hfb-above-header-display":"","ast-hfb-below-header-display":"","ast-hfb-mobile-header-display":"","site-post-title":"","ast-breadcrumbs-content":"","ast-featured-img":"","footer-sml-layout":"","ast-disable-related-posts":"","theme-transparent-header-meta":"default","adv-header-id-meta":"","stick-header-meta":"default","header-above-stick-meta":"","header-main-stick-meta":"","header-below-stick-meta":"","astra-migrate-meta-layouts":"set","ast-page-background-enabled":"default","ast-page-background-meta":{"desktop":{"background-color":"","background-image":"","background-repeat":"repeat","background-position":"center center","background-size":"auto","background-attachment":"scroll","background-type":"","background-media":"","overlay-type":"","overlay-color":"","overlay-opacity":"","overlay-gradient":""},"tablet":{"background-color":"","background-image":"","background-repeat":"repeat","background-position":"center center","background-size":"auto","background-attachment":"scroll","background-type":"","background-media":"","overlay-type":"","overlay-color":"","overlay-opacity":"","overlay-gradient":""},"mobile":{"background-color":"","background-image":"","background-repeat":"repeat","background-position":"center center","background-size":"auto","background-attachment":"scroll","background-type":"","background-media":"","overlay-type":"","overlay-color":"","overlay-opacity":"","overlay-gradient":""}},"ast-content-background-meta":{"desktop":{"background-color":"var(--ast-global-color-5)","background-image":"","background-repeat":"repeat","background-position":"center center","background-size":"auto","background-attachment":"scroll","background-type":"","background-media":"","overlay-type":"","overlay-color":"","overlay-opacity":"","overlay-gradient":""},"tablet":{"background-color":"var(--ast-global-color-5)","background-image":"","background-repeat":"repeat","background-position":"center center","background-size":"auto","background-attachment":"scroll","background-type":"","background-media":"","overlay-type":"","overlay-color":"","overlay-opacity":"","overlay-gradient":""},"mobile":{"background-color":"var(--ast-global-color-5)","background-image":"","background-repeat":"repeat","background-position":"center center","background-size":"auto","background-attachment":"scroll","background-type":"","background-media":"","overlay-type":"","overlay-color":"","overlay-opacity":"","overlay-gradient":""}}},"product_brand":[],"product_cat":[21],"product_tag":[],"class_list":{"0":"post-3682","1":"product","2":"type-product","3":"status-publish","4":"has-post-thumbnail","6":"product_cat-oscillating","7":"desktop-align-left","8":"tablet-align-left","9":"mobile-align-left","10":"ast-product-gallery-layout-horizontal-slider","11":"ast-product-gallery-with-no-image","12":"ast-product-tabs-layout-horizontal","14":"first","15":"instock","16":"shipping-taxable","17":"product-type-simple"},"uagb_featured_image_src":{"full":["https:\/\/wisecnclaser.com\/wp-content\/uploads\/2025\/05\/6d2e84a97269fc781f66f13a4ff0518b.jpg",750,750,false],"thumbnail":["https:\/\/wisecnclaser.com\/wp-content\/uploads\/2025\/05\/6d2e84a97269fc781f66f13a4ff0518b-150x150.jpg",150,150,true],"medium":["https:\/\/wisecnclaser.com\/wp-content\/uploads\/2025\/05\/6d2e84a97269fc781f66f13a4ff0518b-300x300.jpg",300,300,true],"medium_large":["https:\/\/wisecnclaser.com\/wp-content\/uploads\/2025\/05\/6d2e84a97269fc781f66f13a4ff0518b.jpg",750,750,false],"large":["https:\/\/wisecnclaser.com\/wp-content\/uploads\/2025\/05\/6d2e84a97269fc781f66f13a4ff0518b.jpg",750,750,false],"1536x1536":["https:\/\/wisecnclaser.com\/wp-content\/uploads\/2025\/05\/6d2e84a97269fc781f66f13a4ff0518b.jpg",750,750,false],"2048x2048":["https:\/\/wisecnclaser.com\/wp-content\/uploads\/2025\/05\/6d2e84a97269fc781f66f13a4ff0518b.jpg",750,750,false],"trp-custom-language-flag":["https:\/\/wisecnclaser.com\/wp-content\/uploads\/2025\/05\/6d2e84a97269fc781f66f13a4ff0518b-12x12.jpg",12,12,true],"woocommerce_thumbnail":["https:\/\/wisecnclaser.com\/wp-content\/uploads\/2025\/05\/6d2e84a97269fc781f66f13a4ff0518b-300x300.jpg",300,300,true],"woocommerce_single":["https:\/\/wisecnclaser.com\/wp-content\/uploads\/2025\/05\/6d2e84a97269fc781f66f13a4ff0518b-600x600.jpg",600,600,true],"woocommerce_gallery_thumbnail":["https:\/\/wisecnclaser.com\/wp-content\/uploads\/2025\/05\/6d2e84a97269fc781f66f13a4ff0518b-100x100.jpg",100,100,true]},"uagb_author_info":{"display_name":"jinxing6611@gmail.com","author_link":"https:\/\/wisecnclaser.com\/pt\/author\/"},"uagb_comment_info":0,"uagb_excerpt":"cnc oscillating knife genuine leather cutting machine table plotter machine used for genuine leather cutting, can detect defects on real leather material, utility of leather material can reach 80% 1,Equipped with TV screen and computer, Screen connect with computer 2, equipped with high dpi camera, can take photo clearly 3, with scanning projector, can take&hellip;","_links":{"self":[{"href":"https:\/\/wisecnclaser.com\/pt\/wp-json\/wp\/v2\/product\/3682","targetHints":{"allow":["GET"]}}],"collection":[{"href":"https:\/\/wisecnclaser.com\/pt\/wp-json\/wp\/v2\/product"}],"about":[{"href":"https:\/\/wisecnclaser.com\/pt\/wp-json\/wp\/v2\/types\/product"}],"wp:featuredmedia":[{"embeddable":true,"href":"https:\/\/wisecnclaser.com\/pt\/wp-json\/wp\/v2\/media\/3685"}],"wp:attachment":[{"href":"https:\/\/wisecnclaser.com\/pt\/wp-json\/wp\/v2\/media?parent=3682"}],"wp:term":[{"taxonomy":"product_brand","embeddable":true,"href":"https:\/\/wisecnclaser.com\/pt\/wp-json\/wp\/v2\/product_brand?post=3682"},{"taxonomy":"product_cat","embeddable":true,"href":"https:\/\/wisecnclaser.com\/pt\/wp-json\/wp\/v2\/product_cat?post=3682"},{"taxonomy":"product_tag","embeddable":true,"href":"https:\/\/wisecnclaser.com\/pt\/wp-json\/wp\/v2\/product_tag?post=3682"}],"curies":[{"name":"wp","href":"https:\/\/api.w.org\/{rel}","templated":true}]}}