{"id":3687,"date":"2025-05-23T01:20:07","date_gmt":"2025-05-23T01:20:07","guid":{"rendered":"https:\/\/wisecnclaser.com\/?post_type=product&#038;p=3687"},"modified":"2025-05-23T01:20:07","modified_gmt":"2025-05-23T01:20:07","slug":"ws1325-ccd-cnc-router-with-vibrating-knife-tool","status":"publish","type":"product","link":"https:\/\/wisecnclaser.com\/pt\/produto\/ws1325-ccd-cnc-router-with-vibrating-knife-tool\/","title":{"rendered":"WS1325 CCD CNC Router com ferramenta de faca vibrat\u00f3ria"},"content":{"rendered":"<table border=\"1\">\n<tbody>\n<tr class=\"firstRow\" style=\";height: 38px;\">\n<td style=\"border-width: 1px; border-style: solid; border-color: #9bbb59 #666666 #666666 #9bbb59; border-image: initial; background: white; padding: 5px; word-break: break-all;\" colspan=\"2\" width=\"662\">\n<p style=\"line-height: 16px;\"><span style=\"font-family: arial, helvetica, sans-serif; font-size: 16px;\"><strong><span style=\"font-family: arial, helvetica, sans-serif; color: green;\">Descri\u00e7\u00e3o e especifica\u00e7\u00f5es da tupia cnc WS1325 CCD com ferramenta de faca vibrat\u00f3ria:<\/span><\/strong><\/span><\/p>\n<\/td>\n<\/tr>\n<tr>\n<td style=\"border-left: 1px solid #9bbb59; border-image: initial; border-top: none; background: #d7e3bc; border-bottom: 1px solid #666666; border-right: 1px solid #666666; padding: 5px;\" valign=\"top\" width=\"287\">\n<p style=\"line-height: 16px;\"><span style=\"color: black; font-family: arial, helvetica, sans-serif; font-size: 16px;\">X \u00c1rea de trabalho<\/span><\/p>\n<\/td>\n<td style=\"border-top: none; border-left: none; background: #d7e3bc; border-bottom: 1px solid #666666; border-right: 1px solid #666666; padding: 5px;\" valign=\"top\" width=\"375\">\n<p style=\"line-height: 16px;\"><span style=\"color: black; font-family: arial, helvetica, sans-serif; font-size: 16px;\">1300mm<\/span><\/p>\n<\/td>\n<\/tr>\n<tr>\n<td style=\"border-left: 1px solid #9bbb59; border-image: initial; border-top: none; background: white; border-bottom: 1px solid #666666; border-right: 1px solid #666666; padding: 5px;\" valign=\"top\" width=\"287\">\n<p style=\"line-height: 16px;\"><span style=\"color: black; font-family: arial, helvetica, sans-serif; font-size: 16px;\">Y \u00c1rea de trabalho<\/span><\/p>\n<\/td>\n<td style=\"border-top: none; border-left: none; background: white; border-bottom: 1px solid #666666; border-right: 1px solid #666666; padding: 5px;\" valign=\"top\" width=\"375\">\n<p style=\"line-height: 16px;\"><span style=\"color: black; font-family: arial, helvetica, sans-serif; font-size: 16px;\">2500 mm <\/span><\/p>\n<\/td>\n<\/tr>\n<tr>\n<td style=\"border-left: 1px solid #9bbb59; border-image: initial; border-top: none; background: #d7e3bc; border-bottom: 1px solid #666666; border-right: 1px solid #666666; padding: 5px;\" valign=\"top\" width=\"287\">\n<p style=\"line-height: 16px;\"><span style=\"color: black; font-family: arial, helvetica, sans-serif; font-size: 16px;\">Z \u00c1rea de trabalho<\/span><\/p>\n<\/td>\n<td style=\"border-top: none; border-left: none; background: #d7e3bc; border-bottom: 1px solid #666666; border-right: 1px solid #666666; padding: 5px;\" valign=\"top\" width=\"375\">\n<p style=\"line-height: 16px;\"><span style=\"color: black; font-family: arial, helvetica, sans-serif; font-size: 16px;\">200 mm <\/span><\/p>\n<\/td>\n<\/tr>\n<tr>\n<td style=\"border-left: 1px solid #9bbb59; border-image: initial; border-top: none; background: white; border-bottom: 1px solid #666666; border-right: 1px solid #666666; padding: 5px;\" valign=\"top\" width=\"287\">\n<p style=\"line-height: 16px;\"><span style=\"font-family: arial, helvetica, sans-serif; font-size: 16px;\">Mesa da m\u00e1quina<\/span><\/p>\n<\/td>\n<td style=\"border-top: none; border-left: none; background: white; border-bottom: 1px solid #666666; border-right: 1px solid #666666; padding: 5px;\" valign=\"top\" width=\"375\">\n<p style=\"line-height: 16px;\"><span style=\"font-family: arial, helvetica, sans-serif; font-size: 16px;\">Mesa de v\u00e1cuo + ranhura T<\/span><\/p>\n<\/td>\n<\/tr>\n<tr>\n<td style=\"border-left: 1px solid #9bbb59; border-image: initial; border-top: none; background: #d7e3bc; border-bottom: 1px solid #666666; border-right: 1px solid #666666; padding: 5px;\" valign=\"top\" width=\"287\">\n<p style=\"line-height: 16px;\"><span style=\"color: black; font-family: arial, helvetica, sans-serif; font-size: 16px;\">Precis\u00e3o do posicionamento em viagem<\/span><\/p>\n<\/td>\n<td style=\"border-top: none; border-left: none; background: #d7e3bc; border-bottom: 1px solid #666666; border-right: 1px solid #666666; padding: 5px;\" valign=\"top\" width=\"375\">\n<p style=\"line-height: 16px;\"><span style=\"color: black; font-family: arial, helvetica, sans-serif; font-size: 16px;\">\u00b10,05mm<\/span><\/p>\n<\/td>\n<\/tr>\n<tr>\n<td style=\"border-left: 1px solid #9bbb59; border-image: initial; border-top: none; background: white; border-bottom: 1px solid #666666; border-right: 1px solid #666666; padding: 5px;\" valign=\"top\" width=\"287\">\n<p style=\"line-height: 16px;\"><span style=\"color: black; font-family: arial, helvetica, sans-serif; font-size: 16px;\">Reposicionamento Precis\u00e3o do posicionamento<\/span><\/p>\n<\/td>\n<td style=\"border-top: none; border-left: none; background: white; border-bottom: 1px solid #666666; border-right: 1px solid #666666; padding: 5px;\" valign=\"top\" width=\"375\">\n<p style=\"line-height: 16px;\"><span style=\"color: black; font-family: arial, helvetica, sans-serif; font-size: 16px;\">\u00b10,02mm<\/span><\/p>\n<\/td>\n<\/tr>\n<tr>\n<td style=\"border-left: 1px solid #9bbb59; border-image: initial; border-top: none; background: white; border-bottom: 1px solid #666666; border-right: 1px solid #666666; padding: 5px;\" valign=\"top\" width=\"287\">\n<p style=\"line-height: 16px;\"><span style=\"color: black; font-family: arial, helvetica, sans-serif; font-size: 16px;\">X,Y ,Z Estrutura<\/span><\/p>\n<\/td>\n<td style=\"border-top: none; border-left: none; background: white; border-bottom: 1px solid #666666; border-right: 1px solid #666666; padding: 5px;\" valign=\"top\" width=\"375\">\n<p style=\"line-height: 16px;\"><span style=\"color: black; font-family: arial, helvetica, sans-serif; font-size: 16px;\">Roda dentada XY Parafuso de esferas Z<\/span><\/p>\n<\/td>\n<\/tr>\n<tr>\n<td style=\"border-left: 1px solid #9bbb59; border-image: initial; border-top: none; background: #d7e3bc; border-bottom: 1px solid #666666; border-right: 1px solid #666666; padding: 5px;\" valign=\"top\" width=\"287\">\n<p style=\"line-height: 16px;\"><span style=\"color: black; font-family: arial, helvetica, sans-serif; font-size: 16px;\">M\u00e1x. Consumo de energia (sem fuso)<\/span><\/p>\n<\/td>\n<td style=\"border-top: none; border-left: none; background: #d7e3bc; border-bottom: 1px solid #666666; border-right: 1px solid #666666; padding: 5px;\" valign=\"top\" width=\"375\">\n<p style=\"line-height: 16px;\"><span style=\"color: black; font-family: arial, helvetica, sans-serif; font-size: 16px;\">0,8KW<\/span><\/p>\n<\/td>\n<\/tr>\n<tr>\n<td style=\"border-left: 1px solid #9bbb59; border-image: initial; border-top: none; background: white; border-bottom: 1px solid #666666; border-right: 1px solid #666666; padding: 5px;\" valign=\"top\" width=\"287\">\n<p style=\"line-height: 16px;\"><span style=\"color: black; font-family: arial, helvetica, sans-serif; font-size: 16px;\">M\u00e1ximo. Velocidade de desloca\u00e7\u00e3o r\u00e1pida<\/span><\/p>\n<\/td>\n<td style=\"border-top: none; border-left: none; background: white; border-bottom: 1px solid #666666; border-right: 1px solid #666666; padding: 5px;\" valign=\"top\" width=\"375\">\n<p style=\"line-height: 16px;\"><span style=\"color: black; font-family: arial, helvetica, sans-serif; font-size: 16px;\">20000mm\/min<\/span><\/p>\n<\/td>\n<\/tr>\n<tr>\n<td style=\"border-left: 1px solid #9bbb59; border-image: initial; border-top: none; background: #d7e3bc; border-bottom: 1px solid #666666; border-right: 1px solid #666666; padding: 5px;\" valign=\"top\" width=\"287\">\n<p style=\"line-height: 16px;\"><span style=\"font-family: arial, helvetica, sans-serif; font-size: 16px;\">Velocidade m\u00e1x. Velocidade de trabalho<\/span><\/p>\n<\/td>\n<td style=\"border-top: none; border-left: none; background: #d7e3bc; border-bottom: 1px solid #666666; border-right: 1px solid #666666; padding: 5px;\" valign=\"top\" width=\"375\"><span style=\"font-family: arial, helvetica, sans-serif; font-size: 16px;\">15000mm\/min<\/span><\/td>\n<\/tr>\n<tr>\n<td style=\"border-left: 1px solid #9bbb59; border-image: initial; border-top: none; background: white; border-bottom: 1px solid #666666; border-right: 1px solid #666666; padding: 5px;\" valign=\"top\" width=\"287\">\n<p style=\"line-height: 16px;\"><span style=\"font-family: arial, helvetica, sans-serif; font-size: 16px;\">Cabe\u00e7a de m\u00e1quina<\/span><\/p>\n<\/td>\n<td style=\"border-top: none; border-left: none; background: white; border-bottom: 1px solid #666666; border-right: 1px solid #666666; padding: 5px;\" valign=\"top\" width=\"375\">\n<p style=\"line-height: 16px;\"><span style=\"font-family: arial, helvetica, sans-serif; font-size: 16px;\">Fuso + faca oscilante + c\u00e2mara CCD<\/span><\/p>\n<\/td>\n<\/tr>\n<tr>\n<td style=\"border-left: 1px solid #9bbb59; border-image: initial; border-top: none; background: white; border-bottom: 1px solid #666666; border-right: 1px solid #666666; padding: 5px;\" valign=\"top\" width=\"287\">\n<p style=\"line-height: 16px;\"><span style=\"font-family: arial, helvetica, sans-serif; font-size: 16px;\">Fuso<\/span><\/p>\n<\/td>\n<td style=\"border-top: none; border-left: none; background: white; border-bottom: 1px solid #666666; border-right: 1px solid #666666; padding: 5px;\" valign=\"top\" width=\"375\">\n<p style=\"line-height: 16px;\"><span style=\"font-family: arial, helvetica, sans-serif; font-size: 16px;\">Fuso de 3KW arrefecido a \u00e1gua<\/span><\/p>\n<\/td>\n<\/tr>\n<tr>\n<td style=\"border-left: 1px solid #9bbb59; border-image: initial; border-top: none; background: #d7e3bc; border-bottom: 1px solid #666666; border-right: 1px solid #666666; padding: 5px;\" valign=\"top\" width=\"287\">\n<p style=\"line-height: 16px;\"><span style=\"color: black; font-family: arial, helvetica, sans-serif; font-size: 16px;\">Velocidade do fuso<\/span><\/p>\n<\/td>\n<td style=\"border-top: none; border-left: none; background: #d7e3bc; border-bottom: 1px solid #666666; border-right: 1px solid #666666; padding: 5px;\" valign=\"top\" width=\"375\">\n<p style=\"line-height: 16px;\"><span style=\"color: black; font-family: arial, helvetica, sans-serif; font-size: 16px;\">0-24000rpm<\/span><\/p>\n<\/td>\n<\/tr>\n<tr>\n<td style=\"border-left: 1px solid #9bbb59; border-image: initial; border-top: none; background: white; border-bottom: 1px solid #666666; border-right: 1px solid #666666; padding: 5px;\" valign=\"top\" width=\"287\">\n<p style=\"line-height: 16px;\"><span style=\"font-family: arial, helvetica, sans-serif; font-size: 16px;\">Motor de acionamento<\/span><\/p>\n<\/td>\n<td style=\"border-top: none; border-left: none; background: white; border-bottom: 1px solid #666666; border-right: 1px solid #666666; padding: 5px;\" valign=\"top\" width=\"375\">\n<p style=\"line-height: 16px;\"><span style=\"font-family: arial, helvetica, sans-serif; font-size: 16px;\">Servo chin\u00eas de circuito fechado servo h\u00edbrido da marca LEADSHINE modelo 2206<\/span><\/p>\n<\/td>\n<\/tr>\n<tr>\n<td style=\"border-left: 1px solid #9bbb59; border-image: initial; border-top: none; background: #d7e3bc; border-bottom: 1px solid #666666; border-right: 1px solid #666666; padding: 5px;\" valign=\"top\" width=\"287\">\n<p style=\"text-align: left; line-height: 16px;\"><span style=\"color: black; font-family: arial, helvetica, sans-serif; font-size: 16px;\">Calha de guia<\/span><\/p>\n<\/td>\n<td style=\"border-top: none; border-left: none; background: #d7e3bc; border-bottom: 1px solid #666666; border-right: 1px solid #666666; padding: 5px;\" valign=\"top\" width=\"375\">\n<p style=\"text-align: left; line-height: 16px;\"><span style=\"color: black; font-family: arial, helvetica, sans-serif; font-size: 16px;\">Calha quadrada Hiwin 20<\/span><\/p>\n<\/td>\n<\/tr>\n<tr>\n<td style=\"border-left: 1px solid #9bbb59; border-image: initial; border-top: none; background: white; border-bottom: 1px solid #666666; border-right: 1px solid #666666; padding: 5px;\" valign=\"top\" width=\"287\">\n<p style=\"text-align: left; line-height: 16px;\"><span style=\"color: black; font-family: arial, helvetica, sans-serif; font-size: 16px;\">Tens\u00e3o de funcionamento<\/span><\/p>\n<\/td>\n<td style=\"border-top: none; border-left: none; background: white; border-bottom: 1px solid #666666; border-right: 1px solid #666666; padding: 5px;\" valign=\"top\" width=\"375\">\n<p style=\"text-align: left; line-height: 16px;\"><span style=\"color: black; font-family: arial, helvetica, sans-serif; font-size: 16px;\">A380V\/50Hz-60HZ trif\u00e1sico<\/span><\/p>\n<\/td>\n<\/tr>\n<tr>\n<td style=\"border-left: 1px solid #9bbb59; border-image: initial; border-top: none; background: #d7e3bc; border-bottom: 1px solid #666666; border-right: 1px solid #666666; padding: 5px;\" valign=\"top\" width=\"287\">\n<p style=\"text-align: left; line-height: 16px;\"><span style=\"font-family: arial, helvetica, sans-serif; font-size: 16px;\">Sistema de controlo<\/span><\/p>\n<\/td>\n<td style=\"border-top: none; border-left: none; background: #d7e3bc; border-bottom: 1px solid #666666; border-right: 1px solid #666666; padding: 5px;\" valign=\"top\" width=\"375\">\n<p style=\"text-align: left; line-height: 16px;\"><span style=\"font-family: arial, helvetica, sans-serif; font-size: 16px;\">Controlador Xingduowei com c\u00e2mara CCD<\/span><\/p>\n<\/td>\n<\/tr>\n<tr>\n<td style=\"border-left: 1px solid #9bbb59; border-image: initial; border-top: none; background: white; border-bottom: 1px solid #666666; border-right: 1px solid #666666; padding: 5px;\" valign=\"top\" width=\"287\">\n<p style=\"text-align: left; line-height: 16px;\"><span style=\"color: black; font-family: arial, helvetica, sans-serif; font-size: 16px;\">Arm\u00e1rio de controlo<\/span><\/p>\n<\/td>\n<td style=\"border-top: none; border-left: none; background: white; border-bottom: 1px solid #666666; border-right: 1px solid #666666; padding: 5px;\" valign=\"top\" width=\"375\">\n<p style=\"text-align: left; line-height: 16px;\"><span style=\"color: black; font-family: arial, helvetica, sans-serif; font-size: 16px;\">Caixa de controlo independente<\/span><\/p>\n<\/td>\n<\/tr>\n<tr>\n<td style=\"border-left: 1px solid #9bbb59; border-image: initial; border-top: none; background: #d7e3bc; border-bottom: 1px solid #666666; border-right: 1px solid #666666; padding: 5px;\" valign=\"top\" width=\"287\">\n<p style=\"text-align: left; line-height: 16px;\"><span style=\"color: black; font-family: arial, helvetica, sans-serif; font-size: 16px;\">Dispositivo auxiliar<\/span><\/p>\n<\/td>\n<td style=\"border-top: none; border-left: none; background: #d7e3bc; border-bottom: 1px solid #666666; border-right: 1px solid #666666; padding: 5px;\" valign=\"top\" width=\"375\">\n<p style=\"text-align: left; line-height: 16px;\"><span style=\"color: black; font-family: arial, helvetica, sans-serif; font-size: 16px;\">5.5KW Bomba de v\u00e1cuo 380V, sistema de lubrifica\u00e7\u00e3o<\/span><\/p>\n<p style=\"text-align: left; line-height: 16px;\"><span style=\"color: black; font-family: arial, helvetica, sans-serif; font-size: 16px;\">Tapete utilizado para o corte com faca oscilante<\/span><\/p>\n<p style=\"text-align: left; line-height: 16px;\"><span style=\"color: black; font-family: arial, helvetica, sans-serif; font-size: 16px;\">Coletor de p\u00f3 de sacos duplos de 3kw<\/span><\/p>\n<p style=\"text-align: left; line-height: 16px;\"><span style=\"color: black; font-family: arial, helvetica, sans-serif; font-size: 16px;\">Bomba de \u00e1gua<\/span><\/p>\n<p style=\"text-align: left; line-height: 16px;\"><span style=\"color: black; font-family: arial, helvetica, sans-serif; font-size: 16px;\">Inversor Fuling<\/span><\/p>\n<\/td>\n<\/tr>\n<\/tbody>\n<\/table>\n<p style=\"text-align: left; line-height: 36px; background: #F8F9FA;\"><span style=\"font-family: Arial, sans-serif; color: #202124; font-size: 16px;\">Carater\u00edsticas de desempenho:<\/span><\/p>\n<p style=\"text-align: left; line-height: 36px; background: #F8F9FA;\"><span style=\"font-family: Arial, sans-serif; color: #202124; font-size: 16px;\">1. A m\u00e1quina de corte de patrulha de borda inteligente adota o modo de controle do controlador de movimento Xingduowei, que n\u00e3o s\u00f3 tem as fun\u00e7\u00f5es de corte de plano tradicional, relevo 3D, etc., mas tamb\u00e9m adequado para a m\u00e1quina de corte de patrulha de sinais de identifica\u00e7\u00e3o e o contorno da imagem da imagem a jato de tinta; pode processar placas KT e PVC. Acr\u00edlico e outras placas de dureza m\u00e9dia, faca de vibra\u00e7\u00e3o cortando placa KT, pvc, resolvem o problema de rebarbas de corte de fuso mec\u00e2nico.<\/span><\/p>\n<p style=\"text-align: left; line-height: 36px; background: #F8F9FA;\"><span style=\"font-family: Arial, sans-serif; color: #202124; font-size: 16px;\">2. A m\u00e1quina de patrulha lateral inteligente tem uma forte capacidade anti-interfer\u00eancia, velocidade de reconhecimento r\u00e1pida e alta efici\u00eancia. \u00c9 adequada para marcas registadas, imagens e outras ocasi\u00f5es que requerem reconhecimento e corte inteligentes. A velocidade de reconhecimento e corte \u00e9 r\u00e1pida, e a opera\u00e7\u00e3o \u00e9 simples e conveniente. Resolve o problema dos res\u00edduos de produtos causados pelo posicionamento manual tradicional, que \u00e9 demorado e trabalhoso e devido ao desvio da placa;<\/span><\/p>\n<p style=\"text-align: left; line-height: 36px; background: #F8F9FA;\"><span style=\"font-family: Arial, sans-serif; color: #202124; font-size: 16px;\">3. Pode reconhecer e cortar gr\u00e1ficos de grandes \u00e1reas, e uma pessoa pode cuidar de v\u00e1rios dispositivos ao mesmo tempo, o que poupa muito trabalho, eletricidade e espa\u00e7o, e tem uma elevada rela\u00e7\u00e3o custo-efic\u00e1cia;<\/span><\/p>\n<p style=\"text-align: left; line-height: 36px; background: #F8F9FA;\"><span style=\"font-family: Arial, sans-serif; color: #202124; font-size: 16px;\">4. Reconhecimento autom\u00e1tico de arestas, sem necessidade de produzir o caminho de grava\u00e7\u00e3o, corte de modelos, corte de puzzles, forte capacidade de reconhecimento, velocidade de posicionamento r\u00e1pida e elevada precis\u00e3o de posicionamento;<\/span><\/p>\n<p style=\"text-align: left; line-height: 36px; background: #F8F9FA;\"><span style=\"font-family: Arial, sans-serif; color: #202124; font-size: 16px;\">5. Suporta v\u00e1rios m\u00e9todos de posicionamento, tais como correspond\u00eancia de carater\u00edsticas, posicionamento de dois pontos, posicionamento de v\u00e1rios modelos e extra\u00e7\u00e3o de contornos;<\/span><\/p>\n<p style=\"text-align: left; line-height: 36px; background: #F8F9FA;\"><span style=\"font-family: Arial, sans-serif; color: #202124; font-size: 16px;\">6. A edi\u00e7\u00e3o gr\u00e1fica, a composi\u00e7\u00e3o tipogr\u00e1fica, o controlo e a sa\u00edda s\u00e3o conclu\u00eddos numa \u00fanica paragem;<\/span><\/p>\n<p style=\"text-align: left; line-height: 36px; background: #F8F9FA;\"><span style=\"font-family: Arial, sans-serif; color: #202124; font-size: 16px;\">7. Suporta formatos de dados de v\u00e1rias fontes: BMP, AL, PLT, DXF, DST, etc.<\/span><\/p>\n<p>&nbsp;<\/p>","protected":false},"excerpt":{"rendered":"<p>Fun\u00e7\u00f5es m\u00faltiplas da tupia ccd cnc com faca oscilante:<\/p>\n<ol class=\"list-paddingleft-2\">\n<li>c\u00e2mara ccd, pode digitalizar o layout da imagem impressa com velocidade r\u00e1pida. A folha de material deve ser marcada com pontos de marca\u00e7\u00e3o<\/li>\n<li>Fuso utilizado para cortar material espesso e duro, como madeira, acr\u00edlico, folha expandida de PVC espessa, folha de MDF, etc.<\/li>\n<li>A faca oscilante pode cortar materiais finos e macios, tais como autocolantes de vinil para autom\u00f3veis, placas finas de kt e folhas expandidas de pvc, etc.<\/li>\n<\/ol>","protected":false},"featured_media":3690,"template":"","meta":{"_seopress_robots_primary_cat":"","_seopress_titles_title":"","_seopress_titles_desc":"","_seopress_robots_index":"","_uag_custom_page_level_css":"","site-sidebar-layout":"default","site-content-layout":"","ast-site-content-layout":"default","site-content-style":"default","site-sidebar-style":"default","ast-global-header-display":"","ast-banner-title-visibility":"","ast-main-header-display":"","ast-hfb-above-header-display":"","ast-hfb-below-header-display":"","ast-hfb-mobile-header-display":"","site-post-title":"","ast-breadcrumbs-content":"","ast-featured-img":"","footer-sml-layout":"","ast-disable-related-posts":"","theme-transparent-header-meta":"default","adv-header-id-meta":"","stick-header-meta":"default","header-above-stick-meta":"","header-main-stick-meta":"","header-below-stick-meta":"","astra-migrate-meta-layouts":"set","ast-page-background-enabled":"default","ast-page-background-meta":{"desktop":{"background-color":"","background-image":"","background-repeat":"repeat","background-position":"center center","background-size":"auto","background-attachment":"scroll","background-type":"","background-media":"","overlay-type":"","overlay-color":"","overlay-opacity":"","overlay-gradient":""},"tablet":{"background-color":"","background-image":"","background-repeat":"repeat","background-position":"center center","background-size":"auto","background-attachment":"scroll","background-type":"","background-media":"","overlay-type":"","overlay-color":"","overlay-opacity":"","overlay-gradient":""},"mobile":{"background-color":"","background-image":"","background-repeat":"repeat","background-position":"center center","background-size":"auto","background-attachment":"scroll","background-type":"","background-media":"","overlay-type":"","overlay-color":"","overlay-opacity":"","overlay-gradient":""}},"ast-content-background-meta":{"desktop":{"background-color":"var(--ast-global-color-5)","background-image":"","background-repeat":"repeat","background-position":"center center","background-size":"auto","background-attachment":"scroll","background-type":"","background-media":"","overlay-type":"","overlay-color":"","overlay-opacity":"","overlay-gradient":""},"tablet":{"background-color":"var(--ast-global-color-5)","background-image":"","background-repeat":"repeat","background-position":"center center","background-size":"auto","background-attachment":"scroll","background-type":"","background-media":"","overlay-type":"","overlay-color":"","overlay-opacity":"","overlay-gradient":""},"mobile":{"background-color":"var(--ast-global-color-5)","background-image":"","background-repeat":"repeat","background-position":"center center","background-size":"auto","background-attachment":"scroll","background-type":"","background-media":"","overlay-type":"","overlay-color":"","overlay-opacity":"","overlay-gradient":""}}},"product_brand":[],"product_cat":[42],"product_tag":[],"class_list":{"0":"post-3687","1":"product","2":"type-product","3":"status-publish","4":"has-post-thumbnail","6":"product_cat-normal","7":"desktop-align-left","8":"tablet-align-left","9":"mobile-align-left","10":"ast-product-gallery-layout-horizontal-slider","11":"ast-product-gallery-with-no-image","12":"ast-product-tabs-layout-horizontal","14":"first","15":"instock","16":"shipping-taxable","17":"product-type-simple"},"uagb_featured_image_src":{"full":["https:\/\/wisecnclaser.com\/wp-content\/uploads\/2025\/05\/c387fa03be9db1de9a00a7ee3d459962.jpg",800,600,false],"thumbnail":["https:\/\/wisecnclaser.com\/wp-content\/uploads\/2025\/05\/c387fa03be9db1de9a00a7ee3d459962-150x150.jpg",150,150,true],"medium":["https:\/\/wisecnclaser.com\/wp-content\/uploads\/2025\/05\/c387fa03be9db1de9a00a7ee3d459962-300x225.jpg",300,225,true],"medium_large":["https:\/\/wisecnclaser.com\/wp-content\/uploads\/2025\/05\/c387fa03be9db1de9a00a7ee3d459962-768x576.jpg",768,576,true],"large":["https:\/\/wisecnclaser.com\/wp-content\/uploads\/2025\/05\/c387fa03be9db1de9a00a7ee3d459962.jpg",800,600,false],"1536x1536":["https:\/\/wisecnclaser.com\/wp-content\/uploads\/2025\/05\/c387fa03be9db1de9a00a7ee3d459962.jpg",800,600,false],"2048x2048":["https:\/\/wisecnclaser.com\/wp-content\/uploads\/2025\/05\/c387fa03be9db1de9a00a7ee3d459962.jpg",800,600,false],"trp-custom-language-flag":["https:\/\/wisecnclaser.com\/wp-content\/uploads\/2025\/05\/c387fa03be9db1de9a00a7ee3d459962-16x12.jpg",16,12,true],"woocommerce_thumbnail":["https:\/\/wisecnclaser.com\/wp-content\/uploads\/2025\/05\/c387fa03be9db1de9a00a7ee3d459962-300x300.jpg",300,300,true],"woocommerce_single":["https:\/\/wisecnclaser.com\/wp-content\/uploads\/2025\/05\/c387fa03be9db1de9a00a7ee3d459962-600x450.jpg",600,450,true],"woocommerce_gallery_thumbnail":["https:\/\/wisecnclaser.com\/wp-content\/uploads\/2025\/05\/c387fa03be9db1de9a00a7ee3d459962-100x100.jpg",100,100,true]},"uagb_author_info":{"display_name":"jinxing6611@gmail.com","author_link":"https:\/\/wisecnclaser.com\/pt\/author\/"},"uagb_comment_info":0,"uagb_excerpt":"Multi Functions of ccd cnc router with oscillating knife: ccd camera, can scan printed image layout with fast speed. The material sheet should be marked by marking dots spindle used to cut thick and hard material such as wood, acrylic, thick PVC expanded sheet, MDF sheet etc. Oscillating Knife can cut thin and soft material&hellip;","_links":{"self":[{"href":"https:\/\/wisecnclaser.com\/pt\/wp-json\/wp\/v2\/product\/3687","targetHints":{"allow":["GET"]}}],"collection":[{"href":"https:\/\/wisecnclaser.com\/pt\/wp-json\/wp\/v2\/product"}],"about":[{"href":"https:\/\/wisecnclaser.com\/pt\/wp-json\/wp\/v2\/types\/product"}],"wp:featuredmedia":[{"embeddable":true,"href":"https:\/\/wisecnclaser.com\/pt\/wp-json\/wp\/v2\/media\/3690"}],"wp:attachment":[{"href":"https:\/\/wisecnclaser.com\/pt\/wp-json\/wp\/v2\/media?parent=3687"}],"wp:term":[{"taxonomy":"product_brand","embeddable":true,"href":"https:\/\/wisecnclaser.com\/pt\/wp-json\/wp\/v2\/product_brand?post=3687"},{"taxonomy":"product_cat","embeddable":true,"href":"https:\/\/wisecnclaser.com\/pt\/wp-json\/wp\/v2\/product_cat?post=3687"},{"taxonomy":"product_tag","embeddable":true,"href":"https:\/\/wisecnclaser.com\/pt\/wp-json\/wp\/v2\/product_tag?post=3687"}],"curies":[{"name":"wp","href":"https:\/\/api.w.org\/{rel}","templated":true}]}}