{"id":3691,"date":"2025-05-23T01:31:12","date_gmt":"2025-05-23T01:31:12","guid":{"rendered":"https:\/\/wisecnclaser.com\/?post_type=product&#038;p=3691"},"modified":"2026-01-26T08:08:23","modified_gmt":"2026-01-26T08:08:23","slug":"ws3300-standard-cnc-beam-saw","status":"publish","type":"product","link":"https:\/\/wisecnclaser.com\/pt\/produto\/ws3300-standard-cnc-beam-saw\/","title":{"rendered":"Serra de viga CNC padr\u00e3o WS3300"},"content":{"rendered":"<p><strong>Carater\u00edsticas:<\/strong><\/p>\n<p>A serra de corte eletr\u00f3nica de carregamento frontal \u00e9 adequada para o corte de precis\u00e3o de pain\u00e9is, tais como pain\u00e9is de madeira, pain\u00e9is de alum\u00ednio, plexiglas e pain\u00e9is m\u00e9dios de fibra de vidro, MDF, pain\u00e9is de part\u00edculas, pain\u00e9is de ABS, pain\u00e9is de PVC, madeira maci\u00e7a, etc., que s\u00e3o amplamente utilizados em f\u00e1bricas dom\u00e9sticas, f\u00e1bricas de electrodom\u00e9sticos, f\u00e1bricas de vestu\u00e1rio, f\u00e1bricas de brinquedos, f\u00e1bricas de ferragens, etc.<\/p>\n<p>1. As bancadas com flutua\u00e7\u00e3o de ar podem reduzir a intensidade do trabalho dos trabalhadores e evitar riscos na placa inferior.<\/p>\n<p>2. O sistema de transmiss\u00e3o de cremalheira e pinh\u00e3o de alta qualidade garante um processamento r\u00e1pido e um movimento suave. 3. O motor principal da serra \u00e9 acionado por uma correia com v\u00e1rias nervuras para garantir a precis\u00e3o e a estabilidade da serragem. 4. O curso de serragem pode ser ajustado automaticamente de acordo com diferentes comprimentos de serragem para reduzir o tempo de desloca\u00e7\u00e3o e melhorar a efici\u00eancia do trabalho.<\/p>\n<p>5. A l\u00e2mina de serra \u00e9 facilmente instalada e desinstalada<\/p>\n<p>6. A serra principal e a serra de ranhuras s\u00e3o levantadas e baixadas de forma independente, utilizando guias lineares. O sistema garante a precis\u00e3o do processamento e a resist\u00eancia estrutural, e atinge uma elevada qualidade de corte<\/p>\n<p>&nbsp;<\/p>\n<p><strong>Par\u00e2metros t\u00e9cnicos:<\/strong><\/p>\n<table border=\"1\">\n<tbody>\n<tr class=\"firstRow\">\n<td colspan=\"2\" width=\"662\"><strong>Descri\u00e7\u00e3o e especifica\u00e7\u00f5es:<\/strong><\/td>\n<\/tr>\n<tr>\n<td valign=\"top\" width=\"331\">Comprimento m\u00e1ximo de corte<\/td>\n<td valign=\"top\" width=\"331\">3300 mm<\/td>\n<\/tr>\n<tr>\n<td valign=\"top\" width=\"331\">Largura m\u00e1xima de corte<\/td>\n<td valign=\"top\" width=\"331\">3300 mm<\/td>\n<\/tr>\n<tr>\n<td valign=\"top\" width=\"331\">Altura m\u00e1xima de corte<\/td>\n<td valign=\"top\" width=\"331\">120 mm<\/td>\n<\/tr>\n<tr>\n<td valign=\"top\" width=\"331\">Altura m\u00e1xima da serra<\/td>\n<td valign=\"top\" width=\"331\">125 mm<\/td>\n<\/tr>\n<tr>\n<td valign=\"top\" width=\"331\">Tamanho m\u00ednimo de corte do painel<\/td>\n<td valign=\"top\" width=\"331\">50*50mm<\/td>\n<\/tr>\n<tr>\n<td valign=\"top\" width=\"331\">Pot\u00eancia do motor principal da serra<\/td>\n<td valign=\"top\" width=\"331\">15kw<\/td>\n<\/tr>\n<tr>\n<td valign=\"top\" width=\"331\">Di\u00e2metro da serra principal<\/td>\n<td valign=\"top\" width=\"331\">450 mm<\/td>\n<\/tr>\n<tr>\n<td valign=\"top\" width=\"331\">Di\u00e2metro do veio de serragem<\/td>\n<td valign=\"top\" width=\"331\">75mm<\/td>\n<\/tr>\n<tr>\n<td valign=\"top\" width=\"331\">Velocidade de rota\u00e7\u00e3o do fuso<\/td>\n<td valign=\"top\" width=\"331\">4000rpm<\/td>\n<\/tr>\n<tr>\n<td valign=\"top\" width=\"331\">Pot\u00eancia do motor da serra menor<\/td>\n<td valign=\"top\" width=\"331\">2,2kw<\/td>\n<\/tr>\n<tr>\n<td valign=\"top\" width=\"331\">Di\u00e2metro menor da serra<\/td>\n<td valign=\"top\" width=\"331\">200 mm<\/td>\n<\/tr>\n<tr>\n<td valign=\"top\" width=\"331\">Di\u00e2metro menor do eixo da serra<\/td>\n<td valign=\"top\" width=\"331\">50mm<\/td>\n<\/tr>\n<tr>\n<td valign=\"top\" width=\"331\">Velocidade de rota\u00e7\u00e3o do veio da serra menor<\/td>\n<td valign=\"top\" width=\"331\">6000rpm<\/td>\n<\/tr>\n<tr>\n<td valign=\"top\" width=\"331\">Material Motor de acionamento do sistema de empurrar<\/td>\n<td valign=\"top\" width=\"331\">1,8kw<\/td>\n<\/tr>\n<tr>\n<td valign=\"top\" width=\"331\">Material Sistema de empurrar Velocidade de empurrar<\/td>\n<td valign=\"top\" width=\"331\">5-100m\/min<\/td>\n<\/tr>\n<tr>\n<td valign=\"top\" width=\"331\">Velocidade de tra\u00e7\u00e3o do sistema de empurrar materiais<\/td>\n<td valign=\"top\" width=\"331\">5-100m\/min<\/td>\n<\/tr>\n<tr>\n<td valign=\"top\" width=\"331\">Motor do ventilador de alta press\u00e3o<\/td>\n<td valign=\"top\" width=\"331\">5HP\/3KW<\/td>\n<\/tr>\n<tr>\n<td valign=\"top\" width=\"331\">Motor de mudan\u00e7as laterais<\/td>\n<td valign=\"top\" width=\"331\">90w<\/td>\n<\/tr>\n<tr>\n<td valign=\"top\" width=\"331\">Motor de acionamento da base da serra<\/td>\n<td valign=\"top\" width=\"331\">3,4kw<\/td>\n<\/tr>\n<tr>\n<td valign=\"top\" width=\"331\">Velocidade de avan\u00e7o<\/td>\n<td valign=\"top\" width=\"331\">0-120m\/min<\/td>\n<\/tr>\n<tr>\n<td valign=\"top\" width=\"331\">Velocidade de retorno<\/td>\n<td valign=\"top\" width=\"331\">120m\/min<\/td>\n<\/tr>\n<tr>\n<td valign=\"top\" width=\"331\">Altura da mesa da m\u00e1quina acima do solo<\/td>\n<td valign=\"top\" width=\"331\">970 mm<\/td>\n<\/tr>\n<tr>\n<td valign=\"top\" width=\"331\">Bra\u00e7adeira<\/td>\n<td valign=\"top\" width=\"331\">8 grupos<\/td>\n<\/tr>\n<tr>\n<td valign=\"top\" width=\"331\">Dimens\u00f5es da m\u00e1quina<\/td>\n<td valign=\"top\" width=\"331\">6950*7400*2000mm<\/td>\n<\/tr>\n<tr>\n<td valign=\"top\" width=\"331\">Peso da m\u00e1quina<\/td>\n<td valign=\"top\" width=\"331\">5800 kg<\/td>\n<\/tr>\n<tr>\n<td valign=\"top\" width=\"331\">Software<\/td>\n<td valign=\"top\" width=\"331\">Serra autom\u00e1tica<\/td>\n<\/tr>\n<\/tbody>\n<\/table>\n<div style=\"width: 654px;\" class=\"wp-video\"><video class=\"wp-video-shortcode\" id=\"video-3691-1\" width=\"654\" height=\"368\" preload=\"metadata\" controls=\"controls\"><source type=\"video\/mp4\" src=\"https:\/\/wisecnclaser.com\/wp-content\/uploads\/2025\/05\/1643180959780656.mp4?_=1\" \/><a href=\"https:\/\/wisecnclaser.com\/wp-content\/uploads\/2025\/05\/1643180959780656.mp4\">https:\/\/wisecnclaser.com\/wp-content\/uploads\/2025\/05\/1643180959780656.mp4<\/a><\/video><\/div>","protected":false},"excerpt":{"rendered":"<p>Electronic sizing saw (CNC Beam Saw), also known as computer panel saw, is an upgraded product of hand-push sliding table panel saw and reciprocating saw. It only needs 1-2 operators. The electronic cutting saw has high cutting accuracy, efficient panel cutting, novice operation, labor-saving, fool-type cutting, man-machine integrated operation, input the data to be cut on the touch screen or PC, and start the board by itself. Precision machining.<\/p>","protected":false},"featured_media":4377,"template":"","meta":{"_seopress_robots_primary_cat":"none","_seopress_titles_title":"","_seopress_titles_desc":"","_seopress_robots_index":"","_uag_custom_page_level_css":"","site-sidebar-layout":"default","site-content-layout":"","ast-site-content-layout":"default","site-content-style":"default","site-sidebar-style":"default","ast-global-header-display":"","ast-banner-title-visibility":"","ast-main-header-display":"","ast-hfb-above-header-display":"","ast-hfb-below-header-display":"","ast-hfb-mobile-header-display":"","site-post-title":"","ast-breadcrumbs-content":"","ast-featured-img":"","footer-sml-layout":"","ast-disable-related-posts":"","theme-transparent-header-meta":"default","adv-header-id-meta":"","stick-header-meta":"default","header-above-stick-meta":"","header-main-stick-meta":"","header-below-stick-meta":"","astra-migrate-meta-layouts":"set","ast-page-background-enabled":"default","ast-page-background-meta":{"desktop":{"background-color":"","background-image":"","background-repeat":"repeat","background-position":"center center","background-size":"auto","background-attachment":"scroll","background-type":"","background-media":"","overlay-type":"","overlay-color":"","overlay-opacity":"","overlay-gradient":""},"tablet":{"background-color":"","background-image":"","background-repeat":"repeat","background-position":"center center","background-size":"auto","background-attachment":"scroll","background-type":"","background-media":"","overlay-type":"","overlay-color":"","overlay-opacity":"","overlay-gradient":""},"mobile":{"background-color":"","background-image":"","background-repeat":"repeat","background-position":"center center","background-size":"auto","background-attachment":"scroll","background-type":"","background-media":"","overlay-type":"","overlay-color":"","overlay-opacity":"","overlay-gradient":""}},"ast-content-background-meta":{"desktop":{"background-color":"var(--ast-global-color-5)","background-image":"","background-repeat":"repeat","background-position":"center center","background-size":"auto","background-attachment":"scroll","background-type":"","background-media":"","overlay-type":"","overlay-color":"","overlay-opacity":"","overlay-gradient":""},"tablet":{"background-color":"var(--ast-global-color-5)","background-image":"","background-repeat":"repeat","background-position":"center center","background-size":"auto","background-attachment":"scroll","background-type":"","background-media":"","overlay-type":"","overlay-color":"","overlay-opacity":"","overlay-gradient":""},"mobile":{"background-color":"var(--ast-global-color-5)","background-image":"","background-repeat":"repeat","background-position":"center center","background-size":"auto","background-attachment":"scroll","background-type":"","background-media":"","overlay-type":"","overlay-color":"","overlay-opacity":"","overlay-gradient":""}}},"product_brand":[],"product_cat":[39],"product_tag":[95,93,178],"class_list":{"0":"post-3691","1":"product","2":"type-product","3":"status-publish","4":"has-post-thumbnail","6":"product_cat-cuttingsaw","7":"product_tag-beam-saw-machine","8":"product_tag-cnc-beam-saw","9":"product_tag-computer-panel-saw","10":"desktop-align-left","11":"tablet-align-left","12":"mobile-align-left","13":"ast-product-gallery-layout-horizontal-slider","14":"ast-product-gallery-with-no-image","15":"ast-product-tabs-layout-horizontal","17":"first","18":"instock","19":"featured","20":"shipping-taxable","21":"product-type-simple"},"uagb_featured_image_src":{"full":["https:\/\/wisecnclaser.com\/wp-content\/uploads\/2025\/05\/3300\u6807\u914d-\u524d\u4e0a\u6599-\u4e0d\u542b\u4fa7\u9760.png",800,800,false],"thumbnail":["https:\/\/wisecnclaser.com\/wp-content\/uploads\/2025\/05\/3300\u6807\u914d-\u524d\u4e0a\u6599-\u4e0d\u542b\u4fa7\u9760-150x150.png",150,150,true],"medium":["https:\/\/wisecnclaser.com\/wp-content\/uploads\/2025\/05\/3300\u6807\u914d-\u524d\u4e0a\u6599-\u4e0d\u542b\u4fa7\u9760-300x300.png",300,300,true],"medium_large":["https:\/\/wisecnclaser.com\/wp-content\/uploads\/2025\/05\/3300\u6807\u914d-\u524d\u4e0a\u6599-\u4e0d\u542b\u4fa7\u9760-768x768.png",768,768,true],"large":["https:\/\/wisecnclaser.com\/wp-content\/uploads\/2025\/05\/3300\u6807\u914d-\u524d\u4e0a\u6599-\u4e0d\u542b\u4fa7\u9760.png",800,800,false],"1536x1536":["https:\/\/wisecnclaser.com\/wp-content\/uploads\/2025\/05\/3300\u6807\u914d-\u524d\u4e0a\u6599-\u4e0d\u542b\u4fa7\u9760.png",800,800,false],"2048x2048":["https:\/\/wisecnclaser.com\/wp-content\/uploads\/2025\/05\/3300\u6807\u914d-\u524d\u4e0a\u6599-\u4e0d\u542b\u4fa7\u9760.png",800,800,false],"trp-custom-language-flag":["https:\/\/wisecnclaser.com\/wp-content\/uploads\/2025\/05\/3300\u6807\u914d-\u524d\u4e0a\u6599-\u4e0d\u542b\u4fa7\u9760-12x12.png",12,12,true],"woocommerce_thumbnail":["https:\/\/wisecnclaser.com\/wp-content\/uploads\/2025\/05\/3300\u6807\u914d-\u524d\u4e0a\u6599-\u4e0d\u542b\u4fa7\u9760-300x300.png",300,300,true],"woocommerce_single":["https:\/\/wisecnclaser.com\/wp-content\/uploads\/2025\/05\/3300\u6807\u914d-\u524d\u4e0a\u6599-\u4e0d\u542b\u4fa7\u9760-600x600.png",600,600,true],"woocommerce_gallery_thumbnail":["https:\/\/wisecnclaser.com\/wp-content\/uploads\/2025\/05\/3300\u6807\u914d-\u524d\u4e0a\u6599-\u4e0d\u542b\u4fa7\u9760-100x100.png",100,100,true]},"uagb_author_info":{"display_name":"jinxing6611@gmail.com","author_link":"https:\/\/wisecnclaser.com\/pt\/author\/"},"uagb_comment_info":0,"uagb_excerpt":"Electronic sizing saw (CNC Beam Saw), also known as computer panel saw, is an upgraded product of hand-push sliding table panel saw and reciprocating saw. It only needs 1-2 operators. The electronic cutting saw has high cutting accuracy, efficient panel cutting, novice operation, labor-saving, fool-type cutting, man-machine integrated operation, input the data to be cut&hellip;","_links":{"self":[{"href":"https:\/\/wisecnclaser.com\/pt\/wp-json\/wp\/v2\/product\/3691","targetHints":{"allow":["GET"]}}],"collection":[{"href":"https:\/\/wisecnclaser.com\/pt\/wp-json\/wp\/v2\/product"}],"about":[{"href":"https:\/\/wisecnclaser.com\/pt\/wp-json\/wp\/v2\/types\/product"}],"wp:featuredmedia":[{"embeddable":true,"href":"https:\/\/wisecnclaser.com\/pt\/wp-json\/wp\/v2\/media\/4377"}],"wp:attachment":[{"href":"https:\/\/wisecnclaser.com\/pt\/wp-json\/wp\/v2\/media?parent=3691"}],"wp:term":[{"taxonomy":"product_brand","embeddable":true,"href":"https:\/\/wisecnclaser.com\/pt\/wp-json\/wp\/v2\/product_brand?post=3691"},{"taxonomy":"product_cat","embeddable":true,"href":"https:\/\/wisecnclaser.com\/pt\/wp-json\/wp\/v2\/product_cat?post=3691"},{"taxonomy":"product_tag","embeddable":true,"href":"https:\/\/wisecnclaser.com\/pt\/wp-json\/wp\/v2\/product_tag?post=3691"}],"curies":[{"name":"wp","href":"https:\/\/api.w.org\/{rel}","templated":true}]}}