{"id":3696,"date":"2025-05-23T01:33:40","date_gmt":"2025-05-23T01:33:40","guid":{"rendered":"https:\/\/wisecnclaser.com\/?post_type=product&#038;p=3696"},"modified":"2026-03-11T03:42:51","modified_gmt":"2026-03-11T03:42:51","slug":"5-axis-cnc-foam-carving-machine","status":"publish","type":"product","link":"https:\/\/wisecnclaser.com\/pt\/produto\/5-axis-cnc-foam-carving-machine\/","title":{"rendered":"M\u00e1quina de corte cnc 3d de 5 eixos para escultura em espuma"},"content":{"rendered":"<p><strong>PARTES PRINCIPAIS DA M\u00c1QUINA DE ESCULTURA EM ESPUMA CNC 3D DE 5 EIXOS<\/strong><\/p>\n<p>1. Sistema de controlo: Sistema de controlo de cinco eixos de Taiyuan<\/p>\n<p>2. Sistema de acionamento: servo motor da China e acionamento de apoio<\/p>\n<p>3. Redutor de acionamento: redutor planet\u00e1rio de precis\u00e3o<\/p>\n<p>4. Carril de suporte: Carril quadrado 30# de alta precis\u00e3o de Taiwan<\/p>\n<p>5. Parafuso do eixo Z: Estrutura de esferas TBI de Taiwan<\/p>\n<p>6. Cremalheira de transmiss\u00e3o: cremalheira helicoidal de 1,5 m de alta precis\u00e3o<\/p>\n<p>7. Conversor de frequ\u00eancia: conversor de frequ\u00eancia Fuling 7.5KW<\/p>\n<p>8. Motor do fuso: Fuso CHINA 6KW refrigerado a ar<\/p>\n<p>9. Arm\u00e1rio el\u00e9trico: arm\u00e1rio independente cl\u00e1ssico vertical<\/p>\n<p>10. Linha do motor: linha de codifica\u00e7\u00e3o do motor original do servo<\/p>\n<p>11. Cabo de transmiss\u00e3o: Cabo blindado especial de alta flexibilidade CNC<\/p>\n<p>12. Prote\u00e7\u00e3o: Eixo XYZ \u00e0 prova de poeira<\/p>\n<p>13. Sistema de inje\u00e7\u00e3o de \u00f3leo: inje\u00e7\u00e3o de \u00f3leo do tipo distribui\u00e7\u00e3o quantitativa el\u00e9ctrica<\/p>\n<p>14. Principais aparelhos el\u00e9ctricos: marcas nacionais conhecidas<\/p>\n<p>15. Acess\u00f3rios: ferramentas especiais para escultura em espuma<\/p>\n<p>&nbsp;<\/p>\n<p><strong>APLICA\u00c7\u00c3O da m\u00e1quina de escultura em espuma cnc de 5 eixos<\/strong><\/p>\n<p>Fabrico de est\u00e1tuas de espuma 3d ou de esculturas de espuma<\/p>\n<table border=\"1\">\n<tbody>\n<tr class=\"firstRow\">\n<td width=\"195\">Nome<\/td>\n<td width=\"435\">M\u00e1quina de esculpir espuma de 5 eixos<\/td>\n<\/tr>\n<tr>\n<td width=\"195\">Altura de trabalho (eixo x)<\/td>\n<td width=\"435\">2500 mm<\/td>\n<\/tr>\n<tr>\n<td width=\"195\">Di\u00e2metro de trabalho (eixo y)<\/td>\n<td width=\"435\">1500mm<\/td>\n<\/tr>\n<tr>\n<td width=\"195\">Tabela m\u00f3vel<\/td>\n<td width=\"435\">1500mm<\/td>\n<\/tr>\n<tr>\n<td width=\"195\">Di\u00e2metro rotativo<\/td>\n<td width=\"435\">1500mm<\/td>\n<\/tr>\n<tr>\n<td width=\"195\">Velocidade de rota\u00e7\u00e3o<\/td>\n<td width=\"435\">3000-18000 rpm<\/td>\n<\/tr>\n<tr>\n<td width=\"195\">Velocidade de alimenta\u00e7\u00e3o<\/td>\n<td width=\"435\">1-6000mm\/min<\/td>\n<\/tr>\n<tr>\n<td width=\"195\">Velocidade de avan\u00e7o r\u00e1pido \uff08XYZ\uff09<\/td>\n<td width=\"435\">6000mm\/min<\/td>\n<\/tr>\n<tr>\n<td width=\"195\">Sistema dpi<\/td>\n<td width=\"435\">\u00b10.001<\/td>\n<\/tr>\n<tr>\n<td width=\"195\">Comando suportado<\/td>\n<td width=\"435\">C\u00f3digo G<\/td>\n<\/tr>\n<tr>\n<td width=\"195\">Sistema de condu\u00e7\u00e3o<\/td>\n<td width=\"435\">Servo condutor e motor<\/td>\n<\/tr>\n<tr>\n<td width=\"195\">Estrutura da m\u00e1quina<\/td>\n<td width=\"435\">Estrutura em a\u00e7o soldado resistente<\/td>\n<\/tr>\n<tr>\n<td width=\"195\">Pot\u00eancia de funcionamento<\/td>\n<td width=\"435\">AC380V 3 fase 50HZ<\/td>\n<\/tr>\n<\/tbody>\n<\/table>\n<p>5 Axis 3d Foam Sculpture Machine V\u00eddeos de trabalho:<\/p>\n<div class=\"ast-oembed-container\" style=\"height: 100%;\"><iframe title=\"M\u00e1quina de escultura de espuma 3d de 5 eixos, m\u00e1quina cnc de fresagem de est\u00e1tua de espuma de 5 eixos, router de espuma 3d cnc\" width=\"500\" height=\"281\" src=\"https:\/\/www.youtube.com\/embed\/Uj26JZEQQCY?feature=oembed\" frameborder=\"0\" allow=\"accelerometer; autoplay; clipboard-write; encrypted-media; gyroscope; picture-in-picture; web-share\" referrerpolicy=\"strict-origin-when-cross-origin\" allowfullscreen><\/iframe><\/div>","protected":false},"excerpt":{"rendered":"<p>MAIN PARTS OF 5 AXIS CNC 3D FOAM CARVING MACHINE 1. Control system: Taiyuan five-axis control system 2. Drive system: china servo motor and supporting drive 3. Drive reducer: precision planetary reducer 4. Support rail: Taiwan high precision 30# square rail 5. Z-axis screw: Taiwan TBI ball structure 6. Transmission rack: high precision 1.5m helical [&hellip;]<\/p>\n","protected":false},"featured_media":3699,"template":"","meta":{"_seopress_robots_primary_cat":"none","_seopress_titles_title":"","_seopress_titles_desc":"","_seopress_robots_index":"","_uag_custom_page_level_css":"","site-sidebar-layout":"default","site-content-layout":"","ast-site-content-layout":"default","site-content-style":"default","site-sidebar-style":"default","ast-global-header-display":"","ast-banner-title-visibility":"","ast-main-header-display":"","ast-hfb-above-header-display":"","ast-hfb-below-header-display":"","ast-hfb-mobile-header-display":"","site-post-title":"","ast-breadcrumbs-content":"","ast-featured-img":"","footer-sml-layout":"","ast-disable-related-posts":"","theme-transparent-header-meta":"default","adv-header-id-meta":"","stick-header-meta":"default","header-above-stick-meta":"","header-main-stick-meta":"","header-below-stick-meta":"","astra-migrate-meta-layouts":"set","ast-page-background-enabled":"default","ast-page-background-meta":{"desktop":{"background-color":"","background-image":"","background-repeat":"repeat","background-position":"center center","background-size":"auto","background-attachment":"scroll","background-type":"","background-media":"","overlay-type":"","overlay-color":"","overlay-opacity":"","overlay-gradient":""},"tablet":{"background-color":"","background-image":"","background-repeat":"repeat","background-position":"center center","background-size":"auto","background-attachment":"scroll","background-type":"","background-media":"","overlay-type":"","overlay-color":"","overlay-opacity":"","overlay-gradient":""},"mobile":{"background-color":"","background-image":"","background-repeat":"repeat","background-position":"center center","background-size":"auto","background-attachment":"scroll","background-type":"","background-media":"","overlay-type":"","overlay-color":"","overlay-opacity":"","overlay-gradient":""}},"ast-content-background-meta":{"desktop":{"background-color":"var(--ast-global-color-5)","background-image":"","background-repeat":"repeat","background-position":"center center","background-size":"auto","background-attachment":"scroll","background-type":"","background-media":"","overlay-type":"","overlay-color":"","overlay-opacity":"","overlay-gradient":""},"tablet":{"background-color":"var(--ast-global-color-5)","background-image":"","background-repeat":"repeat","background-position":"center center","background-size":"auto","background-attachment":"scroll","background-type":"","background-media":"","overlay-type":"","overlay-color":"","overlay-opacity":"","overlay-gradient":""},"mobile":{"background-color":"var(--ast-global-color-5)","background-image":"","background-repeat":"repeat","background-position":"center center","background-size":"auto","background-attachment":"scroll","background-type":"","background-media":"","overlay-type":"","overlay-color":"","overlay-opacity":"","overlay-gradient":""}}},"product_brand":[],"product_cat":[43],"product_tag":[],"class_list":{"0":"post-3696","1":"product","2":"type-product","3":"status-publish","4":"has-post-thumbnail","6":"product_cat-foam","7":"desktop-align-left","8":"tablet-align-left","9":"mobile-align-left","10":"ast-product-gallery-layout-horizontal-slider","11":"ast-product-gallery-with-no-image","12":"ast-product-tabs-layout-horizontal","14":"first","15":"instock","16":"featured","17":"shipping-taxable","18":"product-type-simple"},"uagb_featured_image_src":{"full":["https:\/\/wisecnclaser.com\/wp-content\/uploads\/2025\/05\/3f43e563345327845a650b685be9bca0.png",571,800,false],"thumbnail":["https:\/\/wisecnclaser.com\/wp-content\/uploads\/2025\/05\/3f43e563345327845a650b685be9bca0-150x150.png",150,150,true],"medium":["https:\/\/wisecnclaser.com\/wp-content\/uploads\/2025\/05\/3f43e563345327845a650b685be9bca0-214x300.png",214,300,true],"medium_large":["https:\/\/wisecnclaser.com\/wp-content\/uploads\/2025\/05\/3f43e563345327845a650b685be9bca0.png",571,800,false],"large":["https:\/\/wisecnclaser.com\/wp-content\/uploads\/2025\/05\/3f43e563345327845a650b685be9bca0.png",571,800,false],"1536x1536":["https:\/\/wisecnclaser.com\/wp-content\/uploads\/2025\/05\/3f43e563345327845a650b685be9bca0.png",571,800,false],"2048x2048":["https:\/\/wisecnclaser.com\/wp-content\/uploads\/2025\/05\/3f43e563345327845a650b685be9bca0.png",571,800,false],"trp-custom-language-flag":["https:\/\/wisecnclaser.com\/wp-content\/uploads\/2025\/05\/3f43e563345327845a650b685be9bca0-9x12.png",9,12,true],"woocommerce_thumbnail":["https:\/\/wisecnclaser.com\/wp-content\/uploads\/2025\/05\/3f43e563345327845a650b685be9bca0-300x300.png",300,300,true],"woocommerce_single":["https:\/\/wisecnclaser.com\/wp-content\/uploads\/2025\/05\/3f43e563345327845a650b685be9bca0.png",571,800,false],"woocommerce_gallery_thumbnail":["https:\/\/wisecnclaser.com\/wp-content\/uploads\/2025\/05\/3f43e563345327845a650b685be9bca0-100x100.png",100,100,true]},"uagb_author_info":{"display_name":"jinxing6611@gmail.com","author_link":"https:\/\/wisecnclaser.com\/pt\/author\/"},"uagb_comment_info":0,"uagb_excerpt":"MAIN PARTS OF 5 AXIS CNC 3D FOAM CARVING MACHINE 1. Control system: Taiyuan five-axis control system 2. Drive system: china servo motor and supporting drive 3. Drive reducer: precision planetary reducer 4. Support rail: Taiwan high precision 30# square rail 5. Z-axis screw: Taiwan TBI ball structure 6. Transmission rack: high precision 1.5m helical&hellip;","_links":{"self":[{"href":"https:\/\/wisecnclaser.com\/pt\/wp-json\/wp\/v2\/product\/3696","targetHints":{"allow":["GET"]}}],"collection":[{"href":"https:\/\/wisecnclaser.com\/pt\/wp-json\/wp\/v2\/product"}],"about":[{"href":"https:\/\/wisecnclaser.com\/pt\/wp-json\/wp\/v2\/types\/product"}],"wp:featuredmedia":[{"embeddable":true,"href":"https:\/\/wisecnclaser.com\/pt\/wp-json\/wp\/v2\/media\/3699"}],"wp:attachment":[{"href":"https:\/\/wisecnclaser.com\/pt\/wp-json\/wp\/v2\/media?parent=3696"}],"wp:term":[{"taxonomy":"product_brand","embeddable":true,"href":"https:\/\/wisecnclaser.com\/pt\/wp-json\/wp\/v2\/product_brand?post=3696"},{"taxonomy":"product_cat","embeddable":true,"href":"https:\/\/wisecnclaser.com\/pt\/wp-json\/wp\/v2\/product_cat?post=3696"},{"taxonomy":"product_tag","embeddable":true,"href":"https:\/\/wisecnclaser.com\/pt\/wp-json\/wp\/v2\/product_tag?post=3696"}],"curies":[{"name":"wp","href":"https:\/\/api.w.org\/{rel}","templated":true}]}}