{"id":3700,"date":"2025-05-23T01:35:17","date_gmt":"2025-05-23T01:35:17","guid":{"rendered":"https:\/\/wisecnclaser.com\/?post_type=product&#038;p=3700"},"modified":"2025-05-23T02:53:06","modified_gmt":"2025-05-23T02:53:06","slug":"ws1390s-co2-laser-metal-nonmetal-cutting-machine","status":"publish","type":"product","link":"https:\/\/wisecnclaser.com\/pt\/produto\/ws1390s-co2-laser-metal-nonmetal-cutting-machine\/","title":{"rendered":"M\u00e1quina de corte a laser de CO2 para metais e n\u00e3o metais WS1390S"},"content":{"rendered":"<table border=\"1\">\n<tbody>\n<tr class=\"firstRow\">\n<td colspan=\"2\" width=\"662\"><strong>Descri\u00e7\u00e3o e especifica\u00e7\u00f5es da m\u00e1quina de corte a laser co2 para metais e n\u00e3o metais:<\/strong><\/td>\n<\/tr>\n<tr>\n<td valign=\"top\" width=\"331\">Tipo de laser<\/td>\n<td valign=\"top\" width=\"331\">CO selado<sub>2<\/sub>\u00a0\u00a0 tubo laser - marca Reci<\/td>\n<\/tr>\n<tr>\n<td valign=\"top\" width=\"331\">Pot\u00eancia laser<\/td>\n<td valign=\"top\" width=\"331\">Tubo laser reci de 150W W6<\/td>\n<\/tr>\n<tr>\n<td valign=\"top\" width=\"331\">\u00c1rea de corte<\/td>\n<td valign=\"top\" width=\"331\">1300*900mm<\/td>\n<\/tr>\n<tr>\n<td valign=\"top\" width=\"331\">Reposi\u00e7\u00e3o da precis\u00e3o da posi\u00e7\u00e3o<\/td>\n<td valign=\"top\" width=\"331\">+\/-0,05mm<\/td>\n<\/tr>\n<tr>\n<td valign=\"top\" width=\"331\">Tens\u00e3o de funcionamento<\/td>\n<td valign=\"top\" width=\"331\">AC110-220V +\/-10%.50-60HZ, 40A<\/td>\n<\/tr>\n<tr>\n<td valign=\"top\" width=\"331\">Pot\u00eancia<\/td>\n<td valign=\"top\" width=\"331\">2.000 W m\u00e1x.<\/td>\n<\/tr>\n<tr>\n<td valign=\"top\" width=\"331\">Temperatura de funcionamento<\/td>\n<td valign=\"top\" width=\"331\">0-45 graus<\/td>\n<\/tr>\n<tr>\n<td valign=\"top\" width=\"331\">Humidade de funcionamento<\/td>\n<td valign=\"top\" width=\"331\">5-95%<\/td>\n<\/tr>\n<tr>\n<td valign=\"top\" width=\"331\">Car\u00e1cter modelar m\u00ednimo<\/td>\n<td valign=\"top\" width=\"331\">Ingl\u00eas 5*5mm<\/td>\n<\/tr>\n<tr>\n<td valign=\"top\" width=\"331\">Formato gr\u00e1fico suportado<\/td>\n<td valign=\"top\" width=\"331\">BMP, PLT, DST, DXF e AI<\/td>\n<\/tr>\n<tr>\n<td valign=\"top\" width=\"331\">Sistema de condu\u00e7\u00e3o<\/td>\n<td valign=\"top\" width=\"331\">Passo a passo<\/td>\n<\/tr>\n<tr>\n<td valign=\"top\" width=\"331\">Material de corte<\/td>\n<td valign=\"top\" width=\"331\">Metais e n\u00e3o-metais<\/td>\n<\/tr>\n<tr>\n<td valign=\"top\" width=\"331\">Espessura de corte<\/td>\n<td valign=\"top\" width=\"331\">20 mm de acr\u00edlico, 1,5 mm de a\u00e7o-carbono no m\u00e1ximo, 1,2 mm de a\u00e7o inoxid\u00e1vel no m\u00e1ximo<\/td>\n<\/tr>\n<tr>\n<td valign=\"top\" width=\"331\">Lente e espelho<\/td>\n<td valign=\"top\" width=\"331\">Com 3 lentes instaladas na m\u00e1quina<\/td>\n<\/tr>\n<tr>\n<td valign=\"top\" width=\"331\">Modo de arrefecimento<\/td>\n<td valign=\"top\" width=\"331\">Sistema de arrefecimento e prote\u00e7\u00e3o da \u00e1gua<\/td>\n<\/tr>\n<tr>\n<td valign=\"top\" width=\"331\">Equipamento auxiliar<\/td>\n<td valign=\"top\" width=\"331\">Ventoinha de escape, tubo de escape de ar, compressor de ar<\/td>\n<\/tr>\n<tr>\n<td valign=\"top\" width=\"331\">Sistema de controlo<\/td>\n<td valign=\"top\" width=\"331\">Leetro 6585<\/td>\n<\/tr>\n<tr>\n<td valign=\"top\" width=\"331\">Software compat\u00edvel<\/td>\n<td valign=\"top\" width=\"331\">Coreldraw auto CAD photoshop<\/td>\n<\/tr>\n<tr>\n<td valign=\"top\" width=\"331\">Tamanho total da m\u00e1quina<\/td>\n<td valign=\"top\" width=\"331\">2120*1715*1250mm<\/td>\n<\/tr>\n<tr>\n<td valign=\"top\" width=\"331\">Peso da m\u00e1quina<\/td>\n<td valign=\"top\" width=\"331\">500 kg<\/td>\n<\/tr>\n<\/tbody>\n<\/table>\n<p><strong>Aplica\u00e7\u00e3o:<\/strong><\/p>\n<p>Utilizado principalmente na ind\u00fastria publicit\u00e1ria, na ind\u00fastria de corte de metais, na ind\u00fastria de artes e of\u00edcios, etc.<\/p>\n<p><strong>Material aplic\u00e1vel:<\/strong>\u00a0Acr\u00edlico, madeira, vidro org\u00e2nico, couro, cristal, bambu, eletr\u00f3nica, a\u00e7o inoxid\u00e1vel, a\u00e7o carbono, etc.<\/p>\n<table border=\"1\">\n<tbody>\n<tr class=\"firstRow\">\n<td colspan=\"8\" width=\"663\"><strong>Material aplic\u00e1vel<\/strong><\/td>\n<\/tr>\n<tr>\n<td colspan=\"4\" width=\"346\"><strong>Pot\u00eancia laser<\/strong><\/td>\n<td colspan=\"4\" width=\"317\"><strong>150W<\/strong><\/td>\n<\/tr>\n<tr>\n<td width=\"138\">Material<\/td>\n<td colspan=\"2\" width=\"138\">Acr\u00edlico<\/td>\n<td colspan=\"2\" width=\"138\">MDF<\/td>\n<td colspan=\"2\" width=\"138\">A\u00e7o inoxid\u00e1vel<\/td>\n<td width=\"109\">A\u00e7o carbono<\/td>\n<\/tr>\n<tr>\n<td width=\"138\">Espessura de corte<\/td>\n<td colspan=\"2\" width=\"138\">30 mm<\/td>\n<td colspan=\"2\" width=\"138\">10 mm<\/td>\n<td colspan=\"2\" width=\"138\">1,5 mm<\/td>\n<td width=\"109\">1,5 mm<\/td>\n<\/tr>\n<tr>\n<td colspan=\"8\" width=\"663\"><strong>150W Velocidade de corte:<\/strong><\/td>\n<\/tr>\n<tr>\n<td colspan=\"2\" width=\"231\">Material<\/td>\n<td colspan=\"4\" width=\"231\">Espessura de corte<\/td>\n<td colspan=\"2\" width=\"202\">Velocidade de corte (mm\/min)<\/td>\n<\/tr>\n<tr>\n<td colspan=\"2\" width=\"231\">A\u00e7o inoxid\u00e1vel<\/td>\n<td colspan=\"4\" width=\"231\">0,5 mm<\/td>\n<td colspan=\"2\" width=\"202\">2700<\/td>\n<\/tr>\n<tr>\n<td colspan=\"2\" width=\"231\"><\/td>\n<td colspan=\"4\" width=\"231\">1mm<\/td>\n<td colspan=\"2\" width=\"202\">1800<\/td>\n<\/tr>\n<tr>\n<td colspan=\"2\" width=\"231\"><\/td>\n<td colspan=\"4\" width=\"231\">1,5 mm<\/td>\n<td colspan=\"2\" width=\"202\">1000-1200<\/td>\n<\/tr>\n<tr>\n<td colspan=\"2\" width=\"231\">A\u00e7o carbono<\/td>\n<td colspan=\"4\" width=\"231\">0,5 mm<\/td>\n<td colspan=\"2\" width=\"202\">3000<\/td>\n<\/tr>\n<tr>\n<td colspan=\"2\" width=\"231\"><\/td>\n<td colspan=\"4\" width=\"231\">1mm<\/td>\n<td colspan=\"2\" width=\"202\">1800<\/td>\n<\/tr>\n<tr>\n<td colspan=\"2\" width=\"231\"><\/td>\n<td colspan=\"4\" width=\"231\">1,5 mm<\/td>\n<td colspan=\"2\" width=\"202\">1000-1200<\/td>\n<\/tr>\n<tr>\n<td colspan=\"2\" width=\"231\">Acr\u00edlico<\/td>\n<td colspan=\"4\" width=\"231\">10 mm<\/td>\n<td colspan=\"2\" width=\"202\">300<\/td>\n<\/tr>\n<tr>\n<td colspan=\"2\" width=\"231\"><\/td>\n<td colspan=\"4\" width=\"231\">20 mm<\/td>\n<td colspan=\"2\" width=\"202\">90-120<\/td>\n<\/tr>\n<tr>\n<td colspan=\"2\" valign=\"top\" width=\"231\">MDF<\/td>\n<td colspan=\"4\" valign=\"top\" width=\"231\">10 mm<\/td>\n<td colspan=\"2\" valign=\"top\" width=\"202\">300-400<\/td>\n<\/tr>\n<\/tbody>\n<\/table>","protected":false},"excerpt":{"rendered":"<p>simple co2 laser metal nonmetal cutting machine<\/p>\n<p>simple cutting head<\/p>\n<p>stepper driver<\/p>\n<p>belt transmission<\/p>\n<p>CW5000 water chiller<\/p>","protected":false},"featured_media":3703,"template":"","meta":{"_seopress_robots_primary_cat":"","_seopress_titles_title":"","_seopress_titles_desc":"","_seopress_robots_index":"","_uag_custom_page_level_css":"","site-sidebar-layout":"default","site-content-layout":"","ast-site-content-layout":"default","site-content-style":"default","site-sidebar-style":"default","ast-global-header-display":"","ast-banner-title-visibility":"","ast-main-header-display":"","ast-hfb-above-header-display":"","ast-hfb-below-header-display":"","ast-hfb-mobile-header-display":"","site-post-title":"","ast-breadcrumbs-content":"","ast-featured-img":"","footer-sml-layout":"","ast-disable-related-posts":"","theme-transparent-header-meta":"default","adv-header-id-meta":"","stick-header-meta":"default","header-above-stick-meta":"","header-main-stick-meta":"","header-below-stick-meta":"","astra-migrate-meta-layouts":"set","ast-page-background-enabled":"default","ast-page-background-meta":{"desktop":{"background-color":"","background-image":"","background-repeat":"repeat","background-position":"center center","background-size":"auto","background-attachment":"scroll","background-type":"","background-media":"","overlay-type":"","overlay-color":"","overlay-opacity":"","overlay-gradient":""},"tablet":{"background-color":"","background-image":"","background-repeat":"repeat","background-position":"center center","background-size":"auto","background-attachment":"scroll","background-type":"","background-media":"","overlay-type":"","overlay-color":"","overlay-opacity":"","overlay-gradient":""},"mobile":{"background-color":"","background-image":"","background-repeat":"repeat","background-position":"center center","background-size":"auto","background-attachment":"scroll","background-type":"","background-media":"","overlay-type":"","overlay-color":"","overlay-opacity":"","overlay-gradient":""}},"ast-content-background-meta":{"desktop":{"background-color":"var(--ast-global-color-5)","background-image":"","background-repeat":"repeat","background-position":"center center","background-size":"auto","background-attachment":"scroll","background-type":"","background-media":"","overlay-type":"","overlay-color":"","overlay-opacity":"","overlay-gradient":""},"tablet":{"background-color":"var(--ast-global-color-5)","background-image":"","background-repeat":"repeat","background-position":"center center","background-size":"auto","background-attachment":"scroll","background-type":"","background-media":"","overlay-type":"","overlay-color":"","overlay-opacity":"","overlay-gradient":""},"mobile":{"background-color":"var(--ast-global-color-5)","background-image":"","background-repeat":"repeat","background-position":"center center","background-size":"auto","background-attachment":"scroll","background-type":"","background-media":"","overlay-type":"","overlay-color":"","overlay-opacity":"","overlay-gradient":""}}},"product_brand":[],"product_cat":[32],"product_tag":[],"class_list":{"0":"post-3700","1":"product","2":"type-product","3":"status-publish","4":"has-post-thumbnail","6":"product_cat-lasercutting","7":"desktop-align-left","8":"tablet-align-left","9":"mobile-align-left","10":"ast-product-gallery-layout-horizontal-slider","11":"ast-product-gallery-with-no-image","12":"ast-product-tabs-layout-horizontal","14":"first","15":"instock","16":"featured","17":"shipping-taxable","18":"product-type-simple"},"uagb_featured_image_src":{"full":["https:\/\/wisecnclaser.com\/wp-content\/uploads\/2025\/05\/324e65d3f20ae9a3f91f16fb0549833f.jpg",274,292,false],"thumbnail":["https:\/\/wisecnclaser.com\/wp-content\/uploads\/2025\/05\/324e65d3f20ae9a3f91f16fb0549833f-150x150.jpg",150,150,true],"medium":["https:\/\/wisecnclaser.com\/wp-content\/uploads\/2025\/05\/324e65d3f20ae9a3f91f16fb0549833f.jpg",274,292,false],"medium_large":["https:\/\/wisecnclaser.com\/wp-content\/uploads\/2025\/05\/324e65d3f20ae9a3f91f16fb0549833f.jpg",274,292,false],"large":["https:\/\/wisecnclaser.com\/wp-content\/uploads\/2025\/05\/324e65d3f20ae9a3f91f16fb0549833f.jpg",274,292,false],"1536x1536":["https:\/\/wisecnclaser.com\/wp-content\/uploads\/2025\/05\/324e65d3f20ae9a3f91f16fb0549833f.jpg",274,292,false],"2048x2048":["https:\/\/wisecnclaser.com\/wp-content\/uploads\/2025\/05\/324e65d3f20ae9a3f91f16fb0549833f.jpg",274,292,false],"trp-custom-language-flag":["https:\/\/wisecnclaser.com\/wp-content\/uploads\/2025\/05\/324e65d3f20ae9a3f91f16fb0549833f-11x12.jpg",11,12,true],"woocommerce_thumbnail":["https:\/\/wisecnclaser.com\/wp-content\/uploads\/2025\/05\/324e65d3f20ae9a3f91f16fb0549833f.jpg",274,292,false],"woocommerce_single":["https:\/\/wisecnclaser.com\/wp-content\/uploads\/2025\/05\/324e65d3f20ae9a3f91f16fb0549833f.jpg",274,292,false],"woocommerce_gallery_thumbnail":["https:\/\/wisecnclaser.com\/wp-content\/uploads\/2025\/05\/324e65d3f20ae9a3f91f16fb0549833f-100x100.jpg",100,100,true]},"uagb_author_info":{"display_name":"jinxing6611@gmail.com","author_link":"https:\/\/wisecnclaser.com\/pt\/author\/"},"uagb_comment_info":0,"uagb_excerpt":"simple co2 laser metal nonmetal cutting machine simple cutting head stepper driver belt transmission CW5000 water chiller","_links":{"self":[{"href":"https:\/\/wisecnclaser.com\/pt\/wp-json\/wp\/v2\/product\/3700","targetHints":{"allow":["GET"]}}],"collection":[{"href":"https:\/\/wisecnclaser.com\/pt\/wp-json\/wp\/v2\/product"}],"about":[{"href":"https:\/\/wisecnclaser.com\/pt\/wp-json\/wp\/v2\/types\/product"}],"wp:featuredmedia":[{"embeddable":true,"href":"https:\/\/wisecnclaser.com\/pt\/wp-json\/wp\/v2\/media\/3703"}],"wp:attachment":[{"href":"https:\/\/wisecnclaser.com\/pt\/wp-json\/wp\/v2\/media?parent=3700"}],"wp:term":[{"taxonomy":"product_brand","embeddable":true,"href":"https:\/\/wisecnclaser.com\/pt\/wp-json\/wp\/v2\/product_brand?post=3700"},{"taxonomy":"product_cat","embeddable":true,"href":"https:\/\/wisecnclaser.com\/pt\/wp-json\/wp\/v2\/product_cat?post=3700"},{"taxonomy":"product_tag","embeddable":true,"href":"https:\/\/wisecnclaser.com\/pt\/wp-json\/wp\/v2\/product_tag?post=3700"}],"curies":[{"name":"wp","href":"https:\/\/api.w.org\/{rel}","templated":true}]}}