{"id":3721,"date":"2025-05-23T02:07:45","date_gmt":"2025-05-23T02:07:45","guid":{"rendered":"https:\/\/wisecnclaser.com\/?post_type=product&#038;p=3721"},"modified":"2025-05-23T02:07:45","modified_gmt":"2025-05-23T02:07:45","slug":"wood-surface-planer","status":"publish","type":"product","link":"https:\/\/wisecnclaser.com\/pt\/produto\/wood-surface-planer\/","title":{"rendered":"Plaina de superf\u00edcie para madeira"},"content":{"rendered":"<p>A plaina de superf\u00edcie para madeira \u00e9 um tipo de m\u00e1quina para trabalhar madeira que utiliza plainas rotativas ou fixas para processar superf\u00edcies planas ou moldadas de madeira. De acordo com as diferentes utiliza\u00e7\u00f5es do processo, as plainas para trabalhar madeira podem ser divididas em plainas planas, plainas de uma face, plainas de duas faces, plainas de duas faces, plainas de tr\u00eas faces, plainas de quatro faces e plainas de polimento.<\/p>\n<p>A plaina de superf\u00edcie para trabalhar madeira \u00e9 utilizada para planear um plano de refer\u00eancia ou dois planos ortogonais da pe\u00e7a de trabalho. O motor \u00e9 acionado pela fita para acionar o eixo da plaina para rodar a alta velocidade, e a pe\u00e7a de trabalho \u00e9 alimentada ao eixo da plaina pressionando a pe\u00e7a de trabalho ao longo da placa de guia contra a mesa de trabalho frontal. A mesa de trabalho frontal \u00e9 mais baixa do que a mesa de trabalho traseira, e a altura \u00e9 ajust\u00e1vel, e a diferen\u00e7a de altura \u00e9 a espessura da camada de aplainamento. O ajuste da placa de guia pode alterar a largura e o \u00e2ngulo de maquina\u00e7\u00e3o da pe\u00e7a de trabalho. A estrutura da plaina de juntas \u00e9 semelhante \u00e0 da plaina plana, mas a precis\u00e3o de maquina\u00e7\u00e3o \u00e9 superior. O aplainamento \u00e9 utilizado principalmente para o processamento da superf\u00edcie da junta da placa. As plainas para trabalhar madeira s\u00e3o utilizadas para aplainar t\u00e1buas e esquadros para obter espessuras precisas. O eixo da plaina da plaina para trabalhar madeira de uma face executa um movimento de corte rotativo, e os quatro rolos localizados nos lados superior e inferior da madeira fazem com que a madeira se alimente e passe o eixo da ferramenta ao longo da mesa de trabalho. A plaina de dupla face para trabalhar madeira \u00e9 processada por dois eixos de corte ao mesmo tempo. Dependendo da disposi\u00e7\u00e3o dos eixos de corte, pode aplainar dois lados opostos ou adjacentes da pe\u00e7a de trabalho. Uma plaina de madeira de tr\u00eas lados utiliza tr\u00eas fusos para aplainar tr\u00eas lados de uma pe\u00e7a de trabalho ao mesmo tempo. A plaina para madeira de quatro lados utiliza 4 a 8 eixos de corte para aplainar os quatro lados da pe\u00e7a de trabalho ao mesmo tempo, com alta produtividade e adequada para produ\u00e7\u00e3o em massa.<\/p>\n<p>Par\u00e2metros t\u00e9cnicos da plaina de superf\u00edcie para madeira:<\/p>\n<p>&nbsp;<\/p>\n<table border=\"1\" width=\"553\">\n<tbody>\n<tr class=\"firstRow\">\n<td valign=\"top\" width=\"138\">Modelo<\/td>\n<td valign=\"top\" width=\"149\">WSMB503<\/td>\n<td valign=\"top\" width=\"149\">WSMB504<\/td>\n<td valign=\"top\" width=\"118\">WSMB505<\/td>\n<\/tr>\n<tr>\n<td valign=\"top\" width=\"138\">Largura m\u00e1xima de planeamento<\/td>\n<td valign=\"top\" width=\"149\">300 mm<\/td>\n<td valign=\"top\" width=\"149\">400mm<\/td>\n<td valign=\"top\" width=\"118\">500 mm<\/td>\n<\/tr>\n<tr>\n<td valign=\"top\" width=\"138\">Espessura de planeamento<\/td>\n<td valign=\"top\" width=\"149\">3mm<\/td>\n<td valign=\"top\" width=\"149\">5mm<\/td>\n<td valign=\"top\" width=\"118\">5mm<\/td>\n<\/tr>\n<tr>\n<td valign=\"top\" width=\"138\">Velocidade do fuso<\/td>\n<td valign=\"top\" width=\"149\">5000rpm<\/td>\n<td valign=\"top\" width=\"149\">5000rpm<\/td>\n<td valign=\"top\" width=\"118\">6800rpm<\/td>\n<\/tr>\n<tr>\n<td valign=\"top\" width=\"138\">N\u00famero da l\u00e2mina<\/td>\n<td valign=\"top\" width=\"149\">3 pe\u00e7as<\/td>\n<td valign=\"top\" width=\"149\">3 pe\u00e7as<\/td>\n<td valign=\"top\" width=\"118\">3 pe\u00e7as<\/td>\n<\/tr>\n<tr>\n<td valign=\"top\" width=\"138\">Velocidade do motor<\/td>\n<td valign=\"top\" width=\"149\">2840rpm<\/td>\n<td valign=\"top\" width=\"149\">2840rpm<\/td>\n<td valign=\"top\" width=\"118\">2840rpm<\/td>\n<\/tr>\n<tr>\n<td valign=\"top\" width=\"138\">Pot\u00eancia do motor<\/td>\n<td valign=\"top\" width=\"149\">2,2kw<\/td>\n<td valign=\"top\" width=\"149\">3kw<\/td>\n<td valign=\"top\" width=\"118\">4kw<\/td>\n<\/tr>\n<tr>\n<td valign=\"top\" width=\"138\">Peso da m\u00e1quina<\/td>\n<td valign=\"top\" width=\"149\">280 kg<\/td>\n<td valign=\"top\" width=\"149\">360 kg<\/td>\n<td valign=\"top\" width=\"118\">450 kg<\/td>\n<\/tr>\n<tr>\n<td valign=\"top\" width=\"138\">Tamanho da mesa de trabalho<\/td>\n<td valign=\"top\" width=\"149\">1800*315mm<\/p>\n<p>2200*315mm<\/td>\n<td valign=\"top\" width=\"149\">1800*415mm<\/p>\n<p>2200*415mm<\/td>\n<td valign=\"top\" width=\"118\">1800*515mm<\/p>\n<p>2200*515mm<\/td>\n<\/tr>\n<\/tbody>\n<\/table>\n<p>Fotos da plaina de superf\u00edcie para trabalhar madeira:<\/p>\n<p>&nbsp;<\/p>\n<p><img alt=\"\" fetchpriority=\"high\" decoding=\"async\" class=\"alignnone size-full wp-image-3725\" src=\"https:\/\/wisecnclaser.com\/wp-content\/uploads\/2025\/05\/1664327141911477.jpg\" width=\"1268\" height=\"707\" srcset=\"https:\/\/wisecnclaser.com\/wp-content\/uploads\/2025\/05\/1664327141911477.jpg 1268w, https:\/\/wisecnclaser.com\/wp-content\/uploads\/2025\/05\/1664327141911477-300x167.jpg 300w, https:\/\/wisecnclaser.com\/wp-content\/uploads\/2025\/05\/1664327141911477-1024x571.jpg 1024w, https:\/\/wisecnclaser.com\/wp-content\/uploads\/2025\/05\/1664327141911477-768x428.jpg 768w, https:\/\/wisecnclaser.com\/wp-content\/uploads\/2025\/05\/1664327141911477-18x10.jpg 18w, https:\/\/wisecnclaser.com\/wp-content\/uploads\/2025\/05\/1664327141911477-600x335.jpg 600w\" sizes=\"(max-width: 1268px) 100vw, 1268px\" \/> <img alt=\"\" decoding=\"async\" class=\"alignnone size-full wp-image-3726\" src=\"https:\/\/wisecnclaser.com\/wp-content\/uploads\/2025\/05\/1664327196215966.jpg\" width=\"1440\" height=\"1080\" srcset=\"https:\/\/wisecnclaser.com\/wp-content\/uploads\/2025\/05\/1664327196215966.jpg 1440w, https:\/\/wisecnclaser.com\/wp-content\/uploads\/2025\/05\/1664327196215966-300x225.jpg 300w, https:\/\/wisecnclaser.com\/wp-content\/uploads\/2025\/05\/1664327196215966-1024x768.jpg 1024w, https:\/\/wisecnclaser.com\/wp-content\/uploads\/2025\/05\/1664327196215966-768x576.jpg 768w, https:\/\/wisecnclaser.com\/wp-content\/uploads\/2025\/05\/1664327196215966-16x12.jpg 16w, https:\/\/wisecnclaser.com\/wp-content\/uploads\/2025\/05\/1664327196215966-600x450.jpg 600w\" sizes=\"(max-width: 1440px) 100vw, 1440px\" \/><\/p>","protected":false},"excerpt":{"rendered":"<p>A plaina de superf\u00edcie para trabalhar madeira \u00e9 utilizada para planear um plano de refer\u00eancia ou dois planos ortogonais da pe\u00e7a de trabalho. O motor \u00e9 acionado pela fita para acionar o eixo da plaina para rodar a alta velocidade, e a pe\u00e7a de trabalho \u00e9 alimentada ao eixo da plaina pressionando a pe\u00e7a de trabalho ao longo da placa de guia contra a mesa de trabalho frontal. A mesa de trabalho frontal \u00e9 mais baixa do que a mesa de trabalho traseira, e a altura \u00e9 ajust\u00e1vel, e a diferen\u00e7a de altura \u00e9 a espessura da camada de aplainamento. O ajuste da placa de guia pode alterar a largura e o \u00e2ngulo de maquina\u00e7\u00e3o da pe\u00e7a de trabalho. A estrutura da plaina de juntas \u00e9 semelhante \u00e0 da plaina plana, mas a precis\u00e3o de maquina\u00e7\u00e3o \u00e9 superior. O aplainamento \u00e9 utilizado principalmente para o processamento da superf\u00edcie da junta da placa. As plainas para trabalhar madeira s\u00e3o utilizadas para aplainar t\u00e1buas e esquadros para obter espessuras precisas. O eixo da plaina da plaina para trabalhar madeira de uma face executa um movimento de corte rotativo, e os quatro rolos localizados nos lados superior e inferior da madeira fazem com que a madeira se alimente e passe o eixo da ferramenta ao longo da mesa de trabalho. A plaina de dupla face para trabalhar madeira \u00e9 processada por dois eixos de corte ao mesmo tempo. Dependendo da disposi\u00e7\u00e3o dos eixos de corte, pode aplainar dois lados opostos ou adjacentes da pe\u00e7a de trabalho. Uma plaina de madeira de tr\u00eas lados utiliza tr\u00eas fusos para aplainar tr\u00eas lados de uma pe\u00e7a de trabalho ao mesmo tempo. A plaina para madeira de quatro lados utiliza 4 a 8 eixos de corte para aplainar os quatro lados da pe\u00e7a de trabalho ao mesmo tempo, com alta produtividade e adequada para produ\u00e7\u00e3o em massa.<\/p>","protected":false},"featured_media":3724,"template":"","meta":{"_seopress_robots_primary_cat":"","_seopress_titles_title":"","_seopress_titles_desc":"","_seopress_robots_index":"","_uag_custom_page_level_css":"","site-sidebar-layout":"default","site-content-layout":"","ast-site-content-layout":"default","site-content-style":"default","site-sidebar-style":"default","ast-global-header-display":"","ast-banner-title-visibility":"","ast-main-header-display":"","ast-hfb-above-header-display":"","ast-hfb-below-header-display":"","ast-hfb-mobile-header-display":"","site-post-title":"","ast-breadcrumbs-content":"","ast-featured-img":"","footer-sml-layout":"","ast-disable-related-posts":"","theme-transparent-header-meta":"default","adv-header-id-meta":"","stick-header-meta":"default","header-above-stick-meta":"","header-main-stick-meta":"","header-below-stick-meta":"","astra-migrate-meta-layouts":"set","ast-page-background-enabled":"default","ast-page-background-meta":{"desktop":{"background-color":"","background-image":"","background-repeat":"repeat","background-position":"center center","background-size":"auto","background-attachment":"scroll","background-type":"","background-media":"","overlay-type":"","overlay-color":"","overlay-opacity":"","overlay-gradient":""},"tablet":{"background-color":"","background-image":"","background-repeat":"repeat","background-position":"center center","background-size":"auto","background-attachment":"scroll","background-type":"","background-media":"","overlay-type":"","overlay-color":"","overlay-opacity":"","overlay-gradient":""},"mobile":{"background-color":"","background-image":"","background-repeat":"repeat","background-position":"center center","background-size":"auto","background-attachment":"scroll","background-type":"","background-media":"","overlay-type":"","overlay-color":"","overlay-opacity":"","overlay-gradient":""}},"ast-content-background-meta":{"desktop":{"background-color":"var(--ast-global-color-5)","background-image":"","background-repeat":"repeat","background-position":"center center","background-size":"auto","background-attachment":"scroll","background-type":"","background-media":"","overlay-type":"","overlay-color":"","overlay-opacity":"","overlay-gradient":""},"tablet":{"background-color":"var(--ast-global-color-5)","background-image":"","background-repeat":"repeat","background-position":"center center","background-size":"auto","background-attachment":"scroll","background-type":"","background-media":"","overlay-type":"","overlay-color":"","overlay-opacity":"","overlay-gradient":""},"mobile":{"background-color":"var(--ast-global-color-5)","background-image":"","background-repeat":"repeat","background-position":"center center","background-size":"auto","background-attachment":"scroll","background-type":"","background-media":"","overlay-type":"","overlay-color":"","overlay-opacity":"","overlay-gradient":""}}},"product_brand":[],"product_cat":[55],"product_tag":[],"class_list":{"0":"post-3721","1":"product","2":"type-product","3":"status-publish","4":"has-post-thumbnail","6":"product_cat-other","7":"desktop-align-left","8":"tablet-align-left","9":"mobile-align-left","10":"ast-product-gallery-layout-horizontal-slider","11":"ast-product-gallery-with-no-image","12":"ast-product-tabs-layout-horizontal","14":"first","15":"instock","16":"shipping-taxable","17":"product-type-simple"},"uagb_featured_image_src":{"full":["https:\/\/wisecnclaser.com\/wp-content\/uploads\/2025\/05\/e1062010df23f2b0524d73288fd95001.jpg",378,294,false],"thumbnail":["https:\/\/wisecnclaser.com\/wp-content\/uploads\/2025\/05\/e1062010df23f2b0524d73288fd95001-150x150.jpg",150,150,true],"medium":["https:\/\/wisecnclaser.com\/wp-content\/uploads\/2025\/05\/e1062010df23f2b0524d73288fd95001-300x233.jpg",300,233,true],"medium_large":["https:\/\/wisecnclaser.com\/wp-content\/uploads\/2025\/05\/e1062010df23f2b0524d73288fd95001.jpg",378,294,false],"large":["https:\/\/wisecnclaser.com\/wp-content\/uploads\/2025\/05\/e1062010df23f2b0524d73288fd95001.jpg",378,294,false],"1536x1536":["https:\/\/wisecnclaser.com\/wp-content\/uploads\/2025\/05\/e1062010df23f2b0524d73288fd95001.jpg",378,294,false],"2048x2048":["https:\/\/wisecnclaser.com\/wp-content\/uploads\/2025\/05\/e1062010df23f2b0524d73288fd95001.jpg",378,294,false],"trp-custom-language-flag":["https:\/\/wisecnclaser.com\/wp-content\/uploads\/2025\/05\/e1062010df23f2b0524d73288fd95001-15x12.jpg",15,12,true],"woocommerce_thumbnail":["https:\/\/wisecnclaser.com\/wp-content\/uploads\/2025\/05\/e1062010df23f2b0524d73288fd95001-300x294.jpg",300,294,true],"woocommerce_single":["https:\/\/wisecnclaser.com\/wp-content\/uploads\/2025\/05\/e1062010df23f2b0524d73288fd95001.jpg",378,294,false],"woocommerce_gallery_thumbnail":["https:\/\/wisecnclaser.com\/wp-content\/uploads\/2025\/05\/e1062010df23f2b0524d73288fd95001-100x100.jpg",100,100,true]},"uagb_author_info":{"display_name":"jinxing6611@gmail.com","author_link":"https:\/\/wisecnclaser.com\/pt\/author\/"},"uagb_comment_info":0,"uagb_excerpt":"The woodworking surface planer is used to plan a reference plane or two orthogonal planes of the workpiece. The motor is driven by the tape to drive the planer shaft to rotate at a high speed, and the workpiece is fed to the planer shaft by pressing the workpiece along the guide plate against the&hellip;","_links":{"self":[{"href":"https:\/\/wisecnclaser.com\/pt\/wp-json\/wp\/v2\/product\/3721","targetHints":{"allow":["GET"]}}],"collection":[{"href":"https:\/\/wisecnclaser.com\/pt\/wp-json\/wp\/v2\/product"}],"about":[{"href":"https:\/\/wisecnclaser.com\/pt\/wp-json\/wp\/v2\/types\/product"}],"wp:featuredmedia":[{"embeddable":true,"href":"https:\/\/wisecnclaser.com\/pt\/wp-json\/wp\/v2\/media\/3724"}],"wp:attachment":[{"href":"https:\/\/wisecnclaser.com\/pt\/wp-json\/wp\/v2\/media?parent=3721"}],"wp:term":[{"taxonomy":"product_brand","embeddable":true,"href":"https:\/\/wisecnclaser.com\/pt\/wp-json\/wp\/v2\/product_brand?post=3721"},{"taxonomy":"product_cat","embeddable":true,"href":"https:\/\/wisecnclaser.com\/pt\/wp-json\/wp\/v2\/product_cat?post=3721"},{"taxonomy":"product_tag","embeddable":true,"href":"https:\/\/wisecnclaser.com\/pt\/wp-json\/wp\/v2\/product_tag?post=3721"}],"curies":[{"name":"wp","href":"https:\/\/api.w.org\/{rel}","templated":true}]}}