{"id":3732,"date":"2025-05-23T02:37:14","date_gmt":"2025-05-23T02:37:14","guid":{"rendered":"https:\/\/wisecnclaser.com\/?post_type=product&#038;p=3732"},"modified":"2026-01-26T08:15:03","modified_gmt":"2026-01-26T08:15:03","slug":"ws3300-cnc-beam-saw-with-side-lifting-table","status":"publish","type":"product","link":"https:\/\/wisecnclaser.com\/pt\/produto\/ws3300-cnc-beam-saw-with-side-lifting-table\/","title":{"rendered":"Serra de viga CNC WS3300 com mesa de eleva\u00e7\u00e3o lateral"},"content":{"rendered":"<p>A serra principal da estrutura de transmiss\u00e3o utiliza correias multi ranhuras Taiwan Samsung, e as correias em V da serra pequena utilizam correias importadas. Utiliza transmiss\u00e3o combinada de alta precis\u00e3o alem\u00e3\/SLM e cremalheira; os aparelhos el\u00e9ctricos, os componentes de altern\u00e2ncia e os componentes-chave utilizados s\u00e3o todos produtos de marcas internacionais para garantir a precis\u00e3o e a fiabilidade dos produtos; a m\u00e1quina principal tem uma velocidade de serragem r\u00e1pida e pode conseguir um ajuste cont\u00ednuo de acordo com a espessura da t\u00e1bua de corte.<\/p>\n<p>A descri\u00e7\u00e3o optimizada do software (opcional) mant\u00e9m a flexibilidade da disposi\u00e7\u00e3o manual aleat\u00f3ria dos dados de corte das serras electr\u00f3nicas tradicionais e expande as funcionalidades de importa\u00e7\u00e3o inteligente de dados, opera\u00e7\u00e3o de arranque e paragem do controlo remoto sem fios, monitoriza\u00e7\u00e3o remota, etc., e acrescenta fun\u00e7\u00f5es pr\u00e1ticas como a conce\u00e7\u00e3o de encomendas, a otimiza\u00e7\u00e3o da divis\u00e3o de encomendas, a gest\u00e3o de materiais residuais, a otimiza\u00e7\u00e3o da disposi\u00e7\u00e3o, a impress\u00e3o de c\u00f3digos de barras, etc. Ao mesmo tempo, est\u00e1 aberto a todas as portas de software, como Yuan Fang, Hua Guang, CV, 1010, Wei Lun, Hai Xun, Sanweijia, Yunxi, Shangchuan e outros softwares de design, e suporta a lista de materiais artesanais do Microsoft Excel, com uma poderosa fun\u00e7\u00e3o de programa\u00e7\u00e3o de layout optimizado, e pode construir opera\u00e7\u00f5es reais para simular problemas reais. Quando os trabalhadores operam o equipamento, s\u00f3 precisam de colocar a pe\u00e7a de trabalho de acordo com os avisos na interface do computador, e os dados do tamanho do corte s\u00e3o actualizados pelo computador de forma inteligente (digitaliza\u00e7\u00e3o do c\u00f3digo), realizando a opera\u00e7\u00e3o com um clique. Geralmente, s\u00e3o necess\u00e1rias apenas 2 horas de forma\u00e7\u00e3o para come\u00e7ar a trabalhar.<\/p>\n<p>&nbsp;<\/p>\n<table border=\"1\">\n<tbody>\n<tr class=\"firstRow\">\n<td colspan=\"2\" valign=\"top\" width=\"622\"><strong>WS3300\u00a0<\/strong>Serra de viga CNC com mesa de eleva\u00e7\u00e3o lateral<\/td>\n<\/tr>\n<tr>\n<td valign=\"top\" width=\"311\">Computador<\/td>\n<td valign=\"top\" width=\"311\">\u00a0 \u00a0 \u00a0 \u00a0 \u00a0 \u00a0 \u00a0 \u00a0 \u00a0Inclu\u00eddo<\/td>\n<\/tr>\n<tr>\n<td valign=\"top\" width=\"311\">Comprimento\/largura de corte<\/td>\n<td valign=\"top\" width=\"311\">3300 mm<\/td>\n<\/tr>\n<tr>\n<td valign=\"top\" width=\"311\">Espessura de corte<\/td>\n<td valign=\"top\" width=\"311\">100 mm<\/td>\n<\/tr>\n<tr>\n<td valign=\"top\" width=\"311\">Di\u00e2metro da serra de corte principal<\/td>\n<td valign=\"top\" width=\"311\">\u0424400mm<\/td>\n<\/tr>\n<tr>\n<td valign=\"top\" width=\"311\">Di\u00e2metro do veio da serra principal<\/td>\n<td valign=\"top\" width=\"311\">\u042480mm<\/td>\n<\/tr>\n<tr>\n<td valign=\"top\" width=\"311\">Velocidade do veio da serra principal<\/td>\n<td valign=\"top\" width=\"311\">4800rpm<\/td>\n<\/tr>\n<tr>\n<td valign=\"top\" width=\"311\">Di\u00e2metro da l\u00e2mina de serra de fenda<\/td>\n<td valign=\"top\" width=\"311\">\u0424180mm<\/td>\n<\/tr>\n<tr>\n<td valign=\"top\" width=\"311\">Di\u00e2metro do eixo da serra de ranhura<\/td>\n<td valign=\"top\" width=\"311\">\u042445mm<\/td>\n<\/tr>\n<tr>\n<td valign=\"top\" width=\"311\">Velocidade do veio da serra de ranhura<\/td>\n<td valign=\"top\" width=\"311\">6900 rpm<\/td>\n<\/tr>\n<tr>\n<td valign=\"top\" width=\"311\">Velocidade de avan\u00e7o da base da serra<\/td>\n<td valign=\"top\" width=\"311\">100m\/min<\/td>\n<\/tr>\n<tr>\n<td valign=\"top\" width=\"311\">Velocidade de recuo da base da serra<\/td>\n<td valign=\"top\" width=\"311\">120m\/min<\/td>\n<\/tr>\n<tr>\n<td valign=\"top\" width=\"311\">Motor principal da serra de corte<\/td>\n<td valign=\"top\" width=\"311\">16,5kw<\/td>\n<\/tr>\n<tr>\n<td valign=\"top\" width=\"311\">Motor de serra de ranhura<\/td>\n<td valign=\"top\" width=\"311\">2,2kw<\/td>\n<\/tr>\n<tr>\n<td valign=\"top\" width=\"311\">Motor de acionamento da base da serra<\/td>\n<td valign=\"top\" width=\"311\">1,8kw (servo)<\/td>\n<\/tr>\n<tr>\n<td valign=\"top\" width=\"311\">Motor de alimenta\u00e7\u00e3o autom\u00e1tica<\/td>\n<td valign=\"top\" width=\"311\">1.8kw(servo\uff09<\/td>\n<\/tr>\n<tr>\n<td valign=\"top\" width=\"311\">Dispositivo auxiliar<\/td>\n<td valign=\"top\" width=\"311\">mesa de eleva\u00e7\u00e3o lateral<\/td>\n<\/tr>\n<tr>\n<td valign=\"top\" width=\"311\">Motor da bomba de v\u00e1cuo<\/td>\n<td valign=\"top\" width=\"311\">4kw<\/td>\n<\/tr>\n<tr>\n<td valign=\"top\" width=\"311\">Pot\u00eancia total<\/td>\n<td valign=\"top\" width=\"311\">26,5kw<\/td>\n<\/tr>\n<tr>\n<td valign=\"top\" width=\"311\">Velocidade de alimenta\u00e7\u00e3o autom\u00e1tica<\/td>\n<td valign=\"top\" width=\"311\">100m\/min<\/td>\n<\/tr>\n<tr>\n<td valign=\"top\" width=\"311\">Press\u00e3o do ar<\/td>\n<td valign=\"top\" width=\"311\">5-7kg\/cm\u00b2<\/td>\n<\/tr>\n<tr>\n<td valign=\"top\" width=\"311\">Altura da mesa flutuante<\/td>\n<td valign=\"top\" width=\"311\">950 mm<\/td>\n<\/tr>\n<tr>\n<td valign=\"top\" width=\"311\">Tamanho total da m\u00e1quina (L * W * H)<\/td>\n<td valign=\"top\" width=\"311\">5900*5800*1850m<\/td>\n<\/tr>\n<\/tbody>\n<\/table>\n<div style=\"width: 1280px;\" class=\"wp-video\"><video class=\"wp-video-shortcode\" id=\"video-3732-1\" width=\"1280\" height=\"720\" preload=\"metadata\" controls=\"controls\"><source type=\"video\/mp4\" src=\"https:\/\/wisecnclaser.com\/wp-content\/uploads\/2025\/05\/1722321618362360.mp4?_=1\" \/><a href=\"https:\/\/wisecnclaser.com\/wp-content\/uploads\/2025\/05\/1722321618362360.mp4\">https:\/\/wisecnclaser.com\/wp-content\/uploads\/2025\/05\/1722321618362360.mp4<\/a><\/video><\/div>","protected":false},"excerpt":{"rendered":"<p>O equipamento \u00e9 controlado por um computador industrial, com uma interface de di\u00e1logo homem-computador amig\u00e1vel e de f\u00e1cil opera\u00e7\u00e3o. Se o software de otimiza\u00e7\u00e3o estiver instalado, a lista de materiais pode ser importada diretamente para otimizar o corte de materiais. Est\u00e1 equipado com um dispositivo de alarme de avaria, que p\u00e1ra automaticamente a m\u00e1quina quando ocorre uma avaria, e tem uma fun\u00e7\u00e3o de dete\u00e7\u00e3o autom\u00e1tica de avarias, o que facilita a verifica\u00e7\u00e3o da causa da avaria.<\/p>","protected":false},"featured_media":4379,"template":"","meta":{"_seopress_robots_primary_cat":"none","_seopress_titles_title":"","_seopress_titles_desc":"","_seopress_robots_index":"","_uag_custom_page_level_css":"","site-sidebar-layout":"default","site-content-layout":"","ast-site-content-layout":"default","site-content-style":"default","site-sidebar-style":"default","ast-global-header-display":"","ast-banner-title-visibility":"","ast-main-header-display":"","ast-hfb-above-header-display":"","ast-hfb-below-header-display":"","ast-hfb-mobile-header-display":"","site-post-title":"","ast-breadcrumbs-content":"","ast-featured-img":"","footer-sml-layout":"","ast-disable-related-posts":"","theme-transparent-header-meta":"default","adv-header-id-meta":"","stick-header-meta":"default","header-above-stick-meta":"","header-main-stick-meta":"","header-below-stick-meta":"","astra-migrate-meta-layouts":"set","ast-page-background-enabled":"default","ast-page-background-meta":{"desktop":{"background-color":"","background-image":"","background-repeat":"repeat","background-position":"center center","background-size":"auto","background-attachment":"scroll","background-type":"","background-media":"","overlay-type":"","overlay-color":"","overlay-opacity":"","overlay-gradient":""},"tablet":{"background-color":"","background-image":"","background-repeat":"repeat","background-position":"center center","background-size":"auto","background-attachment":"scroll","background-type":"","background-media":"","overlay-type":"","overlay-color":"","overlay-opacity":"","overlay-gradient":""},"mobile":{"background-color":"","background-image":"","background-repeat":"repeat","background-position":"center center","background-size":"auto","background-attachment":"scroll","background-type":"","background-media":"","overlay-type":"","overlay-color":"","overlay-opacity":"","overlay-gradient":""}},"ast-content-background-meta":{"desktop":{"background-color":"var(--ast-global-color-5)","background-image":"","background-repeat":"repeat","background-position":"center center","background-size":"auto","background-attachment":"scroll","background-type":"","background-media":"","overlay-type":"","overlay-color":"","overlay-opacity":"","overlay-gradient":""},"tablet":{"background-color":"var(--ast-global-color-5)","background-image":"","background-repeat":"repeat","background-position":"center center","background-size":"auto","background-attachment":"scroll","background-type":"","background-media":"","overlay-type":"","overlay-color":"","overlay-opacity":"","overlay-gradient":""},"mobile":{"background-color":"var(--ast-global-color-5)","background-image":"","background-repeat":"repeat","background-position":"center center","background-size":"auto","background-attachment":"scroll","background-type":"","background-media":"","overlay-type":"","overlay-color":"","overlay-opacity":"","overlay-gradient":""}}},"product_brand":[],"product_cat":[39],"product_tag":[],"class_list":{"0":"post-3732","1":"product","2":"type-product","3":"status-publish","4":"has-post-thumbnail","6":"product_cat-cuttingsaw","7":"desktop-align-left","8":"tablet-align-left","9":"mobile-align-left","10":"ast-product-gallery-layout-horizontal-slider","11":"ast-product-gallery-with-no-image","12":"ast-product-tabs-layout-horizontal","14":"first","15":"instock","16":"featured","17":"shipping-taxable","18":"product-type-simple"},"uagb_featured_image_src":{"full":["https:\/\/wisecnclaser.com\/wp-content\/uploads\/2025\/05\/2800\u5347\u964d\u5e73\u53f0.png",1078,1074,false],"thumbnail":["https:\/\/wisecnclaser.com\/wp-content\/uploads\/2025\/05\/2800\u5347\u964d\u5e73\u53f0-150x150.png",150,150,true],"medium":["https:\/\/wisecnclaser.com\/wp-content\/uploads\/2025\/05\/2800\u5347\u964d\u5e73\u53f0-300x300.png",300,300,true],"medium_large":["https:\/\/wisecnclaser.com\/wp-content\/uploads\/2025\/05\/2800\u5347\u964d\u5e73\u53f0-768x765.png",768,765,true],"large":["https:\/\/wisecnclaser.com\/wp-content\/uploads\/2025\/05\/2800\u5347\u964d\u5e73\u53f0-1024x1020.png",1024,1020,true],"1536x1536":["https:\/\/wisecnclaser.com\/wp-content\/uploads\/2025\/05\/2800\u5347\u964d\u5e73\u53f0.png",1078,1074,false],"2048x2048":["https:\/\/wisecnclaser.com\/wp-content\/uploads\/2025\/05\/2800\u5347\u964d\u5e73\u53f0.png",1078,1074,false],"trp-custom-language-flag":["https:\/\/wisecnclaser.com\/wp-content\/uploads\/2025\/05\/2800\u5347\u964d\u5e73\u53f0-12x12.png",12,12,true],"woocommerce_thumbnail":["https:\/\/wisecnclaser.com\/wp-content\/uploads\/2025\/05\/2800\u5347\u964d\u5e73\u53f0-300x300.png",300,300,true],"woocommerce_single":["https:\/\/wisecnclaser.com\/wp-content\/uploads\/2025\/05\/2800\u5347\u964d\u5e73\u53f0-600x598.png",600,598,true],"woocommerce_gallery_thumbnail":["https:\/\/wisecnclaser.com\/wp-content\/uploads\/2025\/05\/2800\u5347\u964d\u5e73\u53f0-100x100.png",100,100,true]},"uagb_author_info":{"display_name":"jinxing6611@gmail.com","author_link":"https:\/\/wisecnclaser.com\/pt\/author\/"},"uagb_comment_info":0,"uagb_excerpt":"The equipment is controlled by an industrial computer, with a friendly human-computer dialogue interface and easy operation. If the optimization software is installed, the material list can be directly imported to optimize the material cutting. It is equipped with a fault alarm device, which automatically stops the machine when a fault occurs, and has an&hellip;","_links":{"self":[{"href":"https:\/\/wisecnclaser.com\/pt\/wp-json\/wp\/v2\/product\/3732","targetHints":{"allow":["GET"]}}],"collection":[{"href":"https:\/\/wisecnclaser.com\/pt\/wp-json\/wp\/v2\/product"}],"about":[{"href":"https:\/\/wisecnclaser.com\/pt\/wp-json\/wp\/v2\/types\/product"}],"wp:featuredmedia":[{"embeddable":true,"href":"https:\/\/wisecnclaser.com\/pt\/wp-json\/wp\/v2\/media\/4379"}],"wp:attachment":[{"href":"https:\/\/wisecnclaser.com\/pt\/wp-json\/wp\/v2\/media?parent=3732"}],"wp:term":[{"taxonomy":"product_brand","embeddable":true,"href":"https:\/\/wisecnclaser.com\/pt\/wp-json\/wp\/v2\/product_brand?post=3732"},{"taxonomy":"product_cat","embeddable":true,"href":"https:\/\/wisecnclaser.com\/pt\/wp-json\/wp\/v2\/product_cat?post=3732"},{"taxonomy":"product_tag","embeddable":true,"href":"https:\/\/wisecnclaser.com\/pt\/wp-json\/wp\/v2\/product_tag?post=3732"}],"curies":[{"name":"wp","href":"https:\/\/api.w.org\/{rel}","templated":true}]}}