{"id":3745,"date":"2025-05-23T02:41:40","date_gmt":"2025-05-23T02:41:40","guid":{"rendered":"https:\/\/wisecnclaser.com\/?post_type=product&#038;p=3745"},"modified":"2025-07-16T02:17:35","modified_gmt":"2025-07-16T02:17:35","slug":"ws3300-back-feeding-cnc-beam-saw","status":"publish","type":"product","link":"https:\/\/wisecnclaser.com\/pt\/produto\/ws3300-back-feeding-cnc-beam-saw\/","title":{"rendered":"WS3300 Alimenta\u00e7\u00e3o traseira autom\u00e1tica para corte de pain\u00e9is de madeira Serra de viga CNC de computador"},"content":{"rendered":"<p>A serra principal da estrutura de transmiss\u00e3o utiliza correias multi ranhuras Taiwan Samsung, e as correias em V da serra pequena utilizam correias importadas. Utiliza transmiss\u00e3o combinada de alta precis\u00e3o alem\u00e3\/SLM e cremalheira; os aparelhos el\u00e9ctricos, os componentes de altern\u00e2ncia e os componentes-chave utilizados s\u00e3o todos produtos de marcas internacionais para garantir a precis\u00e3o e a fiabilidade dos produtos; a m\u00e1quina principal tem uma velocidade de serragem r\u00e1pida e pode conseguir um ajuste cont\u00ednuo de acordo com a espessura da t\u00e1bua de corte.<\/p>\n<p>A descri\u00e7\u00e3o optimizada do software (opcional) mant\u00e9m a flexibilidade da disposi\u00e7\u00e3o manual aleat\u00f3ria dos dados de corte das serras electr\u00f3nicas tradicionais e expande as funcionalidades de importa\u00e7\u00e3o inteligente de dados, opera\u00e7\u00e3o de arranque e paragem do controlo remoto sem fios, monitoriza\u00e7\u00e3o remota, etc., e acrescenta fun\u00e7\u00f5es pr\u00e1ticas como a conce\u00e7\u00e3o de encomendas, a otimiza\u00e7\u00e3o da divis\u00e3o de encomendas, a gest\u00e3o de materiais residuais, a otimiza\u00e7\u00e3o da disposi\u00e7\u00e3o, a impress\u00e3o de c\u00f3digos de barras, etc. Ao mesmo tempo, est\u00e1 aberto a todas as portas de software, como Yuan Fang, Hua Guang, CV, 1010, Wei Lun, Hai Xun, Sanweijia, Yunxi, Shangchuan e outros softwares de design, e suporta a lista de materiais artesanais do Microsoft Excel, com uma poderosa fun\u00e7\u00e3o de programa\u00e7\u00e3o de layout optimizado, e pode construir opera\u00e7\u00f5es reais para simular problemas reais. Quando os trabalhadores operam o equipamento, s\u00f3 precisam de colocar a pe\u00e7a de trabalho de acordo com os avisos na interface do computador, e os dados do tamanho do corte s\u00e3o actualizados pelo computador de forma inteligente (digitaliza\u00e7\u00e3o do c\u00f3digo), realizando a opera\u00e7\u00e3o com um clique. Geralmente, s\u00e3o necess\u00e1rias apenas 2 horas de forma\u00e7\u00e3o para come\u00e7ar a trabalhar.<\/p>\n<p>&nbsp;<\/p>\n<table border=\"1\">\n<tbody>\n<tr class=\"firstRow\">\n<td colspan=\"2\" valign=\"top\" width=\"622\">Serra de viga CNC de alimenta\u00e7\u00e3o traseira WS3300<\/td>\n<\/tr>\n<tr>\n<td valign=\"top\" width=\"311\">Computador<\/td>\n<td valign=\"top\" width=\"311\">\u00a0 \u00a0 \u00a0 \u00a0 \u00a0 \u00a0 \u00a0 \u00a0 \u00a0Inclu\u00eddo<\/td>\n<\/tr>\n<tr>\n<td valign=\"top\" width=\"311\">Comprimento\/largura de corte<\/td>\n<td valign=\"top\" width=\"311\">3300 mm<\/td>\n<\/tr>\n<tr>\n<td valign=\"top\" width=\"311\">Espessura de corte<\/td>\n<td valign=\"top\" width=\"311\">100 mm<\/td>\n<\/tr>\n<tr>\n<td valign=\"top\" width=\"311\">Di\u00e2metro da serra de corte principal<\/td>\n<td valign=\"top\" width=\"311\">\u0424400mm<\/td>\n<\/tr>\n<tr>\n<td valign=\"top\" width=\"311\">Di\u00e2metro do veio da serra principal<\/td>\n<td valign=\"top\" width=\"311\">\u042480mm<\/td>\n<\/tr>\n<tr>\n<td valign=\"top\" width=\"311\">Velocidade do veio da serra principal<\/td>\n<td valign=\"top\" width=\"311\">4800rpm<\/td>\n<\/tr>\n<tr>\n<td valign=\"top\" width=\"311\">Di\u00e2metro da l\u00e2mina de serra de fenda<\/td>\n<td valign=\"top\" width=\"311\">\u0424180mm<\/td>\n<\/tr>\n<tr>\n<td valign=\"top\" width=\"311\">Di\u00e2metro do eixo da serra de ranhura<\/td>\n<td valign=\"top\" width=\"311\">\u042445mm<\/td>\n<\/tr>\n<tr>\n<td valign=\"top\" width=\"311\">Velocidade do veio da serra de ranhura<\/td>\n<td valign=\"top\" width=\"311\">6900 rpm<\/td>\n<\/tr>\n<tr>\n<td valign=\"top\" width=\"311\">Velocidade de avan\u00e7o da base da serra<\/td>\n<td valign=\"top\" width=\"311\">100m\/min<\/td>\n<\/tr>\n<tr>\n<td valign=\"top\" width=\"311\">Velocidade de recuo da base da serra<\/td>\n<td valign=\"top\" width=\"311\">120m\/min<\/td>\n<\/tr>\n<tr>\n<td valign=\"top\" width=\"311\">Motor principal da serra de corte<\/td>\n<td valign=\"top\" width=\"311\">16,5kw<\/td>\n<\/tr>\n<tr>\n<td valign=\"top\" width=\"311\">Motor de serra de ranhura<\/td>\n<td valign=\"top\" width=\"311\">2,2kw<\/td>\n<\/tr>\n<tr>\n<td valign=\"top\" width=\"311\">Motor de acionamento da base da serra<\/td>\n<td valign=\"top\" width=\"311\">1,8kw (servo)<\/td>\n<\/tr>\n<tr>\n<td valign=\"top\" width=\"311\">Motor de alimenta\u00e7\u00e3o autom\u00e1tica<\/td>\n<td valign=\"top\" width=\"311\">1.8kw(servo\uff09<\/td>\n<\/tr>\n<tr>\n<td valign=\"top\" width=\"311\">Tipo de alimenta\u00e7\u00e3o<\/td>\n<td valign=\"top\" width=\"311\">retroalimenta\u00e7\u00e3o<\/td>\n<\/tr>\n<tr>\n<td valign=\"top\" width=\"311\">Motor da bomba de v\u00e1cuo<\/td>\n<td valign=\"top\" width=\"311\">4kw<\/td>\n<\/tr>\n<tr>\n<td valign=\"top\" width=\"311\">Pot\u00eancia total<\/td>\n<td valign=\"top\" width=\"311\">26,5kw<\/td>\n<\/tr>\n<tr>\n<td valign=\"top\" width=\"311\">Velocidade de alimenta\u00e7\u00e3o autom\u00e1tica<\/td>\n<td valign=\"top\" width=\"311\">100m\/min<\/td>\n<\/tr>\n<tr>\n<td valign=\"top\" width=\"311\">Press\u00e3o do ar<\/td>\n<td valign=\"top\" width=\"311\">5-7kg\/cm\u00b2<\/td>\n<\/tr>\n<tr>\n<td valign=\"top\" width=\"311\">Altura da mesa flutuante<\/td>\n<td valign=\"top\" width=\"311\">950 mm<\/td>\n<\/tr>\n<tr>\n<td valign=\"top\" width=\"311\">Tamanho total da m\u00e1quina (L * W * H)<\/td>\n<td valign=\"top\" width=\"311\">5900*5800*1850m<\/td>\n<\/tr>\n<\/tbody>\n<\/table>\n<p>Serra de viga CNC autom\u00e1tica: revolucionando a precis\u00e3o e a efici\u00eancia do corte de pain\u00e9is de madeira<\/p>\n<p>No exigente mundo do fabrico de mobili\u00e1rio, da marcenaria e da arquitetura em madeira, o processamento eficiente e preciso de grandes pain\u00e9is de madeira (como MDF, aglomerado de part\u00edculas, contraplacado e placas de madeira maci\u00e7a) \u00e9 fundamental. A serra de viga CNC autom\u00e1tica \u00e9 a pot\u00eancia indiscut\u00edvel que transforma o manuseamento, o corte e a otimiza\u00e7\u00e3o dos pain\u00e9is. Esta sofisticada m\u00e1quina industrial de corte de madeira tornou-se a espinha dorsal das linhas de produ\u00e7\u00e3o modernas, estabelecendo novos padr\u00f5es de velocidade, precis\u00e3o e utiliza\u00e7\u00e3o de material.<\/p>\n<p>&nbsp;<\/p>\n<p>O que \u00e9 uma serra de viga CNC autom\u00e1tica?<\/p>\n<p>No seu n\u00facleo, uma m\u00e1quina de serra de viga apresenta uma viga de corte robusta, montada horizontalmente (frequentemente designada por \"ponte\") que se desloca ao longo do comprimento da m\u00e1quina. Montadas nesta viga est\u00e3o uma ou mais serras circulares de alta pot\u00eancia capazes de efetuar cortes verticais em toda a espessura de um painel. Os aspectos autom\u00e1ticos e CNC elevam este conceito b\u00e1sico:<\/p>\n<ol>\n<li>\u00a0Controlo CNC: Guiada por um avan\u00e7ado software inform\u00e1tico, a serra de barra CNC interpreta planos de corte (frequentemente gerados por software de aproveitamento). Controla com precis\u00e3o o movimento da viga (eixo X), o posicionamento do carro da serra ao longo da viga (eixo Y), o curso de corte vertical (eixo Z) e, frequentemente, a rota\u00e7\u00e3o das l\u00e2minas de corte. Isto assegura um desempenho de elevada precis\u00e3o da serra de viga, proporcionando cortes com uma precis\u00e3o de frac\u00e7\u00f5es de mil\u00edmetro.<\/li>\n<li>\u00a0Automatiza\u00e7\u00e3o: Os verdadeiros sistemas autom\u00e1ticos de corte de vigas integram o manuseamento de materiais. Isto inclui normalmente:<\/li>\n<\/ol>\n<p>* Carregamento autom\u00e1tico: Elevadores de v\u00e1cuo, correias transportadoras ou bra\u00e7os rob\u00f3ticos alimentam os pain\u00e9is na mesa de corte da m\u00e1quina.<\/p>\n<p>* Posicionamento autom\u00e1tico:Os pinos, empurradores ou correias de posicionamento servo-acionados localizam com precis\u00e3o o painel de acordo com o programa.<\/p>\n<p>* Corte autom\u00e1tico: O CNC executa toda a sequ\u00eancia de corte, incluindo o corte opcional para cortes sem lascas (especialmente cr\u00edtico em pain\u00e9is de melamina e folheados).<\/p>\n<p>* Descarga autom\u00e1tica: As pe\u00e7as cortadas s\u00e3o automaticamente selecionadas e empilhadas, muitas vezes utilizando correias, bra\u00e7os ou sistemas de vaiv\u00e9m, separando as pe\u00e7as utiliz\u00e1veis do esqueleto.<\/p>\n<p>&nbsp;<\/p>\n<p>Principais vantagens da m\u00e1quina de corte de pain\u00e9is moderna:<\/p>\n<p>* Precis\u00e3o e qualidade incompar\u00e1veis: A tecnologia de serra de feixe de alta precis\u00e3o garante cortes consistentes, rectos e limpos, essenciais para uma carpintaria perfeita e uma montagem perfeita. As l\u00e2minas de corte integradas eliminam virtualmente as lascas em ambas as faces dos materiais laminados.<\/p>\n<p>* Efici\u00eancia e rapidez excepcionais: A automatiza\u00e7\u00e3o reduz drasticamente o tempo de manuseamento manual. A serra autom\u00e1tica pode processar v\u00e1rios pain\u00e9is consecutivamente com a m\u00ednima interven\u00e7\u00e3o do operador, aumentando significativamente o rendimento em compara\u00e7\u00e3o com as serras manuais ou m\u00e1quinas semi-autom\u00e1ticas.<\/p>\n<p>* Utiliza\u00e7\u00e3o \u00f3ptima do material: O software de coloca\u00e7\u00e3o integrado maximiza o rendimento, organizando inteligentemente as pe\u00e7as em cada painel para minimizar o desperd\u00edcio. A precis\u00e3o da serra de feixe CNC assegura que cada corte \u00e9 exato, reduzindo ainda mais a perda de material devido a erros.<\/p>\n<p>* Redu\u00e7\u00e3o dos custos de m\u00e3o de obra e da fadiga do operador: A automatiza\u00e7\u00e3o trata do trabalho pesado e das tarefas repetitivas. Os operadores gerem principalmente o software, monitorizam o processo e efectuam verifica\u00e7\u00f5es de qualidade, conduzindo a um ambiente de trabalho mais seguro e menos exigente do ponto de vista f\u00edsico.<\/p>\n<p>* Seguran\u00e7a refor\u00e7ada: As \u00e1reas de corte fechadas, a fixa\u00e7\u00e3o autom\u00e1tica e o manuseamento manual reduzido dos pain\u00e9is reduzem significativamente o risco de acidentes associados a pain\u00e9is grandes e pesados e a l\u00e2minas de serra potentes.<\/p>\n<p>* Flexibilidade de produ\u00e7\u00e3o: Alterne facilmente entre diferentes tipos de pain\u00e9is, espessuras e trabalhos de corte com mudan\u00e7as r\u00e1pidas de programa, tornando a m\u00e1quina ideal tanto para a produ\u00e7\u00e3o de lotes de grande volume como para encomendas mais pequenas e personalizadas.<\/p>\n<p>&nbsp;<\/p>\n<p>O melhor da loja: Pot\u00eancia e durabilidade<\/p>\n<p>O termo \"melhor serra de viga\" n\u00e3o \u00e9 apenas uma quest\u00e3o de marketing. Reflecte as carater\u00edsticas inerentes a estas m\u00e1quinas:<\/p>\n<p>&nbsp;<\/p>\n<p>* Constru\u00e7\u00e3o robusta: Constru\u00edda com estruturas e componentes de a\u00e7o para trabalhos pesados, para suportar a utiliza\u00e7\u00e3o industrial constante e as for\u00e7as envolvidas no corte de materiais densos.<\/p>\n<p>* Corte de alta pot\u00eancia: Equipado com motores principais potentes (frequentemente 20HP+) e motores de corte de bin\u00e1rio elevado capazes de cortar facilmente as madeiras mais duras e os pain\u00e9is de engenharia mais espessos.<\/p>\n<p>* Capacidade enorme: Concebidas para lidar com pain\u00e9is de tamanho normal (2800*2800mm, 3300*3300mm, 3800*3800mm, ou maiores) sem esfor\u00e7o, tornando-as verdadeiras m\u00e1quinas industriais de corte de madeira.<\/p>\n<p>* Desempenho incans\u00e1vel: Concebida para um funcionamento cont\u00ednuo em ambientes de produ\u00e7\u00e3o exigentes, maximizando o tempo de atividade e a produtividade.<\/p>\n<p>&nbsp;<\/p>\n<p>Conclus\u00e3o<\/p>\n<p>A serra de viga CNC autom\u00e1tica \u00e9 muito mais do que uma simples m\u00e1quina de corte de pain\u00e9is; \u00e9 uma solu\u00e7\u00e3o abrangente para o processamento moderno de pain\u00e9is de madeira. Ao combinar a precis\u00e3o de corte da serra de feixe de alta precis\u00e3o com a automa\u00e7\u00e3o avan\u00e7ada e a pot\u00eancia bruta de uma melhor serra de feixe, esta m\u00e1quina industrial de corte de madeira proporciona n\u00edveis inigual\u00e1veis de produtividade, poupan\u00e7a de material, qualidade e seguran\u00e7a. Para qualquer opera\u00e7\u00e3o s\u00e9ria de processamento de madeira focada no processamento de pain\u00e9is, investir numa serra de barra autom\u00e1tica n\u00e3o \u00e9 apenas uma atualiza\u00e7\u00e3o - \u00e9 um imperativo estrat\u00e9gico para se manter competitivo, eficiente e rent\u00e1vel no mercado atual. Representa a evolu\u00e7\u00e3o inteligente da m\u00e1quina de corte de feixe, solidificando o seu lugar como a pedra angular da eficiente separa\u00e7\u00e3o de pain\u00e9is.<\/p>\n<div style=\"width: 1280px;\" class=\"wp-video\"><video class=\"wp-video-shortcode\" id=\"video-3745-1\" width=\"1280\" height=\"720\" preload=\"metadata\" controls=\"controls\"><source type=\"video\/mp4\" src=\"https:\/\/wisecnclaser.com\/wp-content\/uploads\/2025\/05\/1722322237481315.mp4?_=1\" \/><a href=\"https:\/\/wisecnclaser.com\/wp-content\/uploads\/2025\/05\/1722322237481315.mp4\">https:\/\/wisecnclaser.com\/wp-content\/uploads\/2025\/05\/1722322237481315.mp4<\/a><\/video><\/div>","protected":false},"excerpt":{"rendered":"<p>O equipamento \u00e9 controlado por um computador industrial, com uma interface de di\u00e1logo homem-computador amig\u00e1vel e de f\u00e1cil opera\u00e7\u00e3o. Se o software de otimiza\u00e7\u00e3o estiver instalado, a lista de materiais pode ser importada diretamente para otimizar o corte de materiais. Est\u00e1 equipado com um dispositivo de alarme de avaria, que p\u00e1ra automaticamente a m\u00e1quina quando ocorre uma avaria, e tem uma fun\u00e7\u00e3o de dete\u00e7\u00e3o autom\u00e1tica de avarias, o que facilita a verifica\u00e7\u00e3o da causa da avaria.<\/p>","protected":false},"featured_media":3748,"template":"","meta":{"_seopress_robots_primary_cat":"none","_seopress_titles_title":"","_seopress_titles_desc":"","_seopress_robots_index":"","_uag_custom_page_level_css":"","site-sidebar-layout":"default","site-content-layout":"","ast-site-content-layout":"default","site-content-style":"default","site-sidebar-style":"default","ast-global-header-display":"","ast-banner-title-visibility":"","ast-main-header-display":"","ast-hfb-above-header-display":"","ast-hfb-below-header-display":"","ast-hfb-mobile-header-display":"","site-post-title":"","ast-breadcrumbs-content":"","ast-featured-img":"","footer-sml-layout":"","ast-disable-related-posts":"","theme-transparent-header-meta":"default","adv-header-id-meta":"","stick-header-meta":"default","header-above-stick-meta":"","header-main-stick-meta":"","header-below-stick-meta":"","astra-migrate-meta-layouts":"set","ast-page-background-enabled":"default","ast-page-background-meta":{"desktop":{"background-color":"","background-image":"","background-repeat":"repeat","background-position":"center center","background-size":"auto","background-attachment":"scroll","background-type":"","background-media":"","overlay-type":"","overlay-color":"","overlay-opacity":"","overlay-gradient":""},"tablet":{"background-color":"","background-image":"","background-repeat":"repeat","background-position":"center center","background-size":"auto","background-attachment":"scroll","background-type":"","background-media":"","overlay-type":"","overlay-color":"","overlay-opacity":"","overlay-gradient":""},"mobile":{"background-color":"","background-image":"","background-repeat":"repeat","background-position":"center center","background-size":"auto","background-attachment":"scroll","background-type":"","background-media":"","overlay-type":"","overlay-color":"","overlay-opacity":"","overlay-gradient":""}},"ast-content-background-meta":{"desktop":{"background-color":"var(--ast-global-color-5)","background-image":"","background-repeat":"repeat","background-position":"center center","background-size":"auto","background-attachment":"scroll","background-type":"","background-media":"","overlay-type":"","overlay-color":"","overlay-opacity":"","overlay-gradient":""},"tablet":{"background-color":"var(--ast-global-color-5)","background-image":"","background-repeat":"repeat","background-position":"center center","background-size":"auto","background-attachment":"scroll","background-type":"","background-media":"","overlay-type":"","overlay-color":"","overlay-opacity":"","overlay-gradient":""},"mobile":{"background-color":"var(--ast-global-color-5)","background-image":"","background-repeat":"repeat","background-position":"center center","background-size":"auto","background-attachment":"scroll","background-type":"","background-media":"","overlay-type":"","overlay-color":"","overlay-opacity":"","overlay-gradient":""}}},"product_brand":[],"product_cat":[39],"product_tag":[93,100,101,91,99,102,97],"class_list":{"0":"post-3745","1":"product","2":"type-product","3":"status-publish","4":"has-post-thumbnail","6":"product_cat-cuttingsaw","7":"product_tag-cnc-beam-saw","8":"product_tag-computer-beam-saw","9":"product_tag-electric-cutting-saw","10":"product_tag-wood-cutting-saw","11":"product_tag-wood-panel-cutting-machine","12":"product_tag-wood-saw","13":"product_tag-woodworking-beam-saw","14":"desktop-align-left","15":"tablet-align-left","16":"mobile-align-left","17":"ast-product-gallery-layout-horizontal-slider","18":"ast-product-gallery-with-no-image","19":"ast-product-tabs-layout-horizontal","21":"first","22":"instock","23":"shipping-taxable","24":"product-type-simple"},"uagb_featured_image_src":{"full":["https:\/\/wisecnclaser.com\/wp-content\/uploads\/2025\/05\/d7fd0b00f508266910b70f28170c15c1.jpg",1648,1080,false],"thumbnail":["https:\/\/wisecnclaser.com\/wp-content\/uploads\/2025\/05\/d7fd0b00f508266910b70f28170c15c1-150x150.jpg",150,150,true],"medium":["https:\/\/wisecnclaser.com\/wp-content\/uploads\/2025\/05\/d7fd0b00f508266910b70f28170c15c1-300x197.jpg",300,197,true],"medium_large":["https:\/\/wisecnclaser.com\/wp-content\/uploads\/2025\/05\/d7fd0b00f508266910b70f28170c15c1-768x503.jpg",768,503,true],"large":["https:\/\/wisecnclaser.com\/wp-content\/uploads\/2025\/05\/d7fd0b00f508266910b70f28170c15c1-1024x671.jpg",1024,671,true],"1536x1536":["https:\/\/wisecnclaser.com\/wp-content\/uploads\/2025\/05\/d7fd0b00f508266910b70f28170c15c1-1536x1007.jpg",1536,1007,true],"2048x2048":["https:\/\/wisecnclaser.com\/wp-content\/uploads\/2025\/05\/d7fd0b00f508266910b70f28170c15c1.jpg",1648,1080,false],"trp-custom-language-flag":["https:\/\/wisecnclaser.com\/wp-content\/uploads\/2025\/05\/d7fd0b00f508266910b70f28170c15c1-18x12.jpg",18,12,true],"woocommerce_thumbnail":["https:\/\/wisecnclaser.com\/wp-content\/uploads\/2025\/05\/d7fd0b00f508266910b70f28170c15c1-300x300.jpg",300,300,true],"woocommerce_single":["https:\/\/wisecnclaser.com\/wp-content\/uploads\/2025\/05\/d7fd0b00f508266910b70f28170c15c1-600x393.jpg",600,393,true],"woocommerce_gallery_thumbnail":["https:\/\/wisecnclaser.com\/wp-content\/uploads\/2025\/05\/d7fd0b00f508266910b70f28170c15c1-100x100.jpg",100,100,true]},"uagb_author_info":{"display_name":"jinxing6611@gmail.com","author_link":"https:\/\/wisecnclaser.com\/pt\/author\/"},"uagb_comment_info":0,"uagb_excerpt":"The equipment is controlled by an industrial computer, with a friendly human-computer dialogue interface and easy operation. If the optimization software is installed, the material list can be directly imported to optimize the material cutting. It is equipped with a fault alarm device, which automatically stops the machine when a fault occurs, and has an&hellip;","_links":{"self":[{"href":"https:\/\/wisecnclaser.com\/pt\/wp-json\/wp\/v2\/product\/3745","targetHints":{"allow":["GET"]}}],"collection":[{"href":"https:\/\/wisecnclaser.com\/pt\/wp-json\/wp\/v2\/product"}],"about":[{"href":"https:\/\/wisecnclaser.com\/pt\/wp-json\/wp\/v2\/types\/product"}],"wp:featuredmedia":[{"embeddable":true,"href":"https:\/\/wisecnclaser.com\/pt\/wp-json\/wp\/v2\/media\/3748"}],"wp:attachment":[{"href":"https:\/\/wisecnclaser.com\/pt\/wp-json\/wp\/v2\/media?parent=3745"}],"wp:term":[{"taxonomy":"product_brand","embeddable":true,"href":"https:\/\/wisecnclaser.com\/pt\/wp-json\/wp\/v2\/product_brand?post=3745"},{"taxonomy":"product_cat","embeddable":true,"href":"https:\/\/wisecnclaser.com\/pt\/wp-json\/wp\/v2\/product_cat?post=3745"},{"taxonomy":"product_tag","embeddable":true,"href":"https:\/\/wisecnclaser.com\/pt\/wp-json\/wp\/v2\/product_tag?post=3745"}],"curies":[{"name":"wp","href":"https:\/\/api.w.org\/{rel}","templated":true}]}}