{"id":3754,"date":"2025-05-23T02:44:16","date_gmt":"2025-05-23T02:44:16","guid":{"rendered":"https:\/\/wisecnclaser.com\/?post_type=product&#038;p=3754"},"modified":"2025-05-23T02:44:16","modified_gmt":"2025-05-23T02:44:16","slug":"ws1530-4-ax-atc-cnc-router-with-180-degree-rotating-spindle","status":"publish","type":"product","link":"https:\/\/wisecnclaser.com\/pt\/produto\/ws1530-4-ax-atc-cnc-router-with-180-degree-rotating-spindle\/","title":{"rendered":"Router CNC WS1530-4 Ax ATC com eixo rotativo de 180 graus"},"content":{"rendered":"<table>\n<tbody>\n<tr class=\"firstRow\">\n<td colspan=\"2\" valign=\"center\" width=\"662\"><strong>Descri\u00e7\u00e3o e especifica\u00e7\u00f5es do WS1530-4 Ax ATC CNC Router (wisecnclaser):<\/strong><\/td>\n<\/tr>\n<tr>\n<td valign=\"top\" width=\"310\">X \u00c1rea de trabalho<\/td>\n<td valign=\"top\" width=\"353\">1500mm<\/td>\n<\/tr>\n<tr>\n<td valign=\"top\" width=\"310\">Y \u00c1rea de trabalho<\/td>\n<td valign=\"top\" width=\"353\">3000mm<\/td>\n<\/tr>\n<tr>\n<td valign=\"top\" width=\"310\">Z \u00c1rea de trabalho<\/td>\n<td valign=\"top\" width=\"353\">450 mm<\/td>\n<\/tr>\n<tr>\n<td valign=\"top\" width=\"310\">Mesa da m\u00e1quina<\/td>\n<td valign=\"top\" width=\"353\">V\u00e1cuo + ranhura T<\/td>\n<\/tr>\n<tr>\n<td valign=\"top\" width=\"310\">Precis\u00e3o do posicionamento em viagem<\/td>\n<td valign=\"top\" width=\"353\">\u00b10,05mm<\/td>\n<\/tr>\n<tr>\n<td valign=\"top\" width=\"310\">Reposicionamento Precis\u00e3o do posicionamento<\/td>\n<td valign=\"top\" width=\"353\">\u00b10,05mm<\/td>\n<\/tr>\n<tr>\n<td valign=\"top\" width=\"310\">X,Y ,Z Estrutura<\/td>\n<td valign=\"top\" width=\"353\">Roda dentada XY, fuso de esferas Z. Todos os eixos utilizam guia quadrada<\/td>\n<\/tr>\n<tr>\n<td valign=\"top\" width=\"310\">M\u00e1x. Consumo de energia (sem fuso)<\/td>\n<td valign=\"top\" width=\"353\">1,84KW<\/td>\n<\/tr>\n<tr>\n<td valign=\"top\" width=\"310\">M\u00e1ximo. Velocidade de desloca\u00e7\u00e3o r\u00e1pida<\/td>\n<td valign=\"top\" width=\"353\">50000mm\/min<\/td>\n<\/tr>\n<tr>\n<td valign=\"top\" width=\"310\">Velocidade m\u00e1x. Velocidade de trabalho<\/td>\n<td valign=\"top\" width=\"353\">30000mm\/min<\/td>\n<\/tr>\n<tr>\n<td colspan=\"1\" rowspan=\"2\" valign=\"top\" width=\"310\">Fuso<\/td>\n<td valign=\"top\" width=\"353\">Eixo ATC de 9kw arrefecido a AR<\/td>\n<\/tr>\n<tr>\n<td valign=\"top\" width=\"353\">O fuso pode ondular\/girar +\/- 90 graus<\/td>\n<\/tr>\n<tr>\n<td valign=\"top\" width=\"310\">Velocidade do fuso<\/td>\n<td valign=\"top\" width=\"353\">0-18000rpm<\/td>\n<\/tr>\n<tr>\n<td valign=\"top\" width=\"310\">Motor de acionamento<\/td>\n<td valign=\"top\" width=\"353\">Taiwan Delta Servo System 850W<\/td>\n<\/tr>\n<tr>\n<td valign=\"top\" width=\"310\">Inversor de frequ\u00eancia<\/td>\n<td valign=\"top\" width=\"353\">Inversor de 11KW da marca Fuling<\/td>\n<\/tr>\n<tr>\n<td valign=\"top\" width=\"310\">Comando<\/td>\n<td valign=\"top\" width=\"353\">C\u00f3digo G*.u00*.mmg*.plt<\/td>\n<\/tr>\n<tr>\n<td valign=\"top\" width=\"310\">Tens\u00e3o de funcionamento<\/td>\n<td valign=\"top\" width=\"353\">3PH AC380V\/50Hz\/220V 1PHASE 60HZ<\/td>\n<\/tr>\n<tr>\n<td valign=\"top\" width=\"310\">Sistema de controlo<\/td>\n<td valign=\"top\" width=\"353\">Controlador LNC com roda manual<\/td>\n<\/tr>\n<tr>\n<td valign=\"top\" width=\"310\">Carril de guia<\/td>\n<td valign=\"top\" width=\"353\">Calha quadrada (marca TAIWAN)<\/td>\n<\/tr>\n<tr>\n<td valign=\"top\" width=\"310\">Arm\u00e1rio de controlo<\/td>\n<td valign=\"top\" width=\"353\">Gabinete independente<\/td>\n<\/tr>\n<tr>\n<td valign=\"top\" width=\"310\">N.W.\/G.W.<\/td>\n<td valign=\"top\" width=\"353\">1600\/1800KGS<\/td>\n<\/tr>\n<tr>\n<td valign=\"top\" width=\"310\">Tamanho da embalagem<\/td>\n<td valign=\"top\" width=\"353\">3700 X 2100X 1800MM<\/td>\n<\/tr>\n<tr>\n<td valign=\"top\" width=\"310\">Dispositivo auxiliar<\/td>\n<td valign=\"top\" width=\"353\">Bomba de v\u00e1cuo de 7,5KW<\/p>\n<p>Coletor de p\u00f3 de 3KW<\/p>\n<p>8 Ferramentas ATC lineares<\/p>\n<p>Sistema de lubrifica\u00e7\u00e3o autom\u00e1tica<\/p>\n<p>almofada de v\u00e1cuo*6 pe\u00e7as<\/td>\n<\/tr>\n<\/tbody>\n<\/table>","protected":false},"excerpt":{"rendered":"<p>Description &amp; Specifications of WS1530-4 Ax ATC CNC Router (wisecnclaser): X Working Area 1500mm Y Working Area 3000mm Z Working Area 450mm Machine table Vacuum + T slot Traveling Positioning Accuracy \u00b10.05mm Repositioning Positioning Accuracy \u00b10.05mm X,Y ,Z Structure XY gear wheel, Z ball screw. All Axis use Square Guide Max. Power Consumption(Without spindle) 1.84KW [&hellip;]<\/p>\n","protected":false},"featured_media":3757,"template":"","meta":{"_seopress_robots_primary_cat":"","_seopress_titles_title":"","_seopress_titles_desc":"","_seopress_robots_index":"","_uag_custom_page_level_css":"","site-sidebar-layout":"default","site-content-layout":"","ast-site-content-layout":"default","site-content-style":"default","site-sidebar-style":"default","ast-global-header-display":"","ast-banner-title-visibility":"","ast-main-header-display":"","ast-hfb-above-header-display":"","ast-hfb-below-header-display":"","ast-hfb-mobile-header-display":"","site-post-title":"","ast-breadcrumbs-content":"","ast-featured-img":"","footer-sml-layout":"","ast-disable-related-posts":"","theme-transparent-header-meta":"default","adv-header-id-meta":"","stick-header-meta":"default","header-above-stick-meta":"","header-main-stick-meta":"","header-below-stick-meta":"","astra-migrate-meta-layouts":"set","ast-page-background-enabled":"default","ast-page-background-meta":{"desktop":{"background-color":"","background-image":"","background-repeat":"repeat","background-position":"center center","background-size":"auto","background-attachment":"scroll","background-type":"","background-media":"","overlay-type":"","overlay-color":"","overlay-opacity":"","overlay-gradient":""},"tablet":{"background-color":"","background-image":"","background-repeat":"repeat","background-position":"center center","background-size":"auto","background-attachment":"scroll","background-type":"","background-media":"","overlay-type":"","overlay-color":"","overlay-opacity":"","overlay-gradient":""},"mobile":{"background-color":"","background-image":"","background-repeat":"repeat","background-position":"center center","background-size":"auto","background-attachment":"scroll","background-type":"","background-media":"","overlay-type":"","overlay-color":"","overlay-opacity":"","overlay-gradient":""}},"ast-content-background-meta":{"desktop":{"background-color":"var(--ast-global-color-5)","background-image":"","background-repeat":"repeat","background-position":"center center","background-size":"auto","background-attachment":"scroll","background-type":"","background-media":"","overlay-type":"","overlay-color":"","overlay-opacity":"","overlay-gradient":""},"tablet":{"background-color":"var(--ast-global-color-5)","background-image":"","background-repeat":"repeat","background-position":"center center","background-size":"auto","background-attachment":"scroll","background-type":"","background-media":"","overlay-type":"","overlay-color":"","overlay-opacity":"","overlay-gradient":""},"mobile":{"background-color":"var(--ast-global-color-5)","background-image":"","background-repeat":"repeat","background-position":"center center","background-size":"auto","background-attachment":"scroll","background-type":"","background-media":"","overlay-type":"","overlay-color":"","overlay-opacity":"","overlay-gradient":""}}},"product_brand":[],"product_cat":[34],"product_tag":[],"class_list":{"0":"post-3754","1":"product","2":"type-product","3":"status-publish","4":"has-post-thumbnail","6":"product_cat-nesting","7":"desktop-align-left","8":"tablet-align-left","9":"mobile-align-left","10":"ast-product-gallery-layout-horizontal-slider","11":"ast-product-gallery-with-no-image","12":"ast-product-tabs-layout-horizontal","14":"first","15":"instock","16":"shipping-taxable","17":"product-type-simple"},"uagb_featured_image_src":{"full":["https:\/\/wisecnclaser.com\/wp-content\/uploads\/2025\/05\/cc1e03430a7bc451cfe47d3cc51dab9f.png",1082,1076,false],"thumbnail":["https:\/\/wisecnclaser.com\/wp-content\/uploads\/2025\/05\/cc1e03430a7bc451cfe47d3cc51dab9f-150x150.png",150,150,true],"medium":["https:\/\/wisecnclaser.com\/wp-content\/uploads\/2025\/05\/cc1e03430a7bc451cfe47d3cc51dab9f-300x298.png",300,298,true],"medium_large":["https:\/\/wisecnclaser.com\/wp-content\/uploads\/2025\/05\/cc1e03430a7bc451cfe47d3cc51dab9f-768x764.png",768,764,true],"large":["https:\/\/wisecnclaser.com\/wp-content\/uploads\/2025\/05\/cc1e03430a7bc451cfe47d3cc51dab9f-1024x1018.png",1024,1018,true],"1536x1536":["https:\/\/wisecnclaser.com\/wp-content\/uploads\/2025\/05\/cc1e03430a7bc451cfe47d3cc51dab9f.png",1082,1076,false],"2048x2048":["https:\/\/wisecnclaser.com\/wp-content\/uploads\/2025\/05\/cc1e03430a7bc451cfe47d3cc51dab9f.png",1082,1076,false],"trp-custom-language-flag":["https:\/\/wisecnclaser.com\/wp-content\/uploads\/2025\/05\/cc1e03430a7bc451cfe47d3cc51dab9f-12x12.png",12,12,true],"woocommerce_thumbnail":["https:\/\/wisecnclaser.com\/wp-content\/uploads\/2025\/05\/cc1e03430a7bc451cfe47d3cc51dab9f-300x300.png",300,300,true],"woocommerce_single":["https:\/\/wisecnclaser.com\/wp-content\/uploads\/2025\/05\/cc1e03430a7bc451cfe47d3cc51dab9f-600x597.png",600,597,true],"woocommerce_gallery_thumbnail":["https:\/\/wisecnclaser.com\/wp-content\/uploads\/2025\/05\/cc1e03430a7bc451cfe47d3cc51dab9f-100x100.png",100,100,true]},"uagb_author_info":{"display_name":"jinxing6611@gmail.com","author_link":"https:\/\/wisecnclaser.com\/pt\/author\/"},"uagb_comment_info":0,"uagb_excerpt":"Description &amp; Specifications of WS1530-4 Ax ATC CNC Router (wisecnclaser): X Working Area 1500mm Y Working Area 3000mm Z Working Area 450mm Machine table Vacuum + T slot Traveling Positioning Accuracy \u00b10.05mm Repositioning Positioning Accuracy \u00b10.05mm X,Y ,Z Structure XY gear wheel, Z ball screw. All Axis use Square Guide Max. Power Consumption(Without spindle) 1.84KW&hellip;","_links":{"self":[{"href":"https:\/\/wisecnclaser.com\/pt\/wp-json\/wp\/v2\/product\/3754","targetHints":{"allow":["GET"]}}],"collection":[{"href":"https:\/\/wisecnclaser.com\/pt\/wp-json\/wp\/v2\/product"}],"about":[{"href":"https:\/\/wisecnclaser.com\/pt\/wp-json\/wp\/v2\/types\/product"}],"wp:featuredmedia":[{"embeddable":true,"href":"https:\/\/wisecnclaser.com\/pt\/wp-json\/wp\/v2\/media\/3757"}],"wp:attachment":[{"href":"https:\/\/wisecnclaser.com\/pt\/wp-json\/wp\/v2\/media?parent=3754"}],"wp:term":[{"taxonomy":"product_brand","embeddable":true,"href":"https:\/\/wisecnclaser.com\/pt\/wp-json\/wp\/v2\/product_brand?post=3754"},{"taxonomy":"product_cat","embeddable":true,"href":"https:\/\/wisecnclaser.com\/pt\/wp-json\/wp\/v2\/product_cat?post=3754"},{"taxonomy":"product_tag","embeddable":true,"href":"https:\/\/wisecnclaser.com\/pt\/wp-json\/wp\/v2\/product_tag?post=3754"}],"curies":[{"name":"wp","href":"https:\/\/api.w.org\/{rel}","templated":true}]}}