{"id":3759,"date":"2025-05-23T02:45:14","date_gmt":"2025-05-23T02:45:14","guid":{"rendered":"https:\/\/wisecnclaser.com\/?post_type=product&#038;p=3759"},"modified":"2025-06-23T07:03:32","modified_gmt":"2025-06-23T07:03:32","slug":"economic-linear-atc-cnc-router","status":"publish","type":"product","link":"https:\/\/wisecnclaser.com\/pt\/produto\/economic-linear-atc-cnc-router\/","title":{"rendered":"Trocador de ferramentas autom\u00e1tico linear econ\u00f3mico CNC Router"},"content":{"rendered":"<h2>Revolucione a sua fresagem CNC<\/h2>\n<p>Apresentamos o Trocador Autom\u00e1tico de Ferramentas Linear Econ\u00f3mico para Router CNC - uma solu\u00e7\u00e3o de vanguarda concebida para otimizar os seus processos de fresagem. Com as suas capacidades avan\u00e7adas de automatiza\u00e7\u00e3o, este trocador de ferramentas aumenta a efici\u00eancia e a precis\u00e3o em v\u00e1rias aplica\u00e7\u00f5es, tornando-o numa escolha ideal tanto para amadores como para profissionais.<\/p>\n<h2>Efici\u00eancia e precis\u00e3o inigual\u00e1veis<\/h2>\n<p>O Trocador Autom\u00e1tico de Ferramentas Linear Econ\u00f3mico reduz o tempo de inatividade com as suas trocas r\u00e1pidas de ferramentas, permitindo-lhe realizar v\u00e1rias tarefas sem interven\u00e7\u00e3o manual constante. Esta carater\u00edstica n\u00e3o s\u00f3 poupa tempo como tamb\u00e9m minimiza o risco de erro, assegurando que cada corte \u00e9 preciso. Concebida com materiais de alta qualidade, a nossa fresadora CNC promete durabilidade e fiabilidade, pronta para lidar com as exig\u00eancias de qualquer projeto.<\/p>\n<h2>Design flex\u00edvel e interface de f\u00e1cil utiliza\u00e7\u00e3o<\/h2>\n<p>A nossa fresadora CNC foi concebida com a versatilidade em mente. Oferece compatibilidade com uma variedade de tipos de ferramentas, permitindo transi\u00e7\u00f5es perfeitas entre diferentes tarefas de corte e fresagem. A interface de f\u00e1cil utiliza\u00e7\u00e3o torna-a f\u00e1cil de programar e operar, mesmo para os principiantes em fresagem CNC. Al\u00e9m disso, o design compacto garante que se adapta confortavelmente a qualquer espa\u00e7o de trabalho, maximizando a sua \u00e1rea de produ\u00e7\u00e3o sem sacrificar o desempenho.<\/p>\n<p>Quer esteja a trabalhar em designs complexos, projectos personalizados ou produ\u00e7\u00e3o em larga escala, a Tupia CNC com Troca Autom\u00e1tica de Ferramentas Linear Econ\u00f3mica \u00e9 a sua solu\u00e7\u00e3o. Experimente hoje um novo n\u00edvel de efici\u00eancia e criatividade nos seus processos de maquina\u00e7\u00e3o!<\/p>\n<table>\n<tbody>\n<tr>\n<td colspan=\"2\" width=\"1343\"><strong><b>Carater\u00edsticas: <\/b><\/strong><\/p>\n<p>1. todo o corpo da m\u00e1quina \u00e9 feito de a\u00e7o sem costura soldadura tratamento de envelhecimento de t\u00eampera, r\u00edgida, sem deforma\u00e7\u00e3o.<\/p>\n<p>2. servo motor, alta precis\u00e3o e alta velocidade.<\/p>\n<p>3. Taiwan 25 guia de carril quadrado, funcionamento suave, alta precis\u00e3o mais est\u00e1vel, longa vida \u00fatil.<\/p>\n<p>4. Eixo ATC de refrigera\u00e7\u00e3o a ar de 9KW, longa vida \u00fatil, velocidade at\u00e9 24000 r \/ min, superf\u00edcie lisa esculpida.<\/p>\n<p>5. Grande equipado com um arm\u00e1rio separado,<\/p>\n<p>6. 8 ferramentas ATC lineares, acionamento servo<\/p>\n<p>7. Utilizado para corte de madeira, grava\u00e7\u00e3o, fresagem, corte de furos, aplicado em mobili\u00e1rio de painel, arm\u00e1rio revestido e fabrico avan\u00e7ado de portas de arm\u00e1rio<\/p>\n<p>&nbsp;<\/p>\n<p>Aplica\u00e7\u00e3o de router CNC ATC para trabalhar madeira:<\/p>\n<p>Adequado para carpintaria, portas de madeira, mobili\u00e1rio, arm\u00e1rios, moldes, etc.<\/td>\n<\/tr>\n<tr>\n<td width=\"414\">X \u00c1REA DE TRABALHO<\/td>\n<td width=\"929\">1300mm<\/td>\n<\/tr>\n<tr>\n<td width=\"414\">Y \u00c1REA DE TRABALHO<\/td>\n<td width=\"929\">2500 mm<\/td>\n<\/tr>\n<tr>\n<td width=\"414\">Z ZONA DE TRABALHO<\/td>\n<td width=\"929\">200 mm<\/td>\n<\/tr>\n<tr>\n<td width=\"414\">TABELA DE M\u00c1QUINAS<\/td>\n<td width=\"929\">Mesa de adsor\u00e7\u00e3o por v\u00e1cuo<\/td>\n<\/tr>\n<tr>\n<td width=\"414\">C\u00d3DIGO DE COMANDO<\/td>\n<td width=\"929\">C\u00f3digo G<\/td>\n<\/tr>\n<tr>\n<td width=\"414\">ESTRUTURA DO EIXO XYZ<\/td>\n<td width=\"929\">Trilho de rack X \/ Y Taiwan \uff0c torna o trabalho da m\u00e1quina mais est\u00e1vel; Trilho de parafuso Z<\/td>\n<\/tr>\n<tr>\n<td width=\"414\">POT\u00caNCIA DO COLECTOR DE P\u00d3<\/td>\n<td width=\"929\">Sacos duplos de 3KW<\/td>\n<\/tr>\n<tr>\n<td width=\"414\">PODER<\/td>\n<td width=\"929\">AC380V 3 FASE \/ 50Hz<\/td>\n<\/tr>\n<tr>\n<td width=\"414\">EIXO<\/td>\n<td width=\"929\">Eixo ATC de 9kw com refrigera\u00e7\u00e3o a ar, marca chinesa<\/td>\n<\/tr>\n<tr>\n<td width=\"414\">POT\u00caNCIA TOTAL DE TRABALHO<\/td>\n<td width=\"929\">26KW<\/td>\n<\/tr>\n<tr>\n<td width=\"414\">VELOCIDADE DE ROTA\u00c7\u00c3O DO FUSO<\/td>\n<td width=\"929\">18000rpm \/ min<\/td>\n<\/tr>\n<tr>\n<td width=\"414\">INVERSOR<\/td>\n<td width=\"929\">Inversor de 11KW<\/td>\n<\/tr>\n<tr>\n<td width=\"414\">MOTOR DE ACCIONAMENTO<\/td>\n<td width=\"929\">Servomotor h\u00edbrido chin\u00eas<\/td>\n<\/tr>\n<tr>\n<td width=\"414\">SISTEMA OPERATIVO<\/td>\n<td width=\"929\">Controlador NK105 G3<\/td>\n<\/tr>\n<tr>\n<td width=\"414\">POT\u00caNCIA DA BOMBA DE V\u00c1CUO<\/td>\n<td width=\"929\">Bomba de v\u00e1cuo de tipo \u00e1gua de 7,5KW<\/td>\n<\/tr>\n<tr>\n<td width=\"414\">CARRIS LINEARES<\/td>\n<td width=\"929\">Carril quadrado da marca Taiwan, mais est\u00e1vel<\/td>\n<\/tr>\n<tr>\n<td width=\"414\">REDUTOR<\/td>\n<td width=\"929\">Marca japonesa shimpoo<\/td>\n<\/tr>\n<tr>\n<td width=\"414\">PARAFUSO DE ESFERA<\/td>\n<td width=\"929\">Marca de Taiwan<\/td>\n<\/tr>\n<tr>\n<td width=\"414\">PESO<\/td>\n<td width=\"929\">2000KGS<\/td>\n<\/tr>\n<tr>\n<td width=\"414\">OUTRAS PE\u00c7AS AUXILIARES<\/td>\n<td width=\"929\">3+4 pinos de abertura\/posi\u00e7\u00e3o do cilindro,<\/p>\n<p>Sistema de lubrifica\u00e7\u00e3o autom\u00e1tica<\/p>\n<p>Sensor de ferramentas<\/p>\n<p>Software<\/p>\n<p>Caixa de ferramentas 1<\/p>\n<p>Mandril para ferramentas 8 pe\u00e7as<\/p>\n<p>Recolher 8 pe\u00e7as<\/p>\n<p>Chaves 4<\/td>\n<\/tr>\n<\/tbody>\n<\/table>","protected":false},"excerpt":{"rendered":"<p>Revolutionize Your CNC Routing Introducing the Economic Linear Automatic Tool Changer CNC Router \u2013 a cutting-edge solution designed to streamline your routing processes. With its advanced automation capabilities, this tool changer enhances efficiency and precision in various applications, making it an ideal choice for both hobbyists and professionals alike. Unmatched Efficiency and Precision The Economic [&hellip;]<\/p>\n","protected":false},"featured_media":3762,"template":"","meta":{"_seopress_robots_primary_cat":"none","_seopress_titles_title":"","_seopress_titles_desc":"","_seopress_robots_index":"","_uag_custom_page_level_css":"","site-sidebar-layout":"default","site-content-layout":"","ast-site-content-layout":"default","site-content-style":"default","site-sidebar-style":"default","ast-global-header-display":"","ast-banner-title-visibility":"","ast-main-header-display":"","ast-hfb-above-header-display":"","ast-hfb-below-header-display":"","ast-hfb-mobile-header-display":"","site-post-title":"","ast-breadcrumbs-content":"","ast-featured-img":"","footer-sml-layout":"","ast-disable-related-posts":"","theme-transparent-header-meta":"default","adv-header-id-meta":"","stick-header-meta":"default","header-above-stick-meta":"","header-main-stick-meta":"","header-below-stick-meta":"","astra-migrate-meta-layouts":"set","ast-page-background-enabled":"default","ast-page-background-meta":{"desktop":{"background-color":"","background-image":"","background-repeat":"repeat","background-position":"center center","background-size":"auto","background-attachment":"scroll","background-type":"","background-media":"","overlay-type":"","overlay-color":"","overlay-opacity":"","overlay-gradient":""},"tablet":{"background-color":"","background-image":"","background-repeat":"repeat","background-position":"center center","background-size":"auto","background-attachment":"scroll","background-type":"","background-media":"","overlay-type":"","overlay-color":"","overlay-opacity":"","overlay-gradient":""},"mobile":{"background-color":"","background-image":"","background-repeat":"repeat","background-position":"center center","background-size":"auto","background-attachment":"scroll","background-type":"","background-media":"","overlay-type":"","overlay-color":"","overlay-opacity":"","overlay-gradient":""}},"ast-content-background-meta":{"desktop":{"background-color":"var(--ast-global-color-5)","background-image":"","background-repeat":"repeat","background-position":"center center","background-size":"auto","background-attachment":"scroll","background-type":"","background-media":"","overlay-type":"","overlay-color":"","overlay-opacity":"","overlay-gradient":""},"tablet":{"background-color":"var(--ast-global-color-5)","background-image":"","background-repeat":"repeat","background-position":"center center","background-size":"auto","background-attachment":"scroll","background-type":"","background-media":"","overlay-type":"","overlay-color":"","overlay-opacity":"","overlay-gradient":""},"mobile":{"background-color":"var(--ast-global-color-5)","background-image":"","background-repeat":"repeat","background-position":"center center","background-size":"auto","background-attachment":"scroll","background-type":"","background-media":"","overlay-type":"","overlay-color":"","overlay-opacity":"","overlay-gradient":""}}},"product_brand":[],"product_cat":[34],"product_tag":[],"class_list":{"0":"post-3759","1":"product","2":"type-product","3":"status-publish","4":"has-post-thumbnail","6":"product_cat-nesting","7":"desktop-align-left","8":"tablet-align-left","9":"mobile-align-left","10":"ast-product-gallery-layout-horizontal-slider","11":"ast-product-gallery-with-no-image","12":"ast-product-tabs-layout-horizontal","14":"first","15":"instock","16":"featured","17":"shipping-taxable","18":"product-type-simple"},"uagb_featured_image_src":{"full":["https:\/\/wisecnclaser.com\/wp-content\/uploads\/2025\/05\/8d23397dcfe1e2b053ea7e237579653c.png",1084,1080,false],"thumbnail":["https:\/\/wisecnclaser.com\/wp-content\/uploads\/2025\/05\/8d23397dcfe1e2b053ea7e237579653c-150x150.png",150,150,true],"medium":["https:\/\/wisecnclaser.com\/wp-content\/uploads\/2025\/05\/8d23397dcfe1e2b053ea7e237579653c-300x300.png",300,300,true],"medium_large":["https:\/\/wisecnclaser.com\/wp-content\/uploads\/2025\/05\/8d23397dcfe1e2b053ea7e237579653c-768x765.png",768,765,true],"large":["https:\/\/wisecnclaser.com\/wp-content\/uploads\/2025\/05\/8d23397dcfe1e2b053ea7e237579653c-1024x1020.png",1024,1020,true],"1536x1536":["https:\/\/wisecnclaser.com\/wp-content\/uploads\/2025\/05\/8d23397dcfe1e2b053ea7e237579653c.png",1084,1080,false],"2048x2048":["https:\/\/wisecnclaser.com\/wp-content\/uploads\/2025\/05\/8d23397dcfe1e2b053ea7e237579653c.png",1084,1080,false],"trp-custom-language-flag":["https:\/\/wisecnclaser.com\/wp-content\/uploads\/2025\/05\/8d23397dcfe1e2b053ea7e237579653c-12x12.png",12,12,true],"woocommerce_thumbnail":["https:\/\/wisecnclaser.com\/wp-content\/uploads\/2025\/05\/8d23397dcfe1e2b053ea7e237579653c-300x300.png",300,300,true],"woocommerce_single":["https:\/\/wisecnclaser.com\/wp-content\/uploads\/2025\/05\/8d23397dcfe1e2b053ea7e237579653c-600x598.png",600,598,true],"woocommerce_gallery_thumbnail":["https:\/\/wisecnclaser.com\/wp-content\/uploads\/2025\/05\/8d23397dcfe1e2b053ea7e237579653c-100x100.png",100,100,true]},"uagb_author_info":{"display_name":"jinxing6611@gmail.com","author_link":"https:\/\/wisecnclaser.com\/pt\/author\/"},"uagb_comment_info":0,"uagb_excerpt":"Revolutionize Your CNC Routing Introducing the Economic Linear Automatic Tool Changer CNC Router \u2013 a cutting-edge solution designed to streamline your routing processes. With its advanced automation capabilities, this tool changer enhances efficiency and precision in various applications, making it an ideal choice for both hobbyists and professionals alike. Unmatched Efficiency and Precision The Economic&hellip;","_links":{"self":[{"href":"https:\/\/wisecnclaser.com\/pt\/wp-json\/wp\/v2\/product\/3759","targetHints":{"allow":["GET"]}}],"collection":[{"href":"https:\/\/wisecnclaser.com\/pt\/wp-json\/wp\/v2\/product"}],"about":[{"href":"https:\/\/wisecnclaser.com\/pt\/wp-json\/wp\/v2\/types\/product"}],"wp:featuredmedia":[{"embeddable":true,"href":"https:\/\/wisecnclaser.com\/pt\/wp-json\/wp\/v2\/media\/3762"}],"wp:attachment":[{"href":"https:\/\/wisecnclaser.com\/pt\/wp-json\/wp\/v2\/media?parent=3759"}],"wp:term":[{"taxonomy":"product_brand","embeddable":true,"href":"https:\/\/wisecnclaser.com\/pt\/wp-json\/wp\/v2\/product_brand?post=3759"},{"taxonomy":"product_cat","embeddable":true,"href":"https:\/\/wisecnclaser.com\/pt\/wp-json\/wp\/v2\/product_cat?post=3759"},{"taxonomy":"product_tag","embeddable":true,"href":"https:\/\/wisecnclaser.com\/pt\/wp-json\/wp\/v2\/product_tag?post=3759"}],"curies":[{"name":"wp","href":"https:\/\/api.w.org\/{rel}","templated":true}]}}