{"id":3763,"date":"2025-05-23T02:46:17","date_gmt":"2025-05-23T02:46:17","guid":{"rendered":"https:\/\/wisecnclaser.com\/?post_type=product&#038;p=3763"},"modified":"2025-07-07T07:00:23","modified_gmt":"2025-07-07T07:00:23","slug":"linear-atc-woodworking-cnc-router","status":"publish","type":"product","link":"https:\/\/wisecnclaser.com\/pt\/produto\/linear-atc-woodworking-cnc-router\/","title":{"rendered":"Tupia CNC linear ATC para trabalhar madeira"},"content":{"rendered":"<table>\n<tbody>\n<tr class=\"firstRow\">\n<td colspan=\"2\" valign=\"center\" width=\"672\"><strong>Carater\u00edsticas:<\/strong><\/p>\n<p>1. todo o corpo da m\u00e1quina \u00e9 feito de a\u00e7o 8MM sem costura soldadura tratamento de envelhecimento de t\u00eampera, r\u00edgida, sem deforma\u00e7\u00e3o.<\/p>\n<p>2. servo motor, alta precis\u00e3o e alta velocidade.<\/p>\n<p>3. Guia de carril quadrada de Taiwan, funcionamento suave, alta precis\u00e3o mais est\u00e1vel, longa vida \u00fatil.<\/p>\n<p>4. Eixo ATC de refrigera\u00e7\u00e3o a ar de 9KW, longa vida \u00fatil, velocidade at\u00e9 18000 r \/ min, superf\u00edcie lisa esculpida.<\/p>\n<p>5. Grande equipado com um arm\u00e1rio separado, opera\u00e7\u00e3o de ecr\u00e3 t\u00e1til, simples e conveniente, f\u00e1cil de aprender.<\/p>\n<p>6. O sistema de v\u00e1cuo pode ser aspirado no processo de processamento de aparas de madeira e detritos, para manter a mesa limpa e a manuten\u00e7\u00e3o indireta do equipamento.<\/p>\n<p>7.8 Ferramentas lineares ATC<\/p>\n<p>8. Utilizado para corte de madeira, grava\u00e7\u00e3o, fresagem, corte de furos, aplicado em mobili\u00e1rio de painel, arm\u00e1rio revestido e fabrico avan\u00e7ado de portas de arm\u00e1rio<\/p>\n<p>&nbsp;<\/p>\n<p>Aplica\u00e7\u00e3o:<\/p>\n<p>Adequado para carpintaria, portas de madeira, mobili\u00e1rio, arm\u00e1rios, moldes, etc.<\/td>\n<\/tr>\n<tr>\n<td valign=\"top\" width=\"207\">X \u00c1REA DE TRABALHO<\/td>\n<td valign=\"top\" width=\"465\">1300mm 1500MM<\/td>\n<\/tr>\n<tr>\n<td valign=\"top\" width=\"207\">Y \u00c1REA DE TRABALHO<\/td>\n<td valign=\"top\" width=\"465\">2500mm 3000MM<\/td>\n<\/tr>\n<tr>\n<td valign=\"top\" width=\"207\">Z ZONA DE TRABALHO<\/td>\n<td valign=\"top\" width=\"465\">200 mm<\/td>\n<\/tr>\n<tr>\n<td valign=\"top\" width=\"207\">TABELA DE M\u00c1QUINAS<\/td>\n<td valign=\"top\" width=\"465\">Mesa de adsor\u00e7\u00e3o a v\u00e1cuo - mesa de v\u00e1cuo de camada dupla com cruz, melhor efeito de suc\u00e7\u00e3o do que a mesa de v\u00e1cuo normal<\/td>\n<\/tr>\n<tr>\n<td valign=\"top\" width=\"207\">C\u00d3DIGO DE COMANDO<\/td>\n<td valign=\"top\" width=\"465\">C\u00f3digo G<\/td>\n<\/tr>\n<tr>\n<td valign=\"top\" width=\"207\">ESTRUTURA DO EIXO XYZ<\/td>\n<td valign=\"top\" width=\"465\">Trilho de rack X \/ Y Taiwan \uff0c torna o trabalho da m\u00e1quina mais est\u00e1vel; Trilho de parafuso Z<\/td>\n<\/tr>\n<tr>\n<td valign=\"top\" width=\"207\">POT\u00caNCIA DO COLECTOR DE P\u00d3<\/td>\n<td valign=\"top\" width=\"465\">3 sacos duplos<\/td>\n<\/tr>\n<tr>\n<td valign=\"top\" width=\"207\">PODER<\/td>\n<td valign=\"top\" width=\"465\">AC220V 1PHASE \/ 50Hz<\/td>\n<\/tr>\n<tr>\n<td valign=\"top\" width=\"207\">EIXO<\/td>\n<td valign=\"top\" width=\"465\">Eixo ATC de 9kw com refrigera\u00e7\u00e3o a ar<\/td>\n<\/tr>\n<tr>\n<td valign=\"top\" width=\"207\">POT\u00caNCIA TOTAL DE TRABALHO<\/td>\n<td valign=\"top\" width=\"465\">26KW<\/td>\n<\/tr>\n<tr>\n<td valign=\"top\" width=\"207\">VELOCIDADE DE ROTA\u00c7\u00c3O DO FUSO<\/td>\n<td valign=\"top\" width=\"465\">18000rpm \/ min<\/td>\n<\/tr>\n<tr>\n<td valign=\"top\" width=\"207\">INVERSOR<\/td>\n<td valign=\"top\" width=\"465\">Inversor de 11KW<\/td>\n<\/tr>\n<tr>\n<td valign=\"top\" width=\"207\">MOTOR DE ACCIONAMENTO<\/td>\n<td valign=\"top\" width=\"465\">Servo motor chin\u00eas<\/td>\n<\/tr>\n<tr>\n<td valign=\"top\" width=\"207\">SISTEMA OPERATIVO<\/td>\n<td valign=\"top\" width=\"465\">Sistema de controlo do ecr\u00e3 t\u00e1til LNC de Taiwan<\/td>\n<\/tr>\n<tr>\n<td valign=\"top\" width=\"207\">POT\u00caNCIA DA BOMBA DE V\u00c1CUO<\/td>\n<td valign=\"top\" width=\"465\">Bomba de v\u00e1cuo de ar de 2,2KW *2 pe\u00e7as 220v monof\u00e1sico 60hz<\/td>\n<\/tr>\n<tr>\n<td valign=\"center\" width=\"207\">CARRIS LINEARES<\/td>\n<td valign=\"top\" width=\"465\">Calha quadrada de Taiwan, mais est\u00e1vel<\/td>\n<\/tr>\n<tr>\n<td valign=\"center\" width=\"207\">REDUTOR<\/td>\n<td valign=\"top\" width=\"465\">Marca japonesa shimpoo<\/td>\n<\/tr>\n<tr>\n<td valign=\"center\" width=\"207\">PARAFUSO DE ESFERA<\/td>\n<td valign=\"top\" width=\"465\">Taiwan TBI<\/td>\n<\/tr>\n<tr>\n<td valign=\"center\" width=\"207\">PESO<\/td>\n<td valign=\"top\" width=\"465\">2900KGS<\/td>\n<\/tr>\n<tr>\n<td valign=\"center\" width=\"207\">OUTRAS PE\u00c7AS AUXILIARES<\/td>\n<td valign=\"top\" width=\"465\">pinos de abertura\/posi\u00e7\u00e3o do cilindro,<\/p>\n<p>Sistema de lubrifica\u00e7\u00e3o autom\u00e1tica<\/p>\n<p>Sensor de ferramentas<\/p>\n<p>Software<\/p>\n<p>Caixa de ferramentas 1<\/p>\n<p>Mandril para ferramentas 8 pe\u00e7as<\/p>\n<p>Recolher 8 pe\u00e7as<\/p>\n<p>Chaves 4<\/td>\n<\/tr>\n<\/tbody>\n<\/table>","protected":false},"excerpt":{"rendered":"<p>Features: 1.The whole machine body is made from 8MM steel seamless welding tempering aging treatment, rigid, no deformation. 2.Servo motor, high precision and high speed. 3. Taiwan square rail guide, smooth operation,\u00a0more\u00a0stable high precision, long life. 4.\u00a09KW air cooling\u00a0ATC spindle, long power life, speed up to\u00a018000 r \/ min, carved smooth surface. 5. Large equipped [&hellip;]<\/p>\n","protected":false},"featured_media":3766,"template":"","meta":{"_seopress_robots_primary_cat":"none","_seopress_titles_title":"","_seopress_titles_desc":"","_seopress_robots_index":"","_uag_custom_page_level_css":"","site-sidebar-layout":"default","site-content-layout":"","ast-site-content-layout":"default","site-content-style":"default","site-sidebar-style":"default","ast-global-header-display":"","ast-banner-title-visibility":"","ast-main-header-display":"","ast-hfb-above-header-display":"","ast-hfb-below-header-display":"","ast-hfb-mobile-header-display":"","site-post-title":"","ast-breadcrumbs-content":"","ast-featured-img":"","footer-sml-layout":"","ast-disable-related-posts":"","theme-transparent-header-meta":"default","adv-header-id-meta":"","stick-header-meta":"default","header-above-stick-meta":"","header-main-stick-meta":"","header-below-stick-meta":"","astra-migrate-meta-layouts":"set","ast-page-background-enabled":"default","ast-page-background-meta":{"desktop":{"background-color":"","background-image":"","background-repeat":"repeat","background-position":"center center","background-size":"auto","background-attachment":"scroll","background-type":"","background-media":"","overlay-type":"","overlay-color":"","overlay-opacity":"","overlay-gradient":""},"tablet":{"background-color":"","background-image":"","background-repeat":"repeat","background-position":"center center","background-size":"auto","background-attachment":"scroll","background-type":"","background-media":"","overlay-type":"","overlay-color":"","overlay-opacity":"","overlay-gradient":""},"mobile":{"background-color":"","background-image":"","background-repeat":"repeat","background-position":"center center","background-size":"auto","background-attachment":"scroll","background-type":"","background-media":"","overlay-type":"","overlay-color":"","overlay-opacity":"","overlay-gradient":""}},"ast-content-background-meta":{"desktop":{"background-color":"var(--ast-global-color-5)","background-image":"","background-repeat":"repeat","background-position":"center center","background-size":"auto","background-attachment":"scroll","background-type":"","background-media":"","overlay-type":"","overlay-color":"","overlay-opacity":"","overlay-gradient":""},"tablet":{"background-color":"var(--ast-global-color-5)","background-image":"","background-repeat":"repeat","background-position":"center center","background-size":"auto","background-attachment":"scroll","background-type":"","background-media":"","overlay-type":"","overlay-color":"","overlay-opacity":"","overlay-gradient":""},"mobile":{"background-color":"var(--ast-global-color-5)","background-image":"","background-repeat":"repeat","background-position":"center center","background-size":"auto","background-attachment":"scroll","background-type":"","background-media":"","overlay-type":"","overlay-color":"","overlay-opacity":"","overlay-gradient":""}}},"product_brand":[],"product_cat":[34],"product_tag":[84,72,85,73,83],"class_list":{"0":"post-3763","1":"product","2":"type-product","3":"status-publish","4":"has-post-thumbnail","6":"product_cat-nesting","7":"product_tag-3-axis-atc-cnc-router","8":"product_tag-48-atc-cnc-router","9":"product_tag-high-quality-atc-wood-router","10":"product_tag-linear-atc-cnc-router","11":"product_tag-woodworking-atc-cnc-router","12":"desktop-align-left","13":"tablet-align-left","14":"mobile-align-left","15":"ast-product-gallery-layout-horizontal-slider","16":"ast-product-gallery-with-no-image","17":"ast-product-tabs-layout-horizontal","19":"first","20":"instock","21":"shipping-taxable","22":"product-type-simple"},"uagb_featured_image_src":{"full":["https:\/\/wisecnclaser.com\/wp-content\/uploads\/2025\/05\/05253cedd86ab52701d4ff6a6fa46c26.png",1078,1076,false],"thumbnail":["https:\/\/wisecnclaser.com\/wp-content\/uploads\/2025\/05\/05253cedd86ab52701d4ff6a6fa46c26-150x150.png",150,150,true],"medium":["https:\/\/wisecnclaser.com\/wp-content\/uploads\/2025\/05\/05253cedd86ab52701d4ff6a6fa46c26-300x300.png",300,300,true],"medium_large":["https:\/\/wisecnclaser.com\/wp-content\/uploads\/2025\/05\/05253cedd86ab52701d4ff6a6fa46c26-768x767.png",768,767,true],"large":["https:\/\/wisecnclaser.com\/wp-content\/uploads\/2025\/05\/05253cedd86ab52701d4ff6a6fa46c26-1024x1022.png",1024,1022,true],"1536x1536":["https:\/\/wisecnclaser.com\/wp-content\/uploads\/2025\/05\/05253cedd86ab52701d4ff6a6fa46c26.png",1078,1076,false],"2048x2048":["https:\/\/wisecnclaser.com\/wp-content\/uploads\/2025\/05\/05253cedd86ab52701d4ff6a6fa46c26.png",1078,1076,false],"trp-custom-language-flag":["https:\/\/wisecnclaser.com\/wp-content\/uploads\/2025\/05\/05253cedd86ab52701d4ff6a6fa46c26-12x12.png",12,12,true],"woocommerce_thumbnail":["https:\/\/wisecnclaser.com\/wp-content\/uploads\/2025\/05\/05253cedd86ab52701d4ff6a6fa46c26-300x300.png",300,300,true],"woocommerce_single":["https:\/\/wisecnclaser.com\/wp-content\/uploads\/2025\/05\/05253cedd86ab52701d4ff6a6fa46c26-600x599.png",600,599,true],"woocommerce_gallery_thumbnail":["https:\/\/wisecnclaser.com\/wp-content\/uploads\/2025\/05\/05253cedd86ab52701d4ff6a6fa46c26-100x100.png",100,100,true]},"uagb_author_info":{"display_name":"jinxing6611@gmail.com","author_link":"https:\/\/wisecnclaser.com\/pt\/author\/"},"uagb_comment_info":0,"uagb_excerpt":"Features: 1.The whole machine body is made from 8MM steel seamless welding tempering aging treatment, rigid, no deformation. 2.Servo motor, high precision and high speed. 3. Taiwan square rail guide, smooth operation,\u00a0more\u00a0stable high precision, long life. 4.\u00a09KW air cooling\u00a0ATC spindle, long power life, speed up to\u00a018000 r \/ min, carved smooth surface. 5. Large equipped&hellip;","_links":{"self":[{"href":"https:\/\/wisecnclaser.com\/pt\/wp-json\/wp\/v2\/product\/3763","targetHints":{"allow":["GET"]}}],"collection":[{"href":"https:\/\/wisecnclaser.com\/pt\/wp-json\/wp\/v2\/product"}],"about":[{"href":"https:\/\/wisecnclaser.com\/pt\/wp-json\/wp\/v2\/types\/product"}],"wp:featuredmedia":[{"embeddable":true,"href":"https:\/\/wisecnclaser.com\/pt\/wp-json\/wp\/v2\/media\/3766"}],"wp:attachment":[{"href":"https:\/\/wisecnclaser.com\/pt\/wp-json\/wp\/v2\/media?parent=3763"}],"wp:term":[{"taxonomy":"product_brand","embeddable":true,"href":"https:\/\/wisecnclaser.com\/pt\/wp-json\/wp\/v2\/product_brand?post=3763"},{"taxonomy":"product_cat","embeddable":true,"href":"https:\/\/wisecnclaser.com\/pt\/wp-json\/wp\/v2\/product_cat?post=3763"},{"taxonomy":"product_tag","embeddable":true,"href":"https:\/\/wisecnclaser.com\/pt\/wp-json\/wp\/v2\/product_tag?post=3763"}],"curies":[{"name":"wp","href":"https:\/\/api.w.org\/{rel}","templated":true}]}}