{"id":4051,"date":"2025-06-25T02:02:27","date_gmt":"2025-06-25T02:02:27","guid":{"rendered":"https:\/\/wisecnclaser.com\/?post_type=product&#038;p=4051"},"modified":"2025-06-25T02:02:27","modified_gmt":"2025-06-25T02:02:27","slug":"high-precision-atc-cnc-router-for-complex-designs","status":"publish","type":"product","link":"https:\/\/wisecnclaser.com\/pt\/produto\/high-precision-atc-cnc-router-for-complex-designs\/","title":{"rendered":"Tupia CNC ATC de alta precis\u00e3o para desenhos complexos"},"content":{"rendered":"<p><strong>Desbloqueie uma capacidade inigual\u00e1vel para trabalhos complexos em madeira e fabrico industrial<\/strong><\/p>\n<p>Conhe\u00e7a a pr\u00f3xima gera\u00e7\u00e3o de Router CNC ATC concebida para a perfei\u00e7\u00e3o em projectos 3D complexos. O nosso sistema de n\u00edvel industrial combina a precis\u00e3o ao n\u00edvel do m\u00edcron com a tecnologia de troca de ferramentas automatizada; proporcionando resultados perfeitos em madeira, comp\u00f3sitos e metais.<\/p>\n<p>&nbsp;<\/p>\n<p><strong>Principais vantagens:<\/strong><\/p>\n<p>Verdadeira pot\u00eancia de fabrico: Sendo uma fresadora CNC ATC dedicada ao fabrico, processa alum\u00ednio, pl\u00e1sticos e comp\u00f3sitos a velocidades de produ\u00e7\u00e3o (repetibilidade de 0,01 mm)<\/p>\n<p>Engenharia de precis\u00e3o para trabalhos em madeira: A mais recente fresadora CNC ATC para trabalhos em madeira para esculturas complexas, marcenaria e elementos arquitect\u00f3nicos com uma precis\u00e3o de fuso de 24K RPM<\/p>\n<p>Dom\u00ednio de projectos complexos: Executa projectos em v\u00e1rias fases sem supervis\u00e3o com mudan\u00e7as autom\u00e1ticas de ferramentas (mais de 12 ferramentas); ideal para moldes, prot\u00f3tipos e geometrias art\u00edsticas<\/p>\n<p>Desempenho sem compromissos: Estrutura de a\u00e7o resistente; preparado para 5 eixos; calibra\u00e7\u00e3o de ferramentas integrada;<\/p>\n<p>70% Produ\u00e7\u00e3o mais r\u00e1pida: Elimina a troca manual de ferramentas e executa opera\u00e7\u00f5es sem luz<\/p>\n<p>&nbsp;<\/p>\n<p><strong>Especifica\u00e7\u00f5es l\u00edderes do sector:<\/strong><\/p>\n<p>+\/-0,01mm Precis\u00e3o de posicionamento<\/p>\n<p>Trocador Autom\u00e1tico de Ferramentas (ATC) de 12 esta\u00e7\u00f5es<\/p>\n<p>Eixo HSD de 9kW (24.000 RPM) ou eixo HQD<\/p>\n<p>Mesa de v\u00e1cuo r\u00edgida + Controlo avan\u00e7ado de poeiras<\/p>\n<p>1300x2500mm \u00c1rea de trabalho padr\u00e3o<\/p>\n<p>&nbsp;<\/p>\n<p><strong>Ideal para:<\/strong><\/p>\n<p>- Marceneiros e fabricantes de m\u00f3veis topo de gama (carpintaria ATC CNC router)<\/p>\n<p>- Produ\u00e7\u00e3o de componentes para o sector aeroespacial\/autom\u00f3vel (fabrico de fresas CNC ATC)<\/p>\n<p>- Est\u00fadios de sinaliza\u00e7\u00e3o | Laborat\u00f3rios de prototipagem | Fabricantes de metal personalizados<\/p>\n<p>&nbsp;<\/p>\n<p><strong>Par\u00e2metro t\u00e9cnico do 4*8 ATC CNC Router:<\/strong><\/p>\n<table>\n<tbody>\n<tr>\n<td width=\"414\">X Y Z ZONA DE TRABALHO<\/td>\n<td width=\"941\">1300mm*2500mm*200mm<\/td>\n<\/tr>\n<tr>\n<td width=\"414\">ESTRUTURA DA BANCADA<\/td>\n<td width=\"941\">Mesa de adsor\u00e7\u00e3o por v\u00e1cuo<\/td>\n<\/tr>\n<tr>\n<td width=\"414\">C\u00d3DIGO DE COMANDO<\/td>\n<td width=\"941\">C\u00f3digo G<\/td>\n<\/tr>\n<tr>\n<td width=\"414\">ESTRUTURA DO EIXO XYZ<\/td>\n<td width=\"941\">X\/Y Calha de cremalheira; Z Calha de parafuso<\/td>\n<\/tr>\n<tr>\n<td width=\"414\">POT\u00caNCIA DE ENTRADA<\/td>\n<td width=\"941\">11KW<\/td>\n<\/tr>\n<tr>\n<td width=\"414\">PODER<\/td>\n<td width=\"941\">AC380V \/ 50Hz<\/td>\n<\/tr>\n<tr>\n<td width=\"414\">EIXO<\/td>\n<td width=\"941\">Eixo de arrefecimento a ar HQD de 9kw\/eixo de arrefecimento a ar HSD de 9kw<\/td>\n<\/tr>\n<tr>\n<td width=\"414\">VELOCIDADE DE ROTA\u00c7\u00c3O DO FUSO<\/td>\n<td width=\"941\">18000rpm \/ 24000rpm<\/td>\n<\/tr>\n<tr>\n<td width=\"414\">INVERSOR<\/td>\n<td width=\"941\">Inversor de 11KW<\/td>\n<\/tr>\n<tr>\n<td width=\"414\">MOTOR DE ACCIONAMENTO<\/td>\n<td width=\"941\">Servo motor de 750 W<\/td>\n<\/tr>\n<tr>\n<td width=\"414\">SISTEMA DE CONTROLO<\/td>\n<td width=\"941\">Taiwan LNC<\/td>\n<\/tr>\n<tr>\n<td width=\"414\">BOMBA DE V\u00c1CUO<\/td>\n<td width=\"941\">Bomba de ar de 7,5KW<\/td>\n<\/tr>\n<tr>\n<td width=\"414\">CARRIS LINEARES<\/td>\n<td width=\"941\">Taiwan 25<\/td>\n<\/tr>\n<tr>\n<td width=\"414\">PESO<\/td>\n<td width=\"941\">2500KGS<\/td>\n<\/tr>\n<tr>\n<td width=\"414\">TAMANHO<\/td>\n<td width=\"941\">L3500mm*W2200*H2100<\/td>\n<\/tr>\n<\/tbody>\n<\/table>","protected":false},"excerpt":{"rendered":"<p>Unlock Unmatched Capability for Intricate Woodworking &amp; Industrial Manufacturing Meet the next generation ATC CNC Router engineered for perfection in complex 3D designs. Our industrial-grade system combines micron-level accuracy with automated tool-changing technology ; delivering flawless results across wood, composites, and metals. &nbsp; Key Advantages: True Manufacturing Powerhouse: As a dedicated manufacturing ATC CNC router, [&hellip;]<\/p>\n","protected":false},"featured_media":4054,"template":"","meta":{"_seopress_robots_primary_cat":"none","_seopress_titles_title":"%%post_title%% %%sitetitle%%","_seopress_titles_desc":"","_seopress_robots_index":"","_uag_custom_page_level_css":"","site-sidebar-layout":"default","site-content-layout":"","ast-site-content-layout":"default","site-content-style":"default","site-sidebar-style":"default","ast-global-header-display":"","ast-banner-title-visibility":"","ast-main-header-display":"","ast-hfb-above-header-display":"","ast-hfb-below-header-display":"","ast-hfb-mobile-header-display":"","site-post-title":"","ast-breadcrumbs-content":"","ast-featured-img":"","footer-sml-layout":"","ast-disable-related-posts":"","theme-transparent-header-meta":"default","adv-header-id-meta":"","stick-header-meta":"default","header-above-stick-meta":"","header-main-stick-meta":"","header-below-stick-meta":"","astra-migrate-meta-layouts":"set","ast-page-background-enabled":"default","ast-page-background-meta":{"desktop":{"background-color":"","background-image":"","background-repeat":"repeat","background-position":"center center","background-size":"auto","background-attachment":"scroll","background-type":"","background-media":"","overlay-type":"","overlay-color":"","overlay-opacity":"","overlay-gradient":""},"tablet":{"background-color":"","background-image":"","background-repeat":"repeat","background-position":"center center","background-size":"auto","background-attachment":"scroll","background-type":"","background-media":"","overlay-type":"","overlay-color":"","overlay-opacity":"","overlay-gradient":""},"mobile":{"background-color":"","background-image":"","background-repeat":"repeat","background-position":"center center","background-size":"auto","background-attachment":"scroll","background-type":"","background-media":"","overlay-type":"","overlay-color":"","overlay-opacity":"","overlay-gradient":""}},"ast-content-background-meta":{"desktop":{"background-color":"var(--ast-global-color-5)","background-image":"","background-repeat":"repeat","background-position":"center center","background-size":"auto","background-attachment":"scroll","background-type":"","background-media":"","overlay-type":"","overlay-color":"","overlay-opacity":"","overlay-gradient":""},"tablet":{"background-color":"var(--ast-global-color-5)","background-image":"","background-repeat":"repeat","background-position":"center center","background-size":"auto","background-attachment":"scroll","background-type":"","background-media":"","overlay-type":"","overlay-color":"","overlay-opacity":"","overlay-gradient":""},"mobile":{"background-color":"var(--ast-global-color-5)","background-image":"","background-repeat":"repeat","background-position":"center center","background-size":"auto","background-attachment":"scroll","background-type":"","background-media":"","overlay-type":"","overlay-color":"","overlay-opacity":"","overlay-gradient":""}}},"product_brand":[],"product_cat":[65],"product_tag":[72,71,70,73],"class_list":{"0":"post-4051","1":"product","2":"type-product","3":"status-publish","4":"has-post-thumbnail","6":"product_cat-atccnc","7":"product_tag-48-atc-cnc-router","8":"product_tag-atc-cnc-router","9":"product_tag-cnc-router","10":"product_tag-linear-atc-cnc-router","11":"desktop-align-left","12":"tablet-align-left","13":"mobile-align-left","14":"ast-product-gallery-layout-horizontal-slider","15":"ast-product-gallery-with-no-image","16":"ast-product-tabs-layout-horizontal","18":"first","19":"instock","20":"shipping-taxable","21":"product-type-simple"},"uagb_featured_image_src":{"full":["https:\/\/wisecnclaser.com\/wp-content\/uploads\/2025\/06\/\u5fae\u4fe1\u56fe\u7247_20240626151355.jpg",1706,1280,false],"thumbnail":["https:\/\/wisecnclaser.com\/wp-content\/uploads\/2025\/06\/\u5fae\u4fe1\u56fe\u7247_20240626151355-150x150.jpg",150,150,true],"medium":["https:\/\/wisecnclaser.com\/wp-content\/uploads\/2025\/06\/\u5fae\u4fe1\u56fe\u7247_20240626151355-300x225.jpg",300,225,true],"medium_large":["https:\/\/wisecnclaser.com\/wp-content\/uploads\/2025\/06\/\u5fae\u4fe1\u56fe\u7247_20240626151355-768x576.jpg",768,576,true],"large":["https:\/\/wisecnclaser.com\/wp-content\/uploads\/2025\/06\/\u5fae\u4fe1\u56fe\u7247_20240626151355-1024x768.jpg",1024,768,true],"1536x1536":["https:\/\/wisecnclaser.com\/wp-content\/uploads\/2025\/06\/\u5fae\u4fe1\u56fe\u7247_20240626151355-1536x1152.jpg",1536,1152,true],"2048x2048":["https:\/\/wisecnclaser.com\/wp-content\/uploads\/2025\/06\/\u5fae\u4fe1\u56fe\u7247_20240626151355.jpg",1706,1280,false],"trp-custom-language-flag":["https:\/\/wisecnclaser.com\/wp-content\/uploads\/2025\/06\/\u5fae\u4fe1\u56fe\u7247_20240626151355-16x12.jpg",16,12,true],"woocommerce_thumbnail":["https:\/\/wisecnclaser.com\/wp-content\/uploads\/2025\/06\/\u5fae\u4fe1\u56fe\u7247_20240626151355-300x300.jpg",300,300,true],"woocommerce_single":["https:\/\/wisecnclaser.com\/wp-content\/uploads\/2025\/06\/\u5fae\u4fe1\u56fe\u7247_20240626151355-600x450.jpg",600,450,true],"woocommerce_gallery_thumbnail":["https:\/\/wisecnclaser.com\/wp-content\/uploads\/2025\/06\/\u5fae\u4fe1\u56fe\u7247_20240626151355-100x100.jpg",100,100,true]},"uagb_author_info":{"display_name":"jinxing6611@gmail.com","author_link":"https:\/\/wisecnclaser.com\/pt\/author\/"},"uagb_comment_info":0,"uagb_excerpt":"Unlock Unmatched Capability for Intricate Woodworking &amp; Industrial Manufacturing Meet the next generation ATC CNC Router engineered for perfection in complex 3D designs. Our industrial-grade system combines micron-level accuracy with automated tool-changing technology ; delivering flawless results across wood, composites, and metals. &nbsp; Key Advantages: True Manufacturing Powerhouse: As a dedicated manufacturing ATC CNC router,&hellip;","_links":{"self":[{"href":"https:\/\/wisecnclaser.com\/pt\/wp-json\/wp\/v2\/product\/4051","targetHints":{"allow":["GET"]}}],"collection":[{"href":"https:\/\/wisecnclaser.com\/pt\/wp-json\/wp\/v2\/product"}],"about":[{"href":"https:\/\/wisecnclaser.com\/pt\/wp-json\/wp\/v2\/types\/product"}],"wp:featuredmedia":[{"embeddable":true,"href":"https:\/\/wisecnclaser.com\/pt\/wp-json\/wp\/v2\/media\/4054"}],"wp:attachment":[{"href":"https:\/\/wisecnclaser.com\/pt\/wp-json\/wp\/v2\/media?parent=4051"}],"wp:term":[{"taxonomy":"product_brand","embeddable":true,"href":"https:\/\/wisecnclaser.com\/pt\/wp-json\/wp\/v2\/product_brand?post=4051"},{"taxonomy":"product_cat","embeddable":true,"href":"https:\/\/wisecnclaser.com\/pt\/wp-json\/wp\/v2\/product_cat?post=4051"},{"taxonomy":"product_tag","embeddable":true,"href":"https:\/\/wisecnclaser.com\/pt\/wp-json\/wp\/v2\/product_tag?post=4051"}],"curies":[{"name":"wp","href":"https:\/\/api.w.org\/{rel}","templated":true}]}}