{"id":4078,"date":"2025-07-10T03:24:45","date_gmt":"2025-07-10T03:24:45","guid":{"rendered":"https:\/\/wisecnclaser.com\/?post_type=product&#038;p=4078"},"modified":"2025-11-19T01:46:01","modified_gmt":"2025-11-19T01:46:01","slug":"ws1322-low-cost-cnc-foam-cutter-for-startups","status":"publish","type":"product","link":"https:\/\/wisecnclaser.com\/pt\/produto\/ws1322-low-cost-cnc-foam-cutter-for-startups\/","title":{"rendered":"Cortador de espuma CNC WS1322 de baixo custo para empresas em fase de arranque"},"content":{"rendered":"<p>Corte de espuma CNC a pre\u00e7os acess\u00edveis para empresas em fase de arranque<\/p>\n<p>&nbsp;<\/p>\n<p>Cansado de subcontratar prot\u00f3tipos? Traga para dentro de casa o corte de espuma de precis\u00e3o sem etiquetas de pre\u00e7os industriais. A m\u00e1quina de corte de espuma de poliestireno com fio quente WS1322 oferece capacidades CNC profissionais a um pre\u00e7o acess\u00edvel para empresas em fase de arranque.<\/p>\n<p>&nbsp;<\/p>\n<p>Porque \u00e9 que as startups adoram o cortador de fio quente WS1322?<\/p>\n<p>&nbsp;<\/p>\n<p>Radicalmente acess\u00edvel: \u2153 do custo dos sistemas industriais. ROI em semanas, n\u00e3o em anos.<\/p>\n<p>Design inteligente em termos de espa\u00e7o: Cabe em garagens, pequenas oficinas ou espa\u00e7os de cria\u00e7\u00e3o (\u00e1rea de trabalho de 1300*2200mm).<\/p>\n<p>Prototipagem r\u00e1pida:Transforme ficheiros CAD (DXF, SVG) em pe\u00e7as f\u00edsicas de espuma EPS\/XPS\/poliuretano em horas.<\/p>\n<p>Simplicidade Plug-&amp;-Cut: Software intuitivo + calibra\u00e7\u00e3o autom\u00e1tica - n\u00e3o s\u00e3o necess\u00e1rios conhecimentos de CNC.<\/p>\n<p>Precis\u00e3o de fio quente: Crie formas suaves e complexas para avi\u00f5es RC, embalagens, modelos arquitect\u00f3nicos e expositores.<\/p>\n<p>Suporte pronto para o arranque: Tutoriais dedicados, chat ao vivo e actualiza\u00e7\u00f5es modulares.<\/p>\n<p>&nbsp;<\/p>\n<p>Ideal para:<\/p>\n<p>Prototipagem de produtos<\/p>\n<p>Modelos de arquitetura<\/p>\n<p>Drones e componentes RC<\/p>\n<p>Inser\u00e7\u00f5es de embalagens personalizadas<\/p>\n<p>Fabrico de exposi\u00e7\u00f5es e expositores<\/p>\n<p>Letra de espuma e adere\u00e7o de espuma<\/p>\n<p>&nbsp;<\/p>\n<p>Par\u00e2metro t\u00e9cnico da m\u00e1quina de corte de espuma 3d de fio quente de 5 eixos WS1322:<\/p>\n<table>\n<tbody>\n<tr>\n<td colspan=\"2\" width=\"1182\">M\u00e1quina de corte de espuma de fio quente de 5 eixos<\/td>\n<\/tr>\n<tr>\n<td width=\"218\">Item<\/td>\n<td width=\"963\">Par\u00e2metro t\u00e9cnico<\/td>\n<\/tr>\n<tr>\n<td width=\"218\">Software<\/td>\n<td width=\"963\">Software CAD profissional<\/td>\n<\/tr>\n<tr>\n<td width=\"218\">Sistema de condu\u00e7\u00e3o<\/td>\n<td width=\"963\">Motor de passo modelo 86 + driver 860H<\/td>\n<\/tr>\n<tr>\n<td width=\"218\">Pot\u00eancia de funcionamento<\/td>\n<td width=\"963\">220V\/380V<\/td>\n<\/tr>\n<tr>\n<td width=\"218\">Condutor<\/td>\n<td width=\"963\">Marca chinesa\/kailida<\/td>\n<\/tr>\n<tr>\n<td width=\"218\">Contactor CA<\/td>\n<td width=\"963\">Delixi\/Chint<\/td>\n<\/tr>\n<tr>\n<td width=\"218\">Rel\u00e9<\/td>\n<td width=\"963\">Delixi\/Chint<\/td>\n<\/tr>\n<tr>\n<td width=\"218\">Interruptores<\/td>\n<td width=\"963\">Delixi\/Chint<\/td>\n<\/tr>\n<tr>\n<td width=\"218\">Cabo el\u00e9trico<\/td>\n<td width=\"963\">Adotar um cabo blindado altamente flex\u00edvel e uma cablagem de n\u00edvel industrial com corrente de arrasto de alta resist\u00eancia<\/td>\n<\/tr>\n<tr>\n<td width=\"218\">P\u00f3rtico<\/td>\n<td width=\"963\">Um par de p\u00f3rticos verticais sem cobertura vertical de corte de fio \u00fanico<\/td>\n<\/tr>\n<tr>\n<td width=\"218\">Mesa girat\u00f3ria<\/td>\n<td width=\"963\">para corte 3d<\/td>\n<\/tr>\n<tr>\n<td width=\"218\">Controlador<\/td>\n<td width=\"963\">\u00a0controlador usb cnc<\/td>\n<\/tr>\n<tr>\n<td width=\"218\">Controlo<\/td>\n<td width=\"963\">Controlo el\u00e9trico dependente<\/td>\n<\/tr>\n<tr>\n<td width=\"218\">Transmiss\u00e3o<\/td>\n<td width=\"963\">Transmiss\u00e3o por fuso de esferas<\/td>\n<\/tr>\n<tr>\n<td width=\"218\">Estrutura da m\u00e1quina<\/td>\n<td width=\"963\">Estrutura em a\u00e7o soldado<\/td>\n<\/tr>\n<\/tbody>\n<\/table>\n<p>&nbsp;<\/p>\n<table>\n<tbody>\n<tr>\n<td width=\"218\">Transformador de m\u00e1quina<\/td>\n<td width=\"963\">Transformador profissional para cortador de espuma de fio quente<\/td>\n<\/tr>\n<tr>\n<td width=\"218\">Corpo do quadro<\/td>\n<td width=\"963\">Estrutura em a\u00e7o soldado<\/td>\n<\/tr>\n<\/tbody>\n<\/table>\n<p>Pare de esperar. Comece a criar.<\/p>\n<p>Cortador de espuma de estiro com fio quente WS1322: O seu atalho do conceito ao prot\u00f3tipo f\u00edsico.<\/p>\n<p>&nbsp;<\/p>\n<p><strong><b>5<\/b><\/strong><strong><b>\u00a0Eixo da m\u00e1quina de corte de espuma de fio quente Par\u00e2metro<\/b><\/strong><\/p>\n<p>Tamanho de corte efetivo: 22ppmm*1300*1250mm (comprimento*largura*altura)<\/p>\n<p>Tamanho de trabalho do eixo X: 1300mm<\/p>\n<p>Tamanho de trabalho do eixo Y: 2200mm<\/p>\n<p>Precis\u00e3o de corte: +\/-0,2 mm (depende do material do fio quente, do ambiente e da humidade da espuma, etc.)<\/p>\n<p>Estrutura da mesa de trabalho: tubo de a\u00e7o espesso soldado (\u22652,0 mm)<\/p>\n<p>Pot\u00eancia de funcionamento:AC220 50HZ\/ AC380V<\/p>\n<p>P\u00f3rtico: alum\u00ednio mais largo e espesso \uff08\u22652,0 mm\uff09<\/p>\n<p>&nbsp;<\/p>\n<p><strong><b>Principal<\/b><\/strong><strong><b> Pe\u00e7as de substitui\u00e7\u00e3o para cortadores de espuma de n\u00edvel b\u00e1sico:<\/b><\/strong><\/p>\n<p>Sistema de guia: Calha redonda linear SBR<\/p>\n<p>Transmiss\u00e3o por fuso de esferas: fuso de esferas TBI de alta precis\u00e3o<\/p>\n<p>Motor de acionamento: motor de passo de alta velocidade<\/p>\n<p>Arm\u00e1rio de controlo: novo arm\u00e1rio adequado para exporta\u00e7\u00e3o<\/p>\n<p>Mesa de trabalho: MDF de alta densidade de 18 mm<\/p>\n<p>Controlador: novo controlador industrial<\/p>\n<p>Sistema de aquecimento: 3kw de pot\u00eancia<\/p>\n<p>Cabos: cabo blindado dur\u00e1vel e altamente flex\u00edvel<\/p>\n<div class=\"ast-oembed-container\" style=\"height: 100%;\"><iframe title=\"M\u00e1quina de corte de espuma cnc de fio quente, cortador cnc de espuma 2d 3d 4d eps, cortador de espuma cnc, m\u00e1quina de espuma de 5 eixos\" width=\"500\" height=\"281\" src=\"https:\/\/www.youtube.com\/embed\/9-fhBUUosA8?feature=oembed\" frameborder=\"0\" allow=\"accelerometer; autoplay; clipboard-write; encrypted-media; gyroscope; picture-in-picture; web-share\" referrerpolicy=\"strict-origin-when-cross-origin\" allowfullscreen><\/iframe><\/div>","protected":false},"excerpt":{"rendered":"<p>Affordable CNC Foam Cutting for Lean Startups &nbsp; Tired of outsourcing prototypes? Bring precision foam cutting in-house without industrial price tags. The WS1322 hot wire polystyrene foam cutter delivers professional CNC capabilities at a startup-friendly price. &nbsp; Why Startups Love WS1322 hot wire cutter? &nbsp; Radically Affordable:\u2153 the cost of industrial systems. ROI in weeks, [&hellip;]<\/p>\n","protected":false},"featured_media":4010,"template":"","meta":{"_seopress_robots_primary_cat":"none","_seopress_titles_title":"%%post_title%% %%sitetitle%%","_seopress_titles_desc":"","_seopress_robots_index":"","_uag_custom_page_level_css":"","site-sidebar-layout":"default","site-content-layout":"","ast-site-content-layout":"default","site-content-style":"default","site-sidebar-style":"default","ast-global-header-display":"","ast-banner-title-visibility":"","ast-main-header-display":"","ast-hfb-above-header-display":"","ast-hfb-below-header-display":"","ast-hfb-mobile-header-display":"","site-post-title":"","ast-breadcrumbs-content":"","ast-featured-img":"","footer-sml-layout":"","ast-disable-related-posts":"","theme-transparent-header-meta":"default","adv-header-id-meta":"","stick-header-meta":"default","header-above-stick-meta":"","header-main-stick-meta":"","header-below-stick-meta":"","astra-migrate-meta-layouts":"set","ast-page-background-enabled":"default","ast-page-background-meta":{"desktop":{"background-color":"","background-image":"","background-repeat":"repeat","background-position":"center center","background-size":"auto","background-attachment":"scroll","background-type":"","background-media":"","overlay-type":"","overlay-color":"","overlay-opacity":"","overlay-gradient":""},"tablet":{"background-color":"","background-image":"","background-repeat":"repeat","background-position":"center center","background-size":"auto","background-attachment":"scroll","background-type":"","background-media":"","overlay-type":"","overlay-color":"","overlay-opacity":"","overlay-gradient":""},"mobile":{"background-color":"","background-image":"","background-repeat":"repeat","background-position":"center center","background-size":"auto","background-attachment":"scroll","background-type":"","background-media":"","overlay-type":"","overlay-color":"","overlay-opacity":"","overlay-gradient":""}},"ast-content-background-meta":{"desktop":{"background-color":"var(--ast-global-color-5)","background-image":"","background-repeat":"repeat","background-position":"center center","background-size":"auto","background-attachment":"scroll","background-type":"","background-media":"","overlay-type":"","overlay-color":"","overlay-opacity":"","overlay-gradient":""},"tablet":{"background-color":"var(--ast-global-color-5)","background-image":"","background-repeat":"repeat","background-position":"center center","background-size":"auto","background-attachment":"scroll","background-type":"","background-media":"","overlay-type":"","overlay-color":"","overlay-opacity":"","overlay-gradient":""},"mobile":{"background-color":"var(--ast-global-color-5)","background-image":"","background-repeat":"repeat","background-position":"center center","background-size":"auto","background-attachment":"scroll","background-type":"","background-media":"","overlay-type":"","overlay-color":"","overlay-opacity":"","overlay-gradient":""}}},"product_brand":[],"product_cat":[43],"product_tag":[90,86,89,87,88],"class_list":{"0":"post-4078","1":"product","2":"type-product","3":"status-publish","4":"has-post-thumbnail","6":"product_cat-foam","7":"product_tag-3d-cnc-foam-cutter","8":"product_tag-3d-foam-cutting-machine","9":"product_tag-3d-hot-wire-foam-cutter","10":"product_tag-5-axis-foam-cutting-machine","11":"product_tag-hot-wire-foam-cutting-machine","12":"desktop-align-left","13":"tablet-align-left","14":"mobile-align-left","15":"ast-product-gallery-layout-horizontal-slider","16":"ast-product-gallery-with-no-image","17":"ast-product-tabs-layout-horizontal","19":"first","20":"instock","21":"featured","22":"shipping-taxable","23":"product-type-simple"},"uagb_featured_image_src":{"full":["https:\/\/wisecnclaser.com\/wp-content\/uploads\/2025\/05\/5-axis-foam-cutter.png",1080,1080,false],"thumbnail":["https:\/\/wisecnclaser.com\/wp-content\/uploads\/2025\/05\/5-axis-foam-cutter-150x150.png",150,150,true],"medium":["https:\/\/wisecnclaser.com\/wp-content\/uploads\/2025\/05\/5-axis-foam-cutter-300x300.png",300,300,true],"medium_large":["https:\/\/wisecnclaser.com\/wp-content\/uploads\/2025\/05\/5-axis-foam-cutter-768x768.png",768,768,true],"large":["https:\/\/wisecnclaser.com\/wp-content\/uploads\/2025\/05\/5-axis-foam-cutter-1024x1024.png",1024,1024,true],"1536x1536":["https:\/\/wisecnclaser.com\/wp-content\/uploads\/2025\/05\/5-axis-foam-cutter.png",1080,1080,false],"2048x2048":["https:\/\/wisecnclaser.com\/wp-content\/uploads\/2025\/05\/5-axis-foam-cutter.png",1080,1080,false],"trp-custom-language-flag":["https:\/\/wisecnclaser.com\/wp-content\/uploads\/2025\/05\/5-axis-foam-cutter-12x12.png",12,12,true],"woocommerce_thumbnail":["https:\/\/wisecnclaser.com\/wp-content\/uploads\/2025\/05\/5-axis-foam-cutter-300x300.png",300,300,true],"woocommerce_single":["https:\/\/wisecnclaser.com\/wp-content\/uploads\/2025\/05\/5-axis-foam-cutter-600x600.png",600,600,true],"woocommerce_gallery_thumbnail":["https:\/\/wisecnclaser.com\/wp-content\/uploads\/2025\/05\/5-axis-foam-cutter-100x100.png",100,100,true]},"uagb_author_info":{"display_name":"jinxing6611@gmail.com","author_link":"https:\/\/wisecnclaser.com\/pt\/author\/"},"uagb_comment_info":0,"uagb_excerpt":"Affordable CNC Foam Cutting for Lean Startups &nbsp; Tired of outsourcing prototypes? Bring precision foam cutting in-house without industrial price tags. The WS1322 hot wire polystyrene foam cutter delivers professional CNC capabilities at a startup-friendly price. &nbsp; Why Startups Love WS1322 hot wire cutter? &nbsp; Radically Affordable:\u2153 the cost of industrial systems. ROI in weeks,&hellip;","_links":{"self":[{"href":"https:\/\/wisecnclaser.com\/pt\/wp-json\/wp\/v2\/product\/4078","targetHints":{"allow":["GET"]}}],"collection":[{"href":"https:\/\/wisecnclaser.com\/pt\/wp-json\/wp\/v2\/product"}],"about":[{"href":"https:\/\/wisecnclaser.com\/pt\/wp-json\/wp\/v2\/types\/product"}],"wp:featuredmedia":[{"embeddable":true,"href":"https:\/\/wisecnclaser.com\/pt\/wp-json\/wp\/v2\/media\/4010"}],"wp:attachment":[{"href":"https:\/\/wisecnclaser.com\/pt\/wp-json\/wp\/v2\/media?parent=4078"}],"wp:term":[{"taxonomy":"product_brand","embeddable":true,"href":"https:\/\/wisecnclaser.com\/pt\/wp-json\/wp\/v2\/product_brand?post=4078"},{"taxonomy":"product_cat","embeddable":true,"href":"https:\/\/wisecnclaser.com\/pt\/wp-json\/wp\/v2\/product_cat?post=4078"},{"taxonomy":"product_tag","embeddable":true,"href":"https:\/\/wisecnclaser.com\/pt\/wp-json\/wp\/v2\/product_tag?post=4078"}],"curies":[{"name":"wp","href":"https:\/\/api.w.org\/{rel}","templated":true}]}}