{"id":4127,"date":"2025-08-11T02:47:39","date_gmt":"2025-08-11T02:47:39","guid":{"rendered":"https:\/\/wisecnclaser.com\/?post_type=product&#038;p=4127"},"modified":"2025-08-11T02:47:39","modified_gmt":"2025-08-11T02:47:39","slug":"uk-usa-canada-atc-cnc-router-oem-factory-for-furniture-manufacturing-industry","status":"publish","type":"product","link":"https:\/\/wisecnclaser.com\/pt\/produto\/uk-usa-canada-atc-cnc-router-oem-factory-for-furniture-manufacturing-industry\/","title":{"rendered":"Reino Unido EUA Canad\u00e1 ATC CNC Router OEM Factory para a ind\u00fastria de fabrica\u00e7\u00e3o de m\u00f3veis"},"content":{"rendered":"<p>Bem-vindo ao nosso centro de fabrico de \u00faltima gera\u00e7\u00e3o - uma f\u00e1brica OEM\/ODM l\u00edder dedicada \u00e0 conce\u00e7\u00e3o e produ\u00e7\u00e3o de routers CNC ATC (Automatic Tool Changer) de elevado desempenho, adaptados \u00e0 ind\u00fastria global de mobili\u00e1rio. Com um foco estrat\u00e9gico em servir parceiros no Reino Unido, Estados Unidos e Canad\u00e1, capacitamos os fabricantes de mobili\u00e1rio com tecnologia de ponta que impulsiona a efici\u00eancia, a precis\u00e3o e a escalabilidade.<\/p>\n<p>&nbsp;<\/p>\n<p>Porqu\u00ea escolher os nossos routers CNC?<\/p>\n<p>Tecnologia ATC avan\u00e7ada:<\/p>\n<p>As nossas fresadoras cnc para madeira possuem capacidades de troca autom\u00e1tica de ferramentas, permitindo a produ\u00e7\u00e3o ininterrupta de componentes de mobili\u00e1rio complexos (arm\u00e1rios, portas, pain\u00e9is e designs personalizados) com opera\u00e7\u00f5es multi-ferramentas numa \u00fanica configura\u00e7\u00e3o.<\/p>\n<p>&nbsp;<\/p>\n<p>Engenharia espec\u00edfica do sector:<\/p>\n<p>Optimizadas para trabalhar madeira, MDF, laminados e comp\u00f3sitos, as nossas m\u00e1quinas oferecem acabamentos perfeitos, toler\u00e2ncias apertadas (\u00b10,1mm) e processamento r\u00e1pido - ideal para produ\u00e7\u00e3o de mobili\u00e1rio de grande volume ou personalizado.<\/p>\n<p>&nbsp;<\/p>\n<p>Flexibilidade OEM\/ODM:<\/p>\n<p>Somos especializados em solu\u00e7\u00f5es totalmente personalizadas. Desde as dimens\u00f5es da m\u00e1quina e a pot\u00eancia do fuso (6-24 kW) at\u00e9 \u00e0 integra\u00e7\u00e3o do software (compat\u00edvel com CAD\/CAM), passando pelas perspectivas da m\u00e1quina, adaptamo-nos \u00e0s suas necessidades de produ\u00e7\u00e3o e marca \u00fanicas.<\/p>\n<p>&nbsp;<\/p>\n<p>Fabrico robusto e inteligente:<\/p>\n<p>As estruturas resistentes, os componentes de qualidade industrial e as carater\u00edsticas inteligentes (integra\u00e7\u00e3o de extra\u00e7\u00e3o de poeiras, preven\u00e7\u00e3o de colis\u00f5es, ) garantem fiabilidade, seguran\u00e7a e prontid\u00e3o operacional 24 horas por dia, 7 dias por semana.<\/p>\n<p>&nbsp;<\/p>\n<p>Apoio dedicado ao mercado ocidental:<\/p>\n<p>As nossas equipas t\u00e9cnicas, log\u00edsticas e de p\u00f3s-venda est\u00e3o optimizadas para servir os clientes do Reino Unido, EUA e Canad\u00e1:<\/p>\n<p>- Distribui\u00e7\u00e3o localizada de pe\u00e7as sobresselentes<\/p>\n<p>- Coloca\u00e7\u00e3o em funcionamento e forma\u00e7\u00e3o no local<\/p>\n<p>- Resolu\u00e7\u00e3o remota de problemas e actualiza\u00e7\u00f5es de firmware<\/p>\n<p>&nbsp;<\/p>\n<p>Garantia de qualidade<\/p>\n<p>Todos os routers CNC ATC s\u00e3o submetidos a testes rigorosos (processos com certifica\u00e7\u00e3o ISO 9001) e est\u00e3o em conformidade com as normas CE, UL ou CSA para uma implementa\u00e7\u00e3o perfeita na Am\u00e9rica do Norte e na Europa.<\/p>\n<p>&nbsp;<\/p>\n<p>&nbsp;<\/p>\n<p>Seja nosso parceiro<\/p>\n<p>Quer se trate de uma marca de mobili\u00e1rio estabelecida em Toronto, de uma oficina artesanal em Londres ou de um fabricante industrial no Texas, fornecemos a espinha dorsal da tecnologia para elevar a sua produtividade e a sua capacidade artesanal. Vamos juntos criar a sua vantagem competitiva.<\/p>\n<p>Contacte-nos hoje para obter uma proposta OEM personalizada ou colabora\u00e7\u00e3o de marca pr\u00f3pria!<\/p>\n<p>&nbsp;<\/p>\n<p>Carater\u00edsticas principais:<\/p>\n<p>- Efici\u00eancia ATC: 8-24+ capacidades de ferramentas para projectos de mobili\u00e1rio complexos.<\/p>\n<p>- Produ\u00e7\u00e3o baseada em aninhamento: Otimizar a utiliza\u00e7\u00e3o de material (por exemplo, corte de chapa).<\/p>\n<p>- Mesa de v\u00e1cuo e controlo de poeiras: Solu\u00e7\u00f5es integradas para opera\u00e7\u00f5es limpas e est\u00e1veis.<\/p>\n<p>- Software de f\u00e1cil utiliza\u00e7\u00e3o: Fluxo de trabalho simplificado desde a conce\u00e7\u00e3o at\u00e9 ao produto final.<\/p>\n<p>- Design energeticamente inteligente: Reduzir os custos operacionais (at\u00e9 30% de poupan\u00e7a de energia em compara\u00e7\u00e3o com os modelos convencionais).<\/p>\n<p>&nbsp;<\/p>\n<p>Par\u00e2metro t\u00e9cnico do ROUTER CNC ATC Linear WS1325H<\/p>\n<table width=\"2160\">\n<tbody>\n<tr>\n<td width=\"512\">\u00c1rea de trabalho (X*Y*Z)<\/td>\n<td colspan=\"2\" width=\"549\">1300*2500*200mm<\/p>\n<p>(Opcional)<\/td>\n<td width=\"549\">Pot\u00eancia do fuso<\/td>\n<td width=\"549\">Eixo ATC de 9KW com refrigera\u00e7\u00e3o a ar<\/td>\n<\/tr>\n<tr>\n<td width=\"512\">Sistema de controlo<\/td>\n<td colspan=\"2\" width=\"549\">LNC<\/td>\n<td width=\"549\">Motor de acionamento<\/td>\n<td width=\"549\">Servo<\/td>\n<\/tr>\n<tr>\n<td width=\"512\">Trocador autom\u00e1tico de ferramentas<\/td>\n<td colspan=\"2\" width=\"549\">8-12 ferramentas<\/td>\n<td width=\"549\">Precis\u00e3o de reposicionamento<\/td>\n<td width=\"549\">\u00b10,05mm<\/td>\n<\/tr>\n<tr>\n<td width=\"512\">L\u00edngua de comando<\/td>\n<td colspan=\"2\" width=\"549\">C\u00f3digo G, *u00, *mmg, *plt<\/td>\n<td width=\"549\">Superf\u00edcie da mesa<\/td>\n<td width=\"549\">Mesa de v\u00e1cuo<\/td>\n<\/tr>\n<tr>\n<td width=\"512\">Velocidade m\u00e1xima de trabalho<\/td>\n<td colspan=\"2\" width=\"549\">20m\/min<\/td>\n<td width=\"549\">Velocidade m\u00e1xima de desloca\u00e7\u00e3o<\/td>\n<td width=\"549\">35m\/min<\/td>\n<\/tr>\n<\/tbody>\n<\/table>","protected":false},"excerpt":{"rendered":"<p>An ATC CNC Router Solution for the Furniture Manufacturing Industry can meet the needs of various processes such as wood cutting, carving, and drilling in furniture production. It improves production efficiency and product quality through automated processing and provides comprehensive equipment support for furniture manufacturing enterprises.<\/p>","protected":false},"featured_media":4130,"template":"","meta":{"_seopress_robots_primary_cat":"","_seopress_titles_title":"","_seopress_titles_desc":"","_seopress_robots_index":"","_uag_custom_page_level_css":"","site-sidebar-layout":"default","site-content-layout":"","ast-site-content-layout":"default","site-content-style":"default","site-sidebar-style":"default","ast-global-header-display":"","ast-banner-title-visibility":"","ast-main-header-display":"","ast-hfb-above-header-display":"","ast-hfb-below-header-display":"","ast-hfb-mobile-header-display":"","site-post-title":"","ast-breadcrumbs-content":"","ast-featured-img":"","footer-sml-layout":"","ast-disable-related-posts":"","theme-transparent-header-meta":"default","adv-header-id-meta":"","stick-header-meta":"default","header-above-stick-meta":"","header-main-stick-meta":"","header-below-stick-meta":"","astra-migrate-meta-layouts":"set","ast-page-background-enabled":"default","ast-page-background-meta":{"desktop":{"background-color":"","background-image":"","background-repeat":"repeat","background-position":"center center","background-size":"auto","background-attachment":"scroll","background-type":"","background-media":"","overlay-type":"","overlay-color":"","overlay-opacity":"","overlay-gradient":""},"tablet":{"background-color":"","background-image":"","background-repeat":"repeat","background-position":"center center","background-size":"auto","background-attachment":"scroll","background-type":"","background-media":"","overlay-type":"","overlay-color":"","overlay-opacity":"","overlay-gradient":""},"mobile":{"background-color":"","background-image":"","background-repeat":"repeat","background-position":"center center","background-size":"auto","background-attachment":"scroll","background-type":"","background-media":"","overlay-type":"","overlay-color":"","overlay-opacity":"","overlay-gradient":""}},"ast-content-background-meta":{"desktop":{"background-color":"var(--ast-global-color-5)","background-image":"","background-repeat":"repeat","background-position":"center center","background-size":"auto","background-attachment":"scroll","background-type":"","background-media":"","overlay-type":"","overlay-color":"","overlay-opacity":"","overlay-gradient":""},"tablet":{"background-color":"var(--ast-global-color-5)","background-image":"","background-repeat":"repeat","background-position":"center center","background-size":"auto","background-attachment":"scroll","background-type":"","background-media":"","overlay-type":"","overlay-color":"","overlay-opacity":"","overlay-gradient":""},"mobile":{"background-color":"var(--ast-global-color-5)","background-image":"","background-repeat":"repeat","background-position":"center center","background-size":"auto","background-attachment":"scroll","background-type":"","background-media":"","overlay-type":"","overlay-color":"","overlay-opacity":"","overlay-gradient":""}}},"product_brand":[],"product_cat":[65],"product_tag":[115,119,116,118,117,120,121],"class_list":{"0":"post-4127","1":"product","2":"type-product","3":"status-publish","4":"has-post-thumbnail","6":"product_cat-atccnc","7":"product_tag-atc-cnc-router-factory","8":"product_tag-china-atc-cnc-router-factory","9":"product_tag-cnc-router-factory","10":"product_tag-linear-atc-cnc-router-factory","11":"product_tag-oem-atc-cnc-router","12":"product_tag-wood-atc-cnc-router","13":"product_tag-woodworking-atc-router-machine","14":"desktop-align-left","15":"tablet-align-left","16":"mobile-align-left","17":"ast-product-gallery-layout-horizontal-slider","18":"ast-product-gallery-with-no-image","19":"ast-product-tabs-layout-horizontal","21":"first","22":"instock","23":"shipping-taxable","24":"product-type-simple"},"uagb_featured_image_src":{"full":["https:\/\/wisecnclaser.com\/wp-content\/uploads\/2025\/08\/atc.png",1082,1082,false],"thumbnail":["https:\/\/wisecnclaser.com\/wp-content\/uploads\/2025\/08\/atc-150x150.png",150,150,true],"medium":["https:\/\/wisecnclaser.com\/wp-content\/uploads\/2025\/08\/atc-300x300.png",300,300,true],"medium_large":["https:\/\/wisecnclaser.com\/wp-content\/uploads\/2025\/08\/atc-768x768.png",768,768,true],"large":["https:\/\/wisecnclaser.com\/wp-content\/uploads\/2025\/08\/atc-1024x1024.png",1024,1024,true],"1536x1536":["https:\/\/wisecnclaser.com\/wp-content\/uploads\/2025\/08\/atc.png",1082,1082,false],"2048x2048":["https:\/\/wisecnclaser.com\/wp-content\/uploads\/2025\/08\/atc.png",1082,1082,false],"trp-custom-language-flag":["https:\/\/wisecnclaser.com\/wp-content\/uploads\/2025\/08\/atc-12x12.png",12,12,true],"woocommerce_thumbnail":["https:\/\/wisecnclaser.com\/wp-content\/uploads\/2025\/08\/atc-300x300.png",300,300,true],"woocommerce_single":["https:\/\/wisecnclaser.com\/wp-content\/uploads\/2025\/08\/atc-600x600.png",600,600,true],"woocommerce_gallery_thumbnail":["https:\/\/wisecnclaser.com\/wp-content\/uploads\/2025\/08\/atc-100x100.png",100,100,true]},"uagb_author_info":{"display_name":"jinxing6611@gmail.com","author_link":"https:\/\/wisecnclaser.com\/pt\/author\/"},"uagb_comment_info":0,"uagb_excerpt":"An ATC CNC Router Solution for the Furniture Manufacturing Industry can meet the needs of various processes such as wood cutting, carving, and drilling in furniture production. It improves production efficiency and product quality through automated processing and provides comprehensive equipment support for furniture manufacturing enterprises.","_links":{"self":[{"href":"https:\/\/wisecnclaser.com\/pt\/wp-json\/wp\/v2\/product\/4127","targetHints":{"allow":["GET"]}}],"collection":[{"href":"https:\/\/wisecnclaser.com\/pt\/wp-json\/wp\/v2\/product"}],"about":[{"href":"https:\/\/wisecnclaser.com\/pt\/wp-json\/wp\/v2\/types\/product"}],"wp:featuredmedia":[{"embeddable":true,"href":"https:\/\/wisecnclaser.com\/pt\/wp-json\/wp\/v2\/media\/4130"}],"wp:attachment":[{"href":"https:\/\/wisecnclaser.com\/pt\/wp-json\/wp\/v2\/media?parent=4127"}],"wp:term":[{"taxonomy":"product_brand","embeddable":true,"href":"https:\/\/wisecnclaser.com\/pt\/wp-json\/wp\/v2\/product_brand?post=4127"},{"taxonomy":"product_cat","embeddable":true,"href":"https:\/\/wisecnclaser.com\/pt\/wp-json\/wp\/v2\/product_cat?post=4127"},{"taxonomy":"product_tag","embeddable":true,"href":"https:\/\/wisecnclaser.com\/pt\/wp-json\/wp\/v2\/product_tag?post=4127"}],"curies":[{"name":"wp","href":"https:\/\/api.w.org\/{rel}","templated":true}]}}