{"id":4158,"date":"2025-09-05T01:00:22","date_gmt":"2025-09-05T01:00:22","guid":{"rendered":"https:\/\/wisecnclaser.com\/?post_type=product&#038;p=4158"},"modified":"2025-09-05T01:00:23","modified_gmt":"2025-09-05T01:00:23","slug":"plasma-cutting-machine","status":"publish","type":"product","link":"https:\/\/wisecnclaser.com\/pt\/produto\/plasma-cutting-machine\/","title":{"rendered":"M\u00e1quina de corte a plasma tipo p\u00f3rtico para corte de a\u00e7o de metal espesso"},"content":{"rendered":"<h2>Solu\u00e7\u00e3o de corte de metal de alto desempenho<\/h2>\n<p>Experimente uma precis\u00e3o e efici\u00eancia sem paralelo com a nossa m\u00e1quina de corte a plasma tipo p\u00f3rtico, concebida para necessidades de corte de metais espessos e fabrico de a\u00e7o. Quer se trate de projectos industriais ou de trabalhos especializados, esta m\u00e1quina est\u00e1 equipada para proporcionar resultados superiores.<\/p>\n<p>Com uma cabe\u00e7a de corte por plasma de 200A, garante um corte preciso de metais at\u00e9 20 mm de espessura. Para requisitos mais pesados, a cabe\u00e7a de corte por chama integrada corta sem esfor\u00e7o metais at\u00e9 300 mm, tornando-a uma ferramenta essencial para diversas aplica\u00e7\u00f5es nas ind\u00fastrias de fabrico e processamento de metais.<\/p>\n<h2>Carater\u00edsticas avan\u00e7adas para m\u00e1xima efici\u00eancia<\/h2>\n<p>Esta m\u00e1quina de corte a plasma do tipo p\u00f3rtico destaca-se pela sua constru\u00e7\u00e3o robusta e funcionalidade avan\u00e7ada. O design do p\u00f3rtico proporciona estabilidade e precis\u00e3o, permitindo cortes precisos mesmo nas chapas met\u00e1licas mais espessas. Combinado com as op\u00e7\u00f5es de corte duplas - uma poderosa cabe\u00e7a de plasma e ferramentas de corte de chama ajust\u00e1veis - pode personalizar o processo para se adequar aos seus materiais e especifica\u00e7\u00f5es de projeto.<\/p>\n<p>A sua interface f\u00e1cil de utilizar simplifica as opera\u00e7\u00f5es, reduzindo o tempo de configura\u00e7\u00e3o e aumentando a produtividade. A m\u00e1quina foi concebida para cumprir normas de fabrico rigorosas, mantendo controlos f\u00e1ceis de utilizar, garantindo um desempenho \u00f3timo tanto para profissionais experientes como para principiantes.<\/p>\n<h2>Ideal para aplica\u00e7\u00f5es industriais e pesadas<\/h2>\n<p>Quer seja em oficinas de fabrico de a\u00e7o ou em instala\u00e7\u00f5es industriais de grande escala, esta m\u00e1quina de corte oferece versatilidade e fiabilidade. \u00c9 uma excelente escolha para criar componentes, elaborar estruturas e enfrentar projectos exigentes que requerem precis\u00e3o e durabilidade.<\/p>\n<p>Invista numa solu\u00e7\u00e3o constru\u00edda para lidar com os materiais mais dif\u00edceis com facilidade. Com capacidades de corte que v\u00e3o de 20 mm a 300 mm, esta m\u00e1quina foi concebida para poupar tempo e recursos, ao mesmo tempo que fornece resultados precisos de forma consistente.<\/p>\n<p>Actualize as suas opera\u00e7\u00f5es de corte de metal com a m\u00e1quina de corte por plasma tipo p\u00f3rtico - a melhor escolha para o corte de metais espessos e excel\u00eancia no fabrico de a\u00e7o.<\/p>\n<p>Par\u00e2metros t\u00e9cnicos da m\u00e1quina de corte por plasma tipo p\u00f3rtico de grandes dimens\u00f5es:<\/p>\n<table>\n<tbody>\n<tr>\n<td colspan=\"2\" width=\"1324\"><strong>Descri\u00e7\u00e3o e especifica\u00e7\u00f5es:<\/strong><\/td>\n<\/tr>\n<tr>\n<td width=\"662\">Modelo<\/td>\n<td width=\"662\">WS2060<\/td>\n<\/tr>\n<tr>\n<td width=\"662\">Tamanho de trabalho<\/td>\n<td width=\"662\">2000*6000mm<\/td>\n<\/tr>\n<tr>\n<td width=\"662\">Corpo da m\u00e1quina<\/td>\n<td width=\"662\">Estrutura resistente Tubo quadrado com dep\u00f3sito de \u00e1gua<\/td>\n<\/tr>\n<tr>\n<td width=\"662\">Alimenta\u00e7\u00e3o el\u00e9ctrica<\/td>\n<td width=\"662\">Pot\u00eancia 200A (corte de metal com menos de 20 mm), corte de metal com chama com menos de 300 mm<\/td>\n<\/tr>\n<tr>\n<td width=\"662\">Espessura de corte<\/td>\n<td width=\"662\">300 mm m\u00e1x.<\/td>\n<\/tr>\n<tr>\n<td width=\"662\">Precis\u00e3o de corte<\/td>\n<td width=\"662\">\u00b10. 5mm<\/td>\n<\/tr>\n<tr>\n<td width=\"662\">Precis\u00e3o de reposicionamento<\/td>\n<td width=\"662\">\u00b10,05mm<\/td>\n<\/tr>\n<tr>\n<td width=\"662\">Velocidade de desloca\u00e7\u00e3o<\/td>\n<td width=\"662\">15m\/min<\/td>\n<\/tr>\n<tr>\n<td width=\"662\">velocidade de corte<\/td>\n<td width=\"662\">8m\/min<\/td>\n<\/tr>\n<tr>\n<td width=\"662\">Controlador de altura da tocha<\/td>\n<td width=\"662\">Controlo da marca de arranque-Controlo da tens\u00e3o do arco<\/td>\n<\/tr>\n<tr>\n<td width=\"662\">Pot\u00eancia bruta<\/td>\n<td width=\"662\">8,5-10,5KW<\/td>\n<\/tr>\n<tr>\n<td width=\"662\">Sistema de controlo<\/td>\n<td width=\"662\">Sistema de controlo de arranque especial para plasma<\/td>\n<\/tr>\n<tr>\n<td width=\"662\">Motor<\/td>\n<td width=\"662\">Passo a passo<\/td>\n<\/tr>\n<tr>\n<td width=\"662\"><a href=\"app:ds:consumable\">Consum\u00edveis<\/a>\u00a0<a href=\"app:ds:items\">artigos<\/a><\/td>\n<td width=\"662\">A melhor marca chinesa (polar e jato) 20 conjuntos<\/td>\n<\/tr>\n<tr>\n<td width=\"662\">Modo de transmiss\u00e3o<\/td>\n<td width=\"662\">Taiwan TBI calha de guia quadrada e roda dentada para eixo XY<\/td>\n<\/tr>\n<tr>\n<td width=\"662\">Modo de entrada de ficheiros<\/td>\n<td width=\"662\">USB<\/td>\n<\/tr>\n<tr>\n<td width=\"662\">Software<\/td>\n<td width=\"662\">Ucancam V9<\/td>\n<\/tr>\n<\/tbody>\n<\/table>\n<p>Fotos da m\u00e1quina:<\/p>\n<p><img alt=\"\" fetchpriority=\"high\" decoding=\"async\" class=\"alignnone size-full wp-image-4162\" src=\"https:\/\/wisecnclaser.com\/wp-content\/uploads\/2025\/09\/0.jpg\" width=\"800\" height=\"800\" srcset=\"https:\/\/wisecnclaser.com\/wp-content\/uploads\/2025\/09\/0.jpg 800w, https:\/\/wisecnclaser.com\/wp-content\/uploads\/2025\/09\/0-300x300.jpg 300w, https:\/\/wisecnclaser.com\/wp-content\/uploads\/2025\/09\/0-150x150.jpg 150w, https:\/\/wisecnclaser.com\/wp-content\/uploads\/2025\/09\/0-768x768.jpg 768w, https:\/\/wisecnclaser.com\/wp-content\/uploads\/2025\/09\/0-12x12.jpg 12w, https:\/\/wisecnclaser.com\/wp-content\/uploads\/2025\/09\/0-600x600.jpg 600w, https:\/\/wisecnclaser.com\/wp-content\/uploads\/2025\/09\/0-100x100.jpg 100w\" sizes=\"(max-width: 800px) 100vw, 800px\" \/><\/p>\n<p>Amostras de corte:<\/p>\n<p><img alt=\"\" decoding=\"async\" class=\"alignnone size-full wp-image-4163\" src=\"https:\/\/wisecnclaser.com\/wp-content\/uploads\/2025\/09\/\u672a\u547d\u540d.jpg\" width=\"800\" height=\"800\" srcset=\"https:\/\/wisecnclaser.com\/wp-content\/uploads\/2025\/09\/\u672a\u547d\u540d.jpg 800w, https:\/\/wisecnclaser.com\/wp-content\/uploads\/2025\/09\/\u672a\u547d\u540d-300x300.jpg 300w, https:\/\/wisecnclaser.com\/wp-content\/uploads\/2025\/09\/\u672a\u547d\u540d-150x150.jpg 150w, https:\/\/wisecnclaser.com\/wp-content\/uploads\/2025\/09\/\u672a\u547d\u540d-768x768.jpg 768w, https:\/\/wisecnclaser.com\/wp-content\/uploads\/2025\/09\/\u672a\u547d\u540d-12x12.jpg 12w, https:\/\/wisecnclaser.com\/wp-content\/uploads\/2025\/09\/\u672a\u547d\u540d-600x600.jpg 600w, https:\/\/wisecnclaser.com\/wp-content\/uploads\/2025\/09\/\u672a\u547d\u540d-100x100.jpg 100w\" sizes=\"(max-width: 800px) 100vw, 800px\" \/><\/p>","protected":false},"excerpt":{"rendered":"<p>Gantry Type Plasma Cutting Machine for Thick Metal Cutting, with 200A plasma cutting head and one flame cutting head, 200A can cut 20mm max metal, flame cutting head can cut 300mm max, this machine is mainly used for thick metal cutting and metal steel fabrication.<\/p>","protected":false},"featured_media":4161,"template":"","meta":{"_seopress_robots_primary_cat":"","_seopress_titles_title":"%%post_title%%","_seopress_titles_desc":"","_seopress_robots_index":"","_uag_custom_page_level_css":"","site-sidebar-layout":"default","site-content-layout":"","ast-site-content-layout":"default","site-content-style":"default","site-sidebar-style":"default","ast-global-header-display":"","ast-banner-title-visibility":"","ast-main-header-display":"","ast-hfb-above-header-display":"","ast-hfb-below-header-display":"","ast-hfb-mobile-header-display":"","site-post-title":"","ast-breadcrumbs-content":"","ast-featured-img":"","footer-sml-layout":"","ast-disable-related-posts":"","theme-transparent-header-meta":"default","adv-header-id-meta":"","stick-header-meta":"default","header-above-stick-meta":"","header-main-stick-meta":"","header-below-stick-meta":"","astra-migrate-meta-layouts":"set","ast-page-background-enabled":"default","ast-page-background-meta":{"desktop":{"background-color":"","background-image":"","background-repeat":"repeat","background-position":"center center","background-size":"auto","background-attachment":"scroll","background-type":"","background-media":"","overlay-type":"","overlay-color":"","overlay-opacity":"","overlay-gradient":""},"tablet":{"background-color":"","background-image":"","background-repeat":"repeat","background-position":"center center","background-size":"auto","background-attachment":"scroll","background-type":"","background-media":"","overlay-type":"","overlay-color":"","overlay-opacity":"","overlay-gradient":""},"mobile":{"background-color":"","background-image":"","background-repeat":"repeat","background-position":"center center","background-size":"auto","background-attachment":"scroll","background-type":"","background-media":"","overlay-type":"","overlay-color":"","overlay-opacity":"","overlay-gradient":""}},"ast-content-background-meta":{"desktop":{"background-color":"var(--ast-global-color-5)","background-image":"","background-repeat":"repeat","background-position":"center center","background-size":"auto","background-attachment":"scroll","background-type":"","background-media":"","overlay-type":"","overlay-color":"","overlay-opacity":"","overlay-gradient":""},"tablet":{"background-color":"var(--ast-global-color-5)","background-image":"","background-repeat":"repeat","background-position":"center center","background-size":"auto","background-attachment":"scroll","background-type":"","background-media":"","overlay-type":"","overlay-color":"","overlay-opacity":"","overlay-gradient":""},"mobile":{"background-color":"var(--ast-global-color-5)","background-image":"","background-repeat":"repeat","background-position":"center center","background-size":"auto","background-attachment":"scroll","background-type":"","background-media":"","overlay-type":"","overlay-color":"","overlay-opacity":"","overlay-gradient":""}}},"product_brand":[],"product_cat":[59],"product_tag":[133,128,131,126,130,136,124,123,122,132,129,135,127,134,125],"class_list":{"0":"post-4158","1":"product","2":"type-product","3":"status-publish","4":"has-post-thumbnail","6":"product_cat-plasma","7":"product_tag-2060-plasma-cutting-machine","8":"product_tag-carbon-steel-cutting-machine","9":"product_tag-china-plasma-cutting-machine","10":"product_tag-metal-cutting-machine","11":"product_tag-metal-machine-factory","12":"product_tag-metal-plasma-cutter","13":"product_tag-metal-plasma-cutting-machine","14":"product_tag-plasma-cutter","15":"product_tag-plasma-cutting-machine","16":"product_tag-plasma-cutting-machine-factory","17":"product_tag-stainless-steel-cutting-machine","18":"product_tag-steel-cutter","19":"product_tag-steel-cutting-machine","20":"product_tag-steel-fabrication-machine","21":"product_tag-steel-plasma-cutting-machine","22":"desktop-align-left","23":"tablet-align-left","24":"mobile-align-left","25":"ast-product-gallery-layout-horizontal-slider","26":"ast-product-gallery-with-no-image","27":"ast-product-tabs-layout-horizontal","29":"first","30":"instock","31":"shipping-taxable","32":"product-type-simple"},"uagb_featured_image_src":{"full":["https:\/\/wisecnclaser.com\/wp-content\/uploads\/2025\/09\/\u5fae\u4fe1\u56fe\u7247_20250904094659_11_155.png",751,492,false],"thumbnail":["https:\/\/wisecnclaser.com\/wp-content\/uploads\/2025\/09\/\u5fae\u4fe1\u56fe\u7247_20250904094659_11_155-150x150.png",150,150,true],"medium":["https:\/\/wisecnclaser.com\/wp-content\/uploads\/2025\/09\/\u5fae\u4fe1\u56fe\u7247_20250904094659_11_155-300x197.png",300,197,true],"medium_large":["https:\/\/wisecnclaser.com\/wp-content\/uploads\/2025\/09\/\u5fae\u4fe1\u56fe\u7247_20250904094659_11_155.png",751,492,false],"large":["https:\/\/wisecnclaser.com\/wp-content\/uploads\/2025\/09\/\u5fae\u4fe1\u56fe\u7247_20250904094659_11_155.png",751,492,false],"1536x1536":["https:\/\/wisecnclaser.com\/wp-content\/uploads\/2025\/09\/\u5fae\u4fe1\u56fe\u7247_20250904094659_11_155.png",751,492,false],"2048x2048":["https:\/\/wisecnclaser.com\/wp-content\/uploads\/2025\/09\/\u5fae\u4fe1\u56fe\u7247_20250904094659_11_155.png",751,492,false],"trp-custom-language-flag":["https:\/\/wisecnclaser.com\/wp-content\/uploads\/2025\/09\/\u5fae\u4fe1\u56fe\u7247_20250904094659_11_155-18x12.png",18,12,true],"woocommerce_thumbnail":["https:\/\/wisecnclaser.com\/wp-content\/uploads\/2025\/09\/\u5fae\u4fe1\u56fe\u7247_20250904094659_11_155-300x300.png",300,300,true],"woocommerce_single":["https:\/\/wisecnclaser.com\/wp-content\/uploads\/2025\/09\/\u5fae\u4fe1\u56fe\u7247_20250904094659_11_155-600x393.png",600,393,true],"woocommerce_gallery_thumbnail":["https:\/\/wisecnclaser.com\/wp-content\/uploads\/2025\/09\/\u5fae\u4fe1\u56fe\u7247_20250904094659_11_155-100x100.png",100,100,true]},"uagb_author_info":{"display_name":"jinxing6611@gmail.com","author_link":"https:\/\/wisecnclaser.com\/pt\/author\/"},"uagb_comment_info":0,"uagb_excerpt":"Gantry Type Plasma Cutting Machine for Thick Metal Cutting, with 200A plasma cutting head and one flame cutting head, 200A can cut 20mm max metal, flame cutting head can cut 300mm max, this machine is mainly used for thick metal cutting and metal steel fabrication.","_links":{"self":[{"href":"https:\/\/wisecnclaser.com\/pt\/wp-json\/wp\/v2\/product\/4158","targetHints":{"allow":["GET"]}}],"collection":[{"href":"https:\/\/wisecnclaser.com\/pt\/wp-json\/wp\/v2\/product"}],"about":[{"href":"https:\/\/wisecnclaser.com\/pt\/wp-json\/wp\/v2\/types\/product"}],"wp:featuredmedia":[{"embeddable":true,"href":"https:\/\/wisecnclaser.com\/pt\/wp-json\/wp\/v2\/media\/4161"}],"wp:attachment":[{"href":"https:\/\/wisecnclaser.com\/pt\/wp-json\/wp\/v2\/media?parent=4158"}],"wp:term":[{"taxonomy":"product_brand","embeddable":true,"href":"https:\/\/wisecnclaser.com\/pt\/wp-json\/wp\/v2\/product_brand?post=4158"},{"taxonomy":"product_cat","embeddable":true,"href":"https:\/\/wisecnclaser.com\/pt\/wp-json\/wp\/v2\/product_cat?post=4158"},{"taxonomy":"product_tag","embeddable":true,"href":"https:\/\/wisecnclaser.com\/pt\/wp-json\/wp\/v2\/product_tag?post=4158"}],"curies":[{"name":"wp","href":"https:\/\/api.w.org\/{rel}","templated":true}]}}