{"id":4165,"date":"2025-09-09T01:43:27","date_gmt":"2025-09-09T01:43:27","guid":{"rendered":"https:\/\/wisecnclaser.com\/?post_type=product&#038;p=4165"},"modified":"2025-09-09T01:43:27","modified_gmt":"2025-09-09T01:43:27","slug":"ws48-atc-cnc-router-solution-for-sign-making-industry","status":"publish","type":"product","link":"https:\/\/wisecnclaser.com\/pt\/produto\/ws48-atc-cnc-router-solution-for-sign-making-industry\/","title":{"rendered":"Solu\u00e7\u00e3o de fresadora CNC WS48 ATC para a ind\u00fastria de sinaliza\u00e7\u00e3o"},"content":{"rendered":"<p><strong>A derradeira solu\u00e7\u00e3o de fresadora CNC ATC para a ind\u00fastria moderna de fabrico de sinais<\/strong><\/p>\n<p>O sector da sinaliza\u00e7\u00e3o \u00e9 um campo din\u00e2mico onde a criatividade se alia \u00e0 precis\u00e3o e a prazos apertados. Para se manterem competitivas, as lojas precisam de tecnologia que seja n\u00e3o s\u00f3 vers\u00e1til e exacta, mas tamb\u00e9m incrivelmente eficiente. \u00c9 aqui que a fresadora CNC de Mudan\u00e7a Autom\u00e1tica de Ferramenta (ATC) se tornou um fator de mudan\u00e7a, revolucionando a forma como os sinais s\u00e3o concebidos e produzidos.<\/p>\n<p><strong>O desafio: Complexidade e restri\u00e7\u00f5es de tempo<\/strong><\/p>\n<p>O fabrico tradicional de sinais envolveu frequentemente trabalho manual para diferentes processos: fresagem, perfura\u00e7\u00e3o, grava\u00e7\u00e3o e v-grooving. A altern\u00e2ncia entre estas opera\u00e7\u00f5es exigia mudan\u00e7as manuais de brocas, o que consumia muito tempo, estava sujeito a erros humanos e limitava a complexidade dos projectos que podiam ser realizados de forma rent\u00e1vel.<\/p>\n<p><strong>A solu\u00e7\u00e3o: Automatiza\u00e7\u00e3o com uma m\u00e1quina CNC ATC<\/strong><\/p>\n<p>Uma m\u00e1quina CNC ATC foi especificamente concebida para ultrapassar estes obst\u00e1culos. O seu trocador autom\u00e1tico de ferramentas integrado permite que a tupia troque as pe\u00e7as de corte de um carrossel pr\u00e9-carregado sem interven\u00e7\u00e3o do operador, com base no programa de desenho digital.<\/p>\n<p>Para uma loja de sinal\u00e9tica, isto significa que uma \u00fanica fresadora CNC com ATC pode executar sem problemas um trabalho completo: pode come\u00e7ar com uma passagem de desbaste utilizando uma fresa de topo de grande di\u00e2metro, mudar automaticamente para uma broca de ponta esf\u00e9rica fina para um entalhe 3D detalhado, depois mudar para uma broca em V para uma grava\u00e7\u00e3o precisa de texto e, finalmente, utilizar uma broca para furos de montagem - tudo num ciclo ininterrupto.<\/p>\n<p><strong>Principais vantagens de uma tupia para madeira ATC para a produ\u00e7\u00e3o de sinais:<\/strong><\/p>\n<p>1. Produtividade e efici\u00eancia inigual\u00e1veis: A vantagem mais significativa \u00e9 a redu\u00e7\u00e3o dr\u00e1stica do tempo de inatividade. N\u00e3o \u00e9 necess\u00e1rio fazer uma pausa na m\u00e1quina, localizar a pr\u00f3xima broca e calibr\u00e1-la manualmente. Isto permite um fabrico sem luzes, executando trabalhos complexos durante a noite e aumentando significativamente a produ\u00e7\u00e3o.<\/p>\n<p>2. Capacidade de desenho complexo: Uma tupia para madeira ATC d\u00e1 poder aos projectistas. Estes j\u00e1 n\u00e3o est\u00e3o limitados por um limite pr\u00e1tico do n\u00famero de tipos de ferramentas num \u00fanico projeto. Sinais intrincados que combinam letras em relevo, fundos texturados e contornos complexos tornam-se n\u00e3o s\u00f3 poss\u00edveis como tamb\u00e9m eficientes de produzir.<\/p>\n<p>3. Consist\u00eancia e exatid\u00e3o superiores: Cada mudan\u00e7a de ferramenta \u00e9 efectuada com precis\u00e3o rob\u00f3tica. Isto elimina as ligeiras varia\u00e7\u00f5es que podem ocorrer com as mudan\u00e7as manuais, assegurando que todos os sinais de uma produ\u00e7\u00e3o s\u00e3o absolutamente id\u00eanticos, com um registo perfeito entre as diferentes opera\u00e7\u00f5es de maquina\u00e7\u00e3o.<\/p>\n<p>4. Redu\u00e7\u00e3o dos custos de m\u00e3o de obra e das barreiras de compet\u00eancias: Embora um operador qualificado continue a ser essencial para a programa\u00e7\u00e3o e supervis\u00e3o, a m\u00e1quina encarrega-se das complexas mudan\u00e7as de ferramentas. Isto optimiza a m\u00e3o de obra, permitindo a um operador gerir v\u00e1rias m\u00e1quinas e reduzindo a necessidade de uma interven\u00e7\u00e3o manual altamente experiente para cada trabalho.<\/p>\n<p><strong>Porqu\u00ea adquirir um router CNC ATC da China?<\/strong><\/p>\n<p>O panorama do fabrico global mudou e a China emergiu como l\u00edder em maquinaria CNC. O fornecimento de uma fresadora CNC ATC da China oferece vantagens distintas para as empresas de sinaliza\u00e7\u00e3o:<\/p>\n<p>Excelente proposta de valor: Os fabricantes chineses oferecem um equil\u00edbrio convincente de carater\u00edsticas avan\u00e7adas, constru\u00e7\u00e3o robusta e pre\u00e7os competitivos, oferecendo um retorno do investimento muito mais r\u00e1pido.<br \/>\nTecnologia avan\u00e7ada: Muitas das principais marcas chinesas de CNC investem fortemente em I&amp;D, incorporando fusos de alto desempenho, controladores sofisticados (muitas vezes com software de f\u00e1cil utiliza\u00e7\u00e3o) e mecanismos ATC fi\u00e1veis que rivalizam e muitas vezes ultrapassam os seus hom\u00f3logos mais caros.<br \/>\nPersonaliza\u00e7\u00e3o e suporte: Os fornecedores de renome oferecem frequentemente modelos de v\u00e1rios tamanhos e configura\u00e7\u00f5es adaptados \u00e0s necessidades espec\u00edficas da ind\u00fastria, incluindo a ind\u00fastria de sinaliza\u00e7\u00e3o. Muitos tamb\u00e9m fornecem apoio p\u00f3s-venda abrangente, forma\u00e7\u00e3o e pe\u00e7as sobresselentes prontamente dispon\u00edveis a n\u00edvel mundial.<\/p>\n<p><strong>Escolher a fresadora CNC correta com ATC<\/strong><\/p>\n<p>Ao investir numa fresadora CNC com ATC para o seu neg\u00f3cio de sinaliza\u00e7\u00e3o, considere:<\/p>\n<p>Tamanho da mesa de trabalho: Assegurar que pode suportar as suas folhas de material t\u00edpicas (por exemplo, 4\u2032 x 8\u2032, 5\u2032 x 10\u2032).<br \/>\nCapacidade de ferramentas: Um carrossel de 6-12 ferramentas \u00e9 frequentemente suficiente para a maioria dos trabalhos de sinaliza\u00e7\u00e3o, mas est\u00e3o dispon\u00edveis capacidades maiores para projectos altamente complexos.<br \/>\nPot\u00eancia do fuso: Um fuso forte (por exemplo, 7,5kW a 15kW) garante cortes limpos em v\u00e1rios materiais, desde acr\u00edlico e painel composto de alum\u00ednio (ACM) a madeira dura.<br \/>\nSistema de controlo e software: Um controlador de f\u00e1cil utiliza\u00e7\u00e3o que funcione perfeitamente com o software de desenho comum (como o AutoCAD e o Aspire) \u00e9 crucial para um fluxo de trabalho sem problemas.<\/p>\n<p><strong>Conclus\u00e3o<\/strong><\/p>\n<p>Para a ind\u00fastria moderna de fabrico de sinais, uma fresadora CNC ATC j\u00e1 n\u00e3o \u00e9 um luxo; \u00e9 uma necessidade estrat\u00e9gica para o crescimento, a rentabilidade e a vantagem competitiva. Transforma a produ\u00e7\u00e3o de uma s\u00e9rie de passos manuais num processo simplificado e automatizado que desbloqueia novas possibilidades criativas e comerciais. Ao investir em uma m\u00e1quina CNC ATC de alta qualidade - especialmente um roteador CNC ATC da China com valor agregado - os fabricantes de sinaliza\u00e7\u00e3o podem elevar seu of\u00edcio, cumprir prazos exigentes com facilidade e conquistar uma posi\u00e7\u00e3o dominante no mercado.<\/p>\n<p><strong>Aqui est\u00e1 a nossa m\u00e1quina router cnc de madeira de mudan\u00e7a de ferramenta autom\u00e1tica industrial de venda quente para a ind\u00fastria de sinal:<\/strong><\/p>\n<table>\n<tbody>\n<tr>\n<td width=\"414\">X \u00c1REA DE TRABALHO<\/td>\n<td width=\"929\">1300mm<\/td>\n<\/tr>\n<tr>\n<td width=\"414\">Y \u00c1REA DE TRABALHO<\/td>\n<td width=\"929\">2500 mm<\/td>\n<\/tr>\n<tr>\n<td width=\"414\">Z ZONA DE TRABALHO<\/td>\n<td width=\"929\">200 mm<\/td>\n<\/tr>\n<tr>\n<td width=\"414\">TABELA DE M\u00c1QUINAS<\/td>\n<td width=\"929\">Mesa de adsor\u00e7\u00e3o por v\u00e1cuo<\/td>\n<\/tr>\n<tr>\n<td width=\"414\">C\u00d3DIGO DE COMANDO<\/td>\n<td width=\"929\">C\u00f3digo G<\/td>\n<\/tr>\n<tr>\n<td width=\"414\">ESTRUTURA DO EIXO XYZ<\/td>\n<td width=\"929\">Trilho de rack X \/ Y Taiwan \uff0c torna o trabalho da m\u00e1quina mais est\u00e1vel; Trilho de parafuso Z<\/td>\n<\/tr>\n<tr>\n<td width=\"414\">POT\u00caNCIA DO COLECTOR DE P\u00d3<\/td>\n<td width=\"929\">Sacos duplos de 3KW<\/td>\n<\/tr>\n<tr>\n<td width=\"414\">PODER<\/td>\n<td width=\"929\">AC380V 3 FASE \/ 50Hz<\/td>\n<\/tr>\n<tr>\n<td width=\"414\">EIXO<\/td>\n<td width=\"929\">Eixo ATC de 9kw com refrigera\u00e7\u00e3o a ar, marca chinesa<\/td>\n<\/tr>\n<tr>\n<td width=\"414\">POT\u00caNCIA TOTAL DE TRABALHO<\/td>\n<td width=\"929\">26KW<\/td>\n<\/tr>\n<tr>\n<td width=\"414\">VELOCIDADE DE ROTA\u00c7\u00c3O DO FUSO<\/td>\n<td width=\"929\">18000rpm \/ min<\/td>\n<\/tr>\n<tr>\n<td width=\"414\">INVERSOR<\/td>\n<td width=\"929\">Inversor de 11KW<\/td>\n<\/tr>\n<tr>\n<td width=\"414\">MOTOR DE ACCIONAMENTO<\/td>\n<td width=\"929\">Servomotor h\u00edbrido chin\u00eas<\/td>\n<\/tr>\n<tr>\n<td width=\"414\">SISTEMA OPERATIVO<\/td>\n<td width=\"929\">Controlador NK105 G3<\/td>\n<\/tr>\n<tr>\n<td width=\"414\">POT\u00caNCIA DA BOMBA DE V\u00c1CUO<\/td>\n<td width=\"929\">Bomba de v\u00e1cuo de tipo \u00e1gua de 7,5KW<\/td>\n<\/tr>\n<tr>\n<td width=\"414\">CARRIS LINEARES<\/td>\n<td width=\"929\">Carril quadrado da marca Taiwan, mais est\u00e1vel<\/td>\n<\/tr>\n<tr>\n<td width=\"414\">REDUTOR<\/td>\n<td width=\"929\">Marca japonesa shimpoo<\/td>\n<\/tr>\n<tr>\n<td width=\"414\">PARAFUSO DE ESFERA<\/td>\n<td width=\"929\">Marca de Taiwan<\/td>\n<\/tr>\n<tr>\n<td width=\"414\">PESO<\/td>\n<td width=\"929\">2000KGS<\/td>\n<\/tr>\n<tr>\n<td width=\"414\">OUTRAS PE\u00c7AS AUXILIARES<\/td>\n<td width=\"929\">3+4 pinos de abertura\/posi\u00e7\u00e3o do cilindro,<\/p>\n<p>Sistema de lubrifica\u00e7\u00e3o autom\u00e1tica<\/p>\n<p>Sensor de ferramentas<\/p>\n<p>Software<\/p>\n<p>Caixa de ferramentas 1<\/p>\n<p>Mandril para ferramentas 8 pe\u00e7as<\/p>\n<p>Recolher 8 pe\u00e7as<\/p>\n<p>Chaves 4<\/td>\n<\/tr>\n<\/tbody>\n<\/table>","protected":false},"excerpt":{"rendered":"<p>An ATC CNC Router Solution for the Sign Making Industry can perform precise processing on various sign materials such as acrylic and metal, and produce various exquisite signboards, meeting the requirements of the sign &#8211; making industry for diversified and high &#8211; precision processing.<\/p>\n<p>&nbsp;<\/p>","protected":false},"featured_media":4169,"template":"","meta":{"_seopress_robots_primary_cat":"","_seopress_titles_title":"","_seopress_titles_desc":"","_seopress_robots_index":"","_uag_custom_page_level_css":"","site-sidebar-layout":"default","site-content-layout":"","ast-site-content-layout":"default","site-content-style":"default","site-sidebar-style":"default","ast-global-header-display":"","ast-banner-title-visibility":"","ast-main-header-display":"","ast-hfb-above-header-display":"","ast-hfb-below-header-display":"","ast-hfb-mobile-header-display":"","site-post-title":"","ast-breadcrumbs-content":"","ast-featured-img":"","footer-sml-layout":"","ast-disable-related-posts":"","theme-transparent-header-meta":"default","adv-header-id-meta":"","stick-header-meta":"default","header-above-stick-meta":"","header-main-stick-meta":"","header-below-stick-meta":"","astra-migrate-meta-layouts":"set","ast-page-background-enabled":"default","ast-page-background-meta":{"desktop":{"background-color":"","background-image":"","background-repeat":"repeat","background-position":"center center","background-size":"auto","background-attachment":"scroll","background-type":"","background-media":"","overlay-type":"","overlay-color":"","overlay-opacity":"","overlay-gradient":""},"tablet":{"background-color":"","background-image":"","background-repeat":"repeat","background-position":"center center","background-size":"auto","background-attachment":"scroll","background-type":"","background-media":"","overlay-type":"","overlay-color":"","overlay-opacity":"","overlay-gradient":""},"mobile":{"background-color":"","background-image":"","background-repeat":"repeat","background-position":"center center","background-size":"auto","background-attachment":"scroll","background-type":"","background-media":"","overlay-type":"","overlay-color":"","overlay-opacity":"","overlay-gradient":""}},"ast-content-background-meta":{"desktop":{"background-color":"var(--ast-global-color-5)","background-image":"","background-repeat":"repeat","background-position":"center center","background-size":"auto","background-attachment":"scroll","background-type":"","background-media":"","overlay-type":"","overlay-color":"","overlay-opacity":"","overlay-gradient":""},"tablet":{"background-color":"var(--ast-global-color-5)","background-image":"","background-repeat":"repeat","background-position":"center center","background-size":"auto","background-attachment":"scroll","background-type":"","background-media":"","overlay-type":"","overlay-color":"","overlay-opacity":"","overlay-gradient":""},"mobile":{"background-color":"var(--ast-global-color-5)","background-image":"","background-repeat":"repeat","background-position":"center center","background-size":"auto","background-attachment":"scroll","background-type":"","background-media":"","overlay-type":"","overlay-color":"","overlay-opacity":"","overlay-gradient":""}}},"product_brand":[],"product_cat":[65],"product_tag":[142,143,138,146,145,144,137,103,139,140,141],"class_list":{"0":"post-4165","1":"product","2":"type-product","3":"status-publish","4":"has-post-thumbnail","6":"product_cat-atccnc","7":"product_tag-1325-atc-cnc-router","8":"product_tag-1530-atc-cnc-router","9":"product_tag-atc-cnc-machine","10":"product_tag-atc-cnc-router-for-sale","11":"product_tag-atc-cnc-router-price","12":"product_tag-atc-cnc-routing-machine","13":"product_tag-atc-wood-router","14":"product_tag-automatic-tool-changing-cnc-router","15":"product_tag-china-atc-cnc-router","16":"product_tag-cnc-router-with-atc","17":"product_tag-industrial-atc-cnc-router","18":"desktop-align-left","19":"tablet-align-left","20":"mobile-align-left","21":"ast-product-gallery-layout-horizontal-slider","22":"ast-product-gallery-with-no-image","23":"ast-product-tabs-layout-horizontal","25":"first","26":"instock","27":"shipping-taxable","28":"product-type-simple"},"uagb_featured_image_src":{"full":["https:\/\/wisecnclaser.com\/wp-content\/uploads\/2025\/09\/\u8fc8\u5409\u514b\u540e\u7f6eNK105\u6362\u5200\u673a.png",1084,1080,false],"thumbnail":["https:\/\/wisecnclaser.com\/wp-content\/uploads\/2025\/09\/\u8fc8\u5409\u514b\u540e\u7f6eNK105\u6362\u5200\u673a-150x150.png",150,150,true],"medium":["https:\/\/wisecnclaser.com\/wp-content\/uploads\/2025\/09\/\u8fc8\u5409\u514b\u540e\u7f6eNK105\u6362\u5200\u673a-300x300.png",300,300,true],"medium_large":["https:\/\/wisecnclaser.com\/wp-content\/uploads\/2025\/09\/\u8fc8\u5409\u514b\u540e\u7f6eNK105\u6362\u5200\u673a-768x765.png",768,765,true],"large":["https:\/\/wisecnclaser.com\/wp-content\/uploads\/2025\/09\/\u8fc8\u5409\u514b\u540e\u7f6eNK105\u6362\u5200\u673a-1024x1020.png",1024,1020,true],"1536x1536":["https:\/\/wisecnclaser.com\/wp-content\/uploads\/2025\/09\/\u8fc8\u5409\u514b\u540e\u7f6eNK105\u6362\u5200\u673a.png",1084,1080,false],"2048x2048":["https:\/\/wisecnclaser.com\/wp-content\/uploads\/2025\/09\/\u8fc8\u5409\u514b\u540e\u7f6eNK105\u6362\u5200\u673a.png",1084,1080,false],"trp-custom-language-flag":["https:\/\/wisecnclaser.com\/wp-content\/uploads\/2025\/09\/\u8fc8\u5409\u514b\u540e\u7f6eNK105\u6362\u5200\u673a-12x12.png",12,12,true],"woocommerce_thumbnail":["https:\/\/wisecnclaser.com\/wp-content\/uploads\/2025\/09\/\u8fc8\u5409\u514b\u540e\u7f6eNK105\u6362\u5200\u673a-300x300.png",300,300,true],"woocommerce_single":["https:\/\/wisecnclaser.com\/wp-content\/uploads\/2025\/09\/\u8fc8\u5409\u514b\u540e\u7f6eNK105\u6362\u5200\u673a-600x598.png",600,598,true],"woocommerce_gallery_thumbnail":["https:\/\/wisecnclaser.com\/wp-content\/uploads\/2025\/09\/\u8fc8\u5409\u514b\u540e\u7f6eNK105\u6362\u5200\u673a-100x100.png",100,100,true]},"uagb_author_info":{"display_name":"jinxing6611@gmail.com","author_link":"https:\/\/wisecnclaser.com\/pt\/author\/"},"uagb_comment_info":0,"uagb_excerpt":"An ATC CNC Router Solution for the Sign Making Industry can perform precise processing on various sign materials such as acrylic and metal, and produce various exquisite signboards, meeting the requirements of the sign - making industry for diversified and high - precision processing. &nbsp;","_links":{"self":[{"href":"https:\/\/wisecnclaser.com\/pt\/wp-json\/wp\/v2\/product\/4165","targetHints":{"allow":["GET"]}}],"collection":[{"href":"https:\/\/wisecnclaser.com\/pt\/wp-json\/wp\/v2\/product"}],"about":[{"href":"https:\/\/wisecnclaser.com\/pt\/wp-json\/wp\/v2\/types\/product"}],"wp:featuredmedia":[{"embeddable":true,"href":"https:\/\/wisecnclaser.com\/pt\/wp-json\/wp\/v2\/media\/4169"}],"wp:attachment":[{"href":"https:\/\/wisecnclaser.com\/pt\/wp-json\/wp\/v2\/media?parent=4165"}],"wp:term":[{"taxonomy":"product_brand","embeddable":true,"href":"https:\/\/wisecnclaser.com\/pt\/wp-json\/wp\/v2\/product_brand?post=4165"},{"taxonomy":"product_cat","embeddable":true,"href":"https:\/\/wisecnclaser.com\/pt\/wp-json\/wp\/v2\/product_cat?post=4165"},{"taxonomy":"product_tag","embeddable":true,"href":"https:\/\/wisecnclaser.com\/pt\/wp-json\/wp\/v2\/product_tag?post=4165"}],"curies":[{"name":"wp","href":"https:\/\/api.w.org\/{rel}","templated":true}]}}