{"id":4193,"date":"2025-09-30T06:23:32","date_gmt":"2025-09-30T06:23:32","guid":{"rendered":"https:\/\/wisecnclaser.com\/?post_type=product&#038;p=4193"},"modified":"2025-09-22T06:51:10","modified_gmt":"2025-09-22T06:51:10","slug":"ws2800-cnc-woodworking-automatic-computer-panel-beam-saw","status":"publish","type":"product","link":"https:\/\/wisecnclaser.com\/pt\/produto\/ws2800-cnc-woodworking-automatic-computer-panel-beam-saw\/","title":{"rendered":"WS2800 Serra de viga para painel de computador autom\u00e1tica para trabalho em madeira CNC"},"content":{"rendered":"<p>1. Vis\u00e3o geral do equipamento de serra de painel de vigas CNC WS2800:<br \/>\nEsta m\u00e1quina \u00e9 adequada para serrar e processar pain\u00e9is de part\u00edculas, pain\u00e9is multicamadas, pain\u00e9is de fibra de m\u00e9dia densidade, pain\u00e9is de fibra de densidade, pain\u00e9is de part\u00edculas, pain\u00e9is de PVC, pain\u00e9is de pedra artificial, pain\u00e9is de silicato de c\u00e1lcio para pain\u00e9is de parede exterior, cart\u00e3o e favo de mel de alum\u00ednio. Tanto a serra principal como o alimentador s\u00e3o guiados por guias lineares, garantindo uma precis\u00e3o superior. A precis\u00e3o de posicionamento n\u00e3o \u00e9 afetada pelo ambiente circundante e pelos campos magn\u00e9ticos, tornando-a segura e est\u00e1vel, n\u00e3o necessitando de manuten\u00e7\u00e3o ou ajuste. O p\u00f3 da serra \u00e9 recolhido com precis\u00e3o, atingindo uma taxa de recolha de p\u00f3 pr\u00f3xima de 100%, ao contr\u00e1rio da recolha de p\u00f3 tradicional de tipo aberto.<\/p>\n<p>O bra\u00e7o rob\u00f3tico pode atingir uma velocidade de corte m\u00ednima de 30*45mm. Um servo motor controla a velocidade de corte, conseguindo um corte CNC de servo duplo para uma estabilidade de corte superior. Tamb\u00e9m possui um sistema de dete\u00e7\u00e3o de falhas online, que desliga automaticamente a m\u00e1quina em caso de falha, e dete\u00e7\u00e3o autom\u00e1tica de falhas para uma r\u00e1pida resolu\u00e7\u00e3o de problemas. A monitoriza\u00e7\u00e3o visual do estado da serragem permite uma monitoriza\u00e7\u00e3o visual constante e o software inteligente de otimiza\u00e7\u00e3o do corte poupa tempo, materiais e m\u00e3o de obra. As suas carater\u00edsticas s\u00e3o a automatiza\u00e7\u00e3o, a elevada efici\u00eancia, a elevada precis\u00e3o e a est\u00e9tica. Tem sido amplamente utilizado por fabricantes de mobili\u00e1rio de painel, tanto a n\u00edvel nacional como internacional, e apresenta um funcionamento de alto desempenho.<\/p>\n<p>&nbsp;<\/p>\n<p>A serra autom\u00e1tica de vigas para computador WS2800 tamb\u00e9m tem as seguintes carater\u00edsticas:<br \/>\n\u2460. Os componentes el\u00e9ctricos utilizam marcas nacionais e internacionais de renome, tais como Taiwan Yonghong System, INVT Servo and Inverter, Schneider Electric e Taiwan Airtek Pneumatic Solenoid Valves, garantindo um funcionamento est\u00e1vel.<br \/>\n\u2461. A estrutura de precis\u00e3o \u00e9 meticulosamente maquinada para uma elevada precis\u00e3o e fiabilidade. N\u00e3o \u00e9 necess\u00e1ria qualquer compensa\u00e7\u00e3o eletr\u00f3nica de posicionamento da balan\u00e7a e a precis\u00e3o n\u00e3o \u00e9 afetada pelo ambiente circundante e pelos campos magn\u00e9ticos. \u00c9 seguro e est\u00e1vel, garantindo precis\u00e3o de corte sem necessidade de manuten\u00e7\u00e3o.<br \/>\n\u2462. S\u00e3o utilizados cabos rob\u00f3ticos flex\u00edveis de alta qualidade, o que aumenta significativamente a vida \u00fatil.<br \/>\n\u2463. A estrutura \u00e9 submetida a um tratamento duplo de envelhecimento eletromagn\u00e9tico e a um tratamento de recozimento ap\u00f3s a soldadura, garantindo uma estrutura duradoura e n\u00e3o deform\u00e1vel.<\/p>\n<p>&nbsp;<\/p>\n<p>2. M\u00e1quina de serrar vigas para pain\u00e9is de madeira Processo de funcionamento do equipamento:<br \/>\nO operador coloca a mat\u00e9ria-prima a ser processada na mesa de trabalho da serra de painel computorizada ou utiliza o dispositivo de carregamento autom\u00e1tico.<br \/>\nIntroduzir as dimens\u00f5es pretendidas - Carregar - Premir o bot\u00e3o para que a pin\u00e7a fixe o material - Iniciar o funcionamento autom\u00e1tico -<br \/>\nEntrar em funcionamento autom\u00e1tico - Posicionamento autom\u00e1tico - Alinhamento autom\u00e1tico dos bordos - Corte autom\u00e1tico - Descarga autom\u00e1tica do material - Leitura autom\u00e1tica do c\u00f3digo - Aplica\u00e7\u00e3o manual do c\u00f3digo - O corte autom\u00e1tico completa todas as opera\u00e7\u00f5es de corte<\/p>\n<p>3. Configura\u00e7\u00e3o funcional:<br \/>\n\u2460. Servo INVT e cremalheira de engrenagens de alta precis\u00e3o Taiwan KH.<br \/>\n\u2461. As calhas de guia da serra principal utilizam guias circulares, que n\u00e3o riscam, s\u00e3o resistentes ao p\u00f3, f\u00e1ceis de limpar e de manuten\u00e7\u00e3o simples.<\/p>\n<p>\u2462. A mesa de carregamento e a mesa de serrar utilizam flutuadores pneum\u00e1ticos, tornando o movimento do material mais f\u00e1cil e menos trabalhoso, e evitando arranh\u00f5es na superf\u00edcie da pe\u00e7a de trabalho. \u2463. As serras principal e auxiliar utilizam sistemas de controlo de eleva\u00e7\u00e3o independentes, detectando automaticamente a altura e largura da l\u00e2mina de serra de acordo com a espessura do material, permitindo o posicionamento autom\u00e1tico do curso de corte da l\u00e2mina de serra, reduzindo o tempo perdido e melhorando a efici\u00eancia do trabalho.<br \/>\n\u2464. O sistema de controlo possui uma interface simples e de f\u00e1cil opera\u00e7\u00e3o, com instru\u00e7\u00f5es operacionais e guias de resolu\u00e7\u00e3o de problemas. Permite editar e gerir planos de corte, tarefas e cortes simulados. \u00c9 compat\u00edvel com v\u00e1rios softwares de otimiza\u00e7\u00e3o de corte, softwares de gest\u00e3o de c\u00f3digos de barras e softwares de automa\u00e7\u00e3o de f\u00e1brica.<br \/>\n\u2465. O bloco de suporte do manipulador de pin\u00e7a dupla flex\u00edvel \u00e9 revestido a borracha para resist\u00eancia \u00e0 press\u00e3o e ao desgaste.<br \/>\n\u2466. O manipulador utiliza o controlo do servo motor e um redutor de engrenagens sem-fim de alta precis\u00e3o, alcan\u00e7ando uma precis\u00e3o de posicionamento de \u00b10,1mm.<br \/>\n\u2467. As cabe\u00e7as de serra grande e pequena s\u00e3o verticais, com uma cabe\u00e7a de serra montada na dire\u00e7\u00e3o oposta, garantindo um corte suave e plano sem lascas ou fendas.<\/p>\n<p><strong>Par\u00e2metro t\u00e9cnico da m\u00e1quina de serra de computador para painel de madeira WS2800:<\/strong><\/p>\n<table>\n<tbody>\n<tr>\n<td width=\"340\">Computador e PLC<\/td>\n<td width=\"813\">inclu\u00eddo<\/td>\n<\/tr>\n<tr>\n<td width=\"340\">Impressora<\/td>\n<td width=\"813\">Opcional<\/td>\n<\/tr>\n<tr>\n<td width=\"340\">Software optimizado<\/td>\n<td width=\"813\">Opcional<\/td>\n<\/tr>\n<tr>\n<td width=\"340\">Alinhador lateral<\/td>\n<td width=\"813\">Opcional<\/td>\n<\/tr>\n<tr>\n<td width=\"340\">Comprimento\/largura de corte<\/td>\n<td width=\"813\">2800 mm<\/td>\n<\/tr>\n<tr>\n<td width=\"340\">Altura m\u00e1xima de corte<\/td>\n<td width=\"813\">120 mm<\/td>\n<\/tr>\n<tr>\n<td width=\"340\">Di\u00e2metro do disco principal<\/td>\n<td width=\"813\">\u03a6400-450mm<\/td>\n<\/tr>\n<tr>\n<td width=\"340\">Di\u00e2metro do eixo do disco principal<\/td>\n<td width=\"813\">\u03a675mm<\/td>\n<\/tr>\n<tr>\n<td width=\"340\">Di\u00e2metro do disco menor<\/td>\n<td width=\"813\">\u03a6200mm<\/td>\n<\/tr>\n<tr>\n<td width=\"340\">Di\u00e2metro do eixo do disco menor<\/td>\n<td width=\"813\">\u03a650mm<\/td>\n<\/tr>\n<tr>\n<td width=\"340\">Velocidade de rota\u00e7\u00e3o do disco principal\/velocidade de regula\u00e7\u00e3o do inversor<\/td>\n<td width=\"813\">4100r\/min<\/td>\n<\/tr>\n<tr>\n<td width=\"340\">Velocidade de rota\u00e7\u00e3o do disco menor\/velocidade de regula\u00e7\u00e3o do inversor<\/td>\n<td width=\"813\">6100r\/min<\/td>\n<\/tr>\n<tr>\n<td width=\"340\">Velocidade de avan\u00e7o do carro da serra<\/td>\n<td width=\"813\">100m\/min\uff08ajustado\uff09<\/td>\n<\/tr>\n<tr>\n<td width=\"340\">velocidade de recuo do carro da serra<\/td>\n<td width=\"813\">120m\/min\uff08ajustado\uff09<\/td>\n<\/tr>\n<tr>\n<td width=\"340\">Motor do disco principal<\/td>\n<td width=\"813\">18,5kw<\/td>\n<\/tr>\n<tr>\n<td width=\"340\">Motor de disco menor<\/td>\n<td width=\"813\">2,2kw<\/td>\n<\/tr>\n<tr>\n<td width=\"340\">Motor de acionamento do carro da serra<\/td>\n<td width=\"813\">2.0kw \uff08INVT servo\uff09<\/td>\n<\/tr>\n<tr>\n<td width=\"340\">Motor de alimenta\u00e7\u00e3o para fixa\u00e7\u00e3o de posi\u00e7\u00e3o<\/td>\n<td width=\"813\">2.0kw \uff08INVT servo\uff09<\/td>\n<\/tr>\n<tr>\n<td width=\"340\">Bomba de ar de alta press\u00e3o<\/td>\n<td width=\"813\">4kw + 2,2kw<\/td>\n<\/tr>\n<tr>\n<td width=\"340\">Pot\u00eancia total<\/td>\n<td width=\"813\">31kw<\/td>\n<\/tr>\n<tr>\n<td width=\"340\">Velocidade de alimenta\u00e7\u00e3o autom\u00e1tica<\/td>\n<td width=\"813\">100\/min\uff08ajustado\uff09<\/td>\n<\/tr>\n<tr>\n<td width=\"340\">Press\u00e3o solicitada<\/td>\n<td width=\"813\">5-8kg\/cm\u00b2<\/td>\n<\/tr>\n<tr>\n<td width=\"340\">Altura da mesa de trabalho<\/td>\n<td width=\"813\">950 mm<\/td>\n<\/tr>\n<tr>\n<td width=\"340\">Bra\u00e7adeiras mec\u00e2nicas<\/td>\n<td width=\"813\">12-15 pe\u00e7as<\/td>\n<\/tr>\n<tr>\n<td width=\"340\">Tamanho total da m\u00e1quina<\/td>\n<td width=\"813\">5100*6300*1900mm<\/td>\n<\/tr>\n<\/tbody>\n<\/table>","protected":false},"excerpt":{"rendered":"<p>1. WS2800 CNC Beam Panel Saw Equipment Overview: This machine is suitable for sawing and processing particle board, multilayer board, medium-density fiberboard, density fiberboard, particleboard, PVC board, artificial stone board, calcium silicate board for exterior wall panels, cardboard, and aluminum honeycomb. Both the main saw and feeder are guided by linear guides, ensuring superior precision. [&hellip;]<\/p>\n","protected":false},"featured_media":4196,"template":"","meta":{"_seopress_robots_primary_cat":"","_seopress_titles_title":"%%post_title%%","_seopress_titles_desc":"","_seopress_robots_index":"","_uag_custom_page_level_css":"","site-sidebar-layout":"default","site-content-layout":"","ast-site-content-layout":"default","site-content-style":"default","site-sidebar-style":"default","ast-global-header-display":"","ast-banner-title-visibility":"","ast-main-header-display":"","ast-hfb-above-header-display":"","ast-hfb-below-header-display":"","ast-hfb-mobile-header-display":"","site-post-title":"","ast-breadcrumbs-content":"","ast-featured-img":"","footer-sml-layout":"","ast-disable-related-posts":"","theme-transparent-header-meta":"default","adv-header-id-meta":"","stick-header-meta":"default","header-above-stick-meta":"","header-main-stick-meta":"","header-below-stick-meta":"","astra-migrate-meta-layouts":"set","ast-page-background-enabled":"default","ast-page-background-meta":{"desktop":{"background-color":"","background-image":"","background-repeat":"repeat","background-position":"center center","background-size":"auto","background-attachment":"scroll","background-type":"","background-media":"","overlay-type":"","overlay-color":"","overlay-opacity":"","overlay-gradient":""},"tablet":{"background-color":"","background-image":"","background-repeat":"repeat","background-position":"center center","background-size":"auto","background-attachment":"scroll","background-type":"","background-media":"","overlay-type":"","overlay-color":"","overlay-opacity":"","overlay-gradient":""},"mobile":{"background-color":"","background-image":"","background-repeat":"repeat","background-position":"center center","background-size":"auto","background-attachment":"scroll","background-type":"","background-media":"","overlay-type":"","overlay-color":"","overlay-opacity":"","overlay-gradient":""}},"ast-content-background-meta":{"desktop":{"background-color":"var(--ast-global-color-5)","background-image":"","background-repeat":"repeat","background-position":"center center","background-size":"auto","background-attachment":"scroll","background-type":"","background-media":"","overlay-type":"","overlay-color":"","overlay-opacity":"","overlay-gradient":""},"tablet":{"background-color":"var(--ast-global-color-5)","background-image":"","background-repeat":"repeat","background-position":"center center","background-size":"auto","background-attachment":"scroll","background-type":"","background-media":"","overlay-type":"","overlay-color":"","overlay-opacity":"","overlay-gradient":""},"mobile":{"background-color":"var(--ast-global-color-5)","background-image":"","background-repeat":"repeat","background-position":"center center","background-size":"auto","background-attachment":"scroll","background-type":"","background-media":"","overlay-type":"","overlay-color":"","overlay-opacity":"","overlay-gradient":""}}},"product_brand":[],"product_cat":[39],"product_tag":[180,179,168,170,182,183,176,169,178,101,171,172,174,173,181,177,175],"class_list":{"0":"post-4193","1":"product","2":"type-product","3":"status-publish","4":"has-post-thumbnail","6":"product_cat-cuttingsaw","7":"product_tag-auto-beam-saw-machine","8":"product_tag-automatic-cnc-beam-saw-machine","9":"product_tag-automatic-computer-panel-saw","10":"product_tag-beam-panel-saw","11":"product_tag-beam-saw-uk","12":"product_tag-best-cnc-beam-saw","13":"product_tag-cnc-computer-beam-panel-saw","14":"product_tag-cnc-panel-saw","15":"product_tag-computer-panel-saw","16":"product_tag-electric-cutting-saw","17":"product_tag-horizontal-beam-saw","18":"product_tag-panel-beam-saw","19":"product_tag-pressure-beam-saw","20":"product_tag-vertical-panel-saw","21":"product_tag-wodworking-panel-beam-saw","22":"product_tag-wood-panel-computer-saw-machine","23":"product_tag-woodworking-computer-panel-saw","24":"desktop-align-left","25":"tablet-align-left","26":"mobile-align-left","27":"ast-product-gallery-layout-horizontal-slider","28":"ast-product-gallery-with-no-image","29":"ast-product-tabs-layout-horizontal","31":"first","32":"instock","33":"shipping-taxable","34":"product-type-simple"},"uagb_featured_image_src":{"full":["https:\/\/wisecnclaser.com\/wp-content\/uploads\/2025\/09\/KH828.png",806,802,false],"thumbnail":["https:\/\/wisecnclaser.com\/wp-content\/uploads\/2025\/09\/KH828-150x150.png",150,150,true],"medium":["https:\/\/wisecnclaser.com\/wp-content\/uploads\/2025\/09\/KH828-300x300.png",300,300,true],"medium_large":["https:\/\/wisecnclaser.com\/wp-content\/uploads\/2025\/09\/KH828-768x764.png",768,764,true],"large":["https:\/\/wisecnclaser.com\/wp-content\/uploads\/2025\/09\/KH828.png",806,802,false],"1536x1536":["https:\/\/wisecnclaser.com\/wp-content\/uploads\/2025\/09\/KH828.png",806,802,false],"2048x2048":["https:\/\/wisecnclaser.com\/wp-content\/uploads\/2025\/09\/KH828.png",806,802,false],"trp-custom-language-flag":["https:\/\/wisecnclaser.com\/wp-content\/uploads\/2025\/09\/KH828-12x12.png",12,12,true],"woocommerce_thumbnail":["https:\/\/wisecnclaser.com\/wp-content\/uploads\/2025\/09\/KH828-300x300.png",300,300,true],"woocommerce_single":["https:\/\/wisecnclaser.com\/wp-content\/uploads\/2025\/09\/KH828-600x597.png",600,597,true],"woocommerce_gallery_thumbnail":["https:\/\/wisecnclaser.com\/wp-content\/uploads\/2025\/09\/KH828-100x100.png",100,100,true]},"uagb_author_info":{"display_name":"jinxing6611@gmail.com","author_link":"https:\/\/wisecnclaser.com\/pt\/author\/"},"uagb_comment_info":0,"uagb_excerpt":"1. WS2800 CNC Beam Panel Saw Equipment Overview: This machine is suitable for sawing and processing particle board, multilayer board, medium-density fiberboard, density fiberboard, particleboard, PVC board, artificial stone board, calcium silicate board for exterior wall panels, cardboard, and aluminum honeycomb. Both the main saw and feeder are guided by linear guides, ensuring superior precision.&hellip;","_links":{"self":[{"href":"https:\/\/wisecnclaser.com\/pt\/wp-json\/wp\/v2\/product\/4193","targetHints":{"allow":["GET"]}}],"collection":[{"href":"https:\/\/wisecnclaser.com\/pt\/wp-json\/wp\/v2\/product"}],"about":[{"href":"https:\/\/wisecnclaser.com\/pt\/wp-json\/wp\/v2\/types\/product"}],"wp:featuredmedia":[{"embeddable":true,"href":"https:\/\/wisecnclaser.com\/pt\/wp-json\/wp\/v2\/media\/4196"}],"wp:attachment":[{"href":"https:\/\/wisecnclaser.com\/pt\/wp-json\/wp\/v2\/media?parent=4193"}],"wp:term":[{"taxonomy":"product_brand","embeddable":true,"href":"https:\/\/wisecnclaser.com\/pt\/wp-json\/wp\/v2\/product_brand?post=4193"},{"taxonomy":"product_cat","embeddable":true,"href":"https:\/\/wisecnclaser.com\/pt\/wp-json\/wp\/v2\/product_cat?post=4193"},{"taxonomy":"product_tag","embeddable":true,"href":"https:\/\/wisecnclaser.com\/pt\/wp-json\/wp\/v2\/product_tag?post=4193"}],"curies":[{"name":"wp","href":"https:\/\/api.w.org\/{rel}","templated":true}]}}