{"id":4302,"date":"2026-01-12T05:55:40","date_gmt":"2026-01-12T05:55:40","guid":{"rendered":"https:\/\/wisecnclaser.com\/?post_type=product&#038;p=4302"},"modified":"2026-01-12T05:55:41","modified_gmt":"2026-01-12T05:55:41","slug":"ws4500-automatic-computer-cnc-panel-saw-your-best-cnc-wood-cutting-saw-for-automated-panel-processing","status":"publish","type":"product","link":"https:\/\/wisecnclaser.com\/pt\/produto\/ws4500-automatic-computer-cnc-panel-saw-your-best-cnc-wood-cutting-saw-for-automated-panel-processing\/","title":{"rendered":"WS4500 Serra de painel CNC autom\u00e1tica para computador - Sua melhor serra de corte de madeira CNC para processamento de painel automatizado"},"content":{"rendered":"<p>Serra de painel computorizada WS4500: Descubra a precis\u00e3o e a efici\u00eancia no corte de pain\u00e9is<\/p>\n<p>&nbsp;<\/p>\n<p>A serra de painel computorizada da s\u00e9rie 4500 representa o auge da tecnologia de corte automatizado para profissionais do sector da madeira. Concebida para ambientes de produ\u00e7\u00e3o de grande volume, esta m\u00e1quina de serrar vigas integra uma constru\u00e7\u00e3o robusta com software inteligente para proporcionar cortes perfeitos e repet\u00edveis em materiais de painel como contraplacado, MDF, aglomerado de part\u00edculas e laminados. Se exige precis\u00e3o medida em frac\u00e7\u00f5es de mil\u00edmetro e efici\u00eancia que reduz o tempo de produ\u00e7\u00e3o, a S\u00e9rie 4500 foi concebida para si.<\/p>\n<p>&nbsp;<\/p>\n<p>Porque \u00e9 que a s\u00e9rie 4500 \u00e9 considerada a melhor serra de corte de madeira CNC<\/p>\n<p>&nbsp;<\/p>\n<ol>\n<li>\u00a0Precis\u00e3o de corte incompar\u00e1vel e acabamento limpo: O nosso avan\u00e7ado sistema de servo-drive e o mecanismo de guia r\u00edgido garantem que cada corte \u00e9 perfeitamente quadrado e sem lascas. O controlo autom\u00e1tico da serra por computador elimina o erro humano, garantindo dimens\u00f5es consistentes das pe\u00e7as, lote ap\u00f3s lote, minimizando o desperd\u00edcio de material e o retrabalho.<\/li>\n<\/ol>\n<p>&nbsp;<\/p>\n<ol start=\"2\">\n<li>\u00a0Opera\u00e7\u00e3o totalmente automatizada e de alta velocidade: Desde o carregamento e posicionamento autom\u00e1ticos at\u00e9 ao corte e sele\u00e7\u00e3o optimizados, a S\u00e9rie 4500 simplifica todo o fluxo de trabalho. Esta serra autom\u00e1tica de feixe computorizado possui um software de corte inteligente que agrupa as pe\u00e7as para maximizar o rendimento de cada folha, aumentando drasticamente o seu rendimento e rentabilidade.<\/li>\n<\/ol>\n<p>&nbsp;<\/p>\n<ol start=\"3\">\n<li>\u00a0Constru\u00e7\u00e3o robusta e fi\u00e1vel da serra de viga: Constru\u00edda com uma estrutura de a\u00e7o resistente e componentes de precis\u00e3o, a m\u00e1quina de serra de feixe 4500 foi concebida para um trabalho industrial 24\/7. Garante estabilidade e durabilidade a longo prazo, proporcionando uma espinha dorsal fi\u00e1vel para a sua linha de produ\u00e7\u00e3o.<\/li>\n<\/ol>\n<p>&nbsp;<\/p>\n<ol start=\"4\">\n<li>Controlo inform\u00e1tico f\u00e1cil de utilizar: A interface intuitiva do ecr\u00e3 t\u00e1til torna os programas de corte complexos simples de configurar e executar. Os operadores podem gerir facilmente as encomendas, visualizar os padr\u00f5es de corte e monitorizar o estado da m\u00e1quina, tornando a serra de painel computorizada acess\u00edvel e potente.<\/li>\n<\/ol>\n<p>Aplica\u00e7\u00f5es ideais:<\/p>\n<p>Fabrico de arm\u00e1rios e toucadores: Produzir lados de arm\u00e1rios, portas e prateleiras com precis\u00e3o e efici\u00eancia.<\/p>\n<p>M\u00f3veis personalizados e embutidos: Lidar com listas de corte complexas para projectos residenciais e comerciais.<\/p>\n<p>Material de escrit\u00f3rio e de loja: Obtenha cortes perfeitos para unidades de exposi\u00e7\u00e3o e sistemas de divis\u00f3rias.<\/p>\n<p>Sinal\u00e9tica e componentes industriais: Processar uma vasta gama de materiais em folha com fiabilidade.<\/p>\n<p>&nbsp;<\/p>\n<p>Destaques t\u00e9cnicos:<\/p>\n<p>Modelo: Serra de painel computorizada autom\u00e1tica da s\u00e9rie 4500<\/p>\n<p>Capacidade de corte: Largura e comprimento de corte de alto desempenho para se adaptar a pain\u00e9is padr\u00e3o e de grandes dimens\u00f5es.<\/p>\n<p>Sistema de acionamento: servomotores de alta precis\u00e3o e fusos de esferas.<\/p>\n<p>Sistema de controlo: PC industrial com software optimizado de corte e encaixe.<\/p>\n<p>Carater\u00edsticas de seguran\u00e7a: Prote\u00e7\u00e3o abrangente, paragens de emerg\u00eancia e sensores de seguran\u00e7a.<\/p>\n<p>&nbsp;<\/p>\n<p>Par\u00e2metro t\u00e9cnico da serra de corte CNC para madeira:<\/p>\n<table>\n<tbody>\n<tr>\n<td width=\"769\">Comprimento m\u00e1ximo de corte<\/td>\n<td width=\"475\">4500mm<\/td>\n<\/tr>\n<tr>\n<td width=\"769\">Altura m\u00e1xima de corte<\/td>\n<td width=\"475\">100 mm<\/td>\n<\/tr>\n<tr>\n<td width=\"769\">Tamanho m\u00ednimo de corte<\/td>\n<td width=\"475\">100*100mm<\/td>\n<\/tr>\n<tr>\n<td width=\"769\">Pot\u00eancia do motor da l\u00e2mina de serra principal<\/td>\n<td width=\"475\">16,5kw<\/td>\n<\/tr>\n<tr>\n<td width=\"769\">Di\u00e2metro da l\u00e2mina de serra principal<\/td>\n<td width=\"475\">400mm<\/td>\n<\/tr>\n<tr>\n<td width=\"769\">Di\u00e2metro do fuso principal<\/td>\n<td width=\"475\">75mm<\/td>\n<\/tr>\n<tr>\n<td width=\"769\">Velocidade da l\u00e2mina de serra principal<\/td>\n<td width=\"475\">4000r\/min<\/td>\n<\/tr>\n<tr>\n<td width=\"769\">Pot\u00eancia do motor da serra de tosquiar<\/td>\n<td width=\"475\">2,2kw<\/td>\n<\/tr>\n<tr>\n<td width=\"769\">Di\u00e2metro da serra de corte<\/td>\n<td width=\"475\">180 mm<\/td>\n<\/tr>\n<tr>\n<td width=\"769\">Di\u00e2metro do fuso de perfura\u00e7\u00e3o<\/td>\n<td width=\"475\">50mm<\/td>\n<\/tr>\n<tr>\n<td width=\"769\">Velocidade da serra de pontua\u00e7\u00e3o<\/td>\n<td width=\"475\">6000r\/min<\/td>\n<\/tr>\n<tr>\n<td width=\"769\">Motor de acionamento do sistema de empurrar<\/td>\n<td width=\"475\">2,4kw<\/td>\n<\/tr>\n<tr>\n<td width=\"769\">Motor do ventilador de alta press\u00e3o<\/td>\n<td width=\"475\">3kw<\/td>\n<\/tr>\n<tr>\n<td width=\"769\">press\u00e3o de ar de trabalho<\/td>\n<td width=\"475\">6-7kg\/c\u33a1<\/td>\n<\/tr>\n<tr>\n<td width=\"769\">motor de acionamento do carro da serra<\/td>\n<td width=\"475\">3,8kw<\/td>\n<\/tr>\n<tr>\n<td width=\"769\">Pot\u00eancia do motor lateral<\/td>\n<td width=\"475\">90W<\/td>\n<\/tr>\n<tr>\n<td width=\"769\">pin\u00e7as<\/td>\n<td width=\"475\">12<\/td>\n<\/tr>\n<tr>\n<td width=\"769\">Tens\u00e3o<\/td>\n<td width=\"475\">380V,50HZ, 3 fases<\/td>\n<\/tr>\n<tr>\n<td width=\"769\">Tamanho da m\u00e1quina<\/td>\n<td width=\"475\">6900*4600*2180mm<\/td>\n<\/tr>\n<tr>\n<td width=\"769\">peso<\/td>\n<td width=\"475\">6.2T<\/td>\n<\/tr>\n<\/tbody>\n<\/table>\n<p>&nbsp;<\/p>\n<p>Actualize a sua produ\u00e7\u00e3o hoje mesmo<\/p>\n<p>Deixe de comprometer a velocidade, a precis\u00e3o ou o rendimento do material. A serra de painel computorizada da s\u00e9rie 4500 \u00e9 a solu\u00e7\u00e3o completa para oficinas e f\u00e1bricas que pretendem escalar as suas opera\u00e7\u00f5es com confian\u00e7a.<\/p>\n<p>&nbsp;<\/p>\n<p>Solicite um or\u00e7amento, especifica\u00e7\u00f5es detalhadas ou agende uma demonstra\u00e7\u00e3o virtual hoje mesmo!<\/p>\n<div class=\"ast-oembed-container\" style=\"height: 100%;\"><iframe title=\"Serra de feixe cnc, serra el\u00e9ctrica, serra de feixe cnc computorizada, serra de corte de madeira, m\u00e1quina laser cnc de jinan wise\" width=\"500\" height=\"281\" src=\"https:\/\/www.youtube.com\/embed\/F3wZ9P1rqRY?feature=oembed\" frameborder=\"0\" allow=\"accelerometer; autoplay; clipboard-write; encrypted-media; gyroscope; picture-in-picture; web-share\" referrerpolicy=\"strict-origin-when-cross-origin\" allowfullscreen><\/iframe><\/div>","protected":false},"excerpt":{"rendered":"<p>Explore the 4500 Series automatic computer beam saw. Designed as the ultimate beam saw machine for cabinets, furniture, and fixtures, it delivers unmatched precision, speed, and reliability for modern wood\u00a0shops.<\/p>","protected":false},"featured_media":4305,"template":"","meta":{"_seopress_robots_primary_cat":"","_seopress_titles_title":"","_seopress_titles_desc":"","_seopress_robots_index":"","_uag_custom_page_level_css":"","site-sidebar-layout":"default","site-content-layout":"","ast-site-content-layout":"default","site-content-style":"default","site-sidebar-style":"default","ast-global-header-display":"","ast-banner-title-visibility":"","ast-main-header-display":"","ast-hfb-above-header-display":"","ast-hfb-below-header-display":"","ast-hfb-mobile-header-display":"","site-post-title":"","ast-breadcrumbs-content":"","ast-featured-img":"","footer-sml-layout":"","ast-disable-related-posts":"","theme-transparent-header-meta":"default","adv-header-id-meta":"","stick-header-meta":"default","header-above-stick-meta":"","header-main-stick-meta":"","header-below-stick-meta":"","astra-migrate-meta-layouts":"set","ast-page-background-enabled":"default","ast-page-background-meta":{"desktop":{"background-color":"","background-image":"","background-repeat":"repeat","background-position":"center center","background-size":"auto","background-attachment":"scroll","background-type":"","background-media":"","overlay-type":"","overlay-color":"","overlay-opacity":"","overlay-gradient":""},"tablet":{"background-color":"","background-image":"","background-repeat":"repeat","background-position":"center center","background-size":"auto","background-attachment":"scroll","background-type":"","background-media":"","overlay-type":"","overlay-color":"","overlay-opacity":"","overlay-gradient":""},"mobile":{"background-color":"","background-image":"","background-repeat":"repeat","background-position":"center center","background-size":"auto","background-attachment":"scroll","background-type":"","background-media":"","overlay-type":"","overlay-color":"","overlay-opacity":"","overlay-gradient":""}},"ast-content-background-meta":{"desktop":{"background-color":"var(--ast-global-color-5)","background-image":"","background-repeat":"repeat","background-position":"center center","background-size":"auto","background-attachment":"scroll","background-type":"","background-media":"","overlay-type":"","overlay-color":"","overlay-opacity":"","overlay-gradient":""},"tablet":{"background-color":"var(--ast-global-color-5)","background-image":"","background-repeat":"repeat","background-position":"center center","background-size":"auto","background-attachment":"scroll","background-type":"","background-media":"","overlay-type":"","overlay-color":"","overlay-opacity":"","overlay-gradient":""},"mobile":{"background-color":"var(--ast-global-color-5)","background-image":"","background-repeat":"repeat","background-position":"center center","background-size":"auto","background-attachment":"scroll","background-type":"","background-media":"","overlay-type":"","overlay-color":"","overlay-opacity":"","overlay-gradient":""}}},"product_brand":[],"product_cat":[39],"product_tag":[231,230,95,229,235,232,178,236,237,234,233],"class_list":{"0":"post-4302","1":"product","2":"type-product","3":"status-publish","4":"has-post-thumbnail","6":"product_cat-cuttingsaw","7":"product_tag-automated-panel-saw","8":"product_tag-automatic-computer-beam-saw","9":"product_tag-beam-saw-machine","10":"product_tag-best-cnc-wood-cutting-saw","11":"product_tag-cabinet-production-saw","12":"product_tag-cnc-beamsaw","13":"product_tag-computer-panel-saw","14":"product_tag-high-precision-cutting","15":"product_tag-industrial-panel-saw","16":"product_tag-panel-processing","17":"product_tag-woodworking-machinery","18":"desktop-align-left","19":"tablet-align-left","20":"mobile-align-left","21":"ast-product-gallery-layout-horizontal-slider","22":"ast-product-gallery-with-no-image","23":"ast-product-tabs-layout-horizontal","25":"first","26":"instock","27":"shipping-taxable","28":"product-type-simple"},"uagb_featured_image_src":{"full":["https:\/\/wisecnclaser.com\/wp-content\/uploads\/2026\/01\/4500.png",1082,1082,false],"thumbnail":["https:\/\/wisecnclaser.com\/wp-content\/uploads\/2026\/01\/4500-150x150.png",150,150,true],"medium":["https:\/\/wisecnclaser.com\/wp-content\/uploads\/2026\/01\/4500-300x300.png",300,300,true],"medium_large":["https:\/\/wisecnclaser.com\/wp-content\/uploads\/2026\/01\/4500-768x768.png",768,768,true],"large":["https:\/\/wisecnclaser.com\/wp-content\/uploads\/2026\/01\/4500-1024x1024.png",1024,1024,true],"1536x1536":["https:\/\/wisecnclaser.com\/wp-content\/uploads\/2026\/01\/4500.png",1082,1082,false],"2048x2048":["https:\/\/wisecnclaser.com\/wp-content\/uploads\/2026\/01\/4500.png",1082,1082,false],"trp-custom-language-flag":["https:\/\/wisecnclaser.com\/wp-content\/uploads\/2026\/01\/4500-12x12.png",12,12,true],"woocommerce_thumbnail":["https:\/\/wisecnclaser.com\/wp-content\/uploads\/2026\/01\/4500-300x300.png",300,300,true],"woocommerce_single":["https:\/\/wisecnclaser.com\/wp-content\/uploads\/2026\/01\/4500-600x600.png",600,600,true],"woocommerce_gallery_thumbnail":["https:\/\/wisecnclaser.com\/wp-content\/uploads\/2026\/01\/4500-100x100.png",100,100,true]},"uagb_author_info":{"display_name":"jinxing6611@gmail.com","author_link":"https:\/\/wisecnclaser.com\/pt\/author\/"},"uagb_comment_info":0,"uagb_excerpt":"Explore the 4500 Series automatic computer beam saw. Designed as the ultimate beam saw machine for cabinets, furniture, and fixtures, it delivers unmatched precision, speed, and reliability for modern wood\u00a0shops.","_links":{"self":[{"href":"https:\/\/wisecnclaser.com\/pt\/wp-json\/wp\/v2\/product\/4302","targetHints":{"allow":["GET"]}}],"collection":[{"href":"https:\/\/wisecnclaser.com\/pt\/wp-json\/wp\/v2\/product"}],"about":[{"href":"https:\/\/wisecnclaser.com\/pt\/wp-json\/wp\/v2\/types\/product"}],"wp:featuredmedia":[{"embeddable":true,"href":"https:\/\/wisecnclaser.com\/pt\/wp-json\/wp\/v2\/media\/4305"}],"wp:attachment":[{"href":"https:\/\/wisecnclaser.com\/pt\/wp-json\/wp\/v2\/media?parent=4302"}],"wp:term":[{"taxonomy":"product_brand","embeddable":true,"href":"https:\/\/wisecnclaser.com\/pt\/wp-json\/wp\/v2\/product_brand?post=4302"},{"taxonomy":"product_cat","embeddable":true,"href":"https:\/\/wisecnclaser.com\/pt\/wp-json\/wp\/v2\/product_cat?post=4302"},{"taxonomy":"product_tag","embeddable":true,"href":"https:\/\/wisecnclaser.com\/pt\/wp-json\/wp\/v2\/product_tag?post=4302"}],"curies":[{"name":"wp","href":"https:\/\/api.w.org\/{rel}","templated":true}]}}