{"id":59,"date":"2025-05-20T07:32:07","date_gmt":"2025-05-20T07:32:07","guid":{"rendered":"https:\/\/wisecnclaser.com\/about\/"},"modified":"2025-05-23T02:59:13","modified_gmt":"2025-05-23T02:59:13","slug":"about","status":"publish","type":"page","link":"https:\/\/wisecnclaser.com\/tr\/about\/","title":{"rendered":"Hakk\u0131nda"},"content":{"rendered":"<div data-elementor-type=\"wp-page\" data-elementor-id=\"59\" class=\"elementor elementor-59\" data-elementor-post-type=\"page\">\n\t\t\t\t<div class=\"elementor-element elementor-element-3de2832 e-flex e-con-boxed e-con e-parent\" data-id=\"3de2832\" data-element_type=\"container\" data-e-type=\"container\">\n\t\t\t\t\t<div class=\"e-con-inner\">\n\t\t\t\t<div class=\"elementor-element elementor-element-1a1db08 elementor-widget elementor-widget-ucaddon_square_icon_box\" data-id=\"1a1db08\" data-element_type=\"widget\" data-e-type=\"widget\" data-widget_type=\"ucaddon_square_icon_box.default\">\n\t\t\t\t<div class=\"elementor-widget-container\">\n\t\t\t\t\t\n<!-- start Icon Box -->\n\t\t<link id='font-awesome-css' href='https:\/\/wisecnclaser.com\/wp-content\/plugins\/unlimited-elements-for-elementor-premium\/assets_libraries\/font-awesome6\/fontawesome-all.min.css' type='text\/css' rel='stylesheet' >\n\t\t<link id='font-awesome-4-shim-css' href='https:\/\/wisecnclaser.com\/wp-content\/plugins\/unlimited-elements-for-elementor-premium\/assets_libraries\/font-awesome6\/fontawesome-v4-shims.min.css' type='text\/css' rel='stylesheet' >\n\n<style>\/* widget: Icon Box *\/\n\n#uc_square_icon_box_elementor_1a1db08 * { \n\tbox-sizing: border-box; \n}\n\n#uc_square_icon_box_elementor_1a1db08{\n\tfont-family: inherit;\n    transition:0.3s;\n    position:relative;\n}\n\n#uc_square_icon_box_elementor_1a1db08 .blox-boxed-small-square-icon-box-icon{\n\t\n\tposition:relative;\n    display:flex;\n    justify-content:center;\n    align-items:center;\n    transform:rotate(0deg);\n    z-index:2;\n}\n#uc_square_icon_box_elementor_1a1db08 .ue-icon {\n  display:inline-block;\n}\n#uc_square_icon_box_elementor_1a1db08 .blox-boxed-small-square-icon-box-icon > div{\n\t\n\tposition:relative;\n    display:flex;\n    justify-content:center;\n    align-items:center;\n    transform:rotate(-0deg);\n}\n#uc_square_icon_box_elementor_1a1db08 .ue-icon-inner{\n    line-height:1em;\n\t} \t\n\n\n#uc_square_icon_box_elementor_1a1db08 .ue-icon-inner svg{\n    height:1em;\n    width:1em;\n\t} \t\n\t\n.blox-boxed-small-square-icon-box-heading{\n\tfont-size:21px;\n\t}\n\n\n#uc_square_icon_box_elementor_1a1db08:hover\n{\n  position:relative;\n  z-index:1;\n}\n\n\n#uc_square_icon_box_elementor_1a1db08 .ue_box_button\n{\n  text-align:center;\n  text-decoration:none;\n  display:inline-block;\n  transition:0.3s;\n}\n\n\n#uc_square_icon_box_elementor_1a1db08 span.line\n{\n  display:block;\n  position:absolute;\n  top:0;\n  left:0;\n  width:0px;\n  transition:0.3s;\n}\n\n#uc_square_icon_box_elementor_1a1db08:hover span.line\n{\n  width:100%;\n}\n\n#uc_square_icon_box_elementor_1a1db08 .ue-title-separator span\n{\n  display:inline-block;\n  transition:0.3s;\n}\n\n\n\n\n\n<\/style>\n\n<div class=\"square_icon_box\" id=\"uc_square_icon_box_elementor_1a1db08\">\n  \n  \t\t  \n  \n         \n  \t\t        <div class=\"blox-boxed-small-square-icon-box-heading\">\n        \tJinan Wise CNC Lazer Machinery Co, Ltd.\n        <\/div>\n          \n  \t\t             <div class=\"ue-title-separator\">\n               <span><\/span>\n             <\/div>\n          \n  \n          \n  \t\t        \n          \n  \t\t  \n<\/div>\n<!-- end Icon Box -->\t\t\t\t<\/div>\n\t\t\t\t<\/div>\n\t\t\t\t<div class=\"elementor-element elementor-element-7853ca7 elementor-widget elementor-widget-text-editor\" data-id=\"7853ca7\" data-element_type=\"widget\" data-e-type=\"widget\" data-widget_type=\"text-editor.default\">\n\t\t\t\t<div class=\"elementor-widget-container\">\n\t\t\t\t\t\t\t\t\t<p>Jinan Wise CNC Lazer Machinery Co, Ltd a\u011fa\u00e7 i\u015fleme makinesi, kenar bantlama makinesi, metal kesme makinesi, k\u00f6p\u00fck kesme freze makinesi, flatbed kesme makinesi, ta\u015f makinesi, co2 lazer makinesi uzman \u00fcreticisidir. \u00c7in'in Shandong eyaleti, Jinan \u015fehrinde bulunmaktad\u0131r. Panel mobilya, ah\u015fap kap\u0131, dolap, ta\u015f oymac\u0131l\u0131\u011f\u0131, metal kesme, mimari model, reklam end\u00fcstrisi, el sanatlar\u0131 ve sanat, e\u011fitim kurumu, lazer markalama end\u00fcstrisi gibi bir\u00e7ok alan i\u00e7in Ar-Ge yeni teknoloji makinesini tutuyoruz.\u00a0<\/p><p>Jinan Wise CNC Lazer Makineleri, istikrarl\u0131 kalite ve en iyi sat\u0131\u015f sonras\u0131 hizmetlere ba\u011fl\u0131 olarak yeni ve eski m\u00fc\u015fterilerden g\u00fcven al\u0131r. Kendimizi t\u00fcm tutkumuz ve mesle\u011fimizle m\u00fc\u015fterilerimize hizmet etmeye adad\u0131k.\u00a0<\/p><p>Farkl\u0131 gereksinimleri olan herkes burada uygun lazer makinesini bulabilir, size \u00f6zel end\u00fcstri ve uygulama i\u00e7in en iyi \u00e7\u00f6z\u00fcm\u00fc sa\u011flayaca\u011f\u0131z.\u00a0<\/p><p>Biz sadece tedarik\u00e7i veya \u00fcretici de\u011filiz, CNC ve Lazer Makinesi \u00e7\u00f6z\u00fcm sa\u011flay\u0131c\u0131s\u0131y\u0131z, Umar\u0131m ilgili sekt\u00f6rde birlikte b\u00fcy\u00fcmenize yard\u0131mc\u0131 olma \u015fans\u0131 vard\u0131r.<\/p><p><strong>\u015eirket Avantajlar\u0131<\/strong><strong>:<\/strong><\/p><p>1. 17 y\u0131ldan fazla \u00fcretim tecr\u00fcbemiz var ve pazar talebi i\u00e7in Ar-Ge yeni \u00fcr\u00fcn tutuyoruz.<\/p><p>2. T\u00fcm i\u015f\u00e7iler uzun y\u0131llara dayanan montaj deneyimine sahiptir, \u00fcretim konusunda uzmand\u0131rlar, b\u00f6ylece makineyi size zaman\u0131nda teslim edebiliriz.<\/p><p>3. Sat\u0131\u015f personeli ve teknik personel dikkatli ve sab\u0131rl\u0131d\u0131r, makine ile ilgili her t\u00fcrl\u00fc teknik soruyu size cevaplayabilir, belgeler de dikkatli ve ayr\u0131nt\u0131l\u0131 bir \u015fekilde haz\u0131rlanacakt\u0131r.<\/p><p>4. Size en iyi sat\u0131\u015f sonras\u0131 hizmeti sunaca\u011f\u0131z, her sat\u0131\u015f sonras\u0131 ki\u015finin pasaportu var, herhangi bir b\u00fcy\u00fck sorun varsa, 24 saat i\u00e7inde \u00e7\u00f6zebilir veya hatta zaman\u0131nda bak\u0131m i\u00e7in fabrikan\u0131za bir ki\u015fi g\u00f6nderebiliriz.<\/p><p>5. Stoklar\u0131m\u0131zda yeterli par\u00e7a var, par\u00e7alara ihtiyac\u0131n\u0131z varsa, 6 saat i\u00e7inde size g\u00f6nderece\u011fiz.<\/p>\t\t\t\t\t\t\t\t<\/div>\n\t\t\t\t<\/div>\n\t\t\t\t\t<\/div>\n\t\t\t\t<\/div>\n\t\t\t\t<\/div>","protected":false},"excerpt":{"rendered":"<p>Jinan Wise CNC Laser Machinery Co., Ltd. Jinan Wise CNC Laser Machinery Co., Ltd.\u00a0 is specialized manufacturer of woodworking machine, edge banding machine, metal cutting machine, foam cutting milling machine, flatbed cutting machine, stone machine, co2 laser machine. Located in Jinan city, Shandong province, China. we keep R&amp;D new-tech machine for many fields such as [&hellip;]<\/p>\n","protected":false},"author":0,"featured_media":0,"parent":0,"menu_order":0,"comment_status":"closed","ping_status":"closed","template":"","meta":{"_seopress_robots_primary_cat":"","_seopress_titles_title":"","_seopress_titles_desc":"","_seopress_robots_index":"","_uag_custom_page_level_css":"","site-sidebar-layout":"no-sidebar","site-content-layout":"plain-container","ast-site-content-layout":"full-width-container","site-content-style":"default","site-sidebar-style":"default","ast-global-header-display":"","ast-banner-title-visibility":"","ast-main-header-display":"","ast-hfb-above-header-display":"","ast-hfb-below-header-display":"","ast-hfb-mobile-header-display":"","site-post-title":"disabled","ast-breadcrumbs-content":"","ast-featured-img":"disabled","footer-sml-layout":"","ast-disable-related-posts":"","theme-transparent-header-meta":"enabled","adv-header-id-meta":"","stick-header-meta":"","header-above-stick-meta":"","header-main-stick-meta":"","header-below-stick-meta":"","astra-migrate-meta-layouts":"set","ast-page-background-enabled":"default","ast-page-background-meta":{"desktop":{"background-color":"","background-image":"","background-repeat":"repeat","background-position":"center center","background-size":"auto","background-attachment":"scroll","background-type":"","background-media":"","overlay-type":"","overlay-color":"","overlay-opacity":"","overlay-gradient":""},"tablet":{"background-color":"","background-image":"","background-repeat":"repeat","background-position":"center center","background-size":"auto","background-attachment":"scroll","background-type":"","background-media":"","overlay-type":"","overlay-color":"","overlay-opacity":"","overlay-gradient":""},"mobile":{"background-color":"","background-image":"","background-repeat":"repeat","background-position":"center center","background-size":"auto","background-attachment":"scroll","background-type":"","background-media":"","overlay-type":"","overlay-color":"","overlay-opacity":"","overlay-gradient":""}},"ast-content-background-meta":{"desktop":{"background-color":"var(--ast-global-color-5)","background-image":"","background-repeat":"repeat","background-position":"center center","background-size":"auto","background-attachment":"scroll","background-type":"","background-media":"","overlay-type":"","overlay-color":"","overlay-opacity":"","overlay-gradient":""},"tablet":{"background-color":"var(--ast-global-color-5)","background-image":"","background-repeat":"repeat","background-position":"center center","background-size":"auto","background-attachment":"scroll","background-type":"","background-media":"","overlay-type":"","overlay-color":"","overlay-opacity":"","overlay-gradient":""},"mobile":{"background-color":"var(--ast-global-color-5)","background-image":"","background-repeat":"repeat","background-position":"center center","background-size":"auto","background-attachment":"scroll","background-type":"","background-media":"","overlay-type":"","overlay-color":"","overlay-opacity":"","overlay-gradient":""}},"footnotes":""},"class_list":["post-59","page","type-page","status-publish","hentry"],"uagb_featured_image_src":{"full":false,"thumbnail":false,"medium":false,"medium_large":false,"large":false,"1536x1536":false,"2048x2048":false,"trp-custom-language-flag":false,"woocommerce_thumbnail":false,"woocommerce_single":false,"woocommerce_gallery_thumbnail":false},"uagb_author_info":{"display_name":"","author_link":"https:\/\/wisecnclaser.com\/tr\/author\/"},"uagb_comment_info":0,"uagb_excerpt":"Jinan Wise CNC Laser Machinery Co., Ltd. Jinan Wise CNC Laser Machinery Co., Ltd.\u00a0 is specialized manufacturer of woodworking machine, edge banding machine, metal cutting machine, foam cutting milling machine, flatbed cutting machine, stone machine, co2 laser machine. Located in Jinan city, Shandong province, China. we keep R&amp;D new-tech machine for many fields such as&hellip;","_links":{"self":[{"href":"https:\/\/wisecnclaser.com\/tr\/wp-json\/wp\/v2\/pages\/59","targetHints":{"allow":["GET"]}}],"collection":[{"href":"https:\/\/wisecnclaser.com\/tr\/wp-json\/wp\/v2\/pages"}],"about":[{"href":"https:\/\/wisecnclaser.com\/tr\/wp-json\/wp\/v2\/types\/page"}],"replies":[{"embeddable":true,"href":"https:\/\/wisecnclaser.com\/tr\/wp-json\/wp\/v2\/comments?post=59"}],"version-history":[{"count":17,"href":"https:\/\/wisecnclaser.com\/tr\/wp-json\/wp\/v2\/pages\/59\/revisions"}],"predecessor-version":[{"id":3785,"href":"https:\/\/wisecnclaser.com\/tr\/wp-json\/wp\/v2\/pages\/59\/revisions\/3785"}],"wp:attachment":[{"href":"https:\/\/wisecnclaser.com\/tr\/wp-json\/wp\/v2\/media?parent=59"}],"curies":[{"name":"wp","href":"https:\/\/api.w.org\/{rel}","templated":true}]}}