{"id":1192,"date":"2025-05-20T07:32:07","date_gmt":"2025-05-20T07:32:07","guid":{"rendered":"https:\/\/wisecnclaser.com\/product\/golden-bag-with-chain\/"},"modified":"2026-01-15T06:41:10","modified_gmt":"2026-01-15T06:41:10","slug":"golden-bag-with-chain","status":"publish","type":"product","link":"https:\/\/wisecnclaser.com\/tr\/urun\/golden-bag-with-chain\/","title":{"rendered":"5 Eksenli K\u00f6pr\u00fc Ta\u015f\u0131 Kesme Makinesi"},"content":{"rendered":"<p><strong>5 eksenli k\u00f6pr\u00fc ta\u015f\u0131 kesme makinesinin \u00f6zellikleri \uff1a<\/strong><\/p>\n<p>Tam otomatik be\u015f eksenli k\u0131z\u0131l\u00f6tesi k\u00f6pr\u00fc kesme makinesi, \u00e7ok dilli d\u00f6n\u00fc\u015ft\u00fcrme, masa \u00fcst\u00fc i\u015fleme tek bir makine taraf\u0131ndan yap\u0131labilir, X-Y-Z-A-B be\u015f eksenli ba\u011flant\u0131, daha geni\u015f bir uygulama yelpazesi, kesme, pah k\u0131rma, kenar, kanal a\u00e7ma, delme, dairesel yay Di\u011fer \u00f6zel \u015fekilli i\u015fleme, basit kullan\u0131m ve g\u00fc\u00e7l\u00fc uygulanabilirlik.<\/p>\n<p><strong>\u0130\u015fleme malzemesi:<\/strong><\/p>\n<p>Granit, mermer, yapay ta\u015f, plaka ve di\u011fer ta\u015f t\u00fcrleri.<\/p>\n<p><strong>Fonksiyon:<\/strong><\/p>\n<p>1. Makine kafas\u0131 herhangi bir a\u00e7\u0131da d\u00f6nebilir ve plakay\u0131 herhangi bir a\u00e7\u0131da ve \u015fekilde kesebilir: yatay kesme, uzunlamas\u0131na kesme, yay kesme, eliptik kesme ve yuvarlak kesme. Makine ayr\u0131ca t\u00fcmsek kenarlar\u0131 i\u00e7in de kullan\u0131labilir.<\/p>\n<p>2. Kesme \u015fekline ek olarak, b\u00fcy\u00fck plakay\u0131 45 \u00b0 pah k\u0131rma, havza deli\u011fi a\u00e7ma, soba deli\u011fi ve \u00e7apraz kesme ile de kesebilir<\/p>\n<p>3. Platform, y\u00fckleme ve bo\u015faltma i\u00e7in uygun olan 85 \u00b0 d\u00f6nd\u00fcr\u00fclebilir.<\/p>\n<p>4. Karma\u015f\u0131k i\u015flemler yok, sadece kontrol sistemine veri giri\u015fi<\/p>\n<p>&nbsp;<\/p>\n<table width=\"662\">\n<tbody>\n<tr class=\"firstRow\">\n<td colspan=\"2\" valign=\"center\" width=\"662\"><strong>WS3020 5 eksenli K\u00f6pr\u00fc Ta\u015f Kesme Makinesi Teknik Parametresi<\/strong><\/td>\n<\/tr>\n<tr>\n<td valign=\"top\" width=\"207\">\u0130\u015fleme boyutu<\/td>\n<td valign=\"top\" width=\"455\">3000*1600mm<\/td>\n<\/tr>\n<tr>\n<td valign=\"top\" width=\"207\">Testere b\u0131\u00e7a\u011f\u0131 \u00e7ap\u0131<\/td>\n<td valign=\"top\" width=\"455\">350mm<\/td>\n<\/tr>\n<tr>\n<td valign=\"top\" width=\"207\">Kesim kal\u0131nl\u0131\u011f\u0131<\/td>\n<td valign=\"top\" width=\"455\">50mm<\/td>\n<\/tr>\n<tr>\n<td valign=\"top\" width=\"207\">Kontrol Sistemi<\/td>\n<td valign=\"top\" width=\"455\">Kendi Ar-Ge kontrol sistemi<\/td>\n<\/tr>\n<tr>\n<td valign=\"top\" width=\"207\">Platform kanat a\u00e7\u0131s\u0131<\/td>\n<td valign=\"top\" width=\"455\">0-85\u00b0<\/td>\n<\/tr>\n<tr>\n<td valign=\"top\" width=\"207\">Testere \u00e7ap\u0131<\/td>\n<td valign=\"top\" width=\"455\">350mm<\/td>\n<\/tr>\n<tr>\n<td valign=\"top\" width=\"207\">Kafa d\u00f6n\u00fc\u015f a\u00e7\u0131s\u0131<\/td>\n<td valign=\"top\" width=\"455\">0-360\u00b0<\/td>\n<\/tr>\n<tr>\n<td valign=\"top\" width=\"207\">Burun e\u011fim a\u00e7\u0131s\u0131<\/td>\n<td valign=\"top\" width=\"455\">0\u00b0 veya 45\u00b0<\/td>\n<\/tr>\n<tr>\n<td valign=\"top\" width=\"207\">Yaz\u0131l\u0131m<\/td>\n<td valign=\"top\" width=\"455\">ile<\/td>\n<\/tr>\n<tr>\n<td valign=\"top\" width=\"207\">Kesme motoru<\/td>\n<td valign=\"top\" width=\"455\">7.5kw\/11kw<\/td>\n<\/tr>\n<tr>\n<td valign=\"top\" width=\"207\">transfer y\u00f6ntemi<\/td>\n<td valign=\"top\" width=\"455\">X-Y-A ekseni di\u015fli tahriki, Z ekseni vida tahriki<\/td>\n<\/tr>\n<tr>\n<td valign=\"top\" width=\"207\">Araba yolu<\/td>\n<td valign=\"top\" width=\"455\">\u00c7in Markas\u0131 1.3kw servo motor ve dalg\u0131\u00e7 + 2.2kw<\/td>\n<\/tr>\n<tr>\n<td valign=\"top\" width=\"207\">Programl\u0131 olarak<\/td>\n<td valign=\"top\" width=\"455\">Manuel\/Grafik i\u00e7e aktarma<\/td>\n<\/tr>\n<tr>\n<td valign=\"top\" width=\"207\">V\u00fccut a\u011f\u0131rl\u0131\u011f\u0131<\/td>\n<td valign=\"top\" width=\"455\">3500KGS<\/td>\n<\/tr>\n<tr>\n<td valign=\"top\" width=\"207\">Boyut<\/td>\n<td valign=\"top\" width=\"455\">6000*3000*2000<\/td>\n<\/tr>\n<\/tbody>\n<\/table>\n<div class=\"ast-oembed-container\" style=\"height: 100%;\"><iframe title=\"5 eksenli k\u00f6pr\u00fc ta\u015f kesme makinesi ta\u015f \u015fekli kesme makinesi #a\u015f kesme #a\u015f makinesi\" width=\"500\" height=\"375\" src=\"https:\/\/www.youtube.com\/embed\/qGtoYgz5C2I?feature=oembed\" frameborder=\"0\" allow=\"accelerometer; autoplay; clipboard-write; encrypted-media; gyroscope; picture-in-picture; web-share\" referrerpolicy=\"strict-origin-when-cross-origin\" allowfullscreen><\/iframe><\/div>","protected":false},"excerpt":{"rendered":"<p><strong>5 eksenli k\u00f6pr\u00fc ta\u015f\u0131 kesme makinesinin \u00f6zellikleri \uff1a<\/strong><\/p>\n<p>Tam otomatik be\u015f eksenli k\u0131z\u0131l\u00f6tesi k\u00f6pr\u00fc kesme makinesi, \u00e7ok dilli d\u00f6n\u00fc\u015ft\u00fcrme, masa \u00fcst\u00fc i\u015fleme tek bir makine taraf\u0131ndan yap\u0131labilir, X-Y-Z-A-B be\u015f eksenli ba\u011flant\u0131, daha geni\u015f bir uygulama yelpazesi, kesme, pah k\u0131rma, kenar, kanal a\u00e7ma, delme, dairesel yay Di\u011fer \u00f6zel \u015fekilli i\u015fleme, basit kullan\u0131m ve g\u00fc\u00e7l\u00fc uygulanabilirlik.<\/p>\n<p><strong>\u0130\u015fleme malzemesi:<\/strong><\/p>\n<p>Granit, mermer, yapay ta\u015f, plaka ve di\u011fer ta\u015f t\u00fcrleri.<\/p>\n<p><strong>Fonksiyon:<\/strong><\/p>\n<p>1. Makine kafas\u0131 herhangi bir a\u00e7\u0131da d\u00f6nebilir ve plakay\u0131 herhangi bir a\u00e7\u0131da ve \u015fekilde kesebilir: yatay kesme, uzunlamas\u0131na kesme, yay kesme, eliptik kesme ve yuvarlak kesme. Makine ayr\u0131ca t\u00fcmsek kenarlar\u0131 i\u00e7in de kullan\u0131labilir.<\/p>\n<p>2. Kesme \u015fekline ek olarak, b\u00fcy\u00fck plakay\u0131 45 \u00b0 pah k\u0131rma, havza deli\u011fi a\u00e7ma, soba deli\u011fi ve \u00e7apraz kesme ile de kesebilir<\/p>\n<p>3. Platform, y\u00fckleme ve bo\u015faltma i\u00e7in uygun olan 85 \u00b0 d\u00f6nd\u00fcr\u00fclebilir.<\/p>\n<p>4. Karma\u015f\u0131k i\u015flemler yok, sadece kontrol sistemine veri giri\u015fi<\/p>","protected":false},"featured_media":3424,"template":"","meta":{"_seopress_robots_primary_cat":"none","_seopress_titles_title":"","_seopress_titles_desc":"","_seopress_robots_index":"","_uag_custom_page_level_css":"","site-sidebar-layout":"default","site-content-layout":"default","ast-site-content-layout":"default","site-content-style":"default","site-sidebar-style":"default","ast-global-header-display":"","ast-banner-title-visibility":"","ast-main-header-display":"","ast-hfb-above-header-display":"","ast-hfb-below-header-display":"","ast-hfb-mobile-header-display":"","site-post-title":"","ast-breadcrumbs-content":"","ast-featured-img":"","footer-sml-layout":"","ast-disable-related-posts":"","theme-transparent-header-meta":"default","adv-header-id-meta":"","stick-header-meta":"default","header-above-stick-meta":"","header-main-stick-meta":"","header-below-stick-meta":"","astra-migrate-meta-layouts":"set","ast-page-background-enabled":"default","ast-page-background-meta":{"desktop":{"background-color":"","background-image":"","background-repeat":"repeat","background-position":"center center","background-size":"auto","background-attachment":"scroll","background-type":"","background-media":"","overlay-type":"","overlay-color":"","overlay-opacity":"","overlay-gradient":""},"tablet":{"background-color":"","background-image":"","background-repeat":"repeat","background-position":"center center","background-size":"auto","background-attachment":"scroll","background-type":"","background-media":"","overlay-type":"","overlay-color":"","overlay-opacity":"","overlay-gradient":""},"mobile":{"background-color":"","background-image":"","background-repeat":"repeat","background-position":"center center","background-size":"auto","background-attachment":"scroll","background-type":"","background-media":"","overlay-type":"","overlay-color":"","overlay-opacity":"","overlay-gradient":""}},"ast-content-background-meta":{"desktop":{"background-color":"var(--ast-global-color-5)","background-image":"","background-repeat":"repeat","background-position":"center center","background-size":"auto","background-attachment":"scroll","background-type":"","background-media":"","overlay-type":"","overlay-color":"","overlay-opacity":"","overlay-gradient":""},"tablet":{"background-color":"var(--ast-global-color-5)","background-image":"","background-repeat":"repeat","background-position":"center center","background-size":"auto","background-attachment":"scroll","background-type":"","background-media":"","overlay-type":"","overlay-color":"","overlay-opacity":"","overlay-gradient":""},"mobile":{"background-color":"var(--ast-global-color-5)","background-image":"","background-repeat":"repeat","background-position":"center center","background-size":"auto","background-attachment":"scroll","background-type":"","background-media":"","overlay-type":"","overlay-color":"","overlay-opacity":"","overlay-gradient":""}}},"product_brand":[],"product_cat":[33],"product_tag":[248,250],"class_list":{"0":"post-1192","1":"product","2":"type-product","3":"status-publish","4":"has-post-thumbnail","6":"product_cat-stone","7":"product_tag-bridge-stone-cutting-machine","8":"product_tag-stone-machine","9":"desktop-align-left","10":"tablet-align-left","11":"mobile-align-left","12":"ast-product-gallery-layout-horizontal-slider","13":"ast-product-gallery-with-no-image","14":"ast-product-tabs-layout-horizontal","16":"first","17":"instock","18":"featured","19":"shipping-taxable","20":"purchasable","21":"product-type-simple"},"uagb_featured_image_src":{"full":["https:\/\/wisecnclaser.com\/wp-content\/uploads\/2025\/05\/ab8f87c236518a9a6803ddd1b83e6a0d.jpg",800,800,false],"thumbnail":["https:\/\/wisecnclaser.com\/wp-content\/uploads\/2025\/05\/ab8f87c236518a9a6803ddd1b83e6a0d-150x150.jpg",150,150,true],"medium":["https:\/\/wisecnclaser.com\/wp-content\/uploads\/2025\/05\/ab8f87c236518a9a6803ddd1b83e6a0d-300x300.jpg",300,300,true],"medium_large":["https:\/\/wisecnclaser.com\/wp-content\/uploads\/2025\/05\/ab8f87c236518a9a6803ddd1b83e6a0d-768x768.jpg",768,768,true],"large":["https:\/\/wisecnclaser.com\/wp-content\/uploads\/2025\/05\/ab8f87c236518a9a6803ddd1b83e6a0d.jpg",800,800,false],"1536x1536":["https:\/\/wisecnclaser.com\/wp-content\/uploads\/2025\/05\/ab8f87c236518a9a6803ddd1b83e6a0d.jpg",800,800,false],"2048x2048":["https:\/\/wisecnclaser.com\/wp-content\/uploads\/2025\/05\/ab8f87c236518a9a6803ddd1b83e6a0d.jpg",800,800,false],"trp-custom-language-flag":["https:\/\/wisecnclaser.com\/wp-content\/uploads\/2025\/05\/ab8f87c236518a9a6803ddd1b83e6a0d-12x12.jpg",12,12,true],"woocommerce_thumbnail":["https:\/\/wisecnclaser.com\/wp-content\/uploads\/2025\/05\/ab8f87c236518a9a6803ddd1b83e6a0d-300x300.jpg",300,300,true],"woocommerce_single":["https:\/\/wisecnclaser.com\/wp-content\/uploads\/2025\/05\/ab8f87c236518a9a6803ddd1b83e6a0d-600x600.jpg",600,600,true],"woocommerce_gallery_thumbnail":["https:\/\/wisecnclaser.com\/wp-content\/uploads\/2025\/05\/ab8f87c236518a9a6803ddd1b83e6a0d-100x100.jpg",100,100,true]},"uagb_author_info":{"display_name":"jinxing6611@gmail.com","author_link":"https:\/\/wisecnclaser.com\/tr\/author\/"},"uagb_comment_info":0,"uagb_excerpt":"Features of 5 axis bridge stone cutting machine\uff1a Fully automatic five-axis infrared bridge cutting machine, multi-language conversion, table top processing can be done by one machine, X-Y-Z-A-B five-axis linkage, a wider range of applications, can realize cutting, chamfering, edging, grooving, drilling, circular arc Other special-shaped processing, simple operation and strong practicability. Processing material: Granite, marble,&hellip;","_links":{"self":[{"href":"https:\/\/wisecnclaser.com\/tr\/wp-json\/wp\/v2\/product\/1192","targetHints":{"allow":["GET"]}}],"collection":[{"href":"https:\/\/wisecnclaser.com\/tr\/wp-json\/wp\/v2\/product"}],"about":[{"href":"https:\/\/wisecnclaser.com\/tr\/wp-json\/wp\/v2\/types\/product"}],"wp:featuredmedia":[{"embeddable":true,"href":"https:\/\/wisecnclaser.com\/tr\/wp-json\/wp\/v2\/media\/3424"}],"wp:attachment":[{"href":"https:\/\/wisecnclaser.com\/tr\/wp-json\/wp\/v2\/media?parent=1192"}],"wp:term":[{"taxonomy":"product_brand","embeddable":true,"href":"https:\/\/wisecnclaser.com\/tr\/wp-json\/wp\/v2\/product_brand?post=1192"},{"taxonomy":"product_cat","embeddable":true,"href":"https:\/\/wisecnclaser.com\/tr\/wp-json\/wp\/v2\/product_cat?post=1192"},{"taxonomy":"product_tag","embeddable":true,"href":"https:\/\/wisecnclaser.com\/tr\/wp-json\/wp\/v2\/product_tag?post=1192"}],"curies":[{"name":"wp","href":"https:\/\/api.w.org\/{rel}","templated":true}]}}