{"id":1193,"date":"2025-05-20T07:32:07","date_gmt":"2025-05-20T07:32:07","guid":{"rendered":"https:\/\/wisecnclaser.com\/product\/black-over-the-shoulder-handbag-2\/"},"modified":"2025-05-23T02:48:40","modified_gmt":"2025-05-23T02:48:40","slug":"black-over-the-shoulder-handbag-2","status":"publish","type":"product","link":"https:\/\/wisecnclaser.com\/tr\/urun\/black-over-the-shoulder-handbag-2\/","title":{"rendered":"WS6090 WS1290 WS1390 WS1490 WS1610 CO2 Lazer Kesim Makinesi"},"content":{"rendered":"<p><strong>1390 lazer kesim makinesinin \u00f6zellikleri:<\/strong><\/p>\n<p>Benzersiz yava\u015flama tasar\u0131m\u0131, mekanik sistemin dengeli ve sorunsuz hareket etmesini sa\u011flar. Kesme kenar\u0131 p\u00fcr\u00fczs\u00fczd\u00fcr ve testere di\u015fi yoktur. Yaz\u0131l\u0131m, daha h\u0131zl\u0131 kesme h\u0131z\u0131 elde etmek i\u00e7in s\u00fcrekli e\u011fri y\u00f6ntemini benimser.<\/p>\n<p><strong>Uygulanabilir malzemeler:<\/strong>\u00a0ah\u015fap, bambu, ye\u015fim ta\u015f\u0131, mermer, organik cam, kristal, plastik, giysi, ka\u011f\u0131t, deri, kau\u00e7uk, seramik, cam ve di\u011fer ametal malzemeler.<\/p>\n<p><strong>Uygulanabilir end\u00fcstriler:\u00a0<\/strong>reklam, sanat ve el sanatlar\u0131, deri, oyuncak, konfeksiyon, model, in\u015faat d\u00f6\u015femecili\u011fi, bilgisayarl\u0131 nak\u0131\u015f ve k\u0131rpma, ambalaj ve ka\u011f\u0131t end\u00fcstrisi<\/p>\n<p><strong>Teknik\u00a0<\/strong><strong>\u015eartname<\/strong><strong>\u00a0<\/strong><strong>.<\/strong><strong>\u00a0Co2 Lazer Kesim Makinesi:<\/strong><\/p>\n<table>\n<tbody>\n<tr class=\"firstRow\">\n<td valign=\"top\" width=\"252\">Lazer tipi<\/td>\n<td valign=\"top\" width=\"345\">M\u00fch\u00fcrl\u00fc CO<sub>2<\/sub>\u00a0lazer t\u00fcp\u00fc<\/td>\n<\/tr>\n<tr>\n<td valign=\"top\" width=\"252\">Model Tipi<\/td>\n<td valign=\"top\" width=\"345\">6090\u00a01290\u00a01390 1490 1610<\/td>\n<\/tr>\n<tr>\n<td valign=\"top\" width=\"252\">Lazer g\u00fcc\u00fc<\/td>\n<td valign=\"top\" width=\"345\">60W 80W 100W 130W 150W<\/td>\n<\/tr>\n<tr>\n<td valign=\"top\" width=\"246\">Kesim alan\u0131<\/td>\n<td valign=\"top\" width=\"345\">600*900mm, 1200*900mm 1300*900mm, 1400*900mm, 1600*1000mm<\/td>\n<\/tr>\n<tr>\n<td valign=\"top\" width=\"252\">Grav\u00fcr h\u0131z\u0131<\/td>\n<td valign=\"top\" width=\"345\">0-24.000 mm\/dak<\/td>\n<\/tr>\n<tr>\n<td valign=\"top\" width=\"252\">Do\u011frulu\u011fu s\u0131f\u0131rlama<\/td>\n<td valign=\"top\" width=\"345\">\u00b10,05 mm<\/td>\n<\/tr>\n<tr>\n<td valign=\"top\" width=\"252\">\u00c7al\u0131\u015fma gerilimi<\/td>\n<td valign=\"top\" width=\"345\">AC110-220V \u00b110%, 50-60HZ<\/td>\n<\/tr>\n<tr>\n<td valign=\"top\" width=\"252\">G\u00fc\u00e7<\/td>\n<td valign=\"top\" width=\"345\">Maksimum 1200W<\/td>\n<\/tr>\n<tr>\n<td valign=\"top\" width=\"252\">\u00c7al\u0131\u015fma s\u0131cakl\u0131\u011f\u0131<\/td>\n<td valign=\"top\" width=\"345\">0-45 derece<\/td>\n<\/tr>\n<tr>\n<td valign=\"top\" width=\"252\">\u00c7al\u0131\u015fma nemi<\/td>\n<td valign=\"top\" width=\"345\">5-95%<\/td>\n<\/tr>\n<tr>\n<td valign=\"top\" width=\"252\">Minimum \u015fekillendirme karakteri<\/td>\n<td valign=\"top\" width=\"345\">\u0130ngilizce 1*1mm<\/td>\n<\/tr>\n<tr>\n<td valign=\"top\" width=\"252\">Desteklenen grafik format\u0131<\/td>\n<td valign=\"top\" width=\"345\">BMP, PLT, DST, DXF ve AI<\/td>\n<\/tr>\n<tr>\n<td valign=\"top\" width=\"252\">S\u00fcr\u00fc\u015f sistemi<\/td>\n<td valign=\"top\" width=\"345\">Step<\/td>\n<\/tr>\n<tr>\n<td valign=\"top\" width=\"252\">So\u011futma modu<\/td>\n<td valign=\"top\" width=\"345\">Su so\u011futma ve koruma sistemi<\/td>\n<\/tr>\n<tr>\n<td valign=\"top\" width=\"252\">Yard\u0131mc\u0131 ekipman<\/td>\n<td valign=\"top\" width=\"345\">Egzoz fan\u0131, hava egzoz borusu, hava kompres\u00f6r\u00fc, su pompas\u0131<\/td>\n<\/tr>\n<tr>\n<td valign=\"top\" width=\"252\">Yaz\u0131l\u0131m<\/td>\n<td valign=\"top\" width=\"345\">Lazer kesim 5.3<\/td>\n<\/tr>\n<tr>\n<td valign=\"top\" width=\"252\">Uyumlu yaz\u0131l\u0131m<\/td>\n<td valign=\"top\" width=\"345\">Coreldraw AutoCAD Photoshop<\/td>\n<\/tr>\n<tr>\n<td valign=\"top\" width=\"252\">Kontrol sistemi<\/td>\n<td valign=\"top\" width=\"345\">DSP KONTROL<\/td>\n<\/tr>\n<tr>\n<td valign=\"top\" width=\"252\">T\u00fcm makine boyutu<\/td>\n<td valign=\"top\" width=\"345\">1720*1210*1070mm<\/td>\n<\/tr>\n<tr>\n<td valign=\"top\" width=\"252\">Paketle birlikte toplam a\u011f\u0131rl\u0131k<\/td>\n<td valign=\"top\" width=\"345\">280kg<\/td>\n<\/tr>\n<\/tbody>\n<\/table>\n<p>&nbsp;<\/p>","protected":false},"excerpt":{"rendered":"<p><strong>1390 lazer kesim makinesinin \u00f6zellikleri:<\/strong><\/p>\n<p>Benzersiz yava\u015flama tasar\u0131m\u0131, mekanik sistemin dengeli ve sorunsuz hareket etmesini sa\u011flar. Kesme kenar\u0131 p\u00fcr\u00fczs\u00fczd\u00fcr ve testere di\u015fi yoktur. Yaz\u0131l\u0131m, daha h\u0131zl\u0131 kesme h\u0131z\u0131 elde etmek i\u00e7in s\u00fcrekli e\u011fri y\u00f6ntemini benimser.<\/p>\n<p><strong>Uygulanabilir malzemeler:<\/strong>\u00a0ah\u015fap, bambu, ye\u015fim ta\u015f\u0131, mermer, organik cam, kristal, plastik, giysi, ka\u011f\u0131t, deri, kau\u00e7uk, seramik, cam ve di\u011fer ametal malzemeler.<\/p>\n<p><strong>Uygulanabilir end\u00fcstriler:\u00a0<\/strong>reklam, sanat ve el sanatlar\u0131, deri, oyuncak, konfeksiyon, model, in\u015faat d\u00f6\u015femecili\u011fi, bilgisayarl\u0131 nak\u0131\u015f ve k\u0131rpma, ambalaj ve ka\u011f\u0131t end\u00fcstrisi<\/p>","protected":false},"featured_media":3440,"template":"","meta":{"_seopress_robots_primary_cat":"none","_seopress_titles_title":"","_seopress_titles_desc":"","_seopress_robots_index":"","_uag_custom_page_level_css":"","site-sidebar-layout":"default","site-content-layout":"default","ast-site-content-layout":"default","site-content-style":"default","site-sidebar-style":"default","ast-global-header-display":"","ast-banner-title-visibility":"","ast-main-header-display":"","ast-hfb-above-header-display":"","ast-hfb-below-header-display":"","ast-hfb-mobile-header-display":"","site-post-title":"","ast-breadcrumbs-content":"","ast-featured-img":"","footer-sml-layout":"","ast-disable-related-posts":"","theme-transparent-header-meta":"default","adv-header-id-meta":"","stick-header-meta":"default","header-above-stick-meta":"","header-main-stick-meta":"","header-below-stick-meta":"","astra-migrate-meta-layouts":"set","ast-page-background-enabled":"default","ast-page-background-meta":{"desktop":{"background-color":"","background-image":"","background-repeat":"repeat","background-position":"center center","background-size":"auto","background-attachment":"scroll","background-type":"","background-media":"","overlay-type":"","overlay-color":"","overlay-opacity":"","overlay-gradient":""},"tablet":{"background-color":"","background-image":"","background-repeat":"repeat","background-position":"center center","background-size":"auto","background-attachment":"scroll","background-type":"","background-media":"","overlay-type":"","overlay-color":"","overlay-opacity":"","overlay-gradient":""},"mobile":{"background-color":"","background-image":"","background-repeat":"repeat","background-position":"center center","background-size":"auto","background-attachment":"scroll","background-type":"","background-media":"","overlay-type":"","overlay-color":"","overlay-opacity":"","overlay-gradient":""}},"ast-content-background-meta":{"desktop":{"background-color":"var(--ast-global-color-5)","background-image":"","background-repeat":"repeat","background-position":"center center","background-size":"auto","background-attachment":"scroll","background-type":"","background-media":"","overlay-type":"","overlay-color":"","overlay-opacity":"","overlay-gradient":""},"tablet":{"background-color":"var(--ast-global-color-5)","background-image":"","background-repeat":"repeat","background-position":"center center","background-size":"auto","background-attachment":"scroll","background-type":"","background-media":"","overlay-type":"","overlay-color":"","overlay-opacity":"","overlay-gradient":""},"mobile":{"background-color":"var(--ast-global-color-5)","background-image":"","background-repeat":"repeat","background-position":"center center","background-size":"auto","background-attachment":"scroll","background-type":"","background-media":"","overlay-type":"","overlay-color":"","overlay-opacity":"","overlay-gradient":""}}},"product_brand":[],"product_cat":[32],"product_tag":[],"class_list":{"0":"post-1193","1":"product","2":"type-product","3":"status-publish","4":"has-post-thumbnail","6":"product_cat-lasercutting","7":"desktop-align-left","8":"tablet-align-left","9":"mobile-align-left","10":"ast-product-gallery-layout-horizontal-slider","11":"ast-product-gallery-with-no-image","12":"ast-product-tabs-layout-horizontal","14":"first","15":"instock","16":"shipping-taxable","17":"purchasable","18":"product-type-simple"},"uagb_featured_image_src":{"full":["https:\/\/wisecnclaser.com\/wp-content\/uploads\/2025\/05\/cb3fe470a96d64b2a825f89cac573d14.jpg",800,800,false],"thumbnail":["https:\/\/wisecnclaser.com\/wp-content\/uploads\/2025\/05\/cb3fe470a96d64b2a825f89cac573d14-150x150.jpg",150,150,true],"medium":["https:\/\/wisecnclaser.com\/wp-content\/uploads\/2025\/05\/cb3fe470a96d64b2a825f89cac573d14-300x300.jpg",300,300,true],"medium_large":["https:\/\/wisecnclaser.com\/wp-content\/uploads\/2025\/05\/cb3fe470a96d64b2a825f89cac573d14-768x768.jpg",768,768,true],"large":["https:\/\/wisecnclaser.com\/wp-content\/uploads\/2025\/05\/cb3fe470a96d64b2a825f89cac573d14.jpg",800,800,false],"1536x1536":["https:\/\/wisecnclaser.com\/wp-content\/uploads\/2025\/05\/cb3fe470a96d64b2a825f89cac573d14.jpg",800,800,false],"2048x2048":["https:\/\/wisecnclaser.com\/wp-content\/uploads\/2025\/05\/cb3fe470a96d64b2a825f89cac573d14.jpg",800,800,false],"trp-custom-language-flag":["https:\/\/wisecnclaser.com\/wp-content\/uploads\/2025\/05\/cb3fe470a96d64b2a825f89cac573d14-12x12.jpg",12,12,true],"woocommerce_thumbnail":["https:\/\/wisecnclaser.com\/wp-content\/uploads\/2025\/05\/cb3fe470a96d64b2a825f89cac573d14-300x300.jpg",300,300,true],"woocommerce_single":["https:\/\/wisecnclaser.com\/wp-content\/uploads\/2025\/05\/cb3fe470a96d64b2a825f89cac573d14-600x600.jpg",600,600,true],"woocommerce_gallery_thumbnail":["https:\/\/wisecnclaser.com\/wp-content\/uploads\/2025\/05\/cb3fe470a96d64b2a825f89cac573d14-100x100.jpg",100,100,true]},"uagb_author_info":{"display_name":"jinxing6611@gmail.com","author_link":"https:\/\/wisecnclaser.com\/tr\/author\/"},"uagb_comment_info":0,"uagb_excerpt":"Features of 1390 laser cutting machine: The unique decelerate design make the mechanical system move stably and smoothly. The edge of cutting is smooth and there is no sawtooth. The software adopts. continuous curve method to get faster cutting speed. Applicable materials:\u00a0wood, bamboo, jade, marble, organic glass, crystal, plastic, garments, paper, leather, rubber, ceramic, glass&hellip;","_links":{"self":[{"href":"https:\/\/wisecnclaser.com\/tr\/wp-json\/wp\/v2\/product\/1193","targetHints":{"allow":["GET"]}}],"collection":[{"href":"https:\/\/wisecnclaser.com\/tr\/wp-json\/wp\/v2\/product"}],"about":[{"href":"https:\/\/wisecnclaser.com\/tr\/wp-json\/wp\/v2\/types\/product"}],"wp:featuredmedia":[{"embeddable":true,"href":"https:\/\/wisecnclaser.com\/tr\/wp-json\/wp\/v2\/media\/3440"}],"wp:attachment":[{"href":"https:\/\/wisecnclaser.com\/tr\/wp-json\/wp\/v2\/media?parent=1193"}],"wp:term":[{"taxonomy":"product_brand","embeddable":true,"href":"https:\/\/wisecnclaser.com\/tr\/wp-json\/wp\/v2\/product_brand?post=1193"},{"taxonomy":"product_cat","embeddable":true,"href":"https:\/\/wisecnclaser.com\/tr\/wp-json\/wp\/v2\/product_cat?post=1193"},{"taxonomy":"product_tag","embeddable":true,"href":"https:\/\/wisecnclaser.com\/tr\/wp-json\/wp\/v2\/product_tag?post=1193"}],"curies":[{"name":"wp","href":"https:\/\/api.w.org\/{rel}","templated":true}]}}