{"id":1194,"date":"2025-05-20T07:32:07","date_gmt":"2025-05-20T07:32:07","guid":{"rendered":"https:\/\/wisecnclaser.com\/product\/light-brown-bag\/"},"modified":"2025-05-22T12:43:33","modified_gmt":"2025-05-22T12:43:33","slug":"light-brown-bag","status":"publish","type":"product","link":"https:\/\/wisecnclaser.com\/tr\/urun\/light-brown-bag\/","title":{"rendered":"WS1612 \u00c7ift Kafal\u0131 Lazer Kesim Makinesi"},"content":{"rendered":"<p><strong>\u00d6zellikler:<\/strong><\/p>\n<p>Standart petek ile \u00e7ift lazer kafas\u0131 benimseyin, \u00f6zellikle kuma\u015flar\u0131n ve esnek malzemelerin kesilmesi i\u00e7in i\u015fleme verimlili\u011fini b\u00fcy\u00fck \u00f6l\u00e7\u00fcde art\u0131ran iki makineye e\u015fittir.<\/p>\n<p><strong>Uygulanabilir malzemeler:\u00a0<\/strong>ah\u015fap, bambu, ye\u015fim ta\u015f\u0131, mermer, organik cam, kristal, plastik, giysi, ka\u011f\u0131t, deri, kau\u00e7uk, seramik, cam ve di\u011fer ametal malzemeler.<\/p>\n<p><strong>Uygulanabilir end\u00fcstriler:<\/strong>\u00a0reklam, sanat ve el sanatlar\u0131, deri, oyuncak, konfeksiyon, model, in\u015faat d\u00f6\u015femecili\u011fi, bilgisayarl\u0131 nak\u0131\u015f ve k\u0131rpma, ambalaj ve ka\u011f\u0131t end\u00fcstrisi<\/p>\n<p><strong>Teknik\u00a0<\/strong><strong>1612 co2 lazer kesim makinesinin \u00f6zellikleri<\/strong><strong>:<\/strong><\/p>\n<table>\n<tbody>\n<tr class=\"firstRow\">\n<td valign=\"top\" width=\"284\">Lazer tipi<\/td>\n<td valign=\"top\" width=\"284\">M\u00fch\u00fcrl\u00fc CO<sub>2<\/sub>\u00a0lazer t\u00fcp\u00fc<\/td>\n<\/tr>\n<tr>\n<td valign=\"top\" width=\"284\">Model Tipi<\/td>\n<td valign=\"top\" width=\"284\">WS1612<\/td>\n<\/tr>\n<tr>\n<td valign=\"top\" width=\"284\">Lazer g\u00fcc\u00fc<\/td>\n<td valign=\"top\" width=\"284\">60W 80W 100W 130W 150W<\/td>\n<\/tr>\n<tr>\n<td valign=\"top\" width=\"284\">Kesim alan\u0131<\/td>\n<td valign=\"top\" width=\"284\">1600*1000mm\/800*600mm*2<\/td>\n<\/tr>\n<tr>\n<td valign=\"top\" width=\"284\">Grav\u00fcr h\u0131z\u0131<\/td>\n<td valign=\"top\" width=\"284\">0-24.000 mm\/dak<\/td>\n<\/tr>\n<tr>\n<td valign=\"top\" width=\"284\">Do\u011frulu\u011fu s\u0131f\u0131rlama<\/td>\n<td valign=\"top\" width=\"284\">\u00b10,05 mm<\/td>\n<\/tr>\n<tr>\n<td valign=\"top\" width=\"284\">\u00c7al\u0131\u015fma gerilimi<\/td>\n<td valign=\"top\" width=\"284\">AC110-220V \u00b110%, 50-60HZ<\/td>\n<\/tr>\n<tr>\n<td valign=\"top\" width=\"284\">G\u00fc\u00e7<\/td>\n<td valign=\"top\" width=\"284\">Maksimum 2000W<\/td>\n<\/tr>\n<tr>\n<td valign=\"top\" width=\"284\">\u00c7al\u0131\u015fma s\u0131cakl\u0131\u011f\u0131<\/td>\n<td valign=\"top\" width=\"284\">0-45 derece<\/td>\n<\/tr>\n<tr>\n<td valign=\"top\" width=\"284\">\u00c7al\u0131\u015fma nemi<\/td>\n<td valign=\"top\" width=\"284\">5-95%<\/td>\n<\/tr>\n<tr>\n<td valign=\"top\" width=\"284\">Minimum \u015fekillendirme karakteri<\/td>\n<td valign=\"top\" width=\"284\">\u0130ngilizce 1*1mm<\/td>\n<\/tr>\n<tr>\n<td valign=\"top\" width=\"284\">Desteklenen grafik format\u0131<\/td>\n<td valign=\"top\" width=\"284\">BMP, PLT, DST, DXF ve AI<\/td>\n<\/tr>\n<tr>\n<td valign=\"top\" width=\"284\">S\u00fcr\u00fc\u015f sistemi<\/td>\n<td valign=\"top\" width=\"284\">Step<\/td>\n<\/tr>\n<tr>\n<td valign=\"top\" width=\"284\">So\u011futma modu<\/td>\n<td valign=\"top\" width=\"284\">Su so\u011futma ve koruma sistemi<\/td>\n<\/tr>\n<tr>\n<td valign=\"top\" width=\"284\">Yard\u0131mc\u0131 ekipman<\/td>\n<td valign=\"top\" width=\"284\">Egzoz fan\u0131, hava egzoz borusu, hava kompres\u00f6r\u00fc, su pompas\u0131<\/td>\n<\/tr>\n<tr>\n<td valign=\"top\" width=\"284\">Yaz\u0131l\u0131m<\/td>\n<td valign=\"top\" width=\"284\">Lazer kesim 5.3<\/td>\n<\/tr>\n<tr>\n<td valign=\"top\" width=\"284\">Uyumlu yaz\u0131l\u0131m<\/td>\n<td valign=\"top\" width=\"284\">Coreldraw AutoCAD Photoshop<\/td>\n<\/tr>\n<tr>\n<td valign=\"top\" width=\"284\">Kontrol sistemi<\/td>\n<td valign=\"top\" width=\"284\">DSP KONTROL<\/td>\n<\/tr>\n<tr>\n<td valign=\"top\" width=\"284\">T\u00fcm makine boyutu<\/td>\n<td valign=\"top\" width=\"284\">2,120*1,810*1,070mm<\/td>\n<\/tr>\n<tr>\n<td valign=\"top\" width=\"284\">Paketle birlikte toplam a\u011f\u0131rl\u0131k<\/td>\n<td valign=\"top\" width=\"284\">450kg<\/td>\n<\/tr>\n<\/tbody>\n<\/table>\n<p>&nbsp;<\/p>","protected":false},"excerpt":{"rendered":"<p><strong>\u00d6zellikler:<\/strong><\/p>\n<p>Standart petek ile \u00e7ift lazer kafas\u0131 benimseyin, \u00f6zellikle kuma\u015flar\u0131n ve esnek malzemelerin kesilmesi i\u00e7in i\u015fleme verimlili\u011fini b\u00fcy\u00fck \u00f6l\u00e7\u00fcde art\u0131ran iki makineye e\u015fittir.<\/p>\n<p><strong>Uygulanabilir malzemeler:\u00a0<\/strong>ah\u015fap, bambu, ye\u015fim ta\u015f\u0131, mermer, organik cam, kristal, plastik, giysi, ka\u011f\u0131t, deri, kau\u00e7uk, seramik, cam ve di\u011fer ametal malzemeler.<\/p>\n<p><strong>Uygulanabilir end\u00fcstriler:<\/strong>\u00a0reklam, sanat ve el sanatlar\u0131, deri, oyuncak, konfeksiyon, model, in\u015faat d\u00f6\u015femecili\u011fi, bilgisayarl\u0131 nak\u0131\u015f ve k\u0131rpma, ambalaj ve ka\u011f\u0131t end\u00fcstrisi<\/p>","protected":false},"featured_media":3438,"template":"","meta":{"_seopress_robots_primary_cat":"none","_seopress_titles_title":"","_seopress_titles_desc":"","_seopress_robots_index":"","_uag_custom_page_level_css":"","site-sidebar-layout":"default","site-content-layout":"default","ast-site-content-layout":"default","site-content-style":"default","site-sidebar-style":"default","ast-global-header-display":"","ast-banner-title-visibility":"","ast-main-header-display":"","ast-hfb-above-header-display":"","ast-hfb-below-header-display":"","ast-hfb-mobile-header-display":"","site-post-title":"","ast-breadcrumbs-content":"","ast-featured-img":"","footer-sml-layout":"","ast-disable-related-posts":"","theme-transparent-header-meta":"default","adv-header-id-meta":"","stick-header-meta":"default","header-above-stick-meta":"","header-main-stick-meta":"","header-below-stick-meta":"","astra-migrate-meta-layouts":"set","ast-page-background-enabled":"default","ast-page-background-meta":{"desktop":{"background-color":"","background-image":"","background-repeat":"repeat","background-position":"center center","background-size":"auto","background-attachment":"scroll","background-type":"","background-media":"","overlay-type":"","overlay-color":"","overlay-opacity":"","overlay-gradient":""},"tablet":{"background-color":"","background-image":"","background-repeat":"repeat","background-position":"center center","background-size":"auto","background-attachment":"scroll","background-type":"","background-media":"","overlay-type":"","overlay-color":"","overlay-opacity":"","overlay-gradient":""},"mobile":{"background-color":"","background-image":"","background-repeat":"repeat","background-position":"center center","background-size":"auto","background-attachment":"scroll","background-type":"","background-media":"","overlay-type":"","overlay-color":"","overlay-opacity":"","overlay-gradient":""}},"ast-content-background-meta":{"desktop":{"background-color":"var(--ast-global-color-5)","background-image":"","background-repeat":"repeat","background-position":"center center","background-size":"auto","background-attachment":"scroll","background-type":"","background-media":"","overlay-type":"","overlay-color":"","overlay-opacity":"","overlay-gradient":""},"tablet":{"background-color":"var(--ast-global-color-5)","background-image":"","background-repeat":"repeat","background-position":"center center","background-size":"auto","background-attachment":"scroll","background-type":"","background-media":"","overlay-type":"","overlay-color":"","overlay-opacity":"","overlay-gradient":""},"mobile":{"background-color":"var(--ast-global-color-5)","background-image":"","background-repeat":"repeat","background-position":"center center","background-size":"auto","background-attachment":"scroll","background-type":"","background-media":"","overlay-type":"","overlay-color":"","overlay-opacity":"","overlay-gradient":""}}},"product_brand":[],"product_cat":[32],"product_tag":[],"class_list":{"0":"post-1194","1":"product","2":"type-product","3":"status-publish","4":"has-post-thumbnail","6":"product_cat-lasercutting","7":"desktop-align-left","8":"tablet-align-left","9":"mobile-align-left","10":"ast-product-gallery-layout-horizontal-slider","11":"ast-product-gallery-with-no-image","12":"ast-product-tabs-layout-horizontal","14":"first","15":"instock","16":"sale","17":"shipping-taxable","18":"purchasable","19":"product-type-simple"},"uagb_featured_image_src":{"full":["https:\/\/wisecnclaser.com\/wp-content\/uploads\/2025\/05\/3f5b260a4681fe98e157bfce46d43463.jpg",800,800,false],"thumbnail":["https:\/\/wisecnclaser.com\/wp-content\/uploads\/2025\/05\/3f5b260a4681fe98e157bfce46d43463-150x150.jpg",150,150,true],"medium":["https:\/\/wisecnclaser.com\/wp-content\/uploads\/2025\/05\/3f5b260a4681fe98e157bfce46d43463-300x300.jpg",300,300,true],"medium_large":["https:\/\/wisecnclaser.com\/wp-content\/uploads\/2025\/05\/3f5b260a4681fe98e157bfce46d43463-768x768.jpg",768,768,true],"large":["https:\/\/wisecnclaser.com\/wp-content\/uploads\/2025\/05\/3f5b260a4681fe98e157bfce46d43463.jpg",800,800,false],"1536x1536":["https:\/\/wisecnclaser.com\/wp-content\/uploads\/2025\/05\/3f5b260a4681fe98e157bfce46d43463.jpg",800,800,false],"2048x2048":["https:\/\/wisecnclaser.com\/wp-content\/uploads\/2025\/05\/3f5b260a4681fe98e157bfce46d43463.jpg",800,800,false],"trp-custom-language-flag":["https:\/\/wisecnclaser.com\/wp-content\/uploads\/2025\/05\/3f5b260a4681fe98e157bfce46d43463-12x12.jpg",12,12,true],"woocommerce_thumbnail":["https:\/\/wisecnclaser.com\/wp-content\/uploads\/2025\/05\/3f5b260a4681fe98e157bfce46d43463-300x300.jpg",300,300,true],"woocommerce_single":["https:\/\/wisecnclaser.com\/wp-content\/uploads\/2025\/05\/3f5b260a4681fe98e157bfce46d43463-600x600.jpg",600,600,true],"woocommerce_gallery_thumbnail":["https:\/\/wisecnclaser.com\/wp-content\/uploads\/2025\/05\/3f5b260a4681fe98e157bfce46d43463-100x100.jpg",100,100,true]},"uagb_author_info":{"display_name":"jinxing6611@gmail.com","author_link":"https:\/\/wisecnclaser.com\/tr\/author\/"},"uagb_comment_info":0,"uagb_excerpt":"Features: Adopt dual laser heads, with the standard honeycomb, it is equal to two machines, which greatly improving the processing efficiency,especially for cutting of fabrics and flexible materials.. Applicable materials:\u00a0wood, bamboo, jade, marble, organic glass, crystal, plastic, garments, paper, leather, rubber, ceramic, glass and other nonmetal materials. Applicable industries:\u00a0advertisement, arts and crafts, leather, toys, garments,&hellip;","_links":{"self":[{"href":"https:\/\/wisecnclaser.com\/tr\/wp-json\/wp\/v2\/product\/1194","targetHints":{"allow":["GET"]}}],"collection":[{"href":"https:\/\/wisecnclaser.com\/tr\/wp-json\/wp\/v2\/product"}],"about":[{"href":"https:\/\/wisecnclaser.com\/tr\/wp-json\/wp\/v2\/types\/product"}],"wp:featuredmedia":[{"embeddable":true,"href":"https:\/\/wisecnclaser.com\/tr\/wp-json\/wp\/v2\/media\/3438"}],"wp:attachment":[{"href":"https:\/\/wisecnclaser.com\/tr\/wp-json\/wp\/v2\/media?parent=1194"}],"wp:term":[{"taxonomy":"product_brand","embeddable":true,"href":"https:\/\/wisecnclaser.com\/tr\/wp-json\/wp\/v2\/product_brand?post=1194"},{"taxonomy":"product_cat","embeddable":true,"href":"https:\/\/wisecnclaser.com\/tr\/wp-json\/wp\/v2\/product_cat?post=1194"},{"taxonomy":"product_tag","embeddable":true,"href":"https:\/\/wisecnclaser.com\/tr\/wp-json\/wp\/v2\/product_tag?post=1194"}],"curies":[{"name":"wp","href":"https:\/\/api.w.org\/{rel}","templated":true}]}}