{"id":1195,"date":"2025-05-20T07:32:07","date_gmt":"2025-05-20T07:32:07","guid":{"rendered":"https:\/\/wisecnclaser.com\/product\/dnk-purple-tshirt\/"},"modified":"2025-05-22T12:41:34","modified_gmt":"2025-05-22T12:41:34","slug":"dnk-purple-tshirt","status":"publish","type":"product","link":"https:\/\/wisecnclaser.com\/tr\/urun\/dnk-purple-tshirt\/","title":{"rendered":"WS1325 CO2 Lazer Kesim Makinesi"},"content":{"rendered":"<p><strong>\u00d6zellikler:<\/strong><\/p>\n<p>1300\u00d72500mm \u00e7al\u0131\u015fma alan\u0131, b\u00fcy\u00fck \u00f6l\u00e7ekli giysiler ve kuma\u015f, deri, ah\u015fap, arrilik ve ka\u011f\u0131t end\u00fcstrisinde grav\u00fcr ve kesme taleplerini kar\u015f\u0131layabilir.<\/p>\n<p><strong>Uygulanabilir malzemeler:\u00a0<\/strong>ah\u015fap, bambu, ye\u015fim ta\u015f\u0131, mermer, organik cam, kristal, plastik, giysi, ka\u011f\u0131t, deri, kau\u00e7uk, seramik, cam ve di\u011fer ametal malzemeler.<\/p>\n<p><strong>Uygulanabilir end\u00fcstriler:\u00a0<\/strong>reklam, sanat ve el sanatlar\u0131, deri, oyuncak, konfeksiyon, model, in\u015faat d\u00f6\u015femecili\u011fi, bilgisayarl\u0131 nak\u0131\u015f ve k\u0131rpma, ambalaj ve ka\u011f\u0131t end\u00fcstrisi<\/p>\n<p><strong>Teknik\u00a0<\/strong><strong>\u015eartname<\/strong><strong>:<\/strong><\/p>\n<table>\n<tbody>\n<tr class=\"firstRow\">\n<td valign=\"top\" width=\"284\">Lazer tipi<\/td>\n<td valign=\"top\" width=\"284\">M\u00fch\u00fcrl\u00fc CO<sub>2<\/sub>\u00a0lazer t\u00fcp\u00fc<\/td>\n<\/tr>\n<tr>\n<td valign=\"top\" width=\"284\">Model Tipi<\/td>\n<td valign=\"top\" width=\"284\">WS1325<\/td>\n<\/tr>\n<tr>\n<td valign=\"top\" width=\"284\">Lazer g\u00fcc\u00fc<\/td>\n<td valign=\"top\" width=\"284\">80W 100W 130W 150W<\/td>\n<\/tr>\n<tr>\n<td valign=\"top\" width=\"284\">Kesim alan\u0131<\/td>\n<td valign=\"top\" width=\"284\">1300*2500mm 1500*3000mm iste\u011fe ba\u011fl\u0131<\/td>\n<\/tr>\n<tr>\n<td valign=\"top\" width=\"284\">Grav\u00fcr h\u0131z\u0131<\/td>\n<td valign=\"top\" width=\"284\">0-24.000 mm\/dak<\/td>\n<\/tr>\n<tr>\n<td valign=\"top\" width=\"284\">Do\u011frulu\u011fu s\u0131f\u0131rlama<\/td>\n<td valign=\"top\" width=\"284\">\u00b10.1mm<\/td>\n<\/tr>\n<tr>\n<td valign=\"top\" width=\"284\">\u00c7al\u0131\u015fma gerilimi<\/td>\n<td valign=\"top\" width=\"284\">AC110-220V \u00b110%, 50-60HZ<\/td>\n<\/tr>\n<tr>\n<td valign=\"top\" width=\"284\">G\u00fc\u00e7<\/td>\n<td valign=\"top\" width=\"284\">Maksimum 1500W<\/td>\n<\/tr>\n<tr>\n<td valign=\"top\" width=\"284\">\u00c7al\u0131\u015fma s\u0131cakl\u0131\u011f\u0131<\/td>\n<td valign=\"top\" width=\"284\">0-45 derece<\/td>\n<\/tr>\n<tr>\n<td valign=\"top\" width=\"284\">\u00c7al\u0131\u015fma nemi<\/td>\n<td valign=\"top\" width=\"284\">5-95%<\/td>\n<\/tr>\n<tr>\n<td valign=\"top\" width=\"284\">Minimum \u015fekillendirme karakteri<\/td>\n<td valign=\"top\" width=\"284\">\u0130ngilizce 1*1mm<\/td>\n<\/tr>\n<tr>\n<td valign=\"top\" width=\"284\">Desteklenen grafik format\u0131<\/td>\n<td valign=\"top\" width=\"284\">BMP, PLT, DST, DXF ve AI<\/td>\n<\/tr>\n<tr>\n<td valign=\"top\" width=\"284\">S\u00fcr\u00fc\u015f sistemi<\/td>\n<td valign=\"top\" width=\"284\">Step<\/td>\n<\/tr>\n<tr>\n<td valign=\"top\" width=\"284\">So\u011futma modu<\/td>\n<td valign=\"top\" width=\"284\">Su so\u011futma ve koruma sistemi<\/td>\n<\/tr>\n<tr>\n<td valign=\"top\" width=\"284\">Yard\u0131mc\u0131 ekipman<\/td>\n<td valign=\"top\" width=\"284\">Egzoz fan\u0131, hava egzoz borusu, hava kompres\u00f6r\u00fc, su pompas\u0131<\/td>\n<\/tr>\n<tr>\n<td valign=\"top\" width=\"284\">Yaz\u0131l\u0131m<\/td>\n<td valign=\"top\" width=\"284\">Lazer kesim 5.3<\/td>\n<\/tr>\n<tr>\n<td valign=\"top\" width=\"284\">Uyumlu yaz\u0131l\u0131m<\/td>\n<td valign=\"top\" width=\"284\">Coreldraw AutoCAD Photoshop<\/td>\n<\/tr>\n<tr>\n<td valign=\"top\" width=\"284\">Kontrol sistemi<\/td>\n<td valign=\"top\" width=\"284\">DSP KONTROL<\/td>\n<\/tr>\n<tr>\n<td valign=\"top\" width=\"284\">T\u00fcm makine boyutu<\/td>\n<td valign=\"top\" width=\"284\">3.000\u00d71.600 x 990mm<\/td>\n<\/tr>\n<tr>\n<td valign=\"top\" width=\"284\">Paketle birlikte toplam a\u011f\u0131rl\u0131k<\/td>\n<td valign=\"top\" width=\"284\">600kg<\/td>\n<\/tr>\n<\/tbody>\n<\/table>\n<p>&nbsp;<\/p>","protected":false},"excerpt":{"rendered":"<p><strong>\u00d6zellikler:<\/strong><\/p>\n<p>1300\u00d72500mm \u00e7al\u0131\u015fma alan\u0131, b\u00fcy\u00fck \u00f6l\u00e7ekli giysiler ve kuma\u015f, deri, ah\u015fap, arrilik ve ka\u011f\u0131t end\u00fcstrisinde grav\u00fcr ve kesme taleplerini kar\u015f\u0131layabilir.<\/p>\n<p><strong>Uygulanabilir malzemeler:\u00a0<\/strong>ah\u015fap, bambu, ye\u015fim ta\u015f\u0131, mermer, organik cam, kristal, plastik, giysi, ka\u011f\u0131t, deri, kau\u00e7uk, seramik, cam ve di\u011fer ametal malzemeler.<\/p>\n<p><strong>Uygulanabilir end\u00fcstriler:\u00a0<\/strong>reklam, sanat ve el sanatlar\u0131, deri, oyuncak, konfeksiyon, model, in\u015faat d\u00f6\u015femecili\u011fi, bilgisayarl\u0131 nak\u0131\u015f ve k\u0131rpma, ambalaj ve ka\u011f\u0131t end\u00fcstrisi<\/p>","protected":false},"featured_media":3436,"template":"","meta":{"_seopress_robots_primary_cat":"none","_seopress_titles_title":"","_seopress_titles_desc":"","_seopress_robots_index":"","_uag_custom_page_level_css":"","site-sidebar-layout":"default","site-content-layout":"default","ast-site-content-layout":"default","site-content-style":"default","site-sidebar-style":"default","ast-global-header-display":"","ast-banner-title-visibility":"","ast-main-header-display":"","ast-hfb-above-header-display":"","ast-hfb-below-header-display":"","ast-hfb-mobile-header-display":"","site-post-title":"","ast-breadcrumbs-content":"","ast-featured-img":"","footer-sml-layout":"","ast-disable-related-posts":"","theme-transparent-header-meta":"default","adv-header-id-meta":"","stick-header-meta":"default","header-above-stick-meta":"","header-main-stick-meta":"","header-below-stick-meta":"","astra-migrate-meta-layouts":"set","ast-page-background-enabled":"default","ast-page-background-meta":{"desktop":{"background-color":"","background-image":"","background-repeat":"repeat","background-position":"center center","background-size":"auto","background-attachment":"scroll","background-type":"","background-media":"","overlay-type":"","overlay-color":"","overlay-opacity":"","overlay-gradient":""},"tablet":{"background-color":"","background-image":"","background-repeat":"repeat","background-position":"center center","background-size":"auto","background-attachment":"scroll","background-type":"","background-media":"","overlay-type":"","overlay-color":"","overlay-opacity":"","overlay-gradient":""},"mobile":{"background-color":"","background-image":"","background-repeat":"repeat","background-position":"center center","background-size":"auto","background-attachment":"scroll","background-type":"","background-media":"","overlay-type":"","overlay-color":"","overlay-opacity":"","overlay-gradient":""}},"ast-content-background-meta":{"desktop":{"background-color":"var(--ast-global-color-5)","background-image":"","background-repeat":"repeat","background-position":"center center","background-size":"auto","background-attachment":"scroll","background-type":"","background-media":"","overlay-type":"","overlay-color":"","overlay-opacity":"","overlay-gradient":""},"tablet":{"background-color":"var(--ast-global-color-5)","background-image":"","background-repeat":"repeat","background-position":"center center","background-size":"auto","background-attachment":"scroll","background-type":"","background-media":"","overlay-type":"","overlay-color":"","overlay-opacity":"","overlay-gradient":""},"mobile":{"background-color":"var(--ast-global-color-5)","background-image":"","background-repeat":"repeat","background-position":"center center","background-size":"auto","background-attachment":"scroll","background-type":"","background-media":"","overlay-type":"","overlay-color":"","overlay-opacity":"","overlay-gradient":""}}},"product_brand":[],"product_cat":[32],"product_tag":[],"class_list":{"0":"post-1195","1":"product","2":"type-product","3":"status-publish","4":"has-post-thumbnail","6":"product_cat-lasercutting","7":"desktop-align-left","8":"tablet-align-left","9":"mobile-align-left","10":"ast-product-gallery-layout-horizontal-slider","11":"ast-product-gallery-with-no-image","12":"ast-product-tabs-layout-horizontal","14":"first","15":"instock","16":"shipping-taxable","17":"purchasable","18":"product-type-simple"},"uagb_featured_image_src":{"full":["https:\/\/wisecnclaser.com\/wp-content\/uploads\/2025\/05\/2f018a8729135d343b892bd3eb6a05ba.jpg",800,800,false],"thumbnail":["https:\/\/wisecnclaser.com\/wp-content\/uploads\/2025\/05\/2f018a8729135d343b892bd3eb6a05ba-150x150.jpg",150,150,true],"medium":["https:\/\/wisecnclaser.com\/wp-content\/uploads\/2025\/05\/2f018a8729135d343b892bd3eb6a05ba-300x300.jpg",300,300,true],"medium_large":["https:\/\/wisecnclaser.com\/wp-content\/uploads\/2025\/05\/2f018a8729135d343b892bd3eb6a05ba-768x768.jpg",768,768,true],"large":["https:\/\/wisecnclaser.com\/wp-content\/uploads\/2025\/05\/2f018a8729135d343b892bd3eb6a05ba.jpg",800,800,false],"1536x1536":["https:\/\/wisecnclaser.com\/wp-content\/uploads\/2025\/05\/2f018a8729135d343b892bd3eb6a05ba.jpg",800,800,false],"2048x2048":["https:\/\/wisecnclaser.com\/wp-content\/uploads\/2025\/05\/2f018a8729135d343b892bd3eb6a05ba.jpg",800,800,false],"trp-custom-language-flag":["https:\/\/wisecnclaser.com\/wp-content\/uploads\/2025\/05\/2f018a8729135d343b892bd3eb6a05ba-12x12.jpg",12,12,true],"woocommerce_thumbnail":["https:\/\/wisecnclaser.com\/wp-content\/uploads\/2025\/05\/2f018a8729135d343b892bd3eb6a05ba-300x300.jpg",300,300,true],"woocommerce_single":["https:\/\/wisecnclaser.com\/wp-content\/uploads\/2025\/05\/2f018a8729135d343b892bd3eb6a05ba-600x600.jpg",600,600,true],"woocommerce_gallery_thumbnail":["https:\/\/wisecnclaser.com\/wp-content\/uploads\/2025\/05\/2f018a8729135d343b892bd3eb6a05ba-100x100.jpg",100,100,true]},"uagb_author_info":{"display_name":"jinxing6611@gmail.com","author_link":"https:\/\/wisecnclaser.com\/tr\/author\/"},"uagb_comment_info":0,"uagb_excerpt":"Features: The working area of 1300\u00d72500mm can meet the demands of engraving and cutting on large scale garments and cloth, leather, wood, arylic and paper industry. Applicable materials:\u00a0wood, bamboo, jade, marble, organic glass, crystal, plastic, garments, paper, leather, rubber, ceramic, glass and other nonmetal materials. Applicable industries:\u00a0advertisement, arts and crafts, leather, toys, garments, model ,&hellip;","_links":{"self":[{"href":"https:\/\/wisecnclaser.com\/tr\/wp-json\/wp\/v2\/product\/1195","targetHints":{"allow":["GET"]}}],"collection":[{"href":"https:\/\/wisecnclaser.com\/tr\/wp-json\/wp\/v2\/product"}],"about":[{"href":"https:\/\/wisecnclaser.com\/tr\/wp-json\/wp\/v2\/types\/product"}],"wp:featuredmedia":[{"embeddable":true,"href":"https:\/\/wisecnclaser.com\/tr\/wp-json\/wp\/v2\/media\/3436"}],"wp:attachment":[{"href":"https:\/\/wisecnclaser.com\/tr\/wp-json\/wp\/v2\/media?parent=1195"}],"wp:term":[{"taxonomy":"product_brand","embeddable":true,"href":"https:\/\/wisecnclaser.com\/tr\/wp-json\/wp\/v2\/product_brand?post=1195"},{"taxonomy":"product_cat","embeddable":true,"href":"https:\/\/wisecnclaser.com\/tr\/wp-json\/wp\/v2\/product_cat?post=1195"},{"taxonomy":"product_tag","embeddable":true,"href":"https:\/\/wisecnclaser.com\/tr\/wp-json\/wp\/v2\/product_tag?post=1195"}],"curies":[{"name":"wp","href":"https:\/\/api.w.org\/{rel}","templated":true}]}}