{"id":1202,"date":"2025-05-20T07:32:07","date_gmt":"2025-05-20T07:32:07","guid":{"rendered":"https:\/\/wisecnclaser.com\/product\/green-tshirt\/"},"modified":"2025-05-22T12:34:45","modified_gmt":"2025-05-22T12:34:45","slug":"green-tshirt","status":"publish","type":"product","link":"https:\/\/wisecnclaser.com\/tr\/urun\/green-tshirt\/","title":{"rendered":"Tek Kafa Ta\u015f CNC Router"},"content":{"rendered":"<p><strong><em>Ta\u015f cnc router'\u0131m\u0131z\u0131n avantajlar\u0131:<\/em><\/strong><\/p>\n<p>1. A\u011f\u0131r hizmet tipi \u00e7er\u00e7eve, makine a\u011f\u0131rl\u0131\u011f\u0131 yakla\u015f\u0131k 2200 kg'd\u0131r<\/p>\n<p>2. makine \u00e7er\u00e7evesi y\u00fcksek hassasiyetli cnc freze merkezi taraf\u0131ndan i\u015flenir, di\u011fer baz\u0131 tedarik\u00e7iler \u00e7ift g\u00f6vdeli planya kullan\u0131r \uff0c planya ve freze merkezi aras\u0131nda hassas fark vard\u0131r<\/p>\n<p>3. Milimiz, ta\u015f oyma ve oyma i\u00e7in Ar-Ge profesyonel mili, daha iyi toz ge\u00e7irmez ve su ge\u00e7irmezdir. Normal milin toz ge\u00e7irmez ve su ge\u00e7irmez i\u015flevi yoktur<\/p>\n<p>4. Di\u011fer par\u00e7alar\u0131n t\u00fcm\u00fc, a\u011f\u0131r diren\u00e7, su ge\u00e7irmezlik ve toz ge\u00e7irmezlik gibi ta\u015f oymac\u0131l\u0131\u011f\u0131na en uygun olan\u0131 kullan\u0131r<\/p>\n<table>\n<tbody>\n<tr class=\"firstRow\">\n<td colspan=\"2\" valign=\"center\" width=\"645\"><strong>1325 ta\u015f cnc router'\u0131n Tan\u0131m\u0131 ve \u00d6zellikleri:<\/strong><\/td>\n<\/tr>\n<tr>\n<td valign=\"top\" width=\"267\">X \u00c7al\u0131\u015fma Alan\u0131<\/td>\n<td valign=\"top\" width=\"378\">1300mm (4FEET)<\/td>\n<\/tr>\n<tr>\n<td valign=\"top\" width=\"267\">Y \u00c7al\u0131\u015fma Alan\u0131<\/td>\n<td valign=\"top\" width=\"378\">2500mm (8FEET)<\/td>\n<\/tr>\n<tr>\n<td valign=\"top\" width=\"267\">Z besleme y\u00fcksekli\u011fi<\/td>\n<td valign=\"top\" width=\"378\">450mm (Z k\u0131za\u011f\u0131ndan makine tablas\u0131na y\u00fckseklik 450mm, \u00e7al\u0131\u015fma boyutu 400mm)<\/td>\n<\/tr>\n<tr>\n<td valign=\"top\" width=\"267\">Makine \u00e7er\u00e7evesi<\/td>\n<td valign=\"top\" width=\"378\">A\u011f\u0131r hizmet tipi I \u00e7er\u00e7eve, 5000 kg a\u011f\u0131rl\u0131k ta\u015f\u0131 ta\u015f\u0131yabilir<\/td>\n<\/tr>\n<tr>\n<td valign=\"top\" width=\"267\">Seyahat Konumland\u0131rma Do\u011frulu\u011fu<\/td>\n<td valign=\"top\" width=\"378\">\u00b10,05 mm<\/td>\n<\/tr>\n<tr>\n<td valign=\"top\" width=\"267\">Yeniden Konumland\u0131rma Konumland\u0131rma Do\u011frulu\u011fu<\/td>\n<td valign=\"top\" width=\"378\">\u00b10,05 mm<\/td>\n<\/tr>\n<tr>\n<td valign=\"top\" width=\"267\">X,Y,Z Yap\u0131s\u0131<\/td>\n<td valign=\"top\" width=\"378\">XY di\u015fli \u00e7ark, Z vidal\u0131 mil. T\u00fcm Eksenler Kare K\u0131lavuz kullan\u0131r<\/td>\n<\/tr>\n<tr>\n<td valign=\"top\" width=\"267\">\u00c7al\u0131\u015fma masas\u0131<\/td>\n<td valign=\"top\" width=\"378\">T yuval\u0131 masa<\/td>\n<\/tr>\n<tr>\n<td valign=\"top\" width=\"267\">Maks. H\u0131zl\u0131 Seyahat H\u0131z\u0131<\/td>\n<td valign=\"top\" width=\"378\">25000 mm\/dak<\/td>\n<\/tr>\n<tr>\n<td valign=\"top\" width=\"267\">Maks. \u00c7al\u0131\u015fma H\u0131z\u0131<\/td>\n<td valign=\"top\" width=\"378\">15000 mm\/dak<\/td>\n<\/tr>\n<tr>\n<td valign=\"top\" width=\"267\">Mil<\/td>\n<td valign=\"top\" width=\"378\">5.5kw su so\u011futmal\u0131 i\u015f mili<\/td>\n<\/tr>\n<tr>\n<td valign=\"top\" width=\"267\">\u0130\u015f Mili H\u0131z\u0131<\/td>\n<td valign=\"top\" width=\"378\">0-24000rpm<\/td>\n<\/tr>\n<tr>\n<td valign=\"top\" width=\"267\">Tahrik Motoru<\/td>\n<td valign=\"top\" width=\"378\">Step s\u00fcr\u00fc\u015f\u00fc<\/td>\n<\/tr>\n<tr>\n<td valign=\"top\" width=\"267\">Komuta<\/td>\n<td valign=\"top\" width=\"378\">G-code*.u00*.mmg*.plt<\/td>\n<\/tr>\n<tr>\n<td valign=\"top\" width=\"267\">\u00c7al\u0131\u015fma gerilimi<\/td>\n<td valign=\"top\" width=\"378\">3PH AC380V\/50Hz<\/td>\n<\/tr>\n<tr>\n<td valign=\"top\" width=\"267\">Kontrol Sistemi<\/td>\n<td valign=\"top\" width=\"378\">DSP<\/td>\n<\/tr>\n<tr>\n<td valign=\"top\" width=\"267\">K\u0131lavuz ray<\/td>\n<td valign=\"top\" width=\"378\">25 BOY KARE RAY<\/td>\n<\/tr>\n<tr>\n<td valign=\"top\" width=\"267\">Kontrol kabini<\/td>\n<td valign=\"top\" width=\"378\">Ba\u011f\u0131ms\u0131z Kabine<\/td>\n<\/tr>\n<tr>\n<td valign=\"top\" width=\"267\">Ya\u011flama sistemi<\/td>\n<td valign=\"top\" width=\"378\">manuel<\/td>\n<\/tr>\n<tr>\n<td valign=\"top\" width=\"267\">\u0130nvert\u00f6r<\/td>\n<td valign=\"top\" width=\"378\">5.5kw<\/td>\n<\/tr>\n<tr>\n<td valign=\"top\" width=\"267\">Makine a\u011f\u0131rl\u0131\u011f\u0131<\/td>\n<td valign=\"top\" width=\"378\">2200kgs<\/td>\n<\/tr>\n<\/tbody>\n<\/table>\n<p>&nbsp;<\/p>","protected":false},"excerpt":{"rendered":"<p><strong><em>Ta\u015f cnc router'\u0131m\u0131z\u0131n avantajlar\u0131:<\/em><\/strong><\/p>\n<p>1. A\u011f\u0131r hizmet tipi \u00e7er\u00e7eve, makine a\u011f\u0131rl\u0131\u011f\u0131 yakla\u015f\u0131k 2200 kg'd\u0131r<\/p>\n<p>2. makine \u00e7er\u00e7evesi y\u00fcksek hassasiyetli cnc freze merkezi taraf\u0131ndan i\u015flenir, di\u011fer baz\u0131 tedarik\u00e7iler \u00e7ift g\u00f6vdeli planya kullan\u0131r \uff0c planya ve freze merkezi aras\u0131nda hassas fark vard\u0131r<\/p>\n<p>3. Milimiz, ta\u015f oyma ve oyma i\u00e7in Ar-Ge profesyonel mili, daha iyi toz ge\u00e7irmez ve su ge\u00e7irmezdir. Normal milin toz ge\u00e7irmez ve su ge\u00e7irmez i\u015flevi yoktur<\/p>\n<p>4. Di\u011fer par\u00e7alar\u0131n t\u00fcm\u00fc, a\u011f\u0131r diren\u00e7, su ge\u00e7irmezlik ve toz ge\u00e7irmezlik gibi ta\u015f oymac\u0131l\u0131\u011f\u0131na en uygun olan\u0131 kullan\u0131r<\/p>","protected":false},"featured_media":3431,"template":"","meta":{"_seopress_robots_primary_cat":"none","_seopress_titles_title":"","_seopress_titles_desc":"","_seopress_robots_index":"","_uag_custom_page_level_css":"","site-sidebar-layout":"default","site-content-layout":"default","ast-site-content-layout":"default","site-content-style":"default","site-sidebar-style":"default","ast-global-header-display":"","ast-banner-title-visibility":"","ast-main-header-display":"","ast-hfb-above-header-display":"","ast-hfb-below-header-display":"","ast-hfb-mobile-header-display":"","site-post-title":"","ast-breadcrumbs-content":"","ast-featured-img":"","footer-sml-layout":"","ast-disable-related-posts":"","theme-transparent-header-meta":"default","adv-header-id-meta":"","stick-header-meta":"default","header-above-stick-meta":"","header-main-stick-meta":"","header-below-stick-meta":"","astra-migrate-meta-layouts":"set","ast-page-background-enabled":"default","ast-page-background-meta":{"desktop":{"background-color":"","background-image":"","background-repeat":"repeat","background-position":"center center","background-size":"auto","background-attachment":"scroll","background-type":"","background-media":"","overlay-type":"","overlay-color":"","overlay-opacity":"","overlay-gradient":""},"tablet":{"background-color":"","background-image":"","background-repeat":"repeat","background-position":"center center","background-size":"auto","background-attachment":"scroll","background-type":"","background-media":"","overlay-type":"","overlay-color":"","overlay-opacity":"","overlay-gradient":""},"mobile":{"background-color":"","background-image":"","background-repeat":"repeat","background-position":"center center","background-size":"auto","background-attachment":"scroll","background-type":"","background-media":"","overlay-type":"","overlay-color":"","overlay-opacity":"","overlay-gradient":""}},"ast-content-background-meta":{"desktop":{"background-color":"var(--ast-global-color-5)","background-image":"","background-repeat":"repeat","background-position":"center center","background-size":"auto","background-attachment":"scroll","background-type":"","background-media":"","overlay-type":"","overlay-color":"","overlay-opacity":"","overlay-gradient":""},"tablet":{"background-color":"var(--ast-global-color-5)","background-image":"","background-repeat":"repeat","background-position":"center center","background-size":"auto","background-attachment":"scroll","background-type":"","background-media":"","overlay-type":"","overlay-color":"","overlay-opacity":"","overlay-gradient":""},"mobile":{"background-color":"var(--ast-global-color-5)","background-image":"","background-repeat":"repeat","background-position":"center center","background-size":"auto","background-attachment":"scroll","background-type":"","background-media":"","overlay-type":"","overlay-color":"","overlay-opacity":"","overlay-gradient":""}}},"product_brand":[],"product_cat":[33],"product_tag":[],"class_list":{"0":"post-1202","1":"product","2":"type-product","3":"status-publish","4":"has-post-thumbnail","6":"product_cat-stone","7":"desktop-align-left","8":"tablet-align-left","9":"mobile-align-left","10":"ast-product-gallery-layout-horizontal-slider","11":"ast-product-gallery-with-no-image","12":"ast-product-single-variable","13":"ast-product-tabs-layout-horizontal","15":"first","16":"instock","17":"shipping-taxable","18":"product-type-variable"},"uagb_featured_image_src":{"full":["https:\/\/wisecnclaser.com\/wp-content\/uploads\/2025\/05\/c521f643187757bf9e710406e173fbc8.jpg",800,800,false],"thumbnail":["https:\/\/wisecnclaser.com\/wp-content\/uploads\/2025\/05\/c521f643187757bf9e710406e173fbc8-150x150.jpg",150,150,true],"medium":["https:\/\/wisecnclaser.com\/wp-content\/uploads\/2025\/05\/c521f643187757bf9e710406e173fbc8-300x300.jpg",300,300,true],"medium_large":["https:\/\/wisecnclaser.com\/wp-content\/uploads\/2025\/05\/c521f643187757bf9e710406e173fbc8-768x768.jpg",768,768,true],"large":["https:\/\/wisecnclaser.com\/wp-content\/uploads\/2025\/05\/c521f643187757bf9e710406e173fbc8.jpg",800,800,false],"1536x1536":["https:\/\/wisecnclaser.com\/wp-content\/uploads\/2025\/05\/c521f643187757bf9e710406e173fbc8.jpg",800,800,false],"2048x2048":["https:\/\/wisecnclaser.com\/wp-content\/uploads\/2025\/05\/c521f643187757bf9e710406e173fbc8.jpg",800,800,false],"trp-custom-language-flag":["https:\/\/wisecnclaser.com\/wp-content\/uploads\/2025\/05\/c521f643187757bf9e710406e173fbc8-12x12.jpg",12,12,true],"woocommerce_thumbnail":["https:\/\/wisecnclaser.com\/wp-content\/uploads\/2025\/05\/c521f643187757bf9e710406e173fbc8-300x300.jpg",300,300,true],"woocommerce_single":["https:\/\/wisecnclaser.com\/wp-content\/uploads\/2025\/05\/c521f643187757bf9e710406e173fbc8-600x600.jpg",600,600,true],"woocommerce_gallery_thumbnail":["https:\/\/wisecnclaser.com\/wp-content\/uploads\/2025\/05\/c521f643187757bf9e710406e173fbc8-100x100.jpg",100,100,true]},"uagb_author_info":{"display_name":"jinxing6611@gmail.com","author_link":"https:\/\/wisecnclaser.com\/tr\/author\/"},"uagb_comment_info":0,"uagb_excerpt":"Advantages of our stone cnc router: 1. Heavy duty frame, machine weight is about 2200kgs 2.machine frame is processed by high precision cnc milling center, some other supplier use double housing planer\uff0cthere is precision difference between planer and milling center 3. Our spindle is R&amp;D professional spindle for stone engraving and carving, better dust-proof and&hellip;","_links":{"self":[{"href":"https:\/\/wisecnclaser.com\/tr\/wp-json\/wp\/v2\/product\/1202","targetHints":{"allow":["GET"]}}],"collection":[{"href":"https:\/\/wisecnclaser.com\/tr\/wp-json\/wp\/v2\/product"}],"about":[{"href":"https:\/\/wisecnclaser.com\/tr\/wp-json\/wp\/v2\/types\/product"}],"wp:featuredmedia":[{"embeddable":true,"href":"https:\/\/wisecnclaser.com\/tr\/wp-json\/wp\/v2\/media\/3431"}],"wp:attachment":[{"href":"https:\/\/wisecnclaser.com\/tr\/wp-json\/wp\/v2\/media?parent=1202"}],"wp:term":[{"taxonomy":"product_brand","embeddable":true,"href":"https:\/\/wisecnclaser.com\/tr\/wp-json\/wp\/v2\/product_brand?post=1202"},{"taxonomy":"product_cat","embeddable":true,"href":"https:\/\/wisecnclaser.com\/tr\/wp-json\/wp\/v2\/product_cat?post=1202"},{"taxonomy":"product_tag","embeddable":true,"href":"https:\/\/wisecnclaser.com\/tr\/wp-json\/wp\/v2\/product_tag?post=1202"}],"curies":[{"name":"wp","href":"https:\/\/api.w.org\/{rel}","templated":true}]}}