{"id":1204,"date":"2025-05-20T07:32:07","date_gmt":"2025-05-20T07:32:07","guid":{"rendered":"https:\/\/wisecnclaser.com\/product\/lemon-pattern-tshirt\/"},"modified":"2025-05-22T12:30:29","modified_gmt":"2025-05-22T12:30:29","slug":"lemon-pattern-tshirt","status":"publish","type":"product","link":"https:\/\/wisecnclaser.com\/tr\/urun\/lemon-pattern-tshirt\/","title":{"rendered":"CNC Kuvars Ta\u015f Tezgah \u0130\u015fleme Merkezi"},"content":{"rendered":"<p><strong>Uygulama:<\/strong><\/p>\n<p>\u0130\u00e7 ve d\u0131\u015f dekorasyon, sahne havzas\u0131 banyo, mutfak masas\u0131 ve \u00e7ama\u015f\u0131r havzas\u0131, y\u00fcksek dereceli ta\u015f dekorasyon.<\/p>\n<p><strong>Fonksiyonlar:\u00a0<\/strong>kesme, kenar ta\u015flama, delik kazma, ta\u015flamadan sonra suyu bloke etme, grav\u00fcrleme.<\/p>\n<p><strong>\u00d6zellikler<\/strong><strong>:<\/strong><\/p>\n<p>18 ATC aleti, birka\u00e7 farkl\u0131 ta\u015flama aleti<\/p>\n<p>&nbsp;<\/p>\n<table width=\"662\">\n<tbody>\n<tr class=\"firstRow\">\n<td colspan=\"2\" valign=\"center\" width=\"662\"><strong>WS3012 Teknik Parametresi<\/strong><strong>A<\/strong><strong>\u00a0cnc kuvars ta\u015f tezgah i\u015fleme merkezi:<\/strong><\/td>\n<\/tr>\n<tr>\n<td valign=\"top\" width=\"207\">Model<\/td>\n<td valign=\"top\" width=\"455\">WS3012A<\/td>\n<\/tr>\n<tr>\n<td valign=\"top\" width=\"207\">X \u00c7al\u0131\u015fma alan\u0131<\/td>\n<td valign=\"top\" width=\"455\">3000mm<\/td>\n<\/tr>\n<tr>\n<td valign=\"top\" width=\"207\">Y \u00e7al\u0131\u015fma alan\u0131<\/td>\n<td valign=\"top\" width=\"455\">1200mm<\/td>\n<\/tr>\n<tr>\n<td valign=\"top\" width=\"207\">Z \u00e7al\u0131\u015fma alan\u0131<\/td>\n<td valign=\"top\" width=\"455\">800mm<\/td>\n<\/tr>\n<tr>\n<td valign=\"top\" width=\"207\">Maks. Grav\u00fcr h\u0131z\u0131<\/td>\n<td valign=\"top\" width=\"455\">2-10m\/dak<\/td>\n<\/tr>\n<tr>\n<td valign=\"top\" width=\"207\">Grav\u00fcr sipari\u015fi<\/td>\n<td valign=\"top\" width=\"455\">G kodu<\/td>\n<\/tr>\n<tr>\n<td valign=\"top\" width=\"207\">Tekrarlanan konumland\u0131rma hassasiyeti<\/td>\n<td valign=\"top\" width=\"455\">\u00b10,05 mm<\/td>\n<\/tr>\n<tr>\n<td valign=\"top\" width=\"207\">\u00c7al\u0131\u015fma masas\u0131<\/td>\n<td valign=\"top\" width=\"455\">Vakum emicili 20mm al\u00fcminyum tabla (8 adet)<\/td>\n<\/tr>\n<tr>\n<td valign=\"top\" width=\"207\">Tahrik motoru<\/td>\n<td valign=\"top\" width=\"455\">X, Y ekseni i\u00e7in 850W YASKAWA servo motor,<\/p>\n<p>Z ekseni i\u00e7in 1.3kw YASKAWA servo motor<\/td>\n<\/tr>\n<tr>\n<td valign=\"top\" width=\"207\">Kontrol sistemi<\/td>\n<td valign=\"top\" width=\"455\">NK300<\/td>\n<\/tr>\n<tr>\n<td valign=\"top\" width=\"207\">Mil<\/td>\n<td valign=\"top\" width=\"455\">5.5kw Mekanik Servo ATC i\u015f mili<\/td>\n<\/tr>\n<tr>\n<td valign=\"top\" width=\"207\">\u0130\u015f mili h\u0131z\u0131<\/td>\n<td valign=\"top\" width=\"455\">12000 rpm<\/td>\n<\/tr>\n<tr>\n<td valign=\"top\" width=\"207\">Maks. \u0130\u015flem kal\u0131nl\u0131\u011f\u0131<\/td>\n<td valign=\"top\" width=\"455\">300mm<\/td>\n<\/tr>\n<tr>\n<td valign=\"top\" width=\"207\">Red\u00fckt\u00f6r<\/td>\n<td valign=\"top\" width=\"455\">Japonya SHIMPO red\u00fckt\u00f6r<\/td>\n<\/tr>\n<tr>\n<td valign=\"top\" width=\"207\">Tak\u0131m de\u011fi\u015ftirici<\/td>\n<td valign=\"top\" width=\"455\">18 ATC aletleri, esas olarak ta\u015f tezgah kenar\u0131n\u0131 parlatmak i\u00e7in kullan\u0131lan parlatma aletleridir, BT40<\/td>\n<\/tr>\n<tr>\n<td valign=\"top\" width=\"207\">Maks. g\u00fc\u00e7<\/td>\n<td valign=\"top\" width=\"455\">15kw (i\u015f mili olmadan)<\/td>\n<\/tr>\n<tr>\n<td valign=\"top\" width=\"207\">\u00c7al\u0131\u015fma gerilimi<\/td>\n<td valign=\"top\" width=\"455\">380V\/50HZ<\/td>\n<\/tr>\n<tr>\n<td valign=\"top\" width=\"207\">Makine a\u011f\u0131rl\u0131\u011f\u0131<\/td>\n<td valign=\"top\" width=\"455\">5000kgs<\/td>\n<\/tr>\n<\/tbody>\n<\/table>\n<p>&nbsp;<\/p>","protected":false},"excerpt":{"rendered":"<p><strong>Uygulama:<\/strong><\/p>\n<p>\u0130\u00e7 ve d\u0131\u015f dekorasyon, sahne havzas\u0131 banyo, mutfak masas\u0131 ve \u00e7ama\u015f\u0131r havzas\u0131, y\u00fcksek dereceli ta\u015f dekorasyon.<\/p>\n<p><strong>Fonksiyonlar:\u00a0<\/strong>kesme, kenar ta\u015flama, delik kazma, ta\u015flamadan sonra suyu bloke etme, grav\u00fcrleme.<\/p>\n<p><strong>\u00d6zellikler<\/strong><strong>:<\/strong><\/p>\n<p>18 ATC aleti, birka\u00e7 farkl\u0131 ta\u015flama aleti<\/p>","protected":false},"featured_media":3427,"template":"","meta":{"_seopress_robots_primary_cat":"none","_seopress_titles_title":"","_seopress_titles_desc":"","_seopress_robots_index":"","_uag_custom_page_level_css":"","site-sidebar-layout":"default","site-content-layout":"default","ast-site-content-layout":"default","site-content-style":"default","site-sidebar-style":"default","ast-global-header-display":"","ast-banner-title-visibility":"","ast-main-header-display":"","ast-hfb-above-header-display":"","ast-hfb-below-header-display":"","ast-hfb-mobile-header-display":"","site-post-title":"","ast-breadcrumbs-content":"","ast-featured-img":"","footer-sml-layout":"","ast-disable-related-posts":"","theme-transparent-header-meta":"default","adv-header-id-meta":"","stick-header-meta":"default","header-above-stick-meta":"","header-main-stick-meta":"","header-below-stick-meta":"","astra-migrate-meta-layouts":"set","ast-page-background-enabled":"default","ast-page-background-meta":{"desktop":{"background-color":"","background-image":"","background-repeat":"repeat","background-position":"center center","background-size":"auto","background-attachment":"scroll","background-type":"","background-media":"","overlay-type":"","overlay-color":"","overlay-opacity":"","overlay-gradient":""},"tablet":{"background-color":"","background-image":"","background-repeat":"repeat","background-position":"center center","background-size":"auto","background-attachment":"scroll","background-type":"","background-media":"","overlay-type":"","overlay-color":"","overlay-opacity":"","overlay-gradient":""},"mobile":{"background-color":"","background-image":"","background-repeat":"repeat","background-position":"center center","background-size":"auto","background-attachment":"scroll","background-type":"","background-media":"","overlay-type":"","overlay-color":"","overlay-opacity":"","overlay-gradient":""}},"ast-content-background-meta":{"desktop":{"background-color":"var(--ast-global-color-5)","background-image":"","background-repeat":"repeat","background-position":"center center","background-size":"auto","background-attachment":"scroll","background-type":"","background-media":"","overlay-type":"","overlay-color":"","overlay-opacity":"","overlay-gradient":""},"tablet":{"background-color":"var(--ast-global-color-5)","background-image":"","background-repeat":"repeat","background-position":"center center","background-size":"auto","background-attachment":"scroll","background-type":"","background-media":"","overlay-type":"","overlay-color":"","overlay-opacity":"","overlay-gradient":""},"mobile":{"background-color":"var(--ast-global-color-5)","background-image":"","background-repeat":"repeat","background-position":"center center","background-size":"auto","background-attachment":"scroll","background-type":"","background-media":"","overlay-type":"","overlay-color":"","overlay-opacity":"","overlay-gradient":""}}},"product_brand":[],"product_cat":[33],"product_tag":[],"class_list":{"0":"post-1204","1":"product","2":"type-product","3":"status-publish","4":"has-post-thumbnail","6":"product_cat-stone","7":"desktop-align-left","8":"tablet-align-left","9":"mobile-align-left","10":"ast-product-gallery-layout-horizontal-slider","11":"ast-product-gallery-with-no-image","12":"ast-product-tabs-layout-horizontal","14":"first","15":"instock","16":"sale","17":"shipping-taxable","18":"purchasable","19":"product-type-simple"},"uagb_featured_image_src":{"full":["https:\/\/wisecnclaser.com\/wp-content\/uploads\/2025\/05\/610ec8c944506628358f334792e6716f.jpg",800,800,false],"thumbnail":["https:\/\/wisecnclaser.com\/wp-content\/uploads\/2025\/05\/610ec8c944506628358f334792e6716f-150x150.jpg",150,150,true],"medium":["https:\/\/wisecnclaser.com\/wp-content\/uploads\/2025\/05\/610ec8c944506628358f334792e6716f-300x300.jpg",300,300,true],"medium_large":["https:\/\/wisecnclaser.com\/wp-content\/uploads\/2025\/05\/610ec8c944506628358f334792e6716f-768x768.jpg",768,768,true],"large":["https:\/\/wisecnclaser.com\/wp-content\/uploads\/2025\/05\/610ec8c944506628358f334792e6716f.jpg",800,800,false],"1536x1536":["https:\/\/wisecnclaser.com\/wp-content\/uploads\/2025\/05\/610ec8c944506628358f334792e6716f.jpg",800,800,false],"2048x2048":["https:\/\/wisecnclaser.com\/wp-content\/uploads\/2025\/05\/610ec8c944506628358f334792e6716f.jpg",800,800,false],"trp-custom-language-flag":["https:\/\/wisecnclaser.com\/wp-content\/uploads\/2025\/05\/610ec8c944506628358f334792e6716f-12x12.jpg",12,12,true],"woocommerce_thumbnail":["https:\/\/wisecnclaser.com\/wp-content\/uploads\/2025\/05\/610ec8c944506628358f334792e6716f-300x300.jpg",300,300,true],"woocommerce_single":["https:\/\/wisecnclaser.com\/wp-content\/uploads\/2025\/05\/610ec8c944506628358f334792e6716f-600x600.jpg",600,600,true],"woocommerce_gallery_thumbnail":["https:\/\/wisecnclaser.com\/wp-content\/uploads\/2025\/05\/610ec8c944506628358f334792e6716f-100x100.jpg",100,100,true]},"uagb_author_info":{"display_name":"jinxing6611@gmail.com","author_link":"https:\/\/wisecnclaser.com\/tr\/author\/"},"uagb_comment_info":0,"uagb_excerpt":"Application: Indoor and outdoor decoration, stage basin bathroom, kitchen table and washing basin, high-grade stone decoration. Functions:\u00a0cutting, edge grinding, dig a hole, block water after grinding, engraving. Features: 18 ATC tools, several different grinding tools","_links":{"self":[{"href":"https:\/\/wisecnclaser.com\/tr\/wp-json\/wp\/v2\/product\/1204","targetHints":{"allow":["GET"]}}],"collection":[{"href":"https:\/\/wisecnclaser.com\/tr\/wp-json\/wp\/v2\/product"}],"about":[{"href":"https:\/\/wisecnclaser.com\/tr\/wp-json\/wp\/v2\/types\/product"}],"wp:featuredmedia":[{"embeddable":true,"href":"https:\/\/wisecnclaser.com\/tr\/wp-json\/wp\/v2\/media\/3427"}],"wp:attachment":[{"href":"https:\/\/wisecnclaser.com\/tr\/wp-json\/wp\/v2\/media?parent=1204"}],"wp:term":[{"taxonomy":"product_brand","embeddable":true,"href":"https:\/\/wisecnclaser.com\/tr\/wp-json\/wp\/v2\/product_brand?post=1204"},{"taxonomy":"product_cat","embeddable":true,"href":"https:\/\/wisecnclaser.com\/tr\/wp-json\/wp\/v2\/product_cat?post=1204"},{"taxonomy":"product_tag","embeddable":true,"href":"https:\/\/wisecnclaser.com\/tr\/wp-json\/wp\/v2\/product_tag?post=1204"}],"curies":[{"name":"wp","href":"https:\/\/api.w.org\/{rel}","templated":true}]}}