{"id":1206,"date":"2025-05-20T07:32:07","date_gmt":"2025-05-20T07:32:07","guid":{"rendered":"https:\/\/wisecnclaser.com\/product\/blue-denim-shorts\/"},"modified":"2026-03-11T05:39:57","modified_gmt":"2026-03-11T05:39:57","slug":"blue-denim-shorts","status":"publish","type":"product","link":"https:\/\/wisecnclaser.com\/tr\/urun\/blue-denim-shorts\/","title":{"rendered":"WS1020 CNC Tel K\u00f6p\u00fck Ta\u015f Y\u00fcn\u00fc Kesme Makinesi"},"content":{"rendered":"<p>Kesim Malzemeleri:<\/p>\n<p>Sert kal\u0131nl\u0131kta k\u00f6p\u00fck, \u00f6rne\u011fin 140 100 80 yo\u011funluklu sert EVA, poli\u00fcretan PU k\u00f6p\u00fck, Mineral y\u00fcn, yal\u0131t\u0131m borusu i\u00e7in Corafoam, fiberglas vb. Ayr\u0131ca eps kesebilir, ancak kesme etkisi s\u0131cak tel kesme kadar iyi de\u011fildir<\/p>\n<p>&nbsp;<\/p>\n<table>\n<tbody>\n<tr class=\"firstRow\">\n<td colspan=\"2\" valign=\"center\" width=\"662\"><strong>Cnc ta\u015f y\u00fcn\u00fc kesme makinesinin Tan\u0131m\u0131 ve \u00d6zellikleri:<\/strong><\/td>\n<\/tr>\n<tr>\n<td valign=\"top\" width=\"208\">Kesim alan\u0131<\/td>\n<td valign=\"top\" width=\"454\">Uzunluk 2000mm*geni\u015flik 1000mm*y\u00fckseklik 1000mm<\/td>\n<\/tr>\n<tr>\n<td valign=\"top\" width=\"208\">Masa y\u00fczeyi<\/td>\n<td valign=\"top\" width=\"454\">T yuval\u0131 masa<\/td>\n<\/tr>\n<tr>\n<td valign=\"top\" width=\"208\">Seyahat Konumland\u0131rma Do\u011frulu\u011fu<\/td>\n<td valign=\"top\" width=\"454\">\u00b10,4 mm<\/td>\n<\/tr>\n<tr>\n<td valign=\"top\" width=\"208\">Yeniden Konumland\u0131rma Konumland\u0131rma Do\u011frulu\u011fu<\/td>\n<td valign=\"top\" width=\"454\">\u00b10,5 mm<\/td>\n<\/tr>\n<tr>\n<td valign=\"top\" width=\"208\">\u00c7al\u0131\u015fma dpi<\/td>\n<td valign=\"top\" width=\"454\">\u00b10,5 mm<\/td>\n<\/tr>\n<tr>\n<td valign=\"top\" width=\"208\">Kesme h\u0131z\u0131<\/td>\n<td valign=\"top\" width=\"454\">500-1500 mm\/dak<\/td>\n<\/tr>\n<tr>\n<td valign=\"top\" width=\"208\">Makine Yap\u0131s\u0131<\/td>\n<td valign=\"top\" width=\"454\">Kal\u0131n kaynakl\u0131 \u00e7elik<\/td>\n<\/tr>\n<tr>\n<td valign=\"top\" width=\"208\">Komuta<\/td>\n<td valign=\"top\" width=\"454\">G-code*.u00*.mmg*.plt<\/td>\n<\/tr>\n<tr>\n<td valign=\"top\" width=\"208\">\u00c7al\u0131\u015fma gerilimi<\/td>\n<td valign=\"top\" width=\"454\">AC380V\/50HZ 3 faz<\/td>\n<\/tr>\n<tr>\n<td valign=\"top\" width=\"208\">Paket ile birlikte a\u011f\u0131rl\u0131k<\/td>\n<td valign=\"top\" width=\"454\">850KGS<\/td>\n<\/tr>\n<tr>\n<td valign=\"top\" width=\"208\">Paket boyutu<\/td>\n<td valign=\"top\" width=\"454\">1.6*3.9*1.4M<\/td>\n<\/tr>\n<tr>\n<td valign=\"top\" width=\"208\">Kontrol Sistemi<\/td>\n<td valign=\"top\" width=\"454\">Bilgisayarl\u0131 Mach3<\/td>\n<\/tr>\n<tr>\n<td valign=\"top\" width=\"208\">K\u0131lavuz Ray<\/td>\n<td valign=\"top\" width=\"454\">Kare k\u0131lavuzu<\/td>\n<\/tr>\n<tr>\n<td valign=\"top\" width=\"208\">Nem<\/td>\n<td valign=\"top\" width=\"454\">10%-90% (yo\u011fu\u015fmas\u0131z)<\/td>\n<\/tr>\n<tr>\n<td valign=\"top\" width=\"208\">S\u0131cakl\u0131k<\/td>\n<td valign=\"top\" width=\"454\">10-50\u2103<\/td>\n<\/tr>\n<tr>\n<td valign=\"top\" width=\"208\">Di\u015fli kutusu<\/td>\n<td valign=\"top\" width=\"454\">K\u00fc\u00e7\u00fck di\u015fli kutusu<\/td>\n<\/tr>\n<tr>\n<td valign=\"top\" width=\"208\">\u015eanz\u0131man<\/td>\n<td valign=\"top\" width=\"454\">Y\u00fcksek hassasiyetli helisel kremayer pinyon \u015fanz\u0131man<\/td>\n<\/tr>\n<tr>\n<td valign=\"top\" width=\"208\">Net a\u011f\u0131rl\u0131k<\/td>\n<td valign=\"top\" width=\"454\">600KGS<\/td>\n<\/tr>\n<tr>\n<td valign=\"top\" width=\"208\">S\u00fcr\u00fcc\u00fc<\/td>\n<td valign=\"top\" width=\"454\">Step motor ve s\u00fcr\u00fcc\u00fc<\/td>\n<\/tr>\n<tr>\n<td valign=\"top\" width=\"208\">Bilgisayar<\/td>\n<td valign=\"top\" width=\"454\">End\u00fcstriyel bilgisayar<\/td>\n<\/tr>\n<tr>\n<td valign=\"top\" width=\"208\">G\u00fcvenlik cihaz\u0131<\/td>\n<td valign=\"top\" width=\"454\">Limit anahtar\u0131<\/td>\n<\/tr>\n<tr>\n<td valign=\"top\" width=\"208\">Yedek par\u00e7alar<\/td>\n<td valign=\"top\" width=\"454\">5 adet tel<\/td>\n<\/tr>\n<tr>\n<td valign=\"top\" width=\"208\">Tel \u00e7ap\u0131<\/td>\n<td valign=\"top\" width=\"454\">1-3mm<\/td>\n<\/tr>\n<tr>\n<td valign=\"top\" width=\"208\">\u00c7al\u0131\u015fma g\u00fcc\u00fc<\/td>\n<td valign=\"top\" width=\"454\">5KW<\/td>\n<\/tr>\n<tr>\n<td valign=\"top\" width=\"208\">Kontrol kutusu<\/td>\n<td valign=\"top\" width=\"454\">Ayr\u0131<\/td>\n<\/tr>\n<tr>\n<td valign=\"top\" width=\"208\">Yaz\u0131l\u0131m<\/td>\n<td valign=\"top\" width=\"454\">dahil<\/td>\n<\/tr>\n<\/tbody>\n<\/table>\n<div class=\"ast-oembed-container\" style=\"height: 100%;\"><iframe title=\"Ta\u015f Y\u00fcn\u00fc CNC Kesme Makinesi CNC H\u0131zl\u0131 A\u015f\u0131nd\u0131r\u0131c\u0131 Tel Kesme Makinesi #rockwoolcutting\" width=\"422\" height=\"750\" src=\"https:\/\/www.youtube.com\/embed\/XjdlfCTTg2M?feature=oembed\" frameborder=\"0\" allow=\"accelerometer; autoplay; clipboard-write; encrypted-media; gyroscope; picture-in-picture; web-share\" referrerpolicy=\"strict-origin-when-cross-origin\" allowfullscreen><\/iframe><\/div>","protected":false},"excerpt":{"rendered":"<p>Cutting Materials of cnc wire cutting machine:<\/p>\n<p>Sert kal\u0131nl\u0131kta k\u00f6p\u00fck, \u00f6rne\u011fin 140 100 80 yo\u011funluklu sert EVA, poli\u00fcretan PU k\u00f6p\u00fck, Mineral y\u00fcn, yal\u0131t\u0131m borusu i\u00e7in Corafoam, fiberglas vb. Ayr\u0131ca eps kesebilir, ancak kesme etkisi s\u0131cak tel kesme kadar iyi de\u011fildir<\/p>","protected":false},"featured_media":3444,"template":"","meta":{"_seopress_robots_primary_cat":"none","_seopress_titles_title":"","_seopress_titles_desc":"","_seopress_robots_index":"","_uag_custom_page_level_css":"","site-sidebar-layout":"default","site-content-layout":"default","ast-site-content-layout":"default","site-content-style":"default","site-sidebar-style":"default","ast-global-header-display":"","ast-banner-title-visibility":"","ast-main-header-display":"","ast-hfb-above-header-display":"","ast-hfb-below-header-display":"","ast-hfb-mobile-header-display":"","site-post-title":"","ast-breadcrumbs-content":"","ast-featured-img":"","footer-sml-layout":"","ast-disable-related-posts":"","theme-transparent-header-meta":"default","adv-header-id-meta":"","stick-header-meta":"default","header-above-stick-meta":"","header-main-stick-meta":"","header-below-stick-meta":"","astra-migrate-meta-layouts":"set","ast-page-background-enabled":"default","ast-page-background-meta":{"desktop":{"background-color":"","background-image":"","background-repeat":"repeat","background-position":"center center","background-size":"auto","background-attachment":"scroll","background-type":"","background-media":"","overlay-type":"","overlay-color":"","overlay-opacity":"","overlay-gradient":""},"tablet":{"background-color":"","background-image":"","background-repeat":"repeat","background-position":"center center","background-size":"auto","background-attachment":"scroll","background-type":"","background-media":"","overlay-type":"","overlay-color":"","overlay-opacity":"","overlay-gradient":""},"mobile":{"background-color":"","background-image":"","background-repeat":"repeat","background-position":"center center","background-size":"auto","background-attachment":"scroll","background-type":"","background-media":"","overlay-type":"","overlay-color":"","overlay-opacity":"","overlay-gradient":""}},"ast-content-background-meta":{"desktop":{"background-color":"var(--ast-global-color-5)","background-image":"","background-repeat":"repeat","background-position":"center center","background-size":"auto","background-attachment":"scroll","background-type":"","background-media":"","overlay-type":"","overlay-color":"","overlay-opacity":"","overlay-gradient":""},"tablet":{"background-color":"var(--ast-global-color-5)","background-image":"","background-repeat":"repeat","background-position":"center center","background-size":"auto","background-attachment":"scroll","background-type":"","background-media":"","overlay-type":"","overlay-color":"","overlay-opacity":"","overlay-gradient":""},"mobile":{"background-color":"var(--ast-global-color-5)","background-image":"","background-repeat":"repeat","background-position":"center center","background-size":"auto","background-attachment":"scroll","background-type":"","background-media":"","overlay-type":"","overlay-color":"","overlay-opacity":"","overlay-gradient":""}}},"product_brand":[],"product_cat":[43],"product_tag":[],"class_list":{"0":"post-1206","1":"product","2":"type-product","3":"status-publish","4":"has-post-thumbnail","6":"product_cat-foam","7":"desktop-align-left","8":"tablet-align-left","9":"mobile-align-left","10":"ast-product-gallery-layout-horizontal-slider","11":"ast-product-gallery-with-no-image","12":"ast-product-tabs-layout-horizontal","14":"first","15":"instock","16":"sale","17":"shipping-taxable","18":"purchasable","19":"product-type-simple"},"uagb_featured_image_src":{"full":["https:\/\/wisecnclaser.com\/wp-content\/uploads\/2025\/05\/e5553a9a94f5b6a1764cbf5b183b0459.jpg",800,800,false],"thumbnail":["https:\/\/wisecnclaser.com\/wp-content\/uploads\/2025\/05\/e5553a9a94f5b6a1764cbf5b183b0459-150x150.jpg",150,150,true],"medium":["https:\/\/wisecnclaser.com\/wp-content\/uploads\/2025\/05\/e5553a9a94f5b6a1764cbf5b183b0459-300x300.jpg",300,300,true],"medium_large":["https:\/\/wisecnclaser.com\/wp-content\/uploads\/2025\/05\/e5553a9a94f5b6a1764cbf5b183b0459-768x768.jpg",768,768,true],"large":["https:\/\/wisecnclaser.com\/wp-content\/uploads\/2025\/05\/e5553a9a94f5b6a1764cbf5b183b0459.jpg",800,800,false],"1536x1536":["https:\/\/wisecnclaser.com\/wp-content\/uploads\/2025\/05\/e5553a9a94f5b6a1764cbf5b183b0459.jpg",800,800,false],"2048x2048":["https:\/\/wisecnclaser.com\/wp-content\/uploads\/2025\/05\/e5553a9a94f5b6a1764cbf5b183b0459.jpg",800,800,false],"trp-custom-language-flag":["https:\/\/wisecnclaser.com\/wp-content\/uploads\/2025\/05\/e5553a9a94f5b6a1764cbf5b183b0459-12x12.jpg",12,12,true],"woocommerce_thumbnail":["https:\/\/wisecnclaser.com\/wp-content\/uploads\/2025\/05\/e5553a9a94f5b6a1764cbf5b183b0459-300x300.jpg",300,300,true],"woocommerce_single":["https:\/\/wisecnclaser.com\/wp-content\/uploads\/2025\/05\/e5553a9a94f5b6a1764cbf5b183b0459-600x600.jpg",600,600,true],"woocommerce_gallery_thumbnail":["https:\/\/wisecnclaser.com\/wp-content\/uploads\/2025\/05\/e5553a9a94f5b6a1764cbf5b183b0459-100x100.jpg",100,100,true]},"uagb_author_info":{"display_name":"jinxing6611@gmail.com","author_link":"https:\/\/wisecnclaser.com\/tr\/author\/"},"uagb_comment_info":0,"uagb_excerpt":"Cutting Materials of cnc wire cutting machine: Hard thickness foam, such as hard EVA with 140 100 80 density, polyurethane PU foam, Mineral wool, Corafoam for insulation pipe, fiberglass etc. It can also cut eps, but its cutting effect is not as good as hot wire cutting","_links":{"self":[{"href":"https:\/\/wisecnclaser.com\/tr\/wp-json\/wp\/v2\/product\/1206","targetHints":{"allow":["GET"]}}],"collection":[{"href":"https:\/\/wisecnclaser.com\/tr\/wp-json\/wp\/v2\/product"}],"about":[{"href":"https:\/\/wisecnclaser.com\/tr\/wp-json\/wp\/v2\/types\/product"}],"wp:featuredmedia":[{"embeddable":true,"href":"https:\/\/wisecnclaser.com\/tr\/wp-json\/wp\/v2\/media\/3444"}],"wp:attachment":[{"href":"https:\/\/wisecnclaser.com\/tr\/wp-json\/wp\/v2\/media?parent=1206"}],"wp:term":[{"taxonomy":"product_brand","embeddable":true,"href":"https:\/\/wisecnclaser.com\/tr\/wp-json\/wp\/v2\/product_brand?post=1206"},{"taxonomy":"product_cat","embeddable":true,"href":"https:\/\/wisecnclaser.com\/tr\/wp-json\/wp\/v2\/product_cat?post=1206"},{"taxonomy":"product_tag","embeddable":true,"href":"https:\/\/wisecnclaser.com\/tr\/wp-json\/wp\/v2\/product_tag?post=1206"}],"curies":[{"name":"wp","href":"https:\/\/api.w.org\/{rel}","templated":true}]}}