{"id":1207,"date":"2025-05-20T07:32:07","date_gmt":"2025-05-20T07:32:07","guid":{"rendered":"https:\/\/wisecnclaser.com\/product\/dnk-red-sports-shoes\/"},"modified":"2025-12-02T04:00:38","modified_gmt":"2025-12-02T04:00:38","slug":"dnk-red-sports-shoes","status":"publish","type":"product","link":"https:\/\/wisecnclaser.com\/tr\/urun\/dnk-red-sports-shoes\/","title":{"rendered":"WS1530P Ekonomik D\u00f6ner K\u00f6p\u00fck Freze CNC Makinesi"},"content":{"rendered":"<p><strong>4 eksenli k\u00f6p\u00fck freze cnc makinesi uygulamas\u0131<\/strong><\/p>\n<p>EPS, S\u00fcnger, Polipropilen plastik k\u00f6p\u00fck malzeme (EPP)<\/p>\n<p>&nbsp;<\/p>\n<p>&nbsp;<\/p>\n<table border=\"1\">\n<tbody>\n<tr class=\"firstRow\">\n<td colspan=\"2\" valign=\"center\" width=\"662\"><strong>K\u00f6p\u00fck freze cnc makinesinin Tan\u0131m\u0131 ve \u00d6zellikleri:<\/strong><\/td>\n<\/tr>\n<tr>\n<td valign=\"top\" width=\"268\">X \u00c7al\u0131\u015fma Alan\u0131<\/td>\n<td valign=\"top\" width=\"394\">D\u00fcz malzeme i\u00e7in 1300mm<\/td>\n<\/tr>\n<tr>\n<td valign=\"top\" width=\"268\">Y \u00c7al\u0131\u015fma Alan\u0131<\/td>\n<td valign=\"top\" width=\"394\">D\u00fcz malzeme i\u00e7in 2500mm<\/td>\n<\/tr>\n<tr>\n<td valign=\"top\" width=\"268\">Z \u00c7al\u0131\u015fma Alan\u0131<\/td>\n<td valign=\"top\" width=\"394\">500mm<\/td>\n<\/tr>\n<tr>\n<td valign=\"top\" width=\"268\">A ekseni boyutu-Rotary grav\u00fcr<\/td>\n<td valign=\"top\" width=\"394\">3d k\u00f6p\u00fck i\u00e7in 500mm \u00e7ap*1000mm uzunluk<\/td>\n<\/tr>\n<tr>\n<td valign=\"top\" width=\"268\">Makine masas\u0131<\/td>\n<td valign=\"top\" width=\"394\">T yuvas\u0131<\/td>\n<\/tr>\n<tr>\n<td valign=\"top\" width=\"268\">Yeniden Konumland\u0131rma Konumland\u0131rma Do\u011frulu\u011fu<\/td>\n<td valign=\"top\" width=\"394\">\u00b10,05 mm<\/td>\n<\/tr>\n<tr>\n<td valign=\"top\" width=\"268\">X,Y,Z Yap\u0131s\u0131<\/td>\n<td valign=\"top\" width=\"394\">XY di\u015fli \u00e7ark, Z Tayvan y\u00fcksek hassasiyetli vidal\u0131 mil. T\u00fcm Eksenler Kare K\u0131lavuz kullan\u0131r<\/td>\n<\/tr>\n<tr>\n<td valign=\"top\" width=\"268\">\u0130\u015f mili ucundan \u00e7al\u0131\u015fma masas\u0131na olan mesafe<\/td>\n<td valign=\"top\" width=\"394\">100-500mm<\/td>\n<\/tr>\n<tr>\n<td valign=\"top\" width=\"268\">H\u0131zl\u0131 besleme h\u0131z\u0131<\/td>\n<td valign=\"top\" width=\"394\">X ekseni 12000 mm\/dak Y ekseni 12000 mm\/dak Z 6000 mm\/dak<\/td>\n<\/tr>\n<tr>\n<td valign=\"top\" width=\"268\">Besleme H\u0131z\u0131<\/td>\n<td valign=\"top\" width=\"394\">1-10000mm\/dak<\/td>\n<\/tr>\n<tr>\n<td valign=\"top\" width=\"268\">Mil<\/td>\n<td valign=\"top\" width=\"394\">6kw hava so\u011futmal\u0131 i\u015f mili<\/td>\n<\/tr>\n<tr>\n<td valign=\"top\" width=\"268\">\u0130\u015f Mili H\u0131z\u0131<\/td>\n<td valign=\"top\" width=\"394\">100-18000rpm<\/td>\n<\/tr>\n<tr>\n<td valign=\"top\" width=\"268\">Tahrik Motoru<\/td>\n<td valign=\"top\" width=\"394\">\u00c7inli KND servo motor ve s\u00fcr\u00fcc\u00fc<\/td>\n<\/tr>\n<tr>\n<td valign=\"top\" width=\"268\">Komuta<\/td>\n<td valign=\"top\" width=\"394\">G-code*.u00*.mmg*.plt<\/td>\n<\/tr>\n<tr>\n<td valign=\"top\" width=\"268\">\u00c7al\u0131\u015fma gerilimi<\/td>\n<td valign=\"top\" width=\"394\">3PH AC380V\/50Hz<\/td>\n<\/tr>\n<tr>\n<td valign=\"top\" width=\"268\">Kontrol Sistemi<\/td>\n<td valign=\"top\" width=\"394\">KND S\u0130STEM\u0130<\/td>\n<\/tr>\n<tr>\n<td valign=\"top\" width=\"268\">K\u0131lavuz ray<\/td>\n<td valign=\"top\" width=\"394\">Tayvan 25 ebat Kare Ray<\/td>\n<\/tr>\n<tr>\n<td valign=\"top\" width=\"268\">Dpi<\/td>\n<td valign=\"top\" width=\"394\">+\/-0.4<\/td>\n<\/tr>\n<tr>\n<td valign=\"top\" width=\"268\">\u0130nvert\u00f6r<\/td>\n<td valign=\"top\" width=\"394\">Surfar marka 7.5KW<\/td>\n<\/tr>\n<tr>\n<td valign=\"top\" width=\"268\">Di\u015fli \u00e7ark<\/td>\n<td valign=\"top\" width=\"394\">Helisel kremayer pinyon \u015fanz\u0131man<\/td>\n<\/tr>\n<\/tbody>\n<\/table>\n<p>&nbsp;<\/p>\n<div class=\"ast-oembed-container\" style=\"height: 100%;\"><iframe title=\"WS1530P 2d kabartma 3d k\u00f6p\u00fck heykel oyma makinesi, 4 eksenli strafor eps kal\u0131p freze cnc makinesi\" width=\"422\" height=\"750\" src=\"https:\/\/www.youtube.com\/embed\/EDHQ6BUBdBc?feature=oembed\" frameborder=\"0\" allow=\"accelerometer; autoplay; clipboard-write; encrypted-media; gyroscope; picture-in-picture; web-share\" referrerpolicy=\"strict-origin-when-cross-origin\" allowfullscreen><\/iframe><\/div>","protected":false},"excerpt":{"rendered":"<p><strong>4 eksenli k\u00f6p\u00fck freze cnc makinesi uygulamas\u0131<\/strong><\/p>\n<p>EPS, S\u00fcnger, Polipropilen plastik k\u00f6p\u00fck malzeme (EPP)<\/p>","protected":false},"featured_media":3462,"template":"","meta":{"_seopress_robots_primary_cat":"none","_seopress_titles_title":"","_seopress_titles_desc":"","_seopress_robots_index":"","_uag_custom_page_level_css":"","site-sidebar-layout":"default","site-content-layout":"default","ast-site-content-layout":"default","site-content-style":"default","site-sidebar-style":"default","ast-global-header-display":"","ast-banner-title-visibility":"","ast-main-header-display":"","ast-hfb-above-header-display":"","ast-hfb-below-header-display":"","ast-hfb-mobile-header-display":"","site-post-title":"","ast-breadcrumbs-content":"","ast-featured-img":"","footer-sml-layout":"","ast-disable-related-posts":"","theme-transparent-header-meta":"default","adv-header-id-meta":"","stick-header-meta":"default","header-above-stick-meta":"","header-main-stick-meta":"","header-below-stick-meta":"","astra-migrate-meta-layouts":"set","ast-page-background-enabled":"default","ast-page-background-meta":{"desktop":{"background-color":"","background-image":"","background-repeat":"repeat","background-position":"center center","background-size":"auto","background-attachment":"scroll","background-type":"","background-media":"","overlay-type":"","overlay-color":"","overlay-opacity":"","overlay-gradient":""},"tablet":{"background-color":"","background-image":"","background-repeat":"repeat","background-position":"center center","background-size":"auto","background-attachment":"scroll","background-type":"","background-media":"","overlay-type":"","overlay-color":"","overlay-opacity":"","overlay-gradient":""},"mobile":{"background-color":"","background-image":"","background-repeat":"repeat","background-position":"center center","background-size":"auto","background-attachment":"scroll","background-type":"","background-media":"","overlay-type":"","overlay-color":"","overlay-opacity":"","overlay-gradient":""}},"ast-content-background-meta":{"desktop":{"background-color":"var(--ast-global-color-5)","background-image":"","background-repeat":"repeat","background-position":"center center","background-size":"auto","background-attachment":"scroll","background-type":"","background-media":"","overlay-type":"","overlay-color":"","overlay-opacity":"","overlay-gradient":""},"tablet":{"background-color":"var(--ast-global-color-5)","background-image":"","background-repeat":"repeat","background-position":"center center","background-size":"auto","background-attachment":"scroll","background-type":"","background-media":"","overlay-type":"","overlay-color":"","overlay-opacity":"","overlay-gradient":""},"mobile":{"background-color":"var(--ast-global-color-5)","background-image":"","background-repeat":"repeat","background-position":"center center","background-size":"auto","background-attachment":"scroll","background-type":"","background-media":"","overlay-type":"","overlay-color":"","overlay-opacity":"","overlay-gradient":""}}},"product_brand":[],"product_cat":[43],"product_tag":[],"class_list":{"0":"post-1207","1":"product","2":"type-product","3":"status-publish","4":"has-post-thumbnail","6":"product_cat-foam","7":"desktop-align-left","8":"tablet-align-left","9":"mobile-align-left","10":"ast-product-gallery-layout-horizontal-slider","11":"ast-product-gallery-with-no-image","12":"ast-product-tabs-layout-horizontal","14":"first","15":"instock","16":"sale","17":"shipping-taxable","18":"purchasable","19":"product-type-simple"},"uagb_featured_image_src":{"full":["https:\/\/wisecnclaser.com\/wp-content\/uploads\/2025\/05\/0d1a6b1bd0cf59dd7033277a3dc85386.png",800,800,false],"thumbnail":["https:\/\/wisecnclaser.com\/wp-content\/uploads\/2025\/05\/0d1a6b1bd0cf59dd7033277a3dc85386-150x150.png",150,150,true],"medium":["https:\/\/wisecnclaser.com\/wp-content\/uploads\/2025\/05\/0d1a6b1bd0cf59dd7033277a3dc85386-300x300.png",300,300,true],"medium_large":["https:\/\/wisecnclaser.com\/wp-content\/uploads\/2025\/05\/0d1a6b1bd0cf59dd7033277a3dc85386-768x768.png",768,768,true],"large":["https:\/\/wisecnclaser.com\/wp-content\/uploads\/2025\/05\/0d1a6b1bd0cf59dd7033277a3dc85386.png",800,800,false],"1536x1536":["https:\/\/wisecnclaser.com\/wp-content\/uploads\/2025\/05\/0d1a6b1bd0cf59dd7033277a3dc85386.png",800,800,false],"2048x2048":["https:\/\/wisecnclaser.com\/wp-content\/uploads\/2025\/05\/0d1a6b1bd0cf59dd7033277a3dc85386.png",800,800,false],"trp-custom-language-flag":["https:\/\/wisecnclaser.com\/wp-content\/uploads\/2025\/05\/0d1a6b1bd0cf59dd7033277a3dc85386-12x12.png",12,12,true],"woocommerce_thumbnail":["https:\/\/wisecnclaser.com\/wp-content\/uploads\/2025\/05\/0d1a6b1bd0cf59dd7033277a3dc85386-300x300.png",300,300,true],"woocommerce_single":["https:\/\/wisecnclaser.com\/wp-content\/uploads\/2025\/05\/0d1a6b1bd0cf59dd7033277a3dc85386-600x600.png",600,600,true],"woocommerce_gallery_thumbnail":["https:\/\/wisecnclaser.com\/wp-content\/uploads\/2025\/05\/0d1a6b1bd0cf59dd7033277a3dc85386-100x100.png",100,100,true]},"uagb_author_info":{"display_name":"jinxing6611@gmail.com","author_link":"https:\/\/wisecnclaser.com\/tr\/author\/"},"uagb_comment_info":0,"uagb_excerpt":"Application of 4 axis foam milling cnc machine EPS, Sponge,Polypropylene plastic foam material(EPP)","_links":{"self":[{"href":"https:\/\/wisecnclaser.com\/tr\/wp-json\/wp\/v2\/product\/1207","targetHints":{"allow":["GET"]}}],"collection":[{"href":"https:\/\/wisecnclaser.com\/tr\/wp-json\/wp\/v2\/product"}],"about":[{"href":"https:\/\/wisecnclaser.com\/tr\/wp-json\/wp\/v2\/types\/product"}],"wp:featuredmedia":[{"embeddable":true,"href":"https:\/\/wisecnclaser.com\/tr\/wp-json\/wp\/v2\/media\/3462"}],"wp:attachment":[{"href":"https:\/\/wisecnclaser.com\/tr\/wp-json\/wp\/v2\/media?parent=1207"}],"wp:term":[{"taxonomy":"product_brand","embeddable":true,"href":"https:\/\/wisecnclaser.com\/tr\/wp-json\/wp\/v2\/product_brand?post=1207"},{"taxonomy":"product_cat","embeddable":true,"href":"https:\/\/wisecnclaser.com\/tr\/wp-json\/wp\/v2\/product_cat?post=1207"},{"taxonomy":"product_tag","embeddable":true,"href":"https:\/\/wisecnclaser.com\/tr\/wp-json\/wp\/v2\/product_tag?post=1207"}],"curies":[{"name":"wp","href":"https:\/\/api.w.org\/{rel}","templated":true}]}}