{"id":1208,"date":"2025-05-20T07:32:07","date_gmt":"2025-05-20T07:32:07","guid":{"rendered":"https:\/\/wisecnclaser.com\/product\/faint-blue-jeans\/"},"modified":"2025-05-23T02:49:01","modified_gmt":"2025-05-23T02:49:01","slug":"faint-blue-jeans","status":"publish","type":"product","link":"https:\/\/wisecnclaser.com\/tr\/urun\/faint-blue-jeans\/","title":{"rendered":"WS1530 CNC K\u00f6p\u00fck Kal\u0131p Freze Makinesi"},"content":{"rendered":"<p><strong>Cnc k\u00f6p\u00fck kal\u0131p freze makinesi uygulamas\u0131<\/strong><\/p>\n<p>EPS, Polipropilen plastik k\u00f6p\u00fck malzeme (EPP), esas olarak K\u00d6P\u00dcK EPC, ah\u015fap kal\u0131p yapmak i\u00e7in kullan\u0131l\u0131r,<\/p>\n<p>Gemiler, r\u00fczgar enerjisi, tak\u0131m tezgahlar\u0131, enjeksiyon kal\u0131plama makineleri, bask\u0131 makineleri vb. gibi \u00e7e\u015fitli mekanik d\u00f6k\u00fcmler i\u00e7in k\u00f6p\u00fck modelleri. Otomobil, yat, u\u00e7ak vb. end\u00fcstriyel tasar\u0131mlar D\u00f6ner kal\u0131plar, enjeksiyon kal\u0131plar\u0131, GRG\/GRC d\u0131\u015f duvar dekoratif malzemelerinin i\u015flenmesi vb.<\/p>\n<p><strong>1530 cnc k\u00f6p\u00fck oyma makinesinin \u00f6zellikleri:<\/strong><\/p>\n<p>1, cnc k\u00f6p\u00fck oyma makinesi y\u00fcksek g\u00fc\u00e7l\u00fc su so\u011futma mili veya hava so\u011futma mili ve ithal servo motor ve k\u0131r\u0131c\u0131 benimser.<\/p>\n<p>2, Makine tablas\u0131n\u0131n ak\u0131ll\u0131 koruma i\u015flevi: hatal\u0131 i\u015flem veya yaz\u0131l\u0131m hatas\u0131ndan kaynaklanan tabla ar\u0131zas\u0131n\u0131 \u00f6nlemek i\u00e7in.<\/p>\n<p>3, \u0130\u015fleme geni\u015fli\u011fini a\u015fan tasar\u0131m d\u00fczeninin neden oldu\u011fu mekanik \u00e7arp\u0131\u015fmay\u0131 \u00f6nlemek i\u00e7in ak\u0131ll\u0131 i\u015fleme s\u0131n\u0131r \u00f6tesi koruma.<\/p>\n<p>4, Ak\u0131ll\u0131 kontrol sistemi, 3d i\u015flemenin \u00e7ok katmanl\u0131 otomatik olarak ger\u00e7ekle\u015ftirebilir. 3d i\u015flemeyi y\u00fcksek h\u0131zda ve sorunsuz bir \u015fekilde bitirebilir.<\/p>\n<p>5, Tayvan lineer k\u0131lavuz ray\u0131, kendinden ya\u011flamal\u0131 s\u00fcrg\u00fcler. Hassasiyeti ve g\u00fcc\u00fc garanti etmek i\u00e7in \u00e7al\u0131\u015f\u0131rken kuvvetin iyi orant\u0131lanmas\u0131<\/p>\n<p><strong>Cnc k\u00f6p\u00fck oyma makinesi uygulamas\u0131:<\/strong><\/p>\n<p><strong>\u00a0<\/strong>1, B\u00fcy\u00fck tak\u0131m tezgahlar\u0131, gemi end\u00fcstrileri vb. i\u00e7in d\u00f6k\u00fcm ah\u015fap kal\u0131p ve k\u00f6p\u00fck model i\u015fleme.<\/p>\n<p>2, Gemiler, r\u00fczgar enerjisi, tak\u0131m tezgahlar\u0131, enjeksiyon kal\u0131plama makineleri, bask\u0131 makineleri vb. gibi \u00e7e\u015fitli mekanik d\u00f6k\u00fcmler i\u00e7in ah\u015fap modeller d\u00f6k\u00fcm.<\/p>\n<p>3, Otomobil, yat, u\u00e7ak vb. end\u00fcstriyel tasar\u0131m.<\/p>\n<p>4, D\u00f6ner kal\u0131plar, enjeksiyon kal\u0131plar\u0131, GRG \/ GRC d\u0131\u015f duvar dekoratif malzemeleri i\u015fleme vb.<\/p>\n<table border=\"1\">\n<tbody>\n<tr class=\"firstRow\">\n<td colspan=\"2\" valign=\"center\" width=\"662\"><strong>K\u00f6p\u00fck kal\u0131p cnc freze makinesinin Tan\u0131m\u0131 ve \u00d6zellikleri:<\/strong><\/td>\n<\/tr>\n<tr>\n<td valign=\"top\" width=\"331\">X \u00c7al\u0131\u015fma Alan\u0131<\/td>\n<td valign=\"top\" width=\"331\">1500mm<\/td>\n<\/tr>\n<tr>\n<td valign=\"top\" width=\"331\">Y \u00c7al\u0131\u015fma Alan\u0131<\/td>\n<td valign=\"top\" width=\"331\">3000mm<\/td>\n<\/tr>\n<tr>\n<td valign=\"top\" width=\"331\">Z \u00c7al\u0131\u015fma Alan\u0131<\/td>\n<td valign=\"top\" width=\"331\">600mm, Malzeme besleme y\u00fcksekli\u011fi 700mm<\/td>\n<\/tr>\n<tr>\n<td valign=\"top\" width=\"331\">Makine masas\u0131<\/td>\n<td valign=\"top\" width=\"331\">T yuvas\u0131<\/td>\n<\/tr>\n<tr>\n<td valign=\"top\" width=\"331\">Makine Yap\u0131s\u0131<\/td>\n<td valign=\"top\" width=\"331\">Kal\u0131n \u00c7elik yap\u0131<\/td>\n<\/tr>\n<tr>\n<td valign=\"top\" width=\"331\">X,Y,Z Yap\u0131s\u0131<\/td>\n<td valign=\"top\" width=\"331\">XY di\u015fli \u00e7ark, Z Tayvan 3210 vidal\u0131 mil<\/td>\n<\/tr>\n<tr>\n<td valign=\"top\" width=\"331\">\u015eanz\u0131man<\/td>\n<td valign=\"top\" width=\"331\">Xinyue y\u00fcksek hassasiyetli kremayer pinyon<\/td>\n<\/tr>\n<tr>\n<td valign=\"top\" width=\"331\">Besleme h\u0131z\u0131<\/td>\n<td valign=\"top\" width=\"331\">10000 mm\/dak<\/td>\n<\/tr>\n<tr>\n<td valign=\"top\" width=\"331\">Mil<\/td>\n<td valign=\"top\" width=\"331\">5.5KW su so\u011futmal\u0131 i\u015f mili<\/td>\n<\/tr>\n<tr>\n<td valign=\"top\" width=\"331\">Maksimum besleme h\u0131z\u0131<\/td>\n<td valign=\"top\" width=\"331\">X ekseni: 12000 mm \/ dak<\/p>\n<p>Y ekseni: 12000 mm \/ dak<\/p>\n<p>Z ekseni: 6000 mm\/dak<\/td>\n<\/tr>\n<tr>\n<td valign=\"top\" width=\"331\">\u0130\u015f Mili H\u0131z\u0131<\/td>\n<td valign=\"top\" width=\"331\">100-12000RPM<\/td>\n<\/tr>\n<tr>\n<td valign=\"top\" width=\"331\">S\u00fcr\u00fc\u015f sistemi<\/td>\n<td valign=\"top\" width=\"331\">Chinse KND servo<\/td>\n<\/tr>\n<tr>\n<td valign=\"top\" width=\"331\">Komuta<\/td>\n<td valign=\"top\" width=\"331\">G-code*.u00*.mmg*.plt<\/td>\n<\/tr>\n<tr>\n<td valign=\"top\" width=\"331\">\u00c7al\u0131\u015fma gerilimi<\/td>\n<td valign=\"top\" width=\"331\">AC380V\/60Hz<\/td>\n<\/tr>\n<tr>\n<td valign=\"top\" width=\"331\">Kontrol Sistemi<\/td>\n<td valign=\"top\" width=\"331\">\u00c7in KND sistemi<\/td>\n<\/tr>\n<tr>\n<td valign=\"top\" width=\"331\">Kontrol sistemi dpi<\/td>\n<td valign=\"top\" width=\"331\">\u00b10.004<\/td>\n<\/tr>\n<tr>\n<td valign=\"top\" width=\"331\">Inveter<\/td>\n<td valign=\"top\" width=\"331\">Fuling \u0130nvert\u00f6r<\/td>\n<\/tr>\n<tr>\n<td valign=\"top\" width=\"331\">Z ekseni red\u00fcksiyon di\u015flileri<\/td>\n<td valign=\"top\" width=\"331\">Evet (shimpoo marka, 1:8 oran\u0131nda)<\/td>\n<\/tr>\n<tr>\n<td valign=\"top\" width=\"331\">K\u0131lavuz ray<\/td>\n<td valign=\"top\" width=\"331\">Tayvan 25 kare ray<\/td>\n<\/tr>\n<tr>\n<td valign=\"top\" width=\"331\">Yard\u0131mc\u0131 cihaz<\/td>\n<td valign=\"top\" width=\"331\">Toz toplay\u0131c\u0131, su so\u011futucu<\/td>\n<\/tr>\n<\/tbody>\n<\/table>\n<p>&nbsp;<\/p>","protected":false},"excerpt":{"rendered":"<p><strong>Cnc k\u00f6p\u00fck kal\u0131p freze makinesi uygulamas\u0131<\/strong><\/p>\n<p>EPS, Polipropilen plastik k\u00f6p\u00fck malzeme (EPP), esas olarak K\u00d6P\u00dcK EPC, ah\u015fap kal\u0131p yapmak i\u00e7in kullan\u0131l\u0131r,<\/p>\n<p>Gemiler, r\u00fczgar enerjisi, tak\u0131m tezgahlar\u0131, enjeksiyon kal\u0131plama makineleri, bask\u0131 makineleri vb. gibi \u00e7e\u015fitli mekanik d\u00f6k\u00fcmler i\u00e7in k\u00f6p\u00fck modelleri. Otomobil, yat, u\u00e7ak vb. end\u00fcstriyel tasar\u0131mlar D\u00f6ner kal\u0131plar, enjeksiyon kal\u0131plar\u0131, GRG\/GRC d\u0131\u015f duvar dekoratif malzemelerinin i\u015flenmesi vb.<\/p>\n<p><strong>1530 cnc k\u00f6p\u00fck oyma makinesinin \u00f6zellikleri:<\/strong><\/p>\n<p>1, cnc k\u00f6p\u00fck oyma makinesi y\u00fcksek g\u00fc\u00e7l\u00fc su so\u011futma mili veya hava so\u011futma mili ve ithal servo motor ve k\u0131r\u0131c\u0131 benimser.<\/p>\n<p>2, Makine tablas\u0131n\u0131n ak\u0131ll\u0131 koruma i\u015flevi: hatal\u0131 i\u015flem veya yaz\u0131l\u0131m hatas\u0131ndan kaynaklanan tabla ar\u0131zas\u0131n\u0131 \u00f6nlemek i\u00e7in.<\/p>\n<p>3, \u0130\u015fleme geni\u015fli\u011fini a\u015fan tasar\u0131m d\u00fczeninin neden oldu\u011fu mekanik \u00e7arp\u0131\u015fmay\u0131 \u00f6nlemek i\u00e7in ak\u0131ll\u0131 i\u015fleme s\u0131n\u0131r \u00f6tesi koruma.<\/p>\n<p>4, Ak\u0131ll\u0131 kontrol sistemi, 3d i\u015flemenin \u00e7ok katmanl\u0131 otomatik olarak ger\u00e7ekle\u015ftirebilir. 3d i\u015flemeyi y\u00fcksek h\u0131zda ve sorunsuz bir \u015fekilde bitirebilir.<\/p>\n<p>5, Tayvan lineer k\u0131lavuz ray\u0131, kendinden ya\u011flamal\u0131 s\u00fcrg\u00fcler. Hassasiyeti ve g\u00fcc\u00fc garanti etmek i\u00e7in \u00e7al\u0131\u015f\u0131rken kuvvetin iyi orant\u0131lanmas\u0131<\/p>","protected":false},"featured_media":3460,"template":"","meta":{"_seopress_robots_primary_cat":"none","_seopress_titles_title":"","_seopress_titles_desc":"","_seopress_robots_index":"","_uag_custom_page_level_css":"","site-sidebar-layout":"default","site-content-layout":"default","ast-site-content-layout":"default","site-content-style":"default","site-sidebar-style":"default","ast-global-header-display":"","ast-banner-title-visibility":"","ast-main-header-display":"","ast-hfb-above-header-display":"","ast-hfb-below-header-display":"","ast-hfb-mobile-header-display":"","site-post-title":"","ast-breadcrumbs-content":"","ast-featured-img":"","footer-sml-layout":"","ast-disable-related-posts":"","theme-transparent-header-meta":"default","adv-header-id-meta":"","stick-header-meta":"default","header-above-stick-meta":"","header-main-stick-meta":"","header-below-stick-meta":"","astra-migrate-meta-layouts":"set","ast-page-background-enabled":"default","ast-page-background-meta":{"desktop":{"background-color":"","background-image":"","background-repeat":"repeat","background-position":"center center","background-size":"auto","background-attachment":"scroll","background-type":"","background-media":"","overlay-type":"","overlay-color":"","overlay-opacity":"","overlay-gradient":""},"tablet":{"background-color":"","background-image":"","background-repeat":"repeat","background-position":"center center","background-size":"auto","background-attachment":"scroll","background-type":"","background-media":"","overlay-type":"","overlay-color":"","overlay-opacity":"","overlay-gradient":""},"mobile":{"background-color":"","background-image":"","background-repeat":"repeat","background-position":"center center","background-size":"auto","background-attachment":"scroll","background-type":"","background-media":"","overlay-type":"","overlay-color":"","overlay-opacity":"","overlay-gradient":""}},"ast-content-background-meta":{"desktop":{"background-color":"var(--ast-global-color-5)","background-image":"","background-repeat":"repeat","background-position":"center center","background-size":"auto","background-attachment":"scroll","background-type":"","background-media":"","overlay-type":"","overlay-color":"","overlay-opacity":"","overlay-gradient":""},"tablet":{"background-color":"var(--ast-global-color-5)","background-image":"","background-repeat":"repeat","background-position":"center center","background-size":"auto","background-attachment":"scroll","background-type":"","background-media":"","overlay-type":"","overlay-color":"","overlay-opacity":"","overlay-gradient":""},"mobile":{"background-color":"var(--ast-global-color-5)","background-image":"","background-repeat":"repeat","background-position":"center center","background-size":"auto","background-attachment":"scroll","background-type":"","background-media":"","overlay-type":"","overlay-color":"","overlay-opacity":"","overlay-gradient":""}}},"product_brand":[],"product_cat":[43],"product_tag":[],"class_list":{"0":"post-1208","1":"product","2":"type-product","3":"status-publish","4":"has-post-thumbnail","6":"product_cat-foam","7":"desktop-align-left","8":"tablet-align-left","9":"mobile-align-left","10":"ast-product-gallery-layout-horizontal-slider","11":"ast-product-gallery-with-no-image","12":"ast-product-tabs-layout-horizontal","14":"first","15":"instock","16":"sale","17":"shipping-taxable","18":"purchasable","19":"product-type-simple"},"uagb_featured_image_src":{"full":["https:\/\/wisecnclaser.com\/wp-content\/uploads\/2025\/05\/bcb78065198408b6068fb114b361bd27.jpg",800,800,false],"thumbnail":["https:\/\/wisecnclaser.com\/wp-content\/uploads\/2025\/05\/bcb78065198408b6068fb114b361bd27-150x150.jpg",150,150,true],"medium":["https:\/\/wisecnclaser.com\/wp-content\/uploads\/2025\/05\/bcb78065198408b6068fb114b361bd27-300x300.jpg",300,300,true],"medium_large":["https:\/\/wisecnclaser.com\/wp-content\/uploads\/2025\/05\/bcb78065198408b6068fb114b361bd27-768x768.jpg",768,768,true],"large":["https:\/\/wisecnclaser.com\/wp-content\/uploads\/2025\/05\/bcb78065198408b6068fb114b361bd27.jpg",800,800,false],"1536x1536":["https:\/\/wisecnclaser.com\/wp-content\/uploads\/2025\/05\/bcb78065198408b6068fb114b361bd27.jpg",800,800,false],"2048x2048":["https:\/\/wisecnclaser.com\/wp-content\/uploads\/2025\/05\/bcb78065198408b6068fb114b361bd27.jpg",800,800,false],"trp-custom-language-flag":["https:\/\/wisecnclaser.com\/wp-content\/uploads\/2025\/05\/bcb78065198408b6068fb114b361bd27-12x12.jpg",12,12,true],"woocommerce_thumbnail":["https:\/\/wisecnclaser.com\/wp-content\/uploads\/2025\/05\/bcb78065198408b6068fb114b361bd27-300x300.jpg",300,300,true],"woocommerce_single":["https:\/\/wisecnclaser.com\/wp-content\/uploads\/2025\/05\/bcb78065198408b6068fb114b361bd27-600x600.jpg",600,600,true],"woocommerce_gallery_thumbnail":["https:\/\/wisecnclaser.com\/wp-content\/uploads\/2025\/05\/bcb78065198408b6068fb114b361bd27-100x100.jpg",100,100,true]},"uagb_author_info":{"display_name":"jinxing6611@gmail.com","author_link":"https:\/\/wisecnclaser.com\/tr\/author\/"},"uagb_comment_info":0,"uagb_excerpt":"Application of cnc foam mold milling machine EPS, Polypropylene plastic foam material(EPP), mainly used for making FOAM EPC, wood mold, Foam models for various mechanical castings, such as ships, wind power, machine tools, injection molding machinery, printing machinery, etc. Industrial design of automobile, yacht, airplane, etc. Rotary molds, injection molds, GRG\/GRC exterior wall decorative materials&hellip;","_links":{"self":[{"href":"https:\/\/wisecnclaser.com\/tr\/wp-json\/wp\/v2\/product\/1208","targetHints":{"allow":["GET"]}}],"collection":[{"href":"https:\/\/wisecnclaser.com\/tr\/wp-json\/wp\/v2\/product"}],"about":[{"href":"https:\/\/wisecnclaser.com\/tr\/wp-json\/wp\/v2\/types\/product"}],"wp:featuredmedia":[{"embeddable":true,"href":"https:\/\/wisecnclaser.com\/tr\/wp-json\/wp\/v2\/media\/3460"}],"wp:attachment":[{"href":"https:\/\/wisecnclaser.com\/tr\/wp-json\/wp\/v2\/media?parent=1208"}],"wp:term":[{"taxonomy":"product_brand","embeddable":true,"href":"https:\/\/wisecnclaser.com\/tr\/wp-json\/wp\/v2\/product_brand?post=1208"},{"taxonomy":"product_cat","embeddable":true,"href":"https:\/\/wisecnclaser.com\/tr\/wp-json\/wp\/v2\/product_cat?post=1208"},{"taxonomy":"product_tag","embeddable":true,"href":"https:\/\/wisecnclaser.com\/tr\/wp-json\/wp\/v2\/product_tag?post=1208"}],"curies":[{"name":"wp","href":"https:\/\/api.w.org\/{rel}","templated":true}]}}