{"id":1209,"date":"2025-05-20T07:32:07","date_gmt":"2025-05-20T07:32:07","guid":{"rendered":"https:\/\/wisecnclaser.com\/product\/denim-blue-jeans\/"},"modified":"2025-05-23T02:49:05","modified_gmt":"2025-05-23T02:49:05","slug":"denim-blue-jeans","status":"publish","type":"product","link":"https:\/\/wisecnclaser.com\/tr\/urun\/denim-blue-jeans\/","title":{"rendered":"WS1525BT 4 Eksenli Strafor CNC Router"},"content":{"rendered":"<p>1.<strong>Strafor cnc router'\u0131n \u00f6zelli\u011fi<\/strong><\/p>\n<p>Mil +\/- 90 derece dalgalanabilir, kavisli y\u00fczey \u00fczerinde 2d grav\u00fcr yapabilir<\/p>\n<p><strong>2. K\u00f6p\u00fck cnc router uygulamas\u0131<\/strong><\/p>\n<p>Yuvarlak eps boru (iki ayn\u0131 par\u00e7ay\u0131 grav\u00fcrleyin ve bunlar\u0131 bir yuvarlak boruya yap\u0131\u015ft\u0131r\u0131n). Eps kavisli y\u00fczey frezeleme, d\u00fcz k\u00f6p\u00fck levha grav\u00fcr ve ah\u015fap grav\u00fcr frezeleme, maden end\u00fcstrisinde delikli plaka \/ elek plakas\u0131<\/p>\n<p>&nbsp;<\/p>\n<table border=\"1\">\n<tbody>\n<tr class=\"firstRow\">\n<td valign=\"center\" width=\"205\"><strong>\u00d6\u011fe<\/strong><\/td>\n<td valign=\"center\" width=\"331\"><strong>Veri<\/strong><\/td>\n<\/tr>\n<tr>\n<td valign=\"center\" width=\"205\">Model<\/td>\n<td valign=\"center\" width=\"331\">WS1525BT<\/td>\n<\/tr>\n<tr>\n<td valign=\"center\" width=\"205\">Makine \u00e7er\u00e7evesi<\/td>\n<td valign=\"center\" width=\"331\">Kal\u0131n kaynakl\u0131 \u00e7elik boru<\/td>\n<\/tr>\n<tr>\n<td valign=\"center\" width=\"205\">Makine masas\u0131<\/td>\n<td valign=\"center\" width=\"331\">T yuval\u0131 masa<\/td>\n<\/tr>\n<tr>\n<td valign=\"center\" width=\"205\">Makine boyutu (mm)<\/td>\n<td valign=\"center\" width=\"331\">\u00a0 \u00a0 \u00a0 \u00a0 \u00a0 \u00a0 \u00a0 \u00a0 \u00a02500*1500*500\uff08L*W*H\uff09<\/td>\n<\/tr>\n<tr>\n<td valign=\"center\" width=\"205\">X ekseni \u00e7al\u0131\u015fma boyutu\uff08\u339c\uff09<\/td>\n<td valign=\"center\" width=\"331\">\u00a0 \u00a0 \u00a0 \u00a0 \u00a0 \u00a0 \u00a0 1500mm \uff084 eksen \u00e7al\u0131\u015fma geni\u015fli\u011fi<\/p>\n<p>1100mm\uff09<\/td>\n<\/tr>\n<tr>\n<td valign=\"center\" width=\"205\">Y ekseni \u00e7al\u0131\u015fma boyutu\uff08\u339c\uff09<\/td>\n<td valign=\"center\" width=\"331\">\u00a0 \u00a0 \u00a0 \u00a0 \u00a0 \u00a0 \u00a0 \u00a0 \u00a0 \u00a0 \u00a0 \u00a0 \u00a0 2500mm<\/td>\n<\/tr>\n<tr>\n<td valign=\"center\" width=\"205\">Z ekseni \u00e7al\u0131\u015fma boyutu\uff08\u339c\uff09<\/td>\n<td valign=\"center\" width=\"331\">\u00a0 \u00a0 \u00a0 \u00a0 \u00a0 \u00a0 \u00a0 \u00a0 \u00a0 \u00a0 \u00a0 \u00a0 \u00a0 400mm<\/td>\n<\/tr>\n<tr>\n<td valign=\"center\" width=\"205\">\u00c7al\u0131\u015fma g\u00fcc\u00fc<\/td>\n<td valign=\"center\" width=\"331\">\u00a0 \u00a0 \u00a0 \u00a0 \u00a0 \u00a0 \u00a0AC380V\/50HZ<\/td>\n<\/tr>\n<tr>\n<td valign=\"center\" width=\"205\">\u0130\u015f mili g\u00fcc\u00fc<\/td>\n<td valign=\"center\" width=\"331\">\u00a0 \u00a0 \u00a0 \u00a0HQD 6KW hava so\u011futmal\u0131 i\u015f mili<\/td>\n<\/tr>\n<tr>\n<td valign=\"center\" width=\"205\">\u0130\u015f mili d\u00f6n\u00fc\u015f h\u0131z\u0131<\/td>\n<td valign=\"center\" width=\"331\">\u00a0 \u00a0 \u00a0 \u00a0 \u00a0 \u00a0 0-18000r\/dak<\/td>\n<\/tr>\n<tr>\n<td valign=\"center\" width=\"205\">Ara\u00e7lar maksimum boyut<\/td>\n<td valign=\"center\" width=\"331\">\u00a0 \u00a0 \u00a0 \u00a0 \u00a0 \u00a0 \u00a0 \u00a0 \u03a620mm<\/td>\n<\/tr>\n<tr>\n<td valign=\"top\" width=\"205\">\u0130nvert\u00f6r<\/td>\n<td valign=\"top\" width=\"331\">\u00a0 \u00a0 \u00a0 \u00a0 \u00a0 \u00a0 \u00a0 \u00a0 \u00a07.5KW<\/td>\n<\/tr>\n<tr>\n<td valign=\"center\" width=\"205\">\u015eanz\u0131man<\/td>\n<td valign=\"center\" width=\"331\">\u00a0 \u00a0XY helisel kremayer pinyon, Z ekseni y\u00fcksek hassasiyetli Tayvan TBI vidal\u0131 mil<\/td>\n<\/tr>\n<tr>\n<td valign=\"center\" width=\"205\">Kontrol sistemi<\/td>\n<td valign=\"center\" width=\"331\">\u00a0 \u00a0 \u00a0 Kendi Ar-Ge kontrol\u00f6r\u00fc (el \u00e7ark\u0131 ve tak\u0131m sens\u00f6r\u00fc ile)<\/td>\n<\/tr>\n<tr>\n<td valign=\"center\" width=\"205\">Motor<\/td>\n<td valign=\"center\" width=\"331\">\u00a0 \u00a0 \u00a0 \u00a0 \u00a0 Hibrit\/kapal\u0131 d\u00f6ng\u00fc servo<\/td>\n<\/tr>\n<tr>\n<td valign=\"center\" width=\"205\">Rehberlik sistemi<\/td>\n<td valign=\"center\" width=\"331\">\u00a0 \u00a0 \u00a0 25 boy kare ray<\/td>\n<\/tr>\n<tr>\n<td valign=\"center\" width=\"205\">Toz toplay\u0131c\u0131<\/td>\n<td valign=\"center\" width=\"331\">5.5KW \u00e7ift torbal\u0131 toz toplay\u0131c\u0131<\/td>\n<\/tr>\n<\/tbody>\n<\/table>","protected":false},"excerpt":{"rendered":"<p>1.<strong>Strafor cnc router'\u0131n \u00f6zelli\u011fi<\/strong><\/p>\n<p>Mil +\/- 90 derece dalgalanabilir, kavisli y\u00fczey \u00fczerinde 2d grav\u00fcr yapabilir<\/p>\n<p><strong>2. K\u00f6p\u00fck cnc router uygulamas\u0131<\/strong><\/p>\n<p>Yuvarlak eps boru (iki ayn\u0131 par\u00e7ay\u0131 grav\u00fcrleyin ve bunlar\u0131 bir yuvarlak boruya yap\u0131\u015ft\u0131r\u0131n). Eps kavisli y\u00fczey frezeleme, d\u00fcz k\u00f6p\u00fck levha grav\u00fcr ve ah\u015fap grav\u00fcr frezeleme, maden end\u00fcstrisinde delikli plaka \/ elek plakas\u0131<\/p>","protected":false},"featured_media":3458,"template":"","meta":{"_seopress_robots_primary_cat":"none","_seopress_titles_title":"","_seopress_titles_desc":"","_seopress_robots_index":"","_uag_custom_page_level_css":"","site-sidebar-layout":"default","site-content-layout":"default","ast-site-content-layout":"default","site-content-style":"default","site-sidebar-style":"default","ast-global-header-display":"","ast-banner-title-visibility":"","ast-main-header-display":"","ast-hfb-above-header-display":"","ast-hfb-below-header-display":"","ast-hfb-mobile-header-display":"","site-post-title":"","ast-breadcrumbs-content":"","ast-featured-img":"","footer-sml-layout":"","ast-disable-related-posts":"","theme-transparent-header-meta":"default","adv-header-id-meta":"","stick-header-meta":"default","header-above-stick-meta":"","header-main-stick-meta":"","header-below-stick-meta":"","astra-migrate-meta-layouts":"set","ast-page-background-enabled":"default","ast-page-background-meta":{"desktop":{"background-color":"","background-image":"","background-repeat":"repeat","background-position":"center center","background-size":"auto","background-attachment":"scroll","background-type":"","background-media":"","overlay-type":"","overlay-color":"","overlay-opacity":"","overlay-gradient":""},"tablet":{"background-color":"","background-image":"","background-repeat":"repeat","background-position":"center center","background-size":"auto","background-attachment":"scroll","background-type":"","background-media":"","overlay-type":"","overlay-color":"","overlay-opacity":"","overlay-gradient":""},"mobile":{"background-color":"","background-image":"","background-repeat":"repeat","background-position":"center center","background-size":"auto","background-attachment":"scroll","background-type":"","background-media":"","overlay-type":"","overlay-color":"","overlay-opacity":"","overlay-gradient":""}},"ast-content-background-meta":{"desktop":{"background-color":"var(--ast-global-color-5)","background-image":"","background-repeat":"repeat","background-position":"center center","background-size":"auto","background-attachment":"scroll","background-type":"","background-media":"","overlay-type":"","overlay-color":"","overlay-opacity":"","overlay-gradient":""},"tablet":{"background-color":"var(--ast-global-color-5)","background-image":"","background-repeat":"repeat","background-position":"center center","background-size":"auto","background-attachment":"scroll","background-type":"","background-media":"","overlay-type":"","overlay-color":"","overlay-opacity":"","overlay-gradient":""},"mobile":{"background-color":"var(--ast-global-color-5)","background-image":"","background-repeat":"repeat","background-position":"center center","background-size":"auto","background-attachment":"scroll","background-type":"","background-media":"","overlay-type":"","overlay-color":"","overlay-opacity":"","overlay-gradient":""}}},"product_brand":[],"product_cat":[43],"product_tag":[],"class_list":{"0":"post-1209","1":"product","2":"type-product","3":"status-publish","4":"has-post-thumbnail","6":"product_cat-foam","7":"desktop-align-left","8":"tablet-align-left","9":"mobile-align-left","10":"ast-product-gallery-layout-horizontal-slider","11":"ast-product-gallery-with-no-image","12":"ast-product-tabs-layout-horizontal","14":"first","15":"instock","16":"shipping-taxable","17":"purchasable","18":"product-type-simple"},"uagb_featured_image_src":{"full":["https:\/\/wisecnclaser.com\/wp-content\/uploads\/2025\/05\/5da0053c4858531c919e6c0e321444e7.png",800,800,false],"thumbnail":["https:\/\/wisecnclaser.com\/wp-content\/uploads\/2025\/05\/5da0053c4858531c919e6c0e321444e7-150x150.png",150,150,true],"medium":["https:\/\/wisecnclaser.com\/wp-content\/uploads\/2025\/05\/5da0053c4858531c919e6c0e321444e7-300x300.png",300,300,true],"medium_large":["https:\/\/wisecnclaser.com\/wp-content\/uploads\/2025\/05\/5da0053c4858531c919e6c0e321444e7-768x768.png",768,768,true],"large":["https:\/\/wisecnclaser.com\/wp-content\/uploads\/2025\/05\/5da0053c4858531c919e6c0e321444e7.png",800,800,false],"1536x1536":["https:\/\/wisecnclaser.com\/wp-content\/uploads\/2025\/05\/5da0053c4858531c919e6c0e321444e7.png",800,800,false],"2048x2048":["https:\/\/wisecnclaser.com\/wp-content\/uploads\/2025\/05\/5da0053c4858531c919e6c0e321444e7.png",800,800,false],"trp-custom-language-flag":["https:\/\/wisecnclaser.com\/wp-content\/uploads\/2025\/05\/5da0053c4858531c919e6c0e321444e7-12x12.png",12,12,true],"woocommerce_thumbnail":["https:\/\/wisecnclaser.com\/wp-content\/uploads\/2025\/05\/5da0053c4858531c919e6c0e321444e7-300x300.png",300,300,true],"woocommerce_single":["https:\/\/wisecnclaser.com\/wp-content\/uploads\/2025\/05\/5da0053c4858531c919e6c0e321444e7-600x600.png",600,600,true],"woocommerce_gallery_thumbnail":["https:\/\/wisecnclaser.com\/wp-content\/uploads\/2025\/05\/5da0053c4858531c919e6c0e321444e7-100x100.png",100,100,true]},"uagb_author_info":{"display_name":"jinxing6611@gmail.com","author_link":"https:\/\/wisecnclaser.com\/tr\/author\/"},"uagb_comment_info":0,"uagb_excerpt":"1.Feature of styrofoam cnc router Spindle can wave +\/- 90 degree, can do 2d engraving on curved surface 2.Application of foam cnc router Round eps pipe (engrave two same pieces, and paste them into one round pipe). Eps curved surface milling, flat foam sheet engraving and wood engraving milling,\u00a0perforated-plate\/sieve plate in mine industry","_links":{"self":[{"href":"https:\/\/wisecnclaser.com\/tr\/wp-json\/wp\/v2\/product\/1209","targetHints":{"allow":["GET"]}}],"collection":[{"href":"https:\/\/wisecnclaser.com\/tr\/wp-json\/wp\/v2\/product"}],"about":[{"href":"https:\/\/wisecnclaser.com\/tr\/wp-json\/wp\/v2\/types\/product"}],"wp:featuredmedia":[{"embeddable":true,"href":"https:\/\/wisecnclaser.com\/tr\/wp-json\/wp\/v2\/media\/3458"}],"wp:attachment":[{"href":"https:\/\/wisecnclaser.com\/tr\/wp-json\/wp\/v2\/media?parent=1209"}],"wp:term":[{"taxonomy":"product_brand","embeddable":true,"href":"https:\/\/wisecnclaser.com\/tr\/wp-json\/wp\/v2\/product_brand?post=1209"},{"taxonomy":"product_cat","embeddable":true,"href":"https:\/\/wisecnclaser.com\/tr\/wp-json\/wp\/v2\/product_cat?post=1209"},{"taxonomy":"product_tag","embeddable":true,"href":"https:\/\/wisecnclaser.com\/tr\/wp-json\/wp\/v2\/product_tag?post=1209"}],"curies":[{"name":"wp","href":"https:\/\/api.w.org\/{rel}","templated":true}]}}