{"id":1210,"date":"2025-05-20T07:32:07","date_gmt":"2025-05-20T07:32:07","guid":{"rendered":"https:\/\/wisecnclaser.com\/product\/dark-grey-jeans\/"},"modified":"2025-05-22T13:15:14","modified_gmt":"2025-05-22T13:15:14","slug":"dark-grey-jeans","status":"publish","type":"product","link":"https:\/\/wisecnclaser.com\/tr\/urun\/dark-grey-jeans\/","title":{"rendered":"WS1330 Hafif Yap\u0131 D\u00f6ner Tablal\u0131 S\u0131cak Tel K\u00f6p\u00fck Kesici"},"content":{"rendered":"<p>1330 s\u0131cak tel k\u00f6p\u00fck kesme makinesinin \u00f6zellikleri:<\/p>\n<p>1. Bu makine yuvarlak y\u00f6r\u00fcnge, \u00e7ift s\u0131ra ve d\u00f6rt s\u00fctun bilyal\u0131 bloklar\u0131 benimser. B\u00fcy\u00fck ta\u015f\u0131ma kapasitesi, sorunsuz \u00e7al\u0131\u015fma, y\u00fcksek hassasiyet ve uzun \u00f6m\u00fcr. \u0130thal y\u00fcksek hassasiyetli Bilyal\u0131 vida, do\u011fru kesim.<\/p>\n<p>2. T yuval\u0131 al\u00fcminyum \u00e7er\u00e7eve kullan\u0131n, ekonomik, hafif yap\u0131, eps k\u00f6p\u00fck kesme ba\u015flang\u0131\u00e7 veya acemi i\u00e7in iyi bir se\u00e7imdir.<\/p>\n<p>3. Olduk\u00e7a esnek, b\u00fck\u00fclmeye kar\u015f\u0131 dayan\u0131kl\u0131 kablo kullan\u0131r. Ve dayan\u0131kl\u0131 elektronik bile\u015fenleri ithal eder. Makinenin t\u00fcm elektronik tasar\u0131m\u0131 Avrupa CE standard\u0131na uygundur. G\u00fcvenilir g\u00fcvenlik koruma sistemine sahip ayr\u0131 kontrol kutusu.<\/p>\n<p>4. End\u00fcstriyel bilgisayar ile \u00f6\u011frenmesi kolay mach3 kontrol sistemi<\/p>\n<p>5. Motor potansiyeli, sabit h\u0131zda i\u015fleme, e\u011friler ve do\u011frusal senkronize elde edin ve e\u011fri daha m\u00fckemmeldir.<\/p>\n<p>6. Y\u00fcksek h\u0131zl\u0131 s\u00fcr\u00fcc\u00fc step motor ve s\u00fcr\u00fcc\u00fcler, bu nedenle sabit ve kararl\u0131 \u00e7al\u0131\u015fmas\u0131na izin verin<\/p>\n<p>7. 3d k\u00f6p\u00fck kesimi i\u00e7in d\u00f6ner tabla kullanabilir<\/p>\n<p><strong>.<\/strong><strong>S\u0131cak tel k\u00f6p\u00fck kesme makinesi uygulamas\u0131:<\/strong><\/p>\n<p>Bu hafif yap\u0131 s\u0131cak tel k\u00f6p\u00fck kesme makinesi esas olarak tabela yap\u0131m\u0131 veya k\u00f6p\u00fck harf kesme end\u00fcstrisi ve k\u00f6p\u00fck dekorasyon i\u00e7in tasarlanm\u0131\u015ft\u0131r. a\u011f\u0131r hizmet tipi s\u0131cak tel k\u00f6p\u00fck kesme makinesi ile kar\u015f\u0131la\u015ft\u0131r\u0131ld\u0131\u011f\u0131nda, bu hafif yap\u0131 s\u0131cak tel k\u00f6p\u00fck kesici \u00f6mr\u00fc daha k\u0131sad\u0131r ve boyut sadece 1300 * 3000 * 1300mm olabilir, daha b\u00fcy\u00fck boyut istiyorsan\u0131z, kremayer \u015fanz\u0131man kullanan a\u011f\u0131r hizmet tipi \u00e7er\u00e7eve k\u00f6p\u00fck kesici kullanman\u0131z gerekir. ve hafif yap\u0131 s\u0131cak tel kesici sadece tek telli olabilir, \u00e7ok telli gerekiyorsa, a\u011f\u0131r hizmet tipi olana y\u00fckseltmeniz gerekir.<strong>\u00a0<\/strong><\/p>\n<table border=\"1\">\n<tbody>\n<tr class=\"firstRow\">\n<td colspan=\"2\" valign=\"center\" width=\"662\"><strong>WS1330 Teknik Parametresi\u00a0<\/strong><strong>I\u015f\u0131k<\/strong><strong>\u00a0D\u00f6ner Tablal\u0131 Yap\u0131 K\u00f6p\u00fck Kesici:<\/strong><\/td>\n<\/tr>\n<tr>\n<td valign=\"top\" width=\"208\">Kesim alan\u0131<\/td>\n<td valign=\"top\" width=\"454\">Uzunluk 3000mm*geni\u015flik 1300mm*y\u00fckseklik 1300mm<\/td>\n<\/tr>\n<tr>\n<td valign=\"top\" width=\"208\">Masa y\u00fczeyi<\/td>\n<td valign=\"top\" width=\"454\">PVC masa<\/td>\n<\/tr>\n<tr>\n<td valign=\"top\" width=\"208\">Seyahat Konumland\u0131rma Do\u011frulu\u011fu<\/td>\n<td valign=\"top\" width=\"454\">\u00b10,03 mm<\/td>\n<\/tr>\n<tr>\n<td valign=\"top\" width=\"208\">Yeniden Konumland\u0131rma Konumland\u0131rma Do\u011frulu\u011fu<\/td>\n<td valign=\"top\" width=\"454\">\u00b10,02 mm<\/td>\n<\/tr>\n<tr>\n<td valign=\"top\" width=\"208\">\u00c7al\u0131\u015fma dpi<\/td>\n<td valign=\"top\" width=\"454\">\u00b10,04 mm<\/td>\n<\/tr>\n<tr>\n<td valign=\"top\" width=\"208\">D\u00f6nme H\u0131z\u0131<\/td>\n<td valign=\"top\" width=\"454\">0-6000 mm\/dak<\/td>\n<\/tr>\n<tr>\n<td valign=\"top\" width=\"208\">Makine Yap\u0131s\u0131<\/td>\n<td valign=\"top\" width=\"454\">Kal\u0131n kaynakl\u0131 \u00e7elik<\/td>\n<\/tr>\n<tr>\n<td valign=\"top\" width=\"208\">Komuta<\/td>\n<td valign=\"top\" width=\"454\">G-code*.u00*.mmg*.plt<\/td>\n<\/tr>\n<tr>\n<td valign=\"top\" width=\"208\">\u00c7al\u0131\u015fma gerilimi<\/td>\n<td valign=\"top\" width=\"454\">AC220V\/20HZ<\/td>\n<\/tr>\n<tr>\n<td valign=\"top\" width=\"208\">Paket ile birlikte a\u011f\u0131rl\u0131k<\/td>\n<td valign=\"top\" width=\"454\">850KGS<\/td>\n<\/tr>\n<tr>\n<td valign=\"top\" width=\"208\">Paket boyutu<\/td>\n<td valign=\"top\" width=\"454\">1.6*3.9*1.4M<\/td>\n<\/tr>\n<tr>\n<td valign=\"top\" width=\"208\">Kontrol Sistemi<\/td>\n<td valign=\"top\" width=\"454\">End\u00fcstriyel bilgisayarl\u0131 Mach3<\/td>\n<\/tr>\n<tr>\n<td valign=\"top\" width=\"208\">K\u0131lavuz Ray<\/td>\n<td valign=\"top\" width=\"454\">yuvarlak rehber<\/td>\n<\/tr>\n<tr>\n<td valign=\"top\" width=\"208\">Nem<\/td>\n<td valign=\"top\" width=\"454\">10%-90% (yo\u011fu\u015fmas\u0131z)<\/td>\n<\/tr>\n<tr>\n<td valign=\"top\" width=\"208\">S\u0131cakl\u0131k<\/td>\n<td valign=\"top\" width=\"454\">10-50\u2103<\/td>\n<\/tr>\n<tr>\n<td valign=\"top\" width=\"208\">Di\u015fli kutusu<\/td>\n<td valign=\"top\" width=\"454\">K\u00fc\u00e7\u00fck di\u015fli kutusu<\/td>\n<\/tr>\n<tr>\n<td valign=\"top\" width=\"208\">\u015eanz\u0131man<\/td>\n<td valign=\"top\" width=\"454\">Bilyal\u0131 vida<\/td>\n<\/tr>\n<tr>\n<td valign=\"top\" width=\"208\">Net a\u011f\u0131rl\u0131k<\/td>\n<td valign=\"top\" width=\"454\">600KGS<\/td>\n<\/tr>\n<tr>\n<td valign=\"top\" width=\"208\">Reg\u00fclat\u00f6r<\/td>\n<td valign=\"top\" width=\"454\">1000W<\/td>\n<\/tr>\n<tr>\n<td valign=\"top\" width=\"208\">A\u00e7\u0131klama<\/td>\n<td valign=\"top\" width=\"454\">Ekonomik<\/td>\n<\/tr>\n<tr>\n<td valign=\"top\" width=\"208\">Senkron tekerlek x,y<\/td>\n<td valign=\"top\" width=\"454\">5M,1:5<\/td>\n<\/tr>\n<tr>\n<td valign=\"top\" width=\"208\">Senkron kay\u0131\u015f<\/td>\n<td valign=\"top\" width=\"454\">5M-285<\/td>\n<\/tr>\n<tr>\n<td valign=\"top\" width=\"208\">Senkron tekerlek Z<\/td>\n<td valign=\"top\" width=\"454\">5M 20 tekerlek<\/td>\n<\/tr>\n<tr>\n<td valign=\"top\" width=\"208\">\u015eanz\u0131man<\/td>\n<td valign=\"top\" width=\"454\">bilyal\u0131 vida<\/td>\n<\/tr>\n<tr>\n<td valign=\"top\" width=\"208\">bilgisayar<\/td>\n<td valign=\"top\" width=\"454\">end\u00fcstri\u0307yel bi\u0307lgi\u0307sayar<\/td>\n<\/tr>\n<tr>\n<td valign=\"top\" width=\"208\">Kontrol kutusu<\/td>\n<td valign=\"top\" width=\"454\">Ayr\u0131<\/td>\n<\/tr>\n<tr>\n<td valign=\"top\" width=\"208\">Yaz\u0131l\u0131m<\/td>\n<td valign=\"top\" width=\"454\">CAXA CAD<\/td>\n<\/tr>\n<\/tbody>\n<\/table>","protected":false},"excerpt":{"rendered":"<p>1330 s\u0131cak tel k\u00f6p\u00fck kesme makinesinin \u00f6zellikleri:<\/p>\n<p>1. Bu makine yuvarlak y\u00f6r\u00fcnge, \u00e7ift s\u0131ra ve d\u00f6rt s\u00fctun bilyal\u0131 bloklar\u0131 benimser. B\u00fcy\u00fck ta\u015f\u0131ma kapasitesi, sorunsuz \u00e7al\u0131\u015fma, y\u00fcksek hassasiyet ve uzun \u00f6m\u00fcr. \u0130thal y\u00fcksek hassasiyetli Bilyal\u0131 vida, do\u011fru kesim.<\/p>\n<p>2. T yuval\u0131 al\u00fcminyum \u00e7er\u00e7eve kullan\u0131n, ekonomik, hafif yap\u0131, eps k\u00f6p\u00fck kesme ba\u015flang\u0131\u00e7 veya acemi i\u00e7in iyi bir se\u00e7imdir.<\/p>\n<p>3. Olduk\u00e7a esnek, b\u00fck\u00fclmeye kar\u015f\u0131 dayan\u0131kl\u0131 kablo kullan\u0131r. Ve dayan\u0131kl\u0131 elektronik bile\u015fenleri ithal eder. Makinenin t\u00fcm elektronik tasar\u0131m\u0131 Avrupa CE standard\u0131na uygundur. G\u00fcvenilir g\u00fcvenlik koruma sistemine sahip ayr\u0131 kontrol kutusu.<\/p>\n<p>4. End\u00fcstriyel bilgisayar ile \u00f6\u011frenmesi kolay mach3 kontrol sistemi<\/p>\n<p>5. Motor potansiyeli, sabit h\u0131zda i\u015fleme, e\u011friler ve do\u011frusal senkronize elde edin ve e\u011fri daha m\u00fckemmeldir.<\/p>\n<p>6. Y\u00fcksek h\u0131zl\u0131 s\u00fcr\u00fcc\u00fc step motor ve s\u00fcr\u00fcc\u00fcler, bu nedenle sabit ve kararl\u0131 \u00e7al\u0131\u015fmas\u0131na izin verin<\/p>\n<p>7. 3d k\u00f6p\u00fck kesimi i\u00e7in d\u00f6ner tabla kullanabilir<\/p>","protected":false},"featured_media":3456,"template":"","meta":{"_seopress_robots_primary_cat":"none","_seopress_titles_title":"","_seopress_titles_desc":"","_seopress_robots_index":"","_uag_custom_page_level_css":"","site-sidebar-layout":"default","site-content-layout":"default","ast-site-content-layout":"default","site-content-style":"default","site-sidebar-style":"default","ast-global-header-display":"","ast-banner-title-visibility":"","ast-main-header-display":"","ast-hfb-above-header-display":"","ast-hfb-below-header-display":"","ast-hfb-mobile-header-display":"","site-post-title":"","ast-breadcrumbs-content":"","ast-featured-img":"","footer-sml-layout":"","ast-disable-related-posts":"","theme-transparent-header-meta":"default","adv-header-id-meta":"","stick-header-meta":"default","header-above-stick-meta":"","header-main-stick-meta":"","header-below-stick-meta":"","astra-migrate-meta-layouts":"set","ast-page-background-enabled":"default","ast-page-background-meta":{"desktop":{"background-color":"","background-image":"","background-repeat":"repeat","background-position":"center center","background-size":"auto","background-attachment":"scroll","background-type":"","background-media":"","overlay-type":"","overlay-color":"","overlay-opacity":"","overlay-gradient":""},"tablet":{"background-color":"","background-image":"","background-repeat":"repeat","background-position":"center center","background-size":"auto","background-attachment":"scroll","background-type":"","background-media":"","overlay-type":"","overlay-color":"","overlay-opacity":"","overlay-gradient":""},"mobile":{"background-color":"","background-image":"","background-repeat":"repeat","background-position":"center center","background-size":"auto","background-attachment":"scroll","background-type":"","background-media":"","overlay-type":"","overlay-color":"","overlay-opacity":"","overlay-gradient":""}},"ast-content-background-meta":{"desktop":{"background-color":"var(--ast-global-color-5)","background-image":"","background-repeat":"repeat","background-position":"center center","background-size":"auto","background-attachment":"scroll","background-type":"","background-media":"","overlay-type":"","overlay-color":"","overlay-opacity":"","overlay-gradient":""},"tablet":{"background-color":"var(--ast-global-color-5)","background-image":"","background-repeat":"repeat","background-position":"center center","background-size":"auto","background-attachment":"scroll","background-type":"","background-media":"","overlay-type":"","overlay-color":"","overlay-opacity":"","overlay-gradient":""},"mobile":{"background-color":"var(--ast-global-color-5)","background-image":"","background-repeat":"repeat","background-position":"center center","background-size":"auto","background-attachment":"scroll","background-type":"","background-media":"","overlay-type":"","overlay-color":"","overlay-opacity":"","overlay-gradient":""}}},"product_brand":[],"product_cat":[43],"product_tag":[],"class_list":{"0":"post-1210","1":"product","2":"type-product","3":"status-publish","4":"has-post-thumbnail","6":"product_cat-foam","7":"desktop-align-left","8":"tablet-align-left","9":"mobile-align-left","10":"ast-product-gallery-layout-horizontal-slider","11":"ast-product-gallery-with-no-image","12":"ast-product-tabs-layout-horizontal","14":"first","15":"instock","16":"shipping-taxable","17":"purchasable","18":"product-type-simple"},"uagb_featured_image_src":{"full":["https:\/\/wisecnclaser.com\/wp-content\/uploads\/2025\/05\/a88c962689ed9015dc7479dc3360159a.jpg",800,800,false],"thumbnail":["https:\/\/wisecnclaser.com\/wp-content\/uploads\/2025\/05\/a88c962689ed9015dc7479dc3360159a-150x150.jpg",150,150,true],"medium":["https:\/\/wisecnclaser.com\/wp-content\/uploads\/2025\/05\/a88c962689ed9015dc7479dc3360159a-300x300.jpg",300,300,true],"medium_large":["https:\/\/wisecnclaser.com\/wp-content\/uploads\/2025\/05\/a88c962689ed9015dc7479dc3360159a-768x768.jpg",768,768,true],"large":["https:\/\/wisecnclaser.com\/wp-content\/uploads\/2025\/05\/a88c962689ed9015dc7479dc3360159a.jpg",800,800,false],"1536x1536":["https:\/\/wisecnclaser.com\/wp-content\/uploads\/2025\/05\/a88c962689ed9015dc7479dc3360159a.jpg",800,800,false],"2048x2048":["https:\/\/wisecnclaser.com\/wp-content\/uploads\/2025\/05\/a88c962689ed9015dc7479dc3360159a.jpg",800,800,false],"trp-custom-language-flag":["https:\/\/wisecnclaser.com\/wp-content\/uploads\/2025\/05\/a88c962689ed9015dc7479dc3360159a-12x12.jpg",12,12,true],"woocommerce_thumbnail":["https:\/\/wisecnclaser.com\/wp-content\/uploads\/2025\/05\/a88c962689ed9015dc7479dc3360159a-300x300.jpg",300,300,true],"woocommerce_single":["https:\/\/wisecnclaser.com\/wp-content\/uploads\/2025\/05\/a88c962689ed9015dc7479dc3360159a-600x600.jpg",600,600,true],"woocommerce_gallery_thumbnail":["https:\/\/wisecnclaser.com\/wp-content\/uploads\/2025\/05\/a88c962689ed9015dc7479dc3360159a-100x100.jpg",100,100,true]},"uagb_author_info":{"display_name":"jinxing6611@gmail.com","author_link":"https:\/\/wisecnclaser.com\/tr\/author\/"},"uagb_comment_info":0,"uagb_excerpt":"Features of 1330 hot wire foam cutting machine: 1. This machine adopts round orbit, double rows and four columns ball blocks. Large\u00a0bearing capacity, running smoothly, high precision and long life. Imported high precision\u00a0Ball screw, cutting accurate. 2. use T slot aluminum frame, economic, light structure, is good choise for eps foam cutting starter or beginner.&hellip;","_links":{"self":[{"href":"https:\/\/wisecnclaser.com\/tr\/wp-json\/wp\/v2\/product\/1210","targetHints":{"allow":["GET"]}}],"collection":[{"href":"https:\/\/wisecnclaser.com\/tr\/wp-json\/wp\/v2\/product"}],"about":[{"href":"https:\/\/wisecnclaser.com\/tr\/wp-json\/wp\/v2\/types\/product"}],"wp:featuredmedia":[{"embeddable":true,"href":"https:\/\/wisecnclaser.com\/tr\/wp-json\/wp\/v2\/media\/3456"}],"wp:attachment":[{"href":"https:\/\/wisecnclaser.com\/tr\/wp-json\/wp\/v2\/media?parent=1210"}],"wp:term":[{"taxonomy":"product_brand","embeddable":true,"href":"https:\/\/wisecnclaser.com\/tr\/wp-json\/wp\/v2\/product_brand?post=1210"},{"taxonomy":"product_cat","embeddable":true,"href":"https:\/\/wisecnclaser.com\/tr\/wp-json\/wp\/v2\/product_cat?post=1210"},{"taxonomy":"product_tag","embeddable":true,"href":"https:\/\/wisecnclaser.com\/tr\/wp-json\/wp\/v2\/product_tag?post=1210"}],"curies":[{"name":"wp","href":"https:\/\/api.w.org\/{rel}","templated":true}]}}