{"id":1212,"date":"2025-05-20T07:32:08","date_gmt":"2025-05-20T07:32:08","guid":{"rendered":"https:\/\/wisecnclaser.com\/product\/dnk-blue-sport-shoes-2\/"},"modified":"2026-01-07T01:51:49","modified_gmt":"2026-01-07T01:51:49","slug":"dnk-blue-sport-shoes-2","status":"publish","type":"product","link":"https:\/\/wisecnclaser.com\/tr\/urun\/dnk-blue-sport-shoes-2\/","title":{"rendered":"WS2030 4 Eksenli ATC Strafor CNC Freze Makinesi"},"content":{"rendered":"<p><strong>STRAFOR CNC FREZE MAKI\u0307NESI\u0307NI\u0307N \u00d6ZELLI\u0307KLERI\u0307<\/strong><\/p>\n<p>B\u00fcy\u00fck kesitli ithal lineer k\u0131lavuzu benimseyin, \u00f6m\u00fcr boyu bak\u0131m gerektirmeyen kendinden ya\u011flama<\/p>\n<p>Otomatik tak\u0131m de\u011fi\u015ftirme i\u015f mili ile i\u015f milinin maksimum h\u0131z\u0131 24000 RPM'ye ula\u015f\u0131r.<\/p>\n<p>S\u0131k\u0131 tavlama ve di\u011fer \u0131s\u0131l i\u015flem s\u00fcre\u00e7lerinden sonra t\u00fcm EPC \u00e7al\u0131\u015fma tezgah\u0131, yata\u011f\u0131n yap\u0131sal stabilitesini ve sertli\u011fini sa\u011flar.<\/p>\n<p>Tayvan SYNTEC sistemi, g\u00fcvenli ve g\u00fcvenilir \u00e7al\u0131\u015fma, verimli kod okuma h\u0131z\u0131 ve \u00e7evrimi\u00e7i sim\u00fclasyon i\u015flevi, \u00e7evrimi\u00e7i izleme i\u015flevi ile verimli ve g\u00fcvenli i\u015flemeyi sa\u011flamak i\u00e7in.<\/p>\n<p>&nbsp;<\/p>\n<p><strong>STRAFOR 4 EKSENLI CNC FREZE MAKINESI UYGULAMASI<\/strong><\/p>\n<p>Ah\u015fap, EPS, S\u00fcnger, Polipropilen plastik k\u00f6p\u00fck malzeme (EPP).<\/p>\n<p>Kal\u0131p end\u00fcstrisi: Ba\u015fta otomotiv k\u00f6p\u00fck kal\u0131plar\u0131 olmak \u00fczere her t\u00fcrl\u00fc b\u00fcy\u00fck metalik olmayan kal\u0131b\u0131n grav\u00fcr\u00fcn\u00fc yapar.<\/p>\n<p>M\u00fczik aletleri end\u00fcstrisi: 3D b\u00fcy\u00fck enstr\u00fcmanlar\u0131n grav\u00fcrlenmesi ve \u015fekillendirilmesi.<\/p>\n<p>&nbsp;<\/p>\n<p>&nbsp;<\/p>\n<table border=\"1\">\n<tbody>\n<tr class=\"firstRow\">\n<td colspan=\"2\" valign=\"center\" width=\"662\"><strong>4 Eksen ATC Strafor CNC Freze Tezgah\u0131n\u0131n Teknik Parametresi:<\/strong><\/td>\n<\/tr>\n<tr>\n<td valign=\"top\" width=\"201\">X \u00c7al\u0131\u015fma Alan\u0131<\/td>\n<td valign=\"top\" width=\"462\">2000mm (3 eksen \u00e7al\u0131\u015fma geni\u015fli\u011fi), 1200mm (4 eksen sallama mili \u00e7al\u0131\u015fma geni\u015fli\u011fi)<\/td>\n<\/tr>\n<tr>\n<td valign=\"top\" width=\"201\">Y \u00c7al\u0131\u015fma Alan\u0131<\/td>\n<td valign=\"top\" width=\"462\">3000mm (3 eksen \u00e7al\u0131\u015fma uzunlu\u011fu)<\/td>\n<\/tr>\n<tr>\n<td valign=\"top\" width=\"201\">Z \u00c7al\u0131\u015fma Alan\u0131<\/td>\n<td valign=\"top\" width=\"462\">1000mm (\u00e7al\u0131\u015fma y\u00fcksekli\u011fi)<\/td>\n<\/tr>\n<tr>\n<td valign=\"top\" width=\"201\">4 eksenli D\u00f6ner Boyut<\/td>\n<td valign=\"top\" width=\"462\">600mm \u00e7ap*2000mm uzunluk<\/td>\n<\/tr>\n<tr>\n<td valign=\"top\" width=\"201\">Makine masas\u0131<\/td>\n<td valign=\"top\" width=\"462\">Kal\u0131n Al\u00fcminyum Masa<\/td>\n<\/tr>\n<tr>\n<td valign=\"top\" width=\"201\">Yeniden Konumland\u0131rma Konumland\u0131rma Do\u011frulu\u011fu<\/td>\n<td valign=\"top\" width=\"462\">\u00b10,05 mm<\/td>\n<\/tr>\n<tr>\n<td valign=\"top\" width=\"201\">X,Y,Z Yap\u0131s\u0131<\/td>\n<td valign=\"top\" width=\"462\">XY di\u015fli \u00e7ark, Z Tayvan y\u00fcksek hassasiyetli vidal\u0131 mil. T\u00fcm Eksenler Tayvan 30 boyutlu Kare K\u0131lavuz kullan\u0131r<\/td>\n<\/tr>\n<tr>\n<td valign=\"top\" width=\"201\">\u0130\u015f mili \u00f6zellikleri<\/td>\n<td valign=\"top\" width=\"462\">+\/-90 derece sal\u0131n\u0131ml\u0131 \u00e7al\u0131\u015fma<\/td>\n<\/tr>\n<tr>\n<td valign=\"top\" width=\"201\">H\u0131zl\u0131 besleme h\u0131z\u0131<\/td>\n<td valign=\"top\" width=\"462\">X ekseni 12000 mm\/dak Y ekseni 12000 mm\/dak Z 6000 mm\/dak<\/td>\n<\/tr>\n<tr>\n<td valign=\"top\" width=\"201\">Besleme H\u0131z\u0131<\/td>\n<td valign=\"top\" width=\"462\">1-10000mm\/dak<\/td>\n<\/tr>\n<tr>\n<td valign=\"top\" width=\"201\">Mil<\/td>\n<td valign=\"top\" width=\"462\">HQD 9KW hava so\u011futmal\u0131 ATC i\u015f mili + sal\u0131n\u0131m i\u015flevi, atc'ye ihtiya\u00e7 duyulursa, 9kw hava so\u011futma atc i\u015f miline d\u00f6n\u00fc\u015fecektir<\/td>\n<\/tr>\n<tr>\n<td valign=\"top\" width=\"201\">\u0130\u015f Mili H\u0131z\u0131<\/td>\n<td valign=\"top\" width=\"462\">100-18000rpm<\/td>\n<\/tr>\n<tr>\n<td valign=\"top\" width=\"201\">Tahrik Motoru<\/td>\n<td valign=\"top\" width=\"462\">Japonya Yaskawa Marka<\/td>\n<\/tr>\n<tr>\n<td valign=\"top\" width=\"201\">Komuta<\/td>\n<td valign=\"top\" width=\"462\">G-code*.u00*.mmg*.plt<\/td>\n<\/tr>\n<tr>\n<td valign=\"top\" width=\"201\">\u00c7al\u0131\u015fma gerilimi<\/td>\n<td valign=\"top\" width=\"462\">3PH AC380V\/50Hz<\/td>\n<\/tr>\n<tr>\n<td valign=\"top\" width=\"201\">Kontrol Sistemi<\/td>\n<td valign=\"top\" width=\"462\">Tayvan Syntec Kontrol\u00f6r 4 eksen<\/td>\n<\/tr>\n<tr>\n<td valign=\"top\" width=\"201\">K\u0131lavuz ray<\/td>\n<td valign=\"top\" width=\"462\">Tayvan 30 ebat Kare Ray<\/td>\n<\/tr>\n<tr>\n<td valign=\"top\" width=\"201\">Otomatik Tak\u0131m De\u011fi\u015ftirici<\/td>\n<td valign=\"top\" width=\"462\">S\u0131rada 12 ara\u00e7<\/td>\n<\/tr>\n<tr>\n<td valign=\"top\" width=\"201\">\u0130nvert\u00f6r<\/td>\n<td valign=\"top\" width=\"462\">\u00c7in markas\u0131 11KW<\/td>\n<\/tr>\n<tr>\n<td valign=\"top\" width=\"201\">Di\u015fli \u00e7ark<\/td>\n<td valign=\"top\" width=\"462\">Y\u00fcksek hassasiyetli kremayer di\u015flisi,<\/td>\n<\/tr>\n<tr>\n<td valign=\"top\" width=\"201\">Makine \u00c7er\u00e7evesi<\/td>\n<td valign=\"top\" width=\"462\">kal\u0131n \u00e7elik \u00e7er\u00e7eve<\/td>\n<\/tr>\n<tr>\n<td valign=\"top\" width=\"201\">Yaz\u0131l\u0131m<\/td>\n<td valign=\"top\" width=\"462\">Powermill<\/td>\n<\/tr>\n<\/tbody>\n<\/table>\n<div class=\"ast-oembed-container\" style=\"height: 100%;\"><iframe title=\"ATC 4 eksenli k\u00f6p\u00fck cnc router strafor freze y\u00f6nlendirici cnc makinesi #foamcncrouter #4axiscncrouter\" width=\"500\" height=\"281\" src=\"https:\/\/www.youtube.com\/embed\/xBzPLgT1edg?feature=oembed\" frameborder=\"0\" allow=\"accelerometer; autoplay; clipboard-write; encrypted-media; gyroscope; picture-in-picture; web-share\" referrerpolicy=\"strict-origin-when-cross-origin\" allowfullscreen><\/iframe><\/div>","protected":false},"excerpt":{"rendered":"<p><strong>STRAFOR CNC FREZE MAKI\u0307NESI\u0307NI\u0307N \u00d6ZELLI\u0307KLERI\u0307<\/strong><\/p>\n<p>B\u00fcy\u00fck kesitli ithal lineer k\u0131lavuzu benimseyin, \u00f6m\u00fcr boyu bak\u0131m gerektirmeyen kendinden ya\u011flama<\/p>\n<p>Otomatik tak\u0131m de\u011fi\u015ftirme i\u015f mili ile i\u015f milinin maksimum h\u0131z\u0131 24000 RPM'ye ula\u015f\u0131r.<\/p>\n<p>S\u0131k\u0131 tavlama ve di\u011fer \u0131s\u0131l i\u015flem s\u00fcre\u00e7lerinden sonra t\u00fcm EPC \u00e7al\u0131\u015fma tezgah\u0131, yata\u011f\u0131n yap\u0131sal stabilitesini ve sertli\u011fini sa\u011flar.<\/p>\n<p>Tayvan SYNTEC sistemi, g\u00fcvenli ve g\u00fcvenilir \u00e7al\u0131\u015fma, verimli kod okuma h\u0131z\u0131 ve \u00e7evrimi\u00e7i sim\u00fclasyon i\u015flevi, \u00e7evrimi\u00e7i izleme i\u015flevi ile verimli ve g\u00fcvenli i\u015flemeyi sa\u011flamak i\u00e7in.<\/p>\n<p>&nbsp;<\/p>","protected":false},"featured_media":3464,"template":"","meta":{"_seopress_robots_primary_cat":"none","_seopress_titles_title":"","_seopress_titles_desc":"","_seopress_robots_index":"","_uag_custom_page_level_css":"","site-sidebar-layout":"default","site-content-layout":"default","ast-site-content-layout":"default","site-content-style":"default","site-sidebar-style":"default","ast-global-header-display":"","ast-banner-title-visibility":"","ast-main-header-display":"","ast-hfb-above-header-display":"","ast-hfb-below-header-display":"","ast-hfb-mobile-header-display":"","site-post-title":"","ast-breadcrumbs-content":"","ast-featured-img":"","footer-sml-layout":"","ast-disable-related-posts":"","theme-transparent-header-meta":"default","adv-header-id-meta":"","stick-header-meta":"default","header-above-stick-meta":"","header-main-stick-meta":"","header-below-stick-meta":"","astra-migrate-meta-layouts":"set","ast-page-background-enabled":"default","ast-page-background-meta":{"desktop":{"background-color":"","background-image":"","background-repeat":"repeat","background-position":"center center","background-size":"auto","background-attachment":"scroll","background-type":"","background-media":"","overlay-type":"","overlay-color":"","overlay-opacity":"","overlay-gradient":""},"tablet":{"background-color":"","background-image":"","background-repeat":"repeat","background-position":"center center","background-size":"auto","background-attachment":"scroll","background-type":"","background-media":"","overlay-type":"","overlay-color":"","overlay-opacity":"","overlay-gradient":""},"mobile":{"background-color":"","background-image":"","background-repeat":"repeat","background-position":"center center","background-size":"auto","background-attachment":"scroll","background-type":"","background-media":"","overlay-type":"","overlay-color":"","overlay-opacity":"","overlay-gradient":""}},"ast-content-background-meta":{"desktop":{"background-color":"var(--ast-global-color-5)","background-image":"","background-repeat":"repeat","background-position":"center center","background-size":"auto","background-attachment":"scroll","background-type":"","background-media":"","overlay-type":"","overlay-color":"","overlay-opacity":"","overlay-gradient":""},"tablet":{"background-color":"var(--ast-global-color-5)","background-image":"","background-repeat":"repeat","background-position":"center center","background-size":"auto","background-attachment":"scroll","background-type":"","background-media":"","overlay-type":"","overlay-color":"","overlay-opacity":"","overlay-gradient":""},"mobile":{"background-color":"var(--ast-global-color-5)","background-image":"","background-repeat":"repeat","background-position":"center center","background-size":"auto","background-attachment":"scroll","background-type":"","background-media":"","overlay-type":"","overlay-color":"","overlay-opacity":"","overlay-gradient":""}}},"product_brand":[],"product_cat":[43],"product_tag":[227,226,225,228],"class_list":{"0":"post-1212","1":"product","2":"type-product","3":"status-publish","4":"has-post-thumbnail","6":"product_cat-foam","7":"product_tag-4-axis-foam-machine","8":"product_tag-atc-foam-cnc-machine","9":"product_tag-atc-styrofoam-cnc-router","10":"product_tag-styrofoam-machine","11":"desktop-align-left","12":"tablet-align-left","13":"mobile-align-left","14":"ast-product-gallery-layout-horizontal-slider","15":"ast-product-gallery-with-no-image","16":"ast-product-tabs-layout-horizontal","18":"first","19":"instock","20":"sale","21":"featured","22":"shipping-taxable","23":"purchasable","24":"product-type-simple"},"uagb_featured_image_src":{"full":["https:\/\/wisecnclaser.com\/wp-content\/uploads\/2025\/05\/6b5e4dc8780330699468f139bc5e6a1d.jpg",800,800,false],"thumbnail":["https:\/\/wisecnclaser.com\/wp-content\/uploads\/2025\/05\/6b5e4dc8780330699468f139bc5e6a1d-150x150.jpg",150,150,true],"medium":["https:\/\/wisecnclaser.com\/wp-content\/uploads\/2025\/05\/6b5e4dc8780330699468f139bc5e6a1d-300x300.jpg",300,300,true],"medium_large":["https:\/\/wisecnclaser.com\/wp-content\/uploads\/2025\/05\/6b5e4dc8780330699468f139bc5e6a1d-768x768.jpg",768,768,true],"large":["https:\/\/wisecnclaser.com\/wp-content\/uploads\/2025\/05\/6b5e4dc8780330699468f139bc5e6a1d.jpg",800,800,false],"1536x1536":["https:\/\/wisecnclaser.com\/wp-content\/uploads\/2025\/05\/6b5e4dc8780330699468f139bc5e6a1d.jpg",800,800,false],"2048x2048":["https:\/\/wisecnclaser.com\/wp-content\/uploads\/2025\/05\/6b5e4dc8780330699468f139bc5e6a1d.jpg",800,800,false],"trp-custom-language-flag":["https:\/\/wisecnclaser.com\/wp-content\/uploads\/2025\/05\/6b5e4dc8780330699468f139bc5e6a1d-12x12.jpg",12,12,true],"woocommerce_thumbnail":["https:\/\/wisecnclaser.com\/wp-content\/uploads\/2025\/05\/6b5e4dc8780330699468f139bc5e6a1d-300x300.jpg",300,300,true],"woocommerce_single":["https:\/\/wisecnclaser.com\/wp-content\/uploads\/2025\/05\/6b5e4dc8780330699468f139bc5e6a1d-600x600.jpg",600,600,true],"woocommerce_gallery_thumbnail":["https:\/\/wisecnclaser.com\/wp-content\/uploads\/2025\/05\/6b5e4dc8780330699468f139bc5e6a1d-100x100.jpg",100,100,true]},"uagb_author_info":{"display_name":"jinxing6611@gmail.com","author_link":"https:\/\/wisecnclaser.com\/tr\/author\/"},"uagb_comment_info":0,"uagb_excerpt":"FEATURES OF STYROFOAM CNC MILLING MACHINE Adopt large cross-section imported linear guide, lifelong maintenance-free self-lubrication With automatic tools changing spindle, the maximum speed of spindle reaches 24000 RPM. The whole EPC workbench, after strict annealing and other heat treatment processes, ensures the structural stability and rigidity of the bed. Taiwan SYNTEC system, safe and reliable&hellip;","_links":{"self":[{"href":"https:\/\/wisecnclaser.com\/tr\/wp-json\/wp\/v2\/product\/1212","targetHints":{"allow":["GET"]}}],"collection":[{"href":"https:\/\/wisecnclaser.com\/tr\/wp-json\/wp\/v2\/product"}],"about":[{"href":"https:\/\/wisecnclaser.com\/tr\/wp-json\/wp\/v2\/types\/product"}],"wp:featuredmedia":[{"embeddable":true,"href":"https:\/\/wisecnclaser.com\/tr\/wp-json\/wp\/v2\/media\/3464"}],"wp:attachment":[{"href":"https:\/\/wisecnclaser.com\/tr\/wp-json\/wp\/v2\/media?parent=1212"}],"wp:term":[{"taxonomy":"product_brand","embeddable":true,"href":"https:\/\/wisecnclaser.com\/tr\/wp-json\/wp\/v2\/product_brand?post=1212"},{"taxonomy":"product_cat","embeddable":true,"href":"https:\/\/wisecnclaser.com\/tr\/wp-json\/wp\/v2\/product_cat?post=1212"},{"taxonomy":"product_tag","embeddable":true,"href":"https:\/\/wisecnclaser.com\/tr\/wp-json\/wp\/v2\/product_tag?post=1212"}],"curies":[{"name":"wp","href":"https:\/\/api.w.org\/{rel}","templated":true}]}}