{"id":1213,"date":"2025-05-20T07:32:08","date_gmt":"2025-05-20T07:32:08","guid":{"rendered":"https:\/\/wisecnclaser.com\/product\/dnk-black-sports-shoes\/"},"modified":"2026-01-08T03:00:41","modified_gmt":"2026-01-08T03:00:41","slug":"dnk-black-sports-shoes","status":"publish","type":"product","link":"https:\/\/wisecnclaser.com\/tr\/urun\/dnk-black-sports-shoes\/","title":{"rendered":"WS2030 Ah\u015fap Kal\u0131p Desenli CNC Freze Makinesi"},"content":{"rendered":"<p><strong>Cnc ah\u015fap kal\u0131p desen kesme makinesi uygulamas\u0131<\/strong><\/p>\n<p>Ah\u015fap, EPS, Polipropilen plastik k\u00f6p\u00fck malzeme (EPP).<\/p>\n<p>Kal\u0131p end\u00fcstrisi: Her t\u00fcrl\u00fc b\u00fcy\u00fck metalik olmayan kal\u0131plar\u0131, \u00f6zellikle otomotiv k\u00f6p\u00fck kal\u0131plar\u0131n\u0131, ah\u015fap gemi kal\u0131plar\u0131n\u0131, havac\u0131l\u0131k ve tren ah\u015fap kal\u0131plar\u0131n\u0131 oyar. Gemi, r\u00fczgar enerjisi, tak\u0131m tezgahlar\u0131, enjeksiyon kal\u0131plama makineleri, bask\u0131 makineleri vb. gibi \u00e7e\u015fitli mekanik d\u00f6k\u00fcmler i\u00e7in ah\u015fap modellerin d\u00f6k\u00fcm\u00fc Otomobil, yat, u\u00e7ak vb. end\u00fcstriyel tasar\u0131m\u0131. D\u00f6ner kal\u0131plar, enjeksiyon kal\u0131plar\u0131, GRG\/GRC d\u0131\u015f duvar dekoratif malzemelerinin i\u015flenmesi vb. M\u00fczik aleti end\u00fcstrisi: 3D b\u00fcy\u00fck enstr\u00fcmanlar\u0131n grav\u00fcrlenmesi ve \u015fekillendirilmesi.<\/p>\n<p><strong>Cnc ah\u015fap kal\u0131p yapma makinesinin \u00f6zellikleri:<\/strong><\/p>\n<p>1, T\u00fcm makine ikinci dereceden montaj s\u00fcrecini benimser, mekanik do\u011fruluk ilk montaj taraf\u0131ndan belirlenir ve ikincil montaj kalite kontrol s\u00fcrecine girer. T\u00fcm yatak ya\u015fland\u0131rma ile i\u015flenir ve t\u00fcm d\u00f6kme demir par\u00e7alar s\u00f6nd\u00fcr\u00fcl\u00fcr ve g\u00fc\u00e7lendirilir.<\/p>\n<p>2, T\u00fcm makine, hem pozitif hem de negatif i\u015flemede ikincil konumland\u0131rma do\u011frulu\u011funu sa\u011flamak i\u00e7in y\u00fczdelik metre ile kurulur ve ayarlan\u0131r.<\/p>\n<p>3, Tayvan y\u00fcksek hassasiyetli kare k\u0131lavuz ray\u0131, y\u00fcksek do\u011fruluk, uzun \u00f6m\u00fcr, geni\u015f temas y\u00fczeyi ve g\u00fc\u00e7l\u00fc y\u00fck ta\u015f\u0131ma kapasitesine sahiptir. Dikey ray teknolojisi, \u00e7al\u0131\u015fma stabilitesini daha iyi sa\u011flayabilir.<\/p>\n<p>4, Kontrol kabinindeki \u00f6nemli elektrikli bile\u015fenler, g\u00fc\u00e7l\u00fc darbe direncine, anti-parazite, neme dayan\u0131kl\u0131 ve stabiliteye sahip, ekipman\u0131n uzun s\u00fcre istikrarl\u0131 bir \u015fekilde i\u015flenmesini ve \u00e7al\u0131\u015fmas\u0131n\u0131 sa\u011flayan tan\u0131nm\u0131\u015f markalard\u0131r.<\/p>\n<p>5, S\u0131k\u0131 tavlama ve di\u011fer \u0131s\u0131l i\u015flemlerden sonra t\u00fcm EPC d\u00f6k\u00fcm \u00e7al\u0131\u015fma masas\u0131, yata\u011f\u0131n yap\u0131sal stabilitesini ve sertli\u011fini sa\u011flar.<\/p>\n<p>6, Tayvan Syntec sistemi, g\u00fcvenli ve g\u00fcvenilir \u00e7al\u0131\u015fma, y\u00fcksek verimli kod okuma h\u0131z\u0131 ve verimlili\u011fi ve g\u00fcvenli i\u015flemeyi sa\u011flamak i\u00e7in \u00e7evrimi\u00e7i sim\u00fclasyon i\u015flevi, \u00e7evrimi\u00e7i izleme i\u015flevi vard\u0131r.<\/p>\n<table border=\"1\" width=\"662\">\n<tbody>\n<tr class=\"firstRow\">\n<td colspan=\"2\" valign=\"center\" width=\"662\"><strong>Cnc ah\u015fap k\u00f6p\u00fck desen kesme makinesinin Tan\u0131m\u0131 ve \u00d6zellikleri:<\/strong><\/td>\n<\/tr>\n<tr>\n<td valign=\"top\" width=\"238\">X \u00c7al\u0131\u015fma Alan\u0131<\/td>\n<td valign=\"top\" width=\"424\">2000mm<\/td>\n<\/tr>\n<tr>\n<td valign=\"top\" width=\"238\">Y \u00c7al\u0131\u015fma Alan\u0131<\/td>\n<td valign=\"top\" width=\"424\">3000mm<\/td>\n<\/tr>\n<tr>\n<td valign=\"top\" width=\"238\">Z \u00c7al\u0131\u015fma Alan\u0131<\/td>\n<td valign=\"top\" width=\"424\">600mm<\/td>\n<\/tr>\n<tr>\n<td valign=\"top\" width=\"238\">Makine \u00c7er\u00e7evesi<\/td>\n<td valign=\"top\" width=\"424\">D\u00f6kme demir a\u011f\u0131r hizmet<\/td>\n<\/tr>\n<tr>\n<td valign=\"top\" width=\"238\">Makine masas\u0131<\/td>\n<td valign=\"top\" width=\"424\">D\u00f6kme Demir a\u011f\u0131r hizmet masas\u0131<\/td>\n<\/tr>\n<tr>\n<td valign=\"top\" width=\"238\">Yeniden Konumland\u0131rma Konumland\u0131rma Do\u011frulu\u011fu<\/td>\n<td valign=\"top\" width=\"424\">\u00b10,05 mm<\/td>\n<\/tr>\n<tr>\n<td valign=\"top\" width=\"238\">X,Y,Z Yap\u0131s\u0131<\/td>\n<td valign=\"top\" width=\"424\">XY di\u015fli \u00e7ark, Z Tayvan y\u00fcksek hassasiyetli vidal\u0131 mil. T\u00fcm Eksenler Tayvan 30 boyutlu Kare K\u0131lavuz kullan\u0131r<\/td>\n<\/tr>\n<tr>\n<td valign=\"top\" width=\"238\">H\u0131zl\u0131 besleme h\u0131z\u0131<\/td>\n<td valign=\"top\" width=\"424\">X ekseni 12000 mm\/dak Y ekseni 12000 mm\/dak Z 6000 mm\/dak<\/td>\n<\/tr>\n<tr>\n<td valign=\"top\" width=\"238\">Besleme H\u0131z\u0131<\/td>\n<td valign=\"top\" width=\"424\">1-10000mm\/dak<\/td>\n<\/tr>\n<tr>\n<td valign=\"top\" width=\"238\">Mil<\/td>\n<td valign=\"top\" width=\"424\">7.5KW su so\u011futmal\u0131 \u0130\u015f Mili<\/td>\n<\/tr>\n<tr>\n<td valign=\"top\" width=\"238\">\u0130\u015f Mili H\u0131z\u0131<\/td>\n<td valign=\"top\" width=\"424\">100-24000rpm<\/td>\n<\/tr>\n<tr>\n<td valign=\"top\" width=\"238\">Tahrik Motoru<\/td>\n<td valign=\"top\" width=\"424\">Japonya Yaskawa Servo sistemi<\/td>\n<\/tr>\n<tr>\n<td valign=\"top\" width=\"238\">Kontrol Sistemi<\/td>\n<td valign=\"top\" width=\"424\">Tayvan Syntec kontrol sistemi<\/td>\n<\/tr>\n<tr>\n<td valign=\"top\" width=\"238\">K\u0131lavuz ray<\/td>\n<td valign=\"top\" width=\"424\">Tayvan 30 ebat Kare Ray<\/td>\n<\/tr>\n<tr>\n<td valign=\"top\" width=\"238\">Dpi<\/td>\n<td valign=\"top\" width=\"424\">+\/-0.004<\/td>\n<\/tr>\n<tr>\n<td valign=\"top\" width=\"238\">\u0130nvert\u00f6r<\/td>\n<td valign=\"top\" width=\"424\">Tayvan Delta marka 7.5KW<\/td>\n<\/tr>\n<tr>\n<td valign=\"top\" width=\"238\">Di\u015fli \u00e7ark<\/td>\n<td valign=\"top\" width=\"424\">Y\u00fcksek hassasiyetli kremayer di\u015flisi,<\/td>\n<\/tr>\n<tr>\n<td valign=\"top\" width=\"238\">Makine \u00c7er\u00e7evesi<\/td>\n<td valign=\"top\" width=\"424\">kal\u0131n \u00e7elik \u00e7er\u00e7eve<\/td>\n<\/tr>\n<tr>\n<td valign=\"top\" width=\"238\">Yaz\u0131l\u0131m<\/td>\n<td valign=\"top\" width=\"424\">Type3\/Ucancam\/Artcam<\/td>\n<\/tr>\n<tr>\n<td valign=\"top\" width=\"238\">Komuta<\/td>\n<td valign=\"top\" width=\"424\">G-code*.u00*.mmg*.plt<\/td>\n<\/tr>\n<tr>\n<td valign=\"top\" width=\"238\">\u00c7al\u0131\u015fma gerilimi<\/td>\n<td valign=\"top\" width=\"424\">3PH AC380V\/50Hz<\/td>\n<\/tr>\n<\/tbody>\n<\/table>\n<p>&nbsp;<\/p>\n<div class=\"ast-oembed-container\" style=\"height: 100%;\"><iframe title=\"Ah\u015fap kal\u0131p desen cnc freze makinesi, ah\u015fap kal\u0131p oyma cnc router makinesi, cnc ah\u015fap y\u00f6nlendirme\" width=\"422\" height=\"750\" src=\"https:\/\/www.youtube.com\/embed\/j8cpza-D4k4?feature=oembed\" frameborder=\"0\" allow=\"accelerometer; autoplay; clipboard-write; encrypted-media; gyroscope; picture-in-picture; web-share\" referrerpolicy=\"strict-origin-when-cross-origin\" allowfullscreen><\/iframe><\/div>","protected":false},"excerpt":{"rendered":"<p><strong>Cnc ah\u015fap kal\u0131p desen kesme makinesi uygulamas\u0131<\/strong><\/p>\n<p>Ah\u015fap, EPS, Polipropilen plastik k\u00f6p\u00fck malzeme (EPP).<\/p>\n<p>Kal\u0131p end\u00fcstrisi: Her t\u00fcrl\u00fc b\u00fcy\u00fck metalik olmayan kal\u0131plar\u0131, \u00f6zellikle otomotiv k\u00f6p\u00fck kal\u0131plar\u0131n\u0131, ah\u015fap gemi kal\u0131plar\u0131n\u0131, havac\u0131l\u0131k ve tren ah\u015fap kal\u0131plar\u0131n\u0131 oyar. Gemi, r\u00fczgar enerjisi, tak\u0131m tezgahlar\u0131, enjeksiyon kal\u0131plama makineleri, bask\u0131 makineleri vb. gibi \u00e7e\u015fitli mekanik d\u00f6k\u00fcmler i\u00e7in ah\u015fap modellerin d\u00f6k\u00fcm\u00fc Otomobil, yat, u\u00e7ak vb. end\u00fcstriyel tasar\u0131m\u0131. D\u00f6ner kal\u0131plar, enjeksiyon kal\u0131plar\u0131, GRG\/GRC d\u0131\u015f duvar dekoratif malzemelerinin i\u015flenmesi vb. M\u00fczik aleti end\u00fcstrisi: 3D b\u00fcy\u00fck enstr\u00fcmanlar\u0131n grav\u00fcrlenmesi ve \u015fekillendirilmesi.<\/p>","protected":false},"featured_media":3467,"template":"","meta":{"_seopress_robots_primary_cat":"none","_seopress_titles_title":"","_seopress_titles_desc":"","_seopress_robots_index":"","_uag_custom_page_level_css":"","site-sidebar-layout":"default","site-content-layout":"default","ast-site-content-layout":"default","site-content-style":"default","site-sidebar-style":"default","ast-global-header-display":"","ast-banner-title-visibility":"","ast-main-header-display":"","ast-hfb-above-header-display":"","ast-hfb-below-header-display":"","ast-hfb-mobile-header-display":"","site-post-title":"","ast-breadcrumbs-content":"","ast-featured-img":"","footer-sml-layout":"","ast-disable-related-posts":"","theme-transparent-header-meta":"default","adv-header-id-meta":"","stick-header-meta":"default","header-above-stick-meta":"","header-main-stick-meta":"","header-below-stick-meta":"","astra-migrate-meta-layouts":"set","ast-page-background-enabled":"default","ast-page-background-meta":{"desktop":{"background-color":"","background-image":"","background-repeat":"repeat","background-position":"center center","background-size":"auto","background-attachment":"scroll","background-type":"","background-media":"","overlay-type":"","overlay-color":"","overlay-opacity":"","overlay-gradient":""},"tablet":{"background-color":"","background-image":"","background-repeat":"repeat","background-position":"center center","background-size":"auto","background-attachment":"scroll","background-type":"","background-media":"","overlay-type":"","overlay-color":"","overlay-opacity":"","overlay-gradient":""},"mobile":{"background-color":"","background-image":"","background-repeat":"repeat","background-position":"center center","background-size":"auto","background-attachment":"scroll","background-type":"","background-media":"","overlay-type":"","overlay-color":"","overlay-opacity":"","overlay-gradient":""}},"ast-content-background-meta":{"desktop":{"background-color":"var(--ast-global-color-5)","background-image":"","background-repeat":"repeat","background-position":"center center","background-size":"auto","background-attachment":"scroll","background-type":"","background-media":"","overlay-type":"","overlay-color":"","overlay-opacity":"","overlay-gradient":""},"tablet":{"background-color":"var(--ast-global-color-5)","background-image":"","background-repeat":"repeat","background-position":"center center","background-size":"auto","background-attachment":"scroll","background-type":"","background-media":"","overlay-type":"","overlay-color":"","overlay-opacity":"","overlay-gradient":""},"mobile":{"background-color":"var(--ast-global-color-5)","background-image":"","background-repeat":"repeat","background-position":"center center","background-size":"auto","background-attachment":"scroll","background-type":"","background-media":"","overlay-type":"","overlay-color":"","overlay-opacity":"","overlay-gradient":""}}},"product_brand":[],"product_cat":[43],"product_tag":[],"class_list":{"0":"post-1213","1":"product","2":"type-product","3":"status-publish","4":"has-post-thumbnail","6":"product_cat-foam","7":"desktop-align-left","8":"tablet-align-left","9":"mobile-align-left","10":"ast-product-gallery-layout-horizontal-slider","11":"ast-product-gallery-with-no-image","12":"ast-product-tabs-layout-horizontal","14":"first","15":"instock","16":"shipping-taxable","17":"purchasable","18":"product-type-simple"},"uagb_featured_image_src":{"full":["https:\/\/wisecnclaser.com\/wp-content\/uploads\/2025\/05\/a00bfa62e4bc448083076bd356d2e8a6.jpg",800,800,false],"thumbnail":["https:\/\/wisecnclaser.com\/wp-content\/uploads\/2025\/05\/a00bfa62e4bc448083076bd356d2e8a6-150x150.jpg",150,150,true],"medium":["https:\/\/wisecnclaser.com\/wp-content\/uploads\/2025\/05\/a00bfa62e4bc448083076bd356d2e8a6-300x300.jpg",300,300,true],"medium_large":["https:\/\/wisecnclaser.com\/wp-content\/uploads\/2025\/05\/a00bfa62e4bc448083076bd356d2e8a6-768x768.jpg",768,768,true],"large":["https:\/\/wisecnclaser.com\/wp-content\/uploads\/2025\/05\/a00bfa62e4bc448083076bd356d2e8a6.jpg",800,800,false],"1536x1536":["https:\/\/wisecnclaser.com\/wp-content\/uploads\/2025\/05\/a00bfa62e4bc448083076bd356d2e8a6.jpg",800,800,false],"2048x2048":["https:\/\/wisecnclaser.com\/wp-content\/uploads\/2025\/05\/a00bfa62e4bc448083076bd356d2e8a6.jpg",800,800,false],"trp-custom-language-flag":["https:\/\/wisecnclaser.com\/wp-content\/uploads\/2025\/05\/a00bfa62e4bc448083076bd356d2e8a6-12x12.jpg",12,12,true],"woocommerce_thumbnail":["https:\/\/wisecnclaser.com\/wp-content\/uploads\/2025\/05\/a00bfa62e4bc448083076bd356d2e8a6-300x300.jpg",300,300,true],"woocommerce_single":["https:\/\/wisecnclaser.com\/wp-content\/uploads\/2025\/05\/a00bfa62e4bc448083076bd356d2e8a6-600x600.jpg",600,600,true],"woocommerce_gallery_thumbnail":["https:\/\/wisecnclaser.com\/wp-content\/uploads\/2025\/05\/a00bfa62e4bc448083076bd356d2e8a6-100x100.jpg",100,100,true]},"uagb_author_info":{"display_name":"jinxing6611@gmail.com","author_link":"https:\/\/wisecnclaser.com\/tr\/author\/"},"uagb_comment_info":0,"uagb_excerpt":"Application of cnc wood mold pattern cutting machine Wood, EPS, Polypropylene plastic foam material (EPP). Molds industry: It engraves all kinds of large nonmetallic molds, especially automotive foam molds, wooden ships molds, aviation and train wood molds.\u00a0Casting wood models for various mechanical castings, such as ships, wind power, machine tools, injection molding machinery, printing machinery,&hellip;","_links":{"self":[{"href":"https:\/\/wisecnclaser.com\/tr\/wp-json\/wp\/v2\/product\/1213","targetHints":{"allow":["GET"]}}],"collection":[{"href":"https:\/\/wisecnclaser.com\/tr\/wp-json\/wp\/v2\/product"}],"about":[{"href":"https:\/\/wisecnclaser.com\/tr\/wp-json\/wp\/v2\/types\/product"}],"wp:featuredmedia":[{"embeddable":true,"href":"https:\/\/wisecnclaser.com\/tr\/wp-json\/wp\/v2\/media\/3467"}],"wp:attachment":[{"href":"https:\/\/wisecnclaser.com\/tr\/wp-json\/wp\/v2\/media?parent=1213"}],"wp:term":[{"taxonomy":"product_brand","embeddable":true,"href":"https:\/\/wisecnclaser.com\/tr\/wp-json\/wp\/v2\/product_brand?post=1213"},{"taxonomy":"product_cat","embeddable":true,"href":"https:\/\/wisecnclaser.com\/tr\/wp-json\/wp\/v2\/product_cat?post=1213"},{"taxonomy":"product_tag","embeddable":true,"href":"https:\/\/wisecnclaser.com\/tr\/wp-json\/wp\/v2\/product_tag?post=1213"}],"curies":[{"name":"wp","href":"https:\/\/api.w.org\/{rel}","templated":true}]}}