{"id":1214,"date":"2025-05-20T07:32:08","date_gmt":"2025-05-20T07:32:08","guid":{"rendered":"https:\/\/wisecnclaser.com\/product\/dnk-blue-shoes\/"},"modified":"2025-11-25T06:10:25","modified_gmt":"2025-11-25T06:10:25","slug":"dnk-blue-shoes","status":"publish","type":"product","link":"https:\/\/wisecnclaser.com\/tr\/urun\/dnk-blue-shoes\/","title":{"rendered":"WS3030 5 Eksenli CNC S\u0131cak Tel EPS K\u00f6p\u00fck Kesme Makinesi"},"content":{"rendered":"<p>5 eksenli cnc s\u0131cak tel k\u00f6p\u00fck kesme makinesinin \u00f6zellikleri:<\/p>\n<p>1. Bu makine yuvarlak y\u00f6r\u00fcnge, \u00e7ift s\u0131ra ve d\u00f6rt s\u00fctun bilyal\u0131 bloklar\u0131 benimser. B\u00fcy\u00fck ta\u015f\u0131ma kapasitesi, sorunsuz \u00e7al\u0131\u015fma, y\u00fcksek hassasiyet ve uzun \u00f6m\u00fcr. \u0130thal y\u00fcksek hassasiyetli Bilyal\u0131 vida, do\u011fru kesim.<\/p>\n<p>2. T\u00fcm kal\u0131n Kare boru yap\u0131s\u0131 ve deformasyon de\u011fil, \u00c7elik yap\u0131 ve bilimsel kaynak, genel olarak deformasyon de\u011fil.<\/p>\n<p>3. Olduk\u00e7a esnek, b\u00fck\u00fclmeye kar\u015f\u0131 dayan\u0131kl\u0131 kablo kullan\u0131r. Ve dayan\u0131kl\u0131 elektronik bile\u015fenleri ithal eder. Makinenin t\u00fcm elektronik tasar\u0131m\u0131 Avrupa CE standard\u0131na uygundur. G\u00fcvenilir g\u00fcvenlik koruma sistemine sahip ayr\u0131 kontrol kutusu.<\/p>\n<p>4. \u00d6\u011frenmesi kolay dsp kontrol sistemi<\/p>\n<p>5. Motor potansiyeli, sabit h\u0131zda i\u015fleme, e\u011friler ve do\u011frusal senkronize elde edin ve e\u011fri daha m\u00fckemmeldir.<\/p>\n<p>6. Y\u00fcksek h\u0131zl\u0131 s\u00fcr\u00fcc\u00fc step motor ve s\u00fcr\u00fcc\u00fcler, bu nedenle sabit ve kararl\u0131 \u00e7al\u0131\u015fmas\u0131na izin verin<\/p>\n<p><strong>K\u00f6p\u00fck cnc s\u0131cak tel kesme makinesi uygulamas\u0131:<\/strong><\/p>\n<p>EPS (Geni\u015fletilmi\u015f Polistiren) k\u00f6p\u00fc\u011f\u00fc kesmek i\u00e7in kullan\u0131l\u0131r, Mimari \u015fekillere, Ta\u00e7 Kal\u0131plar\u0131na, S\u00fctunlara, maketlere, Kapillere, Madalyonlara uygulanabilir. \u00c7at\u0131 ve in\u015faat i\u00e7in EPS ve XPS sandvi\u00e7 paneller. Ambalaj ve Modelciler, G\u00f6zetim, \u0130HA, RC, Kanatlar, \u00e7ekirdekler ve kanat\u00e7\u0131klar. Tema Parklar\u0131. \u00dcniversitelerde ve kolejlerde havac\u0131l\u0131k, mimarl\u0131k ve mekanik b\u00f6l\u00fcmleri, An\u0131t Tabelalar, 3D tabelalar, Logolar, Harfler, Sahne, Prototipleme, m\u00fcze sergileri, Ticari Fuarlar Tekneler, s\u00f6rf tahtalar\u0131, kanolar ve k\u00fcrek tahtalar\u0131<\/p>\n<p><strong>\u00a0<\/strong><\/p>\n<table border=\"1\">\n<tbody>\n<tr class=\"firstRow\">\n<td colspan=\"2\" valign=\"center\" width=\"662\"><strong>WS3030 S\u0131cak Tel EPS K\u00f6p\u00fck Kesme Makinesi Teknik Parametresi:<\/strong><\/td>\n<\/tr>\n<tr>\n<td valign=\"top\" width=\"208\">Kesim alan\u0131<\/td>\n<td valign=\"top\" width=\"454\">Uzunluk 3000mm*geni\u015flik 3000mm*y\u00fckseklik 1300mm<\/td>\n<\/tr>\n<tr>\n<td valign=\"top\" width=\"208\">Masa y\u00fczeyi<\/td>\n<td valign=\"top\" width=\"454\">PVC masa<\/td>\n<\/tr>\n<tr>\n<td valign=\"top\" width=\"208\">Seyahat Konumland\u0131rma Do\u011frulu\u011fu<\/td>\n<td valign=\"top\" width=\"454\">\u00b10,03 mm<\/td>\n<\/tr>\n<tr>\n<td valign=\"top\" width=\"208\">Yeniden Konumland\u0131rma Konumland\u0131rma Do\u011frulu\u011fu<\/td>\n<td valign=\"top\" width=\"454\">\u00b10,02 mm<\/td>\n<\/tr>\n<tr>\n<td valign=\"top\" width=\"208\">\u00c7al\u0131\u015fma dpi<\/td>\n<td valign=\"top\" width=\"454\">\u00b10,04 mm<\/td>\n<\/tr>\n<tr>\n<td valign=\"top\" width=\"208\">D\u00f6nme H\u0131z\u0131<\/td>\n<td valign=\"top\" width=\"454\">0-6000 mm\/dak<\/td>\n<\/tr>\n<tr>\n<td valign=\"top\" width=\"208\">Makine Yap\u0131s\u0131<\/td>\n<td valign=\"top\" width=\"454\">Kal\u0131n kaynakl\u0131 \u00e7elik<\/td>\n<\/tr>\n<tr>\n<td valign=\"top\" width=\"208\">Komuta<\/td>\n<td valign=\"top\" width=\"454\">G-code*.u00*.mmg*.plt<\/td>\n<\/tr>\n<tr>\n<td valign=\"top\" width=\"208\">\u00c7al\u0131\u015fma gerilimi<\/td>\n<td valign=\"top\" width=\"454\">AC220V\/20HZ<\/td>\n<\/tr>\n<tr>\n<td valign=\"top\" width=\"208\">Paket ile birlikte a\u011f\u0131rl\u0131k<\/td>\n<td valign=\"top\" width=\"454\">850KGS<\/td>\n<\/tr>\n<tr>\n<td valign=\"top\" width=\"208\">Paket boyutu<\/td>\n<td valign=\"top\" width=\"454\">1.6*3.9*1.7M<\/td>\n<\/tr>\n<tr>\n<td valign=\"top\" width=\"208\">Kontrol Sistemi<\/td>\n<td valign=\"top\" width=\"454\">Dsp \u00e7evrimd\u0131\u015f\u0131 veya Mach3<\/td>\n<\/tr>\n<tr>\n<td valign=\"top\" width=\"208\">K\u0131lavuz Ray<\/td>\n<td valign=\"top\" width=\"454\">Kare k\u0131lavuzu<\/td>\n<\/tr>\n<tr>\n<td valign=\"top\" width=\"208\">Nem<\/td>\n<td valign=\"top\" width=\"454\">10%-90% (yo\u011fu\u015fmas\u0131z)<\/td>\n<\/tr>\n<tr>\n<td valign=\"top\" width=\"208\">S\u0131cakl\u0131k<\/td>\n<td valign=\"top\" width=\"454\">10-50\u2103<\/td>\n<\/tr>\n<tr>\n<td valign=\"top\" width=\"208\">Di\u015fli kutusu<\/td>\n<td valign=\"top\" width=\"454\">K\u00fc\u00e7\u00fck di\u015fli kutusu<\/td>\n<\/tr>\n<tr>\n<td valign=\"top\" width=\"208\">\u015eanz\u0131man<\/td>\n<td valign=\"top\" width=\"454\">Bilyal\u0131 vida<\/td>\n<\/tr>\n<tr>\n<td valign=\"top\" width=\"208\">Net a\u011f\u0131rl\u0131k<\/td>\n<td valign=\"top\" width=\"454\">600KGS<\/td>\n<\/tr>\n<tr>\n<td valign=\"top\" width=\"208\">Reg\u00fclat\u00f6r<\/td>\n<td valign=\"top\" width=\"454\">1000W<\/td>\n<\/tr>\n<tr>\n<td valign=\"top\" width=\"208\">A\u00e7\u0131klama<\/td>\n<td valign=\"top\" width=\"454\">Ekonomik<\/td>\n<\/tr>\n<tr>\n<td valign=\"top\" width=\"208\">Senkron tekerlek x,y<\/td>\n<td valign=\"top\" width=\"454\">5M,1:5<\/td>\n<\/tr>\n<tr>\n<td valign=\"top\" width=\"208\">Senkron kay\u0131\u015f<\/td>\n<td valign=\"top\" width=\"454\">5M-285<\/td>\n<\/tr>\n<tr>\n<td valign=\"top\" width=\"208\">Senkron tekerlek Z<\/td>\n<td valign=\"top\" width=\"454\">5M 20 tekerlek<\/td>\n<\/tr>\n<tr>\n<td valign=\"top\" width=\"208\">Di\u015fli \u00e7ark<\/td>\n<td valign=\"top\" width=\"454\">YCAA670<\/td>\n<\/tr>\n<tr>\n<td valign=\"top\" width=\"208\">Di\u015fli mili<\/td>\n<td valign=\"top\" width=\"454\">93<\/td>\n<\/tr>\n<tr>\n<td valign=\"top\" width=\"208\">Kontrol kutusu<\/td>\n<td valign=\"top\" width=\"454\">Ayr\u0131<\/td>\n<\/tr>\n<tr>\n<td valign=\"top\" width=\"208\">Yaz\u0131l\u0131m<\/td>\n<td valign=\"top\" width=\"454\">CAXA CAD<\/td>\n<\/tr>\n<\/tbody>\n<\/table>\n<p>&nbsp;<\/p>\n<p>5 Eksenli 3d K\u00f6p\u00fck Kesme \u00c7al\u0131\u015fma Videosu\uff1a<\/p>\n<p>&nbsp;<\/p>\n<div class=\"ast-oembed-container\" style=\"height: 100%;\"><iframe title=\"Frans\u0131z m\u00fc\u015fteri i\u00e7in 3d k\u00f6p\u00fck kesme testi, 5 eksenli s\u0131cak tel k\u00f6p\u00fck kesici Fransa i\u00e7in haz\u0131r\" width=\"500\" height=\"281\" src=\"https:\/\/www.youtube.com\/embed\/7o1RH20x04Q?feature=oembed\" frameborder=\"0\" allow=\"accelerometer; autoplay; clipboard-write; encrypted-media; gyroscope; picture-in-picture; web-share\" referrerpolicy=\"strict-origin-when-cross-origin\" allowfullscreen><\/iframe><\/div>","protected":false},"excerpt":{"rendered":"<p>Cnc s\u0131cak tel k\u00f6p\u00fck kesme makinesinin \u00f6zellikleri:<\/p>\n<p>1. Bu makine yuvarlak y\u00f6r\u00fcnge, \u00e7ift s\u0131ra ve d\u00f6rt s\u00fctun bilyal\u0131 bloklar\u0131 benimser. B\u00fcy\u00fck ta\u015f\u0131ma kapasitesi, sorunsuz \u00e7al\u0131\u015fma, y\u00fcksek hassasiyet ve uzun \u00f6m\u00fcr. \u0130thal y\u00fcksek hassasiyetli Bilyal\u0131 vida, do\u011fru kesim.<\/p>\n<p>2. T\u00fcm kal\u0131n Kare boru yap\u0131s\u0131 ve deformasyon de\u011fil, \u00c7elik yap\u0131 ve bilimsel kaynak, genel olarak deformasyon de\u011fil.<\/p>\n<p>3. Olduk\u00e7a esnek, b\u00fck\u00fclmeye kar\u015f\u0131 dayan\u0131kl\u0131 kablo kullan\u0131r. Ve dayan\u0131kl\u0131 elektronik bile\u015fenleri ithal eder. Makinenin t\u00fcm elektronik tasar\u0131m\u0131 Avrupa CE standard\u0131na uygundur. G\u00fcvenilir g\u00fcvenlik koruma sistemine sahip ayr\u0131 kontrol kutusu.<\/p>\n<p>4. \u00d6\u011frenmesi kolay dsp kontrol sistemi<\/p>\n<p>5. Motor potansiyeli, sabit h\u0131zda i\u015fleme, e\u011friler ve do\u011frusal senkronize elde edin ve e\u011fri daha m\u00fckemmeldir.<\/p>\n<p>6. Y\u00fcksek h\u0131zl\u0131 s\u00fcr\u00fcc\u00fc step motor ve s\u00fcr\u00fcc\u00fcler, bu nedenle sabit ve kararl\u0131 \u00e7al\u0131\u015fmas\u0131na izin verin<\/p>","protected":false},"featured_media":3469,"template":"","meta":{"_seopress_robots_primary_cat":"none","_seopress_titles_title":"","_seopress_titles_desc":"","_seopress_robots_index":"","_uag_custom_page_level_css":"","site-sidebar-layout":"default","site-content-layout":"default","ast-site-content-layout":"default","site-content-style":"default","site-sidebar-style":"default","ast-global-header-display":"","ast-banner-title-visibility":"","ast-main-header-display":"","ast-hfb-above-header-display":"","ast-hfb-below-header-display":"","ast-hfb-mobile-header-display":"","site-post-title":"","ast-breadcrumbs-content":"","ast-featured-img":"","footer-sml-layout":"","ast-disable-related-posts":"","theme-transparent-header-meta":"default","adv-header-id-meta":"","stick-header-meta":"default","header-above-stick-meta":"","header-main-stick-meta":"","header-below-stick-meta":"","astra-migrate-meta-layouts":"set","ast-page-background-enabled":"default","ast-page-background-meta":{"desktop":{"background-color":"","background-image":"","background-repeat":"repeat","background-position":"center center","background-size":"auto","background-attachment":"scroll","background-type":"","background-media":"","overlay-type":"","overlay-color":"","overlay-opacity":"","overlay-gradient":""},"tablet":{"background-color":"","background-image":"","background-repeat":"repeat","background-position":"center center","background-size":"auto","background-attachment":"scroll","background-type":"","background-media":"","overlay-type":"","overlay-color":"","overlay-opacity":"","overlay-gradient":""},"mobile":{"background-color":"","background-image":"","background-repeat":"repeat","background-position":"center center","background-size":"auto","background-attachment":"scroll","background-type":"","background-media":"","overlay-type":"","overlay-color":"","overlay-opacity":"","overlay-gradient":""}},"ast-content-background-meta":{"desktop":{"background-color":"var(--ast-global-color-5)","background-image":"","background-repeat":"repeat","background-position":"center center","background-size":"auto","background-attachment":"scroll","background-type":"","background-media":"","overlay-type":"","overlay-color":"","overlay-opacity":"","overlay-gradient":""},"tablet":{"background-color":"var(--ast-global-color-5)","background-image":"","background-repeat":"repeat","background-position":"center center","background-size":"auto","background-attachment":"scroll","background-type":"","background-media":"","overlay-type":"","overlay-color":"","overlay-opacity":"","overlay-gradient":""},"mobile":{"background-color":"var(--ast-global-color-5)","background-image":"","background-repeat":"repeat","background-position":"center center","background-size":"auto","background-attachment":"scroll","background-type":"","background-media":"","overlay-type":"","overlay-color":"","overlay-opacity":"","overlay-gradient":""}}},"product_brand":[],"product_cat":[43],"product_tag":[],"class_list":{"0":"post-1214","1":"product","2":"type-product","3":"status-publish","4":"has-post-thumbnail","6":"product_cat-foam","7":"desktop-align-left","8":"tablet-align-left","9":"mobile-align-left","10":"ast-product-gallery-layout-horizontal-slider","11":"ast-product-gallery-with-no-image","12":"ast-product-tabs-layout-horizontal","14":"first","15":"instock","16":"sale","17":"shipping-taxable","18":"purchasable","19":"product-type-simple"},"uagb_featured_image_src":{"full":["https:\/\/wisecnclaser.com\/wp-content\/uploads\/2025\/05\/54710b43dadfa936c16312bab27b8259.jpg",750,750,false],"thumbnail":["https:\/\/wisecnclaser.com\/wp-content\/uploads\/2025\/05\/54710b43dadfa936c16312bab27b8259-150x150.jpg",150,150,true],"medium":["https:\/\/wisecnclaser.com\/wp-content\/uploads\/2025\/05\/54710b43dadfa936c16312bab27b8259-300x300.jpg",300,300,true],"medium_large":["https:\/\/wisecnclaser.com\/wp-content\/uploads\/2025\/05\/54710b43dadfa936c16312bab27b8259.jpg",750,750,false],"large":["https:\/\/wisecnclaser.com\/wp-content\/uploads\/2025\/05\/54710b43dadfa936c16312bab27b8259.jpg",750,750,false],"1536x1536":["https:\/\/wisecnclaser.com\/wp-content\/uploads\/2025\/05\/54710b43dadfa936c16312bab27b8259.jpg",750,750,false],"2048x2048":["https:\/\/wisecnclaser.com\/wp-content\/uploads\/2025\/05\/54710b43dadfa936c16312bab27b8259.jpg",750,750,false],"trp-custom-language-flag":["https:\/\/wisecnclaser.com\/wp-content\/uploads\/2025\/05\/54710b43dadfa936c16312bab27b8259-12x12.jpg",12,12,true],"woocommerce_thumbnail":["https:\/\/wisecnclaser.com\/wp-content\/uploads\/2025\/05\/54710b43dadfa936c16312bab27b8259-300x300.jpg",300,300,true],"woocommerce_single":["https:\/\/wisecnclaser.com\/wp-content\/uploads\/2025\/05\/54710b43dadfa936c16312bab27b8259-600x600.jpg",600,600,true],"woocommerce_gallery_thumbnail":["https:\/\/wisecnclaser.com\/wp-content\/uploads\/2025\/05\/54710b43dadfa936c16312bab27b8259-100x100.jpg",100,100,true]},"uagb_author_info":{"display_name":"jinxing6611@gmail.com","author_link":"https:\/\/wisecnclaser.com\/tr\/author\/"},"uagb_comment_info":0,"uagb_excerpt":"Features of cnc hot wire foam cutting machine: 1. This machine adopts round orbit, double rows and four columns ball blocks. Large\u00a0bearing capacity, running smoothly, high precision and long life. Imported high precision\u00a0Ball screw, cutting accurate. 2. Whole thick Square tube structure and not deformation, Steel structure and scientific\u00a0welding, not deformation overall. 3. Adopts highly&hellip;","_links":{"self":[{"href":"https:\/\/wisecnclaser.com\/tr\/wp-json\/wp\/v2\/product\/1214","targetHints":{"allow":["GET"]}}],"collection":[{"href":"https:\/\/wisecnclaser.com\/tr\/wp-json\/wp\/v2\/product"}],"about":[{"href":"https:\/\/wisecnclaser.com\/tr\/wp-json\/wp\/v2\/types\/product"}],"wp:featuredmedia":[{"embeddable":true,"href":"https:\/\/wisecnclaser.com\/tr\/wp-json\/wp\/v2\/media\/3469"}],"wp:attachment":[{"href":"https:\/\/wisecnclaser.com\/tr\/wp-json\/wp\/v2\/media?parent=1214"}],"wp:term":[{"taxonomy":"product_brand","embeddable":true,"href":"https:\/\/wisecnclaser.com\/tr\/wp-json\/wp\/v2\/product_brand?post=1214"},{"taxonomy":"product_cat","embeddable":true,"href":"https:\/\/wisecnclaser.com\/tr\/wp-json\/wp\/v2\/product_cat?post=1214"},{"taxonomy":"product_tag","embeddable":true,"href":"https:\/\/wisecnclaser.com\/tr\/wp-json\/wp\/v2\/product_tag?post=1214"}],"curies":[{"name":"wp","href":"https:\/\/api.w.org\/{rel}","templated":true}]}}