{"id":3477,"date":"2025-05-22T13:41:37","date_gmt":"2025-05-22T13:41:37","guid":{"rendered":"https:\/\/wisecnclaser.com\/?post_type=product&#038;p=3477"},"modified":"2025-05-23T02:51:31","modified_gmt":"2025-05-23T02:51:31","slug":"ws1625-cnc-flatbed-cutter-plotter-for-carton-box-sample-making","status":"publish","type":"product","link":"https:\/\/wisecnclaser.com\/tr\/urun\/ws1625-cnc-flatbed-cutter-plotter-for-carton-box-sample-making\/","title":{"rendered":"WS1625 Karton Kutu Numune Yap\u0131m\u0131 i\u00e7in CNC D\u00fcz Yatakl\u0131 Kesici Plotter"},"content":{"rendered":"<p><strong>D\u00fcz yatakl\u0131 karton kesme plotter makinesi uygulamas\u0131:<\/strong><\/p>\n<p>Esas olarak karton kutu yap\u0131m\u0131, karton ambalaj, \u00e7ift ve \u00fc\u00e7 duvarl\u0131 oluklu mukavvay\u0131 i\u015flemek i\u00e7in, karton kutu yap\u0131m\u0131na uygulan\u0131r<\/p>\n<p><strong>Kesim Malzemeleri:\u00a0<\/strong>oluklu mukavva, ka\u011f\u0131t levha, plastik dalga levha, petek mukavva, ka\u011f\u0131t kart<\/p>\n<p><strong>\u00c7al\u0131\u015fma Y\u00f6ntemi:<\/strong><\/p>\n<p>Grafik dosyas\u0131 profesyonel yaz\u0131l\u0131m taraf\u0131ndan i\u015flenir, grafik dosyas\u0131 ger\u00e7ek kutu \u00f6rne\u011fi i\u00e7in gerekli olan girinti \u00e7izgi tipini ve kesme \u00e7izgi tipini (oluklu ka\u011f\u0131t \/ karton \/ film ka\u011f\u0131d\u0131) i\u00e7erir ve ayr\u0131ca boyutland\u0131rma, belge a\u00e7\u0131klamalar\u0131 vb. i\u00e7erebilir (karton \/ film ka\u011f\u0131d\u0131) Vb.), ger\u00e7ek ihtiya\u00e7lara g\u00f6re, farkl\u0131 kesme aletleri \/ k\u0131rma tekerlekleri \/ \u00e7izim aletleri tak\u0131n ve bunlar\u0131 a\u011f veya veri hatt\u0131 \u00fczerinden belirli bir formatta d\u00fcz yatakl\u0131 plotter makinesine g\u00f6nderin ve makine grafiklerdeki \u00e7e\u015fitli \u00e7izgi t\u00fcrlerini otomatik olarak tan\u0131yacak ve kar\u015f\u0131l\u0131k gelenleri se\u00e7ecektir. Alet (titre\u015fimli b\u0131\u00e7ak\/kaz\u0131ma tekerle\u011fi\/kalem), kutu \u00f6rne\u011fini veya \u00e7izimi tamamlamak i\u00e7in \u00e7al\u0131\u015fma h\u0131z\u0131, alet tipi, b\u0131\u00e7ak kesme derinli\u011fi, girinti derinli\u011fi vb. gibi ilgili parametrelere g\u00f6re ayarlan\u0131r.<\/p>\n<p><strong>Gerekli aletler:<\/strong><\/p>\n<p>&nbsp;<\/p>\n<p>Titre\u015fimli kesici kafa: oluklu mukavva, EVA, inci pamuk, k\u00f6p\u00fck tahta vb. kesme<\/p>\n<p>D\u00fcz kafa: E-\u00e7ukur, F-\u00e7ukur oluklu mukavva ve gri kartonlar\u0131 kesin.<\/p>\n<p>K\u0131v\u0131rma \u00e7ark\u0131: Oluklu mukavvan\u0131n buru\u015fma hatt\u0131.<\/p>\n<p>K\u00fc\u00e7\u00fck kesici kafa: karton ka\u011f\u0131t kesme.<\/p>\n<p>Kalem: Bir kal\u0131p haritas\u0131 \u00e7izin.<\/p>\n<p>Baz\u0131 karton prova makineleri ayr\u0131ca \u015funlarla donat\u0131lm\u0131\u015ft\u0131r: b\u0131\u00e7ak \u015fablonu kesme kafas\u0131, alt kal\u0131p kesme kafas\u0131, V-oluk kesme kafas\u0131<\/p>\n<p>&nbsp;<\/p>\n<table border=\"1\">\n<tbody>\n<tr class=\"firstRow\">\n<td colspan=\"2\" valign=\"center\" width=\"662\"><strong>Teknik<\/strong><strong>\u00a0<\/strong><strong>WS1625'in Parametresi\u00a0<\/strong><strong>Flatbed<\/strong><strong>\u00a0Karton Kutu Yap\u0131m\u0131 i\u00e7in Kesim Plotteri:<\/strong><\/td>\n<\/tr>\n<tr>\n<td valign=\"top\" width=\"158\">X \u00e7al\u0131\u015fma boyutu<\/td>\n<td valign=\"top\" width=\"504\">1550mm<\/td>\n<\/tr>\n<tr>\n<td valign=\"top\" width=\"158\">Y \u00e7al\u0131\u015fma boyutu<\/td>\n<td valign=\"top\" width=\"504\">2500mm<\/td>\n<\/tr>\n<tr>\n<td valign=\"top\" width=\"158\">Z \u00e7al\u0131\u015fma boyutu<\/td>\n<td valign=\"top\" width=\"504\">10mm<\/td>\n<\/tr>\n<tr>\n<td valign=\"top\" width=\"158\">Kesme kafas\u0131<\/td>\n<td valign=\"top\" width=\"504\">cnc sal\u0131n\u0131ml\u0131 b\u0131\u00e7ak kesme kafas\u0131 + K\u0131rma tekerle\u011fi<\/td>\n<\/tr>\n<tr>\n<td valign=\"top\" width=\"158\">G\u00f6r\u00fcnt\u00fcleme yolu<\/td>\n<td valign=\"top\" width=\"504\">\u0130ngilizce LED dokunmatik ekran<\/td>\n<\/tr>\n<tr>\n<td valign=\"top\" width=\"158\">Makine masas\u0131<\/td>\n<td valign=\"top\" width=\"504\">Al\u00fcminyum k\u00f6r\u00fckl\u00fc 9 emi\u015f b\u00f6lgeli Emme Tablas\u0131<\/td>\n<\/tr>\n<tr>\n<td valign=\"top\" width=\"158\">Veri aktar\u0131m yolu<\/td>\n<td valign=\"top\" width=\"504\">Intel<\/td>\n<\/tr>\n<tr>\n<td valign=\"top\" width=\"158\">Vakum pompas\u0131<\/td>\n<td valign=\"top\" width=\"504\">9KW hava tipi vakum pompas\u0131<\/td>\n<\/tr>\n<tr>\n<td valign=\"top\" width=\"158\">S\u00fcr\u00fc\u015f sistemi<\/td>\n<td valign=\"top\" width=\"504\">Tayvan delta servo s\u00fcr\u00fcc\u00fc ve motor<\/td>\n<\/tr>\n<tr>\n<td valign=\"top\" width=\"158\">Kontrol sistemi<\/td>\n<td valign=\"top\" width=\"504\">RD kontrol sistemi<\/td>\n<\/tr>\n<tr>\n<td valign=\"top\" width=\"158\">Rehberlik sistemi<\/td>\n<td valign=\"top\" width=\"504\">Tayvan TBI kare ray<\/td>\n<\/tr>\n<tr>\n<td valign=\"top\" width=\"158\">Alet sens\u00f6r\u00fc<\/td>\n<td valign=\"top\" width=\"504\">\u0130le, k\u0131rm\u0131z\u0131 nokta<\/td>\n<\/tr>\n<tr>\n<td valign=\"top\" width=\"158\">\u015eanz\u0131man<\/td>\n<td valign=\"top\" width=\"504\">Y kremayer pinyonu, XZ senkron \u00e7elik kay\u0131\u015f<\/td>\n<\/tr>\n<tr>\n<td valign=\"top\" width=\"158\">Kesme h\u0131z\u0131<\/td>\n<td valign=\"top\" width=\"504\">30m\/dak<\/td>\n<\/tr>\n<tr>\n<td valign=\"top\" width=\"158\">Seyahat h\u0131z\u0131<\/td>\n<td valign=\"top\" width=\"504\">50m\/dak<\/td>\n<\/tr>\n<tr>\n<td valign=\"center\" width=\"158\">A\u011f\u0131rl\u0131k<\/td>\n<td valign=\"top\" width=\"504\">Yakla\u015f\u0131k 800kgs<\/td>\n<\/tr>\n<tr>\n<td valign=\"top\" width=\"158\">Boyut<\/td>\n<td valign=\"top\" width=\"504\">2250*3300*1650mm<\/td>\n<\/tr>\n<tr>\n<td valign=\"top\" width=\"158\">G\u00fc\u00e7<\/td>\n<td valign=\"top\" width=\"504\">380V 50HZ<\/td>\n<\/tr>\n<tr>\n<td valign=\"top\" width=\"158\">Yaz\u0131l\u0131m<\/td>\n<td valign=\"top\" width=\"504\">vcutworks, makinede bu yaz\u0131l\u0131m var, dxf, plt format\u0131ndaki dosyalar\u0131 destekliyor<\/td>\n<\/tr>\n<\/tbody>\n<\/table>\n<p>&nbsp;<\/p>\n<p><strong>Karton kutu numune yapma makinesinin \u00f6zellikleri:<\/strong><\/p>\n<p><strong>\u00a0<\/strong><\/p>\n<p>1, Lazer acil durdurma cihaz\u0131, insanlar\u0131n \u00e7al\u0131\u015fma aletleri veya ka\u011f\u0131t tahtas\u0131 taraf\u0131ndan zarar g\u00f6rmesini \u00f6nleyebilir. Makine \u00e7al\u0131\u015f\u0131rken dengeyi sa\u011flamak i\u00e7in k\u0131za\u011fa sinyal teli yerle\u015ftirin.<\/p>\n<p>2. Tayvan, makinenin istikrarl\u0131 kesme verimlili\u011fi ve y\u00fcksek h\u0131z ve y\u00fcksek hassasiyetle \u00e7al\u0131\u015ft\u0131\u011f\u0131ndan emin olmak i\u00e7in do\u011frusal k\u0131lavuz ray\u0131 ve di\u015fli raf\u0131 iletimini ithal etti.<\/p>\n<p>3. Makine \u00e7er\u00e7evesi y\u00fcksek yo\u011funluklu \u00e7elik levhay\u0131 benimser, deforme olmaz. Makinenin istikrarl\u0131 bir \u015fekilde \u00e7al\u0131\u015fmas\u0131n\u0131 sa\u011flamak ve daha iyi kesim kalitesini garanti etmek i\u00e7in a\u011f\u0131r hizmet tipi makine.<\/p>\n<p>4. ithal Tayvan delta motorunu ve s\u00fcr\u00fcc\u00fcs\u00fcn\u00fc benimser<\/p>\n<p>5. mod\u00fcl tipi \u00e7al\u0131\u015fma silindiri benimser, g\u00fc\u00e7l\u00fc adsorpsiyon yetene\u011fine sahiptir.<\/p>\n<p>&nbsp;<\/p>","protected":false},"excerpt":{"rendered":"<p>The carton proofing machine is a machine used in carton factories to make carton samples.<\/p>\n<p>there are two kinds of cardboard cutting plotter machine, one is mainly for cutting coated paper, cardboard, kraft paper, PVC, stickers with a thickness of less than 1mm<\/p>\n<p>The other carton box sampling machine is to cut 8-30mm thick corrugated paper, honeycomb paperboard, grey board paper, KT board, Chevron board, EVA, etc.<\/p>\n<p>They both have creasing wheel, oscillating knife cutting function.<\/p>","protected":false},"featured_media":3480,"template":"","meta":{"_seopress_robots_primary_cat":"","_seopress_titles_title":"","_seopress_titles_desc":"","_seopress_robots_index":"","_uag_custom_page_level_css":"","site-sidebar-layout":"default","site-content-layout":"","ast-site-content-layout":"default","site-content-style":"default","site-sidebar-style":"default","ast-global-header-display":"","ast-banner-title-visibility":"","ast-main-header-display":"","ast-hfb-above-header-display":"","ast-hfb-below-header-display":"","ast-hfb-mobile-header-display":"","site-post-title":"","ast-breadcrumbs-content":"","ast-featured-img":"","footer-sml-layout":"","ast-disable-related-posts":"","theme-transparent-header-meta":"default","adv-header-id-meta":"","stick-header-meta":"default","header-above-stick-meta":"","header-main-stick-meta":"","header-below-stick-meta":"","astra-migrate-meta-layouts":"set","ast-page-background-enabled":"default","ast-page-background-meta":{"desktop":{"background-color":"","background-image":"","background-repeat":"repeat","background-position":"center center","background-size":"auto","background-attachment":"scroll","background-type":"","background-media":"","overlay-type":"","overlay-color":"","overlay-opacity":"","overlay-gradient":""},"tablet":{"background-color":"","background-image":"","background-repeat":"repeat","background-position":"center center","background-size":"auto","background-attachment":"scroll","background-type":"","background-media":"","overlay-type":"","overlay-color":"","overlay-opacity":"","overlay-gradient":""},"mobile":{"background-color":"","background-image":"","background-repeat":"repeat","background-position":"center center","background-size":"auto","background-attachment":"scroll","background-type":"","background-media":"","overlay-type":"","overlay-color":"","overlay-opacity":"","overlay-gradient":""}},"ast-content-background-meta":{"desktop":{"background-color":"var(--ast-global-color-5)","background-image":"","background-repeat":"repeat","background-position":"center center","background-size":"auto","background-attachment":"scroll","background-type":"","background-media":"","overlay-type":"","overlay-color":"","overlay-opacity":"","overlay-gradient":""},"tablet":{"background-color":"var(--ast-global-color-5)","background-image":"","background-repeat":"repeat","background-position":"center center","background-size":"auto","background-attachment":"scroll","background-type":"","background-media":"","overlay-type":"","overlay-color":"","overlay-opacity":"","overlay-gradient":""},"mobile":{"background-color":"var(--ast-global-color-5)","background-image":"","background-repeat":"repeat","background-position":"center center","background-size":"auto","background-attachment":"scroll","background-type":"","background-media":"","overlay-type":"","overlay-color":"","overlay-opacity":"","overlay-gradient":""}}},"product_brand":[],"product_cat":[21],"product_tag":[],"class_list":{"0":"post-3477","1":"product","2":"type-product","3":"status-publish","4":"has-post-thumbnail","6":"product_cat-oscillating","7":"desktop-align-left","8":"tablet-align-left","9":"mobile-align-left","10":"ast-product-gallery-layout-horizontal-slider","11":"ast-product-tabs-layout-horizontal","13":"first","14":"instock","15":"featured","16":"shipping-taxable","17":"product-type-simple"},"uagb_featured_image_src":{"full":["https:\/\/wisecnclaser.com\/wp-content\/uploads\/2025\/05\/44b850c9a77b70cab8e18c4549a9ca66.jpg",750,750,false],"thumbnail":["https:\/\/wisecnclaser.com\/wp-content\/uploads\/2025\/05\/44b850c9a77b70cab8e18c4549a9ca66-150x150.jpg",150,150,true],"medium":["https:\/\/wisecnclaser.com\/wp-content\/uploads\/2025\/05\/44b850c9a77b70cab8e18c4549a9ca66-300x300.jpg",300,300,true],"medium_large":["https:\/\/wisecnclaser.com\/wp-content\/uploads\/2025\/05\/44b850c9a77b70cab8e18c4549a9ca66.jpg",750,750,false],"large":["https:\/\/wisecnclaser.com\/wp-content\/uploads\/2025\/05\/44b850c9a77b70cab8e18c4549a9ca66.jpg",750,750,false],"1536x1536":["https:\/\/wisecnclaser.com\/wp-content\/uploads\/2025\/05\/44b850c9a77b70cab8e18c4549a9ca66.jpg",750,750,false],"2048x2048":["https:\/\/wisecnclaser.com\/wp-content\/uploads\/2025\/05\/44b850c9a77b70cab8e18c4549a9ca66.jpg",750,750,false],"trp-custom-language-flag":["https:\/\/wisecnclaser.com\/wp-content\/uploads\/2025\/05\/44b850c9a77b70cab8e18c4549a9ca66-12x12.jpg",12,12,true],"woocommerce_thumbnail":["https:\/\/wisecnclaser.com\/wp-content\/uploads\/2025\/05\/44b850c9a77b70cab8e18c4549a9ca66-300x300.jpg",300,300,true],"woocommerce_single":["https:\/\/wisecnclaser.com\/wp-content\/uploads\/2025\/05\/44b850c9a77b70cab8e18c4549a9ca66-600x600.jpg",600,600,true],"woocommerce_gallery_thumbnail":["https:\/\/wisecnclaser.com\/wp-content\/uploads\/2025\/05\/44b850c9a77b70cab8e18c4549a9ca66-100x100.jpg",100,100,true]},"uagb_author_info":{"display_name":"jinxing6611@gmail.com","author_link":"https:\/\/wisecnclaser.com\/tr\/author\/"},"uagb_comment_info":0,"uagb_excerpt":"The carton proofing machine is a machine used in carton factories to make carton samples. there are two kinds of cardboard cutting plotter machine, one is mainly for cutting coated paper, cardboard, kraft paper, PVC, stickers with a thickness of less than 1mm The other carton box sampling machine is to cut 8-30mm thick corrugated&hellip;","_links":{"self":[{"href":"https:\/\/wisecnclaser.com\/tr\/wp-json\/wp\/v2\/product\/3477","targetHints":{"allow":["GET"]}}],"collection":[{"href":"https:\/\/wisecnclaser.com\/tr\/wp-json\/wp\/v2\/product"}],"about":[{"href":"https:\/\/wisecnclaser.com\/tr\/wp-json\/wp\/v2\/types\/product"}],"wp:featuredmedia":[{"embeddable":true,"href":"https:\/\/wisecnclaser.com\/tr\/wp-json\/wp\/v2\/media\/3480"}],"wp:attachment":[{"href":"https:\/\/wisecnclaser.com\/tr\/wp-json\/wp\/v2\/media?parent=3477"}],"wp:term":[{"taxonomy":"product_brand","embeddable":true,"href":"https:\/\/wisecnclaser.com\/tr\/wp-json\/wp\/v2\/product_brand?post=3477"},{"taxonomy":"product_cat","embeddable":true,"href":"https:\/\/wisecnclaser.com\/tr\/wp-json\/wp\/v2\/product_cat?post=3477"},{"taxonomy":"product_tag","embeddable":true,"href":"https:\/\/wisecnclaser.com\/tr\/wp-json\/wp\/v2\/product_tag?post=3477"}],"curies":[{"name":"wp","href":"https:\/\/api.w.org\/{rel}","templated":true}]}}