{"id":3494,"date":"2025-05-22T13:50:01","date_gmt":"2025-05-22T13:50:01","guid":{"rendered":"https:\/\/wisecnclaser.com\/?post_type=product&#038;p=3494"},"modified":"2025-05-23T02:52:07","modified_gmt":"2025-05-23T02:52:07","slug":"ws1625-multi-heads-flatbed-cutter","status":"publish","type":"product","link":"https:\/\/wisecnclaser.com\/tr\/urun\/ws1625-multi-heads-flatbed-cutter\/","title":{"rendered":"WS1625 \u00c7ok Kafal\u0131 D\u00fcz Yatakl\u0131 Kesici"},"content":{"rendered":"<p><strong>D\u00fcz yatakl\u0131 kesici uygulamas\u0131:<\/strong><\/p>\n<p>Esas olarak farkl\u0131 malzeme ve tasar\u0131m kesimleri i\u00e7in, \u00f6rne\u011fin pn\u00f6matik kafa kal\u0131n malzemeyi keser, v kesim 15-45 derece desen kesmek i\u00e7in kullan\u0131l\u0131r, mil P3 k\u00f6p\u00fck ve 5mm akrilik gibi sert malzemeleri kesmek i\u00e7in kullan\u0131l\u0131r<\/p>\n<p><strong>Kesim Malzemeleri:<\/strong>\u00a0karbon fiber, cam elyaf, yumu\u015fak cam \/ pvc, asbest, plastik s\u00fcnger, havac\u0131l\u0131k kompozit malzemesi, ses yal\u0131t\u0131m k\u00f6p\u00fc\u011f\u00fc, kau\u00e7uk, al\u00fcminyum folyo ile P3 k\u00f6p\u00fck \/ k\u00f6p\u00fck, eva gibi kompozit malzeme<\/p>\n<p>&nbsp;<\/p>\n<table border=\"1\">\n<tbody>\n<tr class=\"firstRow\">\n<td colspan=\"2\" valign=\"center\" width=\"662\"><strong>Teknik<\/strong><strong>\u00a0WS1625'in Parametresi\u00a0<\/strong><strong>\u00c7oklu<\/strong><strong>i Kafal\u0131 D\u00fcz Yatakl\u0131 Kesici:<\/strong><\/td>\n<\/tr>\n<tr>\n<td valign=\"top\" width=\"158\">X \u00e7al\u0131\u015fma boyutu<\/td>\n<td valign=\"top\" width=\"504\">1300mm<\/td>\n<\/tr>\n<tr>\n<td valign=\"top\" width=\"158\">Y \u00e7al\u0131\u015fma boyutu<\/td>\n<td valign=\"top\" width=\"504\">2500mm<\/td>\n<\/tr>\n<tr>\n<td valign=\"top\" width=\"158\">Z \u00e7al\u0131\u015fma boyutu<\/td>\n<td valign=\"top\" width=\"504\">10mm<\/td>\n<\/tr>\n<tr>\n<td valign=\"top\" width=\"158\">Kesme kafas\u0131<\/td>\n<td valign=\"top\" width=\"504\">cnc sal\u0131n\u0131ml\u0131 b\u0131\u00e7ak kesme kafas\u0131 + V kesim aletleri + Freze Mili<\/td>\n<\/tr>\n<tr>\n<td valign=\"top\" width=\"158\">G\u00f6r\u00fcnt\u00fcleme yolu<\/td>\n<td valign=\"top\" width=\"504\">\u0130ngilizce LED dokunmatik ekran<\/td>\n<\/tr>\n<tr>\n<td valign=\"top\" width=\"158\">Makine masas\u0131<\/td>\n<td valign=\"top\" width=\"504\">Al\u00fcminyum k\u00f6r\u00fckl\u00fc 9 emi\u015f b\u00f6lgeli Emme Tablas\u0131<\/td>\n<\/tr>\n<tr>\n<td valign=\"top\" width=\"158\">Veri aktar\u0131m yolu<\/td>\n<td valign=\"top\" width=\"504\">Intel<\/td>\n<\/tr>\n<tr>\n<td valign=\"top\" width=\"158\">Vakum pompas\u0131<\/td>\n<td valign=\"top\" width=\"504\">9KW hava tipi vakum pompas\u0131<\/td>\n<\/tr>\n<tr>\n<td valign=\"top\" width=\"158\">S\u00fcr\u00fc\u015f sistemi<\/td>\n<td valign=\"top\" width=\"504\">Tayvan delta servo s\u00fcr\u00fcc\u00fc ve motor<\/td>\n<\/tr>\n<tr>\n<td valign=\"top\" width=\"158\">Kontrol sistemi<\/td>\n<td valign=\"top\" width=\"504\">RD kontrol sistemi<\/td>\n<\/tr>\n<tr>\n<td valign=\"top\" width=\"158\">Rehberlik sistemi<\/td>\n<td valign=\"top\" width=\"504\">Tayvan TBI kare ray<\/td>\n<\/tr>\n<tr>\n<td valign=\"top\" width=\"158\">Alet sens\u00f6r\u00fc<\/td>\n<td valign=\"top\" width=\"504\">\u0130le, k\u0131rm\u0131z\u0131 nokta<\/td>\n<\/tr>\n<tr>\n<td valign=\"top\" width=\"158\">\u015eanz\u0131man<\/td>\n<td valign=\"top\" width=\"504\">Y kremayer pinyonu, XZ senkron \u00e7elik kay\u0131\u015f<\/td>\n<\/tr>\n<tr>\n<td valign=\"top\" width=\"158\">Kesme h\u0131z\u0131<\/td>\n<td valign=\"top\" width=\"504\">30m\/dak<\/td>\n<\/tr>\n<tr>\n<td valign=\"top\" width=\"158\">Seyahat h\u0131z\u0131<\/td>\n<td valign=\"top\" width=\"504\">50m\/dak<\/td>\n<\/tr>\n<tr>\n<td valign=\"center\" width=\"158\">A\u011f\u0131rl\u0131k<\/td>\n<td valign=\"top\" width=\"504\">Yakla\u015f\u0131k 1300kgs<\/td>\n<\/tr>\n<tr>\n<td valign=\"top\" width=\"158\">Boyut<\/td>\n<td valign=\"top\" width=\"504\">2250*3300*1650mm<\/td>\n<\/tr>\n<tr>\n<td valign=\"top\" width=\"158\">G\u00fc\u00e7<\/td>\n<td valign=\"top\" width=\"504\">380V 50HZ<\/td>\n<\/tr>\n<tr>\n<td valign=\"top\" width=\"158\">Yaz\u0131l\u0131m<\/td>\n<td valign=\"top\" width=\"504\">vcutworks, makinede bu yaz\u0131l\u0131m var, dxf, plt format\u0131ndaki dosyalar\u0131 destekliyor<\/td>\n<\/tr>\n<\/tbody>\n<\/table>","protected":false},"excerpt":{"rendered":"<p><strong>D\u00fcz yatakl\u0131 kesici uygulamas\u0131:<\/strong><\/p>\n<p>Esas olarak farkl\u0131 malzeme ve tasar\u0131m kesimleri i\u00e7in, \u00f6rne\u011fin pn\u00f6matik kafa kal\u0131n malzemeyi keser, v kesim 15-45 derece desen kesmek i\u00e7in kullan\u0131l\u0131r, mil P3 k\u00f6p\u00fck ve 5mm akrilik gibi sert malzemeleri kesmek i\u00e7in kullan\u0131l\u0131r<\/p>\n<p><strong>Kesim Malzemeleri:<\/strong>\u00a0karbon fiber, cam elyaf, yumu\u015fak cam \/ pvc, asbest, plastik s\u00fcnger, havac\u0131l\u0131k kompozit malzemesi, ses yal\u0131t\u0131m k\u00f6p\u00fc\u011f\u00fc, kau\u00e7uk, al\u00fcminyum folyo ile P3 k\u00f6p\u00fck \/ k\u00f6p\u00fck, eva gibi kompozit malzeme<\/p>","protected":false},"featured_media":3497,"template":"","meta":{"_seopress_robots_primary_cat":"","_seopress_titles_title":"","_seopress_titles_desc":"","_seopress_robots_index":"","_uag_custom_page_level_css":"","site-sidebar-layout":"default","site-content-layout":"","ast-site-content-layout":"default","site-content-style":"default","site-sidebar-style":"default","ast-global-header-display":"","ast-banner-title-visibility":"","ast-main-header-display":"","ast-hfb-above-header-display":"","ast-hfb-below-header-display":"","ast-hfb-mobile-header-display":"","site-post-title":"","ast-breadcrumbs-content":"","ast-featured-img":"","footer-sml-layout":"","ast-disable-related-posts":"","theme-transparent-header-meta":"default","adv-header-id-meta":"","stick-header-meta":"default","header-above-stick-meta":"","header-main-stick-meta":"","header-below-stick-meta":"","astra-migrate-meta-layouts":"set","ast-page-background-enabled":"default","ast-page-background-meta":{"desktop":{"background-color":"","background-image":"","background-repeat":"repeat","background-position":"center center","background-size":"auto","background-attachment":"scroll","background-type":"","background-media":"","overlay-type":"","overlay-color":"","overlay-opacity":"","overlay-gradient":""},"tablet":{"background-color":"","background-image":"","background-repeat":"repeat","background-position":"center center","background-size":"auto","background-attachment":"scroll","background-type":"","background-media":"","overlay-type":"","overlay-color":"","overlay-opacity":"","overlay-gradient":""},"mobile":{"background-color":"","background-image":"","background-repeat":"repeat","background-position":"center center","background-size":"auto","background-attachment":"scroll","background-type":"","background-media":"","overlay-type":"","overlay-color":"","overlay-opacity":"","overlay-gradient":""}},"ast-content-background-meta":{"desktop":{"background-color":"var(--ast-global-color-5)","background-image":"","background-repeat":"repeat","background-position":"center center","background-size":"auto","background-attachment":"scroll","background-type":"","background-media":"","overlay-type":"","overlay-color":"","overlay-opacity":"","overlay-gradient":""},"tablet":{"background-color":"var(--ast-global-color-5)","background-image":"","background-repeat":"repeat","background-position":"center center","background-size":"auto","background-attachment":"scroll","background-type":"","background-media":"","overlay-type":"","overlay-color":"","overlay-opacity":"","overlay-gradient":""},"mobile":{"background-color":"var(--ast-global-color-5)","background-image":"","background-repeat":"repeat","background-position":"center center","background-size":"auto","background-attachment":"scroll","background-type":"","background-media":"","overlay-type":"","overlay-color":"","overlay-opacity":"","overlay-gradient":""}}},"product_brand":[],"product_cat":[21],"product_tag":[],"class_list":{"0":"post-3494","1":"product","2":"type-product","3":"status-publish","4":"has-post-thumbnail","6":"product_cat-oscillating","7":"desktop-align-left","8":"tablet-align-left","9":"mobile-align-left","10":"ast-product-gallery-layout-horizontal-slider","11":"ast-product-gallery-with-no-image","12":"ast-product-tabs-layout-horizontal","14":"first","15":"instock","16":"featured","17":"shipping-taxable","18":"product-type-simple"},"uagb_featured_image_src":{"full":["https:\/\/wisecnclaser.com\/wp-content\/uploads\/2025\/05\/a1ae770beabe0fe869615dc9e382e1c8.jpg",800,800,false],"thumbnail":["https:\/\/wisecnclaser.com\/wp-content\/uploads\/2025\/05\/a1ae770beabe0fe869615dc9e382e1c8-150x150.jpg",150,150,true],"medium":["https:\/\/wisecnclaser.com\/wp-content\/uploads\/2025\/05\/a1ae770beabe0fe869615dc9e382e1c8-300x300.jpg",300,300,true],"medium_large":["https:\/\/wisecnclaser.com\/wp-content\/uploads\/2025\/05\/a1ae770beabe0fe869615dc9e382e1c8-768x768.jpg",768,768,true],"large":["https:\/\/wisecnclaser.com\/wp-content\/uploads\/2025\/05\/a1ae770beabe0fe869615dc9e382e1c8.jpg",800,800,false],"1536x1536":["https:\/\/wisecnclaser.com\/wp-content\/uploads\/2025\/05\/a1ae770beabe0fe869615dc9e382e1c8.jpg",800,800,false],"2048x2048":["https:\/\/wisecnclaser.com\/wp-content\/uploads\/2025\/05\/a1ae770beabe0fe869615dc9e382e1c8.jpg",800,800,false],"trp-custom-language-flag":["https:\/\/wisecnclaser.com\/wp-content\/uploads\/2025\/05\/a1ae770beabe0fe869615dc9e382e1c8-12x12.jpg",12,12,true],"woocommerce_thumbnail":["https:\/\/wisecnclaser.com\/wp-content\/uploads\/2025\/05\/a1ae770beabe0fe869615dc9e382e1c8-300x300.jpg",300,300,true],"woocommerce_single":["https:\/\/wisecnclaser.com\/wp-content\/uploads\/2025\/05\/a1ae770beabe0fe869615dc9e382e1c8-600x600.jpg",600,600,true],"woocommerce_gallery_thumbnail":["https:\/\/wisecnclaser.com\/wp-content\/uploads\/2025\/05\/a1ae770beabe0fe869615dc9e382e1c8-100x100.jpg",100,100,true]},"uagb_author_info":{"display_name":"jinxing6611@gmail.com","author_link":"https:\/\/wisecnclaser.com\/tr\/author\/"},"uagb_comment_info":0,"uagb_excerpt":"Application of flatbed cutter: Mainly for different material and design cuttings, such as pneumatic head cut thick material, v cut used to cut 15-45 degree pattern, spindle used to cut hard material such as P3 foam and 5mm acrylic Cutting Materials:\u00a0composite material such as carbon fiber, fiber glass, soft glass\/pvc, asbestos, plastic sponge, aviation composite&hellip;","_links":{"self":[{"href":"https:\/\/wisecnclaser.com\/tr\/wp-json\/wp\/v2\/product\/3494","targetHints":{"allow":["GET"]}}],"collection":[{"href":"https:\/\/wisecnclaser.com\/tr\/wp-json\/wp\/v2\/product"}],"about":[{"href":"https:\/\/wisecnclaser.com\/tr\/wp-json\/wp\/v2\/types\/product"}],"wp:featuredmedia":[{"embeddable":true,"href":"https:\/\/wisecnclaser.com\/tr\/wp-json\/wp\/v2\/media\/3497"}],"wp:attachment":[{"href":"https:\/\/wisecnclaser.com\/tr\/wp-json\/wp\/v2\/media?parent=3494"}],"wp:term":[{"taxonomy":"product_brand","embeddable":true,"href":"https:\/\/wisecnclaser.com\/tr\/wp-json\/wp\/v2\/product_brand?post=3494"},{"taxonomy":"product_cat","embeddable":true,"href":"https:\/\/wisecnclaser.com\/tr\/wp-json\/wp\/v2\/product_cat?post=3494"},{"taxonomy":"product_tag","embeddable":true,"href":"https:\/\/wisecnclaser.com\/tr\/wp-json\/wp\/v2\/product_tag?post=3494"}],"curies":[{"name":"wp","href":"https:\/\/api.w.org\/{rel}","templated":true}]}}