{"id":3498,"date":"2025-05-22T22:35:39","date_gmt":"2025-05-22T22:35:39","guid":{"rendered":"https:\/\/wisecnclaser.com\/?post_type=product&#038;p=3498"},"modified":"2025-05-22T22:35:39","modified_gmt":"2025-05-22T22:35:39","slug":"fiber-laser-cutting-machine-for-metal-sheet-and-pipe","status":"publish","type":"product","link":"https:\/\/wisecnclaser.com\/tr\/urun\/fiber-laser-cutting-machine-for-metal-sheet-and-pipe\/","title":{"rendered":"Metal Sac ve Boru i\u00e7in Fiber Lazer Kesim Makinesi"},"content":{"rendered":"<p><strong>Uygulanabilir malzemeler ve end\u00fcstri-metal levha ve boru kesme makinesi:<\/strong><\/p>\n<p>Paslanmaz \u00e7elik, karbon \u00e7eli\u011fi ve di\u011fer baz\u0131 metal malzemeler i\u00e7in hassas kesim i\u00e7in uygundur, havac\u0131l\u0131k teknolojisi, roket, u\u00e7ak, robot, asans\u00f6r, buharl\u0131 gemi ve otomobil \u00fcretimi ve metal plaka, reklam, mutfak gere\u00e7leri, bit aleti, donan\u0131m vb. i\u00e7in metal par\u00e7a i\u015fleme end\u00fcstrisi i\u00e7in ge\u00e7erlidir.<\/p>\n<p>&nbsp;<\/p>\n<table border=\"1\" width=\"662\">\n<tbody>\n<tr class=\"firstRow\">\n<td colspan=\"2\" valign=\"center\" width=\"662\"><strong>Fiber Lazer Kesim Makinesi Tan\u0131m\u0131 ve \u00d6zellikleri:<\/strong><\/td>\n<\/tr>\n<tr>\n<td valign=\"top\" width=\"224\">Model<\/td>\n<td valign=\"top\" width=\"438\">FB3015R<\/td>\n<\/tr>\n<tr>\n<td valign=\"center\" width=\"224\">\u00c7al\u0131\u015fma Alan\u0131<\/td>\n<td valign=\"center\" width=\"438\">1500mm*3000MM<\/td>\n<\/tr>\n<tr>\n<td valign=\"center\" width=\"224\">\u015eanz\u0131man<\/td>\n<td valign=\"center\" width=\"438\">Kremayer pinyon - ALMANYA ATLANTA marka<\/td>\n<\/tr>\n<tr>\n<td valign=\"center\" width=\"224\">S\u00fcr\u00fc\u015f sistemi<\/td>\n<td valign=\"center\" width=\"438\">Japonya servo<\/td>\n<\/tr>\n<tr>\n<td valign=\"center\" width=\"224\">Lazer g\u00fcc\u00fc<\/td>\n<td valign=\"center\" width=\"438\">1kw 1.5kw 2kw 3kw 4kw 6kw raycus veya IPG fiber jenerat\u00f6r<\/td>\n<\/tr>\n<tr>\n<td valign=\"center\" width=\"224\">K\u0131lavuz sistemi<\/td>\n<td valign=\"center\" width=\"438\">Tayvan kare ray<\/td>\n<\/tr>\n<tr>\n<td valign=\"center\" width=\"224\">Bilyal\u0131 vida<\/td>\n<td valign=\"center\" width=\"438\">Tayvan TBI markas\u0131<\/td>\n<\/tr>\n<tr>\n<td valign=\"center\" width=\"224\">Kontrol sistemi<\/td>\n<td valign=\"center\" width=\"438\">Cypcut kontrol\u00f6r<\/td>\n<\/tr>\n<tr>\n<td valign=\"center\" width=\"224\">Red\u00fckt\u00f6r<\/td>\n<td valign=\"center\" width=\"438\">Motovario markas\u0131<\/td>\n<\/tr>\n<tr>\n<td valign=\"center\" width=\"224\">Maksimum hareket h\u0131z\u0131<\/td>\n<td valign=\"center\" width=\"438\">100m\/dak<\/td>\n<\/tr>\n<tr>\n<td valign=\"center\" width=\"224\">Maks. kesme h\u0131z\u0131<\/td>\n<td valign=\"center\" width=\"438\">30-40m\/dak<\/td>\n<\/tr>\n<tr>\n<td valign=\"center\" width=\"224\">Min. kesim hatt\u0131 geni\u015fli\u011fi<\/td>\n<td valign=\"center\" width=\"438\">0,02 mm<\/td>\n<\/tr>\n<tr>\n<td valign=\"center\" width=\"224\">Uygulanabilir malzeme<\/td>\n<td valign=\"center\" width=\"438\">Paslanmaz \u00e7elik, karbon \u00e7eli\u011fi, al\u00fcminyum, bak\u0131r, titanyum levha, demir vb.<\/td>\n<\/tr>\n<tr>\n<td valign=\"center\" width=\"224\">Kesim kal\u0131nl\u0131\u011f\u0131<\/td>\n<td valign=\"center\" width=\"438\">Paslanmaz \u00e7elik 8mm, karbon \u00e7eli\u011fi 20mm<\/td>\n<\/tr>\n<tr>\n<td valign=\"center\" width=\"224\">T\u00fcm makine zemin alan\u0131<\/td>\n<td valign=\"center\" width=\"438\">7\u00d72.2\u00d71.9m<\/td>\n<\/tr>\n<tr>\n<td valign=\"center\" width=\"224\">Makine a\u011f\u0131rl\u0131\u011f\u0131<\/td>\n<td valign=\"center\" width=\"438\">3000kg<\/td>\n<\/tr>\n<tr>\n<td valign=\"top\" width=\"224\">D\u00f6ner Boyut<\/td>\n<td valign=\"top\" width=\"438\">Otomatik besleme ile 3000mm uzunluk<\/td>\n<\/tr>\n<tr>\n<td valign=\"center\" width=\"224\">\u00c7al\u0131\u015fma g\u00fcc\u00fc<\/td>\n<td valign=\"center\" width=\"438\">AC380V 3 faz 50HZ<\/td>\n<\/tr>\n<tr>\n<td valign=\"center\" width=\"224\">Garanti<\/td>\n<td valign=\"center\" width=\"438\">2 Y\u0131l<\/td>\n<\/tr>\n<\/tbody>\n<\/table>\n<p>&nbsp;<\/p>\n<p><strong>Uygulama:<\/strong><\/p>\n<p>Bir\u00e7ok \u00e7e\u015fit metal levha ve boruyu kesebilir (boru kesme art\u0131 boru kesme cihaz\u0131 kullan\u0131labilir). Esas olarak paslanmaz \u00e7elik, karbon \u00e7eli\u011fi, galvanizli \u00e7elik, elektrolitik levha, pirin\u00e7 levha, al\u00fcminyum levha, manganez \u00e7elik, \u00e7e\u015fitli ala\u015f\u0131ml\u0131 levhalar, nadir metaller ve di\u011fer malzemelerin h\u0131zl\u0131 kesimi i\u00e7in uygundur.<\/p>\n<p>Entegre sac ve boruya sahip fiber optik lazer kesim makinesi, metal sac ve metal boruyu kesebilir. 50%'den fazla alan tasarrufu sa\u011flar ve daha y\u00fcksek \u00fcretim verimlili\u011fi getirir.<\/p>\n<p>&nbsp;<\/p>\n<p><strong>Fiber lazerin avantaj\u0131<\/strong><\/p>\n<p>1, Y\u00fcksek elektro-optik d\u00f6n\u00fc\u015f\u00fcm verimlili\u011fi, 300% CO2 lazerden daha verimli<\/p>\n<p>2, D\u00fc\u015f\u00fck i\u015fletme ve bak\u0131m maliyeti, CO2 lazerin sadece 6%'si<\/p>\n<p>3, Y\u00fcksek kesme h\u0131z\u0131, 600% ~ 1000% CO2 lazerden daha h\u0131zl\u0131<\/p>\n<p>4, K\u00fc\u00e7\u00fck boyutlu, hafif, mobil \u00e7al\u0131\u015fma pozisyonu ve minimum alan gereksinimi<\/p>\n<p>&nbsp;<\/p>\n<p><strong>NEDEN fiber lazer kesim makinemizi se\u00e7melisiniz<\/strong><\/p>\n<p><strong><em>Kararl\u0131 Z ekseni ve otomatik odaklama sistemi<\/em><\/strong><\/p>\n<p>Raytools Kesme kafas\u0131 ile donat\u0131lm\u0131\u015f lazer kafas\u0131, Odak uzunlu\u011funu otomatik olarak ayarlayabilir, en iyi kesim kalitesini garanti eder, metal d\u00fcz olmad\u0131\u011f\u0131nda odak uzunlu\u011funun de\u011fi\u015fmesinden kaynaklanan malzeme kaz\u0131nmas\u0131n\u0131 \u00f6nler Temass\u0131z alg\u0131lama cihaz\u0131 sayesinde, sistem taraf\u0131ndan kontrol edildi\u011finde, sabit Z ekseni y\u00fczer i\u015flevi elde edebilir, d\u00fcz olmayan malzemenin neden oldu\u011fu olumsuz etkileri ortadan kald\u0131rabilir<\/p>\n<p>&nbsp;<\/p>\n<p><strong><em>Makine kabu\u011fu \/ Ana makine<\/em><\/strong><\/p>\n<p>B\u00fcy\u00fck \u00f6l\u00e7ekli kesme makinesi a\u011f\u0131rl\u0131\u011f\u0131 3,7 ton. \u00dcretim maliyetini, makine stabilitesini ve makine kalitesini g\u00f6z \u00f6n\u00fcnde bulunduruyoruz. Seri olarak yeniden tasarlad\u0131ktan sonra nihai basit ama g\u00fc\u00e7l\u00fc tasar\u0131ma karar veriyoruz. Askeri d\u00fczeyde end\u00fcstriden profesyonel b\u00fcy\u00fck \u00f6l\u00e7ekli ekipman taraf\u0131ndan \u00fcretilen ve ya\u015fland\u0131rma i\u015fleminden ge\u00e7en, uzun s\u00fcreli kullan\u0131m i\u00e7in dayan\u0131kl\u0131l\u0131\u011f\u0131 garanti edebilir.<\/p>\n<p><strong><em>\u00a0<\/em><\/strong><\/p>\n<p><strong><em>\u015eanz\u0131man<\/em><\/strong><\/p>\n<p>Makine, \u00fcnl\u00fc marka y\u00fcksek hassasiyetli bilyal\u0131 vida sistemi, do\u011frusal k\u0131lavuz ve motor servo tahrik sistemi ile donat\u0131lm\u0131\u015ft\u0131r, i\u015fleme hassasiyetini garanti edebilir. Aktar\u0131m sistemi CNC kontrol sistemiyle sorunsuz bir \u015fekilde e\u015fle\u015febilir.<\/p>\n<p><strong><em>\u00a0<\/em><\/strong><\/p>\n<p><strong><em>Kontrol sistemi<\/em><\/strong><\/p>\n<p>Profesyonel IPC kullan\u0131n, optimizasyon kesim hesaplama sistemi, dokunmatik ekran kullan\u0131m\u0131 kolay, profesyonel kesim yaz\u0131l\u0131m\u0131 her t\u00fcrl\u00fc grafik, metin tasarlayabilir, CAD, CorelDraw'\u0131 destekleyebilir.<\/p>","protected":false},"excerpt":{"rendered":"<p>Uygulanabilir malzemeler ve end\u00fcstri-metal levha ve boru kesme makinesi:<\/p>\n<p>Paslanmaz \u00e7elik, karbon \u00e7eli\u011fi ve di\u011fer baz\u0131 metal malzemeler i\u00e7in hassas kesim i\u00e7in uygundur, havac\u0131l\u0131k teknolojisi, roket, u\u00e7ak, robot, asans\u00f6r, buharl\u0131 gemi ve otomobil \u00fcretimi ve metal plaka, reklam, mutfak gere\u00e7leri, bit aleti, donan\u0131m vb. i\u00e7in metal par\u00e7a i\u015fleme end\u00fcstrisi i\u00e7in ge\u00e7erlidir.<\/p>","protected":false},"featured_media":3501,"template":"","meta":{"_seopress_robots_primary_cat":"","_seopress_titles_title":"","_seopress_titles_desc":"","_seopress_robots_index":"","_uag_custom_page_level_css":"","site-sidebar-layout":"default","site-content-layout":"","ast-site-content-layout":"default","site-content-style":"default","site-sidebar-style":"default","ast-global-header-display":"","ast-banner-title-visibility":"","ast-main-header-display":"","ast-hfb-above-header-display":"","ast-hfb-below-header-display":"","ast-hfb-mobile-header-display":"","site-post-title":"","ast-breadcrumbs-content":"","ast-featured-img":"","footer-sml-layout":"","ast-disable-related-posts":"","theme-transparent-header-meta":"default","adv-header-id-meta":"","stick-header-meta":"default","header-above-stick-meta":"","header-main-stick-meta":"","header-below-stick-meta":"","astra-migrate-meta-layouts":"set","ast-page-background-enabled":"default","ast-page-background-meta":{"desktop":{"background-color":"","background-image":"","background-repeat":"repeat","background-position":"center center","background-size":"auto","background-attachment":"scroll","background-type":"","background-media":"","overlay-type":"","overlay-color":"","overlay-opacity":"","overlay-gradient":""},"tablet":{"background-color":"","background-image":"","background-repeat":"repeat","background-position":"center center","background-size":"auto","background-attachment":"scroll","background-type":"","background-media":"","overlay-type":"","overlay-color":"","overlay-opacity":"","overlay-gradient":""},"mobile":{"background-color":"","background-image":"","background-repeat":"repeat","background-position":"center center","background-size":"auto","background-attachment":"scroll","background-type":"","background-media":"","overlay-type":"","overlay-color":"","overlay-opacity":"","overlay-gradient":""}},"ast-content-background-meta":{"desktop":{"background-color":"var(--ast-global-color-5)","background-image":"","background-repeat":"repeat","background-position":"center center","background-size":"auto","background-attachment":"scroll","background-type":"","background-media":"","overlay-type":"","overlay-color":"","overlay-opacity":"","overlay-gradient":""},"tablet":{"background-color":"var(--ast-global-color-5)","background-image":"","background-repeat":"repeat","background-position":"center center","background-size":"auto","background-attachment":"scroll","background-type":"","background-media":"","overlay-type":"","overlay-color":"","overlay-opacity":"","overlay-gradient":""},"mobile":{"background-color":"var(--ast-global-color-5)","background-image":"","background-repeat":"repeat","background-position":"center center","background-size":"auto","background-attachment":"scroll","background-type":"","background-media":"","overlay-type":"","overlay-color":"","overlay-opacity":"","overlay-gradient":""}}},"product_brand":[],"product_cat":[57],"product_tag":[],"class_list":{"0":"post-3498","1":"product","2":"type-product","3":"status-publish","4":"has-post-thumbnail","6":"product_cat-fiberlaser","7":"desktop-align-left","8":"tablet-align-left","9":"mobile-align-left","10":"ast-product-gallery-layout-horizontal-slider","11":"ast-product-gallery-with-no-image","12":"ast-product-tabs-layout-horizontal","14":"first","15":"instock","16":"shipping-taxable","17":"product-type-simple"},"uagb_featured_image_src":{"full":["https:\/\/wisecnclaser.com\/wp-content\/uploads\/2025\/05\/66a149cbd5163106f403e4b313349b0a.jpg",800,800,false],"thumbnail":["https:\/\/wisecnclaser.com\/wp-content\/uploads\/2025\/05\/66a149cbd5163106f403e4b313349b0a-150x150.jpg",150,150,true],"medium":["https:\/\/wisecnclaser.com\/wp-content\/uploads\/2025\/05\/66a149cbd5163106f403e4b313349b0a-300x300.jpg",300,300,true],"medium_large":["https:\/\/wisecnclaser.com\/wp-content\/uploads\/2025\/05\/66a149cbd5163106f403e4b313349b0a-768x768.jpg",768,768,true],"large":["https:\/\/wisecnclaser.com\/wp-content\/uploads\/2025\/05\/66a149cbd5163106f403e4b313349b0a.jpg",800,800,false],"1536x1536":["https:\/\/wisecnclaser.com\/wp-content\/uploads\/2025\/05\/66a149cbd5163106f403e4b313349b0a.jpg",800,800,false],"2048x2048":["https:\/\/wisecnclaser.com\/wp-content\/uploads\/2025\/05\/66a149cbd5163106f403e4b313349b0a.jpg",800,800,false],"trp-custom-language-flag":["https:\/\/wisecnclaser.com\/wp-content\/uploads\/2025\/05\/66a149cbd5163106f403e4b313349b0a-12x12.jpg",12,12,true],"woocommerce_thumbnail":["https:\/\/wisecnclaser.com\/wp-content\/uploads\/2025\/05\/66a149cbd5163106f403e4b313349b0a-300x300.jpg",300,300,true],"woocommerce_single":["https:\/\/wisecnclaser.com\/wp-content\/uploads\/2025\/05\/66a149cbd5163106f403e4b313349b0a-600x600.jpg",600,600,true],"woocommerce_gallery_thumbnail":["https:\/\/wisecnclaser.com\/wp-content\/uploads\/2025\/05\/66a149cbd5163106f403e4b313349b0a-100x100.jpg",100,100,true]},"uagb_author_info":{"display_name":"jinxing6611@gmail.com","author_link":"https:\/\/wisecnclaser.com\/tr\/author\/"},"uagb_comment_info":0,"uagb_excerpt":"Applicable materials and industry-metal plate and tube cutting machine: Suitable for stainless steel, carbon steel and some other metal materials precise cutting, applicable for aerospace technology, rocket, plane, robot, elevator, steamship and automobile manufacturing and metal parts processing industry for metal plate, advertisement, kitchen ware, bit tool, hardware etc","_links":{"self":[{"href":"https:\/\/wisecnclaser.com\/tr\/wp-json\/wp\/v2\/product\/3498","targetHints":{"allow":["GET"]}}],"collection":[{"href":"https:\/\/wisecnclaser.com\/tr\/wp-json\/wp\/v2\/product"}],"about":[{"href":"https:\/\/wisecnclaser.com\/tr\/wp-json\/wp\/v2\/types\/product"}],"wp:featuredmedia":[{"embeddable":true,"href":"https:\/\/wisecnclaser.com\/tr\/wp-json\/wp\/v2\/media\/3501"}],"wp:attachment":[{"href":"https:\/\/wisecnclaser.com\/tr\/wp-json\/wp\/v2\/media?parent=3498"}],"wp:term":[{"taxonomy":"product_brand","embeddable":true,"href":"https:\/\/wisecnclaser.com\/tr\/wp-json\/wp\/v2\/product_brand?post=3498"},{"taxonomy":"product_cat","embeddable":true,"href":"https:\/\/wisecnclaser.com\/tr\/wp-json\/wp\/v2\/product_cat?post=3498"},{"taxonomy":"product_tag","embeddable":true,"href":"https:\/\/wisecnclaser.com\/tr\/wp-json\/wp\/v2\/product_tag?post=3498"}],"curies":[{"name":"wp","href":"https:\/\/api.w.org\/{rel}","templated":true}]}}