{"id":3521,"date":"2025-05-22T22:44:33","date_gmt":"2025-05-22T22:44:33","guid":{"rendered":"https:\/\/wisecnclaser.com\/?post_type=product&#038;p=3521"},"modified":"2025-05-22T22:44:33","modified_gmt":"2025-05-22T22:44:33","slug":"portable-fiber-laser-marking-machine","status":"publish","type":"product","link":"https:\/\/wisecnclaser.com\/tr\/urun\/portable-fiber-laser-marking-machine\/","title":{"rendered":"Ta\u015f\u0131nabilir Fiber Lazer \u0130\u015faretleme Makinesi"},"content":{"rendered":"<p><strong>Ta\u015f\u0131nabilir fiber lazer markalama makinesinin a\u00e7\u0131klamas\u0131:<\/strong><\/p>\n<p>Hassas markalama i\u00e7in uygun geli\u015fmi\u015f fiber mod\u00fcl, y\u00fcksek kaliteli \u00e7\u0131k\u0131\u015f \u0131\u015f\u0131n\u0131 uygulamas\u0131, boyutu, derinli\u011fi ve \u015fekli do\u011fru bir \u015fekilde kontrol edebilir. K\u00fc\u00e7\u00fck boyut ve h\u0131zl\u0131 i\u015flem h\u0131z\u0131, d\u00fc\u015f\u00fck enerji t\u00fcketimi, uzun hizmet \u00f6mr\u00fc, her t\u00fcrl\u00fc metal ve ametal malzemeyi kaz\u0131yabilir.<\/p>\n<p><strong>Fiber lazer markalama makinesinin ana \u00f6zellikleri:<\/strong><\/p>\n<p>&nbsp;<\/p>\n<p>1. Hassas markalama i\u00e7in uygun y\u00fcksek kaliteli lazer yolu. K\u0131r\u0131n\u0131m s\u0131n\u0131r\u0131na en yak\u0131n noktaya ula\u015fma. Temel enine modun TEMOO'sunu d\u0131\u015fa aktarma. 1'e yak\u0131n M2. I\u015f\u0131n sapma a\u00e7\u0131s\u0131 diyot lazerin sadece 1\/4'\u00fcd\u00fcr. Odak noktas\u0131 \u00e7ap\u0131 20 um'den fazla de\u011fildir.<br \/>\n2. Y\u00fcksek darbe tekrarlama oran\u0131 ve kararl\u0131 g\u00fc\u00e7, y\u00fcksek h\u0131zl\u0131 lazer markalama sa\u011flar. Birim darbe g\u00fcc\u00fc dalgalanmas\u0131 1%'den daha d\u00fc\u015f\u00fckt\u00fcr. Kolay kontrol lazer nokta boyutu, kal\u0131nl\u0131\u011f\u0131 ve \u015fekli.<br \/>\n3. Geleneksel diyot pompal\u0131 markalama makinesinden 2-3 kat daha y\u00fcksek h\u0131z.<br \/>\n4. Hava so\u011futmal\u0131 ak\u0131ll\u0131 makine boyutu!<br \/>\n5. Uzun kullan\u0131m \u00f6mr\u00fc. Ultra d\u00fc\u015f\u00fck g\u00fc\u00e7 t\u00fcketimi 0,5 kw. Verimlilik d\u00f6n\u00fc\u015f\u00fcm\u00fc 30%'nin \u00fczerine ula\u015f\u0131r (Paslanmaz \u00e7elik renk i\u015faretlemesi i\u00e7in uygun de\u011fildir).<\/p>\n<p>&nbsp;<\/p>\n<table border=\"1\" width=\"662\">\n<tbody>\n<tr class=\"firstRow\">\n<td colspan=\"2\" valign=\"center\" width=\"662\"><strong>Tan\u0131m\u0131 ve \u00d6zellikleri\u00a0<\/strong><strong>Ta\u015f\u0131nabilir<\/strong><strong>\u00a0Fiber Lazer \u0130\u015faretleme Makinesi:<\/strong><\/td>\n<\/tr>\n<tr>\n<td valign=\"top\" width=\"224\">\u00dcr\u00fcn No.<\/td>\n<td valign=\"top\" width=\"438\">WS20 WS30 WS50<\/td>\n<\/tr>\n<tr>\n<td valign=\"top\" width=\"224\">Lazer G\u00fcc\u00fc<\/td>\n<td valign=\"top\" width=\"438\">20W 30W 50W<\/td>\n<\/tr>\n<tr>\n<td valign=\"top\" width=\"224\">Lazer Dalga Boyu<\/td>\n<td valign=\"top\" width=\"438\">1064nm<\/td>\n<\/tr>\n<tr>\n<td valign=\"top\" width=\"224\">\u0130\u015faretleme Aral\u0131\u011f\u0131<\/td>\n<td valign=\"top\" width=\"438\">110mm\u00d7110mm<\/td>\n<\/tr>\n<tr>\n<td valign=\"top\" width=\"224\">\u0130\u015faretleme H\u0131z\u0131<\/td>\n<td valign=\"top\" width=\"438\">\u22648000 mm\/s<\/td>\n<\/tr>\n<tr>\n<td valign=\"top\" width=\"224\">Minimum Karakter<\/td>\n<td valign=\"top\" width=\"438\">0.2mm<\/td>\n<\/tr>\n<tr>\n<td valign=\"top\" width=\"224\">Minimum Hat Geni\u015fli\u011fi<\/td>\n<td valign=\"top\" width=\"438\">0,015 mm<\/td>\n<\/tr>\n<tr>\n<td valign=\"top\" width=\"224\">Tekrar Do\u011frulu\u011fu<\/td>\n<td valign=\"top\" width=\"438\">\u00b10.001mm<\/td>\n<\/tr>\n<tr>\n<td valign=\"top\" width=\"224\">G\u00fc\u00e7 Kararl\u0131l\u0131\u011f\u0131<\/td>\n<td valign=\"top\" width=\"438\">&lt;5%rms<\/td>\n<\/tr>\n<tr>\n<td valign=\"top\" width=\"224\">\u0130\u015faretleme derinli\u011fi<\/td>\n<td valign=\"top\" width=\"438\">0.3mm<\/td>\n<\/tr>\n<tr>\n<td valign=\"top\" width=\"224\">Lazer I\u015f\u0131n Kalitesi<\/td>\n<td valign=\"top\" width=\"438\">M2\uff1c1.2<\/td>\n<\/tr>\n<tr>\n<td valign=\"top\" width=\"224\">Tekrarlama S\u0131kl\u0131\u011f\u0131<\/td>\n<td valign=\"top\" width=\"438\">20KHz-80KHz<\/td>\n<\/tr>\n<tr>\n<td valign=\"top\" width=\"224\">So\u011futma Sistemi<\/td>\n<td valign=\"top\" width=\"438\">Hava so\u011futma<\/td>\n<\/tr>\n<tr>\n<td valign=\"top\" width=\"224\">Yaz\u0131l\u0131m dili<\/td>\n<td valign=\"top\" width=\"438\">\u0130ngilizce<\/td>\n<\/tr>\n<tr>\n<td valign=\"top\" width=\"224\">G\u00fc\u00e7 Kayna\u011f\u0131<\/td>\n<td valign=\"top\" width=\"438\">220V\/50Hz<\/td>\n<\/tr>\n<tr>\n<td valign=\"top\" width=\"224\">Destekleyici format<\/td>\n<td valign=\"top\" width=\"438\">BMP, GIF, JPG, PCX, TGA, TIFF, PLT, CDR, DMG, DXF vb.<\/td>\n<\/tr>\n<tr>\n<td valign=\"top\" width=\"224\">Genel G\u00fc\u00e7<\/td>\n<td valign=\"top\" width=\"438\">0.5KW<\/td>\n<\/tr>\n<tr>\n<td valign=\"top\" width=\"224\">Makine boyutu<\/td>\n<td valign=\"top\" width=\"438\">50*52,5*21cm<\/td>\n<\/tr>\n<tr>\n<td valign=\"top\" width=\"224\">Net A\u011f\u0131rl\u0131k<\/td>\n<td valign=\"top\" width=\"438\">46KG<\/td>\n<\/tr>\n<\/tbody>\n<\/table>\n<p>&nbsp;<\/p>","protected":false},"excerpt":{"rendered":"<p>Ta\u015f\u0131nabilir fiber lazer markalama makinesinin a\u00e7\u0131klamas\u0131:<\/p>\n<p>Hassas markalama i\u00e7in uygun geli\u015fmi\u015f fiber mod\u00fcl, y\u00fcksek kaliteli \u00e7\u0131k\u0131\u015f \u0131\u015f\u0131n\u0131 uygulamas\u0131, boyutu, derinli\u011fi ve \u015fekli do\u011fru bir \u015fekilde kontrol edebilir. K\u00fc\u00e7\u00fck boyut ve h\u0131zl\u0131 i\u015flem h\u0131z\u0131, d\u00fc\u015f\u00fck enerji t\u00fcketimi, uzun hizmet \u00f6mr\u00fc, her t\u00fcrl\u00fc metal ve ametal malzemeyi kaz\u0131yabilir.<\/p>","protected":false},"featured_media":3524,"template":"","meta":{"_seopress_robots_primary_cat":"","_seopress_titles_title":"","_seopress_titles_desc":"","_seopress_robots_index":"","_uag_custom_page_level_css":"","site-sidebar-layout":"default","site-content-layout":"","ast-site-content-layout":"default","site-content-style":"default","site-sidebar-style":"default","ast-global-header-display":"","ast-banner-title-visibility":"","ast-main-header-display":"","ast-hfb-above-header-display":"","ast-hfb-below-header-display":"","ast-hfb-mobile-header-display":"","site-post-title":"","ast-breadcrumbs-content":"","ast-featured-img":"","footer-sml-layout":"","ast-disable-related-posts":"","theme-transparent-header-meta":"default","adv-header-id-meta":"","stick-header-meta":"default","header-above-stick-meta":"","header-main-stick-meta":"","header-below-stick-meta":"","astra-migrate-meta-layouts":"set","ast-page-background-enabled":"default","ast-page-background-meta":{"desktop":{"background-color":"","background-image":"","background-repeat":"repeat","background-position":"center center","background-size":"auto","background-attachment":"scroll","background-type":"","background-media":"","overlay-type":"","overlay-color":"","overlay-opacity":"","overlay-gradient":""},"tablet":{"background-color":"","background-image":"","background-repeat":"repeat","background-position":"center center","background-size":"auto","background-attachment":"scroll","background-type":"","background-media":"","overlay-type":"","overlay-color":"","overlay-opacity":"","overlay-gradient":""},"mobile":{"background-color":"","background-image":"","background-repeat":"repeat","background-position":"center center","background-size":"auto","background-attachment":"scroll","background-type":"","background-media":"","overlay-type":"","overlay-color":"","overlay-opacity":"","overlay-gradient":""}},"ast-content-background-meta":{"desktop":{"background-color":"var(--ast-global-color-5)","background-image":"","background-repeat":"repeat","background-position":"center center","background-size":"auto","background-attachment":"scroll","background-type":"","background-media":"","overlay-type":"","overlay-color":"","overlay-opacity":"","overlay-gradient":""},"tablet":{"background-color":"var(--ast-global-color-5)","background-image":"","background-repeat":"repeat","background-position":"center center","background-size":"auto","background-attachment":"scroll","background-type":"","background-media":"","overlay-type":"","overlay-color":"","overlay-opacity":"","overlay-gradient":""},"mobile":{"background-color":"var(--ast-global-color-5)","background-image":"","background-repeat":"repeat","background-position":"center center","background-size":"auto","background-attachment":"scroll","background-type":"","background-media":"","overlay-type":"","overlay-color":"","overlay-opacity":"","overlay-gradient":""}}},"product_brand":[],"product_cat":[57],"product_tag":[],"class_list":{"0":"post-3521","1":"product","2":"type-product","3":"status-publish","4":"has-post-thumbnail","6":"product_cat-fiberlaser","7":"desktop-align-left","8":"tablet-align-left","9":"mobile-align-left","10":"ast-product-gallery-layout-horizontal-slider","11":"ast-product-gallery-with-no-image","12":"ast-product-tabs-layout-horizontal","14":"first","15":"instock","16":"shipping-taxable","17":"product-type-simple"},"uagb_featured_image_src":{"full":["https:\/\/wisecnclaser.com\/wp-content\/uploads\/2025\/05\/eca2713e226231e5c35e95dc9e6aadee.jpg",800,800,false],"thumbnail":["https:\/\/wisecnclaser.com\/wp-content\/uploads\/2025\/05\/eca2713e226231e5c35e95dc9e6aadee-150x150.jpg",150,150,true],"medium":["https:\/\/wisecnclaser.com\/wp-content\/uploads\/2025\/05\/eca2713e226231e5c35e95dc9e6aadee-300x300.jpg",300,300,true],"medium_large":["https:\/\/wisecnclaser.com\/wp-content\/uploads\/2025\/05\/eca2713e226231e5c35e95dc9e6aadee-768x768.jpg",768,768,true],"large":["https:\/\/wisecnclaser.com\/wp-content\/uploads\/2025\/05\/eca2713e226231e5c35e95dc9e6aadee.jpg",800,800,false],"1536x1536":["https:\/\/wisecnclaser.com\/wp-content\/uploads\/2025\/05\/eca2713e226231e5c35e95dc9e6aadee.jpg",800,800,false],"2048x2048":["https:\/\/wisecnclaser.com\/wp-content\/uploads\/2025\/05\/eca2713e226231e5c35e95dc9e6aadee.jpg",800,800,false],"trp-custom-language-flag":["https:\/\/wisecnclaser.com\/wp-content\/uploads\/2025\/05\/eca2713e226231e5c35e95dc9e6aadee-12x12.jpg",12,12,true],"woocommerce_thumbnail":["https:\/\/wisecnclaser.com\/wp-content\/uploads\/2025\/05\/eca2713e226231e5c35e95dc9e6aadee-300x300.jpg",300,300,true],"woocommerce_single":["https:\/\/wisecnclaser.com\/wp-content\/uploads\/2025\/05\/eca2713e226231e5c35e95dc9e6aadee-600x600.jpg",600,600,true],"woocommerce_gallery_thumbnail":["https:\/\/wisecnclaser.com\/wp-content\/uploads\/2025\/05\/eca2713e226231e5c35e95dc9e6aadee-100x100.jpg",100,100,true]},"uagb_author_info":{"display_name":"jinxing6611@gmail.com","author_link":"https:\/\/wisecnclaser.com\/tr\/author\/"},"uagb_comment_info":0,"uagb_excerpt":"Description of portable fiber laser marking machine: Application of advanced fiber module, high quality output beam, suitable for delicate marking, can control size, depth, and shape accurately. Small size and fast processing speed, low energy consumption, long service life, can engrave all kinds of metal and nonmetal materials.","_links":{"self":[{"href":"https:\/\/wisecnclaser.com\/tr\/wp-json\/wp\/v2\/product\/3521","targetHints":{"allow":["GET"]}}],"collection":[{"href":"https:\/\/wisecnclaser.com\/tr\/wp-json\/wp\/v2\/product"}],"about":[{"href":"https:\/\/wisecnclaser.com\/tr\/wp-json\/wp\/v2\/types\/product"}],"wp:featuredmedia":[{"embeddable":true,"href":"https:\/\/wisecnclaser.com\/tr\/wp-json\/wp\/v2\/media\/3524"}],"wp:attachment":[{"href":"https:\/\/wisecnclaser.com\/tr\/wp-json\/wp\/v2\/media?parent=3521"}],"wp:term":[{"taxonomy":"product_brand","embeddable":true,"href":"https:\/\/wisecnclaser.com\/tr\/wp-json\/wp\/v2\/product_brand?post=3521"},{"taxonomy":"product_cat","embeddable":true,"href":"https:\/\/wisecnclaser.com\/tr\/wp-json\/wp\/v2\/product_cat?post=3521"},{"taxonomy":"product_tag","embeddable":true,"href":"https:\/\/wisecnclaser.com\/tr\/wp-json\/wp\/v2\/product_tag?post=3521"}],"curies":[{"name":"wp","href":"https:\/\/api.w.org\/{rel}","templated":true}]}}