{"id":3529,"date":"2025-05-22T22:53:30","date_gmt":"2025-05-22T22:53:30","guid":{"rendered":"https:\/\/wisecnclaser.com\/?post_type=product&#038;p=3529"},"modified":"2025-05-22T22:53:30","modified_gmt":"2025-05-22T22:53:30","slug":"professional-metal-tube-fiber-laser-cutting-machine","status":"publish","type":"product","link":"https:\/\/wisecnclaser.com\/tr\/urun\/professional-metal-tube-fiber-laser-cutting-machine\/","title":{"rendered":"Profesyonel Metal Boru Fiber Lazer Kesim Makinesi"},"content":{"rendered":"<p>FB6016T, pazar talebi ile birlikte ve toplu boru i\u015fleme son kullan\u0131c\u0131lar\u0131n\u0131 hedefleyen ekonomik ve pratik bir lazer boru kesme makinesidir. Bu tip makineler y\u00fcksek maliyet performans\u0131na sahiptir. 6m makine en fazla 6.5m kesebilir ve kuyruk malzemesi en az 90mm'dir. Boru i\u015fleme i\u015fletmeleri i\u00e7in ideal bir se\u00e7imdir. Konfig\u00fcrasyon se\u00e7iminden montaj s\u00fcrecine, daha sonra e\u011fitime ve sat\u0131\u015f sonras\u0131 hizmete kadar makine, m\u00fc\u015fterilerin kar\u015f\u0131layabilece\u011fi bir lazer t\u00fcp kesme makinesi olu\u015fturmak i\u00e7in!<\/p>\n<p><strong>Uygulanabilir malzemeler ve end\u00fcstri:<\/strong><\/p>\n<p>Paslanmaz \u00e7elik, karbon \u00e7eli\u011fi ve di\u011fer baz\u0131 metal malzemeler i\u00e7in hassas kesim i\u00e7in uygundur, havac\u0131l\u0131k teknolojisi, roket, u\u00e7ak, robot, asans\u00f6r, buharl\u0131 gemi ve otomobil \u00fcretimi ve metal plaka, reklam, mutfak gere\u00e7leri, bit aleti, donan\u0131m vb. i\u00e7in metal par\u00e7a i\u015fleme end\u00fcstrisi i\u00e7in ge\u00e7erlidir.<\/p>\n<table border=\"1\" width=\"662\">\n<tbody>\n<tr class=\"firstRow\">\n<td colspan=\"2\" valign=\"center\" width=\"662\"><strong>Fiber Lazer Metal Boru Kesme Makinesinin Tan\u0131m\u0131 ve \u00d6zellikleri:<\/strong><\/td>\n<\/tr>\n<tr>\n<td valign=\"top\" width=\"224\">Model<\/td>\n<td valign=\"top\" width=\"438\">FB6016T<\/td>\n<\/tr>\n<tr>\n<td valign=\"center\" width=\"224\">\u00c7al\u0131\u015fma boyutu<\/td>\n<td valign=\"center\" width=\"438\">Yuvarlak boru \u03c620-\u03c6160, kare boru yan uzunlu\u011fu \u2264 100<\/p>\n<p>Kare borunun yan uzunlu\u011fu \u2264 100, boru uzunlu\u011fu \u2264 6000<\/td>\n<\/tr>\n<tr>\n<td valign=\"center\" width=\"224\">X ekseni \u00e7al\u0131\u015fma boyutu<\/td>\n<td valign=\"center\" width=\"438\">160 mm<\/td>\n<\/tr>\n<tr>\n<td valign=\"center\" width=\"224\">Y ekseni \u00e7al\u0131\u015fma boyutu<\/td>\n<td valign=\"center\" width=\"438\">6000mm<\/td>\n<\/tr>\n<tr>\n<td valign=\"center\" width=\"224\">Z ekseni \u00e7al\u0131\u015fma boyutu<\/td>\n<td valign=\"center\" width=\"438\">120 mm<\/td>\n<\/tr>\n<tr>\n<td valign=\"center\" width=\"224\">Yeniden konumland\u0131rma hassasiyeti<\/td>\n<td valign=\"center\" width=\"438\">+\/0.03mm<\/td>\n<\/tr>\n<tr>\n<td valign=\"center\" width=\"224\">Konumland\u0131rma hassasiyeti<\/td>\n<td valign=\"center\" width=\"438\">+\/-0,05 mm<\/td>\n<\/tr>\n<tr>\n<td valign=\"center\" width=\"224\">H\u0131zlanma<\/td>\n<td valign=\"center\" width=\"438\">1GB m\/s\u00b2<\/td>\n<\/tr>\n<tr>\n<td valign=\"center\" width=\"224\">X Y Ekseni Maksimum \u00e7al\u0131\u015fma h\u0131z\u0131<\/td>\n<td valign=\"center\" width=\"438\">70 m\/dak<\/td>\n<\/tr>\n<tr>\n<td valign=\"center\" width=\"224\">Aynan\u0131n maksimum h\u0131z\u0131<\/td>\n<td valign=\"center\" width=\"438\">100 dev\/dak<\/td>\n<\/tr>\n<tr>\n<td valign=\"center\" width=\"224\">Kuyruk malzemesi uzunlu\u011fu<\/td>\n<td valign=\"center\" width=\"438\">\u226590mm \uff08\u00f6zel boruya g\u00f6re biraz farkl\u0131d\u0131r)<\/td>\n<\/tr>\n<tr>\n<td valign=\"center\" width=\"224\">Makine genel boyutu<\/td>\n<td valign=\"center\" width=\"438\">8900\u00d71350\u00d71750mm mm<\/td>\n<\/tr>\n<tr>\n<td valign=\"center\" width=\"224\">Lazer g\u00fcc\u00fc<\/td>\n<td valign=\"center\" width=\"438\">1kw 1,5kw 2kw 3kw 4kw 6kw<\/td>\n<\/tr>\n<tr>\n<td valign=\"center\" width=\"224\">Kontrol sistemi<\/td>\n<td valign=\"center\" width=\"438\">Cyptube<\/td>\n<\/tr>\n<tr>\n<td valign=\"center\" width=\"224\">T\u00fcm makine g\u00fcc\u00fc<\/td>\n<td valign=\"center\" width=\"438\">14kw<\/td>\n<\/tr>\n<tr>\n<td valign=\"center\" width=\"224\">\u00c7al\u0131\u015fma g\u00fcc\u00fc<\/td>\n<td valign=\"center\" width=\"438\">AC380V 3 faz 50HZ<\/td>\n<\/tr>\n<tr>\n<td valign=\"center\" width=\"224\">Garanti<\/td>\n<td valign=\"center\" width=\"438\">2 Y\u0131l<\/td>\n<\/tr>\n<\/tbody>\n<\/table>\n<p><strong>Uygulama:<\/strong><\/p>\n<p>Bir\u00e7ok \u00e7e\u015fit metal levha ve boruyu kesebilir (boru kesme art\u0131 boru kesme cihaz\u0131 kullan\u0131labilir). Esas olarak paslanmaz \u00e7elik, karbon \u00e7eli\u011fi, galvanizli \u00e7elik, elektrolitik levha, pirin\u00e7 levha, al\u00fcminyum levha, manganez \u00e7elik, \u00e7e\u015fitli ala\u015f\u0131ml\u0131 levhalar, nadir metaller ve di\u011fer malzemelerin h\u0131zl\u0131 kesimi i\u00e7in uygundur.<\/p>\n<p>Entegre sac ve boruya sahip fiber optik lazer kesim makinesi, metal sac ve metal boruyu kesebilir. 50%'den fazla alan tasarrufu sa\u011flar ve daha y\u00fcksek \u00fcretim verimlili\u011fi getirir.<\/p>\n<p>&nbsp;<\/p>","protected":false},"excerpt":{"rendered":"<p>FB6016T, pazar talebi ile birlikte ve toplu boru i\u015fleme son kullan\u0131c\u0131lar\u0131n\u0131 hedefleyen ekonomik ve pratik bir lazer boru kesme makinesidir. Bu tip makineler y\u00fcksek maliyet performans\u0131na sahiptir. 6m makine en fazla 6.5m kesebilir ve kuyruk malzemesi en az 90mm'dir. Boru i\u015fleme i\u015fletmeleri i\u00e7in ideal bir se\u00e7imdir. Konfig\u00fcrasyon se\u00e7iminden montaj s\u00fcrecine, daha sonra e\u011fitime ve sat\u0131\u015f sonras\u0131 hizmete kadar makine, m\u00fc\u015fterilerin kar\u015f\u0131layabilece\u011fi bir lazer t\u00fcp kesme makinesi olu\u015fturmak i\u00e7in!<\/p>","protected":false},"featured_media":3532,"template":"","meta":{"_seopress_robots_primary_cat":"","_seopress_titles_title":"","_seopress_titles_desc":"","_seopress_robots_index":"","_uag_custom_page_level_css":"","site-sidebar-layout":"default","site-content-layout":"","ast-site-content-layout":"default","site-content-style":"default","site-sidebar-style":"default","ast-global-header-display":"","ast-banner-title-visibility":"","ast-main-header-display":"","ast-hfb-above-header-display":"","ast-hfb-below-header-display":"","ast-hfb-mobile-header-display":"","site-post-title":"","ast-breadcrumbs-content":"","ast-featured-img":"","footer-sml-layout":"","ast-disable-related-posts":"","theme-transparent-header-meta":"default","adv-header-id-meta":"","stick-header-meta":"default","header-above-stick-meta":"","header-main-stick-meta":"","header-below-stick-meta":"","astra-migrate-meta-layouts":"set","ast-page-background-enabled":"default","ast-page-background-meta":{"desktop":{"background-color":"","background-image":"","background-repeat":"repeat","background-position":"center center","background-size":"auto","background-attachment":"scroll","background-type":"","background-media":"","overlay-type":"","overlay-color":"","overlay-opacity":"","overlay-gradient":""},"tablet":{"background-color":"","background-image":"","background-repeat":"repeat","background-position":"center center","background-size":"auto","background-attachment":"scroll","background-type":"","background-media":"","overlay-type":"","overlay-color":"","overlay-opacity":"","overlay-gradient":""},"mobile":{"background-color":"","background-image":"","background-repeat":"repeat","background-position":"center center","background-size":"auto","background-attachment":"scroll","background-type":"","background-media":"","overlay-type":"","overlay-color":"","overlay-opacity":"","overlay-gradient":""}},"ast-content-background-meta":{"desktop":{"background-color":"var(--ast-global-color-5)","background-image":"","background-repeat":"repeat","background-position":"center center","background-size":"auto","background-attachment":"scroll","background-type":"","background-media":"","overlay-type":"","overlay-color":"","overlay-opacity":"","overlay-gradient":""},"tablet":{"background-color":"var(--ast-global-color-5)","background-image":"","background-repeat":"repeat","background-position":"center center","background-size":"auto","background-attachment":"scroll","background-type":"","background-media":"","overlay-type":"","overlay-color":"","overlay-opacity":"","overlay-gradient":""},"mobile":{"background-color":"var(--ast-global-color-5)","background-image":"","background-repeat":"repeat","background-position":"center center","background-size":"auto","background-attachment":"scroll","background-type":"","background-media":"","overlay-type":"","overlay-color":"","overlay-opacity":"","overlay-gradient":""}}},"product_brand":[],"product_cat":[57],"product_tag":[],"class_list":{"0":"post-3529","1":"product","2":"type-product","3":"status-publish","4":"has-post-thumbnail","6":"product_cat-fiberlaser","7":"desktop-align-left","8":"tablet-align-left","9":"mobile-align-left","10":"ast-product-gallery-layout-horizontal-slider","11":"ast-product-gallery-with-no-image","12":"ast-product-tabs-layout-horizontal","14":"first","15":"instock","16":"shipping-taxable","17":"product-type-simple"},"uagb_featured_image_src":{"full":["https:\/\/wisecnclaser.com\/wp-content\/uploads\/2025\/05\/5562c8250b37843652e09f29cb34aaf2.jpg",800,800,false],"thumbnail":["https:\/\/wisecnclaser.com\/wp-content\/uploads\/2025\/05\/5562c8250b37843652e09f29cb34aaf2-150x150.jpg",150,150,true],"medium":["https:\/\/wisecnclaser.com\/wp-content\/uploads\/2025\/05\/5562c8250b37843652e09f29cb34aaf2-300x300.jpg",300,300,true],"medium_large":["https:\/\/wisecnclaser.com\/wp-content\/uploads\/2025\/05\/5562c8250b37843652e09f29cb34aaf2-768x768.jpg",768,768,true],"large":["https:\/\/wisecnclaser.com\/wp-content\/uploads\/2025\/05\/5562c8250b37843652e09f29cb34aaf2.jpg",800,800,false],"1536x1536":["https:\/\/wisecnclaser.com\/wp-content\/uploads\/2025\/05\/5562c8250b37843652e09f29cb34aaf2.jpg",800,800,false],"2048x2048":["https:\/\/wisecnclaser.com\/wp-content\/uploads\/2025\/05\/5562c8250b37843652e09f29cb34aaf2.jpg",800,800,false],"trp-custom-language-flag":["https:\/\/wisecnclaser.com\/wp-content\/uploads\/2025\/05\/5562c8250b37843652e09f29cb34aaf2-12x12.jpg",12,12,true],"woocommerce_thumbnail":["https:\/\/wisecnclaser.com\/wp-content\/uploads\/2025\/05\/5562c8250b37843652e09f29cb34aaf2-300x300.jpg",300,300,true],"woocommerce_single":["https:\/\/wisecnclaser.com\/wp-content\/uploads\/2025\/05\/5562c8250b37843652e09f29cb34aaf2-600x600.jpg",600,600,true],"woocommerce_gallery_thumbnail":["https:\/\/wisecnclaser.com\/wp-content\/uploads\/2025\/05\/5562c8250b37843652e09f29cb34aaf2-100x100.jpg",100,100,true]},"uagb_author_info":{"display_name":"jinxing6611@gmail.com","author_link":"https:\/\/wisecnclaser.com\/tr\/author\/"},"uagb_comment_info":0,"uagb_excerpt":"FB6016T is an economical and practical laser pipe cutting machine in combination with the market demand and aiming at the end users of batch pipe processing. This type of machine has high cost performance. The 6m machine can cut 6.5m at most, and the tail material is 90mm at least. It is an ideal choice&hellip;","_links":{"self":[{"href":"https:\/\/wisecnclaser.com\/tr\/wp-json\/wp\/v2\/product\/3529","targetHints":{"allow":["GET"]}}],"collection":[{"href":"https:\/\/wisecnclaser.com\/tr\/wp-json\/wp\/v2\/product"}],"about":[{"href":"https:\/\/wisecnclaser.com\/tr\/wp-json\/wp\/v2\/types\/product"}],"wp:featuredmedia":[{"embeddable":true,"href":"https:\/\/wisecnclaser.com\/tr\/wp-json\/wp\/v2\/media\/3532"}],"wp:attachment":[{"href":"https:\/\/wisecnclaser.com\/tr\/wp-json\/wp\/v2\/media?parent=3529"}],"wp:term":[{"taxonomy":"product_brand","embeddable":true,"href":"https:\/\/wisecnclaser.com\/tr\/wp-json\/wp\/v2\/product_brand?post=3529"},{"taxonomy":"product_cat","embeddable":true,"href":"https:\/\/wisecnclaser.com\/tr\/wp-json\/wp\/v2\/product_cat?post=3529"},{"taxonomy":"product_tag","embeddable":true,"href":"https:\/\/wisecnclaser.com\/tr\/wp-json\/wp\/v2\/product_tag?post=3529"}],"curies":[{"name":"wp","href":"https:\/\/api.w.org\/{rel}","templated":true}]}}